{"id":9827,"date":"2021-12-22T12:12:04","date_gmt":"2021-12-22T10:12:04","guid":{"rendered":"https:\/\/jobandsense.be\/?page_id=9827"},"modified":"2021-12-22T12:47:42","modified_gmt":"2021-12-22T10:47:42","slug":"gelijkwaardigheid-van-diplomas","status":"publish","type":"page","link":"https:\/\/jobandsense.be\/nl\/toolbox\/zich-opleiden\/gelijkwaardigheid-van-diplomas\/","title":{"rendered":"Diplomagelijkwaardigheid"},"content":{"rendered":"<div data-elementor-type=\"wp-page\" data-elementor-id=\"9827\" class=\"elementor elementor-9827\" data-elementor-post-type=\"page\">\n\t\t\t\t\t\t<section class=\"elementor-section elementor-top-section elementor-element elementor-element-65b50737 elementor-section-boxed elementor-section-height-default elementor-section-height-default\" data-id=\"65b50737\" data-element_type=\"section\" data-e-type=\"section\">\n\t\t\t\t\t\t<div class=\"elementor-container elementor-column-gap-default\">\n\t\t\t\t\t<div class=\"elementor-column elementor-col-100 elementor-top-column elementor-element elementor-element-12b0223\" data-id=\"12b0223\" data-element_type=\"column\" data-e-type=\"column\">\n\t\t\t<div class=\"elementor-widget-wrap elementor-element-populated\">\n\t\t\t\t\t\t<div class=\"elementor-element elementor-element-51048dcd elementor-widget elementor-widget-text-editor\" data-id=\"51048dcd\" data-element_type=\"widget\" data-e-type=\"widget\" data-widget_type=\"text-editor.default\">\n\t\t\t\t<div class=\"elementor-widget-container\">\n\t\t\t\t\t\t\t\t\t<p><\/p>\n<p>Hebt u in het buitenland gestudeerd en wilt u uw diploma laten erkennen in het Belgische systeem? U kunt een gelijkwaardigheid van diploma aanvragen.<\/p>\n<p>Verschillende organisaties zijn er om u te helpen.<\/p>\n<p>In <strong>Brussel <\/strong>U kunt een kijkje nemen op de website <span style=\"text-decoration: underline;\"><a href=\"https:\/\/www.mondiplome.be\/\" target=\"_blank\" rel=\"noopener\">mondiplome.be<\/a><\/span> opgericht door de vzw Cir\u00e9, Actiris en bon.\u00a0<\/p>\n<p>In <strong>Walloni\u00eb <\/strong>Dit wordt georganiseerd door de regionale integratiecentra (CRI). Er zijn er verschillende. U kunt de lijst terugvinden op de website <span style=\"text-decoration: underline;\"><a href=\"https:\/\/parcoursintegration.be\/fr\/page-contact\/\" target=\"_blank\" rel=\"noopener\">parcoursintegration.be<\/a>.<\/span><\/p>\n<p>In <strong>Vlaanderen <\/strong>Het is<span style=\"text-decoration: underline;\"><a href=\"https:\/\/www.integratie-inburgering.be\/\" target=\"_blank\" rel=\"noopener\">Agentschap Integratie-Inburgering<\/a><\/span> dat belast is met de integratie van nieuwkomers in de Vlaamse Gemeenschap.\u00a0<\/p>\n<p>U kunt ook contact opnemen met Actiris, de Forem en de VDAB voor al deze vragen.\u00a0<\/p>\n<p><\/p>\t\t\t\t\t\t\t\t<\/div>\n\t\t\t\t<\/div>\n\t\t\t\t\t<\/div>\n\t\t<\/div>\n\t\t\t\t\t<\/div>\n\t\t<\/section>\n\t\t\t\t<\/div>","protected":false},"excerpt":{"rendered":"<p>Vous avez fait des \u00e9tudes \u00e0 l&rsquo;\u00e9tranger et vous voulez faire reconna\u00eetre votre dipl\u00f4me dans le syst\u00e8me belge ? Vous pouvez demander une \u00e9quivalence de dipl\u00f4me. Plusieurs associations sont l\u00e0 pour vous aider. A Bruxelles : Vous pouvez aller jeter un oeil sur le site mondiplome.be r\u00e9alis\u00e9 par l&rsquo;asbl Cir\u00e9, Actiris et bon.\u00a0 En Wallonie&#8230;<\/p>","protected":false},"author":1,"featured_media":9828,"parent":2722,"menu_order":9,"comment_status":"closed","ping_status":"closed","template":"","meta":{"_acf_changed":false,"episode_type":"","audio_file":"","cover_image":"","cover_image_id":"","duration":"","filesize":"","filesize_raw":"","date_recorded":"","explicit":"","block":"","footnotes":""},"class_list":["post-9827","page","type-page","status-publish","has-post-thumbnail","hentry","wpbf-post"],"acf":[],"yoast_head":"<!-- This site is optimized with the Yoast SEO plugin v26.8 - https:\/\/yoast.com\/product\/yoast-seo-wordpress\/ -->\n<title>Equivalence de dipl\u00f4me &#8226; Job&amp;Sense<\/title>\n<meta name=\"description\" content=\"Vous avez fait des \u00e9tudes \u00e0 l&#039;\u00e9tranger et vous voulez faire reconna\u00eetre votre dipl\u00f4me dans le syst\u00e8me belge ? Vous pouvez demander une \u00e9quivalence de\" \/>\n<meta name=\"robots\" content=\"index, follow, max-snippet:-1, max-image-preview:large, max-video-preview:-1\" \/>\n<link rel=\"canonical\" href=\"https:\/\/jobandsense.be\/nl\/toolbox\/zich-opleiden\/gelijkwaardigheid-van-diplomas\/\" \/>\n<meta property=\"og:locale\" content=\"nl_BE\" \/>\n<meta property=\"og:type\" content=\"article\" \/>\n<meta property=\"og:title\" content=\"Equivalence de dipl\u00f4me &#8226; Job&amp;Sense\" \/>\n<meta property=\"og:description\" content=\"Vous avez fait des \u00e9tudes \u00e0 l&#039;\u00e9tranger et vous voulez faire reconna\u00eetre votre dipl\u00f4me dans le syst\u00e8me belge ? Vous pouvez demander une \u00e9quivalence de\" \/>\n<meta property=\"og:url\" content=\"https:\/\/jobandsense.be\/nl\/toolbox\/zich-opleiden\/gelijkwaardigheid-van-diplomas\/\" \/>\n<meta property=\"og:site_name\" content=\"Job&amp;Sense\" \/>\n<meta property=\"article:publisher\" content=\"https:\/\/www.facebook.com\/JobandSense\" \/>\n<meta property=\"article:modified_time\" content=\"2021-12-22T10:47:42+00:00\" \/>\n<meta property=\"og:image\" content=\"https:\/\/jobandsense.be\/wp-content\/uploads\/2021\/12\/graduation-cap-g09c041bc2_1920.jpg\" \/>\n\t<meta property=\"og:image:width\" content=\"1920\" \/>\n\t<meta property=\"og:image:height\" content=\"1280\" \/>\n\t<meta property=\"og:image:type\" content=\"image\/jpeg\" \/>\n<meta name=\"twitter:card\" content=\"summary_large_image\" \/>\n<meta name=\"twitter:label1\" content=\"Geschatte leestijd\" \/>\n\t<meta name=\"twitter:data1\" content=\"1 minuut\" \/>\n<script type=\"application\/ld+json\" class=\"yoast-schema-graph\">{\"@context\":\"https:\/\/schema.org\",\"@graph\":[{\"@type\":\"WebPage\",\"@id\":\"https:\/\/jobandsense.be\/boite-a-outils\/se-former\/equivalence-de-diplome\/\",\"url\":\"https:\/\/jobandsense.be\/boite-a-outils\/se-former\/equivalence-de-diplome\/\",\"name\":\"Equivalence de dipl\u00f4me &#8226; Job&amp;Sense\",\"isPartOf\":{\"@id\":\"https:\/\/jobandsense.be\/#website\"},\"primaryImageOfPage\":{\"@id\":\"https:\/\/jobandsense.be\/boite-a-outils\/se-former\/equivalence-de-diplome\/#primaryimage\"},\"image\":{\"@id\":\"https:\/\/jobandsense.be\/boite-a-outils\/se-former\/equivalence-de-diplome\/#primaryimage\"},\"thumbnailUrl\":\"https:\/\/jobandsense.be\/wp-content\/uploads\/2021\/12\/graduation-cap-g09c041bc2_1920.jpg\",\"datePublished\":\"2021-12-22T10:12:04+00:00\",\"dateModified\":\"2021-12-22T10:47:42+00:00\",\"description\":\"Vous avez fait des \u00e9tudes \u00e0 l'\u00e9tranger et vous voulez faire reconna\u00eetre votre dipl\u00f4me dans le syst\u00e8me belge ? Vous pouvez demander une \u00e9quivalence de\",\"breadcrumb\":{\"@id\":\"https:\/\/jobandsense.be\/boite-a-outils\/se-former\/equivalence-de-diplome\/#breadcrumb\"},\"inLanguage\":\"nl-BE\",\"potentialAction\":[{\"@type\":\"ReadAction\",\"target\":[\"https:\/\/jobandsense.be\/boite-a-outils\/se-former\/equivalence-de-diplome\/\"]}]},{\"@type\":\"ImageObject\",\"inLanguage\":\"nl-BE\",\"@id\":\"https:\/\/jobandsense.be\/boite-a-outils\/se-former\/equivalence-de-diplome\/#primaryimage\",\"url\":\"https:\/\/jobandsense.be\/wp-content\/uploads\/2021\/12\/graduation-cap-g09c041bc2_1920.jpg\",\"contentUrl\":\"https:\/\/jobandsense.be\/wp-content\/uploads\/2021\/12\/graduation-cap-g09c041bc2_1920.jpg\",\"width\":1920,\"height\":1280},{\"@type\":\"BreadcrumbList\",\"@id\":\"https:\/\/jobandsense.be\/boite-a-outils\/se-former\/equivalence-de-diplome\/#breadcrumb\",\"itemListElement\":[{\"@type\":\"ListItem\",\"position\":1,\"name\":\"Accueil\",\"item\":\"https:\/\/jobandsense.be\/\"},{\"@type\":\"ListItem\",\"position\":2,\"name\":\"Bo\u00eete \u00e0 outils\",\"item\":\"https:\/\/jobandsense.be\/boite-a-outils\/\"},{\"@type\":\"ListItem\",\"position\":3,\"name\":\"Se former\",\"item\":\"https:\/\/jobandsense.be\/boite-a-outils\/se-former\/\"},{\"@type\":\"ListItem\",\"position\":4,\"name\":\"Equivalence de dipl\u00f4me\"}]},{\"@type\":\"WebSite\",\"@id\":\"https:\/\/jobandsense.be\/#website\",\"url\":\"https:\/\/jobandsense.be\/\",\"name\":\"Job&amp;Sense\",\"description\":\"La plateforme qui vous donne toutes les informations pour trouver un job qui a du sens\",\"publisher\":{\"@id\":\"https:\/\/jobandsense.be\/#organization\"},\"potentialAction\":[{\"@type\":\"SearchAction\",\"target\":{\"@type\":\"EntryPoint\",\"urlTemplate\":\"https:\/\/jobandsense.be\/?s={search_term_string}\"},\"query-input\":{\"@type\":\"PropertyValueSpecification\",\"valueRequired\":true,\"valueName\":\"search_term_string\"}}],\"inLanguage\":\"nl-BE\"},{\"@type\":\"Organization\",\"@id\":\"https:\/\/jobandsense.be\/#organization\",\"name\":\"Job&Sense\",\"url\":\"https:\/\/jobandsense.be\/\",\"logo\":{\"@type\":\"ImageObject\",\"inLanguage\":\"nl-BE\",\"@id\":\"https:\/\/jobandsense.be\/#\/schema\/logo\/image\/\",\"url\":\"\",\"contentUrl\":\"\",\"caption\":\"Job&Sense\"},\"image\":{\"@id\":\"https:\/\/jobandsense.be\/#\/schema\/logo\/image\/\"},\"sameAs\":[\"https:\/\/www.facebook.com\/JobandSense\",\"https:\/\/www.instagram.com\/jobandsense\/\",\"https:\/\/www.linkedin.com\/company\/52173671\/admin\/\"]}]}<\/script>\n<!-- \/ Yoast SEO plugin. -->","yoast_head_json":{"title":"Equivalence de dipl\u00f4me &#8226; Job&amp;Sense","description":"Vous avez fait des \u00e9tudes \u00e0 l'\u00e9tranger et vous voulez faire reconna\u00eetre votre dipl\u00f4me dans le syst\u00e8me belge ? Vous pouvez demander une \u00e9quivalence de","robots":{"index":"index","follow":"follow","max-snippet":"max-snippet:-1","max-image-preview":"max-image-preview:large","max-video-preview":"max-video-preview:-1"},"canonical":"https:\/\/jobandsense.be\/nl\/toolbox\/zich-opleiden\/gelijkwaardigheid-van-diplomas\/","og_locale":"nl_BE","og_type":"article","og_title":"Equivalence de dipl\u00f4me &#8226; Job&amp;Sense","og_description":"Vous avez fait des \u00e9tudes \u00e0 l'\u00e9tranger et vous voulez faire reconna\u00eetre votre dipl\u00f4me dans le syst\u00e8me belge ? Vous pouvez demander une \u00e9quivalence de","og_url":"https:\/\/jobandsense.be\/nl\/toolbox\/zich-opleiden\/gelijkwaardigheid-van-diplomas\/","og_site_name":"Job&amp;Sense","article_publisher":"https:\/\/www.facebook.com\/JobandSense","article_modified_time":"2021-12-22T10:47:42+00:00","og_image":[{"width":1920,"height":1280,"url":"https:\/\/jobandsense.be\/wp-content\/uploads\/2021\/12\/graduation-cap-g09c041bc2_1920.jpg","type":"image\/jpeg"}],"twitter_card":"summary_large_image","twitter_misc":{"Geschatte leestijd":"1 minuut"},"schema":{"@context":"https:\/\/schema.org","@graph":[{"@type":"WebPage","@id":"https:\/\/jobandsense.be\/boite-a-outils\/se-former\/equivalence-de-diplome\/","url":"https:\/\/jobandsense.be\/boite-a-outils\/se-former\/equivalence-de-diplome\/","name":"Equivalence de dipl\u00f4me &#8226; Job&amp;Sense","isPartOf":{"@id":"https:\/\/jobandsense.be\/#website"},"primaryImageOfPage":{"@id":"https:\/\/jobandsense.be\/boite-a-outils\/se-former\/equivalence-de-diplome\/#primaryimage"},"image":{"@id":"https:\/\/jobandsense.be\/boite-a-outils\/se-former\/equivalence-de-diplome\/#primaryimage"},"thumbnailUrl":"https:\/\/jobandsense.be\/wp-content\/uploads\/2021\/12\/graduation-cap-g09c041bc2_1920.jpg","datePublished":"2021-12-22T10:12:04+00:00","dateModified":"2021-12-22T10:47:42+00:00","description":"Vous avez fait des \u00e9tudes \u00e0 l'\u00e9tranger et vous voulez faire reconna\u00eetre votre dipl\u00f4me dans le syst\u00e8me belge ? Vous pouvez demander une \u00e9quivalence de","breadcrumb":{"@id":"https:\/\/jobandsense.be\/boite-a-outils\/se-former\/equivalence-de-diplome\/#breadcrumb"},"inLanguage":"nl-BE","potentialAction":[{"@type":"ReadAction","target":["https:\/\/jobandsense.be\/boite-a-outils\/se-former\/equivalence-de-diplome\/"]}]},{"@type":"ImageObject","inLanguage":"nl-BE","@id":"https:\/\/jobandsense.be\/boite-a-outils\/se-former\/equivalence-de-diplome\/#primaryimage","url":"https:\/\/jobandsense.be\/wp-content\/uploads\/2021\/12\/graduation-cap-g09c041bc2_1920.jpg","contentUrl":"https:\/\/jobandsense.be\/wp-content\/uploads\/2021\/12\/graduation-cap-g09c041bc2_1920.jpg","width":1920,"height":1280},{"@type":"BreadcrumbList","@id":"https:\/\/jobandsense.be\/boite-a-outils\/se-former\/equivalence-de-diplome\/#breadcrumb","itemListElement":[{"@type":"ListItem","position":1,"name":"Accueil","item":"https:\/\/jobandsense.be\/"},{"@type":"ListItem","position":2,"name":"Bo\u00eete \u00e0 outils","item":"https:\/\/jobandsense.be\/boite-a-outils\/"},{"@type":"ListItem","position":3,"name":"Se former","item":"https:\/\/jobandsense.be\/boite-a-outils\/se-former\/"},{"@type":"ListItem","position":4,"name":"Equivalence de dipl\u00f4me"}]},{"@type":"WebSite","@id":"https:\/\/jobandsense.be\/#website","url":"https:\/\/jobandsense.be\/","name":"Job&amp;Sense","description":"La plateforme qui vous donne toutes les informations pour trouver un job qui a du sens","publisher":{"@id":"https:\/\/jobandsense.be\/#organization"},"potentialAction":[{"@type":"SearchAction","target":{"@type":"EntryPoint","urlTemplate":"https:\/\/jobandsense.be\/?s={search_term_string}"},"query-input":{"@type":"PropertyValueSpecification","valueRequired":true,"valueName":"search_term_string"}}],"inLanguage":"nl-BE"},{"@type":"Organization","@id":"https:\/\/jobandsense.be\/#organization","name":"Job&Sense","url":"https:\/\/jobandsense.be\/","logo":{"@type":"ImageObject","inLanguage":"nl-BE","@id":"https:\/\/jobandsense.be\/#\/schema\/logo\/image\/","url":"","contentUrl":"","caption":"Job&Sense"},"image":{"@id":"https:\/\/jobandsense.be\/#\/schema\/logo\/image\/"},"sameAs":["https:\/\/www.facebook.com\/JobandSense","https:\/\/www.instagram.com\/jobandsense\/","https:\/\/www.linkedin.com\/company\/52173671\/admin\/"]}]}},"jetpack_sharing_enabled":true,"_links":{"self":[{"href":"https:\/\/jobandsense.be\/nl\/wp-json\/wp\/v2\/pages\/9827","targetHints":{"allow":["GET"]}}],"collection":[{"href":"https:\/\/jobandsense.be\/nl\/wp-json\/wp\/v2\/pages"}],"about":[{"href":"https:\/\/jobandsense.be\/nl\/wp-json\/wp\/v2\/types\/page"}],"author":[{"embeddable":true,"href":"https:\/\/jobandsense.be\/nl\/wp-json\/wp\/v2\/users\/1"}],"replies":[{"embeddable":true,"href":"https:\/\/jobandsense.be\/nl\/wp-json\/wp\/v2\/comments?post=9827"}],"version-history":[{"count":13,"href":"https:\/\/jobandsense.be\/nl\/wp-json\/wp\/v2\/pages\/9827\/revisions"}],"predecessor-version":[{"id":9845,"href":"https:\/\/jobandsense.be\/nl\/wp-json\/wp\/v2\/pages\/9827\/revisions\/9845"}],"up":[{"embeddable":true,"href":"https:\/\/jobandsense.be\/nl\/wp-json\/wp\/v2\/pages\/2722"}],"wp:featuredmedia":[{"embeddable":true,"href":"https:\/\/jobandsense.be\/nl\/wp-json\/wp\/v2\/media\/9828"}],"wp:attachment":[{"href":"https:\/\/jobandsense.be\/nl\/wp-json\/wp\/v2\/media?parent=9827"}],"curies":[{"name":"wp","href":"https:\/\/api.w.org\/{rel}","templated":true}]}}