{"id":9726,"date":"2021-12-16T16:25:36","date_gmt":"2021-12-16T14:25:36","guid":{"rendered":"https:\/\/jobandsense.be\/?page_id=9726"},"modified":"2026-03-18T12:11:28","modified_gmt":"2026-03-18T10:11:28","slug":"zin-om-deel-te-nemen-aan-de-ecologische-transitie","status":"publish","type":"page","link":"https:\/\/jobandsense.be\/nl\/toolbox\/zich-opleiden\/zin-om-deel-te-nemen-aan-de-ecologische-transitie\/","title":{"rendered":"Zin om bij te dragen aan de ecologische transitie?"},"content":{"rendered":"<div data-elementor-type=\"wp-page\" data-elementor-id=\"9726\" class=\"elementor elementor-9726\" data-elementor-post-type=\"page\">\n\t\t\t\t\t\t<section class=\"elementor-section elementor-top-section elementor-element elementor-element-348de3ed elementor-section-boxed elementor-section-height-default elementor-section-height-default\" data-id=\"348de3ed\" data-element_type=\"section\" data-e-type=\"section\">\n\t\t\t\t\t\t<div class=\"elementor-container elementor-column-gap-default\">\n\t\t\t\t\t<div class=\"elementor-column elementor-col-100 elementor-top-column elementor-element elementor-element-29632ec2\" data-id=\"29632ec2\" data-element_type=\"column\" data-e-type=\"column\">\n\t\t\t<div class=\"elementor-widget-wrap elementor-element-populated\">\n\t\t\t\t\t\t<div class=\"elementor-element elementor-element-46ed638e elementor-widget elementor-widget-text-editor\" data-id=\"46ed638e\" data-element_type=\"widget\" data-e-type=\"widget\" data-widget_type=\"text-editor.default\">\n\t\t\t\t<div class=\"elementor-widget-container\">\n\t\t\t\t\t\t\t\t\t<p data-start=\"276\" data-end=\"395\">Weet je dat je een positieve impact op de wereld wilt hebben, maar weet je niet goed welke richting je uit moet?<\/p>\n<p data-start=\"397\" data-end=\"483\">Hier <strong data-start=\"403\" data-end=\"438\">zijn 4 gratis online cursussen<\/strong> die je kunnen helpen om meer duidelijkheid te krijgen:<\/p>\n<h3 data-start=\"490\" data-end=\"558\"><strong data-start=\"494\" data-end=\"556\">1. <span style=\"text-decoration: underline;\"><a href=\"https:\/\/www.ticketforchange.org\/mooc\" target=\"_blank\" rel=\"noopener\">Ticket for Change \u2013 Parcours Entrepreneur du Changement<\/a><\/span> (in het frans)<\/strong><\/h3>\n<p data-start=\"559\" data-end=\"813\">Een inspirerende introductie tot sociale innovatie en hoe je van intentie naar actie gaat.<br data-start=\"675\" data-end=\"678\" \/>De cursus helpt je om je drijfveren te verhelderen, je mogelijke bijdrage te begrijpen en inspiratie te vinden bij mensen die al actief zijn in de maatschappelijke transitie.<\/p>\n<h3 data-start=\"559\" data-end=\"813\"><strong data-start=\"824\" data-end=\"892\">2. <span style=\"text-decoration: underline;\"><a href=\"https:\/\/www.edx.org\/course\/fondements-de-leconomie-sociale-et-solidaire\" target=\"_blank\" rel=\"noopener\">Les fondements de l\u2019\u00e9conomie sociale et solidaire<\/a><\/span> \u2013 UCLouvain (in het frans)<\/strong><\/h3>\n<p data-start=\"895\" data-end=\"1152\">Deze MOOC geeft je inzicht in de kernbegrippen van de sociale economie, zodat je zelf een actieve speler kunt worden in de ecologische en sociale transitie.<br data-start=\"1024\" data-end=\"1027\" \/>Je ontdekt hoe sociale en solidaire organisaties de economie vernieuwen en maatschappelijke uitdagingen aanpakken.<\/p>\n<h3 data-start=\"1159\" data-end=\"1232\"><strong data-start=\"1163\" data-end=\"1230\">3. <a href=\"https:\/\/www.itcilo.org\/courses\/mooc-social-and-solidarity-economy\" target=\"_blank\" rel=\"noopener\"><span style=\"text-decoration: underline;\">MOOC on Social and Solidarity Economy<\/span><\/a> \u2013 ITC-ILO (in engels)<\/strong><\/h3>\n<p data-start=\"1233\" data-end=\"1357\">Een internationale cursus van het Opleidingscentrum van de Internationale Arbeidsorganisatie (IAO).<br data-start=\"1341\" data-end=\"1344\" \/>De cursus behandelt:<\/p>\n<ul data-start=\"1358\" data-end=\"1588\">\n<li data-start=\"1358\" data-end=\"1422\">\n<p data-start=\"1360\" data-end=\"1422\">de waarden en principes van de sociale en solidaire economie,<\/p>\n<\/li>\n<li data-start=\"1423\" data-end=\"1490\">\n<p data-start=\"1425\" data-end=\"1490\">de rol ervan in het behalen van de Duurzame Ontwikkelingsdoelen,<\/p>\n<\/li>\n<li data-start=\"1491\" data-end=\"1534\">\n<p data-start=\"1493\" data-end=\"1534\">innovatieve organisatievormen,<\/p>\n<\/li>\n<li data-start=\"1535\" data-end=\"1588\">\n<p data-start=\"1537\" data-end=\"1588\">inspirerende voorbeelden uit verschillende landen.<\/p>\n<\/li>\n<\/ul>\n<p data-start=\"1590\" data-end=\"1726\">Een ideale aanvulling op de MOOC van UCLouvain, vooral als je een internationale of Engelstalige invalshoek zoekt.<\/p>\n<h3 data-start=\"1733\" data-end=\"1822\"><strong data-start=\"1737\" data-end=\"1820\">4. <a href=\"https:\/\/www.fun-mooc.fr\/fr\/cours\/la-decouverte-des-metiers-de-la-transition-ecologique-creatrice\/\" target=\"_blank\" rel=\"noopener\"><span style=\"text-decoration: underline;\">\u00c0 la d\u00e9couverte des m\u00e9tiers de la transition \u00e9cologique, cr\u00e9atrice d\u2019emplois<\/span><\/a> (in het frans)<\/strong><\/h3>\n<p data-start=\"1823\" data-end=\"2030\">Een cursus die je blik verruimt en je laat kennismaken met tal van zinvolle beroepen die bijdragen aan een duurzame toekomst.<br data-start=\"1949\" data-end=\"1952\" \/>Perfect als je je vaardigheden wilt afstemmen op impact en maatschappelijke relevantie.<\/p>\n<h2 data-start=\"2037\" data-end=\"2132\">\ud83c\udf31 <strong data-start=\"2043\" data-end=\"2132\">Om nog verder te gaan: 3 inspirerende bronnen om te ontdekken hoe jij kunt handelen<\/strong><\/h2>\n<h3 data-start=\"2134\" data-end=\"2158\"><strong data-start=\"2138\" data-end=\"2156\"><a href=\"https:\/\/shiftyourjob.org\/images\/shiftyourjob_A4_affiche.pdf\" target=\"_blank\" rel=\"noopener\"><span style=\"text-decoration: underline;\">Shift Your Job<\/span> <\/a>(in het frans)<\/strong><\/h3>\n<p data-start=\"2159\" data-end=\"2431\">Zij ontwikkelden een uitgebreide kaart van de sectoren en subsectoren van de ecologische transitie.<br data-start=\"2256\" data-end=\"2259\" \/>Het geeft een helder overzicht en helpt je nieuwe professionele mogelijkheden te ontdekken.<br data-start=\"2369\" data-end=\"2372\" \/>\ud83d\udc49 Een echte kompas voor iedereen die een positieve impact wil maken.<\/p>\n<h3 data-start=\"2433\" data-end=\"2464\"><strong data-start=\"2437\" data-end=\"2462\"><a href=\"https:\/\/wiki.climatefresk.org\/images\/3\/3d\/Poster_racine_de_r%C3%A9silience.jpg\" target=\"_blank\" rel=\"noopener\"><span style=\"text-decoration: underline;\">Racines de R\u00e9silience<\/span><\/a> (in het frans)<\/strong><\/h3>\n<p data-start=\"2465\" data-end=\"2770\">Zij bieden een zeer volledig schema dat verschillende manieren toont om in actie te komen.<br data-start=\"2570\" data-end=\"2573\" \/>Je vindt er concrete voorbeelden van initiatieven die bouwen, regenereren, herstellen, bemiddelen of alternatieven cre\u00ebren.<br data-start=\"2693\" data-end=\"2696\" \/>\ud83d\udc49 Een waardevolle bron van inspiratie om je eigen pad te vinden.<\/p>\n<h3 data-start=\"2772\" data-end=\"2822\"><strong data-start=\"2776\" data-end=\"2820\"><a href=\"https:\/\/sites.ungeneva.org\/170actions\/jobs\/fr\/accueil.html\" target=\"_blank\" rel=\"noopener\"><span style=\"text-decoration: underline;\">170 Jobs for a Sustainable Future<\/span><\/a> - United Nations (in frans en engels)<\/strong><\/h3>\n<p data-start=\"2823\" data-end=\"3088\">Een handige tool waarbij je een Duurzaam Ontwikkelingsdoel (SDG) kiest en meteen een lijst met bijhorende beroepen krijgt.<br data-start=\"2918\" data-end=\"2921\" \/>U kiest de doelstelling die u aanspreekt, en een lijst van bijbehorende beroepen verschijnt.<br data-start=\"3006\" data-end=\"3009\" \/>\ud83d\udc49 Ideaal om een richting te vinden die aansluit bij jouw waarden.<\/p>\n<p><!-- \/wp:paragraph --><\/p>\t\t\t\t\t\t\t\t<\/div>\n\t\t\t\t<\/div>\n\t\t\t\t\t<\/div>\n\t\t<\/div>\n\t\t\t\t\t<\/div>\n\t\t<\/section>\n\t\t\t\t<\/div>","protected":false},"excerpt":{"rendered":"<p>Vous savez que vous avez envie d&rsquo;avoir un impact positif sur le monde mais vous ne savez pas vers quoi vous diriger? Voici 3 formations en ligne gratuites qui peuvent vous aider \u00e0 y voir plus clair: 1. Ticket for Change: Cette formation vous permettra de d\u00e9couvrir l&rsquo;innovation sociale et vous expliquera comment passer de&#8230;<\/p>","protected":false},"author":1,"featured_media":9727,"parent":2722,"menu_order":8,"comment_status":"closed","ping_status":"closed","template":"","meta":{"_acf_changed":false,"episode_type":"","audio_file":"","cover_image":"","cover_image_id":"","duration":"","filesize":"","filesize_raw":"","date_recorded":"","explicit":"","block":"","footnotes":""},"class_list":["post-9726","page","type-page","status-publish","has-post-thumbnail","hentry","wpbf-post"],"acf":[],"yoast_head":"<!-- This site is optimized with the Yoast SEO plugin v26.8 - https:\/\/yoast.com\/product\/yoast-seo-wordpress\/ -->\n<title>Envie de participer \u00e0 la transition \u00e9cologique ? &#8226; Job&amp;Sense<\/title>\n<meta name=\"description\" content=\"Vous savez que vous avez envie d&#039;avoir un impact positif sur le monde mais vous ne savez pas vers quoi vous diriger? Voici 3 formations en ligne gratuites\" \/>\n<meta name=\"robots\" content=\"index, follow, max-snippet:-1, max-image-preview:large, max-video-preview:-1\" \/>\n<link rel=\"canonical\" href=\"https:\/\/jobandsense.be\/nl\/toolbox\/zich-opleiden\/zin-om-deel-te-nemen-aan-de-ecologische-transitie\/\" \/>\n<meta property=\"og:locale\" content=\"nl_BE\" \/>\n<meta property=\"og:type\" content=\"article\" \/>\n<meta property=\"og:title\" content=\"Envie de participer \u00e0 la transition \u00e9cologique ? &#8226; Job&amp;Sense\" \/>\n<meta property=\"og:description\" content=\"Vous savez que vous avez envie d&#039;avoir un impact positif sur le monde mais vous ne savez pas vers quoi vous diriger? Voici 3 formations en ligne gratuites\" \/>\n<meta property=\"og:url\" content=\"https:\/\/jobandsense.be\/nl\/toolbox\/zich-opleiden\/zin-om-deel-te-nemen-aan-de-ecologische-transitie\/\" \/>\n<meta property=\"og:site_name\" content=\"Job&amp;Sense\" \/>\n<meta property=\"article:publisher\" content=\"https:\/\/www.facebook.com\/JobandSense\" \/>\n<meta property=\"article:modified_time\" content=\"2026-03-18T10:11:28+00:00\" \/>\n<meta property=\"og:image\" content=\"https:\/\/jobandsense.be\/wp-content\/uploads\/2021\/12\/earth-g6a9fbb38d_1920.jpg\" \/>\n\t<meta property=\"og:image:width\" content=\"1920\" \/>\n\t<meta property=\"og:image:height\" content=\"1193\" \/>\n\t<meta property=\"og:image:type\" content=\"image\/jpeg\" \/>\n<meta name=\"twitter:card\" content=\"summary_large_image\" \/>\n<meta name=\"twitter:label1\" content=\"Geschatte leestijd\" \/>\n\t<meta name=\"twitter:data1\" content=\"3 minuten\" \/>\n<script type=\"application\/ld+json\" class=\"yoast-schema-graph\">{\"@context\":\"https:\/\/schema.org\",\"@graph\":[{\"@type\":\"WebPage\",\"@id\":\"https:\/\/jobandsense.be\/boite-a-outils\/se-former\/envie-de-participer-a-la-transition-ecologique\/\",\"url\":\"https:\/\/jobandsense.be\/boite-a-outils\/se-former\/envie-de-participer-a-la-transition-ecologique\/\",\"name\":\"Envie de participer \u00e0 la transition \u00e9cologique ? &#8226; Job&amp;Sense\",\"isPartOf\":{\"@id\":\"https:\/\/jobandsense.be\/#website\"},\"primaryImageOfPage\":{\"@id\":\"https:\/\/jobandsense.be\/boite-a-outils\/se-former\/envie-de-participer-a-la-transition-ecologique\/#primaryimage\"},\"image\":{\"@id\":\"https:\/\/jobandsense.be\/boite-a-outils\/se-former\/envie-de-participer-a-la-transition-ecologique\/#primaryimage\"},\"thumbnailUrl\":\"https:\/\/jobandsense.be\/wp-content\/uploads\/2021\/12\/earth-g6a9fbb38d_1920.jpg\",\"datePublished\":\"2021-12-16T14:25:36+00:00\",\"dateModified\":\"2026-03-18T10:11:28+00:00\",\"description\":\"Vous savez que vous avez envie d'avoir un impact positif sur le monde mais vous ne savez pas vers quoi vous diriger? Voici 3 formations en ligne gratuites\",\"breadcrumb\":{\"@id\":\"https:\/\/jobandsense.be\/boite-a-outils\/se-former\/envie-de-participer-a-la-transition-ecologique\/#breadcrumb\"},\"inLanguage\":\"nl-BE\",\"potentialAction\":[{\"@type\":\"ReadAction\",\"target\":[\"https:\/\/jobandsense.be\/boite-a-outils\/se-former\/envie-de-participer-a-la-transition-ecologique\/\"]}]},{\"@type\":\"ImageObject\",\"inLanguage\":\"nl-BE\",\"@id\":\"https:\/\/jobandsense.be\/boite-a-outils\/se-former\/envie-de-participer-a-la-transition-ecologique\/#primaryimage\",\"url\":\"https:\/\/jobandsense.be\/wp-content\/uploads\/2021\/12\/earth-g6a9fbb38d_1920.jpg\",\"contentUrl\":\"https:\/\/jobandsense.be\/wp-content\/uploads\/2021\/12\/earth-g6a9fbb38d_1920.jpg\",\"width\":1920,\"height\":1193},{\"@type\":\"BreadcrumbList\",\"@id\":\"https:\/\/jobandsense.be\/boite-a-outils\/se-former\/envie-de-participer-a-la-transition-ecologique\/#breadcrumb\",\"itemListElement\":[{\"@type\":\"ListItem\",\"position\":1,\"name\":\"Accueil\",\"item\":\"https:\/\/jobandsense.be\/\"},{\"@type\":\"ListItem\",\"position\":2,\"name\":\"Bo\u00eete \u00e0 outils\",\"item\":\"https:\/\/jobandsense.be\/boite-a-outils\/\"},{\"@type\":\"ListItem\",\"position\":3,\"name\":\"Se former\",\"item\":\"https:\/\/jobandsense.be\/boite-a-outils\/se-former\/\"},{\"@type\":\"ListItem\",\"position\":4,\"name\":\"Envie de participer \u00e0 la transition \u00e9cologique ?\"}]},{\"@type\":\"WebSite\",\"@id\":\"https:\/\/jobandsense.be\/#website\",\"url\":\"https:\/\/jobandsense.be\/\",\"name\":\"Job&amp;Sense\",\"description\":\"La plateforme qui vous donne toutes les informations pour trouver un job qui a du sens\",\"publisher\":{\"@id\":\"https:\/\/jobandsense.be\/#organization\"},\"potentialAction\":[{\"@type\":\"SearchAction\",\"target\":{\"@type\":\"EntryPoint\",\"urlTemplate\":\"https:\/\/jobandsense.be\/?s={search_term_string}\"},\"query-input\":{\"@type\":\"PropertyValueSpecification\",\"valueRequired\":true,\"valueName\":\"search_term_string\"}}],\"inLanguage\":\"nl-BE\"},{\"@type\":\"Organization\",\"@id\":\"https:\/\/jobandsense.be\/#organization\",\"name\":\"Job&Sense\",\"url\":\"https:\/\/jobandsense.be\/\",\"logo\":{\"@type\":\"ImageObject\",\"inLanguage\":\"nl-BE\",\"@id\":\"https:\/\/jobandsense.be\/#\/schema\/logo\/image\/\",\"url\":\"\",\"contentUrl\":\"\",\"caption\":\"Job&Sense\"},\"image\":{\"@id\":\"https:\/\/jobandsense.be\/#\/schema\/logo\/image\/\"},\"sameAs\":[\"https:\/\/www.facebook.com\/JobandSense\",\"https:\/\/www.instagram.com\/jobandsense\/\",\"https:\/\/www.linkedin.com\/company\/52173671\/admin\/\"]}]}<\/script>\n<!-- \/ Yoast SEO plugin. -->","yoast_head_json":{"title":"Envie de participer \u00e0 la transition \u00e9cologique ? &#8226; Job&amp;Sense","description":"Vous savez que vous avez envie d'avoir un impact positif sur le monde mais vous ne savez pas vers quoi vous diriger? Voici 3 formations en ligne gratuites","robots":{"index":"index","follow":"follow","max-snippet":"max-snippet:-1","max-image-preview":"max-image-preview:large","max-video-preview":"max-video-preview:-1"},"canonical":"https:\/\/jobandsense.be\/nl\/toolbox\/zich-opleiden\/zin-om-deel-te-nemen-aan-de-ecologische-transitie\/","og_locale":"nl_BE","og_type":"article","og_title":"Envie de participer \u00e0 la transition \u00e9cologique ? &#8226; Job&amp;Sense","og_description":"Vous savez que vous avez envie d'avoir un impact positif sur le monde mais vous ne savez pas vers quoi vous diriger? Voici 3 formations en ligne gratuites","og_url":"https:\/\/jobandsense.be\/nl\/toolbox\/zich-opleiden\/zin-om-deel-te-nemen-aan-de-ecologische-transitie\/","og_site_name":"Job&amp;Sense","article_publisher":"https:\/\/www.facebook.com\/JobandSense","article_modified_time":"2026-03-18T10:11:28+00:00","og_image":[{"width":1920,"height":1193,"url":"https:\/\/jobandsense.be\/wp-content\/uploads\/2021\/12\/earth-g6a9fbb38d_1920.jpg","type":"image\/jpeg"}],"twitter_card":"summary_large_image","twitter_misc":{"Geschatte leestijd":"3 minuten"},"schema":{"@context":"https:\/\/schema.org","@graph":[{"@type":"WebPage","@id":"https:\/\/jobandsense.be\/boite-a-outils\/se-former\/envie-de-participer-a-la-transition-ecologique\/","url":"https:\/\/jobandsense.be\/boite-a-outils\/se-former\/envie-de-participer-a-la-transition-ecologique\/","name":"Envie de participer \u00e0 la transition \u00e9cologique ? &#8226; Job&amp;Sense","isPartOf":{"@id":"https:\/\/jobandsense.be\/#website"},"primaryImageOfPage":{"@id":"https:\/\/jobandsense.be\/boite-a-outils\/se-former\/envie-de-participer-a-la-transition-ecologique\/#primaryimage"},"image":{"@id":"https:\/\/jobandsense.be\/boite-a-outils\/se-former\/envie-de-participer-a-la-transition-ecologique\/#primaryimage"},"thumbnailUrl":"https:\/\/jobandsense.be\/wp-content\/uploads\/2021\/12\/earth-g6a9fbb38d_1920.jpg","datePublished":"2021-12-16T14:25:36+00:00","dateModified":"2026-03-18T10:11:28+00:00","description":"Vous savez que vous avez envie d'avoir un impact positif sur le monde mais vous ne savez pas vers quoi vous diriger? Voici 3 formations en ligne gratuites","breadcrumb":{"@id":"https:\/\/jobandsense.be\/boite-a-outils\/se-former\/envie-de-participer-a-la-transition-ecologique\/#breadcrumb"},"inLanguage":"nl-BE","potentialAction":[{"@type":"ReadAction","target":["https:\/\/jobandsense.be\/boite-a-outils\/se-former\/envie-de-participer-a-la-transition-ecologique\/"]}]},{"@type":"ImageObject","inLanguage":"nl-BE","@id":"https:\/\/jobandsense.be\/boite-a-outils\/se-former\/envie-de-participer-a-la-transition-ecologique\/#primaryimage","url":"https:\/\/jobandsense.be\/wp-content\/uploads\/2021\/12\/earth-g6a9fbb38d_1920.jpg","contentUrl":"https:\/\/jobandsense.be\/wp-content\/uploads\/2021\/12\/earth-g6a9fbb38d_1920.jpg","width":1920,"height":1193},{"@type":"BreadcrumbList","@id":"https:\/\/jobandsense.be\/boite-a-outils\/se-former\/envie-de-participer-a-la-transition-ecologique\/#breadcrumb","itemListElement":[{"@type":"ListItem","position":1,"name":"Accueil","item":"https:\/\/jobandsense.be\/"},{"@type":"ListItem","position":2,"name":"Bo\u00eete \u00e0 outils","item":"https:\/\/jobandsense.be\/boite-a-outils\/"},{"@type":"ListItem","position":3,"name":"Se former","item":"https:\/\/jobandsense.be\/boite-a-outils\/se-former\/"},{"@type":"ListItem","position":4,"name":"Envie de participer \u00e0 la transition \u00e9cologique ?"}]},{"@type":"WebSite","@id":"https:\/\/jobandsense.be\/#website","url":"https:\/\/jobandsense.be\/","name":"Job&amp;Sense","description":"La plateforme qui vous donne toutes les informations pour trouver un job qui a du sens","publisher":{"@id":"https:\/\/jobandsense.be\/#organization"},"potentialAction":[{"@type":"SearchAction","target":{"@type":"EntryPoint","urlTemplate":"https:\/\/jobandsense.be\/?s={search_term_string}"},"query-input":{"@type":"PropertyValueSpecification","valueRequired":true,"valueName":"search_term_string"}}],"inLanguage":"nl-BE"},{"@type":"Organization","@id":"https:\/\/jobandsense.be\/#organization","name":"Job&Sense","url":"https:\/\/jobandsense.be\/","logo":{"@type":"ImageObject","inLanguage":"nl-BE","@id":"https:\/\/jobandsense.be\/#\/schema\/logo\/image\/","url":"","contentUrl":"","caption":"Job&Sense"},"image":{"@id":"https:\/\/jobandsense.be\/#\/schema\/logo\/image\/"},"sameAs":["https:\/\/www.facebook.com\/JobandSense","https:\/\/www.instagram.com\/jobandsense\/","https:\/\/www.linkedin.com\/company\/52173671\/admin\/"]}]}},"jetpack_sharing_enabled":true,"_links":{"self":[{"href":"https:\/\/jobandsense.be\/nl\/wp-json\/wp\/v2\/pages\/9726","targetHints":{"allow":["GET"]}}],"collection":[{"href":"https:\/\/jobandsense.be\/nl\/wp-json\/wp\/v2\/pages"}],"about":[{"href":"https:\/\/jobandsense.be\/nl\/wp-json\/wp\/v2\/types\/page"}],"author":[{"embeddable":true,"href":"https:\/\/jobandsense.be\/nl\/wp-json\/wp\/v2\/users\/1"}],"replies":[{"embeddable":true,"href":"https:\/\/jobandsense.be\/nl\/wp-json\/wp\/v2\/comments?post=9726"}],"version-history":[{"count":38,"href":"https:\/\/jobandsense.be\/nl\/wp-json\/wp\/v2\/pages\/9726\/revisions"}],"predecessor-version":[{"id":14645,"href":"https:\/\/jobandsense.be\/nl\/wp-json\/wp\/v2\/pages\/9726\/revisions\/14645"}],"up":[{"embeddable":true,"href":"https:\/\/jobandsense.be\/nl\/wp-json\/wp\/v2\/pages\/2722"}],"wp:featuredmedia":[{"embeddable":true,"href":"https:\/\/jobandsense.be\/nl\/wp-json\/wp\/v2\/media\/9727"}],"wp:attachment":[{"href":"https:\/\/jobandsense.be\/nl\/wp-json\/wp\/v2\/media?parent=9726"}],"curies":[{"name":"wp","href":"https:\/\/api.w.org\/{rel}","templated":true}]}}