{"id":4350,"date":"2021-01-21T13:39:00","date_gmt":"2021-01-21T13:39:00","guid":{"rendered":"https:\/\/jobandsense.be\/?page_id=4350"},"modified":"2021-01-21T13:53:13","modified_gmt":"2021-01-21T13:53:13","slug":"definieer-de-doelen-die-u-wilt-steunen","status":"publish","type":"page","link":"https:\/\/jobandsense.be\/nl\/toolbox\/elkaar-beter-leren-kennen\/definieer-de-doelen-die-u-wilt-steunen\/","title":{"rendered":"De doelen defini\u00ebren die je zou willen steunen"},"content":{"rendered":"<div data-elementor-type=\"wp-page\" data-elementor-id=\"4350\" class=\"elementor elementor-4350\" data-elementor-post-type=\"page\">\n\t\t\t\t\t\t<section class=\"elementor-section elementor-top-section elementor-element elementor-element-ec62702 elementor-section-boxed elementor-section-height-default elementor-section-height-default\" data-id=\"ec62702\" data-element_type=\"section\" data-e-type=\"section\">\n\t\t\t\t\t\t<div class=\"elementor-container elementor-column-gap-default\">\n\t\t\t\t\t<div class=\"elementor-column elementor-col-100 elementor-top-column elementor-element elementor-element-5d7b86d1\" data-id=\"5d7b86d1\" data-element_type=\"column\" data-e-type=\"column\">\n\t\t\t<div class=\"elementor-widget-wrap elementor-element-populated\">\n\t\t\t\t\t\t<div class=\"elementor-element elementor-element-718bbea9 elementor-widget elementor-widget-text-editor\" data-id=\"718bbea9\" data-element_type=\"widget\" data-e-type=\"widget\" data-widget_type=\"text-editor.default\">\n\t\t\t\t<div class=\"elementor-widget-container\">\n\t\t\t\t\t\t\t\t\t<p><\/p>\n<p>U zou graag willen dat uw werk een positieve impact heeft op de samenleving, maar u weet niet welke zaak u moet kiezen.<\/p>\n<p><\/p>\n<p><\/p>\n<p>U bent zich bewust van de vele sociale uitdagingen (ongelijkheden, armoede, sociale cohesie, ...) en milieuproblemen (opwarming, afval, biodiversiteit, landbouw...), maar hoe kunt u weten op welk gebied u zich moet inzetten?<\/p>\n<p><\/p>\n<p><\/p>\n<p>Wij stellen voor dat u zich de volgende vragen stelt:<\/p>\n<p><\/p>\n<p><\/p>\n<ul class=\"wp-block-list\">\n<li>Wat maakt u verontwaardigd, wat revolteert u bij het lezen van kranten of het luisteren naar het nieuws of in uw dagelijks leven?<\/li>\n<li>Is er iets dat u zo aanspreekt dat u in beweging zou kunnen komen om er hopelijk iets aan te veranderen?<\/li>\n<\/ul>\n<p><\/p>\n<p><\/p>\n<p>Misschien heeft u het gevoel machteloos te zijn ten opzichte van wat u het meest raakt. De wereld veranderen kan beginnen door te kijken naar wat er mis gaat om u heen, op de schaal van uw buurt, uw stad of uw werkomgeving.<\/p>\n<p><\/p>\n<p><\/p>\n<p>U kunt ook kijken welke van de 17 duurzame ontwikkelingsdoelstellingen zoals gedefinieerd door de VN u het meest aanspreken.<\/p>\n<p><\/p>\t\t\t\t\t\t\t\t<\/div>\n\t\t\t\t<\/div>\n\t\t\t\t<div class=\"elementor-element elementor-element-37fcd5d elementor-widget elementor-widget-image\" data-id=\"37fcd5d\" data-element_type=\"widget\" data-e-type=\"widget\" data-widget_type=\"image.default\">\n\t\t\t\t<div class=\"elementor-widget-container\">\n\t\t\t\t\t\t\t\t\t\t\t\t\t\t\t<img fetchpriority=\"high\" decoding=\"async\" width=\"734\" height=\"430\" src=\"https:\/\/jobandsense.be\/wp-content\/uploads\/2025\/09\/sdg_poster-nonun_nl-1170x500-1.jpg\" class=\"attachment-large size-large wp-image-4361\" alt=\"objectifs du d\u00e9veloppement durable\" srcset=\"https:\/\/jobandsense.be\/wp-content\/uploads\/2025\/09\/sdg_poster-nonun_nl-1170x500-1.jpg 1170w, https:\/\/jobandsense.be\/wp-content\/uploads\/2025\/09\/sdg_poster-nonun_nl-1170x500-1-300x128.jpg 300w, https:\/\/jobandsense.be\/wp-content\/uploads\/2025\/09\/sdg_poster-nonun_nl-1170x500-1-1024x438.jpg 1024w, https:\/\/jobandsense.be\/wp-content\/uploads\/2025\/09\/sdg_poster-nonun_nl-1170x500-1-768x328.jpg 768w, https:\/\/jobandsense.be\/wp-content\/uploads\/2025\/09\/sdg_poster-nonun_nl-1170x500-1-18x8.jpg 18w\" sizes=\"(max-width: 734px) 100vw, 734px\" \/>\t\t\t\t\t\t\t\t\t\t\t\t\t\t\t<\/div>\n\t\t\t\t<\/div>\n\t\t\t\t<div class=\"elementor-element elementor-element-c24e8fe elementor-widget elementor-widget-text-editor\" data-id=\"c24e8fe\" data-element_type=\"widget\" data-e-type=\"widget\" data-widget_type=\"text-editor.default\">\n\t\t\t\t<div class=\"elementor-widget-container\">\n\t\t\t\t\t\t\t\t\t<p>Stel uzelf ook de volgende vragen:<\/p>\n<ul>\n<li>Welke leeftijdscategorie past het beste bij mij?<\/li>\n<li>In welke activiteitensectoren zou u de meeste impact hebben?<\/li>\n<li>Is het eerder in mijn buurt, mijn stad, in Belgi\u00eb, internationaal?\u00a0<\/li>\n<\/ul>\n<p>Tot slot, weet dat u overal nuttig zou kunnen zijn. De belangrijkste vraag is uzelf af te vragen waar uw talent en vaardigheden het meest nuttig zouden zijn. Op welk gebied zou u de grootste positieve impact voor de wereld hebben?\u00a0<\/p>\t\t\t\t\t\t\t\t<\/div>\n\t\t\t\t<\/div>\n\t\t\t\t\t<\/div>\n\t\t<\/div>\n\t\t\t\t\t<\/div>\n\t\t<\/section>\n\t\t\t\t<\/div>","protected":false},"excerpt":{"rendered":"<p>Vous aimeriez que votre travail ait un impact positif sur la soci\u00e9t\u00e9 mais vous ne savez pas quelle cause choisir. Vous \u00eates conscient des nombreux enjeux sociaux (in\u00e9galit\u00e9s, pauvret\u00e9, lien social, \u2026) et environnementaux (r\u00e9chauffement, d\u00e9chets, biodiversit\u00e9, agriculture\u2026) mais comment savoir dans quel domaine vous devez-vous engager ? Nous vous proposons de vous poser les&#8230;<\/p>","protected":false},"author":1,"featured_media":4351,"parent":2211,"menu_order":8,"comment_status":"closed","ping_status":"closed","template":"","meta":{"_acf_changed":false,"episode_type":"","audio_file":"","cover_image":"","cover_image_id":"","duration":"","filesize":"","filesize_raw":"","date_recorded":"","explicit":"","block":"","footnotes":""},"class_list":["post-4350","page","type-page","status-publish","has-post-thumbnail","hentry","wpbf-post"],"acf":[],"yoast_head":"<!-- This site is optimized with the Yoast SEO plugin v26.8 - https:\/\/yoast.com\/product\/yoast-seo-wordpress\/ -->\n<title>D\u00e9finir les causes que vous aimeriez soutenir &#8226; Job&amp;Sense<\/title>\n<meta name=\"description\" content=\"Vous aimeriez que votre travail ait un impact positif sur la soci\u00e9t\u00e9 mais vous ne savez pas quelle cause choisir.\" \/>\n<meta name=\"robots\" content=\"index, follow, max-snippet:-1, max-image-preview:large, max-video-preview:-1\" \/>\n<link rel=\"canonical\" href=\"https:\/\/jobandsense.be\/nl\/toolbox\/elkaar-beter-leren-kennen\/definieer-de-doelen-die-u-wilt-steunen\/\" \/>\n<meta property=\"og:locale\" content=\"nl_BE\" \/>\n<meta property=\"og:type\" content=\"article\" \/>\n<meta property=\"og:title\" content=\"D\u00e9finir les causes que vous aimeriez soutenir\" \/>\n<meta property=\"og:description\" content=\"Vous aimeriez que votre travail ait un impact positif sur la soci\u00e9t\u00e9 mais vous ne savez pas quelle cause choisir.\" \/>\n<meta property=\"og:url\" content=\"https:\/\/jobandsense.be\/nl\/toolbox\/elkaar-beter-leren-kennen\/definieer-de-doelen-die-u-wilt-steunen\/\" \/>\n<meta property=\"og:site_name\" content=\"Job&amp;Sense\" \/>\n<meta property=\"article:publisher\" content=\"https:\/\/www.facebook.com\/JobandSense\" \/>\n<meta property=\"article:modified_time\" content=\"2021-01-21T13:53:13+00:00\" \/>\n<meta property=\"og:image\" content=\"https:\/\/jobandsense.be\/wp-content\/uploads\/2021\/01\/causes-a\u0300-soutenir.jpg\" \/>\n\t<meta property=\"og:image:width\" content=\"1280\" \/>\n\t<meta property=\"og:image:height\" content=\"854\" \/>\n\t<meta property=\"og:image:type\" content=\"image\/jpeg\" \/>\n<meta name=\"twitter:card\" content=\"summary_large_image\" \/>\n<meta name=\"twitter:label1\" content=\"Geschatte leestijd\" \/>\n\t<meta name=\"twitter:data1\" content=\"2 minuten\" \/>\n<script type=\"application\/ld+json\" class=\"yoast-schema-graph\">{\"@context\":\"https:\/\/schema.org\",\"@graph\":[{\"@type\":\"WebPage\",\"@id\":\"https:\/\/jobandsense.be\/boite-a-outils\/mieux-se-connaitre\/definir-les-causes-que-vous-aimeriez-soutenir\/\",\"url\":\"https:\/\/jobandsense.be\/boite-a-outils\/mieux-se-connaitre\/definir-les-causes-que-vous-aimeriez-soutenir\/\",\"name\":\"D\u00e9finir les causes que vous aimeriez soutenir &#8226; Job&Sense\",\"isPartOf\":{\"@id\":\"https:\/\/jobandsense.be\/#website\"},\"primaryImageOfPage\":{\"@id\":\"https:\/\/jobandsense.be\/boite-a-outils\/mieux-se-connaitre\/definir-les-causes-que-vous-aimeriez-soutenir\/#primaryimage\"},\"image\":{\"@id\":\"https:\/\/jobandsense.be\/boite-a-outils\/mieux-se-connaitre\/definir-les-causes-que-vous-aimeriez-soutenir\/#primaryimage\"},\"thumbnailUrl\":\"https:\/\/jobandsense.be\/wp-content\/uploads\/2021\/01\/causes-a\u0300-soutenir.jpg\",\"datePublished\":\"2021-01-21T13:39:00+00:00\",\"dateModified\":\"2021-01-21T13:53:13+00:00\",\"description\":\"Vous aimeriez que votre travail ait un impact positif sur la soci\u00e9t\u00e9 mais vous ne savez pas quelle cause choisir.\",\"breadcrumb\":{\"@id\":\"https:\/\/jobandsense.be\/boite-a-outils\/mieux-se-connaitre\/definir-les-causes-que-vous-aimeriez-soutenir\/#breadcrumb\"},\"inLanguage\":\"nl-BE\",\"potentialAction\":[{\"@type\":\"ReadAction\",\"target\":[\"https:\/\/jobandsense.be\/boite-a-outils\/mieux-se-connaitre\/definir-les-causes-que-vous-aimeriez-soutenir\/\"]}]},{\"@type\":\"ImageObject\",\"inLanguage\":\"nl-BE\",\"@id\":\"https:\/\/jobandsense.be\/boite-a-outils\/mieux-se-connaitre\/definir-les-causes-que-vous-aimeriez-soutenir\/#primaryimage\",\"url\":\"https:\/\/jobandsense.be\/wp-content\/uploads\/2021\/01\/causes-a\u0300-soutenir.jpg\",\"contentUrl\":\"https:\/\/jobandsense.be\/wp-content\/uploads\/2021\/01\/causes-a\u0300-soutenir.jpg\",\"width\":1280,\"height\":854,\"caption\":\"Image par stokpic de Pixabay\"},{\"@type\":\"BreadcrumbList\",\"@id\":\"https:\/\/jobandsense.be\/boite-a-outils\/mieux-se-connaitre\/definir-les-causes-que-vous-aimeriez-soutenir\/#breadcrumb\",\"itemListElement\":[{\"@type\":\"ListItem\",\"position\":1,\"name\":\"Accueil\",\"item\":\"https:\/\/jobandsense.be\/\"},{\"@type\":\"ListItem\",\"position\":2,\"name\":\"Bo\u00eete \u00e0 outils\",\"item\":\"https:\/\/jobandsense.be\/boite-a-outils\/\"},{\"@type\":\"ListItem\",\"position\":3,\"name\":\"Mieux se conna\u00eetre\",\"item\":\"https:\/\/jobandsense.be\/boite-a-outils\/mieux-se-connaitre\/\"},{\"@type\":\"ListItem\",\"position\":4,\"name\":\"D\u00e9finir les causes que vous aimeriez soutenir\"}]},{\"@type\":\"WebSite\",\"@id\":\"https:\/\/jobandsense.be\/#website\",\"url\":\"https:\/\/jobandsense.be\/\",\"name\":\"Job&amp;Sense\",\"description\":\"La plateforme qui vous donne toutes les informations pour trouver un job qui a du sens\",\"publisher\":{\"@id\":\"https:\/\/jobandsense.be\/#organization\"},\"potentialAction\":[{\"@type\":\"SearchAction\",\"target\":{\"@type\":\"EntryPoint\",\"urlTemplate\":\"https:\/\/jobandsense.be\/?s={search_term_string}\"},\"query-input\":{\"@type\":\"PropertyValueSpecification\",\"valueRequired\":true,\"valueName\":\"search_term_string\"}}],\"inLanguage\":\"nl-BE\"},{\"@type\":\"Organization\",\"@id\":\"https:\/\/jobandsense.be\/#organization\",\"name\":\"Job&Sense\",\"url\":\"https:\/\/jobandsense.be\/\",\"logo\":{\"@type\":\"ImageObject\",\"inLanguage\":\"nl-BE\",\"@id\":\"https:\/\/jobandsense.be\/#\/schema\/logo\/image\/\",\"url\":\"\",\"contentUrl\":\"\",\"caption\":\"Job&Sense\"},\"image\":{\"@id\":\"https:\/\/jobandsense.be\/#\/schema\/logo\/image\/\"},\"sameAs\":[\"https:\/\/www.facebook.com\/JobandSense\",\"https:\/\/www.instagram.com\/jobandsense\/\",\"https:\/\/www.linkedin.com\/company\/52173671\/admin\/\"]}]}<\/script>\n<!-- \/ Yoast SEO plugin. -->","yoast_head_json":{"title":"D\u00e9finir les causes que vous aimeriez soutenir &#8226; Job&Sense","description":"U zou graag willen dat uw werk een positieve impact heeft op de samenleving, maar u weet niet welke zaak u moet kiezen.","robots":{"index":"index","follow":"follow","max-snippet":"max-snippet:-1","max-image-preview":"max-image-preview:large","max-video-preview":"max-video-preview:-1"},"canonical":"https:\/\/jobandsense.be\/nl\/toolbox\/elkaar-beter-leren-kennen\/definieer-de-doelen-die-u-wilt-steunen\/","og_locale":"nl_BE","og_type":"article","og_title":"D\u00e9finir les causes que vous aimeriez soutenir","og_description":"Vous aimeriez que votre travail ait un impact positif sur la soci\u00e9t\u00e9 mais vous ne savez pas quelle cause choisir.","og_url":"https:\/\/jobandsense.be\/nl\/toolbox\/elkaar-beter-leren-kennen\/definieer-de-doelen-die-u-wilt-steunen\/","og_site_name":"Job&amp;Sense","article_publisher":"https:\/\/www.facebook.com\/JobandSense","article_modified_time":"2021-01-21T13:53:13+00:00","og_image":[{"width":1280,"height":854,"url":"https:\/\/jobandsense.be\/wp-content\/uploads\/2021\/01\/causes-a\u0300-soutenir.jpg","type":"image\/jpeg"}],"twitter_card":"summary_large_image","twitter_misc":{"Geschatte leestijd":"2 minuten"},"schema":{"@context":"https:\/\/schema.org","@graph":[{"@type":"WebPage","@id":"https:\/\/jobandsense.be\/boite-a-outils\/mieux-se-connaitre\/definir-les-causes-que-vous-aimeriez-soutenir\/","url":"https:\/\/jobandsense.be\/boite-a-outils\/mieux-se-connaitre\/definir-les-causes-que-vous-aimeriez-soutenir\/","name":"D\u00e9finir les causes que vous aimeriez soutenir &#8226; Job&Sense","isPartOf":{"@id":"https:\/\/jobandsense.be\/#website"},"primaryImageOfPage":{"@id":"https:\/\/jobandsense.be\/boite-a-outils\/mieux-se-connaitre\/definir-les-causes-que-vous-aimeriez-soutenir\/#primaryimage"},"image":{"@id":"https:\/\/jobandsense.be\/boite-a-outils\/mieux-se-connaitre\/definir-les-causes-que-vous-aimeriez-soutenir\/#primaryimage"},"thumbnailUrl":"https:\/\/jobandsense.be\/wp-content\/uploads\/2021\/01\/causes-a\u0300-soutenir.jpg","datePublished":"2021-01-21T13:39:00+00:00","dateModified":"2021-01-21T13:53:13+00:00","description":"U zou graag willen dat uw werk een positieve impact heeft op de samenleving, maar u weet niet welke zaak u moet kiezen.","breadcrumb":{"@id":"https:\/\/jobandsense.be\/boite-a-outils\/mieux-se-connaitre\/definir-les-causes-que-vous-aimeriez-soutenir\/#breadcrumb"},"inLanguage":"nl-BE","potentialAction":[{"@type":"ReadAction","target":["https:\/\/jobandsense.be\/boite-a-outils\/mieux-se-connaitre\/definir-les-causes-que-vous-aimeriez-soutenir\/"]}]},{"@type":"ImageObject","inLanguage":"nl-BE","@id":"https:\/\/jobandsense.be\/boite-a-outils\/mieux-se-connaitre\/definir-les-causes-que-vous-aimeriez-soutenir\/#primaryimage","url":"https:\/\/jobandsense.be\/wp-content\/uploads\/2021\/01\/causes-a\u0300-soutenir.jpg","contentUrl":"https:\/\/jobandsense.be\/wp-content\/uploads\/2021\/01\/causes-a\u0300-soutenir.jpg","width":1280,"height":854,"caption":"Image par stokpic de Pixabay"},{"@type":"BreadcrumbList","@id":"https:\/\/jobandsense.be\/boite-a-outils\/mieux-se-connaitre\/definir-les-causes-que-vous-aimeriez-soutenir\/#breadcrumb","itemListElement":[{"@type":"ListItem","position":1,"name":"Accueil","item":"https:\/\/jobandsense.be\/"},{"@type":"ListItem","position":2,"name":"Bo\u00eete \u00e0 outils","item":"https:\/\/jobandsense.be\/boite-a-outils\/"},{"@type":"ListItem","position":3,"name":"Mieux se conna\u00eetre","item":"https:\/\/jobandsense.be\/boite-a-outils\/mieux-se-connaitre\/"},{"@type":"ListItem","position":4,"name":"D\u00e9finir les causes que vous aimeriez soutenir"}]},{"@type":"WebSite","@id":"https:\/\/jobandsense.be\/#website","url":"https:\/\/jobandsense.be\/","name":"Job&amp;Sense","description":"La plateforme qui vous donne toutes les informations pour trouver un job qui a du sens","publisher":{"@id":"https:\/\/jobandsense.be\/#organization"},"potentialAction":[{"@type":"SearchAction","target":{"@type":"EntryPoint","urlTemplate":"https:\/\/jobandsense.be\/?s={search_term_string}"},"query-input":{"@type":"PropertyValueSpecification","valueRequired":true,"valueName":"search_term_string"}}],"inLanguage":"nl-BE"},{"@type":"Organization","@id":"https:\/\/jobandsense.be\/#organization","name":"Job&Sense","url":"https:\/\/jobandsense.be\/","logo":{"@type":"ImageObject","inLanguage":"nl-BE","@id":"https:\/\/jobandsense.be\/#\/schema\/logo\/image\/","url":"","contentUrl":"","caption":"Job&Sense"},"image":{"@id":"https:\/\/jobandsense.be\/#\/schema\/logo\/image\/"},"sameAs":["https:\/\/www.facebook.com\/JobandSense","https:\/\/www.instagram.com\/jobandsense\/","https:\/\/www.linkedin.com\/company\/52173671\/admin\/"]}]}},"jetpack_sharing_enabled":true,"_links":{"self":[{"href":"https:\/\/jobandsense.be\/nl\/wp-json\/wp\/v2\/pages\/4350","targetHints":{"allow":["GET"]}}],"collection":[{"href":"https:\/\/jobandsense.be\/nl\/wp-json\/wp\/v2\/pages"}],"about":[{"href":"https:\/\/jobandsense.be\/nl\/wp-json\/wp\/v2\/types\/page"}],"author":[{"embeddable":true,"href":"https:\/\/jobandsense.be\/nl\/wp-json\/wp\/v2\/users\/1"}],"replies":[{"embeddable":true,"href":"https:\/\/jobandsense.be\/nl\/wp-json\/wp\/v2\/comments?post=4350"}],"version-history":[{"count":19,"href":"https:\/\/jobandsense.be\/nl\/wp-json\/wp\/v2\/pages\/4350\/revisions"}],"predecessor-version":[{"id":4379,"href":"https:\/\/jobandsense.be\/nl\/wp-json\/wp\/v2\/pages\/4350\/revisions\/4379"}],"up":[{"embeddable":true,"href":"https:\/\/jobandsense.be\/nl\/wp-json\/wp\/v2\/pages\/2211"}],"wp:featuredmedia":[{"embeddable":true,"href":"https:\/\/jobandsense.be\/nl\/wp-json\/wp\/v2\/media\/4351"}],"wp:attachment":[{"href":"https:\/\/jobandsense.be\/nl\/wp-json\/wp\/v2\/media?parent=4350"}],"curies":[{"name":"wp","href":"https:\/\/api.w.org\/{rel}","templated":true}]}}