{"id":4294,"date":"2021-01-21T13:02:25","date_gmt":"2021-01-21T13:02:25","guid":{"rendered":"https:\/\/jobandsense.be\/?page_id=4294"},"modified":"2025-10-20T14:03:34","modified_gmt":"2025-10-20T12:03:34","slug":"ontdek-zijn-kwaliteiten","status":"publish","type":"page","link":"https:\/\/jobandsense.be\/nl\/toolbox\/elkaar-beter-leren-kennen\/ontdek-zijn-kwaliteiten\/","title":{"rendered":"Je kwaliteiten ontdekken"},"content":{"rendered":"<div data-elementor-type=\"wp-page\" data-elementor-id=\"4294\" class=\"elementor elementor-4294\" data-elementor-post-type=\"page\">\n\t\t\t\t\t\t<section class=\"elementor-section elementor-top-section elementor-element elementor-element-2ff02eda elementor-section-boxed elementor-section-height-default elementor-section-height-default\" data-id=\"2ff02eda\" data-element_type=\"section\" data-e-type=\"section\">\n\t\t\t\t\t\t<div class=\"elementor-container elementor-column-gap-default\">\n\t\t\t\t\t<div class=\"elementor-column elementor-col-100 elementor-top-column elementor-element elementor-element-4e0dd84e\" data-id=\"4e0dd84e\" data-element_type=\"column\" data-e-type=\"column\">\n\t\t\t<div class=\"elementor-widget-wrap elementor-element-populated\">\n\t\t\t\t\t\t<div class=\"elementor-element elementor-element-759e5c4a elementor-widget elementor-widget-text-editor\" data-id=\"759e5c4a\" data-element_type=\"widget\" data-e-type=\"widget\" data-widget_type=\"text-editor.default\">\n\t\t\t\t<div class=\"elementor-widget-container\">\n\t\t\t\t\t\t\t\t\t<p>Het durven vragen aan je omgeving wat je kwaliteiten zijn, is een oefening die misschien voor de hand liggend en enigszins g\u00eanant kan lijken. Toch heeft het veel waarde. We hebben vaak moeite om onszelf kwaliteiten toe te kennen omdat we niet zijn opgevoed om onszelf complimenten te geven.<\/p><div><div class=\"grid-cols-1 grid gap-2.5 [&amp;_&gt;_*]:min-w-0 !gap-3.5\"><p class=\"whitespace-normal break-words\">Deze moeilijkheid om onze eigen sterke punten te erkennen komt ook doordat we onze eigen strengste criticus zijn. We hebben de neiging om te minimaliseren wat ons natuurlijk of vanzelfsprekend lijkt, terwijl deze eigenschappen vaak onze grootste kwaliteiten zijn in de ogen van anderen.<\/p><h2 class=\"text-xl font-bold text-text-100 mt-1 -mb-0.5\">De praktische oefening: 5 mensen, 5 kwaliteiten<\/h2><p class=\"whitespace-normal break-words\">Doe de oefening om aan 5 mensen uit je omgeving (familie, vrienden, collega's...) te vragen wat je 5 belangrijkste kwaliteiten zijn. Je vind <a href=\"https:\/\/www.desteven.nl\/persoonlijke-ontwikkeling\/kernkwaliteiten\" target=\"_blank\" rel=\"noopener\">hier<\/a> een lijst van meer dan 100 persoonlijke kwaliteiten om te verzenden.<\/p><p class=\"whitespace-normal break-words\">Varieer tijdens deze oefening de profielen van de ondervraagde personen: een naaste die je intiem kent, een collega die je professioneel aan het werk ziet, een oude vriend, enz. Elk perspectief zal een ander licht werpen. Aarzel niet om hen te vragen om concrete voorbeelden om beter te begrijpen hoe deze kwaliteiten zich manifesteren in je gedrag.<\/p><h2 class=\"text-xl font-bold text-text-100 mt-1 -mb-0.5\">Verrassende onthullingen<\/h2><p class=\"whitespace-normal break-words\">Je zult zien dat je meer kwaliteiten hebt dan je denkt en sommige die je niet eens vermoedde. Het gebeurt vaak dat persoonlijkheidstrekken die wij als gewoon beschouwen door anderen worden gezien als opmerkelijke troeven. Je luistervaardigheid, je organisatietalent of je natuurlijke optimisme kunnen waardevolle kwaliteiten zijn die je onderschat.<\/p><h2 class=\"text-xl font-bold text-text-100 mt-1 -mb-0.5\">Profiteren van deze ontdekking<\/h2><p class=\"whitespace-normal break-words\">Zodra deze lijst is opgesteld, bewaar hem zorgvuldig. Hij zal je niet alleen dienen voor je sollicitatiegesprekken of je persoonlijke ontwikkeling, maar ook in momenten van twijfel als een welwillende herinnering aan je waarde. Denk er ook aan om deze oefening periodiek te herhalen: we evolueren, en onze kwaliteiten ook.<\/p><p class=\"whitespace-normal break-words\">Deze aanpak, ogenschijnlijk eenvoudig, vormt een echte investering in je zelfvertrouwen en zelfkennis. Het stelt je in staat om een rechtvaardiger en waardevollere beeld van wie je werkelijk bent op te bouwen.<\/p><\/div><\/div><div class=\"h-8\">\u00a0<\/div><p><!-- \/wp:embed --><\/p>\t\t\t\t\t\t\t\t<\/div>\n\t\t\t\t<\/div>\n\t\t\t\t\t<\/div>\n\t\t<\/div>\n\t\t\t\t\t<\/div>\n\t\t<\/section>\n\t\t\t\t<\/div>","protected":false},"excerpt":{"rendered":"<p>Oser demander \u00e0 votre entourage quelles sont vos qualit\u00e9s est un exercice qui peut sembler bateau et quelque peu g\u00eanant. N\u00e9anmoins, il a un grand int\u00e9r\u00eat. On a souvent du mal \u00e0 se donner des qualit\u00e9s car on n&rsquo;a pas \u00e9t\u00e9 \u00e9duqu\u00e9 \u00e0 se lancer des fleurs. Cette difficult\u00e9 \u00e0 reconna\u00eetre nos propres forces vient&#8230;<\/p>","protected":false},"author":1,"featured_media":4295,"parent":2211,"menu_order":5,"comment_status":"closed","ping_status":"closed","template":"","meta":{"_acf_changed":false,"episode_type":"","audio_file":"","cover_image":"","cover_image_id":"","duration":"","filesize":"","filesize_raw":"","date_recorded":"","explicit":"","block":"","footnotes":""},"class_list":["post-4294","page","type-page","status-publish","has-post-thumbnail","hentry","wpbf-post"],"acf":[],"yoast_head":"<!-- This site is optimized with the Yoast SEO plugin v26.8 - https:\/\/yoast.com\/product\/yoast-seo-wordpress\/ -->\n<title>D\u00e9couvrir ses qualit\u00e9s &#8226; Job&amp;Sense<\/title>\n<meta name=\"description\" content=\"Faites l\u2019exercice de demander \u00e0 5 personnes de votre entourage (famille, amis, coll\u00e8gues\u2026) quelles sont vos 5 principales qualit\u00e9s.\" \/>\n<meta name=\"robots\" content=\"index, follow, max-snippet:-1, max-image-preview:large, max-video-preview:-1\" \/>\n<link rel=\"canonical\" href=\"https:\/\/jobandsense.be\/nl\/toolbox\/elkaar-beter-leren-kennen\/ontdek-zijn-kwaliteiten\/\" \/>\n<meta property=\"og:locale\" content=\"nl_BE\" \/>\n<meta property=\"og:type\" content=\"article\" \/>\n<meta property=\"og:title\" content=\"D\u00e9couvrir ses qualit\u00e9s\" \/>\n<meta property=\"og:description\" content=\"Faites l\u2019exercice de demander \u00e0 5 personnes de votre entourage (famille, amis, coll\u00e8gues\u2026) quelles sont vos 5 principales qualit\u00e9s.\" \/>\n<meta property=\"og:url\" content=\"https:\/\/jobandsense.be\/nl\/toolbox\/elkaar-beter-leren-kennen\/ontdek-zijn-kwaliteiten\/\" \/>\n<meta property=\"og:site_name\" content=\"Job&amp;Sense\" \/>\n<meta property=\"article:publisher\" content=\"https:\/\/www.facebook.com\/JobandSense\" \/>\n<meta property=\"article:modified_time\" content=\"2025-10-20T12:03:34+00:00\" \/>\n<meta property=\"og:image\" content=\"https:\/\/jobandsense.be\/wp-content\/uploads\/2021\/01\/qualite\u0301s.jpg\" \/>\n\t<meta property=\"og:image:width\" content=\"1280\" \/>\n\t<meta property=\"og:image:height\" content=\"850\" \/>\n\t<meta property=\"og:image:type\" content=\"image\/jpeg\" \/>\n<meta name=\"twitter:card\" content=\"summary_large_image\" \/>\n<meta name=\"twitter:label1\" content=\"Geschatte leestijd\" \/>\n\t<meta name=\"twitter:data1\" content=\"2 minuten\" \/>\n<script type=\"application\/ld+json\" class=\"yoast-schema-graph\">{\"@context\":\"https:\/\/schema.org\",\"@graph\":[{\"@type\":\"WebPage\",\"@id\":\"https:\/\/jobandsense.be\/boite-a-outils\/mieux-se-connaitre\/decouvrir-ses-qualites\/\",\"url\":\"https:\/\/jobandsense.be\/boite-a-outils\/mieux-se-connaitre\/decouvrir-ses-qualites\/\",\"name\":\"D\u00e9couvrir ses qualit\u00e9s &#8226; Job&Sense\",\"isPartOf\":{\"@id\":\"https:\/\/jobandsense.be\/#website\"},\"primaryImageOfPage\":{\"@id\":\"https:\/\/jobandsense.be\/boite-a-outils\/mieux-se-connaitre\/decouvrir-ses-qualites\/#primaryimage\"},\"image\":{\"@id\":\"https:\/\/jobandsense.be\/boite-a-outils\/mieux-se-connaitre\/decouvrir-ses-qualites\/#primaryimage\"},\"thumbnailUrl\":\"https:\/\/jobandsense.be\/wp-content\/uploads\/2021\/01\/qualite\u0301s.jpg\",\"datePublished\":\"2021-01-21T13:02:25+00:00\",\"dateModified\":\"2025-10-20T12:03:34+00:00\",\"description\":\"Faites l\u2019exercice de demander \u00e0 5 personnes de votre entourage (famille, amis, coll\u00e8gues\u2026) quelles sont vos 5 principales qualit\u00e9s.\",\"breadcrumb\":{\"@id\":\"https:\/\/jobandsense.be\/boite-a-outils\/mieux-se-connaitre\/decouvrir-ses-qualites\/#breadcrumb\"},\"inLanguage\":\"nl-BE\",\"potentialAction\":[{\"@type\":\"ReadAction\",\"target\":[\"https:\/\/jobandsense.be\/boite-a-outils\/mieux-se-connaitre\/decouvrir-ses-qualites\/\"]}]},{\"@type\":\"ImageObject\",\"inLanguage\":\"nl-BE\",\"@id\":\"https:\/\/jobandsense.be\/boite-a-outils\/mieux-se-connaitre\/decouvrir-ses-qualites\/#primaryimage\",\"url\":\"https:\/\/jobandsense.be\/wp-content\/uploads\/2021\/01\/qualite\u0301s.jpg\",\"contentUrl\":\"https:\/\/jobandsense.be\/wp-content\/uploads\/2021\/01\/qualite\u0301s.jpg\",\"width\":1280,\"height\":850,\"caption\":\"Image par PatternPictures de Pixabay\"},{\"@type\":\"BreadcrumbList\",\"@id\":\"https:\/\/jobandsense.be\/boite-a-outils\/mieux-se-connaitre\/decouvrir-ses-qualites\/#breadcrumb\",\"itemListElement\":[{\"@type\":\"ListItem\",\"position\":1,\"name\":\"Accueil\",\"item\":\"https:\/\/jobandsense.be\/\"},{\"@type\":\"ListItem\",\"position\":2,\"name\":\"Bo\u00eete \u00e0 outils\",\"item\":\"https:\/\/jobandsense.be\/boite-a-outils\/\"},{\"@type\":\"ListItem\",\"position\":3,\"name\":\"Mieux se conna\u00eetre\",\"item\":\"https:\/\/jobandsense.be\/boite-a-outils\/mieux-se-connaitre\/\"},{\"@type\":\"ListItem\",\"position\":4,\"name\":\"D\u00e9couvrir ses qualit\u00e9s\"}]},{\"@type\":\"WebSite\",\"@id\":\"https:\/\/jobandsense.be\/#website\",\"url\":\"https:\/\/jobandsense.be\/\",\"name\":\"Job&amp;Sense\",\"description\":\"La plateforme qui vous donne toutes les informations pour trouver un job qui a du sens\",\"publisher\":{\"@id\":\"https:\/\/jobandsense.be\/#organization\"},\"potentialAction\":[{\"@type\":\"SearchAction\",\"target\":{\"@type\":\"EntryPoint\",\"urlTemplate\":\"https:\/\/jobandsense.be\/?s={search_term_string}\"},\"query-input\":{\"@type\":\"PropertyValueSpecification\",\"valueRequired\":true,\"valueName\":\"search_term_string\"}}],\"inLanguage\":\"nl-BE\"},{\"@type\":\"Organization\",\"@id\":\"https:\/\/jobandsense.be\/#organization\",\"name\":\"Job&Sense\",\"url\":\"https:\/\/jobandsense.be\/\",\"logo\":{\"@type\":\"ImageObject\",\"inLanguage\":\"nl-BE\",\"@id\":\"https:\/\/jobandsense.be\/#\/schema\/logo\/image\/\",\"url\":\"\",\"contentUrl\":\"\",\"caption\":\"Job&Sense\"},\"image\":{\"@id\":\"https:\/\/jobandsense.be\/#\/schema\/logo\/image\/\"},\"sameAs\":[\"https:\/\/www.facebook.com\/JobandSense\",\"https:\/\/www.instagram.com\/jobandsense\/\",\"https:\/\/www.linkedin.com\/company\/52173671\/admin\/\"]}]}<\/script>\n<!-- \/ Yoast SEO plugin. -->","yoast_head_json":{"title":"D\u00e9couvrir ses qualit\u00e9s &#8226; Job&Sense","description":"Faites l\u2019exercice de demander \u00e0 5 personnes de votre entourage (famille, amis, coll\u00e8gues\u2026) quelles sont vos 5 principales qualit\u00e9s.","robots":{"index":"index","follow":"follow","max-snippet":"max-snippet:-1","max-image-preview":"max-image-preview:large","max-video-preview":"max-video-preview:-1"},"canonical":"https:\/\/jobandsense.be\/nl\/toolbox\/elkaar-beter-leren-kennen\/ontdek-zijn-kwaliteiten\/","og_locale":"nl_BE","og_type":"article","og_title":"D\u00e9couvrir ses qualit\u00e9s","og_description":"Faites l\u2019exercice de demander \u00e0 5 personnes de votre entourage (famille, amis, coll\u00e8gues\u2026) quelles sont vos 5 principales qualit\u00e9s.","og_url":"https:\/\/jobandsense.be\/nl\/toolbox\/elkaar-beter-leren-kennen\/ontdek-zijn-kwaliteiten\/","og_site_name":"Job&amp;Sense","article_publisher":"https:\/\/www.facebook.com\/JobandSense","article_modified_time":"2025-10-20T12:03:34+00:00","og_image":[{"width":1280,"height":850,"url":"https:\/\/jobandsense.be\/wp-content\/uploads\/2021\/01\/qualite\u0301s.jpg","type":"image\/jpeg"}],"twitter_card":"summary_large_image","twitter_misc":{"Geschatte leestijd":"2 minuten"},"schema":{"@context":"https:\/\/schema.org","@graph":[{"@type":"WebPage","@id":"https:\/\/jobandsense.be\/boite-a-outils\/mieux-se-connaitre\/decouvrir-ses-qualites\/","url":"https:\/\/jobandsense.be\/boite-a-outils\/mieux-se-connaitre\/decouvrir-ses-qualites\/","name":"D\u00e9couvrir ses qualit\u00e9s &#8226; Job&Sense","isPartOf":{"@id":"https:\/\/jobandsense.be\/#website"},"primaryImageOfPage":{"@id":"https:\/\/jobandsense.be\/boite-a-outils\/mieux-se-connaitre\/decouvrir-ses-qualites\/#primaryimage"},"image":{"@id":"https:\/\/jobandsense.be\/boite-a-outils\/mieux-se-connaitre\/decouvrir-ses-qualites\/#primaryimage"},"thumbnailUrl":"https:\/\/jobandsense.be\/wp-content\/uploads\/2021\/01\/qualite\u0301s.jpg","datePublished":"2021-01-21T13:02:25+00:00","dateModified":"2025-10-20T12:03:34+00:00","description":"Faites l\u2019exercice de demander \u00e0 5 personnes de votre entourage (famille, amis, coll\u00e8gues\u2026) quelles sont vos 5 principales qualit\u00e9s.","breadcrumb":{"@id":"https:\/\/jobandsense.be\/boite-a-outils\/mieux-se-connaitre\/decouvrir-ses-qualites\/#breadcrumb"},"inLanguage":"nl-BE","potentialAction":[{"@type":"ReadAction","target":["https:\/\/jobandsense.be\/boite-a-outils\/mieux-se-connaitre\/decouvrir-ses-qualites\/"]}]},{"@type":"ImageObject","inLanguage":"nl-BE","@id":"https:\/\/jobandsense.be\/boite-a-outils\/mieux-se-connaitre\/decouvrir-ses-qualites\/#primaryimage","url":"https:\/\/jobandsense.be\/wp-content\/uploads\/2021\/01\/qualite\u0301s.jpg","contentUrl":"https:\/\/jobandsense.be\/wp-content\/uploads\/2021\/01\/qualite\u0301s.jpg","width":1280,"height":850,"caption":"Image par PatternPictures de Pixabay"},{"@type":"BreadcrumbList","@id":"https:\/\/jobandsense.be\/boite-a-outils\/mieux-se-connaitre\/decouvrir-ses-qualites\/#breadcrumb","itemListElement":[{"@type":"ListItem","position":1,"name":"Accueil","item":"https:\/\/jobandsense.be\/"},{"@type":"ListItem","position":2,"name":"Bo\u00eete \u00e0 outils","item":"https:\/\/jobandsense.be\/boite-a-outils\/"},{"@type":"ListItem","position":3,"name":"Mieux se conna\u00eetre","item":"https:\/\/jobandsense.be\/boite-a-outils\/mieux-se-connaitre\/"},{"@type":"ListItem","position":4,"name":"D\u00e9couvrir ses qualit\u00e9s"}]},{"@type":"WebSite","@id":"https:\/\/jobandsense.be\/#website","url":"https:\/\/jobandsense.be\/","name":"Job&amp;Sense","description":"La plateforme qui vous donne toutes les informations pour trouver un job qui a du sens","publisher":{"@id":"https:\/\/jobandsense.be\/#organization"},"potentialAction":[{"@type":"SearchAction","target":{"@type":"EntryPoint","urlTemplate":"https:\/\/jobandsense.be\/?s={search_term_string}"},"query-input":{"@type":"PropertyValueSpecification","valueRequired":true,"valueName":"search_term_string"}}],"inLanguage":"nl-BE"},{"@type":"Organization","@id":"https:\/\/jobandsense.be\/#organization","name":"Job&Sense","url":"https:\/\/jobandsense.be\/","logo":{"@type":"ImageObject","inLanguage":"nl-BE","@id":"https:\/\/jobandsense.be\/#\/schema\/logo\/image\/","url":"","contentUrl":"","caption":"Job&Sense"},"image":{"@id":"https:\/\/jobandsense.be\/#\/schema\/logo\/image\/"},"sameAs":["https:\/\/www.facebook.com\/JobandSense","https:\/\/www.instagram.com\/jobandsense\/","https:\/\/www.linkedin.com\/company\/52173671\/admin\/"]}]}},"jetpack_sharing_enabled":true,"_links":{"self":[{"href":"https:\/\/jobandsense.be\/nl\/wp-json\/wp\/v2\/pages\/4294","targetHints":{"allow":["GET"]}}],"collection":[{"href":"https:\/\/jobandsense.be\/nl\/wp-json\/wp\/v2\/pages"}],"about":[{"href":"https:\/\/jobandsense.be\/nl\/wp-json\/wp\/v2\/types\/page"}],"author":[{"embeddable":true,"href":"https:\/\/jobandsense.be\/nl\/wp-json\/wp\/v2\/users\/1"}],"replies":[{"embeddable":true,"href":"https:\/\/jobandsense.be\/nl\/wp-json\/wp\/v2\/comments?post=4294"}],"version-history":[{"count":28,"href":"https:\/\/jobandsense.be\/nl\/wp-json\/wp\/v2\/pages\/4294\/revisions"}],"predecessor-version":[{"id":13790,"href":"https:\/\/jobandsense.be\/nl\/wp-json\/wp\/v2\/pages\/4294\/revisions\/13790"}],"up":[{"embeddable":true,"href":"https:\/\/jobandsense.be\/nl\/wp-json\/wp\/v2\/pages\/2211"}],"wp:featuredmedia":[{"embeddable":true,"href":"https:\/\/jobandsense.be\/nl\/wp-json\/wp\/v2\/media\/4295"}],"wp:attachment":[{"href":"https:\/\/jobandsense.be\/nl\/wp-json\/wp\/v2\/media?parent=4294"}],"curies":[{"name":"wp","href":"https:\/\/api.w.org\/{rel}","templated":true}]}}