{"id":4179,"date":"2021-01-21T10:23:57","date_gmt":"2021-01-21T10:23:57","guid":{"rendered":"https:\/\/jobandsense.be\/?page_id=4179"},"modified":"2026-01-08T12:36:53","modified_gmt":"2026-01-08T10:36:53","slug":"persoonlijkheidstests","status":"publish","type":"page","link":"https:\/\/jobandsense.be\/nl\/toolbox\/elkaar-beter-leren-kennen\/persoonlijkheidstests\/","title":{"rendered":"Persoonlijkheidstests"},"content":{"rendered":"<div data-elementor-type=\"wp-page\" data-elementor-id=\"4179\" class=\"elementor elementor-4179\" data-elementor-post-type=\"page\">\n\t\t\t\t\t\t<section class=\"elementor-section elementor-top-section elementor-element elementor-element-6383741c elementor-section-boxed elementor-section-height-default elementor-section-height-default\" data-id=\"6383741c\" data-element_type=\"section\" data-e-type=\"section\">\n\t\t\t\t\t\t<div class=\"elementor-container elementor-column-gap-default\">\n\t\t\t\t\t<div class=\"elementor-column elementor-col-100 elementor-top-column elementor-element elementor-element-3308bcde\" data-id=\"3308bcde\" data-element_type=\"column\" data-e-type=\"column\">\n\t\t\t<div class=\"elementor-widget-wrap elementor-element-populated\">\n\t\t\t\t\t\t<div class=\"elementor-element elementor-element-246f7f13 elementor-widget elementor-widget-text-editor\" data-id=\"246f7f13\" data-element_type=\"widget\" data-e-type=\"widget\" data-widget_type=\"text-editor.default\">\n\t\t\t\t<div class=\"elementor-widget-container\">\n\t\t\t\t\t\t\t\t\t<p><\/p>\n<p>Om uzelf beter te leren kennen, kunt u online persoonlijkheidstests gebruiken. Er zijn tal van tests gratis beschikbaar.<\/p>\n<p><\/p>\n<p>Het advies van Job&amp;Sense: baseer u niet uitsluitend op de resultaten van \u00e9\u00e9n enkele persoonlijkheidstest. Doe er meerdere en kijk wat het vaakst terugkomt. Dat geeft u een beter idee van uw dominante eigenschappen.<\/p>\n<p><\/p>\t\t\t\t\t\t\t\t<\/div>\n\t\t\t\t<\/div>\n\t\t\t\t<div class=\"elementor-element elementor-element-07960b2 elementor-widget elementor-widget-heading\" data-id=\"07960b2\" data-element_type=\"widget\" data-e-type=\"widget\" data-widget_type=\"heading.default\">\n\t\t\t\t<div class=\"elementor-widget-container\">\n\t\t\t\t\t<h2 class=\"elementor-heading-title elementor-size-default\">Gratis tests<\/h2>\t\t\t\t<\/div>\n\t\t\t\t<\/div>\n\t\t\t\t<div class=\"elementor-element elementor-element-5272763 elementor-widget elementor-widget-text-editor\" data-id=\"5272763\" data-element_type=\"widget\" data-e-type=\"widget\" data-widget_type=\"text-editor.default\">\n\t\t\t\t<div class=\"elementor-widget-container\">\n\t\t\t\t\t\t\t\t\t<ul>\n<li>De <strong>MBTI <\/strong>-test (FR, NL, EN) is een van de meest gebruikte psychologische tests ter wereld. Hij is meer dan 19 miljoen keer afgenomen. Hij identificeert 16 grote verschillende persoonlijkheidstypes met 4 pijlers: extravert\/introvert, sensaties\/intu\u00efties, besluitvorming, actiemodus. U kunt de <span style=\"text-decoration: underline;\"><a href=\"https:\/\/www.16personalities.com\/fr\/test-de-personnalite\" target=\"_blank\" rel=\"noopener\">test hier doen.\u00a0<\/a><\/span><\/li>\n<\/ul>\n<p><!-- \/wp:list --><!-- wp:list --><\/p>\n<p><!-- \/wp:list --><!-- wp:list --><\/p>\n<ul>\n<li>De <strong>VIA character<\/strong> test (FR, NL, EN) laat u uw dominante karaktertrekken ontdekken. Hij is al door meer dan 7 miljoen mensen gedaan. U moet zich registreren en de taal aangeven waarin u de test wilt afleggen. Het lijkt alsof het alleen in het Engels kan, maar u kunt hem gewoon in het Frans of in een andere taal invullen. U kunt de <span style=\"text-decoration: underline;\"><a href=\"https:\/\/www.viacharacter.org\/Account\/Register\" target=\"_blank\" rel=\"noopener\">test hier doen.<\/a><\/span>\u00a0<\/li>\n<\/ul>\n<p><!-- \/wp:list --><!-- wp:list --><\/p>\n<ul>\n<li>De typologie van<strong>Holland <\/strong>(FR) definieert 6 persoonlijkheidstypes die bepaald worden door uw vaardigheden, uw persoonlijkheidstrekken en uw interesses. U kunt de <span style=\"text-decoration: underline;\"><a href=\"https:\/\/www.monemploi.com\/riasec\" target=\"_blank\" rel=\"noopener\">test hier doen<\/a><\/span>U kunt ook <span style=\"text-decoration: underline;\"><a href=\"https:\/\/data.over-blog-kiwi.com\/0\/87\/68\/23\/20181001\/ob_9f1bb0_liste-de-me-tiers-et-professions-selo.pdf\" target=\"_blank\" rel=\"noopener\">dit document (in FR)<\/a><\/span> bekijken dat idee\u00ebn geeft voor beroepen per Holland-persoonlijkheidstype.\u00a0<\/li>\n<\/ul>\n<p><!-- \/wp:list --><!-- wp:paragraph --><!-- \/wp:paragraph --><!-- wp:list --><\/p>\n<ul>\n<li>De <strong>Bilan-analyse<\/strong> test (FR) geeft u een beeld van uw persoonlijkheid (waarden, kwaliteiten, aandacht voor anderen\u2026). Hij is al door meer dan 1 miljoen mensen in 15 landen gedaan. U kunt de <span style=\"text-decoration: underline;\"><a href=\"https:\/\/www.connais-toi.com\/\" target=\"_blank\" rel=\"noopener\">test hier doen<\/a><\/span>.\u00a0<\/li>\n<\/ul>\n<p><!-- \/wp:list --><!-- wp:list --><\/p>\n<p><!-- \/wp:list --><!-- wp:list --><\/p>\n<p><!-- \/wp:list --><!-- wp:list --><\/p>\n<ul>\n<li>De <strong>Big Five<\/strong>\u00a0 (FR, NL, EN) is een grote klassieker onder de persoonlijkheidstests die 5 grote factoren definieert die de persoonlijkheid bepalen. U kunt de <span style=\"text-decoration: underline;\"><a href=\"https:\/\/bigfive-test.com\/fr\" target=\"_blank\" rel=\"noopener\">test hier doen.<\/a><\/span><\/li>\n<\/ul>\n<p><!-- \/wp:list --><!-- wp:list --><\/p>\n<ul>\n<li>De <strong>HEXACO<\/strong> -test (FR, EN) is een recentere test dan de Big Five maar in dezelfde lijn. Hij is langer dan die. U kunt de <span style=\"text-decoration: underline;\"><a href=\"https:\/\/survey.ucalgary.ca\/jfe\/form\/SV_0DHbQPy5Vr0TAlE\" target=\"_blank\" rel=\"noopener\">test hier doen.<\/a><\/span><\/li>\n<\/ul>\n<p><!-- \/wp:list --><!-- wp:list --><\/p>\n<ul>\n<li><strong>Het enneagram <\/strong>(FR, NL, EN) helpt u zichzelf beter te leren kennen en uw persoonlijke ontwikkeling te verrijken. Het is gebaseerd op 9 types van relationeel functioneren. Het wordt tegenwoordig veel gebruikt. U kunt de <span style=\"text-decoration: underline;\"><a href=\"https:\/\/enneagram.bz\/fr\" target=\"_blank\" rel=\"noopener\">test hier doen.<\/a><\/span><\/li>\n<\/ul>\n<p><!-- \/wp:list --><!-- wp:list --><\/p>\n<ul>\n<li><strong>Test your selfie <\/strong>(FR, NL, EN) is een ludiek instrument ontworpen om uw \"soft skills\" in de arbeidswereld te evalueren. U kunt de <span style=\"text-decoration: underline;\"><a href=\"https:\/\/www.testyourselfie.eu\/#\/splash\" target=\"_blank\" rel=\"noopener\">test hier doen<\/a><\/span>.\u00a0<\/li>\n<\/ul>\n<p><!-- \/wp:list --><!-- wp:list --><\/p>\n<ul>\n<li>De <strong>DISC <\/strong>-test (FR, EN) laat u uw manier van communiceren en interageren beter kennen. De basistest is gratis en te vinden <span style=\"text-decoration: underline;\"><a href=\"https:\/\/force4disc.com\/fr\/test-disc\/individual\" target=\"_blank\" rel=\"noopener\">hier<\/a><\/span>.<\/li>\n<\/ul>\n<p><!-- \/wp:list --><!-- wp:list --><\/p>\n<ul>\n<li>De <strong>WhatsType <\/strong>-test (FR, EN) laat u uw persoonlijkheidstrekken in 20 vragen ontdekken. U kunt de <span style=\"text-decoration: underline;\"><a href=\"https:\/\/whatstype.org\/\" target=\"_blank\" rel=\"noopener\">test hier doen<\/a><\/span>.<\/li>\n<\/ul>\n<p>Er is ook een Engelstalig platform dat de belangrijkste types persoonlijkheidstests samenbrengt. Deze site heet <strong><a href=\"https:\/\/www.testmypersona.com\/tests\" target=\"_blank\" rel=\"noopener\">Test my Persona<\/a><\/strong>.\u00a0<\/p>\n<p><!-- \/wp:list --><!-- wp:paragraph --><!-- \/wp:paragraph --><\/p>\t\t\t\t\t\t\t\t<\/div>\n\t\t\t\t<\/div>\n\t\t\t\t<div class=\"elementor-element elementor-element-cac3c88 elementor-widget elementor-widget-heading\" data-id=\"cac3c88\" data-element_type=\"widget\" data-e-type=\"widget\" data-widget_type=\"heading.default\">\n\t\t\t\t<div class=\"elementor-widget-container\">\n\t\t\t\t\t<h2 class=\"elementor-heading-title elementor-size-default\">Betaalde test<\/h2>\t\t\t\t<\/div>\n\t\t\t\t<\/div>\n\t\t\t\t<div class=\"elementor-element elementor-element-dd01c16 elementor-widget elementor-widget-text-editor\" data-id=\"dd01c16\" data-element_type=\"widget\" data-e-type=\"widget\" data-widget_type=\"text-editor.default\">\n\t\t\t\t<div class=\"elementor-widget-container\">\n\t\t\t\t\t\t\t\t\t<p>De <strong>Clifton Strengths <\/strong>(FR, NL, EN) is een test die meer dan 23 miljoen keer is gebruikt. Hij is behoorlijk krachtig omdat hij zeer volledig en exhaustief is. Veel coaches bevelen deze test aan. U kunt hem<span style=\"text-decoration: underline;\"><a href=\"https:\/\/store.gallup.com\/product\/cliftonstrengths-top-5\/01tPa00000QhS6yIAF\" target=\"_blank\" rel=\"noopener\">hier kopen<\/a><\/span>.<\/p>\n<p>Gratis online tests bieden een eerste interessante en toegankelijke lezing van uw persoonlijkheid. Echter, dit werk doen begeleid door professionals of gecertificeerde coaches maakt het mogelijk om veel dieper te gaan, het begrip van de resultaten te verfijnen en ze concreet te verbinden met uw ervaring, uw competenties en uw projecten.<\/p>\n<p><!-- \/wp:paragraph --><\/p>\t\t\t\t\t\t\t\t<\/div>\n\t\t\t\t<\/div>\n\t\t\t\t\t<\/div>\n\t\t<\/div>\n\t\t\t\t\t<\/div>\n\t\t<\/section>\n\t\t\t\t<\/div>","protected":false},"excerpt":{"rendered":"<p>Pour commencer \u00e0 mieux vous conna\u00eetre vous pouvez utiliser des tests de personnalit\u00e9 en ligne. Il y a de nombreux tests qui sont disponibles gratuitement. Le conseil de Job&amp;Sense: ne vous basez pas uniquement sur les r\u00e9sultats d\u2019un seul test de personnalit\u00e9. Faites-en plusieurs et regardez ce qui revient le plus souvent. Cela vous donnera&#8230;<\/p>","protected":false},"author":1,"featured_media":4180,"parent":2211,"menu_order":1,"comment_status":"closed","ping_status":"closed","template":"","meta":{"_acf_changed":false,"episode_type":"","audio_file":"","cover_image":"","cover_image_id":"","duration":"","filesize":"","filesize_raw":"","date_recorded":"","explicit":"","block":"","footnotes":""},"class_list":["post-4179","page","type-page","status-publish","has-post-thumbnail","hentry","wpbf-post"],"acf":[],"yoast_head":"<!-- This site is optimized with the Yoast SEO plugin v26.8 - https:\/\/yoast.com\/product\/yoast-seo-wordpress\/ -->\n<title>Liste des tests de personnalit\u00e9 les plus connus &#8226; Job&amp;Sense<\/title>\n<meta name=\"description\" content=\"Pour commencer \u00e0 mieux vous conna\u00eetre vous pouvez utiliser des tests de personnalit\u00e9 en ligne. Il y a de nombreux tests qui sont disponibles gratuitement.\" \/>\n<meta name=\"robots\" content=\"index, follow, max-snippet:-1, max-image-preview:large, max-video-preview:-1\" \/>\n<link rel=\"canonical\" href=\"https:\/\/jobandsense.be\/nl\/toolbox\/elkaar-beter-leren-kennen\/persoonlijkheidstests\/\" \/>\n<meta property=\"og:locale\" content=\"nl_BE\" \/>\n<meta property=\"og:type\" content=\"article\" \/>\n<meta property=\"og:title\" content=\"Liste des tests de personnalit\u00e9 les plus connus\" \/>\n<meta property=\"og:description\" content=\"Pour commencer \u00e0 mieux vous conna\u00eetre vous pouvez utiliser des tests de personnalit\u00e9 en ligne. Il y a de nombreux tests qui sont disponibles gratuitement.\" \/>\n<meta property=\"og:url\" content=\"https:\/\/jobandsense.be\/nl\/toolbox\/elkaar-beter-leren-kennen\/persoonlijkheidstests\/\" \/>\n<meta property=\"og:site_name\" content=\"Job&amp;Sense\" \/>\n<meta property=\"article:publisher\" content=\"https:\/\/www.facebook.com\/JobandSense\" \/>\n<meta property=\"article:modified_time\" content=\"2026-01-08T10:36:53+00:00\" \/>\n<meta property=\"og:image\" content=\"https:\/\/jobandsense.be\/wp-content\/uploads\/2021\/01\/test-de-personnalite\u0301.jpg\" \/>\n\t<meta property=\"og:image:width\" content=\"1280\" \/>\n\t<meta property=\"og:image:height\" content=\"775\" \/>\n\t<meta property=\"og:image:type\" content=\"image\/jpeg\" \/>\n<meta name=\"twitter:card\" content=\"summary_large_image\" \/>\n<meta name=\"twitter:label1\" content=\"Geschatte leestijd\" \/>\n\t<meta name=\"twitter:data1\" content=\"3 minuten\" \/>\n<script type=\"application\/ld+json\" class=\"yoast-schema-graph\">{\"@context\":\"https:\/\/schema.org\",\"@graph\":[{\"@type\":\"WebPage\",\"@id\":\"https:\/\/jobandsense.be\/boite-a-outils\/mieux-se-connaitre\/tests-de-personnalite\/\",\"url\":\"https:\/\/jobandsense.be\/boite-a-outils\/mieux-se-connaitre\/tests-de-personnalite\/\",\"name\":\"Liste des tests de personnalit\u00e9 les plus connus &#8226; Job&Sense\",\"isPartOf\":{\"@id\":\"https:\/\/jobandsense.be\/#website\"},\"primaryImageOfPage\":{\"@id\":\"https:\/\/jobandsense.be\/boite-a-outils\/mieux-se-connaitre\/tests-de-personnalite\/#primaryimage\"},\"image\":{\"@id\":\"https:\/\/jobandsense.be\/boite-a-outils\/mieux-se-connaitre\/tests-de-personnalite\/#primaryimage\"},\"thumbnailUrl\":\"https:\/\/jobandsense.be\/wp-content\/uploads\/2021\/01\/test-de-personnalite\u0301.jpg\",\"datePublished\":\"2021-01-21T10:23:57+00:00\",\"dateModified\":\"2026-01-08T10:36:53+00:00\",\"description\":\"Pour commencer \u00e0 mieux vous conna\u00eetre vous pouvez utiliser des tests de personnalit\u00e9 en ligne. Il y a de nombreux tests qui sont disponibles gratuitement.\",\"breadcrumb\":{\"@id\":\"https:\/\/jobandsense.be\/boite-a-outils\/mieux-se-connaitre\/tests-de-personnalite\/#breadcrumb\"},\"inLanguage\":\"nl-BE\",\"potentialAction\":[{\"@type\":\"ReadAction\",\"target\":[\"https:\/\/jobandsense.be\/boite-a-outils\/mieux-se-connaitre\/tests-de-personnalite\/\"]}]},{\"@type\":\"ImageObject\",\"inLanguage\":\"nl-BE\",\"@id\":\"https:\/\/jobandsense.be\/boite-a-outils\/mieux-se-connaitre\/tests-de-personnalite\/#primaryimage\",\"url\":\"https:\/\/jobandsense.be\/wp-content\/uploads\/2021\/01\/test-de-personnalite\u0301.jpg\",\"contentUrl\":\"https:\/\/jobandsense.be\/wp-content\/uploads\/2021\/01\/test-de-personnalite\u0301.jpg\",\"width\":1280,\"height\":775,\"caption\":\"Image par ElisaRiva de Pixabay\"},{\"@type\":\"BreadcrumbList\",\"@id\":\"https:\/\/jobandsense.be\/boite-a-outils\/mieux-se-connaitre\/tests-de-personnalite\/#breadcrumb\",\"itemListElement\":[{\"@type\":\"ListItem\",\"position\":1,\"name\":\"Accueil\",\"item\":\"https:\/\/jobandsense.be\/\"},{\"@type\":\"ListItem\",\"position\":2,\"name\":\"Bo\u00eete \u00e0 outils\",\"item\":\"https:\/\/jobandsense.be\/boite-a-outils\/\"},{\"@type\":\"ListItem\",\"position\":3,\"name\":\"Mieux se conna\u00eetre\",\"item\":\"https:\/\/jobandsense.be\/boite-a-outils\/mieux-se-connaitre\/\"},{\"@type\":\"ListItem\",\"position\":4,\"name\":\"Tests de personnalit\u00e9\"}]},{\"@type\":\"WebSite\",\"@id\":\"https:\/\/jobandsense.be\/#website\",\"url\":\"https:\/\/jobandsense.be\/\",\"name\":\"Job&amp;Sense\",\"description\":\"La plateforme qui vous donne toutes les informations pour trouver un job qui a du sens\",\"publisher\":{\"@id\":\"https:\/\/jobandsense.be\/#organization\"},\"potentialAction\":[{\"@type\":\"SearchAction\",\"target\":{\"@type\":\"EntryPoint\",\"urlTemplate\":\"https:\/\/jobandsense.be\/?s={search_term_string}\"},\"query-input\":{\"@type\":\"PropertyValueSpecification\",\"valueRequired\":true,\"valueName\":\"search_term_string\"}}],\"inLanguage\":\"nl-BE\"},{\"@type\":\"Organization\",\"@id\":\"https:\/\/jobandsense.be\/#organization\",\"name\":\"Job&Sense\",\"url\":\"https:\/\/jobandsense.be\/\",\"logo\":{\"@type\":\"ImageObject\",\"inLanguage\":\"nl-BE\",\"@id\":\"https:\/\/jobandsense.be\/#\/schema\/logo\/image\/\",\"url\":\"\",\"contentUrl\":\"\",\"caption\":\"Job&Sense\"},\"image\":{\"@id\":\"https:\/\/jobandsense.be\/#\/schema\/logo\/image\/\"},\"sameAs\":[\"https:\/\/www.facebook.com\/JobandSense\",\"https:\/\/www.instagram.com\/jobandsense\/\",\"https:\/\/www.linkedin.com\/company\/52173671\/admin\/\"]}]}<\/script>\n<!-- \/ Yoast SEO plugin. -->","yoast_head_json":{"title":"Liste des tests de personnalit\u00e9 les plus connus &#8226; Job&Sense","description":"Om uzelf beter te leren kennen, kunt u online persoonlijkheidstests gebruiken. Er zijn tal van tests gratis beschikbaar.","robots":{"index":"index","follow":"follow","max-snippet":"max-snippet:-1","max-image-preview":"max-image-preview:large","max-video-preview":"max-video-preview:-1"},"canonical":"https:\/\/jobandsense.be\/nl\/toolbox\/elkaar-beter-leren-kennen\/persoonlijkheidstests\/","og_locale":"nl_BE","og_type":"article","og_title":"Liste des tests de personnalit\u00e9 les plus connus","og_description":"Pour commencer \u00e0 mieux vous conna\u00eetre vous pouvez utiliser des tests de personnalit\u00e9 en ligne. Il y a de nombreux tests qui sont disponibles gratuitement.","og_url":"https:\/\/jobandsense.be\/nl\/toolbox\/elkaar-beter-leren-kennen\/persoonlijkheidstests\/","og_site_name":"Job&amp;Sense","article_publisher":"https:\/\/www.facebook.com\/JobandSense","article_modified_time":"2026-01-08T10:36:53+00:00","og_image":[{"width":1280,"height":775,"url":"https:\/\/jobandsense.be\/wp-content\/uploads\/2021\/01\/test-de-personnalite\u0301.jpg","type":"image\/jpeg"}],"twitter_card":"summary_large_image","twitter_misc":{"Geschatte leestijd":"3 minuten"},"schema":{"@context":"https:\/\/schema.org","@graph":[{"@type":"WebPage","@id":"https:\/\/jobandsense.be\/boite-a-outils\/mieux-se-connaitre\/tests-de-personnalite\/","url":"https:\/\/jobandsense.be\/boite-a-outils\/mieux-se-connaitre\/tests-de-personnalite\/","name":"Liste des tests de personnalit\u00e9 les plus connus &#8226; Job&Sense","isPartOf":{"@id":"https:\/\/jobandsense.be\/#website"},"primaryImageOfPage":{"@id":"https:\/\/jobandsense.be\/boite-a-outils\/mieux-se-connaitre\/tests-de-personnalite\/#primaryimage"},"image":{"@id":"https:\/\/jobandsense.be\/boite-a-outils\/mieux-se-connaitre\/tests-de-personnalite\/#primaryimage"},"thumbnailUrl":"https:\/\/jobandsense.be\/wp-content\/uploads\/2021\/01\/test-de-personnalite\u0301.jpg","datePublished":"2021-01-21T10:23:57+00:00","dateModified":"2026-01-08T10:36:53+00:00","description":"Om uzelf beter te leren kennen, kunt u online persoonlijkheidstests gebruiken. Er zijn tal van tests gratis beschikbaar.","breadcrumb":{"@id":"https:\/\/jobandsense.be\/boite-a-outils\/mieux-se-connaitre\/tests-de-personnalite\/#breadcrumb"},"inLanguage":"nl-BE","potentialAction":[{"@type":"ReadAction","target":["https:\/\/jobandsense.be\/boite-a-outils\/mieux-se-connaitre\/tests-de-personnalite\/"]}]},{"@type":"ImageObject","inLanguage":"nl-BE","@id":"https:\/\/jobandsense.be\/boite-a-outils\/mieux-se-connaitre\/tests-de-personnalite\/#primaryimage","url":"https:\/\/jobandsense.be\/wp-content\/uploads\/2021\/01\/test-de-personnalite\u0301.jpg","contentUrl":"https:\/\/jobandsense.be\/wp-content\/uploads\/2021\/01\/test-de-personnalite\u0301.jpg","width":1280,"height":775,"caption":"Image par ElisaRiva de Pixabay"},{"@type":"BreadcrumbList","@id":"https:\/\/jobandsense.be\/boite-a-outils\/mieux-se-connaitre\/tests-de-personnalite\/#breadcrumb","itemListElement":[{"@type":"ListItem","position":1,"name":"Accueil","item":"https:\/\/jobandsense.be\/"},{"@type":"ListItem","position":2,"name":"Bo\u00eete \u00e0 outils","item":"https:\/\/jobandsense.be\/boite-a-outils\/"},{"@type":"ListItem","position":3,"name":"Mieux se conna\u00eetre","item":"https:\/\/jobandsense.be\/boite-a-outils\/mieux-se-connaitre\/"},{"@type":"ListItem","position":4,"name":"Tests de personnalit\u00e9"}]},{"@type":"WebSite","@id":"https:\/\/jobandsense.be\/#website","url":"https:\/\/jobandsense.be\/","name":"Job&amp;Sense","description":"La plateforme qui vous donne toutes les informations pour trouver un job qui a du sens","publisher":{"@id":"https:\/\/jobandsense.be\/#organization"},"potentialAction":[{"@type":"SearchAction","target":{"@type":"EntryPoint","urlTemplate":"https:\/\/jobandsense.be\/?s={search_term_string}"},"query-input":{"@type":"PropertyValueSpecification","valueRequired":true,"valueName":"search_term_string"}}],"inLanguage":"nl-BE"},{"@type":"Organization","@id":"https:\/\/jobandsense.be\/#organization","name":"Job&Sense","url":"https:\/\/jobandsense.be\/","logo":{"@type":"ImageObject","inLanguage":"nl-BE","@id":"https:\/\/jobandsense.be\/#\/schema\/logo\/image\/","url":"","contentUrl":"","caption":"Job&Sense"},"image":{"@id":"https:\/\/jobandsense.be\/#\/schema\/logo\/image\/"},"sameAs":["https:\/\/www.facebook.com\/JobandSense","https:\/\/www.instagram.com\/jobandsense\/","https:\/\/www.linkedin.com\/company\/52173671\/admin\/"]}]}},"jetpack_sharing_enabled":true,"_links":{"self":[{"href":"https:\/\/jobandsense.be\/nl\/wp-json\/wp\/v2\/pages\/4179","targetHints":{"allow":["GET"]}}],"collection":[{"href":"https:\/\/jobandsense.be\/nl\/wp-json\/wp\/v2\/pages"}],"about":[{"href":"https:\/\/jobandsense.be\/nl\/wp-json\/wp\/v2\/types\/page"}],"author":[{"embeddable":true,"href":"https:\/\/jobandsense.be\/nl\/wp-json\/wp\/v2\/users\/1"}],"replies":[{"embeddable":true,"href":"https:\/\/jobandsense.be\/nl\/wp-json\/wp\/v2\/comments?post=4179"}],"version-history":[{"count":60,"href":"https:\/\/jobandsense.be\/nl\/wp-json\/wp\/v2\/pages\/4179\/revisions"}],"predecessor-version":[{"id":14161,"href":"https:\/\/jobandsense.be\/nl\/wp-json\/wp\/v2\/pages\/4179\/revisions\/14161"}],"up":[{"embeddable":true,"href":"https:\/\/jobandsense.be\/nl\/wp-json\/wp\/v2\/pages\/2211"}],"wp:featuredmedia":[{"embeddable":true,"href":"https:\/\/jobandsense.be\/nl\/wp-json\/wp\/v2\/media\/4180"}],"wp:attachment":[{"href":"https:\/\/jobandsense.be\/nl\/wp-json\/wp\/v2\/media?parent=4179"}],"curies":[{"name":"wp","href":"https:\/\/api.w.org\/{rel}","templated":true}]}}