{"id":4015,"date":"2021-01-20T10:29:05","date_gmt":"2021-01-20T10:29:05","guid":{"rendered":"https:\/\/jobandsense.be\/?page_id=4015"},"modified":"2025-12-04T13:19:46","modified_gmt":"2025-12-04T11:19:46","slug":"opleiding-volgen-wanneer-men-arbeidsongeschikt-is","status":"publish","type":"page","link":"https:\/\/jobandsense.be\/nl\/toolbox\/zich-opleiden\/opleiding-volgen-wanneer-men-arbeidsongeschikt-is\/","title":{"rendered":"Je vormen als arbeidsongeschikt persoon"},"content":{"rendered":"<div data-elementor-type=\"wp-page\" data-elementor-id=\"4015\" class=\"elementor elementor-4015\" data-elementor-post-type=\"page\">\n\t\t\t\t\t\t<section class=\"elementor-section elementor-top-section elementor-element elementor-element-24a05cf6 elementor-section-boxed elementor-section-height-default elementor-section-height-default\" data-id=\"24a05cf6\" data-element_type=\"section\" data-e-type=\"section\">\n\t\t\t\t\t\t<div class=\"elementor-container elementor-column-gap-default\">\n\t\t\t\t\t<div class=\"elementor-column elementor-col-100 elementor-top-column elementor-element elementor-element-32aac6e7\" data-id=\"32aac6e7\" data-element_type=\"column\" data-e-type=\"column\">\n\t\t\t<div class=\"elementor-widget-wrap elementor-element-populated\">\n\t\t\t\t\t\t<div class=\"elementor-element elementor-element-8df0cbc elementor-widget elementor-widget-text-editor\" data-id=\"8df0cbc\" data-element_type=\"widget\" data-e-type=\"widget\" data-widget_type=\"text-editor.default\">\n\t\t\t\t<div class=\"elementor-widget-container\">\n\t\t\t\t\t\t\t\t\t<p data-start=\"241\" data-end=\"451\">Het is mogelijk!<\/p>\n<p data-start=\"241\" data-end=\"451\">U bent arbeidsongeschikt, maar u voelt dat er iets moet bewegen?<br data-start=\"325\" data-end=\"328\" \/>Dat u zich moet herori\u00ebnteren, opleiden, of gewoon een richting moet hervinden die betekenis heeft voor u?<\/p>\n<p data-start=\"241\" data-end=\"451\">L\u2019<a href=\"https:\/\/www.inami.fgov.be\/fr\/themes\/reinsertion-socio-professionnelle\/reprendre-un-travail-de-votre-propre-initiative-pendant-une-incapacite-de-travail-accompagnement-par-votre-mutualite\" target=\"_blank\" rel=\"noopener\">INAMI<\/a> a pr\u00e9vu un parcours pour se faire.<\/p>\t\t\t\t\t\t\t\t<\/div>\n\t\t\t\t<\/div>\n\t\t\t\t<div class=\"elementor-element elementor-element-01aa9bc elementor-widget elementor-widget-heading\" data-id=\"01aa9bc\" data-element_type=\"widget\" data-e-type=\"widget\" data-widget_type=\"heading.default\">\n\t\t\t\t<div class=\"elementor-widget-container\">\n\t\t\t\t\t<h2 class=\"elementor-heading-title elementor-size-default\">U hebt al een opleidingsidee<\/h2>\t\t\t\t<\/div>\n\t\t\t\t<\/div>\n\t\t\t\t<div class=\"elementor-element elementor-element-6dac59a elementor-widget elementor-widget-text-editor\" data-id=\"6dac59a\" data-element_type=\"widget\" data-e-type=\"widget\" data-widget_type=\"text-editor.default\">\n\t\t\t\t<div class=\"elementor-widget-container\">\n\t\t\t\t\t\t\t\t\t<p data-start=\"630\" data-end=\"738\">Bespreek dit met uw <strong data-start=\"648\" data-end=\"682\">Co\u00f6rdinator Terugkeer naar Werk.<\/strong>.<br data-start=\"683\" data-end=\"686\" \/>Uw project zal door de <strong data-start=\"718\" data-end=\"737\">adviserend geneesheer worden ge\u00ebvalueerd.<\/strong>.<\/p>\n<h3 data-start=\"740\" data-end=\"776\">Als uw project wordt aanvaard<\/h3>\n<p data-start=\"777\" data-end=\"950\">Uw dossier gaat naar de <strong data-start=\"799\" data-end=\"840\">Geneeskundige Raad voor de Invaliditeit (GRI).<\/strong>.<br data-start=\"841\" data-end=\"844\" \/>In geval van goedkeuring:<br data-start=\"861\" data-end=\"864\" \/>\ud83d\udc49 Het RIZIV betaalt uw opleidingskosten, ori\u00ebntatieonderzoek en verplaatsingskosten terug.<\/p>\n<h3 data-start=\"952\" data-end=\"983\">Als het project wordt geweigerd<\/h3>\n<p data-start=\"984\" data-end=\"1083\">Alleen het ori\u00ebntatieonderzoek wordt ten laste genomen.<br data-start=\"1031\" data-end=\"1034\" \/>En u kunt binnen 3 maanden beroep aantekenen.<\/p>\t\t\t\t\t\t\t\t<\/div>\n\t\t\t\t<\/div>\n\t\t\t\t<div class=\"elementor-element elementor-element-d884b59 elementor-widget elementor-widget-heading\" data-id=\"d884b59\" data-element_type=\"widget\" data-e-type=\"widget\" data-widget_type=\"heading.default\">\n\t\t\t\t<div class=\"elementor-widget-container\">\n\t\t\t\t\t<h2 class=\"elementor-heading-title elementor-size-default\">Hebt u nog geen project?<\/h2>\t\t\t\t<\/div>\n\t\t\t\t<\/div>\n\t\t\t\t<div class=\"elementor-element elementor-element-e8619d7 elementor-widget elementor-widget-text-editor\" data-id=\"e8619d7\" data-element_type=\"widget\" data-e-type=\"widget\" data-widget_type=\"text-editor.default\">\n\t\t\t\t<div class=\"elementor-widget-container\">\n\t\t\t\t\t\t\t\t\t<p data-start=\"1138\" data-end=\"1362\">Uw co\u00f6rdinator verwijst u door naar <strong data-start=\"1175\" data-end=\"1206\">Actiris, de Forem of de VDAB.<\/strong>.<br data-start=\"1207\" data-end=\"1210\" \/>Een adviseur zal u helpen uw wensen, uw beperkingen, uw sterke punten te verduidelijken.<br data-start=\"1284\" data-end=\"1287\" \/>Zodra het project is opgebouwd, wordt het voorgelegd aan de adviserend geneesheer en vervolgens aan de GRI.<\/p>\n<p data-start=\"1364\" data-end=\"1428\">\ud83d\udc49 In geval van goedkeuring: de kosten verbonden aan het traject worden terugbetaald.<\/p>\n<p data-start=\"1430\" data-end=\"1507\">\ud83d\udc49 In geval van weigering: alleen de kosten van de begeleiding worden ten laste genomen.<\/p>\t\t\t\t\t\t\t\t<\/div>\n\t\t\t\t<\/div>\n\t\t\t\t<div class=\"elementor-element elementor-element-7fa6829 elementor-widget elementor-widget-heading\" data-id=\"7fa6829\" data-element_type=\"widget\" data-e-type=\"widget\" data-widget_type=\"heading.default\">\n\t\t\t\t<div class=\"elementor-widget-container\">\n\t\t\t\t\t<h2 class=\"elementor-heading-title elementor-size-default\">Tijdens de opleiding<\/h2>\t\t\t\t<\/div>\n\t\t\t\t<\/div>\n\t\t\t\t<div class=\"elementor-element elementor-element-91f764d elementor-widget elementor-widget-text-editor\" data-id=\"91f764d\" data-element_type=\"widget\" data-e-type=\"widget\" data-widget_type=\"text-editor.default\">\n\t\t\t\t<div class=\"elementor-widget-container\">\n\t\t\t\t\t\t\t\t\t<p data-start=\"1962\" data-end=\"2086\">Informeer uw adviseur als:<br data-start=\"1992\" data-end=\"1995\" \/>de data veranderen, de opleiding stopt, u faalt of een betaalde stage begint, want dit kan een impact hebben op uw uitkeringen.<\/p>\n<p data-start=\"2088\" data-end=\"2182\">De terugbetalingen van uw kosten (als u in het RIZIV-traject zit) verlopen via uw ziekenfonds.<\/p>\t\t\t\t\t\t\t\t<\/div>\n\t\t\t\t<\/div>\n\t\t\t\t<div class=\"elementor-element elementor-element-f9913ab elementor-widget elementor-widget-heading\" data-id=\"f9913ab\" data-element_type=\"widget\" data-e-type=\"widget\" data-widget_type=\"heading.default\">\n\t\t\t\t<div class=\"elementor-widget-container\">\n\t\t\t\t\t<h2 class=\"elementor-heading-title elementor-size-default\">Na de opleiding<\/h2>\t\t\t\t<\/div>\n\t\t\t\t<\/div>\n\t\t\t\t<div class=\"elementor-element elementor-element-e8db0be elementor-widget elementor-widget-text-editor\" data-id=\"e8db0be\" data-element_type=\"widget\" data-e-type=\"widget\" data-widget_type=\"text-editor.default\">\n\t\t\t\t<div class=\"elementor-widget-container\">\n\t\t\t\t\t\t\t\t\t<p data-start=\"2221\" data-end=\"2362\">U hebt 6 maanden om een baan te zoeken met uw nieuwe competenties.<br data-start=\"2297\" data-end=\"2300\" \/>De regionale diensten voor arbeidsvoorziening kunnen u begeleiden.<\/p>\n<p data-start=\"2364\" data-end=\"2458\">Vervolgens herbeoordeelt de adviserend geneesheer uw arbeidsongeschiktheid rekening houdend met uw evolutie.<\/p>\t\t\t\t\t\t\t\t<\/div>\n\t\t\t\t<\/div>\n\t\t\t\t\t<\/div>\n\t\t<\/div>\n\t\t\t\t\t<\/div>\n\t\t<\/section>\n\t\t\t\t<\/div>","protected":false},"excerpt":{"rendered":"<p>Vous \u00eates en incapacit\u00e9 de travail mais vous souhaitez vous former dans le but de retourner sur le march\u00e9 du travail\u00a0? Vous pouvez alors suivre un parcours de r\u00e9orientation et de r\u00e9habilitation professionnelle propos\u00e9 par l\u2019INAMI. Il vous permettra d&rsquo;\u00e9tudier tout en continuant de b\u00e9n\u00e9ficier des allocations de la mutuelle. Ce parcours vous permettra de&#8230;<\/p>","protected":false},"author":1,"featured_media":4017,"parent":2722,"menu_order":5,"comment_status":"closed","ping_status":"closed","template":"","meta":{"_acf_changed":false,"episode_type":"","audio_file":"","cover_image":"","cover_image_id":"","duration":"","filesize":"","filesize_raw":"","date_recorded":"","explicit":"","block":"","footnotes":""},"class_list":["post-4015","page","type-page","status-publish","has-post-thumbnail","hentry","wpbf-post"],"acf":[],"yoast_head":"<!-- This site is optimized with the Yoast SEO plugin v26.8 - https:\/\/yoast.com\/product\/yoast-seo-wordpress\/ -->\n<title>Se former quand on est en incapacit\u00e9 de travail &#8226; Job&amp;Sense<\/title>\n<meta name=\"description\" content=\"Vous \u00eates en incapacit\u00e9 de travail mais vous souhaitez vous former dans le but de retourner sur le march\u00e9 du travail ? C&#039;est possible.\" \/>\n<meta name=\"robots\" content=\"index, follow, max-snippet:-1, max-image-preview:large, max-video-preview:-1\" \/>\n<link rel=\"canonical\" href=\"https:\/\/jobandsense.be\/nl\/toolbox\/zich-opleiden\/opleiding-volgen-wanneer-men-arbeidsongeschikt-is\/\" \/>\n<meta property=\"og:locale\" content=\"nl_BE\" \/>\n<meta property=\"og:type\" content=\"article\" \/>\n<meta property=\"og:title\" content=\"Se former quand on est en incapacit\u00e9 de travail\" \/>\n<meta property=\"og:description\" content=\"Vous \u00eates en incapacit\u00e9 de travail mais vous souhaitez vous former dans le but de retourner sur le march\u00e9 du travail ? C&#039;est possible.\" \/>\n<meta property=\"og:url\" content=\"https:\/\/jobandsense.be\/nl\/toolbox\/zich-opleiden\/opleiding-volgen-wanneer-men-arbeidsongeschikt-is\/\" \/>\n<meta property=\"og:site_name\" content=\"Job&amp;Sense\" \/>\n<meta property=\"article:publisher\" content=\"https:\/\/www.facebook.com\/JobandSense\" \/>\n<meta property=\"article:modified_time\" content=\"2025-12-04T11:19:46+00:00\" \/>\n<meta property=\"og:image\" content=\"https:\/\/jobandsense.be\/wp-content\/uploads\/2021\/01\/formation-incapacite\u0301-de-travail.jpg\" \/>\n\t<meta property=\"og:image:width\" content=\"1280\" \/>\n\t<meta property=\"og:image:height\" content=\"853\" \/>\n\t<meta property=\"og:image:type\" content=\"image\/jpeg\" \/>\n<meta name=\"twitter:card\" content=\"summary_large_image\" \/>\n<meta name=\"twitter:label1\" content=\"Geschatte leestijd\" \/>\n\t<meta name=\"twitter:data1\" content=\"2 minuten\" \/>\n<script type=\"application\/ld+json\" class=\"yoast-schema-graph\">{\"@context\":\"https:\/\/schema.org\",\"@graph\":[{\"@type\":\"WebPage\",\"@id\":\"https:\/\/jobandsense.be\/boite-a-outils\/se-former\/se-former-quand-on-est-en-incapacite-de-travail\/\",\"url\":\"https:\/\/jobandsense.be\/boite-a-outils\/se-former\/se-former-quand-on-est-en-incapacite-de-travail\/\",\"name\":\"Se former quand on est en incapacit\u00e9 de travail &#8226; Job&Sense\",\"isPartOf\":{\"@id\":\"https:\/\/jobandsense.be\/#website\"},\"primaryImageOfPage\":{\"@id\":\"https:\/\/jobandsense.be\/boite-a-outils\/se-former\/se-former-quand-on-est-en-incapacite-de-travail\/#primaryimage\"},\"image\":{\"@id\":\"https:\/\/jobandsense.be\/boite-a-outils\/se-former\/se-former-quand-on-est-en-incapacite-de-travail\/#primaryimage\"},\"thumbnailUrl\":\"https:\/\/jobandsense.be\/wp-content\/uploads\/2021\/01\/formation-incapacite\u0301-de-travail.jpg\",\"datePublished\":\"2021-01-20T10:29:05+00:00\",\"dateModified\":\"2025-12-04T11:19:46+00:00\",\"description\":\"Vous \u00eates en incapacit\u00e9 de travail mais vous souhaitez vous former dans le but de retourner sur le march\u00e9 du travail ? C'est possible.\",\"breadcrumb\":{\"@id\":\"https:\/\/jobandsense.be\/boite-a-outils\/se-former\/se-former-quand-on-est-en-incapacite-de-travail\/#breadcrumb\"},\"inLanguage\":\"nl-BE\",\"potentialAction\":[{\"@type\":\"ReadAction\",\"target\":[\"https:\/\/jobandsense.be\/boite-a-outils\/se-former\/se-former-quand-on-est-en-incapacite-de-travail\/\"]}]},{\"@type\":\"ImageObject\",\"inLanguage\":\"nl-BE\",\"@id\":\"https:\/\/jobandsense.be\/boite-a-outils\/se-former\/se-former-quand-on-est-en-incapacite-de-travail\/#primaryimage\",\"url\":\"https:\/\/jobandsense.be\/wp-content\/uploads\/2021\/01\/formation-incapacite\u0301-de-travail.jpg\",\"contentUrl\":\"https:\/\/jobandsense.be\/wp-content\/uploads\/2021\/01\/formation-incapacite\u0301-de-travail.jpg\",\"width\":1280,\"height\":853,\"caption\":\"Image par mhoppsy de Pixabay\"},{\"@type\":\"BreadcrumbList\",\"@id\":\"https:\/\/jobandsense.be\/boite-a-outils\/se-former\/se-former-quand-on-est-en-incapacite-de-travail\/#breadcrumb\",\"itemListElement\":[{\"@type\":\"ListItem\",\"position\":1,\"name\":\"Accueil\",\"item\":\"https:\/\/jobandsense.be\/\"},{\"@type\":\"ListItem\",\"position\":2,\"name\":\"Bo\u00eete \u00e0 outils\",\"item\":\"https:\/\/jobandsense.be\/boite-a-outils\/\"},{\"@type\":\"ListItem\",\"position\":3,\"name\":\"Se former\",\"item\":\"https:\/\/jobandsense.be\/boite-a-outils\/se-former\/\"},{\"@type\":\"ListItem\",\"position\":4,\"name\":\"Se former quand on est en incapacit\u00e9 de travail\"}]},{\"@type\":\"WebSite\",\"@id\":\"https:\/\/jobandsense.be\/#website\",\"url\":\"https:\/\/jobandsense.be\/\",\"name\":\"Job&amp;Sense\",\"description\":\"La plateforme qui vous donne toutes les informations pour trouver un job qui a du sens\",\"publisher\":{\"@id\":\"https:\/\/jobandsense.be\/#organization\"},\"potentialAction\":[{\"@type\":\"SearchAction\",\"target\":{\"@type\":\"EntryPoint\",\"urlTemplate\":\"https:\/\/jobandsense.be\/?s={search_term_string}\"},\"query-input\":{\"@type\":\"PropertyValueSpecification\",\"valueRequired\":true,\"valueName\":\"search_term_string\"}}],\"inLanguage\":\"nl-BE\"},{\"@type\":\"Organization\",\"@id\":\"https:\/\/jobandsense.be\/#organization\",\"name\":\"Job&Sense\",\"url\":\"https:\/\/jobandsense.be\/\",\"logo\":{\"@type\":\"ImageObject\",\"inLanguage\":\"nl-BE\",\"@id\":\"https:\/\/jobandsense.be\/#\/schema\/logo\/image\/\",\"url\":\"\",\"contentUrl\":\"\",\"caption\":\"Job&Sense\"},\"image\":{\"@id\":\"https:\/\/jobandsense.be\/#\/schema\/logo\/image\/\"},\"sameAs\":[\"https:\/\/www.facebook.com\/JobandSense\",\"https:\/\/www.instagram.com\/jobandsense\/\",\"https:\/\/www.linkedin.com\/company\/52173671\/admin\/\"]}]}<\/script>\n<!-- \/ Yoast SEO plugin. -->","yoast_head_json":{"title":"Se former quand on est en incapacit\u00e9 de travail &#8226; Job&Sense","description":"Vous \u00eates en incapacit\u00e9 de travail mais vous souhaitez vous former dans le but de retourner sur le march\u00e9 du travail ? C'est possible.","robots":{"index":"index","follow":"follow","max-snippet":"max-snippet:-1","max-image-preview":"max-image-preview:large","max-video-preview":"max-video-preview:-1"},"canonical":"https:\/\/jobandsense.be\/nl\/toolbox\/zich-opleiden\/opleiding-volgen-wanneer-men-arbeidsongeschikt-is\/","og_locale":"nl_BE","og_type":"article","og_title":"Se former quand on est en incapacit\u00e9 de travail","og_description":"Vous \u00eates en incapacit\u00e9 de travail mais vous souhaitez vous former dans le but de retourner sur le march\u00e9 du travail ? C'est possible.","og_url":"https:\/\/jobandsense.be\/nl\/toolbox\/zich-opleiden\/opleiding-volgen-wanneer-men-arbeidsongeschikt-is\/","og_site_name":"Job&amp;Sense","article_publisher":"https:\/\/www.facebook.com\/JobandSense","article_modified_time":"2025-12-04T11:19:46+00:00","og_image":[{"width":1280,"height":853,"url":"https:\/\/jobandsense.be\/wp-content\/uploads\/2021\/01\/formation-incapacite\u0301-de-travail.jpg","type":"image\/jpeg"}],"twitter_card":"summary_large_image","twitter_misc":{"Geschatte leestijd":"2 minuten"},"schema":{"@context":"https:\/\/schema.org","@graph":[{"@type":"WebPage","@id":"https:\/\/jobandsense.be\/boite-a-outils\/se-former\/se-former-quand-on-est-en-incapacite-de-travail\/","url":"https:\/\/jobandsense.be\/boite-a-outils\/se-former\/se-former-quand-on-est-en-incapacite-de-travail\/","name":"Se former quand on est en incapacit\u00e9 de travail &#8226; Job&Sense","isPartOf":{"@id":"https:\/\/jobandsense.be\/#website"},"primaryImageOfPage":{"@id":"https:\/\/jobandsense.be\/boite-a-outils\/se-former\/se-former-quand-on-est-en-incapacite-de-travail\/#primaryimage"},"image":{"@id":"https:\/\/jobandsense.be\/boite-a-outils\/se-former\/se-former-quand-on-est-en-incapacite-de-travail\/#primaryimage"},"thumbnailUrl":"https:\/\/jobandsense.be\/wp-content\/uploads\/2021\/01\/formation-incapacite\u0301-de-travail.jpg","datePublished":"2021-01-20T10:29:05+00:00","dateModified":"2025-12-04T11:19:46+00:00","description":"Vous \u00eates en incapacit\u00e9 de travail mais vous souhaitez vous former dans le but de retourner sur le march\u00e9 du travail ? C'est possible.","breadcrumb":{"@id":"https:\/\/jobandsense.be\/boite-a-outils\/se-former\/se-former-quand-on-est-en-incapacite-de-travail\/#breadcrumb"},"inLanguage":"nl-BE","potentialAction":[{"@type":"ReadAction","target":["https:\/\/jobandsense.be\/boite-a-outils\/se-former\/se-former-quand-on-est-en-incapacite-de-travail\/"]}]},{"@type":"ImageObject","inLanguage":"nl-BE","@id":"https:\/\/jobandsense.be\/boite-a-outils\/se-former\/se-former-quand-on-est-en-incapacite-de-travail\/#primaryimage","url":"https:\/\/jobandsense.be\/wp-content\/uploads\/2021\/01\/formation-incapacite\u0301-de-travail.jpg","contentUrl":"https:\/\/jobandsense.be\/wp-content\/uploads\/2021\/01\/formation-incapacite\u0301-de-travail.jpg","width":1280,"height":853,"caption":"Image par mhoppsy de Pixabay"},{"@type":"BreadcrumbList","@id":"https:\/\/jobandsense.be\/boite-a-outils\/se-former\/se-former-quand-on-est-en-incapacite-de-travail\/#breadcrumb","itemListElement":[{"@type":"ListItem","position":1,"name":"Accueil","item":"https:\/\/jobandsense.be\/"},{"@type":"ListItem","position":2,"name":"Bo\u00eete \u00e0 outils","item":"https:\/\/jobandsense.be\/boite-a-outils\/"},{"@type":"ListItem","position":3,"name":"Se former","item":"https:\/\/jobandsense.be\/boite-a-outils\/se-former\/"},{"@type":"ListItem","position":4,"name":"Se former quand on est en incapacit\u00e9 de travail"}]},{"@type":"WebSite","@id":"https:\/\/jobandsense.be\/#website","url":"https:\/\/jobandsense.be\/","name":"Job&amp;Sense","description":"La plateforme qui vous donne toutes les informations pour trouver un job qui a du sens","publisher":{"@id":"https:\/\/jobandsense.be\/#organization"},"potentialAction":[{"@type":"SearchAction","target":{"@type":"EntryPoint","urlTemplate":"https:\/\/jobandsense.be\/?s={search_term_string}"},"query-input":{"@type":"PropertyValueSpecification","valueRequired":true,"valueName":"search_term_string"}}],"inLanguage":"nl-BE"},{"@type":"Organization","@id":"https:\/\/jobandsense.be\/#organization","name":"Job&Sense","url":"https:\/\/jobandsense.be\/","logo":{"@type":"ImageObject","inLanguage":"nl-BE","@id":"https:\/\/jobandsense.be\/#\/schema\/logo\/image\/","url":"","contentUrl":"","caption":"Job&Sense"},"image":{"@id":"https:\/\/jobandsense.be\/#\/schema\/logo\/image\/"},"sameAs":["https:\/\/www.facebook.com\/JobandSense","https:\/\/www.instagram.com\/jobandsense\/","https:\/\/www.linkedin.com\/company\/52173671\/admin\/"]}]}},"jetpack_sharing_enabled":true,"_links":{"self":[{"href":"https:\/\/jobandsense.be\/nl\/wp-json\/wp\/v2\/pages\/4015","targetHints":{"allow":["GET"]}}],"collection":[{"href":"https:\/\/jobandsense.be\/nl\/wp-json\/wp\/v2\/pages"}],"about":[{"href":"https:\/\/jobandsense.be\/nl\/wp-json\/wp\/v2\/types\/page"}],"author":[{"embeddable":true,"href":"https:\/\/jobandsense.be\/nl\/wp-json\/wp\/v2\/users\/1"}],"replies":[{"embeddable":true,"href":"https:\/\/jobandsense.be\/nl\/wp-json\/wp\/v2\/comments?post=4015"}],"version-history":[{"count":41,"href":"https:\/\/jobandsense.be\/nl\/wp-json\/wp\/v2\/pages\/4015\/revisions"}],"predecessor-version":[{"id":13960,"href":"https:\/\/jobandsense.be\/nl\/wp-json\/wp\/v2\/pages\/4015\/revisions\/13960"}],"up":[{"embeddable":true,"href":"https:\/\/jobandsense.be\/nl\/wp-json\/wp\/v2\/pages\/2722"}],"wp:featuredmedia":[{"embeddable":true,"href":"https:\/\/jobandsense.be\/nl\/wp-json\/wp\/v2\/media\/4017"}],"wp:attachment":[{"href":"https:\/\/jobandsense.be\/nl\/wp-json\/wp\/v2\/media?parent=4015"}],"curies":[{"name":"wp","href":"https:\/\/api.w.org\/{rel}","templated":true}]}}