{"id":3985,"date":"2021-01-20T10:12:52","date_gmt":"2021-01-20T10:12:52","guid":{"rendered":"https:\/\/jobandsense.be\/?page_id=3985"},"modified":"2025-10-13T14:26:12","modified_gmt":"2025-10-13T12:26:12","slug":"zich-bijscholen-als-werknemer","status":"publish","type":"page","link":"https:\/\/jobandsense.be\/nl\/toolbox\/zich-opleiden\/zich-bijscholen-als-werknemer\/","title":{"rendered":"Je vormen als werknemer"},"content":{"rendered":"<div data-elementor-type=\"wp-page\" data-elementor-id=\"3985\" class=\"elementor elementor-3985\" data-elementor-post-type=\"page\">\n\t\t\t\t\t\t<section class=\"elementor-section elementor-top-section elementor-element elementor-element-67edbf18 elementor-section-boxed elementor-section-height-default elementor-section-height-default\" data-id=\"67edbf18\" data-element_type=\"section\" data-e-type=\"section\">\n\t\t\t\t\t\t<div class=\"elementor-container elementor-column-gap-default\">\n\t\t\t\t\t<div class=\"elementor-column elementor-col-100 elementor-top-column elementor-element elementor-element-c53d595\" data-id=\"c53d595\" data-element_type=\"column\" data-e-type=\"column\">\n\t\t\t<div class=\"elementor-widget-wrap elementor-element-populated\">\n\t\t\t\t\t\t<div class=\"elementor-element elementor-element-36e3e666 elementor-widget elementor-widget-text-editor\" data-id=\"36e3e666\" data-element_type=\"widget\" data-e-type=\"widget\" data-widget_type=\"text-editor.default\">\n\t\t\t\t<div class=\"elementor-widget-container\">\n\t\t\t\t\t\t\t\t\t<p><\/p>\n<p>Er zijn twee soorten formaties voor werknemers: korte duratie en lange duratie.\u00a0<\/p>\n<p><\/p>\t\t\t\t\t\t\t\t<\/div>\n\t\t\t\t<\/div>\n\t\t\t\t<div class=\"elementor-element elementor-element-bd3e2bd elementor-widget elementor-widget-heading\" data-id=\"bd3e2bd\" data-element_type=\"widget\" data-e-type=\"widget\" data-widget_type=\"heading.default\">\n\t\t\t\t<div class=\"elementor-widget-container\">\n\t\t\t\t\t<h2 class=\"elementor-heading-title elementor-size-default\">Korte duratie formatie<\/h2>\t\t\t\t<\/div>\n\t\t\t\t<\/div>\n\t\t\t\t<div class=\"elementor-element elementor-element-682eb49 elementor-widget elementor-widget-text-editor\" data-id=\"682eb49\" data-element_type=\"widget\" data-e-type=\"widget\" data-widget_type=\"text-editor.default\">\n\t\t\t\t<div class=\"elementor-widget-container\">\n\t\t\t\t\t\t\t\t\t<p><\/p>\n<p>Dit is een recht.<\/p>\n<p><\/p>\n<p>Alle werkgevers in de particuliere sector met minstens 10 werknemers zijn verplicht gemiddeld <strong>5 dagen<\/strong> opleiding per jaar aan te bieden per voltijds equivalent aan hun werknemers. Er zijn echter enkele uitzonderingen die u hier kunt raadplegen. <span style=\"text-decoration: underline;\"><a href=\"https:\/\/legalnews.be\/fr\/droit-des-affaires\/droit-social\/nieuwe-werkgeversverplichtingen-in-verband-met-opleiding-van-werknemers-eubelius\/\" target=\"_blank\" rel=\"noopener\">hier<\/a><\/span><\/p>\n<p><\/p>\n<p>Afhankelijk van uw paritaire commissie wordt u doorverwezen naar een opleidingsfonds. Veel opleidingen kunnen gratis en zeer praktisch zijn.<\/p>\n<p><\/p>\n<p>De site <span style=\"text-decoration: underline;\"><a href=\"https:\/\/www.formation-continue.be\/aides-la-formation\/fonds-sectoriels-de-formation\" target=\"_blank\" rel=\"noopener\">Voortgezette Opleiding<\/a><\/span> geeft een overzicht van de opleidingsfondsen op basis van uw paritaire commissie.<\/p>\n<p><\/p>\n<p>De grootste paritaire commissie is commissie 200. Als u deel uitmaakt van deze commissie, bekijk dan het opleidingsaanbod van <span style=\"text-decoration: underline;\"><a href=\"https:\/\/www.cevora.be\/fr\" target=\"_blank\" rel=\"noopener\">CEFORA.<\/a><\/span>.<\/p>\n<p><\/p>\n<p>Aarzel niet om hierover te spreken en opleidingen voor te stellen die u interesseren aan uw HR-manager of werkgever.<\/p>\n<p><\/p>\t\t\t\t\t\t\t\t<\/div>\n\t\t\t\t<\/div>\n\t\t\t\t<div class=\"elementor-element elementor-element-592543d elementor-widget elementor-widget-heading\" data-id=\"592543d\" data-element_type=\"widget\" data-e-type=\"widget\" data-widget_type=\"heading.default\">\n\t\t\t\t<div class=\"elementor-widget-container\">\n\t\t\t\t\t<h2 class=\"elementor-heading-title elementor-size-default\">Hervatting van lange duratie studies<\/h2>\t\t\t\t<\/div>\n\t\t\t\t<\/div>\n\t\t\t\t<div class=\"elementor-element elementor-element-0ab2989 elementor-widget elementor-widget-text-editor\" data-id=\"0ab2989\" data-element_type=\"widget\" data-e-type=\"widget\" data-widget_type=\"text-editor.default\">\n\t\t\t\t<div class=\"elementor-widget-container\">\n\t\t\t\t\t\t\t\t\t<p>Er zijn twee opties voor u om lange duratie studies te hervatten: het onderwijsverlof en het krediet met reden.<\/p>\n<p><!-- \/wp:paragraph --><!-- wp:paragraph --><\/p>\n<p><em><b>Onderwijsverlof<\/b><\/em><\/p>\n<p><!-- \/wp:paragraph --><!-- wp:paragraph --><\/p>\n<p>Werknemers in de particuliere sector kunnen opleidingen volgen van minimaal 32 uur en maximaal 120 of 180 uur per jaar terwijl zij worden bezoldigd en in dienst blijven.<\/p>\n<p><!-- \/wp:paragraph --><!-- wp:paragraph --><\/p>\n<p>Deze opleidingen, ongeacht of zij verband houden met uw huidige werk, kunnen tijdens werkuren of buiten werkuren worden ondernomen.<\/p>\n<p><!-- \/wp:paragraph --><!-- wp:paragraph --><\/p>\n<p>De werknemer is beschermd tegen ontslag tijdens het onderwijsverlof.<\/p>\n<p><!-- \/wp:paragraph --><!-- wp:paragraph --><\/p>\n<p>Voor meer informatie en voorwaarden, of om te weten welke opleidingen erkend zijn, raadpleeg de volgende links op basis van uw woonplaats.<\/p>\n<p><!-- \/wp:paragraph --><!-- wp:paragraph --><\/p>\n<ul>\n<li><a href=\"https:\/\/economie-emploi.brussels\/conge-education-paye\" target=\"_blank\" rel=\"noopener\">Brussel<\/a><\/li>\n<li><a href=\"https:\/\/emploi.wallonie.be\/home\/formation\/conge-education-paye.html\" target=\"_blank\" rel=\"noopener\">Walloni\u00eb<\/a><\/li>\n<li><a href=\"https:\/\/www.vdab.be\/opleidingsverlof-voor-werknemers\" target=\"_blank\" rel=\"noopener\">Vlaanderen<\/a><\/li>\n<\/ul>\n<p><!-- \/wp:paragraph --><!-- wp:embed {\"url\":\"https:\/\/www.vdab.be\/opleidingsverlof-voor-werknemers\"} --><\/p>\n<p><!-- \/wp:embed --><!-- wp:paragraph --><\/p>\n<p>Voor werknemers in de <strong>openbare sector<\/strong>zijn er ook verschillende formules voor carri\u00e8reonderbreking waarvan u de specifieke kenmerken hier kunt vinden. <span style=\"text-decoration: underline;\"><a href=\"https:\/\/www.onem.be\/fr\/citoyens\/interruption-de-carriere-credit-temps-et-conges-thematiques\/interruption-de-carriere-secteur-public\" target=\"_blank\" rel=\"noopener\">hier<\/a><\/span><\/p>\n<p><!-- \/wp:paragraph --><!-- wp:paragraph --><\/p>\n<p><em><b>Tijd Krediet met reden<\/b><\/em><\/p>\n<p><!-- \/wp:paragraph --><!-- wp:paragraph --><\/p>\n<p>Het krediet kan om verschillende redenen worden aangevraagd: om voor uw kind onder de 8 jaar te zorgen, voor uw gehandicapte kind onder de 21 jaar, voor iemand van uw familie die ziek is of om een erkende formatie voort te zetten.<\/p>\n<p><!-- \/wp:paragraph --><!-- wp:paragraph --><\/p>\n<p>Om krediet voor voortgezette opleiding aan te vragen, moet u op de volgende voorwaarden letten:<\/p>\n<p><!-- \/wp:paragraph --><!-- wp:list --><\/p>\n<ul>\n<li>De opleiding moet door de gemeenschappen worden erkend.<\/li>\n<li>Het moet minimaal 360 uur per jaar of 27 punten of 120 uur of 9 punten per schoolkwartaal bedragen.<\/li>\n<\/ul>\n<p><!-- \/wp:list --><!-- wp:paragraph --><\/p>\n<p>Om krediet te verkrijgen, gelden <b>er voorwaarden<\/b> voor ancienniteit, minimale werktijd (minstens driekwart tijd), aantal kredieturen in uw bedrijf afhankelijk van het aantal voltijdsequivalenten... Raadpleeg dit\u00a0<span style=\"text-decoration: underline;\"><a href=\"https:\/\/www.onem.be\/citoyens\/interruption-de-carriere-credit-temps-et-conges-thematiques\/credit-temps-secteur-prive\/le-credit-temps-avec-motif\" target=\"_blank\" rel=\"noopener\">hier.<\/a><\/span><\/p>\n<p>De minimale duur voor elk kredietverzoek met reden is\u00a0\u00a0<strong data-start=\"1531\" data-end=\"1544\">3 maanden<\/strong> voor volledig of halftijds werk, en <strong data-start=\"1587\" data-end=\"1597\">6 maanden<\/strong> pour un cr\u00e9dit-temps d&rsquo;un cinqui\u00e8me.<\/p>\n<p><!-- \/wp:paragraph --><!-- wp:embed {\"url\":\"https:\/\/www.onem.be\/fr\/documentation\/feuille-info\/t160\"} --><\/p>\n<figure><\/figure>\n<p>De maximale tijd voor het volgen van een opleiding in krediet is 36 maanden en wordt beloond met een toeslag.<\/p>\n<p><!-- \/wp:paragraph --><\/p>\t\t\t\t\t\t\t\t<\/div>\n\t\t\t\t<\/div>\n\t\t\t\t<div class=\"elementor-element elementor-element-2e50cc5 elementor-widget elementor-widget-heading\" data-id=\"2e50cc5\" data-element_type=\"widget\" data-e-type=\"widget\" data-widget_type=\"heading.default\">\n\t\t\t\t<div class=\"elementor-widget-container\">\n\t\t\t\t\t<h2 class=\"elementor-heading-title elementor-size-default\">Opleidingen op aangepaste uren<\/h2>\t\t\t\t<\/div>\n\t\t\t\t<\/div>\n\t\t\t\t<div class=\"elementor-element elementor-element-a01c2dd elementor-widget elementor-widget-text-editor\" data-id=\"a01c2dd\" data-element_type=\"widget\" data-e-type=\"widget\" data-widget_type=\"text-editor.default\">\n\t\t\t\t<div class=\"elementor-widget-container\">\n\t\t\t\t\t\t\t\t\t<p data-start=\"4094\" data-end=\"4265\">Instellingen voor sociale bevordering (openbaar onderwijs voor volwassenen) bieden opleidingen op aangepaste uren, 's avonds of in gespreid uurschema aan.<\/p>\n<p data-start=\"4267\" data-end=\"4475\">Zij stellen u in staat offici\u00eble diploma's of certificaten erkend door de gemeenschappen in veel gebieden te behalen: talen, informatica, beheer, technische beroepen, sociale begeleiding, enz.<\/p>\n<p data-start=\"4477\" data-end=\"4579\">Dit is een uitstekende optie om geleidelijk van baan te veranderen terwijl u blijft werken.<\/p>\n<p data-start=\"4581\" data-end=\"4638\">U kunt deze opleidingen volgen in de netwerken van:<\/p>\n<ul data-start=\"4639\" data-end=\"4786\">\n<li data-start=\"4639\" data-end=\"4688\">\n<p data-start=\"4641\" data-end=\"4688\"><a href=\"https:\/\/www.promsoc.brussels\/\" target=\"_blank\" rel=\"noopener\"><strong data-start=\"4641\" data-end=\"4662\">Promotion sociale<\/strong><\/a> (Walloni\u00eb en Brussel)<\/p>\n<\/li>\n<li data-start=\"4689\" data-end=\"4758\">\n<p data-start=\"4691\" data-end=\"4758\"><a href=\"https:\/\/www.ifapme.be\/\" target=\"_blank\" rel=\"noopener\"><strong data-start=\"4691\" data-end=\"4701\">IFAPME:<\/strong><\/a> (opleidingen meer gericht op beroepen en ondernemerschap)<\/p>\n<\/li>\n<li data-start=\"4759\" data-end=\"4786\">\n<p data-start=\"4761\" data-end=\"4786\"><a href=\"https:\/\/www.syntra.be\/\" target=\"_blank\" rel=\"noopener\"><strong data-start=\"4761\" data-end=\"4771\">Syntra netwerk<\/strong><\/a> (in Vlaanderen)<\/p>\n<\/li>\n<\/ul>\n<p data-start=\"4788\" data-end=\"4887\">Deze opleidingen kunnen vaak worden gecombineerd met onderwijsverlof of krediet.<\/p>\n<p><!-- \/wp:paragraph --><\/p>\t\t\t\t\t\t\t\t<\/div>\n\t\t\t\t<\/div>\n\t\t\t\t<div class=\"elementor-element elementor-element-d8744e5 elementor-widget elementor-widget-heading\" data-id=\"d8744e5\" data-element_type=\"widget\" data-e-type=\"widget\" data-widget_type=\"heading.default\">\n\t\t\t\t<div class=\"elementor-widget-container\">\n\t\t\t\t\t<h2 class=\"elementor-heading-title elementor-size-default\">Recht op ontslag<\/h2>\t\t\t\t<\/div>\n\t\t\t\t<\/div>\n\t\t\t\t<div class=\"elementor-element elementor-element-113d93b elementor-widget elementor-widget-text-editor\" data-id=\"113d93b\" data-element_type=\"widget\" data-e-type=\"widget\" data-widget_type=\"text-editor.default\">\n\t\t\t\t<div class=\"elementor-widget-container\">\n\t\t\t\t\t\t\t\t\t<p data-start=\"4955\" data-end=\"5086\">Vanaf 1 maart 2026 treedt een nieuw ontslagrecht voor omschakelingsprojechten in Belgi\u00eb in werking.<\/p>\n<p data-start=\"5088\" data-end=\"5270\">Dit stelsel stelt een werknemer in staat om ontslag in te dienen terwijl hij zijn recht op werkloosheidsuitkeringen gedurende 6 maanden behoudt, op voorwaarde dat hij een erkend omschakelingstraject volgt.<\/p>\n<p data-start=\"5088\" data-end=\"5270\">U moet 10 jaar dienstjaren hebben.\u00a0<\/p>\n<p data-start=\"5272\" data-end=\"5466\">Het doel is om vrijwillige professionele overgangen te vergemakkelijken, zonder verplicht in een baan te blijven die niet meer aan uw ambities voldoet, terwijl een veilig kader wordt gegarandeerd.<\/p>\n<p data-start=\"5468\" data-end=\"5584\">De precieze modaliteiten (soorten erkende opleidingen, termijnen, procedures) zullen in de komende maanden nader worden gepreciseerd.<\/p>\t\t\t\t\t\t\t\t<\/div>\n\t\t\t\t<\/div>\n\t\t\t\t\t<\/div>\n\t\t<\/div>\n\t\t\t\t\t<\/div>\n\t\t<\/section>\n\t\t\t\t<\/div>","protected":false},"excerpt":{"rendered":"<p>On distingue deux types de formations lorsque l&rsquo;on est employ\u00e9: les formations de courte dur\u00e9e et de longue dur\u00e9e.\u00a0 Formation de courte dur\u00e9e C\u2019est un droit. Tous les employeurs du secteur priv\u00e9 occupant au moins 10 travailleurs sont tenus d\u2019offrir 5 jours de formation en moyenne par an par \u00e9quivalent temps plein \u00e0 leurs travailleurs&#8230;.<\/p>","protected":false},"author":1,"featured_media":4562,"parent":2722,"menu_order":4,"comment_status":"closed","ping_status":"closed","template":"","meta":{"_acf_changed":false,"episode_type":"","audio_file":"","cover_image":"","cover_image_id":"","duration":"","filesize":"","filesize_raw":"","date_recorded":"","explicit":"","block":"","footnotes":""},"class_list":["post-3985","page","type-page","status-publish","has-post-thumbnail","hentry","wpbf-post"],"acf":[],"yoast_head":"<!-- This site is optimized with the Yoast SEO plugin v26.8 - https:\/\/yoast.com\/product\/yoast-seo-wordpress\/ -->\n<title>Se former quand on est employ\u00e9 &#8226; Job&amp;Sense<\/title>\n<meta name=\"description\" content=\"Il y a les formations de courte dur\u00e9e ainsi que les reprises d&#039;\u00e9tudes. Pour ces derni\u00e8res, deux options existent le cong\u00e9 \u00e9ducation et le cr\u00e9dit temps.\" \/>\n<meta name=\"robots\" content=\"index, follow, max-snippet:-1, max-image-preview:large, max-video-preview:-1\" \/>\n<link rel=\"canonical\" href=\"https:\/\/jobandsense.be\/nl\/toolbox\/zich-opleiden\/zich-bijscholen-als-werknemer\/\" \/>\n<meta property=\"og:locale\" content=\"nl_BE\" \/>\n<meta property=\"og:type\" content=\"article\" \/>\n<meta property=\"og:title\" content=\"Se former en tant qu&#039;employ\u00e9\" \/>\n<meta property=\"og:description\" content=\"Il y a les formations de courte dur\u00e9e ainsi que les reprises d&#039;\u00e9tudes. Pour ces derni\u00e8res, deux options existent le cong\u00e9 \u00e9ducation et le cr\u00e9dit temps.\" \/>\n<meta property=\"og:url\" content=\"https:\/\/jobandsense.be\/nl\/toolbox\/zich-opleiden\/zich-bijscholen-als-werknemer\/\" \/>\n<meta property=\"og:site_name\" content=\"Job&amp;Sense\" \/>\n<meta property=\"article:publisher\" content=\"https:\/\/www.facebook.com\/JobandSense\" \/>\n<meta property=\"article:modified_time\" content=\"2025-10-13T12:26:12+00:00\" \/>\n<meta property=\"og:image\" content=\"https:\/\/jobandsense.be\/wp-content\/uploads\/2020\/12\/JobSense-Logo.png\" \/>\n\t<meta property=\"og:image:width\" content=\"2256\" \/>\n\t<meta property=\"og:image:height\" content=\"1140\" \/>\n\t<meta property=\"og:image:type\" content=\"image\/png\" \/>\n<meta name=\"twitter:card\" content=\"summary_large_image\" \/>\n<meta name=\"twitter:label1\" content=\"Geschatte leestijd\" \/>\n\t<meta name=\"twitter:data1\" content=\"4 minuten\" \/>\n<script type=\"application\/ld+json\" class=\"yoast-schema-graph\">{\"@context\":\"https:\/\/schema.org\",\"@graph\":[{\"@type\":\"WebPage\",\"@id\":\"https:\/\/jobandsense.be\/boite-a-outils\/se-former\/se-former-quand-on-est-employe\/\",\"url\":\"https:\/\/jobandsense.be\/boite-a-outils\/se-former\/se-former-quand-on-est-employe\/\",\"name\":\"Se former quand on est employ\u00e9 &#8226; Job&Sense\",\"isPartOf\":{\"@id\":\"https:\/\/jobandsense.be\/#website\"},\"primaryImageOfPage\":{\"@id\":\"https:\/\/jobandsense.be\/boite-a-outils\/se-former\/se-former-quand-on-est-employe\/#primaryimage\"},\"image\":{\"@id\":\"https:\/\/jobandsense.be\/boite-a-outils\/se-former\/se-former-quand-on-est-employe\/#primaryimage\"},\"thumbnailUrl\":\"https:\/\/jobandsense.be\/wp-content\/uploads\/2021\/01\/formation-employe\u0301.jpg\",\"datePublished\":\"2021-01-20T10:12:52+00:00\",\"dateModified\":\"2025-10-13T12:26:12+00:00\",\"description\":\"Il y a les formations de courte dur\u00e9e ainsi que les reprises d'\u00e9tudes. Pour ces derni\u00e8res, deux options existent le cong\u00e9 \u00e9ducation et le cr\u00e9dit temps.\",\"breadcrumb\":{\"@id\":\"https:\/\/jobandsense.be\/boite-a-outils\/se-former\/se-former-quand-on-est-employe\/#breadcrumb\"},\"inLanguage\":\"nl-BE\",\"potentialAction\":[{\"@type\":\"ReadAction\",\"target\":[\"https:\/\/jobandsense.be\/boite-a-outils\/se-former\/se-former-quand-on-est-employe\/\"]}]},{\"@type\":\"ImageObject\",\"inLanguage\":\"nl-BE\",\"@id\":\"https:\/\/jobandsense.be\/boite-a-outils\/se-former\/se-former-quand-on-est-employe\/#primaryimage\",\"url\":\"https:\/\/jobandsense.be\/wp-content\/uploads\/2021\/01\/formation-employe\u0301.jpg\",\"contentUrl\":\"https:\/\/jobandsense.be\/wp-content\/uploads\/2021\/01\/formation-employe\u0301.jpg\",\"width\":1280,\"height\":720,\"caption\":\"Image par Mediamodifier de Pixabay\"},{\"@type\":\"BreadcrumbList\",\"@id\":\"https:\/\/jobandsense.be\/boite-a-outils\/se-former\/se-former-quand-on-est-employe\/#breadcrumb\",\"itemListElement\":[{\"@type\":\"ListItem\",\"position\":1,\"name\":\"Accueil\",\"item\":\"https:\/\/jobandsense.be\/\"},{\"@type\":\"ListItem\",\"position\":2,\"name\":\"Bo\u00eete \u00e0 outils\",\"item\":\"https:\/\/jobandsense.be\/boite-a-outils\/\"},{\"@type\":\"ListItem\",\"position\":3,\"name\":\"Se former\",\"item\":\"https:\/\/jobandsense.be\/boite-a-outils\/se-former\/\"},{\"@type\":\"ListItem\",\"position\":4,\"name\":\"Se former quand on est employ\u00e9\"}]},{\"@type\":\"WebSite\",\"@id\":\"https:\/\/jobandsense.be\/#website\",\"url\":\"https:\/\/jobandsense.be\/\",\"name\":\"Job&amp;Sense\",\"description\":\"La plateforme qui vous donne toutes les informations pour trouver un job qui a du sens\",\"publisher\":{\"@id\":\"https:\/\/jobandsense.be\/#organization\"},\"potentialAction\":[{\"@type\":\"SearchAction\",\"target\":{\"@type\":\"EntryPoint\",\"urlTemplate\":\"https:\/\/jobandsense.be\/?s={search_term_string}\"},\"query-input\":{\"@type\":\"PropertyValueSpecification\",\"valueRequired\":true,\"valueName\":\"search_term_string\"}}],\"inLanguage\":\"nl-BE\"},{\"@type\":\"Organization\",\"@id\":\"https:\/\/jobandsense.be\/#organization\",\"name\":\"Job&Sense\",\"url\":\"https:\/\/jobandsense.be\/\",\"logo\":{\"@type\":\"ImageObject\",\"inLanguage\":\"nl-BE\",\"@id\":\"https:\/\/jobandsense.be\/#\/schema\/logo\/image\/\",\"url\":\"\",\"contentUrl\":\"\",\"caption\":\"Job&Sense\"},\"image\":{\"@id\":\"https:\/\/jobandsense.be\/#\/schema\/logo\/image\/\"},\"sameAs\":[\"https:\/\/www.facebook.com\/JobandSense\",\"https:\/\/www.instagram.com\/jobandsense\/\",\"https:\/\/www.linkedin.com\/company\/52173671\/admin\/\"]}]}<\/script>\n<!-- \/ Yoast SEO plugin. -->","yoast_head_json":{"title":"Se former quand on est employ\u00e9 &#8226; Job&Sense","description":"Il y a les formations de courte dur\u00e9e ainsi que les reprises d'\u00e9tudes. Pour ces derni\u00e8res, deux options existent le cong\u00e9 \u00e9ducation et le cr\u00e9dit temps.","robots":{"index":"index","follow":"follow","max-snippet":"max-snippet:-1","max-image-preview":"max-image-preview:large","max-video-preview":"max-video-preview:-1"},"canonical":"https:\/\/jobandsense.be\/nl\/toolbox\/zich-opleiden\/zich-bijscholen-als-werknemer\/","og_locale":"nl_BE","og_type":"article","og_title":"Se former en tant qu'employ\u00e9","og_description":"Il y a les formations de courte dur\u00e9e ainsi que les reprises d'\u00e9tudes. Pour ces derni\u00e8res, deux options existent le cong\u00e9 \u00e9ducation et le cr\u00e9dit temps.","og_url":"https:\/\/jobandsense.be\/nl\/toolbox\/zich-opleiden\/zich-bijscholen-als-werknemer\/","og_site_name":"Job&amp;Sense","article_publisher":"https:\/\/www.facebook.com\/JobandSense","article_modified_time":"2025-10-13T12:26:12+00:00","og_image":[{"width":2256,"height":1140,"url":"https:\/\/jobandsense.be\/wp-content\/uploads\/2020\/12\/JobSense-Logo.png","type":"image\/png"}],"twitter_card":"summary_large_image","twitter_misc":{"Geschatte leestijd":"4 minuten"},"schema":{"@context":"https:\/\/schema.org","@graph":[{"@type":"WebPage","@id":"https:\/\/jobandsense.be\/boite-a-outils\/se-former\/se-former-quand-on-est-employe\/","url":"https:\/\/jobandsense.be\/boite-a-outils\/se-former\/se-former-quand-on-est-employe\/","name":"Se former quand on est employ\u00e9 &#8226; Job&Sense","isPartOf":{"@id":"https:\/\/jobandsense.be\/#website"},"primaryImageOfPage":{"@id":"https:\/\/jobandsense.be\/boite-a-outils\/se-former\/se-former-quand-on-est-employe\/#primaryimage"},"image":{"@id":"https:\/\/jobandsense.be\/boite-a-outils\/se-former\/se-former-quand-on-est-employe\/#primaryimage"},"thumbnailUrl":"https:\/\/jobandsense.be\/wp-content\/uploads\/2021\/01\/formation-employe\u0301.jpg","datePublished":"2021-01-20T10:12:52+00:00","dateModified":"2025-10-13T12:26:12+00:00","description":"Il y a les formations de courte dur\u00e9e ainsi que les reprises d'\u00e9tudes. Pour ces derni\u00e8res, deux options existent le cong\u00e9 \u00e9ducation et le cr\u00e9dit temps.","breadcrumb":{"@id":"https:\/\/jobandsense.be\/boite-a-outils\/se-former\/se-former-quand-on-est-employe\/#breadcrumb"},"inLanguage":"nl-BE","potentialAction":[{"@type":"ReadAction","target":["https:\/\/jobandsense.be\/boite-a-outils\/se-former\/se-former-quand-on-est-employe\/"]}]},{"@type":"ImageObject","inLanguage":"nl-BE","@id":"https:\/\/jobandsense.be\/boite-a-outils\/se-former\/se-former-quand-on-est-employe\/#primaryimage","url":"https:\/\/jobandsense.be\/wp-content\/uploads\/2021\/01\/formation-employe\u0301.jpg","contentUrl":"https:\/\/jobandsense.be\/wp-content\/uploads\/2021\/01\/formation-employe\u0301.jpg","width":1280,"height":720,"caption":"Image par Mediamodifier de Pixabay"},{"@type":"BreadcrumbList","@id":"https:\/\/jobandsense.be\/boite-a-outils\/se-former\/se-former-quand-on-est-employe\/#breadcrumb","itemListElement":[{"@type":"ListItem","position":1,"name":"Accueil","item":"https:\/\/jobandsense.be\/"},{"@type":"ListItem","position":2,"name":"Bo\u00eete \u00e0 outils","item":"https:\/\/jobandsense.be\/boite-a-outils\/"},{"@type":"ListItem","position":3,"name":"Se former","item":"https:\/\/jobandsense.be\/boite-a-outils\/se-former\/"},{"@type":"ListItem","position":4,"name":"Se former quand on est employ\u00e9"}]},{"@type":"WebSite","@id":"https:\/\/jobandsense.be\/#website","url":"https:\/\/jobandsense.be\/","name":"Job&amp;Sense","description":"La plateforme qui vous donne toutes les informations pour trouver un job qui a du sens","publisher":{"@id":"https:\/\/jobandsense.be\/#organization"},"potentialAction":[{"@type":"SearchAction","target":{"@type":"EntryPoint","urlTemplate":"https:\/\/jobandsense.be\/?s={search_term_string}"},"query-input":{"@type":"PropertyValueSpecification","valueRequired":true,"valueName":"search_term_string"}}],"inLanguage":"nl-BE"},{"@type":"Organization","@id":"https:\/\/jobandsense.be\/#organization","name":"Job&Sense","url":"https:\/\/jobandsense.be\/","logo":{"@type":"ImageObject","inLanguage":"nl-BE","@id":"https:\/\/jobandsense.be\/#\/schema\/logo\/image\/","url":"","contentUrl":"","caption":"Job&Sense"},"image":{"@id":"https:\/\/jobandsense.be\/#\/schema\/logo\/image\/"},"sameAs":["https:\/\/www.facebook.com\/JobandSense","https:\/\/www.instagram.com\/jobandsense\/","https:\/\/www.linkedin.com\/company\/52173671\/admin\/"]}]}},"jetpack_sharing_enabled":true,"_links":{"self":[{"href":"https:\/\/jobandsense.be\/nl\/wp-json\/wp\/v2\/pages\/3985","targetHints":{"allow":["GET"]}}],"collection":[{"href":"https:\/\/jobandsense.be\/nl\/wp-json\/wp\/v2\/pages"}],"about":[{"href":"https:\/\/jobandsense.be\/nl\/wp-json\/wp\/v2\/types\/page"}],"author":[{"embeddable":true,"href":"https:\/\/jobandsense.be\/nl\/wp-json\/wp\/v2\/users\/1"}],"replies":[{"embeddable":true,"href":"https:\/\/jobandsense.be\/nl\/wp-json\/wp\/v2\/comments?post=3985"}],"version-history":[{"count":48,"href":"https:\/\/jobandsense.be\/nl\/wp-json\/wp\/v2\/pages\/3985\/revisions"}],"predecessor-version":[{"id":13786,"href":"https:\/\/jobandsense.be\/nl\/wp-json\/wp\/v2\/pages\/3985\/revisions\/13786"}],"up":[{"embeddable":true,"href":"https:\/\/jobandsense.be\/nl\/wp-json\/wp\/v2\/pages\/2722"}],"wp:featuredmedia":[{"embeddable":true,"href":"https:\/\/jobandsense.be\/nl\/wp-json\/wp\/v2\/media\/4562"}],"wp:attachment":[{"href":"https:\/\/jobandsense.be\/nl\/wp-json\/wp\/v2\/media?parent=3985"}],"curies":[{"name":"wp","href":"https:\/\/api.w.org\/{rel}","templated":true}]}}