{"id":3960,"date":"2021-01-20T09:52:17","date_gmt":"2021-01-20T09:52:17","guid":{"rendered":"https:\/\/jobandsense.be\/?page_id=3960"},"modified":"2026-02-12T15:56:21","modified_gmt":"2026-02-12T13:56:21","slug":"15-online-cursusplatforms-die-u-moet-kennen","status":"publish","type":"page","link":"https:\/\/jobandsense.be\/nl\/toolbox\/zich-opleiden\/15-online-cursusplatforms-die-u-moet-kennen\/","title":{"rendered":"20 online cursusplatforms die je moet kennen"},"content":{"rendered":"<div data-elementor-type=\"wp-page\" data-elementor-id=\"3960\" class=\"elementor elementor-3960\" data-elementor-post-type=\"page\">\n\t\t\t\t\t\t<section class=\"elementor-section elementor-top-section elementor-element elementor-element-2e0051f elementor-section-boxed elementor-section-height-default elementor-section-height-default\" data-id=\"2e0051f\" data-element_type=\"section\" data-e-type=\"section\">\n\t\t\t\t\t\t<div class=\"elementor-container elementor-column-gap-default\">\n\t\t\t\t\t<div class=\"elementor-column elementor-col-100 elementor-top-column elementor-element elementor-element-71f44a3d\" data-id=\"71f44a3d\" data-element_type=\"column\" data-e-type=\"column\">\n\t\t\t<div class=\"elementor-widget-wrap elementor-element-populated\">\n\t\t\t\t\t\t<div class=\"elementor-element elementor-element-79d299f1 elementor-widget elementor-widget-text-editor\" data-id=\"79d299f1\" data-element_type=\"widget\" data-e-type=\"widget\" data-widget_type=\"text-editor.default\">\n\t\t\t\t<div class=\"elementor-widget-container\">\n\t\t\t\t\t\t\t\t\t<p><\/p>\n<p>Genoemd MOOC (voor Massive Open Online Courses) of online cursussen, stellen ze je in staat om je te vormen in meerdere vakgebieden, ongeacht de motivatie, het land van herkomst of het opleidingsniveau van degenen die ze volgen. En dat op je eigen tempo, wanneer en waar je maar wilt.<\/p>\n<p><\/p>\n<p>Deze cursussen worden onder andere gegeven door de meerderheid van de universiteiten, inclusief de meest prestigieuze, maar ook door scholen of bedrijven.<\/p>\n<p><\/p>\n<p>Heb je altijd al gedroomd om een cursus te volgen aan Harvard?<\/p>\n<p><\/p>\n<p>Zin om een nieuw beroep te leren?<\/p>\n<p><\/p>\n<p>Weet je niet hoe je advertenties moet maken op sociale media?<\/p>\n<p><\/p>\n<p>Alles is gratis online te vinden.<\/p>\n<p><\/p>\n<p>Als je echter een certificaat wilt ontvangen aan het einde van de cursus, zul je hiervoor moeten betalen.<\/p>\n<p><\/p>\n<p>Job&amp;Sense heeft voor jou 20 online cursusplatformen gevonden om te ontdekken.<\/p>\n<p><\/p>\n<p><\/p>\t\t\t\t\t\t\t\t<\/div>\n\t\t\t\t<\/div>\n\t\t\t\t<div class=\"elementor-element elementor-element-4e70b81 elementor-widget elementor-widget-heading\" data-id=\"4e70b81\" data-element_type=\"widget\" data-e-type=\"widget\" data-widget_type=\"heading.default\">\n\t\t\t\t<div class=\"elementor-widget-container\">\n\t\t\t\t\t<h2 class=\"elementor-heading-title elementor-size-default\">Gratis opleidingen<\/h2>\t\t\t\t<\/div>\n\t\t\t\t<\/div>\n\t\t\t\t<div class=\"elementor-element elementor-element-92e79c2 elementor-widget elementor-widget-text-editor\" data-id=\"92e79c2\" data-element_type=\"widget\" data-e-type=\"widget\" data-widget_type=\"text-editor.default\">\n\t\t\t\t<div class=\"elementor-widget-container\">\n\t\t\t\t\t\t\t\t\t<p>\u00a0<\/p>\n<p><!-- \/wp:paragraph --><!-- wp:list {\"ordered\":true,\"type\":\"1\"} --><\/p>\n<ol type=\"1\">\n<li><span style=\"text-decoration: underline;\"><a href=\"https:\/\/alison.com\/\" target=\"_blank\" rel=\"noopener\">Alison<\/a><\/span> : internationaal platform voor gratis cursussen.\u00a0<\/li>\n<li><span style=\"text-decoration: underline;\"><a href=\"https:\/\/www.classcentral.com\/\" target=\"_blank\" rel=\"noopener\"><em>Class central<\/em><\/a><\/span>\u00a0 (FR, EN): bundelt 15.000 online cursussen van verschillende platforms.\u00a0<\/li>\n<li><span style=\"text-decoration: underline;\"><a href=\"https:\/\/www.coursera.org\" target=\"_blank\" rel=\"noopener\"><em>Coursera <\/em><\/a><\/span>(FR, EN): Cursussen gegeven door de beste universiteiten en bedrijven ter wereld. Meer keuze in het Engels.\u00a0<\/li>\n<li><span style=\"text-decoration: underline;\"><a href=\"https:\/\/www.edx.org\/\" target=\"_blank\" rel=\"noopener\"><em>EdX <\/em><\/a><\/span>(FR, EN): Zeer uitgebreid universum. Veel meer cursussen in het Engels dan in het Frans. Bijvoorbeeld de Katholieke Universiteit Leuven publiceert haar cursussen op dit platform.<\/li>\n<li><a href=\"https:\/\/platform.europeanmoocs.eu\/\" target=\"_blank\" rel=\"noopener\"><span style=\"text-decoration: underline;\">EMMA<\/span><\/a> (European Multiple MOOC Aggregator) (FR, EN, NL): Aggregator van Europese MOOCs<\/li>\n<li><span style=\"text-decoration: underline;\"><a href=\"https:\/\/www.facebook.com\/business\/learn\/courses\" target=\"_blank\" rel=\"noopener\"><em>Facebook Blueprint<\/em><\/a><\/span> (FR, EN, NL): Leren Facebook en Instagram optimaal te gebruiken voor je bedrijf.<\/li>\n<li><span style=\"text-decoration: underline;\"><a href=\"https:\/\/www.fun-mooc.fr\/\" target=\"_blank\" rel=\"noopener\"><em>Fun MOOC<\/em><\/a><\/span> FR): Excellentie van hoger onderwijs gratis.\u00a0<\/li>\n<li><span style=\"text-decoration: underline;\"><a href=\"https:\/\/www.futurelearn.com\/courses\/collections\/cours-en-ligne-en-francais\" target=\"_blank\" rel=\"noopener\"><em>Future learn<\/em><\/a><\/span> (FR, EN): Een zeer breed panel maar er is veel meer keuze in het Engels.\u00a0<\/li>\n<li><span style=\"text-decoration: underline;\"><a href=\"https:\/\/learndigital.withgoogle.com\/ateliersnumeriques\" target=\"_blank\" rel=\"noopener\"><em>Google atelier num\u00e9riques<\/em><\/a><\/span> (FR, EN, NL): digitale marketing leren.<\/li>\n<li><span style=\"text-decoration: underline;\"><a href=\"https:\/\/fr.khanacademy.org\/\" target=\"_blank\" rel=\"noopener\"><em>Khan academy<\/em><\/a><\/span>\u00a0(FR, EN): meer lagere en middelbare schoolniveau in wiskunde, wetenschappen.<\/li>\n<li><span style=\"text-decoration: underline;\"><a href=\"https:\/\/ocw.mit.edu\/\" target=\"_blank\" rel=\"noopener\">MIT OpenCourseWare<\/a><\/span> (EN): Gratis cursussen van MIT.\u00a0<\/li>\n<li><a href=\"https:\/\/mooc-francophone.com\/\" target=\"_blank\" rel=\"noopener\"><em><span style=\"text-decoration: underline;\">MOOC francophone<\/span><\/em><\/a> (FR): Website die alle Franstalige online cursussen indexeert. Zeer uitgebreid universum.<\/li>\n<li><span style=\"text-decoration: underline;\"><a href=\"https:\/\/www.my-mooc.com\/fr\/categorie\/\" target=\"_blank\" rel=\"noopener\">MyMOOC<\/a><\/span> (FR, EN): Repertorium van MOOCs van verschillende platforms.<\/li>\n<li><a href=\"https:\/\/openclassrooms.com\/fr\/\" target=\"_blank\" rel=\"noopener\"><em><span style=\"text-decoration: underline;\">Open Classrooms<\/span><\/em><\/a> (FR, EN): Opleidingen in business, ontwikkeling, soft skills, \u2026\u00a0<\/li>\n<li><a href=\"https:\/\/www.openuped.eu\/\" target=\"_blank\" rel=\"noopener\">OpenUpEd (FR,EN, NL)<\/a>: Europees platform voor gratis cursussen.<\/li>\n<li><span style=\"text-decoration: underline;\"><a href=\"https:\/\/www.ticketforchange.org\/mooc\" target=\"_blank\" rel=\"noopener\"><em>Ticket For change<\/em><\/a><\/span>(FR): Opleiding in sociale innovatie om van wens naar actie te gaan.\u00a0<\/li>\n<li><span style=\"text-decoration: underline;\"><a href=\"https:\/\/fr.tuto.com\/\" target=\"_blank\" rel=\"noopener\"><em>Tuto <\/em><\/a><\/span>(FR): verbeter je digitale vaardigheden. Gratis en betaalde opleidingen.\u00a0\n<p>\u00a0<\/p>\n<p><!-- \/wp:list --><!-- wp:list {\"ordered\":true,\"type\":\"1\",\"start\":15} --><\/p>\n<\/li>\n<\/ol>\n<p><!-- \/wp:list --><!-- wp:list {\"ordered\":true,\"type\":\"1\",\"start\":2} --><\/p>\n<p><!-- \/wp:list --><!-- wp:list {\"ordered\":true,\"type\":\"1\",\"start\":3} --><\/p>\n<p><!-- \/wp:list --><!-- wp:list {\"ordered\":true,\"type\":\"1\",\"start\":4} --><\/p>\n<p><!-- \/wp:list --><!-- wp:list {\"ordered\":true,\"type\":\"1\",\"start\":5} --><\/p>\n<p><!-- \/wp:list --><!-- wp:list {\"ordered\":true,\"type\":\"1\",\"start\":6} --><\/p>\n<p><!-- \/wp:list --><!-- wp:list {\"ordered\":true,\"type\":\"1\",\"start\":7} --><\/p>\n<p><!-- \/wp:list --><!-- wp:list {\"ordered\":true,\"type\":\"1\",\"start\":8} --><\/p>\n<p><!-- \/wp:list --><!-- wp:list --><!-- \/wp:list --><!-- wp:list {\"ordered\":true,\"type\":\"1\"} --><!-- \/wp:list --><!-- wp:list {\"ordered\":true,\"type\":\"1\",\"start\":11} --><\/p>\n<p><!-- \/wp:list --><!-- wp:list {\"ordered\":true,\"type\":\"1\",\"start\":12} --><\/p>\n<p><!-- \/wp:list --><!-- wp:list {\"ordered\":true,\"type\":\"1\",\"start\":13} --><\/p>\n<p><!-- \/wp:list --><!-- wp:paragraph --><\/p>\n<p><!-- \/wp:list --><\/p>\t\t\t\t\t\t\t\t<\/div>\n\t\t\t\t<\/div>\n\t\t\t\t<div class=\"elementor-element elementor-element-396ecb2 elementor-widget elementor-widget-heading\" data-id=\"396ecb2\" data-element_type=\"widget\" data-e-type=\"widget\" data-widget_type=\"heading.default\">\n\t\t\t\t<div class=\"elementor-widget-container\">\n\t\t\t\t\t<h2 class=\"elementor-heading-title elementor-size-default\">Betalende opleidingen<\/h2>\t\t\t\t<\/div>\n\t\t\t\t<\/div>\n\t\t\t\t<div class=\"elementor-element elementor-element-37f9264 elementor-widget elementor-widget-text-editor\" data-id=\"37f9264\" data-element_type=\"widget\" data-e-type=\"widget\" data-widget_type=\"text-editor.default\">\n\t\t\t\t<div class=\"elementor-widget-container\">\n\t\t\t\t\t\t\t\t\t<p>\u00a0<\/p>\n<ol type=\"1\">\n<li><span style=\"text-decoration: underline;\"><a href=\"https:\/\/www.codecademy.com\/\" target=\"_blank\" rel=\"noopener\">Codecademy<\/a><\/span>(EN): Om te leren programmeren<\/li>\n<li>\n<p><span style=\"text-decoration: underline;\"><a href=\"https:\/\/www.linkedin.com\/learning\/me\" target=\"_blank\" rel=\"noopener\"><em>Linkedin learning<\/em><\/a><\/span> (FR, EN, NL): Zeer uitgebreid universum. Werkt met een maandelijks abonnement.<\/p>\n<\/li>\n<li>\n<p><em><span style=\"text-decoration: underline;\"><a href=\"https:\/\/www.udemy.com\" target=\"_blank\" rel=\"noopener\">Udemy<\/a><\/span> (FR, EN, NL): Zeer uitgebreid universum en niet erg dure opleidingen.\u00a0<\/em><\/p>\n<p><!-- \/wp:list --><!-- wp:list {\"ordered\":true,\"type\":\"1\",\"start\":15} --><\/p>\n<\/li>\n<\/ol>\n<p><!-- \/wp:list --><!-- wp:list {\"ordered\":true,\"type\":\"1\",\"start\":2} --><\/p>\n<p><!-- \/wp:list --><!-- wp:list {\"ordered\":true,\"type\":\"1\",\"start\":3} --><\/p>\n<p><!-- \/wp:list --><!-- wp:list {\"ordered\":true,\"type\":\"1\",\"start\":4} --><\/p>\n<p><!-- \/wp:list --><!-- wp:list {\"ordered\":true,\"type\":\"1\",\"start\":5} --><\/p>\n<p><!-- \/wp:list --><!-- wp:list {\"ordered\":true,\"type\":\"1\",\"start\":6} --><\/p>\n<p><!-- \/wp:list --><!-- wp:list {\"ordered\":true,\"type\":\"1\",\"start\":7} --><\/p>\n<p><!-- \/wp:list --><!-- wp:list {\"ordered\":true,\"type\":\"1\",\"start\":8} --><\/p>\n<p><!-- \/wp:list --><!-- wp:list --><!-- \/wp:list --><!-- wp:list {\"ordered\":true,\"type\":\"1\"} --><!-- \/wp:list --><!-- wp:list {\"ordered\":true,\"type\":\"1\",\"start\":11} --><\/p>\n<p><!-- \/wp:list --><!-- wp:list {\"ordered\":true,\"type\":\"1\",\"start\":12} --><\/p>\n<p><!-- \/wp:list --><!-- wp:list {\"ordered\":true,\"type\":\"1\",\"start\":13} --><\/p>\n<p><!-- \/wp:list --><!-- wp:paragraph --><\/p>\n<p><!-- \/wp:list --><\/p>\t\t\t\t\t\t\t\t<\/div>\n\t\t\t\t<\/div>\n\t\t\t\t\t<\/div>\n\t\t<\/div>\n\t\t\t\t\t<\/div>\n\t\t<\/section>\n\t\t\t\t<\/div>","protected":false},"excerpt":{"rendered":"<p>Appelez MOOC (pour Massive Open Online Courses) ou cours en ligne, ils permettent de se former dans de multiples mati\u00e8res quels que soient la motivation, le pays d\u2019origine ou le niveau d\u2019\u00e9tudes de ceux ou celles qui les suivent. Et cela, \u00e0 son propre rythme, n\u2019importe quand et n\u2019importe o\u00f9. Ces cours sont donn\u00e9s, entre&#8230;<\/p>","protected":false},"author":1,"featured_media":3961,"parent":2722,"menu_order":3,"comment_status":"closed","ping_status":"closed","template":"","meta":{"_acf_changed":false,"episode_type":"","audio_file":"","cover_image":"","cover_image_id":"","duration":"","filesize":"","filesize_raw":"","date_recorded":"","explicit":"","block":"","footnotes":""},"class_list":["post-3960","page","type-page","status-publish","has-post-thumbnail","hentry","wpbf-post"],"acf":[],"yoast_head":"<!-- This site is optimized with the Yoast SEO plugin v26.8 - https:\/\/yoast.com\/product\/yoast-seo-wordpress\/ -->\n<title>20 plateformes de cours en ligne \u00e0 conna\u00eetre &#8226; Job&amp;Sense<\/title>\n<meta name=\"description\" content=\"Les cours en ligne permettent de se former dans de multiples mati\u00e8res quels que soient la motivation ou le niveau d\u2019\u00e9tudes et cela souvent gratuitement.\" \/>\n<meta name=\"robots\" content=\"index, follow, max-snippet:-1, max-image-preview:large, max-video-preview:-1\" \/>\n<link rel=\"canonical\" href=\"https:\/\/jobandsense.be\/nl\/toolbox\/zich-opleiden\/15-online-cursusplatforms-die-u-moet-kennen\/\" \/>\n<meta property=\"og:locale\" content=\"nl_BE\" \/>\n<meta property=\"og:type\" content=\"article\" \/>\n<meta property=\"og:title\" content=\"15 plateformes de cours en ligne \u00e0 conna\u00eetre\" \/>\n<meta property=\"og:description\" content=\"Les cours en ligne permettent de se former dans de multiples mati\u00e8res quels que soient la motivation ou le niveau d\u2019\u00e9tudes et cela souvent gratuitement.\" \/>\n<meta property=\"og:url\" content=\"https:\/\/jobandsense.be\/nl\/toolbox\/zich-opleiden\/15-online-cursusplatforms-die-u-moet-kennen\/\" \/>\n<meta property=\"og:site_name\" content=\"Job&amp;Sense\" \/>\n<meta property=\"article:publisher\" content=\"https:\/\/www.facebook.com\/JobandSense\" \/>\n<meta property=\"article:modified_time\" content=\"2026-02-12T13:56:21+00:00\" \/>\n<meta property=\"og:image\" content=\"https:\/\/jobandsense.be\/wp-content\/uploads\/2021\/01\/cours-en-ligne.jpg\" \/>\n\t<meta property=\"og:image:width\" content=\"1280\" \/>\n\t<meta property=\"og:image:height\" content=\"851\" \/>\n\t<meta property=\"og:image:type\" content=\"image\/jpeg\" \/>\n<meta name=\"twitter:card\" content=\"summary_large_image\" \/>\n<meta name=\"twitter:label1\" content=\"Geschatte leestijd\" \/>\n\t<meta name=\"twitter:data1\" content=\"2 minuten\" \/>\n<script type=\"application\/ld+json\" class=\"yoast-schema-graph\">{\"@context\":\"https:\/\/schema.org\",\"@graph\":[{\"@type\":\"WebPage\",\"@id\":\"https:\/\/jobandsense.be\/boite-a-outils\/se-former\/15-plateformes-de-cours-en-ligne-a-connaitre\/\",\"url\":\"https:\/\/jobandsense.be\/boite-a-outils\/se-former\/15-plateformes-de-cours-en-ligne-a-connaitre\/\",\"name\":\"20 plateformes de cours en ligne \u00e0 conna\u00eetre &#8226; Job&Sense\",\"isPartOf\":{\"@id\":\"https:\/\/jobandsense.be\/#website\"},\"primaryImageOfPage\":{\"@id\":\"https:\/\/jobandsense.be\/boite-a-outils\/se-former\/15-plateformes-de-cours-en-ligne-a-connaitre\/#primaryimage\"},\"image\":{\"@id\":\"https:\/\/jobandsense.be\/boite-a-outils\/se-former\/15-plateformes-de-cours-en-ligne-a-connaitre\/#primaryimage\"},\"thumbnailUrl\":\"https:\/\/jobandsense.be\/wp-content\/uploads\/2021\/01\/cours-en-ligne.jpg\",\"datePublished\":\"2021-01-20T09:52:17+00:00\",\"dateModified\":\"2026-02-12T13:56:21+00:00\",\"description\":\"Les cours en ligne permettent de se former dans de multiples mati\u00e8res quels que soient la motivation ou le niveau d\u2019\u00e9tudes et cela souvent gratuitement.\",\"breadcrumb\":{\"@id\":\"https:\/\/jobandsense.be\/boite-a-outils\/se-former\/15-plateformes-de-cours-en-ligne-a-connaitre\/#breadcrumb\"},\"inLanguage\":\"nl-BE\",\"potentialAction\":[{\"@type\":\"ReadAction\",\"target\":[\"https:\/\/jobandsense.be\/boite-a-outils\/se-former\/15-plateformes-de-cours-en-ligne-a-connaitre\/\"]}]},{\"@type\":\"ImageObject\",\"inLanguage\":\"nl-BE\",\"@id\":\"https:\/\/jobandsense.be\/boite-a-outils\/se-former\/15-plateformes-de-cours-en-ligne-a-connaitre\/#primaryimage\",\"url\":\"https:\/\/jobandsense.be\/wp-content\/uploads\/2021\/01\/cours-en-ligne.jpg\",\"contentUrl\":\"https:\/\/jobandsense.be\/wp-content\/uploads\/2021\/01\/cours-en-ligne.jpg\",\"width\":1280,\"height\":851,\"caption\":\"Image par mohamed Hassan de Pixabay\"},{\"@type\":\"BreadcrumbList\",\"@id\":\"https:\/\/jobandsense.be\/boite-a-outils\/se-former\/15-plateformes-de-cours-en-ligne-a-connaitre\/#breadcrumb\",\"itemListElement\":[{\"@type\":\"ListItem\",\"position\":1,\"name\":\"Accueil\",\"item\":\"https:\/\/jobandsense.be\/\"},{\"@type\":\"ListItem\",\"position\":2,\"name\":\"Bo\u00eete \u00e0 outils\",\"item\":\"https:\/\/jobandsense.be\/boite-a-outils\/\"},{\"@type\":\"ListItem\",\"position\":3,\"name\":\"Se former\",\"item\":\"https:\/\/jobandsense.be\/boite-a-outils\/se-former\/\"},{\"@type\":\"ListItem\",\"position\":4,\"name\":\"20 plateformes de cours en ligne \u00e0 conna\u00eetre\"}]},{\"@type\":\"WebSite\",\"@id\":\"https:\/\/jobandsense.be\/#website\",\"url\":\"https:\/\/jobandsense.be\/\",\"name\":\"Job&amp;Sense\",\"description\":\"La plateforme qui vous donne toutes les informations pour trouver un job qui a du sens\",\"publisher\":{\"@id\":\"https:\/\/jobandsense.be\/#organization\"},\"potentialAction\":[{\"@type\":\"SearchAction\",\"target\":{\"@type\":\"EntryPoint\",\"urlTemplate\":\"https:\/\/jobandsense.be\/?s={search_term_string}\"},\"query-input\":{\"@type\":\"PropertyValueSpecification\",\"valueRequired\":true,\"valueName\":\"search_term_string\"}}],\"inLanguage\":\"nl-BE\"},{\"@type\":\"Organization\",\"@id\":\"https:\/\/jobandsense.be\/#organization\",\"name\":\"Job&Sense\",\"url\":\"https:\/\/jobandsense.be\/\",\"logo\":{\"@type\":\"ImageObject\",\"inLanguage\":\"nl-BE\",\"@id\":\"https:\/\/jobandsense.be\/#\/schema\/logo\/image\/\",\"url\":\"\",\"contentUrl\":\"\",\"caption\":\"Job&Sense\"},\"image\":{\"@id\":\"https:\/\/jobandsense.be\/#\/schema\/logo\/image\/\"},\"sameAs\":[\"https:\/\/www.facebook.com\/JobandSense\",\"https:\/\/www.instagram.com\/jobandsense\/\",\"https:\/\/www.linkedin.com\/company\/52173671\/admin\/\"]}]}<\/script>\n<!-- \/ Yoast SEO plugin. -->","yoast_head_json":{"title":"20 plateformes de cours en ligne \u00e0 conna\u00eetre &#8226; Job&Sense","description":"Les cours en ligne permettent de se former dans de multiples mati\u00e8res quels que soient la motivation ou le niveau d\u2019\u00e9tudes et cela souvent gratuitement.","robots":{"index":"index","follow":"follow","max-snippet":"max-snippet:-1","max-image-preview":"max-image-preview:large","max-video-preview":"max-video-preview:-1"},"canonical":"https:\/\/jobandsense.be\/nl\/toolbox\/zich-opleiden\/15-online-cursusplatforms-die-u-moet-kennen\/","og_locale":"nl_BE","og_type":"article","og_title":"15 plateformes de cours en ligne \u00e0 conna\u00eetre","og_description":"Les cours en ligne permettent de se former dans de multiples mati\u00e8res quels que soient la motivation ou le niveau d\u2019\u00e9tudes et cela souvent gratuitement.","og_url":"https:\/\/jobandsense.be\/nl\/toolbox\/zich-opleiden\/15-online-cursusplatforms-die-u-moet-kennen\/","og_site_name":"Job&amp;Sense","article_publisher":"https:\/\/www.facebook.com\/JobandSense","article_modified_time":"2026-02-12T13:56:21+00:00","og_image":[{"width":1280,"height":851,"url":"https:\/\/jobandsense.be\/wp-content\/uploads\/2021\/01\/cours-en-ligne.jpg","type":"image\/jpeg"}],"twitter_card":"summary_large_image","twitter_misc":{"Geschatte leestijd":"2 minuten"},"schema":{"@context":"https:\/\/schema.org","@graph":[{"@type":"WebPage","@id":"https:\/\/jobandsense.be\/boite-a-outils\/se-former\/15-plateformes-de-cours-en-ligne-a-connaitre\/","url":"https:\/\/jobandsense.be\/boite-a-outils\/se-former\/15-plateformes-de-cours-en-ligne-a-connaitre\/","name":"20 plateformes de cours en ligne \u00e0 conna\u00eetre &#8226; Job&Sense","isPartOf":{"@id":"https:\/\/jobandsense.be\/#website"},"primaryImageOfPage":{"@id":"https:\/\/jobandsense.be\/boite-a-outils\/se-former\/15-plateformes-de-cours-en-ligne-a-connaitre\/#primaryimage"},"image":{"@id":"https:\/\/jobandsense.be\/boite-a-outils\/se-former\/15-plateformes-de-cours-en-ligne-a-connaitre\/#primaryimage"},"thumbnailUrl":"https:\/\/jobandsense.be\/wp-content\/uploads\/2021\/01\/cours-en-ligne.jpg","datePublished":"2021-01-20T09:52:17+00:00","dateModified":"2026-02-12T13:56:21+00:00","description":"Les cours en ligne permettent de se former dans de multiples mati\u00e8res quels que soient la motivation ou le niveau d\u2019\u00e9tudes et cela souvent gratuitement.","breadcrumb":{"@id":"https:\/\/jobandsense.be\/boite-a-outils\/se-former\/15-plateformes-de-cours-en-ligne-a-connaitre\/#breadcrumb"},"inLanguage":"nl-BE","potentialAction":[{"@type":"ReadAction","target":["https:\/\/jobandsense.be\/boite-a-outils\/se-former\/15-plateformes-de-cours-en-ligne-a-connaitre\/"]}]},{"@type":"ImageObject","inLanguage":"nl-BE","@id":"https:\/\/jobandsense.be\/boite-a-outils\/se-former\/15-plateformes-de-cours-en-ligne-a-connaitre\/#primaryimage","url":"https:\/\/jobandsense.be\/wp-content\/uploads\/2021\/01\/cours-en-ligne.jpg","contentUrl":"https:\/\/jobandsense.be\/wp-content\/uploads\/2021\/01\/cours-en-ligne.jpg","width":1280,"height":851,"caption":"Image par mohamed Hassan de Pixabay"},{"@type":"BreadcrumbList","@id":"https:\/\/jobandsense.be\/boite-a-outils\/se-former\/15-plateformes-de-cours-en-ligne-a-connaitre\/#breadcrumb","itemListElement":[{"@type":"ListItem","position":1,"name":"Accueil","item":"https:\/\/jobandsense.be\/"},{"@type":"ListItem","position":2,"name":"Bo\u00eete \u00e0 outils","item":"https:\/\/jobandsense.be\/boite-a-outils\/"},{"@type":"ListItem","position":3,"name":"Se former","item":"https:\/\/jobandsense.be\/boite-a-outils\/se-former\/"},{"@type":"ListItem","position":4,"name":"20 plateformes de cours en ligne \u00e0 conna\u00eetre"}]},{"@type":"WebSite","@id":"https:\/\/jobandsense.be\/#website","url":"https:\/\/jobandsense.be\/","name":"Job&amp;Sense","description":"La plateforme qui vous donne toutes les informations pour trouver un job qui a du sens","publisher":{"@id":"https:\/\/jobandsense.be\/#organization"},"potentialAction":[{"@type":"SearchAction","target":{"@type":"EntryPoint","urlTemplate":"https:\/\/jobandsense.be\/?s={search_term_string}"},"query-input":{"@type":"PropertyValueSpecification","valueRequired":true,"valueName":"search_term_string"}}],"inLanguage":"nl-BE"},{"@type":"Organization","@id":"https:\/\/jobandsense.be\/#organization","name":"Job&Sense","url":"https:\/\/jobandsense.be\/","logo":{"@type":"ImageObject","inLanguage":"nl-BE","@id":"https:\/\/jobandsense.be\/#\/schema\/logo\/image\/","url":"","contentUrl":"","caption":"Job&Sense"},"image":{"@id":"https:\/\/jobandsense.be\/#\/schema\/logo\/image\/"},"sameAs":["https:\/\/www.facebook.com\/JobandSense","https:\/\/www.instagram.com\/jobandsense\/","https:\/\/www.linkedin.com\/company\/52173671\/admin\/"]}]}},"jetpack_sharing_enabled":true,"_links":{"self":[{"href":"https:\/\/jobandsense.be\/nl\/wp-json\/wp\/v2\/pages\/3960","targetHints":{"allow":["GET"]}}],"collection":[{"href":"https:\/\/jobandsense.be\/nl\/wp-json\/wp\/v2\/pages"}],"about":[{"href":"https:\/\/jobandsense.be\/nl\/wp-json\/wp\/v2\/types\/page"}],"author":[{"embeddable":true,"href":"https:\/\/jobandsense.be\/nl\/wp-json\/wp\/v2\/users\/1"}],"replies":[{"embeddable":true,"href":"https:\/\/jobandsense.be\/nl\/wp-json\/wp\/v2\/comments?post=3960"}],"version-history":[{"count":39,"href":"https:\/\/jobandsense.be\/nl\/wp-json\/wp\/v2\/pages\/3960\/revisions"}],"predecessor-version":[{"id":14308,"href":"https:\/\/jobandsense.be\/nl\/wp-json\/wp\/v2\/pages\/3960\/revisions\/14308"}],"up":[{"embeddable":true,"href":"https:\/\/jobandsense.be\/nl\/wp-json\/wp\/v2\/pages\/2722"}],"wp:featuredmedia":[{"embeddable":true,"href":"https:\/\/jobandsense.be\/nl\/wp-json\/wp\/v2\/media\/3961"}],"wp:attachment":[{"href":"https:\/\/jobandsense.be\/nl\/wp-json\/wp\/v2\/media?parent=3960"}],"curies":[{"name":"wp","href":"https:\/\/api.w.org\/{rel}","templated":true}]}}