{"id":3920,"date":"2021-01-20T09:18:59","date_gmt":"2021-01-20T09:18:59","guid":{"rendered":"https:\/\/jobandsense.be\/?page_id=3920"},"modified":"2021-01-28T10:29:52","modified_gmt":"2021-01-28T10:29:52","slug":"de-criteria-waar-u-rekening-mee-moet-houden-bij-het-kiezen-van-een-opleiding","status":"publish","type":"page","link":"https:\/\/jobandsense.be\/nl\/toolbox\/zich-opleiden\/de-criteria-waar-u-rekening-mee-moet-houden-bij-het-kiezen-van-een-opleiding\/","title":{"rendered":"De criteria om rekening mee te houden bij het kiezen van een opleiding"},"content":{"rendered":"<div data-elementor-type=\"wp-page\" data-elementor-id=\"3920\" class=\"elementor elementor-3920\" data-elementor-post-type=\"page\">\n\t\t\t\t\t\t<section class=\"elementor-section elementor-top-section elementor-element elementor-element-2b178382 elementor-section-boxed elementor-section-height-default elementor-section-height-default\" data-id=\"2b178382\" data-element_type=\"section\" data-e-type=\"section\">\n\t\t\t\t\t\t<div class=\"elementor-container elementor-column-gap-default\">\n\t\t\t\t\t<div class=\"elementor-column elementor-col-100 elementor-top-column elementor-element elementor-element-23e775be\" data-id=\"23e775be\" data-element_type=\"column\" data-e-type=\"column\">\n\t\t\t<div class=\"elementor-widget-wrap elementor-element-populated\">\n\t\t\t\t\t\t<div class=\"elementor-element elementor-element-687346bd elementor-widget elementor-widget-text-editor\" data-id=\"687346bd\" data-element_type=\"widget\" data-e-type=\"widget\" data-widget_type=\"text-editor.default\">\n\t\t\t\t<div class=\"elementor-widget-container\">\n\t\t\t\t\t\t\t\t\t<p><\/p>\n<p>&nbsp;Voordat u op zoek gaat naar opleidingen, is het belangrijk om eerst na te denken over de criteria die voor u belangrijk zijn bij de selectie die u zult maken.<\/p>\n<p><\/p>\n<p><\/p>\n<p>Hier zijn de vragen waarmee u rekening moet houden:<\/p>\n<p><\/p>\n<p><\/p>\n<p><b>Onderwijsmethode<\/b><\/p>\n<p><\/p>\n<p><\/p>\n<p>Zoekt u een opleiding in fysieke aanwezigheid, online of een mix van beide (wat nu blended learning wordt genoemd)?<\/p>\n<p><\/p>\n<p><\/p>\n<p><b>Behaalde titel<\/b><\/p>\n<p><\/p>\n<p><\/p>\n<p>Hecht u belang aan het ontvangen van een titel aan het einde van de opleiding of niet?<\/p>\n<p><\/p>\n<p><\/p>\n<p>In de vorm van een certificaat of eerder een diploma?<\/p>\n<p><\/p>\n<p><\/p>\n<p><b>Opleidingsinstellingen<\/b><\/p>\n<p><\/p>\n<p><\/p>\n<p>Wenst u een academische opleiding (universiteit, hogeschool), professionele opleiding, opleiding voor sociale promotie of andere (priv\u00e9-instituut)?<\/p>\n<p><\/p>\n<p><\/p>\n<p><b>Uren<\/b><\/p>\n<p><\/p>\n<p><\/p>\n<p>Welke uren schikken u? Normale uren, dat wil zeggen doordeweeks, of in verschoven uren, eerder 's avonds of in het weekend?<\/p>\n<p><\/p>\n<p><\/p>\n<p><b>Duur<\/b><\/p>\n<p><\/p>\n<p><\/p>\n<p>Zoekt u een korte opleiding (van enkele uren tot 1 maand) of een lange (van meerdere maanden of jaren)?<\/p>\n<p><\/p>\n<p><\/p>\n<p><b>Kostprijs<\/b><\/p>\n<p><\/p>\n<p><\/p>\n<p>Bent u bereid te betalen voor de opleiding? Zo ja, hoeveel?<\/p>\n<p><\/p>\n<p><\/p>\n<p><b>Taal<\/b><\/p>\n<p><\/p>\n<p><\/p>\n<p>In het Frans of alleen in het Nederlands, of zou een opleiding in het Engels u passen?<\/p>\n<p><\/p>\n<p><\/p>\n<p><b>Domein<\/b><\/p>\n<p><\/p>\n<p><\/p>\n<p>Uiteraard is het gemakkelijker om een opleiding te vinden wanneer u weet in welk domein u zoekt. Niettemin zou u ook ge\u00efnspireerd kunnen worden door de hele verscheidenheid aan bestaande opleidingen te bekijken.&nbsp;<\/p>\n<p><\/p>\n<p><\/p>\n<p>Zodra u alle elementen hebt gedefinieerd, zult u veel sneller vooruitgaan in uw zoektocht naar een opleiding.<\/p>\n<p>U kunt onderstaande tabel invullen om een duidelijk beeld te hebben van wat u zoekt.&nbsp;<\/p>\n<p><\/p>\t\t\t\t\t\t\t\t<\/div>\n\t\t\t\t<\/div>\n\t\t\t\t<div class=\"elementor-element elementor-element-8d1f0e5 elementor-widget elementor-widget-image\" data-id=\"8d1f0e5\" data-element_type=\"widget\" data-e-type=\"widget\" data-widget_type=\"image.default\">\n\t\t\t\t<div class=\"elementor-widget-container\">\n\t\t\t\t\t\t\t\t\t\t\t\t\t\t\t<img fetchpriority=\"high\" decoding=\"async\" width=\"904\" height=\"533\" src=\"https:\/\/jobandsense.be\/wp-content\/uploads\/2025\/11\/mijn-ideale-opleiding.png\" class=\"attachment-large size-large wp-image-3929\" alt=\"Mijn ideale opleiding\" srcset=\"https:\/\/jobandsense.be\/wp-content\/uploads\/2025\/11\/mijn-ideale-opleiding.png 872w, https:\/\/jobandsense.be\/wp-content\/uploads\/2025\/11\/mijn-ideale-opleiding-300x176.png 300w, https:\/\/jobandsense.be\/wp-content\/uploads\/2025\/11\/mijn-ideale-opleiding-768x451.png 768w, https:\/\/jobandsense.be\/wp-content\/uploads\/2025\/11\/mijn-ideale-opleiding-18x12.png 18w\" sizes=\"(max-width: 904px) 100vw, 904px\" \/>\t\t\t\t\t\t\t\t\t\t\t\t\t\t\t<\/div>\n\t\t\t\t<\/div>\n\t\t\t\t\t<\/div>\n\t\t<\/div>\n\t\t\t\t\t<\/div>\n\t\t<\/section>\n\t\t\t\t<\/div>","protected":false},"excerpt":{"rendered":"<p>&nbsp;Avant toute recherche de formations, il importe de r\u00e9fl\u00e9chir pr\u00e9alablement aux crit\u00e8res qui sont importants pour vous dans la s\u00e9lection que vous ferez. Voici les questions \u00e0 prendre en compte&nbsp;: M\u00e9thode d\u2019enseignement Est-ce que vous cherchez une formation en pr\u00e9sentiel, en ligne ou un mixte des deux (que l\u2019on appelle maintenant du blended learning)&nbsp;? Titre&#8230;<\/p>","protected":false},"author":1,"featured_media":3921,"parent":2722,"menu_order":1,"comment_status":"closed","ping_status":"closed","template":"","meta":{"_acf_changed":false,"episode_type":"","audio_file":"","cover_image":"","cover_image_id":"","duration":"","filesize":"","filesize_raw":"","date_recorded":"","explicit":"","block":"","footnotes":""},"class_list":["post-3920","page","type-page","status-publish","has-post-thumbnail","hentry","wpbf-post"],"acf":[],"yoast_head":"<!-- This site is optimized with the Yoast SEO plugin v26.8 - https:\/\/yoast.com\/product\/yoast-seo-wordpress\/ -->\n<title>Crit\u00e8res importants pour choisir une formation &#8226; Job&amp;Sense<\/title>\n<meta name=\"description\" content=\"Avant de rechercher une formation; il est int\u00e9ressant de se demander quels sont les crit\u00e8res importants pour moi pour choisir.\" \/>\n<meta name=\"robots\" content=\"index, follow, max-snippet:-1, max-image-preview:large, max-video-preview:-1\" \/>\n<link rel=\"canonical\" href=\"https:\/\/jobandsense.be\/nl\/toolbox\/zich-opleiden\/de-criteria-waar-u-rekening-mee-moet-houden-bij-het-kiezen-van-een-opleiding\/\" \/>\n<meta property=\"og:locale\" content=\"nl_BE\" \/>\n<meta property=\"og:type\" content=\"article\" \/>\n<meta property=\"og:title\" content=\"Les crit\u00e8res pour choisir une formation\" \/>\n<meta property=\"og:description\" content=\"Avant de rechercher une formation; il est int\u00e9ressant de se demander quels sont les crit\u00e8res importants pour moi pour choisir.\" \/>\n<meta property=\"og:url\" content=\"https:\/\/jobandsense.be\/nl\/toolbox\/zich-opleiden\/de-criteria-waar-u-rekening-mee-moet-houden-bij-het-kiezen-van-een-opleiding\/\" \/>\n<meta property=\"og:site_name\" content=\"Job&amp;Sense\" \/>\n<meta property=\"article:publisher\" content=\"https:\/\/www.facebook.com\/JobandSense\" \/>\n<meta property=\"article:modified_time\" content=\"2021-01-28T10:29:52+00:00\" \/>\n<meta property=\"og:image\" content=\"https:\/\/jobandsense.be\/wp-content\/uploads\/2021\/01\/crite\u0300res-formations.jpg\" \/>\n\t<meta property=\"og:image:width\" content=\"1280\" \/>\n\t<meta property=\"og:image:height\" content=\"853\" \/>\n\t<meta property=\"og:image:type\" content=\"image\/jpeg\" \/>\n<meta name=\"twitter:card\" content=\"summary_large_image\" \/>\n<meta name=\"twitter:label1\" content=\"Geschatte leestijd\" \/>\n\t<meta name=\"twitter:data1\" content=\"2 minuten\" \/>\n<script type=\"application\/ld+json\" class=\"yoast-schema-graph\">{\"@context\":\"https:\/\/schema.org\",\"@graph\":[{\"@type\":\"WebPage\",\"@id\":\"https:\/\/jobandsense.be\/boite-a-outils\/se-former\/les-criteres-a-prendre-en-compte-lorsquon-choisit-une-formation\/\",\"url\":\"https:\/\/jobandsense.be\/boite-a-outils\/se-former\/les-criteres-a-prendre-en-compte-lorsquon-choisit-une-formation\/\",\"name\":\"Crit\u00e8res importants pour choisir une formation &#8226; Job&Sense\",\"isPartOf\":{\"@id\":\"https:\/\/jobandsense.be\/#website\"},\"primaryImageOfPage\":{\"@id\":\"https:\/\/jobandsense.be\/boite-a-outils\/se-former\/les-criteres-a-prendre-en-compte-lorsquon-choisit-une-formation\/#primaryimage\"},\"image\":{\"@id\":\"https:\/\/jobandsense.be\/boite-a-outils\/se-former\/les-criteres-a-prendre-en-compte-lorsquon-choisit-une-formation\/#primaryimage\"},\"thumbnailUrl\":\"https:\/\/jobandsense.be\/wp-content\/uploads\/2021\/01\/crite\u0300res-formations.jpg\",\"datePublished\":\"2021-01-20T09:18:59+00:00\",\"dateModified\":\"2021-01-28T10:29:52+00:00\",\"description\":\"Avant de rechercher une formation; il est int\u00e9ressant de se demander quels sont les crit\u00e8res importants pour moi pour choisir.\",\"breadcrumb\":{\"@id\":\"https:\/\/jobandsense.be\/boite-a-outils\/se-former\/les-criteres-a-prendre-en-compte-lorsquon-choisit-une-formation\/#breadcrumb\"},\"inLanguage\":\"nl-BE\",\"potentialAction\":[{\"@type\":\"ReadAction\",\"target\":[\"https:\/\/jobandsense.be\/boite-a-outils\/se-former\/les-criteres-a-prendre-en-compte-lorsquon-choisit-une-formation\/\"]}]},{\"@type\":\"ImageObject\",\"inLanguage\":\"nl-BE\",\"@id\":\"https:\/\/jobandsense.be\/boite-a-outils\/se-former\/les-criteres-a-prendre-en-compte-lorsquon-choisit-une-formation\/#primaryimage\",\"url\":\"https:\/\/jobandsense.be\/wp-content\/uploads\/2021\/01\/crite\u0300res-formations.jpg\",\"contentUrl\":\"https:\/\/jobandsense.be\/wp-content\/uploads\/2021\/01\/crite\u0300res-formations.jpg\",\"width\":1280,\"height\":853,\"caption\":\"Image par PixxlTeufel de Pixabay\"},{\"@type\":\"BreadcrumbList\",\"@id\":\"https:\/\/jobandsense.be\/boite-a-outils\/se-former\/les-criteres-a-prendre-en-compte-lorsquon-choisit-une-formation\/#breadcrumb\",\"itemListElement\":[{\"@type\":\"ListItem\",\"position\":1,\"name\":\"Accueil\",\"item\":\"https:\/\/jobandsense.be\/\"},{\"@type\":\"ListItem\",\"position\":2,\"name\":\"Bo\u00eete \u00e0 outils\",\"item\":\"https:\/\/jobandsense.be\/boite-a-outils\/\"},{\"@type\":\"ListItem\",\"position\":3,\"name\":\"Se former\",\"item\":\"https:\/\/jobandsense.be\/boite-a-outils\/se-former\/\"},{\"@type\":\"ListItem\",\"position\":4,\"name\":\"Les crit\u00e8res \u00e0 prendre en compte lorsqu&#8217;on choisit une formation\"}]},{\"@type\":\"WebSite\",\"@id\":\"https:\/\/jobandsense.be\/#website\",\"url\":\"https:\/\/jobandsense.be\/\",\"name\":\"Job&amp;Sense\",\"description\":\"La plateforme qui vous donne toutes les informations pour trouver un job qui a du sens\",\"publisher\":{\"@id\":\"https:\/\/jobandsense.be\/#organization\"},\"potentialAction\":[{\"@type\":\"SearchAction\",\"target\":{\"@type\":\"EntryPoint\",\"urlTemplate\":\"https:\/\/jobandsense.be\/?s={search_term_string}\"},\"query-input\":{\"@type\":\"PropertyValueSpecification\",\"valueRequired\":true,\"valueName\":\"search_term_string\"}}],\"inLanguage\":\"nl-BE\"},{\"@type\":\"Organization\",\"@id\":\"https:\/\/jobandsense.be\/#organization\",\"name\":\"Job&Sense\",\"url\":\"https:\/\/jobandsense.be\/\",\"logo\":{\"@type\":\"ImageObject\",\"inLanguage\":\"nl-BE\",\"@id\":\"https:\/\/jobandsense.be\/#\/schema\/logo\/image\/\",\"url\":\"\",\"contentUrl\":\"\",\"caption\":\"Job&Sense\"},\"image\":{\"@id\":\"https:\/\/jobandsense.be\/#\/schema\/logo\/image\/\"},\"sameAs\":[\"https:\/\/www.facebook.com\/JobandSense\",\"https:\/\/www.instagram.com\/jobandsense\/\",\"https:\/\/www.linkedin.com\/company\/52173671\/admin\/\"]}]}<\/script>\n<!-- \/ Yoast SEO plugin. -->","yoast_head_json":{"title":"Crit\u00e8res importants pour choisir une formation &#8226; Job&Sense","description":"Avant de rechercher une formation; il est int\u00e9ressant de se demander quels sont les crit\u00e8res importants pour moi pour choisir.","robots":{"index":"index","follow":"follow","max-snippet":"max-snippet:-1","max-image-preview":"max-image-preview:large","max-video-preview":"max-video-preview:-1"},"canonical":"https:\/\/jobandsense.be\/nl\/toolbox\/zich-opleiden\/de-criteria-waar-u-rekening-mee-moet-houden-bij-het-kiezen-van-een-opleiding\/","og_locale":"nl_BE","og_type":"article","og_title":"Les crit\u00e8res pour choisir une formation","og_description":"Avant de rechercher une formation; il est int\u00e9ressant de se demander quels sont les crit\u00e8res importants pour moi pour choisir.","og_url":"https:\/\/jobandsense.be\/nl\/toolbox\/zich-opleiden\/de-criteria-waar-u-rekening-mee-moet-houden-bij-het-kiezen-van-een-opleiding\/","og_site_name":"Job&amp;Sense","article_publisher":"https:\/\/www.facebook.com\/JobandSense","article_modified_time":"2021-01-28T10:29:52+00:00","og_image":[{"width":1280,"height":853,"url":"https:\/\/jobandsense.be\/wp-content\/uploads\/2021\/01\/crite\u0300res-formations.jpg","type":"image\/jpeg"}],"twitter_card":"summary_large_image","twitter_misc":{"Geschatte leestijd":"2 minuten"},"schema":{"@context":"https:\/\/schema.org","@graph":[{"@type":"WebPage","@id":"https:\/\/jobandsense.be\/boite-a-outils\/se-former\/les-criteres-a-prendre-en-compte-lorsquon-choisit-une-formation\/","url":"https:\/\/jobandsense.be\/boite-a-outils\/se-former\/les-criteres-a-prendre-en-compte-lorsquon-choisit-une-formation\/","name":"Crit\u00e8res importants pour choisir une formation &#8226; Job&Sense","isPartOf":{"@id":"https:\/\/jobandsense.be\/#website"},"primaryImageOfPage":{"@id":"https:\/\/jobandsense.be\/boite-a-outils\/se-former\/les-criteres-a-prendre-en-compte-lorsquon-choisit-une-formation\/#primaryimage"},"image":{"@id":"https:\/\/jobandsense.be\/boite-a-outils\/se-former\/les-criteres-a-prendre-en-compte-lorsquon-choisit-une-formation\/#primaryimage"},"thumbnailUrl":"https:\/\/jobandsense.be\/wp-content\/uploads\/2021\/01\/crite\u0300res-formations.jpg","datePublished":"2021-01-20T09:18:59+00:00","dateModified":"2021-01-28T10:29:52+00:00","description":"Avant de rechercher une formation; il est int\u00e9ressant de se demander quels sont les crit\u00e8res importants pour moi pour choisir.","breadcrumb":{"@id":"https:\/\/jobandsense.be\/boite-a-outils\/se-former\/les-criteres-a-prendre-en-compte-lorsquon-choisit-une-formation\/#breadcrumb"},"inLanguage":"nl-BE","potentialAction":[{"@type":"ReadAction","target":["https:\/\/jobandsense.be\/boite-a-outils\/se-former\/les-criteres-a-prendre-en-compte-lorsquon-choisit-une-formation\/"]}]},{"@type":"ImageObject","inLanguage":"nl-BE","@id":"https:\/\/jobandsense.be\/boite-a-outils\/se-former\/les-criteres-a-prendre-en-compte-lorsquon-choisit-une-formation\/#primaryimage","url":"https:\/\/jobandsense.be\/wp-content\/uploads\/2021\/01\/crite\u0300res-formations.jpg","contentUrl":"https:\/\/jobandsense.be\/wp-content\/uploads\/2021\/01\/crite\u0300res-formations.jpg","width":1280,"height":853,"caption":"Image par PixxlTeufel de Pixabay"},{"@type":"BreadcrumbList","@id":"https:\/\/jobandsense.be\/boite-a-outils\/se-former\/les-criteres-a-prendre-en-compte-lorsquon-choisit-une-formation\/#breadcrumb","itemListElement":[{"@type":"ListItem","position":1,"name":"Accueil","item":"https:\/\/jobandsense.be\/"},{"@type":"ListItem","position":2,"name":"Bo\u00eete \u00e0 outils","item":"https:\/\/jobandsense.be\/boite-a-outils\/"},{"@type":"ListItem","position":3,"name":"Se former","item":"https:\/\/jobandsense.be\/boite-a-outils\/se-former\/"},{"@type":"ListItem","position":4,"name":"Les crit\u00e8res \u00e0 prendre en compte lorsqu&#8217;on choisit une formation"}]},{"@type":"WebSite","@id":"https:\/\/jobandsense.be\/#website","url":"https:\/\/jobandsense.be\/","name":"Job&amp;Sense","description":"La plateforme qui vous donne toutes les informations pour trouver un job qui a du sens","publisher":{"@id":"https:\/\/jobandsense.be\/#organization"},"potentialAction":[{"@type":"SearchAction","target":{"@type":"EntryPoint","urlTemplate":"https:\/\/jobandsense.be\/?s={search_term_string}"},"query-input":{"@type":"PropertyValueSpecification","valueRequired":true,"valueName":"search_term_string"}}],"inLanguage":"nl-BE"},{"@type":"Organization","@id":"https:\/\/jobandsense.be\/#organization","name":"Job&Sense","url":"https:\/\/jobandsense.be\/","logo":{"@type":"ImageObject","inLanguage":"nl-BE","@id":"https:\/\/jobandsense.be\/#\/schema\/logo\/image\/","url":"","contentUrl":"","caption":"Job&Sense"},"image":{"@id":"https:\/\/jobandsense.be\/#\/schema\/logo\/image\/"},"sameAs":["https:\/\/www.facebook.com\/JobandSense","https:\/\/www.instagram.com\/jobandsense\/","https:\/\/www.linkedin.com\/company\/52173671\/admin\/"]}]}},"jetpack_sharing_enabled":true,"_links":{"self":[{"href":"https:\/\/jobandsense.be\/nl\/wp-json\/wp\/v2\/pages\/3920","targetHints":{"allow":["GET"]}}],"collection":[{"href":"https:\/\/jobandsense.be\/nl\/wp-json\/wp\/v2\/pages"}],"about":[{"href":"https:\/\/jobandsense.be\/nl\/wp-json\/wp\/v2\/types\/page"}],"author":[{"embeddable":true,"href":"https:\/\/jobandsense.be\/nl\/wp-json\/wp\/v2\/users\/1"}],"replies":[{"embeddable":true,"href":"https:\/\/jobandsense.be\/nl\/wp-json\/wp\/v2\/comments?post=3920"}],"version-history":[{"count":13,"href":"https:\/\/jobandsense.be\/nl\/wp-json\/wp\/v2\/pages\/3920\/revisions"}],"predecessor-version":[{"id":5270,"href":"https:\/\/jobandsense.be\/nl\/wp-json\/wp\/v2\/pages\/3920\/revisions\/5270"}],"up":[{"embeddable":true,"href":"https:\/\/jobandsense.be\/nl\/wp-json\/wp\/v2\/pages\/2722"}],"wp:featuredmedia":[{"embeddable":true,"href":"https:\/\/jobandsense.be\/nl\/wp-json\/wp\/v2\/media\/3921"}],"wp:attachment":[{"href":"https:\/\/jobandsense.be\/nl\/wp-json\/wp\/v2\/media?parent=3920"}],"curies":[{"name":"wp","href":"https:\/\/api.w.org\/{rel}","templated":true}]}}