{"id":3756,"date":"2021-01-19T14:01:47","date_gmt":"2021-01-19T14:01:47","guid":{"rendered":"https:\/\/jobandsense.be\/?page_id=3756"},"modified":"2021-01-29T20:14:46","modified_gmt":"2021-01-29T20:14:46","slug":"een-succesvol-concept-vermenigvuldigen-de-rol-van-franchising","status":"publish","type":"page","link":"https:\/\/jobandsense.be\/nl\/toolbox\/starten-als-zelfstandige\/een-succesvol-concept-vermenigvuldigen-de-rol-van-franchising\/","title":{"rendered":"Een werkend concept vermenigvuldigen: de rol van franchising"},"content":{"rendered":"<div data-elementor-type=\"wp-page\" data-elementor-id=\"3756\" class=\"elementor elementor-3756\" data-elementor-post-type=\"page\">\n\t\t\t\t\t\t<section class=\"elementor-section elementor-top-section elementor-element elementor-element-6df3b0c5 elementor-section-boxed elementor-section-height-default elementor-section-height-default\" data-id=\"6df3b0c5\" data-element_type=\"section\" data-e-type=\"section\">\n\t\t\t\t\t\t<div class=\"elementor-container elementor-column-gap-default\">\n\t\t\t\t\t<div class=\"elementor-column elementor-col-100 elementor-top-column elementor-element elementor-element-63e3257e\" data-id=\"63e3257e\" data-element_type=\"column\" data-e-type=\"column\">\n\t\t\t<div class=\"elementor-widget-wrap elementor-element-populated\">\n\t\t\t\t\t\t<div class=\"elementor-element elementor-element-67c33fc9 elementor-widget elementor-widget-text-editor\" data-id=\"67c33fc9\" data-element_type=\"widget\" data-e-type=\"widget\" data-widget_type=\"text-editor.default\">\n\t\t\t\t<div class=\"elementor-widget-container\">\n\t\t\t\t\t\t\t\t\t<p><\/p>\n<p>Het is niet alleen het cre\u00ebren van een innovatief project dat interessant kan zijn.<\/p>\n<p><\/p>\n<p>Waarom niet eerst kijken voordat je begint of een merk, met hetzelfde concept als jij, iemand zoekt om een franchise te lanceren?<\/p>\n<p><\/p>\n<p>Een franchise is een commercieel contract dat de franchisenemer tekent met de eigenaar van een handelsmerk, genaamd de franchisegever. Deze geeft hem het recht om zijn merk te gebruiken in ruil voor een vergoeding.<\/p>\n<p><\/p>\n<p>Dit is anders dan een dochteronderneming omdat de dochteronderneming volledig eigendom is van de verantwoordelijke van het merk, terwijl de franchise eigendom is van de franchisenemer.<\/p>\n<p><\/p>\n<p>Meer dan 80% van de winkels in een winkelstraat functioneren onder franchisecontract in Belgi\u00eb volgens de website: <span style=\"text-decoration: underline;\"><a href=\"https:\/\/www.franchise.be\/fr\/\" target=\"_blank\" rel=\"noopener\">Franchise.be<\/a><\/span>.<\/p>\n<p><\/p>\n<p>Franchising heeft vele voordelen:<\/p>\n<p><\/p>\n<ul class=\"wp-block-list\">\n<li>Het project is minder risicovol: het concept werkt al, het is getest.<\/li>\n<li>Je beschikt over de bestaande bekendheid van de franchisegever.<\/li>\n<li>De franchisegever heeft al enorm veel werk gedaan aan het zoeken van leveranciers, marketing (logo, grafische vormgeving), administratieve en logistieke kwesties...<\/li>\n<li>Je kunt profiteren van schaalvoordelen voor je aankopen.<\/li>\n<li>Je begint niet meer alleen omdat je op een bepaalde manier in team werkt met de franchisegever.<\/li>\n<\/ul>\n<p><\/p>\n<p>De formule heeft toch zijn nadelen:<\/p>\n<p><\/p>\n<ul class=\"wp-block-list\">\n<li>Je betaalt een vergoeding, die aanzienlijk kan zijn, aan de franchisegever.<\/li>\n<li>Je bent minder vrij om je project 100% naar je smaak te maken.<\/li>\n<\/ul>\n<p><\/p>\n<p>Om de franchisevoorstellen in Belgi\u00eb te ontdekken, aarzel niet om de website te bezoeken: <span style=\"text-decoration: underline;\"><a href=\"https:\/\/www.franchise.be\/fr\/.\" target=\"_blank\" rel=\"noopener\">Franchise.be<\/a><\/span>.<\/p>\n<p>Daar ontdek je ook vele tips zodat je franchisecontract zo goed mogelijk verloopt.<\/p>\n<p><\/p>\t\t\t\t\t\t\t\t<\/div>\n\t\t\t\t<\/div>\n\t\t\t\t\t<\/div>\n\t\t<\/div>\n\t\t\t\t\t<\/div>\n\t\t<\/section>\n\t\t\t\t<\/div>","protected":false},"excerpt":{"rendered":"<p>Il n\u2019y a pas que la cr\u00e9ation d\u2019un projet innovant qui peut \u00eatre int\u00e9ressant. Pourquoi ne pas regarder avant de se lancer si une marque, ayant le m\u00eame concept que vous, recherche quelqu\u2019un pour lancer une franchise&nbsp;? Une franchise c\u2019est un contrat commercial que le franchis\u00e9 signe avec le propri\u00e9taire d\u2019une marque de commerce d\u00e9nomm\u00e9&#8230;<\/p>","protected":false},"author":1,"featured_media":3757,"parent":2783,"menu_order":2,"comment_status":"closed","ping_status":"closed","template":"","meta":{"_acf_changed":false,"episode_type":"","audio_file":"","cover_image":"","cover_image_id":"","duration":"","filesize":"","filesize_raw":"","date_recorded":"","explicit":"","block":"","footnotes":""},"class_list":["post-3756","page","type-page","status-publish","has-post-thumbnail","hentry","wpbf-post"],"acf":[],"yoast_head":"<!-- This site is optimized with the Yoast SEO plugin v26.8 - https:\/\/yoast.com\/product\/yoast-seo-wordpress\/ -->\n<title>D\u00e9multiplier un concept qui marche: le r\u00f4le de la franchise &#8226; Job&amp;Sense<\/title>\n<meta name=\"description\" content=\"La franchise: d\u00e9multiplier un concept qui marche plut\u00f4t que lancer un projet de z\u00e9ro.\" \/>\n<meta name=\"robots\" content=\"index, follow, max-snippet:-1, max-image-preview:large, max-video-preview:-1\" \/>\n<link rel=\"canonical\" href=\"https:\/\/jobandsense.be\/nl\/toolbox\/starten-als-zelfstandige\/een-succesvol-concept-vermenigvuldigen-de-rol-van-franchising\/\" \/>\n<meta property=\"og:locale\" content=\"nl_BE\" \/>\n<meta property=\"og:type\" content=\"article\" \/>\n<meta property=\"og:title\" content=\"D\u00e9multiplier un concept qui marche: le r\u00f4le de la franchise\" \/>\n<meta property=\"og:description\" content=\"La franchise: d\u00e9multiplier un concept qui marche plut\u00f4t que lancer un projet de z\u00e9ro.\" \/>\n<meta property=\"og:url\" content=\"https:\/\/jobandsense.be\/nl\/toolbox\/starten-als-zelfstandige\/een-succesvol-concept-vermenigvuldigen-de-rol-van-franchising\/\" \/>\n<meta property=\"og:site_name\" content=\"Job&amp;Sense\" \/>\n<meta property=\"article:publisher\" content=\"https:\/\/www.facebook.com\/JobandSense\" \/>\n<meta property=\"article:modified_time\" content=\"2021-01-29T20:14:46+00:00\" \/>\n<meta property=\"og:image\" content=\"https:\/\/jobandsense.be\/wp-content\/uploads\/2021\/01\/franchise.jpg\" \/>\n\t<meta property=\"og:image:width\" content=\"1280\" \/>\n\t<meta property=\"og:image:height\" content=\"853\" \/>\n\t<meta property=\"og:image:type\" content=\"image\/jpeg\" \/>\n<meta name=\"twitter:card\" content=\"summary_large_image\" \/>\n<meta name=\"twitter:label1\" content=\"Geschatte leestijd\" \/>\n\t<meta name=\"twitter:data1\" content=\"2 minuten\" \/>\n<script type=\"application\/ld+json\" class=\"yoast-schema-graph\">{\"@context\":\"https:\/\/schema.org\",\"@graph\":[{\"@type\":\"WebPage\",\"@id\":\"https:\/\/jobandsense.be\/boite-a-outils\/se-lancer-en-tant-quindependant\/demultiplier-un-concept-qui-marche-le-role-de-la-franchise\/\",\"url\":\"https:\/\/jobandsense.be\/boite-a-outils\/se-lancer-en-tant-quindependant\/demultiplier-un-concept-qui-marche-le-role-de-la-franchise\/\",\"name\":\"D\u00e9multiplier un concept qui marche: le r\u00f4le de la franchise &#8226; Job&Sense\",\"isPartOf\":{\"@id\":\"https:\/\/jobandsense.be\/#website\"},\"primaryImageOfPage\":{\"@id\":\"https:\/\/jobandsense.be\/boite-a-outils\/se-lancer-en-tant-quindependant\/demultiplier-un-concept-qui-marche-le-role-de-la-franchise\/#primaryimage\"},\"image\":{\"@id\":\"https:\/\/jobandsense.be\/boite-a-outils\/se-lancer-en-tant-quindependant\/demultiplier-un-concept-qui-marche-le-role-de-la-franchise\/#primaryimage\"},\"thumbnailUrl\":\"https:\/\/jobandsense.be\/wp-content\/uploads\/2021\/01\/franchise.jpg\",\"datePublished\":\"2021-01-19T14:01:47+00:00\",\"dateModified\":\"2021-01-29T20:14:46+00:00\",\"description\":\"La franchise: d\u00e9multiplier un concept qui marche plut\u00f4t que lancer un projet de z\u00e9ro.\",\"breadcrumb\":{\"@id\":\"https:\/\/jobandsense.be\/boite-a-outils\/se-lancer-en-tant-quindependant\/demultiplier-un-concept-qui-marche-le-role-de-la-franchise\/#breadcrumb\"},\"inLanguage\":\"nl-BE\",\"potentialAction\":[{\"@type\":\"ReadAction\",\"target\":[\"https:\/\/jobandsense.be\/boite-a-outils\/se-lancer-en-tant-quindependant\/demultiplier-un-concept-qui-marche-le-role-de-la-franchise\/\"]}]},{\"@type\":\"ImageObject\",\"inLanguage\":\"nl-BE\",\"@id\":\"https:\/\/jobandsense.be\/boite-a-outils\/se-lancer-en-tant-quindependant\/demultiplier-un-concept-qui-marche-le-role-de-la-franchise\/#primaryimage\",\"url\":\"https:\/\/jobandsense.be\/wp-content\/uploads\/2021\/01\/franchise.jpg\",\"contentUrl\":\"https:\/\/jobandsense.be\/wp-content\/uploads\/2021\/01\/franchise.jpg\",\"width\":1280,\"height\":853,\"caption\":\"Image par Martin Py\u0161ko de Pixabay\"},{\"@type\":\"BreadcrumbList\",\"@id\":\"https:\/\/jobandsense.be\/boite-a-outils\/se-lancer-en-tant-quindependant\/demultiplier-un-concept-qui-marche-le-role-de-la-franchise\/#breadcrumb\",\"itemListElement\":[{\"@type\":\"ListItem\",\"position\":1,\"name\":\"Accueil\",\"item\":\"https:\/\/jobandsense.be\/\"},{\"@type\":\"ListItem\",\"position\":2,\"name\":\"Bo\u00eete \u00e0 outils\",\"item\":\"https:\/\/jobandsense.be\/boite-a-outils\/\"},{\"@type\":\"ListItem\",\"position\":3,\"name\":\"Se lancer en tant qu&rsquo;ind\u00e9pendant\",\"item\":\"https:\/\/jobandsense.be\/boite-a-outils\/se-lancer-en-tant-quindependant\/\"},{\"@type\":\"ListItem\",\"position\":4,\"name\":\"D\u00e9multiplier un concept qui marche: le r\u00f4le de la franchise\"}]},{\"@type\":\"WebSite\",\"@id\":\"https:\/\/jobandsense.be\/#website\",\"url\":\"https:\/\/jobandsense.be\/\",\"name\":\"Job&amp;Sense\",\"description\":\"La plateforme qui vous donne toutes les informations pour trouver un job qui a du sens\",\"publisher\":{\"@id\":\"https:\/\/jobandsense.be\/#organization\"},\"potentialAction\":[{\"@type\":\"SearchAction\",\"target\":{\"@type\":\"EntryPoint\",\"urlTemplate\":\"https:\/\/jobandsense.be\/?s={search_term_string}\"},\"query-input\":{\"@type\":\"PropertyValueSpecification\",\"valueRequired\":true,\"valueName\":\"search_term_string\"}}],\"inLanguage\":\"nl-BE\"},{\"@type\":\"Organization\",\"@id\":\"https:\/\/jobandsense.be\/#organization\",\"name\":\"Job&Sense\",\"url\":\"https:\/\/jobandsense.be\/\",\"logo\":{\"@type\":\"ImageObject\",\"inLanguage\":\"nl-BE\",\"@id\":\"https:\/\/jobandsense.be\/#\/schema\/logo\/image\/\",\"url\":\"\",\"contentUrl\":\"\",\"caption\":\"Job&Sense\"},\"image\":{\"@id\":\"https:\/\/jobandsense.be\/#\/schema\/logo\/image\/\"},\"sameAs\":[\"https:\/\/www.facebook.com\/JobandSense\",\"https:\/\/www.instagram.com\/jobandsense\/\",\"https:\/\/www.linkedin.com\/company\/52173671\/admin\/\"]}]}<\/script>\n<!-- \/ Yoast SEO plugin. -->","yoast_head_json":{"title":"D\u00e9multiplier un concept qui marche: le r\u00f4le de la franchise &#8226; Job&Sense","description":"La franchise: d\u00e9multiplier un concept qui marche plut\u00f4t que lancer un projet de z\u00e9ro.","robots":{"index":"index","follow":"follow","max-snippet":"max-snippet:-1","max-image-preview":"max-image-preview:large","max-video-preview":"max-video-preview:-1"},"canonical":"https:\/\/jobandsense.be\/nl\/toolbox\/starten-als-zelfstandige\/een-succesvol-concept-vermenigvuldigen-de-rol-van-franchising\/","og_locale":"nl_BE","og_type":"article","og_title":"D\u00e9multiplier un concept qui marche: le r\u00f4le de la franchise","og_description":"La franchise: d\u00e9multiplier un concept qui marche plut\u00f4t que lancer un projet de z\u00e9ro.","og_url":"https:\/\/jobandsense.be\/nl\/toolbox\/starten-als-zelfstandige\/een-succesvol-concept-vermenigvuldigen-de-rol-van-franchising\/","og_site_name":"Job&amp;Sense","article_publisher":"https:\/\/www.facebook.com\/JobandSense","article_modified_time":"2021-01-29T20:14:46+00:00","og_image":[{"width":1280,"height":853,"url":"https:\/\/jobandsense.be\/wp-content\/uploads\/2021\/01\/franchise.jpg","type":"image\/jpeg"}],"twitter_card":"summary_large_image","twitter_misc":{"Geschatte leestijd":"2 minuten"},"schema":{"@context":"https:\/\/schema.org","@graph":[{"@type":"WebPage","@id":"https:\/\/jobandsense.be\/boite-a-outils\/se-lancer-en-tant-quindependant\/demultiplier-un-concept-qui-marche-le-role-de-la-franchise\/","url":"https:\/\/jobandsense.be\/boite-a-outils\/se-lancer-en-tant-quindependant\/demultiplier-un-concept-qui-marche-le-role-de-la-franchise\/","name":"D\u00e9multiplier un concept qui marche: le r\u00f4le de la franchise &#8226; Job&Sense","isPartOf":{"@id":"https:\/\/jobandsense.be\/#website"},"primaryImageOfPage":{"@id":"https:\/\/jobandsense.be\/boite-a-outils\/se-lancer-en-tant-quindependant\/demultiplier-un-concept-qui-marche-le-role-de-la-franchise\/#primaryimage"},"image":{"@id":"https:\/\/jobandsense.be\/boite-a-outils\/se-lancer-en-tant-quindependant\/demultiplier-un-concept-qui-marche-le-role-de-la-franchise\/#primaryimage"},"thumbnailUrl":"https:\/\/jobandsense.be\/wp-content\/uploads\/2021\/01\/franchise.jpg","datePublished":"2021-01-19T14:01:47+00:00","dateModified":"2021-01-29T20:14:46+00:00","description":"La franchise: d\u00e9multiplier un concept qui marche plut\u00f4t que lancer un projet de z\u00e9ro.","breadcrumb":{"@id":"https:\/\/jobandsense.be\/boite-a-outils\/se-lancer-en-tant-quindependant\/demultiplier-un-concept-qui-marche-le-role-de-la-franchise\/#breadcrumb"},"inLanguage":"nl-BE","potentialAction":[{"@type":"ReadAction","target":["https:\/\/jobandsense.be\/boite-a-outils\/se-lancer-en-tant-quindependant\/demultiplier-un-concept-qui-marche-le-role-de-la-franchise\/"]}]},{"@type":"ImageObject","inLanguage":"nl-BE","@id":"https:\/\/jobandsense.be\/boite-a-outils\/se-lancer-en-tant-quindependant\/demultiplier-un-concept-qui-marche-le-role-de-la-franchise\/#primaryimage","url":"https:\/\/jobandsense.be\/wp-content\/uploads\/2021\/01\/franchise.jpg","contentUrl":"https:\/\/jobandsense.be\/wp-content\/uploads\/2021\/01\/franchise.jpg","width":1280,"height":853,"caption":"Image par Martin Py\u0161ko de Pixabay"},{"@type":"BreadcrumbList","@id":"https:\/\/jobandsense.be\/boite-a-outils\/se-lancer-en-tant-quindependant\/demultiplier-un-concept-qui-marche-le-role-de-la-franchise\/#breadcrumb","itemListElement":[{"@type":"ListItem","position":1,"name":"Accueil","item":"https:\/\/jobandsense.be\/"},{"@type":"ListItem","position":2,"name":"Bo\u00eete \u00e0 outils","item":"https:\/\/jobandsense.be\/boite-a-outils\/"},{"@type":"ListItem","position":3,"name":"Se lancer en tant qu&rsquo;ind\u00e9pendant","item":"https:\/\/jobandsense.be\/boite-a-outils\/se-lancer-en-tant-quindependant\/"},{"@type":"ListItem","position":4,"name":"D\u00e9multiplier un concept qui marche: le r\u00f4le de la franchise"}]},{"@type":"WebSite","@id":"https:\/\/jobandsense.be\/#website","url":"https:\/\/jobandsense.be\/","name":"Job&amp;Sense","description":"La plateforme qui vous donne toutes les informations pour trouver un job qui a du sens","publisher":{"@id":"https:\/\/jobandsense.be\/#organization"},"potentialAction":[{"@type":"SearchAction","target":{"@type":"EntryPoint","urlTemplate":"https:\/\/jobandsense.be\/?s={search_term_string}"},"query-input":{"@type":"PropertyValueSpecification","valueRequired":true,"valueName":"search_term_string"}}],"inLanguage":"nl-BE"},{"@type":"Organization","@id":"https:\/\/jobandsense.be\/#organization","name":"Job&Sense","url":"https:\/\/jobandsense.be\/","logo":{"@type":"ImageObject","inLanguage":"nl-BE","@id":"https:\/\/jobandsense.be\/#\/schema\/logo\/image\/","url":"","contentUrl":"","caption":"Job&Sense"},"image":{"@id":"https:\/\/jobandsense.be\/#\/schema\/logo\/image\/"},"sameAs":["https:\/\/www.facebook.com\/JobandSense","https:\/\/www.instagram.com\/jobandsense\/","https:\/\/www.linkedin.com\/company\/52173671\/admin\/"]}]}},"jetpack_sharing_enabled":true,"_links":{"self":[{"href":"https:\/\/jobandsense.be\/nl\/wp-json\/wp\/v2\/pages\/3756","targetHints":{"allow":["GET"]}}],"collection":[{"href":"https:\/\/jobandsense.be\/nl\/wp-json\/wp\/v2\/pages"}],"about":[{"href":"https:\/\/jobandsense.be\/nl\/wp-json\/wp\/v2\/types\/page"}],"author":[{"embeddable":true,"href":"https:\/\/jobandsense.be\/nl\/wp-json\/wp\/v2\/users\/1"}],"replies":[{"embeddable":true,"href":"https:\/\/jobandsense.be\/nl\/wp-json\/wp\/v2\/comments?post=3756"}],"version-history":[{"count":13,"href":"https:\/\/jobandsense.be\/nl\/wp-json\/wp\/v2\/pages\/3756\/revisions"}],"predecessor-version":[{"id":5529,"href":"https:\/\/jobandsense.be\/nl\/wp-json\/wp\/v2\/pages\/3756\/revisions\/5529"}],"up":[{"embeddable":true,"href":"https:\/\/jobandsense.be\/nl\/wp-json\/wp\/v2\/pages\/2783"}],"wp:featuredmedia":[{"embeddable":true,"href":"https:\/\/jobandsense.be\/nl\/wp-json\/wp\/v2\/media\/3757"}],"wp:attachment":[{"href":"https:\/\/jobandsense.be\/nl\/wp-json\/wp\/v2\/media?parent=3756"}],"curies":[{"name":"wp","href":"https:\/\/api.w.org\/{rel}","templated":true}]}}