{"id":3637,"date":"2021-01-19T11:26:15","date_gmt":"2021-01-19T11:26:15","guid":{"rendered":"https:\/\/jobandsense.be\/?page_id=3637"},"modified":"2025-07-23T21:23:15","modified_gmt":"2025-07-23T19:23:15","slug":"tips-voor-het-herzien-van-je-cv-en-sollicitatiebrief","status":"publish","type":"page","link":"https:\/\/jobandsense.be\/nl\/toolbox\/een-nieuwe-baan-zoeken\/tips-voor-het-herzien-van-je-cv-en-sollicitatiebrief\/","title":{"rendered":"Adviezen om je CV en motivatiebrief te herwerken"},"content":{"rendered":"<div data-elementor-type=\"wp-page\" data-elementor-id=\"3637\" class=\"elementor elementor-3637\" data-elementor-post-type=\"page\">\n\t\t\t\t\t\t<section class=\"elementor-section elementor-top-section elementor-element elementor-element-456c307f elementor-section-boxed elementor-section-height-default elementor-section-height-default\" data-id=\"456c307f\" data-element_type=\"section\" data-e-type=\"section\">\n\t\t\t\t\t\t<div class=\"elementor-container elementor-column-gap-default\">\n\t\t\t\t\t<div class=\"elementor-column elementor-col-100 elementor-top-column elementor-element elementor-element-547982ed\" data-id=\"547982ed\" data-element_type=\"column\" data-e-type=\"column\">\n\t\t\t<div class=\"elementor-widget-wrap elementor-element-populated\">\n\t\t\t\t\t\t<div class=\"elementor-element elementor-element-470adb89 elementor-widget elementor-widget-text-editor\" data-id=\"470adb89\" data-element_type=\"widget\" data-e-type=\"widget\" data-widget_type=\"text-editor.default\">\n\t\t\t\t<div class=\"elementor-widget-container\">\n\t\t\t\t\t\t\t\t\t<p><\/p>\n<p>Een Curriculum Vitae en een motivatiebrief zijn de 2 elementen die u helpen om uzelf te presenteren aan een werkgever als reactie op een vacature.<\/p>\n<p><\/p>\n<p>Het is belangrijk om te weten dat recruiters gemiddeld 11 seconden per CV besteden.<\/p>\n<p><\/p>\n<p class=\"translation-block\">Dit is enigszins deprimerend, gezien alle tijd die we besteden aan het beantwoorden van een vacature. Desondanks toont dit het belang aan van een goed gestructureerd en duidelijk CV dat het essenti\u00eble naar voren brengt, bij voorkeur op \u00e9\u00e9n pagina.<\/p>\n<p><\/p>\n<p>De zoekwoorden die de recruiter zoekt moeten onmiddellijk opvallen. Daarom wordt aangeraden om uw CV en motivatiebrief aan te passen aan elke sollicitatie die u verstuurt.<\/p>\n<p><\/p>\n<p>Aarzel niet om op te vallen door contact op te nemen met de recruiter om een vraag te stellen over de werving, te weten of hij uw sollicitatie goed heeft ontvangen... Dit zou er misschien voor kunnen zorgen dat hij die paar extra seconden aan uw CV besteedt die het verschil maken.<\/p>\n<p><\/p>\t\t\t\t\t\t\t\t<\/div>\n\t\t\t\t<\/div>\n\t\t\t\t<div class=\"elementor-element elementor-element-8935c92 elementor-widget elementor-widget-heading\" data-id=\"8935c92\" data-element_type=\"widget\" data-e-type=\"widget\" data-widget_type=\"heading.default\">\n\t\t\t\t<div class=\"elementor-widget-container\">\n\t\t\t\t\t<h2 class=\"elementor-heading-title elementor-size-default\"><h2 data-start=\"1358\" data-end=\"1407\">Het CV in het tijdperk van AI<\/h2><\/h2>\t\t\t\t<\/div>\n\t\t\t\t<\/div>\n\t\t\t\t<div class=\"elementor-element elementor-element-e226550 elementor-widget elementor-widget-text-editor\" data-id=\"e226550\" data-element_type=\"widget\" data-e-type=\"widget\" data-widget_type=\"text-editor.default\">\n\t\t\t\t<div class=\"elementor-widget-container\">\n\t\t\t\t\t\t\t\t\t<p data-start=\"1409\" data-end=\"1637\">Tegenwoordig worden steeds meer CV's eerst gelezen door automatische sorteersoftware, genaamd ATS (Applicant Tracking Systems). Deze software wordt door bedrijven gebruikt om een eerste selectie te maken in de sollicitaties.<\/p>\n<p data-start=\"1639\" data-end=\"1953\">Concreet betekent dit dat voordat uw CV door een mens wordt gezien, het kan worden gescand door software die bepaalde zoekwoorden, vaardigheden of structuren probeert te herkennen. Als deze elementen niet aanwezig zijn of slecht georganiseerd, riskeert uw CV deze eerste stap niet eens te halen.<\/p>\n<p data-start=\"1955\" data-end=\"2021\">Hier zijn enkele tips om uw CV in deze context te optimaliseren:<\/p>\n<ul data-start=\"2023\" data-end=\"2996\">\n<li data-start=\"2023\" data-end=\"2188\">\n<p data-start=\"2025\" data-end=\"2188\" class=\"translation-block\">Schrijf een <strong>professionele samenvatting<\/strong> van enkele regels bovenaan het CV, die uitlegt wie u bent, wat u heeft gedaan, en wat u aan het bedrijf kunt bieden.<\/p>\n<\/li>\n<li data-start=\"2189\" data-end=\"2349\">\n<p data-start=\"2191\" data-end=\"2349\" class=\"translation-block\">Gebruik de exacte woorden die in de vacature staan. Bijvoorbeeld, als het bedrijf spreekt over \"projectmanagement\", gebruik dan deze uitdrukking in uw CV.<\/p>\n<\/li>\n<li data-start=\"2350\" data-end=\"2555\">\n<p data-start=\"2352\" data-end=\"2555\" class=\"translation-block\">Benadruk concrete, indien mogelijk cijfermatige resultaten. In plaats van \"verantwoordelijk voor sociale media\" te schrijven, kunt u schrijven \"30% toename van engagement op Instagram in 6 maanden\".<\/p>\n<\/li>\n<li data-start=\"2556\" data-end=\"2697\">\n<p data-start=\"2558\" data-end=\"2697\" class=\"translation-block\">Vermijd vage formuleringen zoals \"gemotiveerd\", \"dynamisch\", \"teamspirit\", tenzij ze worden ge\u00efllustreerd door een echte situatie.<\/p>\n<\/li>\n<li data-start=\"2698\" data-end=\"2840\">\n<p data-start=\"2700\" data-end=\"2840\" class=\"translation-block\">Scheid technische vaardigheden (software, tools, talen...) goed van menselijke vaardigheden (organisatie, autonomie, communicatie...).<\/p>\n<\/li>\n<li data-start=\"2841\" data-end=\"2996\">\n<p data-start=\"2843\" data-end=\"2996\" class=\"translation-block\">Gebruik een eenvoudige structuur, zonder meerdere kolommen of te complexe grafische elementen. Dit helpt ervoor te zorgen dat uw CV goed wordt gelezen door de software.<\/p>\n<\/li>\n<\/ul>\n<p><!-- \/wp:paragraph --><!-- wp:paragraph --><!-- \/wp:paragraph --><\/p>\t\t\t\t\t\t\t\t<\/div>\n\t\t\t\t<\/div>\n\t\t\t\t<div class=\"elementor-element elementor-element-7a179b9 elementor-widget elementor-widget-heading\" data-id=\"7a179b9\" data-element_type=\"widget\" data-e-type=\"widget\" data-widget_type=\"heading.default\">\n\t\t\t\t<div class=\"elementor-widget-container\">\n\t\t\t\t\t<h2 class=\"elementor-heading-title elementor-size-default\"><h2 data-start=\"2998\" data-end=\"3048\">Online tools om gemakkelijk een CV te maken<\/h2><\/h2>\t\t\t\t<\/div>\n\t\t\t\t<\/div>\n\t\t\t\t<div class=\"elementor-element elementor-element-4f57fd8 elementor-widget elementor-widget-text-editor\" data-id=\"4f57fd8\" data-element_type=\"widget\" data-e-type=\"widget\" data-widget_type=\"text-editor.default\">\n\t\t\t\t<div class=\"elementor-widget-container\">\n\t\t\t\t\t\t\t\t\t<p>Tegenwoordig hoeft u zich niet meer te veel zorgen te maken over uw Word om een mooi CV-ontwerp te maken. Veel websites geven gratis een duwtje in de rug op het gebied van ontwerp, belangrijke rubrieken om in te vullen...<\/p>\n<p><!-- \/wp:paragraph --><!-- wp:paragraph --><\/p>\n<p>Deze websites geven ook veel advies voor het maken van een CV dat de aandacht van de recruiter zal trekken.<\/p>\n<p><!-- \/wp:paragraph --><!-- wp:paragraph --><\/p>\n<p>U kunt naar de volgende websites kijken:<\/p>\n<p><!-- \/wp:paragraph --><!-- wp:list --><\/p>\n<ul>\n<li><span style=\"text-decoration: underline;\"><a href=\"https:\/\/cvdesignr.com\/nl\" target=\"_blank\" rel=\"noopener\">CVdesignR<\/a><\/span>: maak in enkele minuten gratis uw CV, kies een model, personaliseer het ontwerp, download het vervolgens als PDF.\u00a0<\/li>\n<li>Canva: voor een gepersonaliseerd en origineel CV.\u00a0<\/li>\n<\/ul>\n<div>Wat ook kan helpen om uw dossier uit de stapel te laten springen, is het aanpassen aan de kleuren van het bedrijf waarvoor u solliciteert. U kunt dit gemakkelijk doen door de gratis versie van de site <span style=\"text-decoration: underline;\"><a href=\"https:\/\/imagecolorpicker.com\/\" target=\"_blank\" rel=\"noopener\">Imagecolorpicker<\/a><\/span>te gebruiken. Het volstaat om het logo van het bedrijf waarvoor u solliciteert te uploaden en de site zal de bijbehorende kleurcode naar voren brengen.\u00a0<\/div>\n<div>\u00a0<\/div>\n<div>Voor een goede profielfoto kunt u <a href=\"https:\/\/pfpmaker.com\/\" target=\"_blank\" rel=\"noopener\"><span style=\"text-decoration: underline;\">Pfpmaker<\/span><\/a>. Het volstaat om uw profielfoto in te voeren en de site zal u veel interessante achtergronden voorstellen om stijl te geven aan uw profielfoto. De gratis versie is voldoende. De profielfoto is niet noodzakelijk tenzij gevraagd of als u het prefereert.\u00a0<\/div>\n<p><!-- \/wp:list --><!-- wp:paragraph --><!-- \/wp:paragraph --><\/p>\t\t\t\t\t\t\t\t<\/div>\n\t\t\t\t<\/div>\n\t\t\t\t<div class=\"elementor-element elementor-element-93f86ad elementor-widget elementor-widget-heading\" data-id=\"93f86ad\" data-element_type=\"widget\" data-e-type=\"widget\" data-widget_type=\"heading.default\">\n\t\t\t\t<div class=\"elementor-widget-container\">\n\t\t\t\t\t<h2 class=\"elementor-heading-title elementor-size-default\"><h2 data-start=\"5233\" data-end=\"5276\">Het video-CV: een optie om te overwegen<\/h2><\/h2>\t\t\t\t<\/div>\n\t\t\t\t<\/div>\n\t\t\t\t<div class=\"elementor-element elementor-element-04c95e4 elementor-widget elementor-widget-text-editor\" data-id=\"04c95e4\" data-element_type=\"widget\" data-e-type=\"widget\" data-widget_type=\"text-editor.default\">\n\t\t\t\t<div class=\"elementor-widget-container\">\n\t\t\t\t\t\t\t\t\t<p data-start=\"5278\" data-end=\"5450\">Het video-CV is een meer recente manier om uzelf te presenteren, die geschikt kan zijn voor bepaalde mensen, vooral in beroepen gerelateerd aan communicatie of media.<\/p>\n<p data-start=\"5452\" data-end=\"5609\">Het maakt het mogelijk om uw persoonlijkheid te tonen, uw manier van uitdrukken, en kan echt het verschil maken als het goed gedaan is. Maar het vereist voorbereiding.<\/p>\n<p data-start=\"5611\" data-end=\"5825\">Als u zich prettig voelt bij dit format, kan het de moeite waard zijn om het te proberen.\u00a0<\/p>\n<p>Ik raad u aan het artikel van Zety te lezen over <span style=\"text-decoration: underline;\"><a href=\"https:\/\/zety.fr\/blog\/cv-video\" target=\"_blank\" rel=\"noopener\">hoe u een origineel video-CV maakt in 2025? (in FR)<\/a><\/span><\/p>\n<p><!-- \/wp:list --><!-- wp:paragraph --><!-- \/wp:paragraph --><\/p>\t\t\t\t\t\t\t\t<\/div>\n\t\t\t\t<\/div>\n\t\t\t\t<div class=\"elementor-element elementor-element-221b33e elementor-widget elementor-widget-heading\" data-id=\"221b33e\" data-element_type=\"widget\" data-e-type=\"widget\" data-widget_type=\"heading.default\">\n\t\t\t\t<div class=\"elementor-widget-container\">\n\t\t\t\t\t<h2 class=\"elementor-heading-title elementor-size-default\">Hoe een gat in uw CV rechtvaardigen<\/h2>\t\t\t\t<\/div>\n\t\t\t\t<\/div>\n\t\t\t\t<div class=\"elementor-element elementor-element-bb27363 elementor-widget elementor-widget-text-editor\" data-id=\"bb27363\" data-element_type=\"widget\" data-e-type=\"widget\" data-widget_type=\"text-editor.default\">\n\t\t\t\t<div class=\"elementor-widget-container\">\n\t\t\t\t\t\t\t\t\t<p>Dit is een vraag die veel mensen zich stellen omdat een meerderheid van de mensen \u00e9\u00e9n of meerdere periodes van inactiviteit in hun professionele leven kent. Zeldzaam zijn degenen die erin slagen om een lineair parcours te hebben gedurende hun hele professionele leven. Dit bestaat bijna niet meer.<\/p>\n<p>Een periode van inactiviteit kan te wijten zijn aan ontslag, arbeidsongeschiktheid, zoeken naar werk, een lange reis, vrijwilligerswerk, tijd voor kinderen of bejaarde ouders...<\/p>\n<p data-start=\"4447\" data-end=\"4697\">Het is belangrijk om eerlijk te zijn over uw parcours, zowel in het CV als tijdens een eventueel interview. Recruiters letten op niet-verklaarde periodes, maar ze begrijpen pauzes als u ze weet uit te leggen. U bent trouwens nooit verplicht om in details te treden over uw gezondheid of andere zaken als u dat niet voelt.<\/p>\n<p data-start=\"4699\" data-end=\"4771\">Wat nuttig is, is te tonen wat deze periode u heeft gebracht:<\/p>\n<ul data-start=\"4773\" data-end=\"5016\">\n<li data-start=\"4773\" data-end=\"4813\">\n<p data-start=\"4775\" data-end=\"4813\">Wat heeft u geleerd of over uzelf geleerd tijdens deze tijd?<\/p>\n<\/li>\n<li data-start=\"4814\" data-end=\"4859\">\n<p data-start=\"4816\" data-end=\"4859\">Heeft u bepaalde vaardigheden ontwikkeld? U heeft er veel ontwikkeld.\u00a0<\/p>\n<\/li>\n<li data-start=\"4860\" data-end=\"4937\">\n<p data-start=\"4862\" data-end=\"4937\">Heeft u trainingen gevolgd, gelezen, nagedacht over het vervolg van uw parcours?<\/p>\n<\/li>\n<li data-start=\"4938\" data-end=\"5016\">\n<p data-start=\"4940\" data-end=\"5016\">Heeft u een persoonlijk project gerealiseerd of deelgenomen aan een vrijwilligersactiviteit?<\/p>\n<\/li>\n<\/ul>\n<p data-start=\"5018\" data-end=\"5231\">Zelfs als het niet altijd gemakkelijk is om te formuleren, door de tijd te nemen om deze vragen te beantwoorden, kunt u er rustiger over spreken en tonen dat u iets positiefs uit deze periode heeft gehaald.<\/p>\n<p><!-- \/wp:list --><!-- wp:paragraph --><!-- \/wp:paragraph --><\/p>\t\t\t\t\t\t\t\t<\/div>\n\t\t\t\t<\/div>\n\t\t\t\t<div class=\"elementor-element elementor-element-f16a17f elementor-widget elementor-widget-heading\" data-id=\"f16a17f\" data-element_type=\"widget\" data-e-type=\"widget\" data-widget_type=\"heading.default\">\n\t\t\t\t<div class=\"elementor-widget-container\">\n\t\t\t\t\t<h2 class=\"elementor-heading-title elementor-size-default\">Motivatiebrief<\/h2>\t\t\t\t<\/div>\n\t\t\t\t<\/div>\n\t\t\t\t<div class=\"elementor-element elementor-element-e01a7a0 elementor-widget elementor-widget-text-editor\" data-id=\"e01a7a0\" data-element_type=\"widget\" data-e-type=\"widget\" data-widget_type=\"text-editor.default\">\n\t\t\t\t<div class=\"elementor-widget-container\">\n\t\t\t\t\t\t\t\t\t<!-- wp:paragraph --><!-- \/wp:paragraph --><!-- wp:paragraph -->\n<p>Voor de motivatiebrief bestaan er duizenden artikelen op internet om u de goede tips en trucs te geven. Job&amp;Sense raadt u bijvoorbeeld deze aan:\u00a0<span style=\"text-decoration: underline;\"><a href=\"https:\/\/www.welcometothejungle.com\/fr\/articles\/lettre-de-motivation-les-indispensables-qui-feront-la-difference\" target=\"_blank\" rel=\"noopener\">\"Motivatiebrief de onmisbare elementen die het verschil zullen maken\"  (in FR)<\/a><\/span>\u00a0\" van de site Welcome to the Jungle.\u00a0<\/p>\n<!-- \/wp:list --><!-- wp:paragraph --><!-- \/wp:paragraph -->\t\t\t\t\t\t\t\t<\/div>\n\t\t\t\t<\/div>\n\t\t\t\t\t<\/div>\n\t\t<\/div>\n\t\t\t\t\t<\/div>\n\t\t<\/section>\n\t\t\t\t<\/div>","protected":false},"excerpt":{"rendered":"<p>Un Curriculum Vitae et une lettre de motivation sont les 2 \u00e9l\u00e9ments qui vous aident \u00e0 vous pr\u00e9senter aupr\u00e8s d\u2019un employeur en r\u00e9ponse \u00e0 une offre d\u2019emploi. Il faut savoir que les recruteurs passent en moyenne 11 secondes par CV. C\u2019est un peu d\u00e9primant, sachant tout le temps que l\u2019on passe \u00e0 r\u00e9pondre \u00e0 une&#8230;<\/p>","protected":false},"author":1,"featured_media":3638,"parent":2768,"menu_order":5,"comment_status":"closed","ping_status":"closed","template":"","meta":{"_acf_changed":false,"episode_type":"","audio_file":"","cover_image":"","cover_image_id":"","duration":"","filesize":"","filesize_raw":"","date_recorded":"","explicit":"","block":"","footnotes":""},"class_list":["post-3637","page","type-page","status-publish","has-post-thumbnail","hentry","wpbf-post"],"acf":[],"yoast_head":"<!-- This site is optimized with the Yoast SEO plugin v26.8 - https:\/\/yoast.com\/product\/yoast-seo-wordpress\/ -->\n<title>Conseils pour refaire son CV et sa lettre de motivation &#8226; Job&amp;Sense<\/title>\n<meta name=\"description\" content=\"Un CV et une lettre de motivation bien ex\u00e9cut\u00e9s sont les 2 \u00e9l\u00e9ments essentiels pour trouver un nouvel emploi.\" \/>\n<meta name=\"robots\" content=\"index, follow, max-snippet:-1, max-image-preview:large, max-video-preview:-1\" \/>\n<link rel=\"canonical\" href=\"https:\/\/jobandsense.be\/nl\/toolbox\/een-nieuwe-baan-zoeken\/tips-voor-het-herzien-van-je-cv-en-sollicitatiebrief\/\" \/>\n<meta property=\"og:locale\" content=\"nl_BE\" \/>\n<meta property=\"og:type\" content=\"article\" \/>\n<meta property=\"og:title\" content=\"Conseils pour refaire son CV et sa lettre de motivation\" \/>\n<meta property=\"og:description\" content=\"Un CV et une lettre de motivation bien ex\u00e9cut\u00e9s sont les 2 \u00e9l\u00e9ments essentiels pour trouver un nouvel emploi.\" \/>\n<meta property=\"og:url\" content=\"https:\/\/jobandsense.be\/nl\/toolbox\/een-nieuwe-baan-zoeken\/tips-voor-het-herzien-van-je-cv-en-sollicitatiebrief\/\" \/>\n<meta property=\"og:site_name\" content=\"Job&amp;Sense\" \/>\n<meta property=\"article:publisher\" content=\"https:\/\/www.facebook.com\/JobandSense\" \/>\n<meta property=\"article:modified_time\" content=\"2025-07-23T19:23:15+00:00\" \/>\n<meta property=\"og:image\" content=\"https:\/\/jobandsense.be\/wp-content\/uploads\/2021\/01\/curriculum-vitae.jpg\" \/>\n\t<meta property=\"og:image:width\" content=\"1280\" \/>\n\t<meta property=\"og:image:height\" content=\"853\" \/>\n\t<meta property=\"og:image:type\" content=\"image\/jpeg\" \/>\n<meta name=\"twitter:card\" content=\"summary_large_image\" \/>\n<meta name=\"twitter:label1\" content=\"Geschatte leestijd\" \/>\n\t<meta name=\"twitter:data1\" content=\"6 minuten\" \/>\n<script type=\"application\/ld+json\" class=\"yoast-schema-graph\">{\"@context\":\"https:\/\/schema.org\",\"@graph\":[{\"@type\":\"WebPage\",\"@id\":\"https:\/\/jobandsense.be\/boite-a-outils\/rechercher-un-nouvel-emploi\/conseils-pour-refaire-son-cv-et-sa-lettre-de-motivation\/\",\"url\":\"https:\/\/jobandsense.be\/boite-a-outils\/rechercher-un-nouvel-emploi\/conseils-pour-refaire-son-cv-et-sa-lettre-de-motivation\/\",\"name\":\"Conseils pour refaire son CV et sa lettre de motivation &#8226; Job&Sense\",\"isPartOf\":{\"@id\":\"https:\/\/jobandsense.be\/#website\"},\"primaryImageOfPage\":{\"@id\":\"https:\/\/jobandsense.be\/boite-a-outils\/rechercher-un-nouvel-emploi\/conseils-pour-refaire-son-cv-et-sa-lettre-de-motivation\/#primaryimage\"},\"image\":{\"@id\":\"https:\/\/jobandsense.be\/boite-a-outils\/rechercher-un-nouvel-emploi\/conseils-pour-refaire-son-cv-et-sa-lettre-de-motivation\/#primaryimage\"},\"thumbnailUrl\":\"https:\/\/jobandsense.be\/wp-content\/uploads\/2021\/01\/curriculum-vitae.jpg\",\"datePublished\":\"2021-01-19T11:26:15+00:00\",\"dateModified\":\"2025-07-23T19:23:15+00:00\",\"description\":\"Un CV et une lettre de motivation bien ex\u00e9cut\u00e9s sont les 2 \u00e9l\u00e9ments essentiels pour trouver un nouvel emploi.\",\"breadcrumb\":{\"@id\":\"https:\/\/jobandsense.be\/boite-a-outils\/rechercher-un-nouvel-emploi\/conseils-pour-refaire-son-cv-et-sa-lettre-de-motivation\/#breadcrumb\"},\"inLanguage\":\"nl-BE\",\"potentialAction\":[{\"@type\":\"ReadAction\",\"target\":[\"https:\/\/jobandsense.be\/boite-a-outils\/rechercher-un-nouvel-emploi\/conseils-pour-refaire-son-cv-et-sa-lettre-de-motivation\/\"]}]},{\"@type\":\"ImageObject\",\"inLanguage\":\"nl-BE\",\"@id\":\"https:\/\/jobandsense.be\/boite-a-outils\/rechercher-un-nouvel-emploi\/conseils-pour-refaire-son-cv-et-sa-lettre-de-motivation\/#primaryimage\",\"url\":\"https:\/\/jobandsense.be\/wp-content\/uploads\/2021\/01\/curriculum-vitae.jpg\",\"contentUrl\":\"https:\/\/jobandsense.be\/wp-content\/uploads\/2021\/01\/curriculum-vitae.jpg\",\"width\":1280,\"height\":853,\"caption\":\"Image par loufre de Pixabay\"},{\"@type\":\"BreadcrumbList\",\"@id\":\"https:\/\/jobandsense.be\/boite-a-outils\/rechercher-un-nouvel-emploi\/conseils-pour-refaire-son-cv-et-sa-lettre-de-motivation\/#breadcrumb\",\"itemListElement\":[{\"@type\":\"ListItem\",\"position\":1,\"name\":\"Accueil\",\"item\":\"https:\/\/jobandsense.be\/\"},{\"@type\":\"ListItem\",\"position\":2,\"name\":\"Bo\u00eete \u00e0 outils\",\"item\":\"https:\/\/jobandsense.be\/boite-a-outils\/\"},{\"@type\":\"ListItem\",\"position\":3,\"name\":\"Rechercher un nouvel emploi\",\"item\":\"https:\/\/jobandsense.be\/boite-a-outils\/rechercher-un-nouvel-emploi\/\"},{\"@type\":\"ListItem\",\"position\":4,\"name\":\"Conseils pour refaire son CV et sa lettre de motivation\"}]},{\"@type\":\"WebSite\",\"@id\":\"https:\/\/jobandsense.be\/#website\",\"url\":\"https:\/\/jobandsense.be\/\",\"name\":\"Job&amp;Sense\",\"description\":\"La plateforme qui vous donne toutes les informations pour trouver un job qui a du sens\",\"publisher\":{\"@id\":\"https:\/\/jobandsense.be\/#organization\"},\"potentialAction\":[{\"@type\":\"SearchAction\",\"target\":{\"@type\":\"EntryPoint\",\"urlTemplate\":\"https:\/\/jobandsense.be\/?s={search_term_string}\"},\"query-input\":{\"@type\":\"PropertyValueSpecification\",\"valueRequired\":true,\"valueName\":\"search_term_string\"}}],\"inLanguage\":\"nl-BE\"},{\"@type\":\"Organization\",\"@id\":\"https:\/\/jobandsense.be\/#organization\",\"name\":\"Job&Sense\",\"url\":\"https:\/\/jobandsense.be\/\",\"logo\":{\"@type\":\"ImageObject\",\"inLanguage\":\"nl-BE\",\"@id\":\"https:\/\/jobandsense.be\/#\/schema\/logo\/image\/\",\"url\":\"\",\"contentUrl\":\"\",\"caption\":\"Job&Sense\"},\"image\":{\"@id\":\"https:\/\/jobandsense.be\/#\/schema\/logo\/image\/\"},\"sameAs\":[\"https:\/\/www.facebook.com\/JobandSense\",\"https:\/\/www.instagram.com\/jobandsense\/\",\"https:\/\/www.linkedin.com\/company\/52173671\/admin\/\"]}]}<\/script>\n<!-- \/ Yoast SEO plugin. -->","yoast_head_json":{"title":"Conseils pour refaire son CV et sa lettre de motivation &#8226; Job&Sense","description":"Un CV et une lettre de motivation bien ex\u00e9cut\u00e9s sont les 2 \u00e9l\u00e9ments essentiels pour trouver un nouvel emploi.","robots":{"index":"index","follow":"follow","max-snippet":"max-snippet:-1","max-image-preview":"max-image-preview:large","max-video-preview":"max-video-preview:-1"},"canonical":"https:\/\/jobandsense.be\/nl\/toolbox\/een-nieuwe-baan-zoeken\/tips-voor-het-herzien-van-je-cv-en-sollicitatiebrief\/","og_locale":"nl_BE","og_type":"article","og_title":"Conseils pour refaire son CV et sa lettre de motivation","og_description":"Un CV et une lettre de motivation bien ex\u00e9cut\u00e9s sont les 2 \u00e9l\u00e9ments essentiels pour trouver un nouvel emploi.","og_url":"https:\/\/jobandsense.be\/nl\/toolbox\/een-nieuwe-baan-zoeken\/tips-voor-het-herzien-van-je-cv-en-sollicitatiebrief\/","og_site_name":"Job&amp;Sense","article_publisher":"https:\/\/www.facebook.com\/JobandSense","article_modified_time":"2025-07-23T19:23:15+00:00","og_image":[{"width":1280,"height":853,"url":"https:\/\/jobandsense.be\/wp-content\/uploads\/2021\/01\/curriculum-vitae.jpg","type":"image\/jpeg"}],"twitter_card":"summary_large_image","twitter_misc":{"Geschatte leestijd":"6 minuten"},"schema":{"@context":"https:\/\/schema.org","@graph":[{"@type":"WebPage","@id":"https:\/\/jobandsense.be\/boite-a-outils\/rechercher-un-nouvel-emploi\/conseils-pour-refaire-son-cv-et-sa-lettre-de-motivation\/","url":"https:\/\/jobandsense.be\/boite-a-outils\/rechercher-un-nouvel-emploi\/conseils-pour-refaire-son-cv-et-sa-lettre-de-motivation\/","name":"Conseils pour refaire son CV et sa lettre de motivation &#8226; Job&Sense","isPartOf":{"@id":"https:\/\/jobandsense.be\/#website"},"primaryImageOfPage":{"@id":"https:\/\/jobandsense.be\/boite-a-outils\/rechercher-un-nouvel-emploi\/conseils-pour-refaire-son-cv-et-sa-lettre-de-motivation\/#primaryimage"},"image":{"@id":"https:\/\/jobandsense.be\/boite-a-outils\/rechercher-un-nouvel-emploi\/conseils-pour-refaire-son-cv-et-sa-lettre-de-motivation\/#primaryimage"},"thumbnailUrl":"https:\/\/jobandsense.be\/wp-content\/uploads\/2021\/01\/curriculum-vitae.jpg","datePublished":"2021-01-19T11:26:15+00:00","dateModified":"2025-07-23T19:23:15+00:00","description":"Un CV et une lettre de motivation bien ex\u00e9cut\u00e9s sont les 2 \u00e9l\u00e9ments essentiels pour trouver un nouvel emploi.","breadcrumb":{"@id":"https:\/\/jobandsense.be\/boite-a-outils\/rechercher-un-nouvel-emploi\/conseils-pour-refaire-son-cv-et-sa-lettre-de-motivation\/#breadcrumb"},"inLanguage":"nl-BE","potentialAction":[{"@type":"ReadAction","target":["https:\/\/jobandsense.be\/boite-a-outils\/rechercher-un-nouvel-emploi\/conseils-pour-refaire-son-cv-et-sa-lettre-de-motivation\/"]}]},{"@type":"ImageObject","inLanguage":"nl-BE","@id":"https:\/\/jobandsense.be\/boite-a-outils\/rechercher-un-nouvel-emploi\/conseils-pour-refaire-son-cv-et-sa-lettre-de-motivation\/#primaryimage","url":"https:\/\/jobandsense.be\/wp-content\/uploads\/2021\/01\/curriculum-vitae.jpg","contentUrl":"https:\/\/jobandsense.be\/wp-content\/uploads\/2021\/01\/curriculum-vitae.jpg","width":1280,"height":853,"caption":"Image par loufre de Pixabay"},{"@type":"BreadcrumbList","@id":"https:\/\/jobandsense.be\/boite-a-outils\/rechercher-un-nouvel-emploi\/conseils-pour-refaire-son-cv-et-sa-lettre-de-motivation\/#breadcrumb","itemListElement":[{"@type":"ListItem","position":1,"name":"Accueil","item":"https:\/\/jobandsense.be\/"},{"@type":"ListItem","position":2,"name":"Bo\u00eete \u00e0 outils","item":"https:\/\/jobandsense.be\/boite-a-outils\/"},{"@type":"ListItem","position":3,"name":"Rechercher un nouvel emploi","item":"https:\/\/jobandsense.be\/boite-a-outils\/rechercher-un-nouvel-emploi\/"},{"@type":"ListItem","position":4,"name":"Conseils pour refaire son CV et sa lettre de motivation"}]},{"@type":"WebSite","@id":"https:\/\/jobandsense.be\/#website","url":"https:\/\/jobandsense.be\/","name":"Job&amp;Sense","description":"La plateforme qui vous donne toutes les informations pour trouver un job qui a du sens","publisher":{"@id":"https:\/\/jobandsense.be\/#organization"},"potentialAction":[{"@type":"SearchAction","target":{"@type":"EntryPoint","urlTemplate":"https:\/\/jobandsense.be\/?s={search_term_string}"},"query-input":{"@type":"PropertyValueSpecification","valueRequired":true,"valueName":"search_term_string"}}],"inLanguage":"nl-BE"},{"@type":"Organization","@id":"https:\/\/jobandsense.be\/#organization","name":"Job&Sense","url":"https:\/\/jobandsense.be\/","logo":{"@type":"ImageObject","inLanguage":"nl-BE","@id":"https:\/\/jobandsense.be\/#\/schema\/logo\/image\/","url":"","contentUrl":"","caption":"Job&Sense"},"image":{"@id":"https:\/\/jobandsense.be\/#\/schema\/logo\/image\/"},"sameAs":["https:\/\/www.facebook.com\/JobandSense","https:\/\/www.instagram.com\/jobandsense\/","https:\/\/www.linkedin.com\/company\/52173671\/admin\/"]}]}},"jetpack_sharing_enabled":true,"_links":{"self":[{"href":"https:\/\/jobandsense.be\/nl\/wp-json\/wp\/v2\/pages\/3637","targetHints":{"allow":["GET"]}}],"collection":[{"href":"https:\/\/jobandsense.be\/nl\/wp-json\/wp\/v2\/pages"}],"about":[{"href":"https:\/\/jobandsense.be\/nl\/wp-json\/wp\/v2\/types\/page"}],"author":[{"embeddable":true,"href":"https:\/\/jobandsense.be\/nl\/wp-json\/wp\/v2\/users\/1"}],"replies":[{"embeddable":true,"href":"https:\/\/jobandsense.be\/nl\/wp-json\/wp\/v2\/comments?post=3637"}],"version-history":[{"count":68,"href":"https:\/\/jobandsense.be\/nl\/wp-json\/wp\/v2\/pages\/3637\/revisions"}],"predecessor-version":[{"id":13697,"href":"https:\/\/jobandsense.be\/nl\/wp-json\/wp\/v2\/pages\/3637\/revisions\/13697"}],"up":[{"embeddable":true,"href":"https:\/\/jobandsense.be\/nl\/wp-json\/wp\/v2\/pages\/2768"}],"wp:featuredmedia":[{"embeddable":true,"href":"https:\/\/jobandsense.be\/nl\/wp-json\/wp\/v2\/media\/3638"}],"wp:attachment":[{"href":"https:\/\/jobandsense.be\/nl\/wp-json\/wp\/v2\/media?parent=3637"}],"curies":[{"name":"wp","href":"https:\/\/api.w.org\/{rel}","templated":true}]}}