{"id":3595,"date":"2021-01-19T11:04:35","date_gmt":"2021-01-19T11:04:35","guid":{"rendered":"https:\/\/jobandsense.be\/?page_id=3595"},"modified":"2025-07-25T10:49:37","modified_gmt":"2025-07-25T08:49:37","slug":"een-nieuwe-baan-zoeken-via-sociale-netwerken-linkedin-facebook","status":"publish","type":"page","link":"https:\/\/jobandsense.be\/nl\/toolbox\/een-nieuwe-baan-zoeken\/een-nieuwe-baan-zoeken-via-sociale-netwerken-linkedin-facebook\/","title":{"rendered":"Een nieuwe baan zoeken via sociale netwerken (LinkedIn, Facebook)"},"content":{"rendered":"<div data-elementor-type=\"wp-page\" data-elementor-id=\"3595\" class=\"elementor elementor-3595\" data-elementor-post-type=\"page\">\n\t\t\t\t\t\t<section class=\"elementor-section elementor-top-section elementor-element elementor-element-72fa3e1f elementor-section-boxed elementor-section-height-default elementor-section-height-default\" data-id=\"72fa3e1f\" data-element_type=\"section\" data-e-type=\"section\">\n\t\t\t\t\t\t<div class=\"elementor-container elementor-column-gap-default\">\n\t\t\t\t\t<div class=\"elementor-column elementor-col-100 elementor-top-column elementor-element elementor-element-5c27d0ea\" data-id=\"5c27d0ea\" data-element_type=\"column\" data-e-type=\"column\">\n\t\t\t<div class=\"elementor-widget-wrap elementor-element-populated\">\n\t\t\t\t\t\t<div class=\"elementor-element elementor-element-5404ee5b elementor-widget elementor-widget-text-editor\" data-id=\"5404ee5b\" data-element_type=\"widget\" data-e-type=\"widget\" data-widget_type=\"text-editor.default\">\n\t\t\t\t<div class=\"elementor-widget-container\">\n\t\t\t\t\t\t\t\t\t\n<p data-start=\"315\" data-end=\"454\">Sociale netwerken maken deel uit van ons dagelijks leven, maar ze kunnen ook zeer nuttig zijn bij het zoeken naar een nieuwe baan.<\/p>\n\t\t\t\t\t\t\t\t<\/div>\n\t\t\t\t<\/div>\n\t\t\t\t<div class=\"elementor-element elementor-element-fba644c elementor-widget elementor-widget-heading\" data-id=\"fba644c\" data-element_type=\"widget\" data-e-type=\"widget\" data-widget_type=\"heading.default\">\n\t\t\t\t<div class=\"elementor-widget-container\">\n\t\t\t\t\t<h2 class=\"elementor-heading-title elementor-size-default\">LinkedIn<\/h2>\t\t\t\t<\/div>\n\t\t\t\t<\/div>\n\t\t\t\t<div class=\"elementor-element elementor-element-d86a212 elementor-widget elementor-widget-text-editor\" data-id=\"d86a212\" data-element_type=\"widget\" data-e-type=\"widget\" data-widget_type=\"text-editor.default\">\n\t\t\t\t<div class=\"elementor-widget-container\">\n\t\t\t\t\t\t\t\t\t<p data-start=\"470\" data-end=\"595\" class=\"translation-block\">Het belangrijkste professionele sociale netwerk ter wereld, met meer dan een miljard gebruikers, is LinkedIn.<\/p>\n<p data-start=\"597\" data-end=\"712\">Wanneer u op zoek bent naar werk, adviseert Job&amp;Sense u om uw LinkedIn-profiel aan te maken of \"bij te werken\".<\/p>\n<p data-start=\"714\" data-end=\"757\">LinkedIn is om verschillende redenen nuttig:<\/p>\n<ul data-start=\"759\" data-end=\"1241\">\n<li data-start=\"759\" data-end=\"803\">\n<p data-start=\"761\" data-end=\"803\">Het vinden van interessante vacatures.<\/p>\n<\/li>\n<li data-start=\"804\" data-end=\"919\">\n<p data-start=\"806\" data-end=\"919\">Recruiters laten weten dat u beschikbaar bent op de markt en direct benaderd worden voor vacatures.<\/p>\n<\/li>\n<li data-start=\"920\" data-end=\"1241\">\n<p data-start=\"922\" data-end=\"957\">Uw netwerk laten werken om:<\/p>\n<ul data-start=\"960\" data-end=\"1241\">\n<li data-start=\"960\" data-end=\"1079\">\n<p data-start=\"962\" data-end=\"1079\">Met werknemers van het bedrijf waarvoor u solliciteert te praten om te weten te komen wat de werksfeer is.<\/p>\n<\/li>\n<li data-start=\"1082\" data-end=\"1174\">\n<p data-start=\"1084\" data-end=\"1174\">Uw sollicitatie te sturen naar een vriend van een vriend die werkt bij het bedrijf dat u interesseert.<\/p>\n<\/li>\n<li data-start=\"1177\" data-end=\"1241\">\n<p data-start=\"1179\" data-end=\"1241\">Mensen te ontmoeten die uw horizon zullen verbreden.<\/p>\n<\/li>\n<\/ul>\n<\/li>\n<\/ul>\n<p><!-- \/wp:list --><!-- wp:paragraph --><\/p>\n<p><!-- \/wp:paragraph --><!-- wp:paragraph --><!-- \/wp:paragraph --><\/p>\t\t\t\t\t\t\t\t<\/div>\n\t\t\t\t<\/div>\n\t\t\t\t<div class=\"elementor-element elementor-element-958404f elementor-widget elementor-widget-heading\" data-id=\"958404f\" data-element_type=\"widget\" data-e-type=\"widget\" data-widget_type=\"heading.default\">\n\t\t\t\t<div class=\"elementor-widget-container\">\n\t\t\t\t\t<h2 class=\"elementor-heading-title elementor-size-default\">Enkele tips voor het zoeken naar een baan via LinkedIn<\/h2>\t\t\t\t<\/div>\n\t\t\t\t<\/div>\n\t\t\t\t<div class=\"elementor-element elementor-element-84900de elementor-widget elementor-widget-text-editor\" data-id=\"84900de\" data-element_type=\"widget\" data-e-type=\"widget\" data-widget_type=\"text-editor.default\">\n\t\t\t\t<div class=\"elementor-widget-container\">\n\t\t\t\t\t\t\t\t\t<ul>\n<li><b>Recruiters laten weten dat u beschikbaar bent<\/b><\/li>\n<\/ul>\n<p><!-- \/wp:list --><!-- wp:paragraph --><\/p>\n<p data-start=\"1303\" data-end=\"1716\">Om recruiters te laten weten dat u beschikbaar bent, ga naar uw profiel en activeer de optie \"laat recruiters zien dat u openstaat voor kansen\". U kunt enkele criteria invullen (type functie, locatie, enz.). U kunt er ook voor kiezen om dit alleen zichtbaar te maken voor recruiters, zonder dat dit wordt weergegeven op uw profielfoto (aan te passen in de instellingen).<\/p>\n<ul>\n<li><strong data-start=\"1718\" data-end=\"1770\">Zorg goed voor uw titel, uw samenvatting en uw foto<\/strong><\/li>\n<\/ul>\n<p data-start=\"1718\" data-end=\"2025\">De titel onder uw naam is zeer belangrijk: deze moet de sleutelwoorden bevatten die u defini\u00ebren en duidelijk weergeven wat u doet of zoekt. Een professionele, glimlachende en recente profielfoto versterkt de geloofwaardigheid van uw profiel.<\/p>\n<ul>\n<li data-start=\"2027\" data-end=\"2312\"><strong data-start=\"2027\" data-end=\"2069\">Sleutelwoorden in uw profiel plaatsen<\/strong><\/li>\n<\/ul>\n<p>Recruiters zoeken vaak op basis van sleutelwoorden. Het is daarom belangrijk om deze op te nemen in uw titel, in de samenvatting en in de beschrijvingen van uw ervaringen. Denk aan de vaardigheden die u wilt benadrukken.<\/p>\n<p><!-- \/wp:paragraph --><!-- wp:list --><\/p>\n<ul>\n<li><b>Volg de pagina's van bedrijven die u interesseren<\/b><\/li>\n<\/ul>\n<p><!-- \/wp:list --><!-- wp:paragraph --><\/p>\n<p data-start=\"2314\" data-end=\"2565\">Dit toont uw interesse voor deze bedrijven. Bovendien kunt u zo op de hoogte blijven van hun nieuws en eventuele vacatures \u2014 nuttige informatie tijdens sollicitatiegesprekken.<\/p>\n<p><!-- \/wp:paragraph --><!-- wp:list --><\/p>\n<ul>\n<li><b>Reageer altijd op recruiters die contact met u opnemen<\/b><\/li>\n<\/ul>\n<p><!-- \/wp:list --><!-- wp:paragraph --><\/p>\n<p>Het is belangrijk om altijd te reageren op recruiters die contact met u opnemen, zelfs als wat zij voorstellen u niet interesseert. Immers, als recruiters weten wat u zoekt, kunnen zij later terugkomen met een aanbod dat perfect bij u zou kunnen passen.<\/p>\n<p><!-- \/wp:paragraph --><!-- wp:list --><\/p>\n<ul>\n<li><b>Stuur niet alleen uw LinkedIn-profiel wanneer u solliciteert<\/b><\/li>\n<\/ul>\n<p><!-- \/wp:list --><!-- wp:paragraph --><\/p>\n<p>Wanneer u solliciteert op een vacature op LinkedIn, is het belangrijk om niet alleen uw LinkedIn-profiel te sturen, maar ook een motivatiebrief.<\/p>\n<p><!-- \/wp:paragraph --><!-- wp:paragraph --><\/p>\n<p>Uw LinkedIn-profiel niet zo compleet is als uw CV, zo is het ook belangrijk om deze te sturen.<\/p>\n<p><!-- \/wp:paragraph --><!-- wp:paragraph --><\/p>\n<p>Recruiters moeten het gevoel hebben dat u echt voor hen wilt werken en dat u de tijd hebt genomen om uw motivatiebrief en CV aan te passen aan de aangeboden vacature.<\/p>\n<p><!-- \/wp:paragraph --><!-- wp:list --><\/p>\n<ul>\n<li><b>Wees actief<\/b><\/li>\n<\/ul>\n<p><!-- \/wp:list --><!-- wp:paragraph --><\/p>\n<p>Om zichtbaar te zijn op LinkedIn, aarzel niet om er actief te zijn door:<\/p>\n<p><!-- \/wp:paragraph --><!-- wp:list --><\/p>\n<ul>\n<li style=\"list-style-type: none;\">\n<ul>\n<li data-start=\"3371\" data-end=\"3472\">\n<p data-start=\"3373\" data-end=\"3472\">Uw netwerk te feliciteren met hun promoties, functieveranderingen of professionele jubilea.<\/p>\n<\/li>\n<li data-start=\"3473\" data-end=\"3533\">\n<p data-start=\"3475\" data-end=\"3533\">Deel te nemen aan discussiegroepen in uw vakgebied.<\/p>\n<\/li>\n<li data-start=\"3534\" data-end=\"3626\">\n<p data-start=\"3536\" data-end=\"3626\">Relevante inhoud te delen die verband houdt met uw sector of uw professionele interesses.<\/p>\n<\/li>\n<li data-start=\"3627\" data-end=\"3687\">\n<p data-start=\"3629\" data-end=\"3687\">Het vinden van interessante vacatures.<\/p>\n<\/li>\n<li data-start=\"3688\" data-end=\"3971\">\n<p data-start=\"3690\" data-end=\"3971\">Aanbevelingen te vragen over uw eerdere ervaringen. Ook al kan dit intimiderend lijken, het is een echte plus wanneer u op zoek bent naar werk. Aarzel niet om dit te vragen aan voormalige collega's of leidinggevenden \u2014 u kunt er ook een voor hen schrijven indien nodig.<\/p>\n<\/li>\n<\/ul>\n<\/li>\n<\/ul>\n<p><!-- \/wp:paragraph --><!-- wp:paragraph --><!-- \/wp:paragraph --><\/p>\t\t\t\t\t\t\t\t<\/div>\n\t\t\t\t<\/div>\n\t\t\t\t<div class=\"elementor-element elementor-element-c087a1f elementor-widget elementor-widget-heading\" data-id=\"c087a1f\" data-element_type=\"widget\" data-e-type=\"widget\" data-widget_type=\"heading.default\">\n\t\t\t\t<div class=\"elementor-widget-container\">\n\t\t\t\t\t<h2 class=\"elementor-heading-title elementor-size-default\">Facebook<\/h2>\t\t\t\t<\/div>\n\t\t\t\t<\/div>\n\t\t\t\t<div class=\"elementor-element elementor-element-d456cc8 elementor-widget elementor-widget-text-editor\" data-id=\"d456cc8\" data-element_type=\"widget\" data-e-type=\"widget\" data-widget_type=\"text-editor.default\">\n\t\t\t\t<div class=\"elementor-widget-container\">\n\t\t\t\t\t\t\t\t\t<p><!-- wp:paragraph --><!-- \/wp:paragraph --><!-- wp:paragraph --><\/p>\n<p>Facebook heeft een functie voor het zoeken naar werk. U ziet aan de linkerkant een knop \"Vacatures\" waar u uw criteria kunt aangeven (afstand, sector, werktijd...).<\/p>\n<p><!-- \/wp:paragraph --><!-- wp:paragraph --><\/p>\n<p>U kunt ook specifieke vacaturegroepen op Facebook aansluiten; er zijn er veel, zowel per regio als voor Belgi\u00eb...<\/p>\n<p><!-- \/wp:paragraph --><!-- wp:paragraph --><\/p>\n<p>Aarzel ook niet om een aankondiging aan uw vrienden op Facebook te doen om hen te laten weten dat u op zoek bent naar een nieuwe baan. Dit stelt hen in staat om aan u te denken wanneer zij horen over beschikbare functies.<\/p>\n<p><!-- \/wp:paragraph --><\/p>\t\t\t\t\t\t\t\t<\/div>\n\t\t\t\t<\/div>\n\t\t\t\t\t<\/div>\n\t\t<\/div>\n\t\t\t\t\t<\/div>\n\t\t<\/section>\n\t\t\t\t<\/div>","protected":false},"excerpt":{"rendered":"<p>Les r\u00e9seaux sociaux font partie de notre vie de tous les jours, mais ils peuvent \u00e9galement \u00eatre tr\u00e8s utiles pour chercher un nouvel emploi. LinkedIn Le r\u00e9seau social professionnel le plus important dans le monde, comptant plus d\u2019un milliard d\u2019utilisateurs, est LinkedIn. Lorsque vous recherchez un emploi, Job&amp;Sense vous conseille de cr\u00e9er ou de \u00ab&#8230;<\/p>","protected":false},"author":1,"featured_media":3596,"parent":2768,"menu_order":4,"comment_status":"closed","ping_status":"closed","template":"","meta":{"_acf_changed":false,"episode_type":"","audio_file":"","cover_image":"","cover_image_id":"","duration":"","filesize":"","filesize_raw":"","date_recorded":"","explicit":"","block":"","footnotes":""},"class_list":["post-3595","page","type-page","status-publish","has-post-thumbnail","hentry","wpbf-post"],"acf":[],"yoast_head":"<!-- This site is optimized with the Yoast SEO plugin v26.8 - https:\/\/yoast.com\/product\/yoast-seo-wordpress\/ -->\n<title>Chercher un nouvel emploi gr\u00e2ce aux r\u00e9seaux sociaux &#8226; Job&amp;Sense<\/title>\n<meta name=\"description\" content=\"Les r\u00e9seaux sociaux font partie de notre vie de tous les jours mais ils peuvent \u00e9galement \u00eatre tr\u00e8s utiles pour chercher un nouvel emploi.\" \/>\n<meta name=\"robots\" content=\"index, follow, max-snippet:-1, max-image-preview:large, max-video-preview:-1\" \/>\n<link rel=\"canonical\" href=\"https:\/\/jobandsense.be\/nl\/toolbox\/een-nieuwe-baan-zoeken\/een-nieuwe-baan-zoeken-via-sociale-netwerken-linkedin-facebook\/\" \/>\n<meta property=\"og:locale\" content=\"nl_BE\" \/>\n<meta property=\"og:type\" content=\"article\" \/>\n<meta property=\"og:title\" content=\"Chercher un emploi gr\u00e2ce aux r\u00e9seaux sociaux\" \/>\n<meta property=\"og:description\" content=\"Les r\u00e9seaux sociaux font partie de notre vie de tous les jours mais ils peuvent \u00e9galement \u00eatre tr\u00e8s utiles pour chercher un nouvel emploi.\" \/>\n<meta property=\"og:url\" content=\"https:\/\/jobandsense.be\/nl\/toolbox\/een-nieuwe-baan-zoeken\/een-nieuwe-baan-zoeken-via-sociale-netwerken-linkedin-facebook\/\" \/>\n<meta property=\"og:site_name\" content=\"Job&amp;Sense\" \/>\n<meta property=\"article:publisher\" content=\"https:\/\/www.facebook.com\/JobandSense\" \/>\n<meta property=\"article:modified_time\" content=\"2025-07-25T08:49:37+00:00\" \/>\n<meta property=\"og:image\" content=\"https:\/\/jobandsense.be\/wp-content\/uploads\/2021\/01\/re\u0301seaux-sociaux.jpg\" \/>\n\t<meta property=\"og:image:width\" content=\"1280\" \/>\n\t<meta property=\"og:image:height\" content=\"853\" \/>\n\t<meta property=\"og:image:type\" content=\"image\/jpeg\" \/>\n<meta name=\"twitter:card\" content=\"summary_large_image\" \/>\n<meta name=\"twitter:label1\" content=\"Geschatte leestijd\" \/>\n\t<meta name=\"twitter:data1\" content=\"4 minuten\" \/>\n<script type=\"application\/ld+json\" class=\"yoast-schema-graph\">{\"@context\":\"https:\/\/schema.org\",\"@graph\":[{\"@type\":\"WebPage\",\"@id\":\"https:\/\/jobandsense.be\/boite-a-outils\/rechercher-un-nouvel-emploi\/chercher-un-nouvel-emploi-grace-aux-reseaux-sociaux-linkedin-facebook\/\",\"url\":\"https:\/\/jobandsense.be\/boite-a-outils\/rechercher-un-nouvel-emploi\/chercher-un-nouvel-emploi-grace-aux-reseaux-sociaux-linkedin-facebook\/\",\"name\":\"Chercher un nouvel emploi gr\u00e2ce aux r\u00e9seaux sociaux &#8226; Job&Sense\",\"isPartOf\":{\"@id\":\"https:\/\/jobandsense.be\/#website\"},\"primaryImageOfPage\":{\"@id\":\"https:\/\/jobandsense.be\/boite-a-outils\/rechercher-un-nouvel-emploi\/chercher-un-nouvel-emploi-grace-aux-reseaux-sociaux-linkedin-facebook\/#primaryimage\"},\"image\":{\"@id\":\"https:\/\/jobandsense.be\/boite-a-outils\/rechercher-un-nouvel-emploi\/chercher-un-nouvel-emploi-grace-aux-reseaux-sociaux-linkedin-facebook\/#primaryimage\"},\"thumbnailUrl\":\"https:\/\/jobandsense.be\/wp-content\/uploads\/2021\/01\/re\u0301seaux-sociaux.jpg\",\"datePublished\":\"2021-01-19T11:04:35+00:00\",\"dateModified\":\"2025-07-25T08:49:37+00:00\",\"description\":\"Les r\u00e9seaux sociaux font partie de notre vie de tous les jours mais ils peuvent \u00e9galement \u00eatre tr\u00e8s utiles pour chercher un nouvel emploi.\",\"breadcrumb\":{\"@id\":\"https:\/\/jobandsense.be\/boite-a-outils\/rechercher-un-nouvel-emploi\/chercher-un-nouvel-emploi-grace-aux-reseaux-sociaux-linkedin-facebook\/#breadcrumb\"},\"inLanguage\":\"nl-BE\",\"potentialAction\":[{\"@type\":\"ReadAction\",\"target\":[\"https:\/\/jobandsense.be\/boite-a-outils\/rechercher-un-nouvel-emploi\/chercher-un-nouvel-emploi-grace-aux-reseaux-sociaux-linkedin-facebook\/\"]}]},{\"@type\":\"ImageObject\",\"inLanguage\":\"nl-BE\",\"@id\":\"https:\/\/jobandsense.be\/boite-a-outils\/rechercher-un-nouvel-emploi\/chercher-un-nouvel-emploi-grace-aux-reseaux-sociaux-linkedin-facebook\/#primaryimage\",\"url\":\"https:\/\/jobandsense.be\/wp-content\/uploads\/2021\/01\/re\u0301seaux-sociaux.jpg\",\"contentUrl\":\"https:\/\/jobandsense.be\/wp-content\/uploads\/2021\/01\/re\u0301seaux-sociaux.jpg\",\"width\":1280,\"height\":853,\"caption\":\"Image par Photo Mix de Pixabay\"},{\"@type\":\"BreadcrumbList\",\"@id\":\"https:\/\/jobandsense.be\/boite-a-outils\/rechercher-un-nouvel-emploi\/chercher-un-nouvel-emploi-grace-aux-reseaux-sociaux-linkedin-facebook\/#breadcrumb\",\"itemListElement\":[{\"@type\":\"ListItem\",\"position\":1,\"name\":\"Accueil\",\"item\":\"https:\/\/jobandsense.be\/\"},{\"@type\":\"ListItem\",\"position\":2,\"name\":\"Bo\u00eete \u00e0 outils\",\"item\":\"https:\/\/jobandsense.be\/boite-a-outils\/\"},{\"@type\":\"ListItem\",\"position\":3,\"name\":\"Rechercher un nouvel emploi\",\"item\":\"https:\/\/jobandsense.be\/boite-a-outils\/rechercher-un-nouvel-emploi\/\"},{\"@type\":\"ListItem\",\"position\":4,\"name\":\"Chercher un nouvel emploi gr\u00e2ce aux r\u00e9seaux sociaux (LinkedIn, Facebook)\"}]},{\"@type\":\"WebSite\",\"@id\":\"https:\/\/jobandsense.be\/#website\",\"url\":\"https:\/\/jobandsense.be\/\",\"name\":\"Job&amp;Sense\",\"description\":\"La plateforme qui vous donne toutes les informations pour trouver un job qui a du sens\",\"publisher\":{\"@id\":\"https:\/\/jobandsense.be\/#organization\"},\"potentialAction\":[{\"@type\":\"SearchAction\",\"target\":{\"@type\":\"EntryPoint\",\"urlTemplate\":\"https:\/\/jobandsense.be\/?s={search_term_string}\"},\"query-input\":{\"@type\":\"PropertyValueSpecification\",\"valueRequired\":true,\"valueName\":\"search_term_string\"}}],\"inLanguage\":\"nl-BE\"},{\"@type\":\"Organization\",\"@id\":\"https:\/\/jobandsense.be\/#organization\",\"name\":\"Job&Sense\",\"url\":\"https:\/\/jobandsense.be\/\",\"logo\":{\"@type\":\"ImageObject\",\"inLanguage\":\"nl-BE\",\"@id\":\"https:\/\/jobandsense.be\/#\/schema\/logo\/image\/\",\"url\":\"\",\"contentUrl\":\"\",\"caption\":\"Job&Sense\"},\"image\":{\"@id\":\"https:\/\/jobandsense.be\/#\/schema\/logo\/image\/\"},\"sameAs\":[\"https:\/\/www.facebook.com\/JobandSense\",\"https:\/\/www.instagram.com\/jobandsense\/\",\"https:\/\/www.linkedin.com\/company\/52173671\/admin\/\"]}]}<\/script>\n<!-- \/ Yoast SEO plugin. -->","yoast_head_json":{"title":"Chercher un nouvel emploi gr\u00e2ce aux r\u00e9seaux sociaux &#8226; Job&Sense","description":"Les r\u00e9seaux sociaux font partie de notre vie de tous les jours mais ils peuvent \u00e9galement \u00eatre tr\u00e8s utiles pour chercher un nouvel emploi.","robots":{"index":"index","follow":"follow","max-snippet":"max-snippet:-1","max-image-preview":"max-image-preview:large","max-video-preview":"max-video-preview:-1"},"canonical":"https:\/\/jobandsense.be\/nl\/toolbox\/een-nieuwe-baan-zoeken\/een-nieuwe-baan-zoeken-via-sociale-netwerken-linkedin-facebook\/","og_locale":"nl_BE","og_type":"article","og_title":"Chercher un emploi gr\u00e2ce aux r\u00e9seaux sociaux","og_description":"Les r\u00e9seaux sociaux font partie de notre vie de tous les jours mais ils peuvent \u00e9galement \u00eatre tr\u00e8s utiles pour chercher un nouvel emploi.","og_url":"https:\/\/jobandsense.be\/nl\/toolbox\/een-nieuwe-baan-zoeken\/een-nieuwe-baan-zoeken-via-sociale-netwerken-linkedin-facebook\/","og_site_name":"Job&amp;Sense","article_publisher":"https:\/\/www.facebook.com\/JobandSense","article_modified_time":"2025-07-25T08:49:37+00:00","og_image":[{"width":1280,"height":853,"url":"https:\/\/jobandsense.be\/wp-content\/uploads\/2021\/01\/re\u0301seaux-sociaux.jpg","type":"image\/jpeg"}],"twitter_card":"summary_large_image","twitter_misc":{"Geschatte leestijd":"4 minuten"},"schema":{"@context":"https:\/\/schema.org","@graph":[{"@type":"WebPage","@id":"https:\/\/jobandsense.be\/boite-a-outils\/rechercher-un-nouvel-emploi\/chercher-un-nouvel-emploi-grace-aux-reseaux-sociaux-linkedin-facebook\/","url":"https:\/\/jobandsense.be\/boite-a-outils\/rechercher-un-nouvel-emploi\/chercher-un-nouvel-emploi-grace-aux-reseaux-sociaux-linkedin-facebook\/","name":"Chercher un nouvel emploi gr\u00e2ce aux r\u00e9seaux sociaux &#8226; Job&Sense","isPartOf":{"@id":"https:\/\/jobandsense.be\/#website"},"primaryImageOfPage":{"@id":"https:\/\/jobandsense.be\/boite-a-outils\/rechercher-un-nouvel-emploi\/chercher-un-nouvel-emploi-grace-aux-reseaux-sociaux-linkedin-facebook\/#primaryimage"},"image":{"@id":"https:\/\/jobandsense.be\/boite-a-outils\/rechercher-un-nouvel-emploi\/chercher-un-nouvel-emploi-grace-aux-reseaux-sociaux-linkedin-facebook\/#primaryimage"},"thumbnailUrl":"https:\/\/jobandsense.be\/wp-content\/uploads\/2021\/01\/re\u0301seaux-sociaux.jpg","datePublished":"2021-01-19T11:04:35+00:00","dateModified":"2025-07-25T08:49:37+00:00","description":"Les r\u00e9seaux sociaux font partie de notre vie de tous les jours mais ils peuvent \u00e9galement \u00eatre tr\u00e8s utiles pour chercher un nouvel emploi.","breadcrumb":{"@id":"https:\/\/jobandsense.be\/boite-a-outils\/rechercher-un-nouvel-emploi\/chercher-un-nouvel-emploi-grace-aux-reseaux-sociaux-linkedin-facebook\/#breadcrumb"},"inLanguage":"nl-BE","potentialAction":[{"@type":"ReadAction","target":["https:\/\/jobandsense.be\/boite-a-outils\/rechercher-un-nouvel-emploi\/chercher-un-nouvel-emploi-grace-aux-reseaux-sociaux-linkedin-facebook\/"]}]},{"@type":"ImageObject","inLanguage":"nl-BE","@id":"https:\/\/jobandsense.be\/boite-a-outils\/rechercher-un-nouvel-emploi\/chercher-un-nouvel-emploi-grace-aux-reseaux-sociaux-linkedin-facebook\/#primaryimage","url":"https:\/\/jobandsense.be\/wp-content\/uploads\/2021\/01\/re\u0301seaux-sociaux.jpg","contentUrl":"https:\/\/jobandsense.be\/wp-content\/uploads\/2021\/01\/re\u0301seaux-sociaux.jpg","width":1280,"height":853,"caption":"Image par Photo Mix de Pixabay"},{"@type":"BreadcrumbList","@id":"https:\/\/jobandsense.be\/boite-a-outils\/rechercher-un-nouvel-emploi\/chercher-un-nouvel-emploi-grace-aux-reseaux-sociaux-linkedin-facebook\/#breadcrumb","itemListElement":[{"@type":"ListItem","position":1,"name":"Accueil","item":"https:\/\/jobandsense.be\/"},{"@type":"ListItem","position":2,"name":"Bo\u00eete \u00e0 outils","item":"https:\/\/jobandsense.be\/boite-a-outils\/"},{"@type":"ListItem","position":3,"name":"Rechercher un nouvel emploi","item":"https:\/\/jobandsense.be\/boite-a-outils\/rechercher-un-nouvel-emploi\/"},{"@type":"ListItem","position":4,"name":"Chercher un nouvel emploi gr\u00e2ce aux r\u00e9seaux sociaux (LinkedIn, Facebook)"}]},{"@type":"WebSite","@id":"https:\/\/jobandsense.be\/#website","url":"https:\/\/jobandsense.be\/","name":"Job&amp;Sense","description":"La plateforme qui vous donne toutes les informations pour trouver un job qui a du sens","publisher":{"@id":"https:\/\/jobandsense.be\/#organization"},"potentialAction":[{"@type":"SearchAction","target":{"@type":"EntryPoint","urlTemplate":"https:\/\/jobandsense.be\/?s={search_term_string}"},"query-input":{"@type":"PropertyValueSpecification","valueRequired":true,"valueName":"search_term_string"}}],"inLanguage":"nl-BE"},{"@type":"Organization","@id":"https:\/\/jobandsense.be\/#organization","name":"Job&Sense","url":"https:\/\/jobandsense.be\/","logo":{"@type":"ImageObject","inLanguage":"nl-BE","@id":"https:\/\/jobandsense.be\/#\/schema\/logo\/image\/","url":"","contentUrl":"","caption":"Job&Sense"},"image":{"@id":"https:\/\/jobandsense.be\/#\/schema\/logo\/image\/"},"sameAs":["https:\/\/www.facebook.com\/JobandSense","https:\/\/www.instagram.com\/jobandsense\/","https:\/\/www.linkedin.com\/company\/52173671\/admin\/"]}]}},"jetpack_sharing_enabled":true,"_links":{"self":[{"href":"https:\/\/jobandsense.be\/nl\/wp-json\/wp\/v2\/pages\/3595","targetHints":{"allow":["GET"]}}],"collection":[{"href":"https:\/\/jobandsense.be\/nl\/wp-json\/wp\/v2\/pages"}],"about":[{"href":"https:\/\/jobandsense.be\/nl\/wp-json\/wp\/v2\/types\/page"}],"author":[{"embeddable":true,"href":"https:\/\/jobandsense.be\/nl\/wp-json\/wp\/v2\/users\/1"}],"replies":[{"embeddable":true,"href":"https:\/\/jobandsense.be\/nl\/wp-json\/wp\/v2\/comments?post=3595"}],"version-history":[{"count":46,"href":"https:\/\/jobandsense.be\/nl\/wp-json\/wp\/v2\/pages\/3595\/revisions"}],"predecessor-version":[{"id":13704,"href":"https:\/\/jobandsense.be\/nl\/wp-json\/wp\/v2\/pages\/3595\/revisions\/13704"}],"up":[{"embeddable":true,"href":"https:\/\/jobandsense.be\/nl\/wp-json\/wp\/v2\/pages\/2768"}],"wp:featuredmedia":[{"embeddable":true,"href":"https:\/\/jobandsense.be\/nl\/wp-json\/wp\/v2\/media\/3596"}],"wp:attachment":[{"href":"https:\/\/jobandsense.be\/nl\/wp-json\/wp\/v2\/media?parent=3595"}],"curies":[{"name":"wp","href":"https:\/\/api.w.org\/{rel}","templated":true}]}}