{"id":3358,"date":"2021-01-18T11:02:41","date_gmt":"2021-01-18T11:02:41","guid":{"rendered":"https:\/\/jobandsense.be\/?page_id=3358"},"modified":"2026-04-02T15:11:40","modified_gmt":"2026-04-02T13:11:40","slug":"inspirerende-podcasts","status":"publish","type":"page","link":"https:\/\/jobandsense.be\/nl\/toolbox\/inspireren\/inspirerende-podcasts\/","title":{"rendered":"Inspirerende podcasts"},"content":{"rendered":"<div data-elementor-type=\"wp-page\" data-elementor-id=\"3358\" class=\"elementor elementor-3358\" data-elementor-post-type=\"page\">\n\t\t\t\t\t\t<section class=\"elementor-section elementor-top-section elementor-element elementor-element-3de0e132 elementor-section-boxed elementor-section-height-default elementor-section-height-default\" data-id=\"3de0e132\" data-element_type=\"section\" data-e-type=\"section\">\n\t\t\t\t\t\t<div class=\"elementor-container elementor-column-gap-default\">\n\t\t\t\t\t<div class=\"elementor-column elementor-col-100 elementor-top-column elementor-element elementor-element-2f4b2a50\" data-id=\"2f4b2a50\" data-element_type=\"column\" data-e-type=\"column\">\n\t\t\t<div class=\"elementor-widget-wrap elementor-element-populated\">\n\t\t\t\t\t\t<div class=\"elementor-element elementor-element-6bb2c83c elementor-widget elementor-widget-text-editor\" data-id=\"6bb2c83c\" data-element_type=\"widget\" data-e-type=\"widget\" data-widget_type=\"text-editor.default\">\n\t\t\t\t<div class=\"elementor-widget-container\">\n\t\t\t\t\t\t\t\t\t<p>Een podcast is audio-inhoud die je overal en altijd kunt beluisteren. Bovendien bestaan er podcasts over alle onderwerpen.<\/p>\n<p>Je kunt dus ge\u00efnspireerd worden tijdens het boodschappen doen, tijdens je woon-werkverkeer, tijdens het strijken of tijdens het bereiden van het avondeten. Je kunt een paar minuten luisteren en verder gaan waar je gebleven was wanneer je er zin in hebt.\u00a0<\/p>\n<p><!-- \/wp:paragraph --><!-- wp:paragraph --><!-- \/wp:paragraph --><!-- wp:paragraph --><\/p>\n<p><b>Hoe luister je naar een podcast?<\/b><\/p>\n<p><!-- \/wp:paragraph --><!-- wp:paragraph --><\/p>\n<p>Je kunt naar podcasts luisteren op Apple Podcast, Google Podcast, Spotify, Deezer en op alle openbare televisie- en radiomedia.\u00a0<\/p>\n<p><b>Duur<\/b><\/p>\n<p><!-- \/wp:paragraph --><!-- wp:paragraph --><\/p>\n<p>Elke podcaster kiest de duur van zijn podcast die kan vari\u00ebren van een paar minuten tot meer dan 2 uur (achter elkaar).<\/p>\n<p><!-- \/wp:paragraph --><!-- wp:paragraph --><\/p>\n<p>Hieronder vind je enkele links naar podcasts over onderwerpen zoals loopbaanverandering, persoonlijke ontwikkeling, werk en ondernemerschap. Dit is een niet-uitputtende lijst, maar geeft al een goed overzicht.<\/p>\n<p>IN HET FRANS<\/p>\n<p><!-- \/wp:paragraph --><!-- wp:paragraph --><\/p>\n<p><em>Getuigenissen van loopbaanverandering of levensreizen<\/em><\/p>\n<p><!-- \/wp:paragraph --><!-- wp:list --><\/p>\n<ul>\n<li><span style=\"text-decoration: underline;\"><strong><a href=\"https:\/\/open.spotify.com\/show\/4mzBYRVrUCQop7tqk0KaWX\" target=\"_blank\" rel=\"noopener\">Entreprendre apr\u00e8s un burn out<\/a><\/strong><\/span> (duur tussen 20 en 40 minuten): de podcast gericht op vrouwen die getroffen zijn door een burn-out, die het vertrouwen en de inspiratie willen terugvinden dat ook zij ooit weer vreugde en plezier in hun werk kunnen vinden.<\/li>\n<li><span style=\"text-decoration: underline;\"><strong><a href=\"https:\/\/shows.acast.com\/les-deviations\" target=\"_blank\" rel=\"noopener\">Les d\u00e9viations<\/a><\/strong><\/span> (duur 40 minuten): Getuigenissen van loopbaanverandering.\u00a0<\/li>\n<li><strong><span style=\"text-decoration: underline;\"><a href=\"https:\/\/open.spotify.com\/show\/0YArAjOcplcyAUKZOMoFhr\" target=\"_blank\" rel=\"noopener\">Objectif Reconversion<\/a><\/span><\/strong> (duur 45 minuten): Inspirerende trajecten van loopbaanverandering of carri\u00e8reontwikkeling.<\/li>\n<li><strong><span style=\"text-decoration: underline;\"><a href=\"https:\/\/open.spotify.com\/show\/2DeGUXYbldVtjRPDdiZXGr\" target=\"_blank\" rel=\"noopener\">Oser la reconversion<\/a><\/span><\/strong> (duur 1u): Elke maandag gasten die hun succesverhaal vertellen om de loopbaanverandering aan te durven.<\/li>\n<li><span style=\"text-decoration: underline;\"><strong><a href=\"https:\/\/podcast.ausha.co\/pop-corn-podcast\" target=\"_blank\" rel=\"noopener\">Pop Corn podcast<\/a><\/strong><\/span> (dur\u00e9e moins d&rsquo;1h): \u00a0le podcast inspirant qui explore les parcours de reconversion professionnelle.\u00a0<\/li>\n<li><span style=\"font-weight: bold;\"><span style=\"text-decoration-line: underline;\"><a href=\"http:\/\/pourquoipasmoi.co\/\" target=\"_blank\" rel=\"noopener\">Pourquoi pas moi<\/a><\/span><\/span>: Een podcast om naar je innerlijke stem te luisteren en actie te ondernemen. Getuigenissen van mensen die actie hebben ondernomen.\u00a0<\/li>\n<\/ul>\n<p><!-- \/wp:list --><!-- wp:paragraph --><\/p>\n<p><em>Coaching en persoonlijke ontwikkeling<\/em><\/p>\n<p><!-- \/wp:paragraph --><!-- wp:list --><\/p>\n<ul>\n<li><span style=\"text-decoration: underline;\"><a href=\"https:\/\/changemavie.com\/episodes\" target=\"_blank\" rel=\"noopener\"><strong>Change ma vie<\/strong><\/a><\/span> (duur 30 minuten): Change ma vie is een podcast over persoonlijke ontwikkeling die je concrete tools geeft om je geest beter te begrijpen, je moeilijkheden op te lossen en je beter te voelen.\u00a0\u00a0<\/li>\n<li><span style=\"font-weight: bold;\"><span style=\"text-decoration-line: underline;\"><a href=\"https:\/\/louiemedia.com\/emotions\" target=\"_blank\" rel=\"noopener\">Emotions<\/a><\/span><\/span>: Om te begrijpen wat je voelt en waar de emoties die je ervaart vandaan komen.\u00a0<\/li>\n<li><span style=\"text-decoration-line: underline;\"><span style=\"font-weight: bold;\"><a href=\"https:\/\/podtail.com\/fr\/podcast\/inpower-motivation-ambition-inspiration\/\" target=\"_blank\" rel=\"noopener\">In power\u00a0<\/a><\/span><\/span>(duur 1u): Interviews met inspirerende en gepassioneerde mensen.\u00a0<\/li>\n<li><span style=\"text-decoration: underline;\"><strong><a href=\"https:\/\/podcasts.apple.com\/fr\/podcast\/jai-peur-donc-jy-vais\/id1513303183\" target=\"_blank\" rel=\"noopener\">J&rsquo;ai peur donc j&rsquo;y vais<\/a><\/strong><\/span> (30 minuten): Een coach die je advies en tools geeft om je leven nieuw elan te geven.\u00a0<\/li>\n<li><span style=\"text-decoration: underline;\"><strong><a href=\"https:\/\/smartlink.ausha.co\/j-peux-pas-j-ai-burn-out\" target=\"_blank\" rel=\"noopener\">Je peux pas j&rsquo;ai burn out<\/a><\/strong><\/span> (duur 20 min): een podcast die dit weinig bekende, zeer taboe vermoeidheid in de schijnwerpers zal zetten, maar ook de sluier zal oplichten over wat er voor en na een burn-out gebeurt.\u00a0<\/li>\n<li><span style=\"text-decoration: underline;\"><strong><a href=\"https:\/\/jobandsense.be\/nl\/podcast-2\/\" target=\"_blank\" rel=\"noopener\">Job&amp;Sense<\/a><\/strong><\/span> (12 minuten): Collaboratieve podcast die je elke week \u00e9\u00e9n actie voorstelt om een meer geafstemde leven te leiden.\u00a0<\/li>\n<li><span style=\"text-decoration-line: underline;\"><span style=\"font-weight: bold;\"><a href=\"https:\/\/www.metamorphosepodcast.com\/les-podcasts-episodes-metamorphose\" target=\"_blank\" rel=\"noopener\">M\u00e9tamorphoses<\/a>\u00a0<\/span><\/span>(duur tussen 30 minuten en 1 uur): De podcast over persoonlijke ontwikkeling, gezonde voeding, welzijn, natuurlijke gezondheid, psychologie en spiritualiteit.<\/li>\n<li><span style=\"text-decoration: underline;\"><strong><a href=\"https:\/\/open.spotify.com\/show\/4bv5ZtWZiKBk6N4FB7aPRc\" target=\"_blank\" rel=\"noopener\">Virages<\/a><\/strong><\/span> (duur 15 minuten): pistes om anders vooruit te gaan.\u00a0<b><\/b>\u00a0<\/li>\n<\/ul>\n<p><!-- \/wp:list --><!-- wp:embed {\"url\":\"https:\/\/www.eeko-podcast.fr\/podcasts\/la-lecon-le-podcast-sur-lart-dechouer\/306\/\"} --><\/p>\n<p><!-- \/wp:embed --><!-- wp:list --><\/p>\n<p><!-- \/wp:list --><!-- wp:paragraph --><\/p>\n<p><em>Ondernemerschap in het Frans<\/em><\/p>\n<p><!-- \/wp:paragraph --><!-- wp:list --><\/p>\n<ul>\n<li><span style=\"text-decoration-line: underline;\"><a href=\"https:\/\/podcasts.apple.com\/be\/podcast\/change\/id1507022482\" target=\"_blank\" rel=\"noopener\"><span style=\"font-weight: bold;\">Change<\/span><\/a><\/span>\u00a0(duur 1u): Belgische podcast die inspirerende mensen interviewt, vaak ondernemers maar niet alleen.\u00a0\u00a0<\/li>\n<li><span style=\"text-decoration: underline;\"><strong><a href=\"https:\/\/podcast.ausha.co\/donne-le-rythme\" target=\"_blank\" rel=\"noopener\" data-wplink-url-error=\"true\">Donne le Rythme<\/a><\/strong><\/span> (dur\u00e9e 2h): un podcast sur\u00a0l\u2019entrepreneuriat belge.<\/li>\n<li><span style=\"text-decoration: underline;\"><strong><a href=\"https:\/\/entrepreneurs-inspirants.be\/podcast\/\" target=\"_blank\" rel=\"noopener\">Entrepreneurs inspirants<\/a><\/strong><\/span> (duur 1u): de podcast die achter de schermen kijkt van ondernemingssuccessen in Belgi\u00eb.<\/li>\n<li><span style=\"text-decoration: underline;\"><strong><a href=\"https:\/\/www.gdiy.fr\/\" target=\"_blank\" rel=\"noopener\">Generation do it yourself<\/a><\/strong><\/span> (duur meer dan 2u): Interviews met mensen die de sprong hebben gewaagd: ondernemers, kunstenaars, sporters. Het gaat erom hun denkwijze, hun verhaal, hun tools te begrijpen.\u00a0<\/li>\n<li><span style=\"text-decoration: underline;\"><strong>J<a href=\"https:\/\/podcast.ausha.co\/jpeux-pas-jai-business\" target=\"_blank\" rel=\"noopener\"><strong>&lsquo;<\/strong>peux Pas J&rsquo;ai Business<\/a><\/strong><\/span> : de beste bedrijfsstrategie\u00ebn, stap voor stap uitgelegd.<\/li>\n<li><span style=\"text-decoration: underline;\"><strong><a href=\"https:\/\/lepanier.io\/\" target=\"_blank\" rel=\"noopener\">(duur 1u): De e-commerce podcast in Frankrijk waarin hij met handelaars en e-handelaars praat om hun beste praktijken te verzamelen.<\/a><\/strong><\/span> (dur\u00e9e 1h): Le podcast e-commerce en France dans lequel il parle avec les commer\u00e7ants et e-commer\u00e7ants pour (re)cueillir leurs bonnes pratiques.<\/li>\n<\/ul>\n<p><!-- \/wp:list --><!-- wp:paragraph --><\/p>\n<p><!-- \/wp:list --><!-- wp:heading --><\/p>\n<p><em>Sociaal ondernemerschap<\/em><\/p>\n<p><!-- \/wp:paragraph --><!-- wp:list --><\/p>\n<ul>\n<li><strong><span style=\"text-decoration: underline;\"><a href=\"https:\/\/basilicpodcast.com\/\" target=\"_blank\" rel=\"noopener\">Basilic<\/a><\/span><\/strong> (duur 40 minuten): De podcast gewijd aan het milieu en positieve initiatieven.\u00a0<\/li>\n<li><span style=\"text-decoration: underline;\"><strong><a href=\"https:\/\/shows.acast.com\/bonjour-demain\/about\" target=\"_blank\" rel=\"noopener\">Bonjour Demain<\/a><\/strong><\/span> (duur 50 minuten): Interviews. De podcast die het idee deelt dat ecologische transitie een economische en culturele transitie is.<\/li>\n<li><a href=\"https:\/\/smartlink.ausha.co\/business-impact\" target=\"_blank\" rel=\"noopener\"><strong><span style=\"text-decoration: underline;\">Business Impact<\/span><\/strong><\/a>(duur meer dan 1 uur): Interview podcast met inspirerende mensen die op hun schaal de wereld veranderen dankzij hun bedrijf.\u00a0<\/li>\n<li><span style=\"text-decoration-line: underline;\"><a href=\"http:\/\/www.radio-belgie.be\/podcasts\/impact-positif-les-solutions-existent\" target=\"_blank\" rel=\"noopener\"><span style=\"font-weight: bold;\">Impact positif<\/span><\/a><\/span>\u00a0(duur 30 tot 40 minuten): Podcast over degenen die een positieve impact op de samenleving hebben.\u00a0<\/li>\n<li><span style=\"text-decoration: underline;\"><strong><a href=\"https:\/\/anchor.fm\/positivechangemakers\" target=\"_blank\" rel=\"noopener\">Positive changemakers<\/a><\/strong><\/span> (duur 1u): laat je inspireren door hun verhalen, hun trajecten en vooral hun hoop.\u00a0<\/li>\n<li><span style=\"text-decoration: underline;\"><strong><a href=\"https:\/\/soifdesens.fr\/\" target=\"_blank\" rel=\"noopener\">Soif de sens<\/a><\/strong><\/span> (duur 40 minuten): Elke zondag een gast die de wereld verandert om je te helpen zin te vinden.<\/li>\n<li><span style=\"text-decoration: underline;\"><strong><a href=\"https:\/\/open.spotify.com\/show\/2T20zNiLkniwlb2ejL9COt?si=46dd8a71311f40bc&amp;nd=1&amp;dlsi=1ced956bbd5b4ee8\" target=\"_blank\" rel=\"noopener\">Switch&rsquo;ES<\/a><\/strong><\/span> (duur 30 minuten): Trajecten van Belgische ondernemers die zijn overgestapt van klassieke bedrijven naar de sociale economie.\u00a0<\/li>\n<li><span style=\"text-decoration: underline;\"><a href=\"https:\/\/www.ticketforchange.org\/vecus\" target=\"_blank\" rel=\"noopener\"><strong>V\u00e9cus<\/strong> <\/a><\/span>(duur 15 minuten): Podcast om een impactvolle carri\u00e8re op te bouwen: zij geven hun beste advies na de successen en moeilijkheden die ze hebben meegemaakt.\u00a0<\/li>\n<\/ul>\n<p><!-- \/wp:list --><!-- wp:paragraph --><\/p>\n<p><em>Beroepen ontdekken<\/em><\/p>\n<p><!-- \/wp:paragraph --><!-- wp:list --><\/p>\n<ul>\n<li><span style=\"text-decoration: underline;\"><a href=\"https:\/\/podcast.ausha.co\/into-the-job\" target=\"_blank\" rel=\"noopener\"><strong>Into the job<\/strong> <\/a><\/span>(duur 30 minuten): Hij geeft het woord aan degenen met stereotype beroepen, atypische beroepen, beroepen van de 21e eeuw.\u00a0<\/li>\n<li><span style=\"text-decoration: underline;\"><strong><a href=\"https:\/\/www.jaimemonmetier.be\/index.php\/podcast\/\" target=\"_blank\" rel=\"noopener\">J&rsquo;aime mon m\u00e9tier<\/a><\/strong><\/span>: Belgische podcast die sociale en gezondheidsberoepen in de schijnwerpers zet.\u00a0<\/li>\n<li><span style=\"text-decoration: underline;\"><a href=\"https:\/\/podtail.com\/fr\/podcast\/the-craft-project\/\" target=\"_blank\" rel=\"noopener\"><strong>The craft project<\/strong><\/a><\/span> (duur 40 minuten): Podcast die probeert te begrijpen hoe het leven van een ambachtsman eruitziet.\u00a0<\/li>\n<li><span style=\"text-decoration: underline;\"><a href=\"https:\/\/open.spotify.com\/show\/2SaahJnHtxlxTfWFDvHdXu\" target=\"_blank\" rel=\"noopener\"><strong>Vocation <\/strong><\/a><\/span>(duur tussen 40 minuten en 1u): Podcast met beroepsinspiratie om je weg te vinden.\u00a0\u00a0<\/li>\n<\/ul>\n<p>Werk<\/p>\n<ul>\n<li><span style=\"text-decoration: underline;\"><strong><a href=\"https:\/\/smartlink.ausha.co\/eclo-une-enquete-sur-l-orientation-et-ma-generation\" target=\"_blank\" rel=\"noopener\">Eclo<\/a><\/strong><\/span> (duur: 1u) Chlo\u00e9 onderzoekt via een podcast de moeilijkheden rond studiekeuze en loopbaanori\u00ebntatie bij Gen Z, door inzichten van experts te combineren met concrete tools om jezelf beter te leren kennen en je weg te vinden.<\/li>\n<li><span style=\"text-decoration: underline;\"><strong><a href=\"https:\/\/open.spotify.com\/show\/2bo6aCAMvslQIWShz5G7ht\" target=\"_blank\" rel=\"noopener\">Le Tilt<\/a><\/strong><\/span> (duur 30 min): De podcast die werk, carri\u00e8res en HR-transformaties verkent.<\/li>\n<li><strong><span style=\"text-decoration: underline;\"><a href=\"https:\/\/podcast.ausha.co\/metro-boulot-finito\" target=\"_blank\" rel=\"noopener\">M\u00e9tro, boulot, finito<\/a><\/span><\/strong> (duur 30 min): Hoe boost je je effici\u00ebntie op het werk? Je gezondheid behouden? Je omgeving verbeteren of uit de automatische piloot stappen?<\/li>\n<\/ul>\n<p><!-- \/wp:list --><!-- wp:paragraph --><\/p>\n<p><!-- \/wp:list --><\/p>\t\t\t\t\t\t\t\t<\/div>\n\t\t\t\t<\/div>\n\t\t\t\t\t<\/div>\n\t\t<\/div>\n\t\t\t\t\t<\/div>\n\t\t<\/section>\n\t\t\t\t<\/div>","protected":false},"excerpt":{"rendered":"<p>Un podcast c\u2019est un contenu audio que l\u2019on peut \u00e9couter n\u2019importe o\u00f9 et n\u2019importe quand. De plus, il en existe sur tous les sujets. Vous pouvez donc \u00eatre inspir\u00e9 en allant faire vos courses, durant vos trajets, en repassant, en pr\u00e9parant le d\u00eener. Vous pouvez \u00e9couter quelques minutes et reprendre l\u00e0 o\u00f9 vous en \u00e9tiez&#8230;<\/p>","protected":false},"author":1,"featured_media":3359,"parent":2218,"menu_order":2,"comment_status":"closed","ping_status":"closed","template":"","meta":{"_acf_changed":false,"episode_type":"","audio_file":"","cover_image":"","cover_image_id":"","duration":"","filesize":"","filesize_raw":"","date_recorded":"","explicit":"","block":"","footnotes":""},"class_list":["post-3358","page","type-page","status-publish","has-post-thumbnail","hentry","wpbf-post"],"acf":[],"yoast_head":"<!-- This site is optimized with the Yoast SEO plugin v26.8 - https:\/\/yoast.com\/product\/yoast-seo-wordpress\/ -->\n<title>Liste de podcasts inspirants &#8226; Job&amp;Sense<\/title>\n<meta name=\"description\" content=\"La facilit\u00e9 du podcast pour \u00e9couter \u00e0 tout moment de la journ\u00e9e des t\u00e9moignages inspirants, des conseils et des astuces.\" \/>\n<meta name=\"robots\" content=\"index, follow, max-snippet:-1, max-image-preview:large, max-video-preview:-1\" \/>\n<link rel=\"canonical\" href=\"https:\/\/jobandsense.be\/nl\/toolbox\/inspireren\/inspirerende-podcasts\/\" \/>\n<meta property=\"og:locale\" content=\"nl_BE\" \/>\n<meta property=\"og:type\" content=\"article\" \/>\n<meta property=\"og:title\" content=\"Liste de podcasts inspirants\" \/>\n<meta property=\"og:description\" content=\"La facilit\u00e9 du podcast pour \u00e9couter \u00e0 tout moment de la journ\u00e9e des t\u00e9moignages inspirants, des conseils et des astuces.\" \/>\n<meta property=\"og:url\" content=\"https:\/\/jobandsense.be\/nl\/toolbox\/inspireren\/inspirerende-podcasts\/\" \/>\n<meta property=\"og:site_name\" content=\"Job&amp;Sense\" \/>\n<meta property=\"article:publisher\" content=\"https:\/\/www.facebook.com\/JobandSense\" \/>\n<meta property=\"article:modified_time\" content=\"2026-04-02T13:11:40+00:00\" \/>\n<meta property=\"og:image\" content=\"https:\/\/jobandsense.be\/wp-content\/uploads\/2021\/01\/e\u0301couter-des-podcasts.jpg\" \/>\n\t<meta property=\"og:image:width\" content=\"1280\" \/>\n\t<meta property=\"og:image:height\" content=\"853\" \/>\n\t<meta property=\"og:image:type\" content=\"image\/jpeg\" \/>\n<meta name=\"twitter:card\" content=\"summary_large_image\" \/>\n<meta name=\"twitter:label1\" content=\"Geschatte leestijd\" \/>\n\t<meta name=\"twitter:data1\" content=\"5 minuten\" \/>\n<script type=\"application\/ld+json\" class=\"yoast-schema-graph\">{\"@context\":\"https:\/\/schema.org\",\"@graph\":[{\"@type\":\"WebPage\",\"@id\":\"https:\/\/jobandsense.be\/boite-a-outils\/sinspirer\/podcasts-inspirants\/\",\"url\":\"https:\/\/jobandsense.be\/boite-a-outils\/sinspirer\/podcasts-inspirants\/\",\"name\":\"Liste de podcasts inspirants &#8226; Job&Sense\",\"isPartOf\":{\"@id\":\"https:\/\/jobandsense.be\/#website\"},\"primaryImageOfPage\":{\"@id\":\"https:\/\/jobandsense.be\/boite-a-outils\/sinspirer\/podcasts-inspirants\/#primaryimage\"},\"image\":{\"@id\":\"https:\/\/jobandsense.be\/boite-a-outils\/sinspirer\/podcasts-inspirants\/#primaryimage\"},\"thumbnailUrl\":\"https:\/\/jobandsense.be\/wp-content\/uploads\/2021\/01\/e\u0301couter-des-podcasts.jpg\",\"datePublished\":\"2021-01-18T11:02:41+00:00\",\"dateModified\":\"2026-04-02T13:11:40+00:00\",\"description\":\"La facilit\u00e9 du podcast pour \u00e9couter \u00e0 tout moment de la journ\u00e9e des t\u00e9moignages inspirants, des conseils et des astuces.\",\"breadcrumb\":{\"@id\":\"https:\/\/jobandsense.be\/boite-a-outils\/sinspirer\/podcasts-inspirants\/#breadcrumb\"},\"inLanguage\":\"nl-BE\",\"potentialAction\":[{\"@type\":\"ReadAction\",\"target\":[\"https:\/\/jobandsense.be\/boite-a-outils\/sinspirer\/podcasts-inspirants\/\"]}]},{\"@type\":\"ImageObject\",\"inLanguage\":\"nl-BE\",\"@id\":\"https:\/\/jobandsense.be\/boite-a-outils\/sinspirer\/podcasts-inspirants\/#primaryimage\",\"url\":\"https:\/\/jobandsense.be\/wp-content\/uploads\/2021\/01\/e\u0301couter-des-podcasts.jpg\",\"contentUrl\":\"https:\/\/jobandsense.be\/wp-content\/uploads\/2021\/01\/e\u0301couter-des-podcasts.jpg\",\"width\":1280,\"height\":853,\"caption\":\"Image par StockSnap de Pixabay\"},{\"@type\":\"BreadcrumbList\",\"@id\":\"https:\/\/jobandsense.be\/boite-a-outils\/sinspirer\/podcasts-inspirants\/#breadcrumb\",\"itemListElement\":[{\"@type\":\"ListItem\",\"position\":1,\"name\":\"Accueil\",\"item\":\"https:\/\/jobandsense.be\/\"},{\"@type\":\"ListItem\",\"position\":2,\"name\":\"Bo\u00eete \u00e0 outils\",\"item\":\"https:\/\/jobandsense.be\/boite-a-outils\/\"},{\"@type\":\"ListItem\",\"position\":3,\"name\":\"S&rsquo;inspirer\",\"item\":\"https:\/\/jobandsense.be\/boite-a-outils\/sinspirer\/\"},{\"@type\":\"ListItem\",\"position\":4,\"name\":\"Podcasts inspirants\"}]},{\"@type\":\"WebSite\",\"@id\":\"https:\/\/jobandsense.be\/#website\",\"url\":\"https:\/\/jobandsense.be\/\",\"name\":\"Job&amp;Sense\",\"description\":\"La plateforme qui vous donne toutes les informations pour trouver un job qui a du sens\",\"publisher\":{\"@id\":\"https:\/\/jobandsense.be\/#organization\"},\"potentialAction\":[{\"@type\":\"SearchAction\",\"target\":{\"@type\":\"EntryPoint\",\"urlTemplate\":\"https:\/\/jobandsense.be\/?s={search_term_string}\"},\"query-input\":{\"@type\":\"PropertyValueSpecification\",\"valueRequired\":true,\"valueName\":\"search_term_string\"}}],\"inLanguage\":\"nl-BE\"},{\"@type\":\"Organization\",\"@id\":\"https:\/\/jobandsense.be\/#organization\",\"name\":\"Job&Sense\",\"url\":\"https:\/\/jobandsense.be\/\",\"logo\":{\"@type\":\"ImageObject\",\"inLanguage\":\"nl-BE\",\"@id\":\"https:\/\/jobandsense.be\/#\/schema\/logo\/image\/\",\"url\":\"\",\"contentUrl\":\"\",\"caption\":\"Job&Sense\"},\"image\":{\"@id\":\"https:\/\/jobandsense.be\/#\/schema\/logo\/image\/\"},\"sameAs\":[\"https:\/\/www.facebook.com\/JobandSense\",\"https:\/\/www.instagram.com\/jobandsense\/\",\"https:\/\/www.linkedin.com\/company\/52173671\/admin\/\"]}]}<\/script>\n<!-- \/ Yoast SEO plugin. -->","yoast_head_json":{"title":"Liste de podcasts inspirants &#8226; Job&Sense","description":"La facilit\u00e9 du podcast pour \u00e9couter \u00e0 tout moment de la journ\u00e9e des t\u00e9moignages inspirants, des conseils et des astuces.","robots":{"index":"index","follow":"follow","max-snippet":"max-snippet:-1","max-image-preview":"max-image-preview:large","max-video-preview":"max-video-preview:-1"},"canonical":"https:\/\/jobandsense.be\/nl\/toolbox\/inspireren\/inspirerende-podcasts\/","og_locale":"nl_BE","og_type":"article","og_title":"Liste de podcasts inspirants","og_description":"La facilit\u00e9 du podcast pour \u00e9couter \u00e0 tout moment de la journ\u00e9e des t\u00e9moignages inspirants, des conseils et des astuces.","og_url":"https:\/\/jobandsense.be\/nl\/toolbox\/inspireren\/inspirerende-podcasts\/","og_site_name":"Job&amp;Sense","article_publisher":"https:\/\/www.facebook.com\/JobandSense","article_modified_time":"2026-04-02T13:11:40+00:00","og_image":[{"width":1280,"height":853,"url":"https:\/\/jobandsense.be\/wp-content\/uploads\/2021\/01\/e\u0301couter-des-podcasts.jpg","type":"image\/jpeg"}],"twitter_card":"summary_large_image","twitter_misc":{"Geschatte leestijd":"5 minuten"},"schema":{"@context":"https:\/\/schema.org","@graph":[{"@type":"WebPage","@id":"https:\/\/jobandsense.be\/boite-a-outils\/sinspirer\/podcasts-inspirants\/","url":"https:\/\/jobandsense.be\/boite-a-outils\/sinspirer\/podcasts-inspirants\/","name":"Liste de podcasts inspirants &#8226; Job&Sense","isPartOf":{"@id":"https:\/\/jobandsense.be\/#website"},"primaryImageOfPage":{"@id":"https:\/\/jobandsense.be\/boite-a-outils\/sinspirer\/podcasts-inspirants\/#primaryimage"},"image":{"@id":"https:\/\/jobandsense.be\/boite-a-outils\/sinspirer\/podcasts-inspirants\/#primaryimage"},"thumbnailUrl":"https:\/\/jobandsense.be\/wp-content\/uploads\/2021\/01\/e\u0301couter-des-podcasts.jpg","datePublished":"2021-01-18T11:02:41+00:00","dateModified":"2026-04-02T13:11:40+00:00","description":"La facilit\u00e9 du podcast pour \u00e9couter \u00e0 tout moment de la journ\u00e9e des t\u00e9moignages inspirants, des conseils et des astuces.","breadcrumb":{"@id":"https:\/\/jobandsense.be\/boite-a-outils\/sinspirer\/podcasts-inspirants\/#breadcrumb"},"inLanguage":"nl-BE","potentialAction":[{"@type":"ReadAction","target":["https:\/\/jobandsense.be\/boite-a-outils\/sinspirer\/podcasts-inspirants\/"]}]},{"@type":"ImageObject","inLanguage":"nl-BE","@id":"https:\/\/jobandsense.be\/boite-a-outils\/sinspirer\/podcasts-inspirants\/#primaryimage","url":"https:\/\/jobandsense.be\/wp-content\/uploads\/2021\/01\/e\u0301couter-des-podcasts.jpg","contentUrl":"https:\/\/jobandsense.be\/wp-content\/uploads\/2021\/01\/e\u0301couter-des-podcasts.jpg","width":1280,"height":853,"caption":"Image par StockSnap de Pixabay"},{"@type":"BreadcrumbList","@id":"https:\/\/jobandsense.be\/boite-a-outils\/sinspirer\/podcasts-inspirants\/#breadcrumb","itemListElement":[{"@type":"ListItem","position":1,"name":"Accueil","item":"https:\/\/jobandsense.be\/"},{"@type":"ListItem","position":2,"name":"Bo\u00eete \u00e0 outils","item":"https:\/\/jobandsense.be\/boite-a-outils\/"},{"@type":"ListItem","position":3,"name":"S&rsquo;inspirer","item":"https:\/\/jobandsense.be\/boite-a-outils\/sinspirer\/"},{"@type":"ListItem","position":4,"name":"Podcasts inspirants"}]},{"@type":"WebSite","@id":"https:\/\/jobandsense.be\/#website","url":"https:\/\/jobandsense.be\/","name":"Job&amp;Sense","description":"La plateforme qui vous donne toutes les informations pour trouver un job qui a du sens","publisher":{"@id":"https:\/\/jobandsense.be\/#organization"},"potentialAction":[{"@type":"SearchAction","target":{"@type":"EntryPoint","urlTemplate":"https:\/\/jobandsense.be\/?s={search_term_string}"},"query-input":{"@type":"PropertyValueSpecification","valueRequired":true,"valueName":"search_term_string"}}],"inLanguage":"nl-BE"},{"@type":"Organization","@id":"https:\/\/jobandsense.be\/#organization","name":"Job&Sense","url":"https:\/\/jobandsense.be\/","logo":{"@type":"ImageObject","inLanguage":"nl-BE","@id":"https:\/\/jobandsense.be\/#\/schema\/logo\/image\/","url":"","contentUrl":"","caption":"Job&Sense"},"image":{"@id":"https:\/\/jobandsense.be\/#\/schema\/logo\/image\/"},"sameAs":["https:\/\/www.facebook.com\/JobandSense","https:\/\/www.instagram.com\/jobandsense\/","https:\/\/www.linkedin.com\/company\/52173671\/admin\/"]}]}},"jetpack_sharing_enabled":true,"_links":{"self":[{"href":"https:\/\/jobandsense.be\/nl\/wp-json\/wp\/v2\/pages\/3358","targetHints":{"allow":["GET"]}}],"collection":[{"href":"https:\/\/jobandsense.be\/nl\/wp-json\/wp\/v2\/pages"}],"about":[{"href":"https:\/\/jobandsense.be\/nl\/wp-json\/wp\/v2\/types\/page"}],"author":[{"embeddable":true,"href":"https:\/\/jobandsense.be\/nl\/wp-json\/wp\/v2\/users\/1"}],"replies":[{"embeddable":true,"href":"https:\/\/jobandsense.be\/nl\/wp-json\/wp\/v2\/comments?post=3358"}],"version-history":[{"count":192,"href":"https:\/\/jobandsense.be\/nl\/wp-json\/wp\/v2\/pages\/3358\/revisions"}],"predecessor-version":[{"id":14658,"href":"https:\/\/jobandsense.be\/nl\/wp-json\/wp\/v2\/pages\/3358\/revisions\/14658"}],"up":[{"embeddable":true,"href":"https:\/\/jobandsense.be\/nl\/wp-json\/wp\/v2\/pages\/2218"}],"wp:featuredmedia":[{"embeddable":true,"href":"https:\/\/jobandsense.be\/nl\/wp-json\/wp\/v2\/media\/3359"}],"wp:attachment":[{"href":"https:\/\/jobandsense.be\/nl\/wp-json\/wp\/v2\/media?parent=3358"}],"curies":[{"name":"wp","href":"https:\/\/api.w.org\/{rel}","templated":true}]}}