{"id":3212,"date":"2021-01-18T08:59:19","date_gmt":"2021-01-18T08:59:19","guid":{"rendered":"https:\/\/jobandsense.be\/?page_id=3212"},"modified":"2021-01-29T08:39:46","modified_gmt":"2021-01-29T08:39:46","slug":"intrapreneur-actor-van-verandering-in-zijn-bedrijf","status":"publish","type":"page","link":"https:\/\/jobandsense.be\/nl\/toolbox\/zin-vinden-in-je-huidige-baan\/intrapreneur-actor-van-verandering-in-zijn-bedrijf\/","title":{"rendered":"Intrapreneur: Actor van verandering in uw bedrijf"},"content":{"rendered":"<div data-elementor-type=\"wp-page\" data-elementor-id=\"3212\" class=\"elementor elementor-3212\" data-elementor-post-type=\"page\">\n\t\t\t\t\t\t<section class=\"elementor-section elementor-top-section elementor-element elementor-element-3c274d5a elementor-section-boxed elementor-section-height-default elementor-section-height-default\" data-id=\"3c274d5a\" data-element_type=\"section\" data-e-type=\"section\">\n\t\t\t\t\t\t<div class=\"elementor-container elementor-column-gap-default\">\n\t\t\t\t\t<div class=\"elementor-column elementor-col-100 elementor-top-column elementor-element elementor-element-5ef72a6a\" data-id=\"5ef72a6a\" data-element_type=\"column\" data-e-type=\"column\">\n\t\t\t<div class=\"elementor-widget-wrap elementor-element-populated\">\n\t\t\t\t\t\t<div class=\"elementor-element elementor-element-7d824728 elementor-widget elementor-widget-text-editor\" data-id=\"7d824728\" data-element_type=\"widget\" data-e-type=\"widget\" data-widget_type=\"text-editor.default\">\n\t\t\t\t<div class=\"elementor-widget-container\">\n\t\t\t\t\t\t\t\t\t<p><\/p>\n<p>De intrapreneur is degene die onderneemt binnen het bedrijf waar hij werkt. Hij heeft het voordeel van een laag risico om te ondernemen en toegankelijkere middelen (menselijk, financieel...). Hij is echter niet zo vrij als een ondernemer.<\/p>\n<p><\/p>\n<p><\/p>\n<p>Intrapreneur zijn, dat zou je alleen kunnen doen denken aan het cre\u00ebren van een nieuw product of een nieuwe dienst binnen je bedrijf. Dat klopt, maar het beperkt zich niet daartoe; Het kan ook gaan om <strong>het nemen van initiatieven voor meer welzijn in het bedrijf.<\/strong>Je kunt zo een beetje van je waarden, je hobby's, je passies inbrengen in je huidige baan, wat zal bijdragen aan het geven van betekenis eraan.<\/p>\n<p><\/p>\n<p>Bijvoorbeeld:<\/p>\n<p><\/p>\n<ul class=\"wp-block-list\">\n<li>De persoon voor wie zero waste heel belangrijk is die probeert de zaken beetje bij beetje te veranderen.<\/li>\n<li>De persoon die zich zou willen lanceren als yogaleraar en die lessen geeft aan zijn collega's tijdens de middagpauze.<\/li>\n<li>Degene die graag evenementen organiseert en die verschillende activiteiten organiseert voor zijn collega's.<\/li>\n<\/ul>\n<p><\/p>\n<p>Men kan ook <strong>intrapreneur zijn en actor van positieve verandering voor de wereld.<\/strong>e kunt je bedrijf helpen om duurzamer en\/of socialer te worden. Het is interessant om dingen te laten veranderen binnen een systeem omdat dit hefboomeffecten mogelijk kan maken. En bijgevolg een probleem op grotere schaal oplossen.<\/p>\n<p><\/p>\n<p>Volgens Mathieu Dardaillon in zijn boek \"activez vos talents\", zijn er twee types intrapreneurs, actoren van verandering in organisaties:<\/p>\n<p><\/p>\n<ul class=\"wp-block-list\">\n<li>De impact intrapreneur die projecten, producten, diensten initieert die verband houden met de strategie van het bedrijf. Deze zouden ertoe kunnen komen nieuwe \"business units\" van het bedrijf te worden.<\/li>\n<li>De transformatieagent: die het bedrijf helpt om gunstiger te staan tegenover verandering.<\/li>\n<\/ul>\n<p><\/p>\t\t\t\t\t\t\t\t<\/div>\n\t\t\t\t<\/div>\n\t\t\t\t\t<\/div>\n\t\t<\/div>\n\t\t\t\t\t<\/div>\n\t\t<\/section>\n\t\t\t\t<\/div>","protected":false},"excerpt":{"rendered":"<p>L\u2019intrapreneur est celui qui entreprend \u00e0 l\u2019int\u00e9rieur de la soci\u00e9t\u00e9 dans laquelle il travaille. Il b\u00e9n\u00e9ficie d\u2019un risque faible pour entreprendre et de ressources plus accessibles (humaines, financi\u00e8res\u2026). Il est n\u00e9anmoins pas aussi libre qu\u2019un entrepreneur. \u00catre Intrapreneur, cela pourrait vous faire penser uniquement \u00e0 la cr\u00e9ation d\u2019un nouveau produit ou d\u2019un nouveau service au&#8230;<\/p>","protected":false},"author":1,"featured_media":3216,"parent":2753,"menu_order":2,"comment_status":"closed","ping_status":"closed","template":"","meta":{"_acf_changed":false,"episode_type":"","audio_file":"","cover_image":"","cover_image_id":"","duration":"","filesize":"","filesize_raw":"","date_recorded":"","explicit":"","block":"","footnotes":""},"class_list":["post-3212","page","type-page","status-publish","has-post-thumbnail","hentry","wpbf-post"],"acf":[],"yoast_head":"<!-- This site is optimized with the Yoast SEO plugin v26.8 - https:\/\/yoast.com\/product\/yoast-seo-wordpress\/ -->\n<title>Intrapreneur: Acteur du changement dans son entreprise &#8226; Job&amp;Sense<\/title>\n<meta name=\"description\" content=\"L\u2019intrapreneur est celui qui entreprend \u00e0 l\u2019int\u00e9rieur de la soci\u00e9t\u00e9 dans laquelle il travaille ce qui comporte certains avantages.\" \/>\n<meta name=\"robots\" content=\"index, follow, max-snippet:-1, max-image-preview:large, max-video-preview:-1\" \/>\n<link rel=\"canonical\" href=\"https:\/\/jobandsense.be\/nl\/toolbox\/zin-vinden-in-je-huidige-baan\/intrapreneur-actor-van-verandering-in-zijn-bedrijf\/\" \/>\n<meta property=\"og:locale\" content=\"nl_BE\" \/>\n<meta property=\"og:type\" content=\"article\" \/>\n<meta property=\"og:title\" content=\"Intrapreneur: acteur du changement dans son entreprise\" \/>\n<meta property=\"og:description\" content=\"L\u2019intrapreneur est celui qui entreprend \u00e0 l\u2019int\u00e9rieur de la soci\u00e9t\u00e9 dans laquelle il travaille ce qui comporte certains avantages.\" \/>\n<meta property=\"og:url\" content=\"https:\/\/jobandsense.be\/nl\/toolbox\/zin-vinden-in-je-huidige-baan\/intrapreneur-actor-van-verandering-in-zijn-bedrijf\/\" \/>\n<meta property=\"og:site_name\" content=\"Job&amp;Sense\" \/>\n<meta property=\"article:publisher\" content=\"https:\/\/www.facebook.com\/JobandSense\" \/>\n<meta property=\"article:modified_time\" content=\"2021-01-29T08:39:46+00:00\" \/>\n<meta property=\"og:image\" content=\"https:\/\/jobandsense.be\/wp-content\/uploads\/2021\/01\/intrapreneur.jpg\" \/>\n\t<meta property=\"og:image:width\" content=\"1920\" \/>\n\t<meta property=\"og:image:height\" content=\"1280\" \/>\n\t<meta property=\"og:image:type\" content=\"image\/jpeg\" \/>\n<meta name=\"twitter:card\" content=\"summary_large_image\" \/>\n<meta name=\"twitter:label1\" content=\"Geschatte leestijd\" \/>\n\t<meta name=\"twitter:data1\" content=\"2 minuten\" \/>\n<script type=\"application\/ld+json\" class=\"yoast-schema-graph\">{\"@context\":\"https:\/\/schema.org\",\"@graph\":[{\"@type\":\"WebPage\",\"@id\":\"https:\/\/jobandsense.be\/boite-a-outils\/retrouver-du-sens-dans-son-job-actuel\/intrapreneur-acteur-du-changement-dans-son-entreprise\/\",\"url\":\"https:\/\/jobandsense.be\/boite-a-outils\/retrouver-du-sens-dans-son-job-actuel\/intrapreneur-acteur-du-changement-dans-son-entreprise\/\",\"name\":\"Intrapreneur: Acteur du changement dans son entreprise &#8226; Job&Sense\",\"isPartOf\":{\"@id\":\"https:\/\/jobandsense.be\/#website\"},\"primaryImageOfPage\":{\"@id\":\"https:\/\/jobandsense.be\/boite-a-outils\/retrouver-du-sens-dans-son-job-actuel\/intrapreneur-acteur-du-changement-dans-son-entreprise\/#primaryimage\"},\"image\":{\"@id\":\"https:\/\/jobandsense.be\/boite-a-outils\/retrouver-du-sens-dans-son-job-actuel\/intrapreneur-acteur-du-changement-dans-son-entreprise\/#primaryimage\"},\"thumbnailUrl\":\"https:\/\/jobandsense.be\/wp-content\/uploads\/2021\/01\/intrapreneur.jpg\",\"datePublished\":\"2021-01-18T08:59:19+00:00\",\"dateModified\":\"2021-01-29T08:39:46+00:00\",\"description\":\"L\u2019intrapreneur est celui qui entreprend \u00e0 l\u2019int\u00e9rieur de la soci\u00e9t\u00e9 dans laquelle il travaille ce qui comporte certains avantages.\",\"breadcrumb\":{\"@id\":\"https:\/\/jobandsense.be\/boite-a-outils\/retrouver-du-sens-dans-son-job-actuel\/intrapreneur-acteur-du-changement-dans-son-entreprise\/#breadcrumb\"},\"inLanguage\":\"nl-BE\",\"potentialAction\":[{\"@type\":\"ReadAction\",\"target\":[\"https:\/\/jobandsense.be\/boite-a-outils\/retrouver-du-sens-dans-son-job-actuel\/intrapreneur-acteur-du-changement-dans-son-entreprise\/\"]}]},{\"@type\":\"ImageObject\",\"inLanguage\":\"nl-BE\",\"@id\":\"https:\/\/jobandsense.be\/boite-a-outils\/retrouver-du-sens-dans-son-job-actuel\/intrapreneur-acteur-du-changement-dans-son-entreprise\/#primaryimage\",\"url\":\"https:\/\/jobandsense.be\/wp-content\/uploads\/2021\/01\/intrapreneur.jpg\",\"contentUrl\":\"https:\/\/jobandsense.be\/wp-content\/uploads\/2021\/01\/intrapreneur.jpg\",\"width\":1920,\"height\":1280,\"caption\":\"Image par johnyksslr de Pixabay\"},{\"@type\":\"BreadcrumbList\",\"@id\":\"https:\/\/jobandsense.be\/boite-a-outils\/retrouver-du-sens-dans-son-job-actuel\/intrapreneur-acteur-du-changement-dans-son-entreprise\/#breadcrumb\",\"itemListElement\":[{\"@type\":\"ListItem\",\"position\":1,\"name\":\"Accueil\",\"item\":\"https:\/\/jobandsense.be\/\"},{\"@type\":\"ListItem\",\"position\":2,\"name\":\"Bo\u00eete \u00e0 outils\",\"item\":\"https:\/\/jobandsense.be\/boite-a-outils\/\"},{\"@type\":\"ListItem\",\"position\":3,\"name\":\"Retrouver du sens dans son job actuel\",\"item\":\"https:\/\/jobandsense.be\/boite-a-outils\/retrouver-du-sens-dans-son-job-actuel\/\"},{\"@type\":\"ListItem\",\"position\":4,\"name\":\"Intrapreneur: Acteur du changement dans son entreprise\"}]},{\"@type\":\"WebSite\",\"@id\":\"https:\/\/jobandsense.be\/#website\",\"url\":\"https:\/\/jobandsense.be\/\",\"name\":\"Job&amp;Sense\",\"description\":\"La plateforme qui vous donne toutes les informations pour trouver un job qui a du sens\",\"publisher\":{\"@id\":\"https:\/\/jobandsense.be\/#organization\"},\"potentialAction\":[{\"@type\":\"SearchAction\",\"target\":{\"@type\":\"EntryPoint\",\"urlTemplate\":\"https:\/\/jobandsense.be\/?s={search_term_string}\"},\"query-input\":{\"@type\":\"PropertyValueSpecification\",\"valueRequired\":true,\"valueName\":\"search_term_string\"}}],\"inLanguage\":\"nl-BE\"},{\"@type\":\"Organization\",\"@id\":\"https:\/\/jobandsense.be\/#organization\",\"name\":\"Job&Sense\",\"url\":\"https:\/\/jobandsense.be\/\",\"logo\":{\"@type\":\"ImageObject\",\"inLanguage\":\"nl-BE\",\"@id\":\"https:\/\/jobandsense.be\/#\/schema\/logo\/image\/\",\"url\":\"\",\"contentUrl\":\"\",\"caption\":\"Job&Sense\"},\"image\":{\"@id\":\"https:\/\/jobandsense.be\/#\/schema\/logo\/image\/\"},\"sameAs\":[\"https:\/\/www.facebook.com\/JobandSense\",\"https:\/\/www.instagram.com\/jobandsense\/\",\"https:\/\/www.linkedin.com\/company\/52173671\/admin\/\"]}]}<\/script>\n<!-- \/ Yoast SEO plugin. -->","yoast_head_json":{"title":"Intrapreneur: Acteur du changement dans son entreprise &#8226; Job&Sense","description":"L\u2019intrapreneur est celui qui entreprend \u00e0 l\u2019int\u00e9rieur de la soci\u00e9t\u00e9 dans laquelle il travaille ce qui comporte certains avantages.","robots":{"index":"index","follow":"follow","max-snippet":"max-snippet:-1","max-image-preview":"max-image-preview:large","max-video-preview":"max-video-preview:-1"},"canonical":"https:\/\/jobandsense.be\/nl\/toolbox\/zin-vinden-in-je-huidige-baan\/intrapreneur-actor-van-verandering-in-zijn-bedrijf\/","og_locale":"nl_BE","og_type":"article","og_title":"Intrapreneur: acteur du changement dans son entreprise","og_description":"L\u2019intrapreneur est celui qui entreprend \u00e0 l\u2019int\u00e9rieur de la soci\u00e9t\u00e9 dans laquelle il travaille ce qui comporte certains avantages.","og_url":"https:\/\/jobandsense.be\/nl\/toolbox\/zin-vinden-in-je-huidige-baan\/intrapreneur-actor-van-verandering-in-zijn-bedrijf\/","og_site_name":"Job&amp;Sense","article_publisher":"https:\/\/www.facebook.com\/JobandSense","article_modified_time":"2021-01-29T08:39:46+00:00","og_image":[{"width":1920,"height":1280,"url":"https:\/\/jobandsense.be\/wp-content\/uploads\/2021\/01\/intrapreneur.jpg","type":"image\/jpeg"}],"twitter_card":"summary_large_image","twitter_misc":{"Geschatte leestijd":"2 minuten"},"schema":{"@context":"https:\/\/schema.org","@graph":[{"@type":"WebPage","@id":"https:\/\/jobandsense.be\/boite-a-outils\/retrouver-du-sens-dans-son-job-actuel\/intrapreneur-acteur-du-changement-dans-son-entreprise\/","url":"https:\/\/jobandsense.be\/boite-a-outils\/retrouver-du-sens-dans-son-job-actuel\/intrapreneur-acteur-du-changement-dans-son-entreprise\/","name":"Intrapreneur: Acteur du changement dans son entreprise &#8226; Job&Sense","isPartOf":{"@id":"https:\/\/jobandsense.be\/#website"},"primaryImageOfPage":{"@id":"https:\/\/jobandsense.be\/boite-a-outils\/retrouver-du-sens-dans-son-job-actuel\/intrapreneur-acteur-du-changement-dans-son-entreprise\/#primaryimage"},"image":{"@id":"https:\/\/jobandsense.be\/boite-a-outils\/retrouver-du-sens-dans-son-job-actuel\/intrapreneur-acteur-du-changement-dans-son-entreprise\/#primaryimage"},"thumbnailUrl":"https:\/\/jobandsense.be\/wp-content\/uploads\/2021\/01\/intrapreneur.jpg","datePublished":"2021-01-18T08:59:19+00:00","dateModified":"2021-01-29T08:39:46+00:00","description":"L\u2019intrapreneur est celui qui entreprend \u00e0 l\u2019int\u00e9rieur de la soci\u00e9t\u00e9 dans laquelle il travaille ce qui comporte certains avantages.","breadcrumb":{"@id":"https:\/\/jobandsense.be\/boite-a-outils\/retrouver-du-sens-dans-son-job-actuel\/intrapreneur-acteur-du-changement-dans-son-entreprise\/#breadcrumb"},"inLanguage":"nl-BE","potentialAction":[{"@type":"ReadAction","target":["https:\/\/jobandsense.be\/boite-a-outils\/retrouver-du-sens-dans-son-job-actuel\/intrapreneur-acteur-du-changement-dans-son-entreprise\/"]}]},{"@type":"ImageObject","inLanguage":"nl-BE","@id":"https:\/\/jobandsense.be\/boite-a-outils\/retrouver-du-sens-dans-son-job-actuel\/intrapreneur-acteur-du-changement-dans-son-entreprise\/#primaryimage","url":"https:\/\/jobandsense.be\/wp-content\/uploads\/2021\/01\/intrapreneur.jpg","contentUrl":"https:\/\/jobandsense.be\/wp-content\/uploads\/2021\/01\/intrapreneur.jpg","width":1920,"height":1280,"caption":"Image par johnyksslr de Pixabay"},{"@type":"BreadcrumbList","@id":"https:\/\/jobandsense.be\/boite-a-outils\/retrouver-du-sens-dans-son-job-actuel\/intrapreneur-acteur-du-changement-dans-son-entreprise\/#breadcrumb","itemListElement":[{"@type":"ListItem","position":1,"name":"Accueil","item":"https:\/\/jobandsense.be\/"},{"@type":"ListItem","position":2,"name":"Bo\u00eete \u00e0 outils","item":"https:\/\/jobandsense.be\/boite-a-outils\/"},{"@type":"ListItem","position":3,"name":"Retrouver du sens dans son job actuel","item":"https:\/\/jobandsense.be\/boite-a-outils\/retrouver-du-sens-dans-son-job-actuel\/"},{"@type":"ListItem","position":4,"name":"Intrapreneur: Acteur du changement dans son entreprise"}]},{"@type":"WebSite","@id":"https:\/\/jobandsense.be\/#website","url":"https:\/\/jobandsense.be\/","name":"Job&amp;Sense","description":"La plateforme qui vous donne toutes les informations pour trouver un job qui a du sens","publisher":{"@id":"https:\/\/jobandsense.be\/#organization"},"potentialAction":[{"@type":"SearchAction","target":{"@type":"EntryPoint","urlTemplate":"https:\/\/jobandsense.be\/?s={search_term_string}"},"query-input":{"@type":"PropertyValueSpecification","valueRequired":true,"valueName":"search_term_string"}}],"inLanguage":"nl-BE"},{"@type":"Organization","@id":"https:\/\/jobandsense.be\/#organization","name":"Job&Sense","url":"https:\/\/jobandsense.be\/","logo":{"@type":"ImageObject","inLanguage":"nl-BE","@id":"https:\/\/jobandsense.be\/#\/schema\/logo\/image\/","url":"","contentUrl":"","caption":"Job&Sense"},"image":{"@id":"https:\/\/jobandsense.be\/#\/schema\/logo\/image\/"},"sameAs":["https:\/\/www.facebook.com\/JobandSense","https:\/\/www.instagram.com\/jobandsense\/","https:\/\/www.linkedin.com\/company\/52173671\/admin\/"]}]}},"jetpack_sharing_enabled":true,"_links":{"self":[{"href":"https:\/\/jobandsense.be\/nl\/wp-json\/wp\/v2\/pages\/3212","targetHints":{"allow":["GET"]}}],"collection":[{"href":"https:\/\/jobandsense.be\/nl\/wp-json\/wp\/v2\/pages"}],"about":[{"href":"https:\/\/jobandsense.be\/nl\/wp-json\/wp\/v2\/types\/page"}],"author":[{"embeddable":true,"href":"https:\/\/jobandsense.be\/nl\/wp-json\/wp\/v2\/users\/1"}],"replies":[{"embeddable":true,"href":"https:\/\/jobandsense.be\/nl\/wp-json\/wp\/v2\/comments?post=3212"}],"version-history":[{"count":13,"href":"https:\/\/jobandsense.be\/nl\/wp-json\/wp\/v2\/pages\/3212\/revisions"}],"predecessor-version":[{"id":5407,"href":"https:\/\/jobandsense.be\/nl\/wp-json\/wp\/v2\/pages\/3212\/revisions\/5407"}],"up":[{"embeddable":true,"href":"https:\/\/jobandsense.be\/nl\/wp-json\/wp\/v2\/pages\/2753"}],"wp:featuredmedia":[{"embeddable":true,"href":"https:\/\/jobandsense.be\/nl\/wp-json\/wp\/v2\/media\/3216"}],"wp:attachment":[{"href":"https:\/\/jobandsense.be\/nl\/wp-json\/wp\/v2\/media?parent=3212"}],"curies":[{"name":"wp","href":"https:\/\/api.w.org\/{rel}","templated":true}]}}