{"id":3184,"date":"2021-01-18T08:20:07","date_gmt":"2021-01-18T08:20:07","guid":{"rendered":"https:\/\/jobandsense.be\/?page_id=3184"},"modified":"2023-08-28T11:21:56","modified_gmt":"2023-08-28T09:21:56","slug":"job-crafting-je-eigen-baan-vormgeven","status":"publish","type":"page","link":"https:\/\/jobandsense.be\/nl\/toolbox\/zin-vinden-in-je-huidige-baan\/job-crafting-je-eigen-baan-vormgeven\/","title":{"rendered":"Job crafting: \"uw eigen baan vormgeven\""},"content":{"rendered":"<div data-elementor-type=\"wp-page\" data-elementor-id=\"3184\" class=\"elementor elementor-3184\" data-elementor-post-type=\"page\">\n\t\t\t\t\t\t<section class=\"elementor-section elementor-top-section elementor-element elementor-element-61e5a9bc elementor-section-boxed elementor-section-height-default elementor-section-height-default\" data-id=\"61e5a9bc\" data-element_type=\"section\" data-e-type=\"section\">\n\t\t\t\t\t\t<div class=\"elementor-container elementor-column-gap-default\">\n\t\t\t\t\t<div class=\"elementor-column elementor-col-100 elementor-top-column elementor-element elementor-element-79ba2bb9\" data-id=\"79ba2bb9\" data-element_type=\"column\" data-e-type=\"column\">\n\t\t\t<div class=\"elementor-widget-wrap elementor-element-populated\">\n\t\t\t\t\t\t<div class=\"elementor-element elementor-element-701b8a9c elementor-widget elementor-widget-text-editor\" data-id=\"701b8a9c\" data-element_type=\"widget\" data-e-type=\"widget\" data-widget_type=\"text-editor.default\">\n\t\t\t\t<div class=\"elementor-widget-container\">\n\t\t\t\t\t\t\t\t\t<p><\/p>\n<p>Job crafting houdt in dat je je werk vormgeeft om er meer voldoening uit te halen, je motivatie te verhogen, verveling tegen te gaan en je betrokkenheidsniveau in je professionele leven te vergroten. Met andere woorden, het betekent dat je geleidelijk je werk en de omstandigheden waarin je het uitvoert aanpast zodat het zo goed mogelijk aansluit bij jouw kwaliteiten, competenties en interesses.<\/p>\n<p><\/p>\n<p>Daarom en vooral adviseert Job &amp; Sense je, als je dit nog niet hebt gedaan, om de eerste twee stappen van het traject te volgen: <span style=\"text-decoration: underline;\"><a href=\"https:\/\/jobandsense.be\/nl\/toolbox\/de-balans-opmaken-van-zijn-huidige-situatie\/\">de balans opmaken van je huidige situatie<\/a><\/span>\u00a0en <span style=\"text-decoration: underline;\"><a href=\"https:\/\/jobandsense.be\/nl\/toolbox\/elkaar-beter-leren-kennen\/\">jezelf beter leren kennen.<\/a><\/span>Zo krijg je een zeer gedetailleerd beeld van je huidige baan en een diepere kennis van jezelf.<\/p>\n<p><\/p>\n<p>Vervolgens moet je de juiste mindset aannemen. Nee, niet alles ligt vast, je kunt bepaalde zaken veranderen.<\/p>\n<p><\/p>\n<p>Probeer te bepalen welke aspecten je op eigen initiatief zou kunnen aanpassen en welke een gesprek met je leidinggevende of met iemand van human resources vereisen.<\/p>\n<p><\/p>\n<p>Weet dat, als je verzoeken realistisch en positief zijn, je leidinggevende zeker bereid zal zijn om naar je te luisteren. Een gelukkigere werknemer zal een meer betrokken werknemer zijn voor zijn bedrijf en productiever. Dus ga ervoor, aarzel niet en neem de zaken in eigen handen.<\/p>\n<p><\/p>\n<p>Deze praktijk van \"job crafting\" werd ontwikkeld in de Verenigde Staten in de jaren 2000 en heeft zich wijdverspreid. Het heeft echter altijd bestaan, waarbij veel mensen hun baan vormgaven zonder het te weten.<\/p>\n<p><\/p>\n<p>De Universiteit van Michigan concludeert in haar studie uit 2008 \"What is Job Crafting and Why does it matter?\" dat er vier manieren zijn om je werk vorm te geven door jezelf vragen te stellen over:<\/p>\n<p><\/p>\t\t\t\t\t\t\t\t<\/div>\n\t\t\t\t<\/div>\n\t\t\t\t<div class=\"elementor-element elementor-element-33a9bd6 elementor-widget elementor-widget-image\" data-id=\"33a9bd6\" data-element_type=\"widget\" data-e-type=\"widget\" data-widget_type=\"image.default\">\n\t\t\t\t<div class=\"elementor-widget-container\">\n\t\t\t\t\t\t\t\t\t\t\t\t\t\t\t<img fetchpriority=\"high\" decoding=\"async\" width=\"1024\" height=\"436\" src=\"https:\/\/jobandsense.be\/wp-content\/uploads\/2025\/09\/job-craft-nl.png\" class=\"attachment-large size-large wp-image-5417\" alt=\"job crafting\" srcset=\"https:\/\/jobandsense.be\/wp-content\/uploads\/2025\/09\/job-craft-nl.png 2560w, https:\/\/jobandsense.be\/wp-content\/uploads\/2025\/09\/job-craft-nl-300x125.png 300w, https:\/\/jobandsense.be\/wp-content\/uploads\/2025\/09\/job-craft-nl-1024x427.png 1024w, https:\/\/jobandsense.be\/wp-content\/uploads\/2025\/09\/job-craft-nl-768x320.png 768w, https:\/\/jobandsense.be\/wp-content\/uploads\/2025\/09\/job-craft-nl-1536x640.png 1536w, https:\/\/jobandsense.be\/wp-content\/uploads\/2025\/09\/job-craft-nl-2048x853.png 2048w, https:\/\/jobandsense.be\/wp-content\/uploads\/2025\/09\/job-craft-nl-18x7.png 18w, https:\/\/jobandsense.be\/wp-content\/uploads\/2025\/09\/job-craft-nl-1320x550.png 1320w\" sizes=\"(max-width: 1024px) 100vw, 1024px\" \/>\t\t\t\t\t\t\t\t\t\t\t\t\t\t\t<\/div>\n\t\t\t\t<\/div>\n\t\t\t\t<div class=\"elementor-element elementor-element-4acd326 elementor-widget elementor-widget-heading\" data-id=\"4acd326\" data-element_type=\"widget\" data-e-type=\"widget\" data-widget_type=\"heading.default\">\n\t\t\t\t<div class=\"elementor-widget-container\">\n\t\t\t\t\t<h2 class=\"elementor-heading-title elementor-size-default\"><b>De taken die je uitvoert<\/b><\/h2>\t\t\t\t<\/div>\n\t\t\t\t<\/div>\n\t\t\t\t<div class=\"elementor-element elementor-element-b01e43e elementor-widget elementor-widget-text-editor\" data-id=\"b01e43e\" data-element_type=\"widget\" data-e-type=\"widget\" data-widget_type=\"text-editor.default\">\n\t\t\t\t<div class=\"elementor-widget-container\">\n\t\t\t\t\t\t\t\t\t<p><\/p>\n<p>Je kunt proberen het aantal, het type, de aard van de taken die je uitvoert of de methodologie die je gebruikt om ze uit te voeren te veranderen.<\/p>\n<p><\/p>\n<p>Bijvoorbeeld door:\u00a0\u00a0\u00a0\u00a0\u00a0\u00a0\u00a0\u00a0<\/p>\n<p><\/p>\n<ul class=\"wp-block-list\">\n<li>De nadruk te leggen op de taak of taken die je graag doet.<\/li>\n<li>Een taak toe te voegen die je graag zou willen doen maar die je momenteel niet doet.<\/li>\n<li>Taken weg te nemen die je zwaar vallen.<\/li>\n<\/ul>\n<p><\/p>\t\t\t\t\t\t\t\t<\/div>\n\t\t\t\t<\/div>\n\t\t\t\t<div class=\"elementor-element elementor-element-338fd1b elementor-widget elementor-widget-heading\" data-id=\"338fd1b\" data-element_type=\"widget\" data-e-type=\"widget\" data-widget_type=\"heading.default\">\n\t\t\t\t<div class=\"elementor-widget-container\">\n\t\t\t\t\t<h2 class=\"elementor-heading-title elementor-size-default\"><b>De perceptie van je werk<\/b><\/h2>\t\t\t\t<\/div>\n\t\t\t\t<\/div>\n\t\t\t\t<div class=\"elementor-element elementor-element-e2b784f elementor-widget elementor-widget-text-editor\" data-id=\"e2b784f\" data-element_type=\"widget\" data-e-type=\"widget\" data-widget_type=\"text-editor.default\">\n\t\t\t\t<div class=\"elementor-widget-container\">\n\t\t\t\t\t\t\t\t\t<p><\/p>\n<p>De manier waarop je je werk waarneemt kan veel veranderen. Dit zou er inderdaad betekenis aan kunnen geven en je bijvoorbeeld kunnen helpen na te denken over het nut van de taken die je uitvoert.<\/p>\n<p><\/p>\n<p>Elke baan bevat immers meer of moins saaie taken of nadelen en de manier waarop je ze waarneemt en er betekenis aan geeft kan ze draaglijker maken.<\/p>\n<p><\/p>\n<p>Probeer de vraag te beantwoorden: \"Ik help XXX om XXX te doen door XXX te doen\"<\/p>\n<p><\/p>\n<p>Bijvoorbeeld: Ik help het bedrijf geld te besparen en ondernemers tijd te winnen door hun boekhouding te doen, of: Ik help mensen sterker uit hun burn-out te komen door hen te coachen en hen te helpen zichzelf beter te leren kennen.<\/p>\n<p><\/p>\t\t\t\t\t\t\t\t<\/div>\n\t\t\t\t<\/div>\n\t\t\t\t<div class=\"elementor-element elementor-element-30cd0c1 elementor-widget elementor-widget-heading\" data-id=\"30cd0c1\" data-element_type=\"widget\" data-e-type=\"widget\" data-widget_type=\"heading.default\">\n\t\t\t\t<div class=\"elementor-widget-container\">\n\t\t\t\t\t<h2 class=\"elementor-heading-title elementor-size-default\"><b>De kwaliteit van interpersoonlijke relaties die je hebt in het kader van je werk\n<\/b>\n<\/h2>\t\t\t\t<\/div>\n\t\t\t\t<\/div>\n\t\t\t\t<div class=\"elementor-element elementor-element-082cb10 elementor-widget elementor-widget-text-editor\" data-id=\"082cb10\" data-element_type=\"widget\" data-e-type=\"widget\" data-widget_type=\"text-editor.default\">\n\t\t\t\t<div class=\"elementor-widget-container\">\n\t\t\t\t\t\t\t\t\t<p><\/p>\n<p>Je kunt je dagelijkse werk veranderen door de aard van je interpersoonlijke relaties te veranderen.<\/p>\n<p><\/p>\n<p>Bijvoorbeeld door:<\/p>\n<p><\/p>\n<ul class=\"wp-block-list\">\n<li>Te proberen je contacten te verminderen met degenen die je schaden.<\/li>\n<li>Contact te leggen met andere personen, personen in andere afdelingen, andere functies bijvoorbeeld.<\/li>\n<li>Nauwere relaties te cre\u00ebren met je collega's door hen te helpen en te ondersteunen.<\/li>\n<li>Betere relaties te cre\u00ebren met je klanten en\/of begunstigden.<\/li>\n<\/ul>\n<p><\/p>\t\t\t\t\t\t\t\t<\/div>\n\t\t\t\t<\/div>\n\t\t\t\t<div class=\"elementor-element elementor-element-83c1233 elementor-widget elementor-widget-heading\" data-id=\"83c1233\" data-element_type=\"widget\" data-e-type=\"widget\" data-widget_type=\"heading.default\">\n\t\t\t\t<div class=\"elementor-widget-container\">\n\t\t\t\t\t<h2 class=\"elementor-heading-title elementor-size-default\"><b>De context waarin je je werk uitvoert<\/b><\/h2>\t\t\t\t<\/div>\n\t\t\t\t<\/div>\n\t\t\t\t<div class=\"elementor-element elementor-element-db1b6c0 elementor-widget elementor-widget-text-editor\" data-id=\"db1b6c0\" data-element_type=\"widget\" data-e-type=\"widget\" data-widget_type=\"text-editor.default\">\n\t\t\t\t<div class=\"elementor-widget-container\">\n\t\t\t\t\t\t\t\t\t<p><\/p>\n<p>Ten slotte kan de context invloed hebben op je welzijn op het werk.<\/p>\n<p><\/p>\n<p>Er zijn dingen die je kunt aanpassen om je beter te voelen, zoals vragen om van bureau te veranderen in je bedrijf, als dat mogelijk is, thuiswerkdagen doen, je werkuren verhogen of verlagen, ...<\/p>\n<p><\/p>\n<p>Aarzel niet om de prioriteiten die je jezelf had gesteld in het deel \"&nbsp;<span style=\"text-decoration: underline;\"><a href=\"https:\/\/jobandsense.be\/nl\/toolbox\/de-balans-opmaken-van-zijn-huidige-situatie\/\">de balans opmaken van je huidige situatie<\/a><\/span>&nbsp;\" opnieuw te lezen om te weten welke context je zal helpen je beter te voelen.<\/p>\n<p><\/p>\t\t\t\t\t\t\t\t<\/div>\n\t\t\t\t<\/div>\n\t\t\t\t\t<\/div>\n\t\t<\/div>\n\t\t\t\t\t<\/div>\n\t\t<\/section>\n\t\t\t\t<\/div>","protected":false},"excerpt":{"rendered":"<p>Le\u00a0\u00ab job crafting\u00a0\u00bb consiste \u00e0 modeler son travail pour en retirer plus de satisfaction, augmenter sa motivation, combattre l\u2019ennui et augmenter son niveau d\u2019implication dans sa vie professionnelle. Autrement dit, c\u2019est adapter petit \u00e0 petit son travail et les conditions dans lesquelles on l\u2019exerce pour qu\u2019il s\u2019ajuste au mieux \u00e0 vos qualit\u00e9s, comp\u00e9tences et int\u00e9r\u00eats&#8230;.<\/p>","protected":false},"author":1,"featured_media":3185,"parent":2753,"menu_order":1,"comment_status":"closed","ping_status":"closed","template":"","meta":{"_acf_changed":false,"episode_type":"","audio_file":"","cover_image":"","cover_image_id":"","duration":"","filesize":"","filesize_raw":"","date_recorded":"","explicit":"","block":"","footnotes":""},"class_list":["post-3184","page","type-page","status-publish","has-post-thumbnail","hentry","wpbf-post"],"acf":[],"yoast_head":"<!-- This site is optimized with the Yoast SEO plugin v26.8 - https:\/\/yoast.com\/product\/yoast-seo-wordpress\/ -->\n<title>Job crafting: &quot;modeler son propre emploi&quot; &#8226; Job&amp;Sense<\/title>\n<meta name=\"description\" content=\"Le \u00ab job crafting \u00bb consiste \u00e0 modeler son travail pour en retirer plus de satisfaction, augmenter sa motivation, son implication et combattre l\u2019ennui.\" \/>\n<meta name=\"robots\" content=\"index, follow, max-snippet:-1, max-image-preview:large, max-video-preview:-1\" \/>\n<link rel=\"canonical\" href=\"https:\/\/jobandsense.be\/nl\/toolbox\/zin-vinden-in-je-huidige-baan\/job-crafting-je-eigen-baan-vormgeven\/\" \/>\n<meta property=\"og:locale\" content=\"nl_BE\" \/>\n<meta property=\"og:type\" content=\"article\" \/>\n<meta property=\"og:title\" content=\"Job crafting: &quot;modeler son propre emploi&quot;\" \/>\n<meta property=\"og:description\" content=\"Le \u00ab job crafting \u00bb consiste \u00e0 modeler son travail pour en retirer plus de satisfaction, augmenter sa motivation, combattre l\u2019ennui et augmenter son niveau d\u2019implication dans sa vie professionnelle.\" \/>\n<meta property=\"og:url\" content=\"https:\/\/jobandsense.be\/nl\/toolbox\/zin-vinden-in-je-huidige-baan\/job-crafting-je-eigen-baan-vormgeven\/\" \/>\n<meta property=\"og:site_name\" content=\"Job&amp;Sense\" \/>\n<meta property=\"article:publisher\" content=\"https:\/\/www.facebook.com\/JobandSense\" \/>\n<meta property=\"article:modified_time\" content=\"2023-08-28T09:21:56+00:00\" \/>\n<meta property=\"og:image\" content=\"https:\/\/jobandsense.be\/wp-content\/uploads\/2021\/01\/job-crafting.jpg\" \/>\n\t<meta property=\"og:image:width\" content=\"1920\" \/>\n\t<meta property=\"og:image:height\" content=\"1280\" \/>\n\t<meta property=\"og:image:type\" content=\"image\/jpeg\" \/>\n<meta name=\"twitter:card\" content=\"summary_large_image\" \/>\n<meta name=\"twitter:label1\" content=\"Geschatte leestijd\" \/>\n\t<meta name=\"twitter:data1\" content=\"4 minuten\" \/>\n<script type=\"application\/ld+json\" class=\"yoast-schema-graph\">{\"@context\":\"https:\/\/schema.org\",\"@graph\":[{\"@type\":\"WebPage\",\"@id\":\"https:\/\/jobandsense.be\/boite-a-outils\/retrouver-du-sens-dans-son-job-actuel\/job-crafting-modeler-son-propre-emploi\/\",\"url\":\"https:\/\/jobandsense.be\/boite-a-outils\/retrouver-du-sens-dans-son-job-actuel\/job-crafting-modeler-son-propre-emploi\/\",\"name\":\"Job crafting: \\\"modeler son propre emploi\\\" &#8226; Job&Sense\",\"isPartOf\":{\"@id\":\"https:\/\/jobandsense.be\/#website\"},\"primaryImageOfPage\":{\"@id\":\"https:\/\/jobandsense.be\/boite-a-outils\/retrouver-du-sens-dans-son-job-actuel\/job-crafting-modeler-son-propre-emploi\/#primaryimage\"},\"image\":{\"@id\":\"https:\/\/jobandsense.be\/boite-a-outils\/retrouver-du-sens-dans-son-job-actuel\/job-crafting-modeler-son-propre-emploi\/#primaryimage\"},\"thumbnailUrl\":\"https:\/\/jobandsense.be\/wp-content\/uploads\/2021\/01\/job-crafting.jpg\",\"datePublished\":\"2021-01-18T08:20:07+00:00\",\"dateModified\":\"2023-08-28T09:21:56+00:00\",\"description\":\"Le \u00ab job crafting \u00bb consiste \u00e0 modeler son travail pour en retirer plus de satisfaction, augmenter sa motivation, son implication et combattre l\u2019ennui.\",\"breadcrumb\":{\"@id\":\"https:\/\/jobandsense.be\/boite-a-outils\/retrouver-du-sens-dans-son-job-actuel\/job-crafting-modeler-son-propre-emploi\/#breadcrumb\"},\"inLanguage\":\"nl-BE\",\"potentialAction\":[{\"@type\":\"ReadAction\",\"target\":[\"https:\/\/jobandsense.be\/boite-a-outils\/retrouver-du-sens-dans-son-job-actuel\/job-crafting-modeler-son-propre-emploi\/\"]}]},{\"@type\":\"ImageObject\",\"inLanguage\":\"nl-BE\",\"@id\":\"https:\/\/jobandsense.be\/boite-a-outils\/retrouver-du-sens-dans-son-job-actuel\/job-crafting-modeler-son-propre-emploi\/#primaryimage\",\"url\":\"https:\/\/jobandsense.be\/wp-content\/uploads\/2021\/01\/job-crafting.jpg\",\"contentUrl\":\"https:\/\/jobandsense.be\/wp-content\/uploads\/2021\/01\/job-crafting.jpg\",\"width\":1920,\"height\":1280,\"caption\":\"Image par Pexels de Pixabay\"},{\"@type\":\"BreadcrumbList\",\"@id\":\"https:\/\/jobandsense.be\/boite-a-outils\/retrouver-du-sens-dans-son-job-actuel\/job-crafting-modeler-son-propre-emploi\/#breadcrumb\",\"itemListElement\":[{\"@type\":\"ListItem\",\"position\":1,\"name\":\"Accueil\",\"item\":\"https:\/\/jobandsense.be\/\"},{\"@type\":\"ListItem\",\"position\":2,\"name\":\"Bo\u00eete \u00e0 outils\",\"item\":\"https:\/\/jobandsense.be\/boite-a-outils\/\"},{\"@type\":\"ListItem\",\"position\":3,\"name\":\"Retrouver du sens dans son job actuel\",\"item\":\"https:\/\/jobandsense.be\/boite-a-outils\/retrouver-du-sens-dans-son-job-actuel\/\"},{\"@type\":\"ListItem\",\"position\":4,\"name\":\"Job crafting: &#8220;modeler son propre emploi&#8221;\"}]},{\"@type\":\"WebSite\",\"@id\":\"https:\/\/jobandsense.be\/#website\",\"url\":\"https:\/\/jobandsense.be\/\",\"name\":\"Job&amp;Sense\",\"description\":\"La plateforme qui vous donne toutes les informations pour trouver un job qui a du sens\",\"publisher\":{\"@id\":\"https:\/\/jobandsense.be\/#organization\"},\"potentialAction\":[{\"@type\":\"SearchAction\",\"target\":{\"@type\":\"EntryPoint\",\"urlTemplate\":\"https:\/\/jobandsense.be\/?s={search_term_string}\"},\"query-input\":{\"@type\":\"PropertyValueSpecification\",\"valueRequired\":true,\"valueName\":\"search_term_string\"}}],\"inLanguage\":\"nl-BE\"},{\"@type\":\"Organization\",\"@id\":\"https:\/\/jobandsense.be\/#organization\",\"name\":\"Job&Sense\",\"url\":\"https:\/\/jobandsense.be\/\",\"logo\":{\"@type\":\"ImageObject\",\"inLanguage\":\"nl-BE\",\"@id\":\"https:\/\/jobandsense.be\/#\/schema\/logo\/image\/\",\"url\":\"\",\"contentUrl\":\"\",\"caption\":\"Job&Sense\"},\"image\":{\"@id\":\"https:\/\/jobandsense.be\/#\/schema\/logo\/image\/\"},\"sameAs\":[\"https:\/\/www.facebook.com\/JobandSense\",\"https:\/\/www.instagram.com\/jobandsense\/\",\"https:\/\/www.linkedin.com\/company\/52173671\/admin\/\"]}]}<\/script>\n<!-- \/ Yoast SEO plugin. -->","yoast_head_json":{"title":"Job crafting: \"modeler son propre emploi\" &#8226; Job&Sense","description":"Le \u00ab job crafting \u00bb consiste \u00e0 modeler son travail pour en retirer plus de satisfaction, augmenter sa motivation, son implication et combattre l\u2019ennui.","robots":{"index":"index","follow":"follow","max-snippet":"max-snippet:-1","max-image-preview":"max-image-preview:large","max-video-preview":"max-video-preview:-1"},"canonical":"https:\/\/jobandsense.be\/nl\/toolbox\/zin-vinden-in-je-huidige-baan\/job-crafting-je-eigen-baan-vormgeven\/","og_locale":"nl_BE","og_type":"article","og_title":"Job crafting: \"modeler son propre emploi\"","og_description":"Le \u00ab job crafting \u00bb consiste \u00e0 modeler son travail pour en retirer plus de satisfaction, augmenter sa motivation, combattre l\u2019ennui et augmenter son niveau d\u2019implication dans sa vie professionnelle.","og_url":"https:\/\/jobandsense.be\/nl\/toolbox\/zin-vinden-in-je-huidige-baan\/job-crafting-je-eigen-baan-vormgeven\/","og_site_name":"Job&amp;Sense","article_publisher":"https:\/\/www.facebook.com\/JobandSense","article_modified_time":"2023-08-28T09:21:56+00:00","og_image":[{"width":1920,"height":1280,"url":"https:\/\/jobandsense.be\/wp-content\/uploads\/2021\/01\/job-crafting.jpg","type":"image\/jpeg"}],"twitter_card":"summary_large_image","twitter_misc":{"Geschatte leestijd":"4 minuten"},"schema":{"@context":"https:\/\/schema.org","@graph":[{"@type":"WebPage","@id":"https:\/\/jobandsense.be\/boite-a-outils\/retrouver-du-sens-dans-son-job-actuel\/job-crafting-modeler-son-propre-emploi\/","url":"https:\/\/jobandsense.be\/boite-a-outils\/retrouver-du-sens-dans-son-job-actuel\/job-crafting-modeler-son-propre-emploi\/","name":"Job crafting: \"modeler son propre emploi\" &#8226; Job&Sense","isPartOf":{"@id":"https:\/\/jobandsense.be\/#website"},"primaryImageOfPage":{"@id":"https:\/\/jobandsense.be\/boite-a-outils\/retrouver-du-sens-dans-son-job-actuel\/job-crafting-modeler-son-propre-emploi\/#primaryimage"},"image":{"@id":"https:\/\/jobandsense.be\/boite-a-outils\/retrouver-du-sens-dans-son-job-actuel\/job-crafting-modeler-son-propre-emploi\/#primaryimage"},"thumbnailUrl":"https:\/\/jobandsense.be\/wp-content\/uploads\/2021\/01\/job-crafting.jpg","datePublished":"2021-01-18T08:20:07+00:00","dateModified":"2023-08-28T09:21:56+00:00","description":"Le \u00ab job crafting \u00bb consiste \u00e0 modeler son travail pour en retirer plus de satisfaction, augmenter sa motivation, son implication et combattre l\u2019ennui.","breadcrumb":{"@id":"https:\/\/jobandsense.be\/boite-a-outils\/retrouver-du-sens-dans-son-job-actuel\/job-crafting-modeler-son-propre-emploi\/#breadcrumb"},"inLanguage":"nl-BE","potentialAction":[{"@type":"ReadAction","target":["https:\/\/jobandsense.be\/boite-a-outils\/retrouver-du-sens-dans-son-job-actuel\/job-crafting-modeler-son-propre-emploi\/"]}]},{"@type":"ImageObject","inLanguage":"nl-BE","@id":"https:\/\/jobandsense.be\/boite-a-outils\/retrouver-du-sens-dans-son-job-actuel\/job-crafting-modeler-son-propre-emploi\/#primaryimage","url":"https:\/\/jobandsense.be\/wp-content\/uploads\/2021\/01\/job-crafting.jpg","contentUrl":"https:\/\/jobandsense.be\/wp-content\/uploads\/2021\/01\/job-crafting.jpg","width":1920,"height":1280,"caption":"Image par Pexels de Pixabay"},{"@type":"BreadcrumbList","@id":"https:\/\/jobandsense.be\/boite-a-outils\/retrouver-du-sens-dans-son-job-actuel\/job-crafting-modeler-son-propre-emploi\/#breadcrumb","itemListElement":[{"@type":"ListItem","position":1,"name":"Accueil","item":"https:\/\/jobandsense.be\/"},{"@type":"ListItem","position":2,"name":"Bo\u00eete \u00e0 outils","item":"https:\/\/jobandsense.be\/boite-a-outils\/"},{"@type":"ListItem","position":3,"name":"Retrouver du sens dans son job actuel","item":"https:\/\/jobandsense.be\/boite-a-outils\/retrouver-du-sens-dans-son-job-actuel\/"},{"@type":"ListItem","position":4,"name":"Job crafting: &#8220;modeler son propre emploi&#8221;"}]},{"@type":"WebSite","@id":"https:\/\/jobandsense.be\/#website","url":"https:\/\/jobandsense.be\/","name":"Job&amp;Sense","description":"La plateforme qui vous donne toutes les informations pour trouver un job qui a du sens","publisher":{"@id":"https:\/\/jobandsense.be\/#organization"},"potentialAction":[{"@type":"SearchAction","target":{"@type":"EntryPoint","urlTemplate":"https:\/\/jobandsense.be\/?s={search_term_string}"},"query-input":{"@type":"PropertyValueSpecification","valueRequired":true,"valueName":"search_term_string"}}],"inLanguage":"nl-BE"},{"@type":"Organization","@id":"https:\/\/jobandsense.be\/#organization","name":"Job&Sense","url":"https:\/\/jobandsense.be\/","logo":{"@type":"ImageObject","inLanguage":"nl-BE","@id":"https:\/\/jobandsense.be\/#\/schema\/logo\/image\/","url":"","contentUrl":"","caption":"Job&Sense"},"image":{"@id":"https:\/\/jobandsense.be\/#\/schema\/logo\/image\/"},"sameAs":["https:\/\/www.facebook.com\/JobandSense","https:\/\/www.instagram.com\/jobandsense\/","https:\/\/www.linkedin.com\/company\/52173671\/admin\/"]}]}},"jetpack_sharing_enabled":true,"_links":{"self":[{"href":"https:\/\/jobandsense.be\/nl\/wp-json\/wp\/v2\/pages\/3184","targetHints":{"allow":["GET"]}}],"collection":[{"href":"https:\/\/jobandsense.be\/nl\/wp-json\/wp\/v2\/pages"}],"about":[{"href":"https:\/\/jobandsense.be\/nl\/wp-json\/wp\/v2\/types\/page"}],"author":[{"embeddable":true,"href":"https:\/\/jobandsense.be\/nl\/wp-json\/wp\/v2\/users\/1"}],"replies":[{"embeddable":true,"href":"https:\/\/jobandsense.be\/nl\/wp-json\/wp\/v2\/comments?post=3184"}],"version-history":[{"count":44,"href":"https:\/\/jobandsense.be\/nl\/wp-json\/wp\/v2\/pages\/3184\/revisions"}],"predecessor-version":[{"id":12613,"href":"https:\/\/jobandsense.be\/nl\/wp-json\/wp\/v2\/pages\/3184\/revisions\/12613"}],"up":[{"embeddable":true,"href":"https:\/\/jobandsense.be\/nl\/wp-json\/wp\/v2\/pages\/2753"}],"wp:featuredmedia":[{"embeddable":true,"href":"https:\/\/jobandsense.be\/nl\/wp-json\/wp\/v2\/media\/3185"}],"wp:attachment":[{"href":"https:\/\/jobandsense.be\/nl\/wp-json\/wp\/v2\/media?parent=3184"}],"curies":[{"name":"wp","href":"https:\/\/api.w.org\/{rel}","templated":true}]}}