{"id":2753,"date":"2021-01-14T13:29:08","date_gmt":"2021-01-14T13:29:08","guid":{"rendered":"https:\/\/jobandsense.be\/?page_id=2753"},"modified":"2025-11-20T14:43:05","modified_gmt":"2025-11-20T12:43:05","slug":"zin-vinden-in-je-huidige-baan","status":"publish","type":"page","link":"https:\/\/jobandsense.be\/nl\/toolbox\/zin-vinden-in-je-huidige-baan\/","title":{"rendered":"Meer zin vinden in je huidige job"},"content":{"rendered":"<div data-elementor-type=\"wp-page\" data-elementor-id=\"2753\" class=\"elementor elementor-2753\" data-elementor-post-type=\"page\">\n\t\t\t\t\t\t<section class=\"elementor-section elementor-top-section elementor-element elementor-element-6d14409 elementor-section-boxed elementor-section-height-default elementor-section-height-default\" data-id=\"6d14409\" data-element_type=\"section\" data-e-type=\"section\">\n\t\t\t\t\t\t<div class=\"elementor-container elementor-column-gap-default\">\n\t\t\t\t\t<div class=\"elementor-column elementor-col-100 elementor-top-column elementor-element elementor-element-6e40175b\" data-id=\"6e40175b\" data-element_type=\"column\" data-e-type=\"column\">\n\t\t\t<div class=\"elementor-widget-wrap elementor-element-populated\">\n\t\t\t\t\t\t<div class=\"elementor-element elementor-element-29764ece elementor-widget elementor-widget-text-editor\" data-id=\"29764ece\" data-element_type=\"widget\" data-e-type=\"widget\" data-widget_type=\"text-editor.default\">\n\t\t\t\t<div class=\"elementor-widget-container\">\n\t\t\t\t\t\t\t\t\t<p><\/p>\n<p>Na de\u00a0<a href=\"https:\/\/jobandsense.be\/nl\/toolbox\/de-balans-opmaken-van-zijn-huidige-situatie\/\">balans van uw huidige professionele situatie<\/a> en uw <a href=\"https:\/\/jobandsense.be\/nl\/toolbox\/elkaar-beter-leren-kennen\/\">zelfontdekking<\/a> concludeert u dat u geen 180-graden carri\u00e8reomschakeling hoeft te maken?<\/p>\n<p><\/p>\n<p><\/p>\n<p>In feite realiseert u zich dat wat u momenteel doet niet zo slecht is.\u00a0 \u00a0 \u00a0 \u00a0 \u00a0 \u00a0<\/p>\n<p>Perfect! Soms is alleen een moment van introspectie en het beter kennen van uw prioriteiten voldoende om opnieuw betekenis te vinden in uw werk.<\/p>\n<p>Tegenwoordig wordt geluk op het werk vaak geassocieerd met carri\u00e8reomschakeling. Dit is echter niet altijd noodzakelijk. Door uzelf de juiste vragen te stellen, heeft u zich misschien gerealiseerd dat alleen bepaalde taken uw dag verpesten. Het kan ook zijn dat u zich realiseert dat u zich in het onbekende storten niet voor u is, of in elk geval niet op dit moment.<\/p>\n<p>Zonder van baan of bedrijf te veranderen, kunt u niettemin een actor van verandering zijn. Als bijvoorbeeld bepaalde taken uw dag verpesten omdat ze repetitief zijn of stress veroorzaken, kunt u proberen uw baan te \"craften\" zodat deze meer gericht is op uw sterke punten en interesses.<\/p>\n<p>Een andere manier om een actor van verandering te zijn, is het cre\u00ebren van een project binnen uw bedrijf dat betekenis geeft aan uw werk. Dit wordt intrapreneurschap genoemd.\u00a0\u00a0\u00a0\u00a0\u00a0\u00a0\u00a0\u00a0\u00a0\u00a0\u00a0\u00a0\u00a0\u00a0\u00a0\u00a0\u00a0\u00a0\u00a0\u00a0\u00a0\u00a0\u00a0\u00a0\u00a0\u00a0\u00a0\u00a0\u00a0 \u00a0<\/p>\n<p>Ten slotte kunt u zich ook laten opleiden om te evolueren binnen uw bedrijf.<strong>.<\/strong><\/p>\n<p><\/p>\t\t\t\t\t\t\t\t<\/div>\n\t\t\t\t<\/div>\n\t\t\t\t<div class=\"elementor-element elementor-element-257d994 elementor-widget elementor-widget-heading\" data-id=\"257d994\" data-element_type=\"widget\" data-e-type=\"widget\" data-widget_type=\"heading.default\">\n\t\t\t\t<div class=\"elementor-widget-container\">\n\t\t\t\t\t<h2 class=\"elementor-heading-title elementor-size-default\">Voorgestelde oefeningen en tools<\/h2>\t\t\t\t<\/div>\n\t\t\t\t<\/div>\n\t\t\t\t<section class=\"elementor-section elementor-inner-section elementor-element elementor-element-b27b993 elementor-section-height-min-height elementor-section-boxed elementor-section-height-default\" data-id=\"b27b993\" data-element_type=\"section\" data-e-type=\"section\" data-settings=\"{&quot;background_background&quot;:&quot;classic&quot;}\">\n\t\t\t\t\t\t<div class=\"elementor-container elementor-column-gap-default\">\n\t\t\t\t\t<div class=\"elementor-column elementor-col-33 elementor-inner-column elementor-element elementor-element-0d2f5e9 elementor-invisible\" data-id=\"0d2f5e9\" data-element_type=\"column\" data-e-type=\"column\" data-settings=\"{&quot;background_background&quot;:&quot;classic&quot;,&quot;animation&quot;:&quot;fadeIn&quot;}\">\n\t\t\t<div class=\"elementor-widget-wrap elementor-element-populated\">\n\t\t\t\t\t<div class=\"elementor-background-overlay\"><\/div>\n\t\t\t\t\t\t<div class=\"elementor-element elementor-element-b2124c1 elementor-view-default elementor-position-block-start elementor-mobile-position-block-start elementor-widget elementor-widget-icon-box\" data-id=\"b2124c1\" data-element_type=\"widget\" data-e-type=\"widget\" data-widget_type=\"icon-box.default\">\n\t\t\t\t<div class=\"elementor-widget-container\">\n\t\t\t\t\t\t\t<div class=\"elementor-icon-box-wrapper\">\n\n\t\t\t\t\t\t<div class=\"elementor-icon-box-icon\">\n\t\t\t\t<a href=\"\/nl\/toolbox\/zin-vinden-in-je-huidige-baan\/job-crafting-je-eigen-baan-vormgeven\/\" class=\"elementor-icon\" tabindex=\"-1\" aria-label=\"Job crafting: &quot;uw eigen baan vormgeven&quot;\">\n\t\t\t\t<svg aria-hidden=\"true\" class=\"e-font-icon-svg e-fas-paint-brush\" viewbox=\"0 0 512 512\" xmlns=\"http:\/\/www.w3.org\/2000\/svg\"><path d=\"M167.02 309.34c-40.12 2.58-76.53 17.86-97.19 72.3-2.35 6.21-8 9.98-14.59 9.98-11.11 0-45.46-27.67-55.25-34.35C0 439.62 37.93 512 128 512c75.86 0 128-43.77 128-120.19 0-3.11-.65-6.08-.97-9.13l-88.01-73.34zM457.89 0c-15.16 0-29.37 6.71-40.21 16.45C213.27 199.05 192 203.34 192 257.09c0 13.7 3.25 26.76 8.73 38.7l63.82 53.18c7.21 1.8 14.64 3.03 22.39 3.03 62.11 0 98.11-45.47 211.16-256.46 7.38-14.35 13.9-29.85 13.9-45.99C512 20.64 486 0 457.89 0z\"><\/path><\/svg>\t\t\t\t<\/a>\n\t\t\t<\/div>\n\t\t\t\n\t\t\t\t\t\t<div class=\"elementor-icon-box-content\">\n\n\t\t\t\t\t\t\t\t\t<h3 class=\"elementor-icon-box-title\">\n\t\t\t\t\t\t<a href=\"\/nl\/toolbox\/zin-vinden-in-je-huidige-baan\/job-crafting-je-eigen-baan-vormgeven\/\" >\n\t\t\t\t\t\t\tJob crafting: \"uw eigen baan vormgeven\"\t\t\t\t\t\t<\/a>\n\t\t\t\t\t<\/h3>\n\t\t\t\t\n\t\t\t\t\n\t\t\t<\/div>\n\t\t\t\n\t\t<\/div>\n\t\t\t\t\t\t<\/div>\n\t\t\t\t<\/div>\n\t\t\t\t\t<\/div>\n\t\t<\/div>\n\t\t\t\t<div class=\"elementor-column elementor-col-33 elementor-inner-column elementor-element elementor-element-652611b elementor-invisible\" data-id=\"652611b\" data-element_type=\"column\" data-e-type=\"column\" data-settings=\"{&quot;background_background&quot;:&quot;classic&quot;,&quot;animation&quot;:&quot;fadeIn&quot;}\">\n\t\t\t<div class=\"elementor-widget-wrap elementor-element-populated\">\n\t\t\t\t\t<div class=\"elementor-background-overlay\"><\/div>\n\t\t\t\t\t\t<div class=\"elementor-element elementor-element-2cf837f elementor-view-default elementor-position-block-start elementor-mobile-position-block-start elementor-widget elementor-widget-icon-box\" data-id=\"2cf837f\" data-element_type=\"widget\" data-e-type=\"widget\" data-widget_type=\"icon-box.default\">\n\t\t\t\t<div class=\"elementor-widget-container\">\n\t\t\t\t\t\t\t<div class=\"elementor-icon-box-wrapper\">\n\n\t\t\t\t\t\t<div class=\"elementor-icon-box-icon\">\n\t\t\t\t<a href=\"\/nl\/toolbox\/zin-vinden-in-je-huidige-baan\/intrapreneur-actor-van-verandering-in-zijn-bedrijf\/\" class=\"elementor-icon\" tabindex=\"-1\" aria-label=\"Intrapreneur: Actor van verandering in uw bedrijf\">\n\t\t\t\t<svg aria-hidden=\"true\" class=\"e-font-icon-svg e-far-building\" viewbox=\"0 0 448 512\" xmlns=\"http:\/\/www.w3.org\/2000\/svg\"><path d=\"M128 148v-40c0-6.6 5.4-12 12-12h40c6.6 0 12 5.4 12 12v40c0 6.6-5.4 12-12 12h-40c-6.6 0-12-5.4-12-12zm140 12h40c6.6 0 12-5.4 12-12v-40c0-6.6-5.4-12-12-12h-40c-6.6 0-12 5.4-12 12v40c0 6.6 5.4 12 12 12zm-128 96h40c6.6 0 12-5.4 12-12v-40c0-6.6-5.4-12-12-12h-40c-6.6 0-12 5.4-12 12v40c0 6.6 5.4 12 12 12zm128 0h40c6.6 0 12-5.4 12-12v-40c0-6.6-5.4-12-12-12h-40c-6.6 0-12 5.4-12 12v40c0 6.6 5.4 12 12 12zm-76 84v-40c0-6.6-5.4-12-12-12h-40c-6.6 0-12 5.4-12 12v40c0 6.6 5.4 12 12 12h40c6.6 0 12-5.4 12-12zm76 12h40c6.6 0 12-5.4 12-12v-40c0-6.6-5.4-12-12-12h-40c-6.6 0-12 5.4-12 12v40c0 6.6 5.4 12 12 12zm180 124v36H0v-36c0-6.6 5.4-12 12-12h19.5V24c0-13.3 10.7-24 24-24h337c13.3 0 24 10.7 24 24v440H436c6.6 0 12 5.4 12 12zM79.5 463H192v-67c0-6.6 5.4-12 12-12h40c6.6 0 12 5.4 12 12v67h112.5V49L80 48l-.5 415z\"><\/path><\/svg>\t\t\t\t<\/a>\n\t\t\t<\/div>\n\t\t\t\n\t\t\t\t\t\t<div class=\"elementor-icon-box-content\">\n\n\t\t\t\t\t\t\t\t\t<h3 class=\"elementor-icon-box-title\">\n\t\t\t\t\t\t<a href=\"\/nl\/toolbox\/zin-vinden-in-je-huidige-baan\/intrapreneur-actor-van-verandering-in-zijn-bedrijf\/\" >\n\t\t\t\t\t\t\tIntrapreneur: Actor van verandering in uw bedrijf\t\t\t\t\t\t<\/a>\n\t\t\t\t\t<\/h3>\n\t\t\t\t\n\t\t\t\t\n\t\t\t<\/div>\n\t\t\t\n\t\t<\/div>\n\t\t\t\t\t\t<\/div>\n\t\t\t\t<\/div>\n\t\t\t\t\t<\/div>\n\t\t<\/div>\n\t\t\t\t<div class=\"elementor-column elementor-col-33 elementor-inner-column elementor-element elementor-element-779a35d elementor-invisible\" data-id=\"779a35d\" data-element_type=\"column\" data-e-type=\"column\" data-settings=\"{&quot;background_background&quot;:&quot;classic&quot;,&quot;animation&quot;:&quot;fadeIn&quot;}\">\n\t\t\t<div class=\"elementor-widget-wrap elementor-element-populated\">\n\t\t\t\t\t<div class=\"elementor-background-overlay\"><\/div>\n\t\t\t\t\t\t<div class=\"elementor-element elementor-element-c965bf9 elementor-view-default elementor-position-block-start elementor-mobile-position-block-start elementor-widget elementor-widget-icon-box\" data-id=\"c965bf9\" data-element_type=\"widget\" data-e-type=\"widget\" data-widget_type=\"icon-box.default\">\n\t\t\t\t<div class=\"elementor-widget-container\">\n\t\t\t\t\t\t\t<div class=\"elementor-icon-box-wrapper\">\n\n\t\t\t\t\t\t<div class=\"elementor-icon-box-icon\">\n\t\t\t\t<a href=\"\/nl\/toolbox\/zich-opleiden\/zich-bijscholen-als-werknemer\/\" class=\"elementor-icon\" tabindex=\"-1\" aria-label=\"Zich laten opleiden om te evolueren\">\n\t\t\t\t<svg aria-hidden=\"true\" class=\"e-font-icon-svg e-fas-chalkboard-teacher\" viewbox=\"0 0 640 512\" xmlns=\"http:\/\/www.w3.org\/2000\/svg\"><path d=\"M208 352c-2.39 0-4.78.35-7.06 1.09C187.98 357.3 174.35 360 160 360c-14.35 0-27.98-2.7-40.95-6.91-2.28-.74-4.66-1.09-7.05-1.09C49.94 352-.33 402.48 0 464.62.14 490.88 21.73 512 48 512h224c26.27 0 47.86-21.12 48-47.38.33-62.14-49.94-112.62-112-112.62zm-48-32c53.02 0 96-42.98 96-96s-42.98-96-96-96-96 42.98-96 96 42.98 96 96 96zM592 0H208c-26.47 0-48 22.25-48 49.59V96c23.42 0 45.1 6.78 64 17.8V64h352v288h-64v-64H384v64h-76.24c19.1 16.69 33.12 38.73 39.69 64H592c26.47 0 48-22.25 48-49.59V49.59C640 22.25 618.47 0 592 0z\"><\/path><\/svg>\t\t\t\t<\/a>\n\t\t\t<\/div>\n\t\t\t\n\t\t\t\t\t\t<div class=\"elementor-icon-box-content\">\n\n\t\t\t\t\t\t\t\t\t<h3 class=\"elementor-icon-box-title\">\n\t\t\t\t\t\t<a href=\"\/nl\/toolbox\/zich-opleiden\/zich-bijscholen-als-werknemer\/\" >\n\t\t\t\t\t\t\tZich laten opleiden om te evolueren\t\t\t\t\t\t<\/a>\n\t\t\t\t\t<\/h3>\n\t\t\t\t\n\t\t\t\t\n\t\t\t<\/div>\n\t\t\t\n\t\t<\/div>\n\t\t\t\t\t\t<\/div>\n\t\t\t\t<\/div>\n\t\t\t\t\t<\/div>\n\t\t<\/div>\n\t\t\t\t\t<\/div>\n\t\t<\/section>\n\t\t\t\t<div class=\"elementor-element elementor-element-6f241b7 elementor-widget elementor-widget-text-editor\" data-id=\"6f241b7\" data-element_type=\"widget\" data-e-type=\"widget\" data-widget_type=\"text-editor.default\">\n\t\t\t\t<div class=\"elementor-widget-container\">\n\t\t\t\t\t\t\t\t\t<p><\/p>\n<p>In elke fase kan het nuttig zijn om begeleid te worden door een bekwame persoon. Die kan je helpen om afstand te nemen, kwaliteiten in jezelf te ontdekken die je nog niet kende, nieuwe perspectieven en contacten aan te reiken en je te motiveren zodat je het niet opgeeft.<\/p>\n<p>Als je in een moeilijke situatie zit, kan het erg deugd doen om het positieve (dat je zelf niet meer ziet) opnieuw naar boven te halen en je te helpen om weer op te krabbelen.<\/p>\n<p>Wil je begeleiding en de juiste persoon vinden om je te ondersteunen? Job&amp;Sense helpt je graag de juiste opties te ontdekken. Klik op \"\u00a0<span style=\"text-decoration-line: underline;\"><a href=\"https:\/\/jobandsense.be\/nl\/toolbox\/begeleiding-zoeken\/\">Begeleiding zoeken<\/a><\/span>\u00ab\u00a0.<\/p>\n<p><\/p>\t\t\t\t\t\t\t\t<\/div>\n\t\t\t\t<\/div>\n\t\t\t\t\t<\/div>\n\t\t<\/div>\n\t\t\t\t\t<\/div>\n\t\t<\/section>\n\t\t\t\t<\/div>","protected":false},"excerpt":{"rendered":"<p>Suite au\u00a0bilan de votre situation professionnelle actuelle et votre d\u00e9couverte de vous-m\u00eames vous concluez que vous ne devez pas effectuer de reconversion professionnelle \u00e0 180 degr\u00e9s ? En fait, vous r\u00e9alisez que ce que vous faites \u00e0 l\u2019heure actuelle n\u2019est pas si mal.\u00a0 \u00a0 \u00a0 \u00a0 \u00a0 \u00a0 Parfait ! Parfois il suffit juste d\u2019un&#8230;<\/p>","protected":false},"author":1,"featured_media":1066,"parent":989,"menu_order":8,"comment_status":"closed","ping_status":"closed","template":"","meta":{"_acf_changed":false,"episode_type":"","audio_file":"","cover_image":"","cover_image_id":"","duration":"","filesize":"","filesize_raw":"","date_recorded":"","explicit":"","block":"","footnotes":""},"class_list":["post-2753","page","type-page","status-publish","has-post-thumbnail","hentry","wpbf-post"],"acf":[],"yoast_head":"<!-- This site is optimized with the Yoast SEO plugin v26.8 - https:\/\/yoast.com\/product\/yoast-seo-wordpress\/ -->\n<title>Retrouver du sens sans changer de job &#8226; Job&amp;Sense<\/title>\n<meta name=\"description\" content=\"Retrouver du sens dans son travail actuel en modelant son emploi pour qu\u2019il ressemble un peu plus \u00e0 qui vous \u00eates.\" \/>\n<meta name=\"robots\" content=\"index, follow, max-snippet:-1, max-image-preview:large, max-video-preview:-1\" \/>\n<link rel=\"canonical\" href=\"https:\/\/jobandsense.be\/nl\/toolbox\/zin-vinden-in-je-huidige-baan\/\" \/>\n<meta property=\"og:locale\" content=\"nl_BE\" \/>\n<meta property=\"og:type\" content=\"article\" \/>\n<meta property=\"og:title\" content=\"Retrouver du sens sans changer de job\" \/>\n<meta property=\"og:description\" content=\"Retrouver du sens dans son travail actuel en modelant son emploi pour qu\u2019il ressemble un peu plus \u00e0 qui vous \u00eates.\" \/>\n<meta property=\"og:url\" content=\"https:\/\/jobandsense.be\/nl\/toolbox\/zin-vinden-in-je-huidige-baan\/\" \/>\n<meta property=\"og:site_name\" content=\"Job&amp;Sense\" \/>\n<meta property=\"article:publisher\" content=\"https:\/\/www.facebook.com\/JobandSense\" \/>\n<meta property=\"article:modified_time\" content=\"2025-11-20T12:43:05+00:00\" \/>\n<meta property=\"og:image\" content=\"https:\/\/jobandsense.be\/wp-content\/uploads\/2020\/12\/Modeler-me\u0301tier.jpg\" \/>\n\t<meta property=\"og:image:width\" content=\"1920\" \/>\n\t<meta property=\"og:image:height\" content=\"1371\" \/>\n\t<meta property=\"og:image:type\" content=\"image\/jpeg\" \/>\n<meta name=\"twitter:card\" content=\"summary_large_image\" \/>\n<meta name=\"twitter:label1\" content=\"Geschatte leestijd\" \/>\n\t<meta name=\"twitter:data1\" content=\"2 minuten\" \/>\n<script type=\"application\/ld+json\" class=\"yoast-schema-graph\">{\"@context\":\"https:\/\/schema.org\",\"@graph\":[{\"@type\":\"WebPage\",\"@id\":\"https:\/\/jobandsense.be\/boite-a-outils\/retrouver-du-sens-dans-son-job-actuel\/\",\"url\":\"https:\/\/jobandsense.be\/boite-a-outils\/retrouver-du-sens-dans-son-job-actuel\/\",\"name\":\"Retrouver du sens sans changer de job &#8226; Job&Sense\",\"isPartOf\":{\"@id\":\"https:\/\/jobandsense.be\/#website\"},\"primaryImageOfPage\":{\"@id\":\"https:\/\/jobandsense.be\/boite-a-outils\/retrouver-du-sens-dans-son-job-actuel\/#primaryimage\"},\"image\":{\"@id\":\"https:\/\/jobandsense.be\/boite-a-outils\/retrouver-du-sens-dans-son-job-actuel\/#primaryimage\"},\"thumbnailUrl\":\"https:\/\/jobandsense.be\/wp-content\/uploads\/2020\/12\/Modeler-me\u0301tier.jpg\",\"datePublished\":\"2021-01-14T13:29:08+00:00\",\"dateModified\":\"2025-11-20T12:43:05+00:00\",\"description\":\"Retrouver du sens dans son travail actuel en modelant son emploi pour qu\u2019il ressemble un peu plus \u00e0 qui vous \u00eates.\",\"breadcrumb\":{\"@id\":\"https:\/\/jobandsense.be\/boite-a-outils\/retrouver-du-sens-dans-son-job-actuel\/#breadcrumb\"},\"inLanguage\":\"nl-BE\",\"potentialAction\":[{\"@type\":\"ReadAction\",\"target\":[\"https:\/\/jobandsense.be\/boite-a-outils\/retrouver-du-sens-dans-son-job-actuel\/\"]}]},{\"@type\":\"ImageObject\",\"inLanguage\":\"nl-BE\",\"@id\":\"https:\/\/jobandsense.be\/boite-a-outils\/retrouver-du-sens-dans-son-job-actuel\/#primaryimage\",\"url\":\"https:\/\/jobandsense.be\/wp-content\/uploads\/2020\/12\/Modeler-me\u0301tier.jpg\",\"contentUrl\":\"https:\/\/jobandsense.be\/wp-content\/uploads\/2020\/12\/Modeler-me\u0301tier.jpg\",\"width\":1920,\"height\":1371,\"caption\":\"Mains qui mod\u00e8lent un bol en c\u00e9ramique\"},{\"@type\":\"BreadcrumbList\",\"@id\":\"https:\/\/jobandsense.be\/boite-a-outils\/retrouver-du-sens-dans-son-job-actuel\/#breadcrumb\",\"itemListElement\":[{\"@type\":\"ListItem\",\"position\":1,\"name\":\"Accueil\",\"item\":\"https:\/\/jobandsense.be\/\"},{\"@type\":\"ListItem\",\"position\":2,\"name\":\"Bo\u00eete \u00e0 outils\",\"item\":\"https:\/\/jobandsense.be\/boite-a-outils\/\"},{\"@type\":\"ListItem\",\"position\":3,\"name\":\"Retrouver du sens dans son job actuel\"}]},{\"@type\":\"WebSite\",\"@id\":\"https:\/\/jobandsense.be\/#website\",\"url\":\"https:\/\/jobandsense.be\/\",\"name\":\"Job&amp;Sense\",\"description\":\"La plateforme qui vous donne toutes les informations pour trouver un job qui a du sens\",\"publisher\":{\"@id\":\"https:\/\/jobandsense.be\/#organization\"},\"potentialAction\":[{\"@type\":\"SearchAction\",\"target\":{\"@type\":\"EntryPoint\",\"urlTemplate\":\"https:\/\/jobandsense.be\/?s={search_term_string}\"},\"query-input\":{\"@type\":\"PropertyValueSpecification\",\"valueRequired\":true,\"valueName\":\"search_term_string\"}}],\"inLanguage\":\"nl-BE\"},{\"@type\":\"Organization\",\"@id\":\"https:\/\/jobandsense.be\/#organization\",\"name\":\"Job&Sense\",\"url\":\"https:\/\/jobandsense.be\/\",\"logo\":{\"@type\":\"ImageObject\",\"inLanguage\":\"nl-BE\",\"@id\":\"https:\/\/jobandsense.be\/#\/schema\/logo\/image\/\",\"url\":\"\",\"contentUrl\":\"\",\"caption\":\"Job&Sense\"},\"image\":{\"@id\":\"https:\/\/jobandsense.be\/#\/schema\/logo\/image\/\"},\"sameAs\":[\"https:\/\/www.facebook.com\/JobandSense\",\"https:\/\/www.instagram.com\/jobandsense\/\",\"https:\/\/www.linkedin.com\/company\/52173671\/admin\/\"]}]}<\/script>\n<!-- \/ Yoast SEO plugin. -->","yoast_head_json":{"title":"Retrouver du sens sans changer de job &#8226; Job&Sense","description":"Retrouver du sens dans son travail actuel en modelant son emploi pour qu\u2019il ressemble un peu plus \u00e0 qui vous \u00eates.","robots":{"index":"index","follow":"follow","max-snippet":"max-snippet:-1","max-image-preview":"max-image-preview:large","max-video-preview":"max-video-preview:-1"},"canonical":"https:\/\/jobandsense.be\/nl\/toolbox\/zin-vinden-in-je-huidige-baan\/","og_locale":"nl_BE","og_type":"article","og_title":"Retrouver du sens sans changer de job","og_description":"Retrouver du sens dans son travail actuel en modelant son emploi pour qu\u2019il ressemble un peu plus \u00e0 qui vous \u00eates.","og_url":"https:\/\/jobandsense.be\/nl\/toolbox\/zin-vinden-in-je-huidige-baan\/","og_site_name":"Job&amp;Sense","article_publisher":"https:\/\/www.facebook.com\/JobandSense","article_modified_time":"2025-11-20T12:43:05+00:00","og_image":[{"width":1920,"height":1371,"url":"https:\/\/jobandsense.be\/wp-content\/uploads\/2020\/12\/Modeler-me\u0301tier.jpg","type":"image\/jpeg"}],"twitter_card":"summary_large_image","twitter_misc":{"Geschatte leestijd":"2 minuten"},"schema":{"@context":"https:\/\/schema.org","@graph":[{"@type":"WebPage","@id":"https:\/\/jobandsense.be\/boite-a-outils\/retrouver-du-sens-dans-son-job-actuel\/","url":"https:\/\/jobandsense.be\/boite-a-outils\/retrouver-du-sens-dans-son-job-actuel\/","name":"Retrouver du sens sans changer de job &#8226; Job&Sense","isPartOf":{"@id":"https:\/\/jobandsense.be\/#website"},"primaryImageOfPage":{"@id":"https:\/\/jobandsense.be\/boite-a-outils\/retrouver-du-sens-dans-son-job-actuel\/#primaryimage"},"image":{"@id":"https:\/\/jobandsense.be\/boite-a-outils\/retrouver-du-sens-dans-son-job-actuel\/#primaryimage"},"thumbnailUrl":"https:\/\/jobandsense.be\/wp-content\/uploads\/2020\/12\/Modeler-me\u0301tier.jpg","datePublished":"2021-01-14T13:29:08+00:00","dateModified":"2025-11-20T12:43:05+00:00","description":"Retrouver du sens dans son travail actuel en modelant son emploi pour qu\u2019il ressemble un peu plus \u00e0 qui vous \u00eates.","breadcrumb":{"@id":"https:\/\/jobandsense.be\/boite-a-outils\/retrouver-du-sens-dans-son-job-actuel\/#breadcrumb"},"inLanguage":"nl-BE","potentialAction":[{"@type":"ReadAction","target":["https:\/\/jobandsense.be\/boite-a-outils\/retrouver-du-sens-dans-son-job-actuel\/"]}]},{"@type":"ImageObject","inLanguage":"nl-BE","@id":"https:\/\/jobandsense.be\/boite-a-outils\/retrouver-du-sens-dans-son-job-actuel\/#primaryimage","url":"https:\/\/jobandsense.be\/wp-content\/uploads\/2020\/12\/Modeler-me\u0301tier.jpg","contentUrl":"https:\/\/jobandsense.be\/wp-content\/uploads\/2020\/12\/Modeler-me\u0301tier.jpg","width":1920,"height":1371,"caption":"Mains qui mod\u00e8lent un bol en c\u00e9ramique"},{"@type":"BreadcrumbList","@id":"https:\/\/jobandsense.be\/boite-a-outils\/retrouver-du-sens-dans-son-job-actuel\/#breadcrumb","itemListElement":[{"@type":"ListItem","position":1,"name":"Accueil","item":"https:\/\/jobandsense.be\/"},{"@type":"ListItem","position":2,"name":"Bo\u00eete \u00e0 outils","item":"https:\/\/jobandsense.be\/boite-a-outils\/"},{"@type":"ListItem","position":3,"name":"Retrouver du sens dans son job actuel"}]},{"@type":"WebSite","@id":"https:\/\/jobandsense.be\/#website","url":"https:\/\/jobandsense.be\/","name":"Job&amp;Sense","description":"La plateforme qui vous donne toutes les informations pour trouver un job qui a du sens","publisher":{"@id":"https:\/\/jobandsense.be\/#organization"},"potentialAction":[{"@type":"SearchAction","target":{"@type":"EntryPoint","urlTemplate":"https:\/\/jobandsense.be\/?s={search_term_string}"},"query-input":{"@type":"PropertyValueSpecification","valueRequired":true,"valueName":"search_term_string"}}],"inLanguage":"nl-BE"},{"@type":"Organization","@id":"https:\/\/jobandsense.be\/#organization","name":"Job&Sense","url":"https:\/\/jobandsense.be\/","logo":{"@type":"ImageObject","inLanguage":"nl-BE","@id":"https:\/\/jobandsense.be\/#\/schema\/logo\/image\/","url":"","contentUrl":"","caption":"Job&Sense"},"image":{"@id":"https:\/\/jobandsense.be\/#\/schema\/logo\/image\/"},"sameAs":["https:\/\/www.facebook.com\/JobandSense","https:\/\/www.instagram.com\/jobandsense\/","https:\/\/www.linkedin.com\/company\/52173671\/admin\/"]}]}},"jetpack_sharing_enabled":true,"_links":{"self":[{"href":"https:\/\/jobandsense.be\/nl\/wp-json\/wp\/v2\/pages\/2753","targetHints":{"allow":["GET"]}}],"collection":[{"href":"https:\/\/jobandsense.be\/nl\/wp-json\/wp\/v2\/pages"}],"about":[{"href":"https:\/\/jobandsense.be\/nl\/wp-json\/wp\/v2\/types\/page"}],"author":[{"embeddable":true,"href":"https:\/\/jobandsense.be\/nl\/wp-json\/wp\/v2\/users\/1"}],"replies":[{"embeddable":true,"href":"https:\/\/jobandsense.be\/nl\/wp-json\/wp\/v2\/comments?post=2753"}],"version-history":[{"count":67,"href":"https:\/\/jobandsense.be\/nl\/wp-json\/wp\/v2\/pages\/2753\/revisions"}],"predecessor-version":[{"id":13860,"href":"https:\/\/jobandsense.be\/nl\/wp-json\/wp\/v2\/pages\/2753\/revisions\/13860"}],"up":[{"embeddable":true,"href":"https:\/\/jobandsense.be\/nl\/wp-json\/wp\/v2\/pages\/989"}],"wp:featuredmedia":[{"embeddable":true,"href":"https:\/\/jobandsense.be\/nl\/wp-json\/wp\/v2\/media\/1066"}],"wp:attachment":[{"href":"https:\/\/jobandsense.be\/nl\/wp-json\/wp\/v2\/media?parent=2753"}],"curies":[{"name":"wp","href":"https:\/\/api.w.org\/{rel}","templated":true}]}}