{"id":13287,"date":"2025-03-10T14:51:52","date_gmt":"2025-03-10T12:51:52","guid":{"rendered":"https:\/\/jobandsense.be\/?page_id=13287"},"modified":"2025-12-16T13:36:28","modified_gmt":"2025-12-16T11:36:28","slug":"het-slashing","status":"publish","type":"page","link":"https:\/\/jobandsense.be\/nl\/toolbox\/inspireren\/het-slashing\/","title":{"rendered":"Het Slashen"},"content":{"rendered":"<div data-elementor-type=\"wp-page\" data-elementor-id=\"13287\" class=\"elementor elementor-13287\" data-elementor-post-type=\"page\">\n\t\t\t\t\t\t<section class=\"elementor-section elementor-top-section elementor-element elementor-element-3de0e132 elementor-section-boxed elementor-section-height-default elementor-section-height-default\" data-id=\"3de0e132\" data-element_type=\"section\" data-e-type=\"section\">\n\t\t\t\t\t\t<div class=\"elementor-container elementor-column-gap-default\">\n\t\t\t\t\t<div class=\"elementor-column elementor-col-100 elementor-top-column elementor-element elementor-element-2f4b2a50\" data-id=\"2f4b2a50\" data-element_type=\"column\" data-e-type=\"column\">\n\t\t\t<div class=\"elementor-widget-wrap elementor-element-populated\">\n\t\t\t\t\t\t<div class=\"elementor-element elementor-element-6bb2c83c elementor-widget elementor-widget-text-editor\" data-id=\"6bb2c83c\" data-element_type=\"widget\" data-e-type=\"widget\" data-widget_type=\"text-editor.default\">\n\t\t\t\t<div class=\"elementor-widget-container\">\n\t\t\t\t\t\t\t\t\t<p data-pm-slice=\"1 1 []\">Moeilijk kiezen tussen verschillende passies? Voel je je beperkt in \u00e9\u00e9n enkel beroep? Wat als je meerdere activiteiten tegelijk kon uitoefenen? Slashen, of de kunst van het uitoefenen van meerdere beroepen tegelijkertijd, is een trend die steeds meer mensen aanspreekt die op zoek zijn naar zingeving en flexibiliteit.<\/p><p data-pm-slice=\"1 1 []\">De term \"slasher\" komt van de beroemde \"\/\" (slash) die de verschillende professionele activiteiten van eenzelfde persoon scheidt. Zo kan je marketeers\/therapeuten, leerkrachten\/auteurs, boekhouders\/yogi's tegenkomen... Dit model maakt het mogelijk om je inkomstenbronnen te diversifi\u00ebren, je talenten te verkennen en je te ontplooien zonder je te moeten beperken tot \u00e9\u00e9n enkele professionele identiteit.<\/p><h2 data-pm-slice=\"1 3 []\">Waarom slasher worden?<\/h2><p>Hier zijn enkele redenen die mensen motiveren om deze aanpak te volgen:<\/p><ul><li style=\"list-style-type: none;\"><ul data-spread=\"false\"><li><p><strong>Een zoektocht naar zingeving<\/strong> : slashen maakt het mogelijk om meerdere passies te combineren en activiteiten uit te oefenen die in lijn zijn met je waarden.<\/p><\/li><li><p><strong>Verhoogde financi\u00eble zekerheid<\/strong> : het diversifi\u00ebren van je inkomstenbronnen vermindert de risico's verbonden aan werkloosheid.<\/p><\/li><li><p><strong>Persoonlijke en professionele ontplooiing<\/strong> : geen verveling meer! Elke dag is een kans om te leren en te verkennen.\u00a0<\/p><\/li><li><b>Vrijheid om de verschillende facetten van je persoonlijkheid uit te drukken.<\/b> des diff\u00e9rentes facettes de sa personnalit\u00e9.<\/li><\/ul><\/li><\/ul><ul><li style=\"list-style-type: none;\"><ul data-spread=\"false\"><li><strong>Grotere flexibiliteit<\/strong> : door je agenda te organiseren, win je aan autonomie en balans tussen werk en priv\u00e9leven.<\/li><\/ul><\/li><\/ul><div><h2 data-pm-slice=\"1 3 []\">Hoe word je slasher in Belgi\u00eb?<\/h2><p>Als het slashen-avontuur je aanspreekt, zijn hier enkele stappen om goed te beginnen:<\/p><ol start=\"1\" data-spread=\"false\"><li><p><strong>Identificeer je competenties en passies<\/strong> : Wat zijn je sterke punten? Welke domeinen doen je hart sneller kloppen?<\/p><\/li><li><p><strong>Test voorzichtig<\/strong> : Je hoeft niet alles op te geven, begin bijvoorbeeld met een complementaire activiteit in deeltijd.<\/p><\/li><li><p><strong>Kies het juiste juridische statuut<\/strong> Werknemer, bijberoeps zelfstandige, zelfstandige... Belgi\u00eb biedt verschillende opties om activiteiten legaal te combineren. Je kunt beginnen met een systeem zoals <span style=\"text-decoration: underline;\"><a href=\"https:\/\/smartbe.be\/nl\/\" target=\"_blank\" rel=\"noopener\">SMART<\/a><\/span> om je activiteit te testen en te factureren zonder je professionele statuut te moeten wijzigen.\u00a0<\/p><\/li><li><p><strong>Organiseer je tijd intelligent<\/strong> : Het belangrijkste instrument van de slasher is een goed tijdsbeheer!<\/p><\/li><\/ol><h2 data-pm-slice=\"1 3 []\">De uitdagingen van slashen<span style=\"color: #292929; font-size: 20px;\">\u00a0<\/span><\/h2><div>Het tijdsbeheer tussen de verschillende activiteiten, de administratieve en fiscale aspecten en het risico om je te verspreiden over te veel projecten tegelijk zijn de belangrijkste uitdagingen om te overwinnen.<\/div><div>\u00a0<\/div><div><h2 data-pm-slice=\"1 3 []\">Inspirerende lectuur (in Frans)<\/h2><p>Het boek \"Profession Slasheur\" van Murielle Barbe is een gereedschapskist vol adviezen en sleutels om te kunnen beginnen met slashen.\u00a0<\/p><h2 data-pm-slice=\"1 3 []\">Conclusie<\/h2><\/div><div>Kiezen voor slashen betekent het geleidelijk toevoegen van nieuwe competenties en activiteiten zonder een bocht van 180 graden te maken. Het is zingeving terugvinden in je werk zonder noodzakelijk te moeten kiezen.\u00a0<\/div><div>\u00a0<\/div><div>\u00a0<\/div><\/div>\t\t\t\t\t\t\t\t<\/div>\n\t\t\t\t<\/div>\n\t\t\t\t\t<\/div>\n\t\t<\/div>\n\t\t\t\t\t<\/div>\n\t\t<\/section>\n\t\t\t\t<\/div>","protected":false},"excerpt":{"rendered":"<p>Vous avez du mal \u00e0 choisir entre plusieurs passions ? Vous vous sentez \u00e0 l\u2019\u00e9troit dans un m\u00e9tier unique ? Et si vous pouviez embrasser plusieurs activit\u00e9s en m\u00eame temps ? Le slashing, ou l\u2019art d\u2019exercer plusieurs m\u00e9tiers simultan\u00e9ment, est une tendance qui s\u00e9duit de plus en plus de personnes en qu\u00eate de sens et&#8230;<\/p>","protected":false},"author":1,"featured_media":13292,"parent":2218,"menu_order":6,"comment_status":"closed","ping_status":"closed","template":"","meta":{"_acf_changed":false,"episode_type":"","audio_file":"","cover_image":"","cover_image_id":"","duration":"","filesize":"","filesize_raw":"","date_recorded":"","explicit":"","block":"","footnotes":""},"class_list":["post-13287","page","type-page","status-publish","has-post-thumbnail","hentry","wpbf-post"],"acf":[],"yoast_head":"<!-- This site is optimized with the Yoast SEO plugin v26.8 - https:\/\/yoast.com\/product\/yoast-seo-wordpress\/ -->\n<title>Liste de podcasts inspirants &#8226; Job&amp;Sense<\/title>\n<meta name=\"description\" content=\"La facilit\u00e9 du podcast pour \u00e9couter \u00e0 tout moment de la journ\u00e9e des t\u00e9moignages inspirants, des conseils et des astuces.\" \/>\n<meta name=\"robots\" content=\"index, follow, max-snippet:-1, max-image-preview:large, max-video-preview:-1\" \/>\n<link rel=\"canonical\" href=\"https:\/\/jobandsense.be\/nl\/toolbox\/inspireren\/het-slashing\/\" \/>\n<meta property=\"og:locale\" content=\"nl_BE\" \/>\n<meta property=\"og:type\" content=\"article\" \/>\n<meta property=\"og:title\" content=\"Liste de podcasts inspirants\" \/>\n<meta property=\"og:description\" content=\"La facilit\u00e9 du podcast pour \u00e9couter \u00e0 tout moment de la journ\u00e9e des t\u00e9moignages inspirants, des conseils et des astuces.\" \/>\n<meta property=\"og:url\" content=\"https:\/\/jobandsense.be\/nl\/toolbox\/inspireren\/het-slashing\/\" \/>\n<meta property=\"og:site_name\" content=\"Job&amp;Sense\" \/>\n<meta property=\"article:publisher\" content=\"https:\/\/www.facebook.com\/JobandSense\" \/>\n<meta property=\"article:modified_time\" content=\"2025-12-16T11:36:28+00:00\" \/>\n<meta property=\"og:image\" content=\"https:\/\/jobandsense.be\/wp-content\/uploads\/2021\/01\/e\u0301couter-des-podcasts.jpg\" \/>\n\t<meta property=\"og:image:width\" content=\"1280\" \/>\n\t<meta property=\"og:image:height\" content=\"853\" \/>\n\t<meta property=\"og:image:type\" content=\"image\/jpeg\" \/>\n<meta name=\"twitter:card\" content=\"summary_large_image\" \/>\n<meta name=\"twitter:label1\" content=\"Geschatte leestijd\" \/>\n\t<meta name=\"twitter:data1\" content=\"3 minuten\" \/>\n<script type=\"application\/ld+json\" class=\"yoast-schema-graph\">{\"@context\":\"https:\/\/schema.org\",\"@graph\":[{\"@type\":\"WebPage\",\"@id\":\"https:\/\/jobandsense.be\/boite-a-outils\/sinspirer\/le-slashing\/\",\"url\":\"https:\/\/jobandsense.be\/boite-a-outils\/sinspirer\/le-slashing\/\",\"name\":\"Liste de podcasts inspirants &#8226; Job&Sense\",\"isPartOf\":{\"@id\":\"https:\/\/jobandsense.be\/#website\"},\"primaryImageOfPage\":{\"@id\":\"https:\/\/jobandsense.be\/boite-a-outils\/sinspirer\/le-slashing\/#primaryimage\"},\"image\":{\"@id\":\"https:\/\/jobandsense.be\/boite-a-outils\/sinspirer\/le-slashing\/#primaryimage\"},\"thumbnailUrl\":\"https:\/\/jobandsense.be\/wp-content\/uploads\/2025\/03\/concept-du-slashing-avec-une-personne-jonglant-entre-plusieurs-professions.-Elle-evoque-lenergie-et-la-diversite-des-parcours-professionnels-possibles.jpg\",\"datePublished\":\"2025-03-10T12:51:52+00:00\",\"dateModified\":\"2025-12-16T11:36:28+00:00\",\"description\":\"La facilit\u00e9 du podcast pour \u00e9couter \u00e0 tout moment de la journ\u00e9e des t\u00e9moignages inspirants, des conseils et des astuces.\",\"breadcrumb\":{\"@id\":\"https:\/\/jobandsense.be\/boite-a-outils\/sinspirer\/le-slashing\/#breadcrumb\"},\"inLanguage\":\"nl-BE\",\"potentialAction\":[{\"@type\":\"ReadAction\",\"target\":[\"https:\/\/jobandsense.be\/boite-a-outils\/sinspirer\/le-slashing\/\"]}]},{\"@type\":\"ImageObject\",\"inLanguage\":\"nl-BE\",\"@id\":\"https:\/\/jobandsense.be\/boite-a-outils\/sinspirer\/le-slashing\/#primaryimage\",\"url\":\"https:\/\/jobandsense.be\/wp-content\/uploads\/2025\/03\/concept-du-slashing-avec-une-personne-jonglant-entre-plusieurs-professions.-Elle-evoque-lenergie-et-la-diversite-des-parcours-professionnels-possibles.jpg\",\"contentUrl\":\"https:\/\/jobandsense.be\/wp-content\/uploads\/2025\/03\/concept-du-slashing-avec-une-personne-jonglant-entre-plusieurs-professions.-Elle-evoque-lenergie-et-la-diversite-des-parcours-professionnels-possibles.jpg\",\"width\":1472,\"height\":832},{\"@type\":\"BreadcrumbList\",\"@id\":\"https:\/\/jobandsense.be\/boite-a-outils\/sinspirer\/le-slashing\/#breadcrumb\",\"itemListElement\":[{\"@type\":\"ListItem\",\"position\":1,\"name\":\"Accueil\",\"item\":\"https:\/\/jobandsense.be\/\"},{\"@type\":\"ListItem\",\"position\":2,\"name\":\"Bo\u00eete \u00e0 outils\",\"item\":\"https:\/\/jobandsense.be\/boite-a-outils\/\"},{\"@type\":\"ListItem\",\"position\":3,\"name\":\"S&rsquo;inspirer\",\"item\":\"https:\/\/jobandsense.be\/boite-a-outils\/sinspirer\/\"},{\"@type\":\"ListItem\",\"position\":4,\"name\":\"le Slashing\"}]},{\"@type\":\"WebSite\",\"@id\":\"https:\/\/jobandsense.be\/#website\",\"url\":\"https:\/\/jobandsense.be\/\",\"name\":\"Job&amp;Sense\",\"description\":\"La plateforme qui vous donne toutes les informations pour trouver un job qui a du sens\",\"publisher\":{\"@id\":\"https:\/\/jobandsense.be\/#organization\"},\"potentialAction\":[{\"@type\":\"SearchAction\",\"target\":{\"@type\":\"EntryPoint\",\"urlTemplate\":\"https:\/\/jobandsense.be\/?s={search_term_string}\"},\"query-input\":{\"@type\":\"PropertyValueSpecification\",\"valueRequired\":true,\"valueName\":\"search_term_string\"}}],\"inLanguage\":\"nl-BE\"},{\"@type\":\"Organization\",\"@id\":\"https:\/\/jobandsense.be\/#organization\",\"name\":\"Job&Sense\",\"url\":\"https:\/\/jobandsense.be\/\",\"logo\":{\"@type\":\"ImageObject\",\"inLanguage\":\"nl-BE\",\"@id\":\"https:\/\/jobandsense.be\/#\/schema\/logo\/image\/\",\"url\":\"\",\"contentUrl\":\"\",\"caption\":\"Job&Sense\"},\"image\":{\"@id\":\"https:\/\/jobandsense.be\/#\/schema\/logo\/image\/\"},\"sameAs\":[\"https:\/\/www.facebook.com\/JobandSense\",\"https:\/\/www.instagram.com\/jobandsense\/\",\"https:\/\/www.linkedin.com\/company\/52173671\/admin\/\"]}]}<\/script>\n<!-- \/ Yoast SEO plugin. -->","yoast_head_json":{"title":"Liste de podcasts inspirants &#8226; Job&Sense","description":"La facilit\u00e9 du podcast pour \u00e9couter \u00e0 tout moment de la journ\u00e9e des t\u00e9moignages inspirants, des conseils et des astuces.","robots":{"index":"index","follow":"follow","max-snippet":"max-snippet:-1","max-image-preview":"max-image-preview:large","max-video-preview":"max-video-preview:-1"},"canonical":"https:\/\/jobandsense.be\/nl\/toolbox\/inspireren\/het-slashing\/","og_locale":"nl_BE","og_type":"article","og_title":"Liste de podcasts inspirants","og_description":"La facilit\u00e9 du podcast pour \u00e9couter \u00e0 tout moment de la journ\u00e9e des t\u00e9moignages inspirants, des conseils et des astuces.","og_url":"https:\/\/jobandsense.be\/nl\/toolbox\/inspireren\/het-slashing\/","og_site_name":"Job&amp;Sense","article_publisher":"https:\/\/www.facebook.com\/JobandSense","article_modified_time":"2025-12-16T11:36:28+00:00","og_image":[{"width":1280,"height":853,"url":"https:\/\/jobandsense.be\/wp-content\/uploads\/2021\/01\/e\u0301couter-des-podcasts.jpg","type":"image\/jpeg"}],"twitter_card":"summary_large_image","twitter_misc":{"Geschatte leestijd":"3 minuten"},"schema":{"@context":"https:\/\/schema.org","@graph":[{"@type":"WebPage","@id":"https:\/\/jobandsense.be\/boite-a-outils\/sinspirer\/le-slashing\/","url":"https:\/\/jobandsense.be\/boite-a-outils\/sinspirer\/le-slashing\/","name":"Liste de podcasts inspirants &#8226; Job&Sense","isPartOf":{"@id":"https:\/\/jobandsense.be\/#website"},"primaryImageOfPage":{"@id":"https:\/\/jobandsense.be\/boite-a-outils\/sinspirer\/le-slashing\/#primaryimage"},"image":{"@id":"https:\/\/jobandsense.be\/boite-a-outils\/sinspirer\/le-slashing\/#primaryimage"},"thumbnailUrl":"https:\/\/jobandsense.be\/wp-content\/uploads\/2025\/03\/concept-du-slashing-avec-une-personne-jonglant-entre-plusieurs-professions.-Elle-evoque-lenergie-et-la-diversite-des-parcours-professionnels-possibles.jpg","datePublished":"2025-03-10T12:51:52+00:00","dateModified":"2025-12-16T11:36:28+00:00","description":"La facilit\u00e9 du podcast pour \u00e9couter \u00e0 tout moment de la journ\u00e9e des t\u00e9moignages inspirants, des conseils et des astuces.","breadcrumb":{"@id":"https:\/\/jobandsense.be\/boite-a-outils\/sinspirer\/le-slashing\/#breadcrumb"},"inLanguage":"nl-BE","potentialAction":[{"@type":"ReadAction","target":["https:\/\/jobandsense.be\/boite-a-outils\/sinspirer\/le-slashing\/"]}]},{"@type":"ImageObject","inLanguage":"nl-BE","@id":"https:\/\/jobandsense.be\/boite-a-outils\/sinspirer\/le-slashing\/#primaryimage","url":"https:\/\/jobandsense.be\/wp-content\/uploads\/2025\/03\/concept-du-slashing-avec-une-personne-jonglant-entre-plusieurs-professions.-Elle-evoque-lenergie-et-la-diversite-des-parcours-professionnels-possibles.jpg","contentUrl":"https:\/\/jobandsense.be\/wp-content\/uploads\/2025\/03\/concept-du-slashing-avec-une-personne-jonglant-entre-plusieurs-professions.-Elle-evoque-lenergie-et-la-diversite-des-parcours-professionnels-possibles.jpg","width":1472,"height":832},{"@type":"BreadcrumbList","@id":"https:\/\/jobandsense.be\/boite-a-outils\/sinspirer\/le-slashing\/#breadcrumb","itemListElement":[{"@type":"ListItem","position":1,"name":"Accueil","item":"https:\/\/jobandsense.be\/"},{"@type":"ListItem","position":2,"name":"Bo\u00eete \u00e0 outils","item":"https:\/\/jobandsense.be\/boite-a-outils\/"},{"@type":"ListItem","position":3,"name":"S&rsquo;inspirer","item":"https:\/\/jobandsense.be\/boite-a-outils\/sinspirer\/"},{"@type":"ListItem","position":4,"name":"le Slashing"}]},{"@type":"WebSite","@id":"https:\/\/jobandsense.be\/#website","url":"https:\/\/jobandsense.be\/","name":"Job&amp;Sense","description":"La plateforme qui vous donne toutes les informations pour trouver un job qui a du sens","publisher":{"@id":"https:\/\/jobandsense.be\/#organization"},"potentialAction":[{"@type":"SearchAction","target":{"@type":"EntryPoint","urlTemplate":"https:\/\/jobandsense.be\/?s={search_term_string}"},"query-input":{"@type":"PropertyValueSpecification","valueRequired":true,"valueName":"search_term_string"}}],"inLanguage":"nl-BE"},{"@type":"Organization","@id":"https:\/\/jobandsense.be\/#organization","name":"Job&Sense","url":"https:\/\/jobandsense.be\/","logo":{"@type":"ImageObject","inLanguage":"nl-BE","@id":"https:\/\/jobandsense.be\/#\/schema\/logo\/image\/","url":"","contentUrl":"","caption":"Job&Sense"},"image":{"@id":"https:\/\/jobandsense.be\/#\/schema\/logo\/image\/"},"sameAs":["https:\/\/www.facebook.com\/JobandSense","https:\/\/www.instagram.com\/jobandsense\/","https:\/\/www.linkedin.com\/company\/52173671\/admin\/"]}]}},"jetpack_sharing_enabled":true,"_links":{"self":[{"href":"https:\/\/jobandsense.be\/nl\/wp-json\/wp\/v2\/pages\/13287","targetHints":{"allow":["GET"]}}],"collection":[{"href":"https:\/\/jobandsense.be\/nl\/wp-json\/wp\/v2\/pages"}],"about":[{"href":"https:\/\/jobandsense.be\/nl\/wp-json\/wp\/v2\/types\/page"}],"author":[{"embeddable":true,"href":"https:\/\/jobandsense.be\/nl\/wp-json\/wp\/v2\/users\/1"}],"replies":[{"embeddable":true,"href":"https:\/\/jobandsense.be\/nl\/wp-json\/wp\/v2\/comments?post=13287"}],"version-history":[{"count":15,"href":"https:\/\/jobandsense.be\/nl\/wp-json\/wp\/v2\/pages\/13287\/revisions"}],"predecessor-version":[{"id":14078,"href":"https:\/\/jobandsense.be\/nl\/wp-json\/wp\/v2\/pages\/13287\/revisions\/14078"}],"up":[{"embeddable":true,"href":"https:\/\/jobandsense.be\/nl\/wp-json\/wp\/v2\/pages\/2218"}],"wp:featuredmedia":[{"embeddable":true,"href":"https:\/\/jobandsense.be\/nl\/wp-json\/wp\/v2\/media\/13292"}],"wp:attachment":[{"href":"https:\/\/jobandsense.be\/nl\/wp-json\/wp\/v2\/media?parent=13287"}],"curies":[{"name":"wp","href":"https:\/\/api.w.org\/{rel}","templated":true}]}}