{"id":9663,"date":"2021-12-07T14:35:41","date_gmt":"2021-12-07T12:35:41","guid":{"rendered":"https:\/\/jobandsense.be\/?page_id=9663"},"modified":"2025-07-25T11:52:16","modified_gmt":"2025-07-25T09:52:16","slug":"tools-for-your-job-search","status":"publish","type":"page","link":"https:\/\/jobandsense.be\/en\/toolbox\/search-for-a-new-job\/tools-for-your-job-search\/","title":{"rendered":"Tools to facilitate job searching"},"content":{"rendered":"<div data-elementor-type=\"wp-page\" data-elementor-id=\"9663\" class=\"elementor elementor-9663\" data-elementor-post-type=\"page\">\n\t\t\t\t\t\t<section class=\"elementor-section elementor-top-section elementor-element elementor-element-33d30056 elementor-section-boxed elementor-section-height-default elementor-section-height-default\" data-id=\"33d30056\" data-element_type=\"section\" data-e-type=\"section\">\n\t\t\t\t\t\t<div class=\"elementor-container elementor-column-gap-default\">\n\t\t\t\t\t<div class=\"elementor-column elementor-col-100 elementor-top-column elementor-element elementor-element-eb77a48\" data-id=\"eb77a48\" data-element_type=\"column\" data-e-type=\"column\">\n\t\t\t<div class=\"elementor-widget-wrap elementor-element-populated\">\n\t\t\t\t\t\t<div class=\"elementor-element elementor-element-6d828a1d elementor-widget elementor-widget-text-editor\" data-id=\"6d828a1d\" data-element_type=\"widget\" data-e-type=\"widget\" data-widget_type=\"text-editor.default\">\n\t\t\t\t<div class=\"elementor-widget-container\">\n\t\t\t\t\t\t\t\t\t<p data-start=\"199\" data-end=\"333\">Don't remember who you sent a job application to, or when ?<br data-start=\"268\" data-end=\"271\" \/>Have you already followed up on this application and when?<\/p><p data-start=\"335\" data-end=\"393\">You can quickly get lost when looking for work.<\/p><p data-start=\"395\" data-end=\"456\">Good organization can really make things easier for you.<\/p><p data-start=\"458\" data-end=\"549\">Here are some free tools that can help you effectively track your efforts:<\/p><p data-start=\"551\" data-end=\"842\"><span style=\"text-decoration: underline;\"><strong><a href=\"https:\/\/trello.com\/fr\" target=\"_blank\" rel=\"noopener\">Trello<\/a><\/strong><\/span> This is a visual board that allows you to classify your applications according to their progress. For example, you can create columns \"To apply\", \"Application sent\", \"Follow-up to do\", \"Interview scheduled\", \"Response received\". This gives you a clear and simple overview.<\/p><p data-start=\"844\" data-end=\"1098\"><span style=\"text-decoration: underline;\"><a href=\"https:\/\/sheets.google.com\" target=\"_blank\" rel=\"noopener\"><strong data-start=\"844\" data-end=\"861\">Google Sheets<\/strong><\/a> <\/span>An online Excel spreadsheet that you can customize according to your needs. You can note the company, sending date, targeted position, follow-up date, feedback received... It's an accessible and easy-to-use tool.<\/p><p data-start=\"1100\" data-end=\"1359\"><span style=\"text-decoration: underline;\"><a href=\"https:\/\/notion.so\" target=\"_blank\" rel=\"noopener\"><strong data-start=\"1100\" data-end=\"1110\">Notion<\/strong><\/a><\/span> A more comprehensive solution that allows you to create a custom database. You can combine multiple views (table, calendar, list) and gather all your resources in the same place: CV, cover letters, email templates, etc.<\/p><p data-start=\"1361\" data-end=\"1564\"><span style=\"text-decoration: underline;\"><a href=\"https:\/\/my.actiris.brussels\/citizen\/registration-selection\" target=\"_blank\" rel=\"noopener\"><strong data-start=\"1361\" data-end=\"1375\">My Actiris<\/strong><\/a><\/span> If you are registered with Actiris (Brussels), you can track your applications through your personal space. This provides a structured overview of your efforts.<\/p><p data-start=\"1566\" data-end=\"1799\"><span style=\"text-decoration: underline;\"><a href=\"https:\/\/www.vdab.be\/help\/voordelen-account\" target=\"_blank\" rel=\"noopener\"><strong data-start=\"1566\" data-end=\"1590\">VDAB \u2013 Mijn Loopbaan<\/strong><\/a><\/span> For people residing in Flanders, the VDAB platform also offers a similar tracking tool, called Mijn Loopbaan. It allows you to note your applications and keep track of your journey.<\/p><p data-start=\"2036\" data-end=\"2244\">You can also take a look at the <span style=\"text-decoration: underline;\"><a href=\"https:\/\/www.emploi-box.be\/\" target=\"_blank\" rel=\"noopener\">Emploi box<\/a><\/span> platform created by Forem. This site brings together websites and mobile applications to boost your job search.<\/p><p data-start=\"2246\" data-end=\"2412\">It's up to you to choose the tool that suits you best. The most important thing is to be able to find your way around easily and stay consistent in tracking your actions.R\u00e9essayerClaude peut faire des erreurs. Assurez-vous de v\u00e9rifier ses r\u00e9ponses.<\/p><p><!-- \/wp:paragraph --><\/p>\t\t\t\t\t\t\t\t<\/div>\n\t\t\t\t<\/div>\n\t\t\t\t\t<\/div>\n\t\t<\/div>\n\t\t\t\t\t<\/div>\n\t\t<\/section>\n\t\t\t\t<\/div>","protected":false},"excerpt":{"rendered":"<p>Vous ne savez plus \u00e0 qui vous avez envoy\u00e9 une candidature, ni quand ?Est-ce que vous avez d\u00e9j\u00e0 relanc\u00e9 cette candidature et quand ? On peut vite \u00eatre perdu lorsque l\u2019on recherche un travail. Une bonne organisation peut vraiment vous faciliter la t\u00e2che. Voici quelques outils gratuits qui peuvent vous aider \u00e0 suivre efficacement vos&#8230;<\/p>","protected":false},"author":1,"featured_media":9664,"parent":2768,"menu_order":7,"comment_status":"closed","ping_status":"closed","template":"","meta":{"_acf_changed":false,"episode_type":"","audio_file":"","cover_image":"","cover_image_id":"","duration":"","filesize":"","filesize_raw":"","date_recorded":"","explicit":"","block":"","footnotes":""},"class_list":["post-9663","page","type-page","status-publish","has-post-thumbnail","hentry","wpbf-post"],"acf":[],"yoast_head":"<!-- This site is optimized with the Yoast SEO plugin v26.8 - https:\/\/yoast.com\/product\/yoast-seo-wordpress\/ -->\n<title>Les outils pour sa recherche d&#039;emploi &#8226; Job&amp;Sense<\/title>\n<meta name=\"description\" content=\"Vous ne savez plus \u00e0 qui vous avez envoy\u00e9 une candidature, ni quand ?Est-ce que vous avez d\u00e9j\u00e0 relanc\u00e9 cette candidature et quand ?On peut vite \u00eatre perdu\" \/>\n<meta name=\"robots\" content=\"index, follow, max-snippet:-1, max-image-preview:large, max-video-preview:-1\" \/>\n<link rel=\"canonical\" href=\"https:\/\/jobandsense.be\/en\/toolbox\/search-for-a-new-job\/tools-for-your-job-search\/\" \/>\n<meta property=\"og:locale\" content=\"en_GB\" \/>\n<meta property=\"og:type\" content=\"article\" \/>\n<meta property=\"og:title\" content=\"Les outils pour sa recherche d&#039;emploi &#8226; Job&amp;Sense\" \/>\n<meta property=\"og:description\" content=\"Vous ne savez plus \u00e0 qui vous avez envoy\u00e9 une candidature, ni quand ?Est-ce que vous avez d\u00e9j\u00e0 relanc\u00e9 cette candidature et quand ?On peut vite \u00eatre perdu\" \/>\n<meta property=\"og:url\" content=\"https:\/\/jobandsense.be\/en\/toolbox\/search-for-a-new-job\/tools-for-your-job-search\/\" \/>\n<meta property=\"og:site_name\" content=\"Job&amp;Sense\" \/>\n<meta property=\"article:publisher\" content=\"https:\/\/www.facebook.com\/JobandSense\" \/>\n<meta property=\"article:modified_time\" content=\"2025-07-25T09:52:16+00:00\" \/>\n<meta property=\"og:image\" content=\"https:\/\/jobandsense.be\/wp-content\/uploads\/2021\/12\/tools-g02281bfea_1920.jpg\" \/>\n\t<meta property=\"og:image:width\" content=\"1920\" \/>\n\t<meta property=\"og:image:height\" content=\"1280\" \/>\n\t<meta property=\"og:image:type\" content=\"image\/jpeg\" \/>\n<meta name=\"twitter:card\" content=\"summary_large_image\" \/>\n<meta name=\"twitter:label1\" content=\"Estimated reading time\" \/>\n\t<meta name=\"twitter:data1\" content=\"2 minutes\" \/>\n<script type=\"application\/ld+json\" class=\"yoast-schema-graph\">{\"@context\":\"https:\/\/schema.org\",\"@graph\":[{\"@type\":\"WebPage\",\"@id\":\"https:\/\/jobandsense.be\/boite-a-outils\/rechercher-un-nouvel-emploi\/les-outils-pour-sa-recherche-demploi\/\",\"url\":\"https:\/\/jobandsense.be\/boite-a-outils\/rechercher-un-nouvel-emploi\/les-outils-pour-sa-recherche-demploi\/\",\"name\":\"Les outils pour sa recherche d'emploi &#8226; Job&amp;Sense\",\"isPartOf\":{\"@id\":\"https:\/\/jobandsense.be\/#website\"},\"primaryImageOfPage\":{\"@id\":\"https:\/\/jobandsense.be\/boite-a-outils\/rechercher-un-nouvel-emploi\/les-outils-pour-sa-recherche-demploi\/#primaryimage\"},\"image\":{\"@id\":\"https:\/\/jobandsense.be\/boite-a-outils\/rechercher-un-nouvel-emploi\/les-outils-pour-sa-recherche-demploi\/#primaryimage\"},\"thumbnailUrl\":\"https:\/\/jobandsense.be\/wp-content\/uploads\/2021\/12\/tools-g02281bfea_1920.jpg\",\"datePublished\":\"2021-12-07T12:35:41+00:00\",\"dateModified\":\"2025-07-25T09:52:16+00:00\",\"description\":\"Vous ne savez plus \u00e0 qui vous avez envoy\u00e9 une candidature, ni quand ?Est-ce que vous avez d\u00e9j\u00e0 relanc\u00e9 cette candidature et quand ?On peut vite \u00eatre perdu\",\"breadcrumb\":{\"@id\":\"https:\/\/jobandsense.be\/boite-a-outils\/rechercher-un-nouvel-emploi\/les-outils-pour-sa-recherche-demploi\/#breadcrumb\"},\"inLanguage\":\"en-GB\",\"potentialAction\":[{\"@type\":\"ReadAction\",\"target\":[\"https:\/\/jobandsense.be\/boite-a-outils\/rechercher-un-nouvel-emploi\/les-outils-pour-sa-recherche-demploi\/\"]}]},{\"@type\":\"ImageObject\",\"inLanguage\":\"en-GB\",\"@id\":\"https:\/\/jobandsense.be\/boite-a-outils\/rechercher-un-nouvel-emploi\/les-outils-pour-sa-recherche-demploi\/#primaryimage\",\"url\":\"https:\/\/jobandsense.be\/wp-content\/uploads\/2021\/12\/tools-g02281bfea_1920.jpg\",\"contentUrl\":\"https:\/\/jobandsense.be\/wp-content\/uploads\/2021\/12\/tools-g02281bfea_1920.jpg\",\"width\":1920,\"height\":1280,\"caption\":\"outils\"},{\"@type\":\"BreadcrumbList\",\"@id\":\"https:\/\/jobandsense.be\/boite-a-outils\/rechercher-un-nouvel-emploi\/les-outils-pour-sa-recherche-demploi\/#breadcrumb\",\"itemListElement\":[{\"@type\":\"ListItem\",\"position\":1,\"name\":\"Accueil\",\"item\":\"https:\/\/jobandsense.be\/\"},{\"@type\":\"ListItem\",\"position\":2,\"name\":\"Bo\u00eete \u00e0 outils\",\"item\":\"https:\/\/jobandsense.be\/boite-a-outils\/\"},{\"@type\":\"ListItem\",\"position\":3,\"name\":\"Rechercher un nouvel emploi\",\"item\":\"https:\/\/jobandsense.be\/boite-a-outils\/rechercher-un-nouvel-emploi\/\"},{\"@type\":\"ListItem\",\"position\":4,\"name\":\"Les outils pour sa recherche d&#8217;emploi\"}]},{\"@type\":\"WebSite\",\"@id\":\"https:\/\/jobandsense.be\/#website\",\"url\":\"https:\/\/jobandsense.be\/\",\"name\":\"Job&amp;Sense\",\"description\":\"La plateforme qui vous donne toutes les informations pour trouver un job qui a du sens\",\"publisher\":{\"@id\":\"https:\/\/jobandsense.be\/#organization\"},\"potentialAction\":[{\"@type\":\"SearchAction\",\"target\":{\"@type\":\"EntryPoint\",\"urlTemplate\":\"https:\/\/jobandsense.be\/?s={search_term_string}\"},\"query-input\":{\"@type\":\"PropertyValueSpecification\",\"valueRequired\":true,\"valueName\":\"search_term_string\"}}],\"inLanguage\":\"en-GB\"},{\"@type\":\"Organization\",\"@id\":\"https:\/\/jobandsense.be\/#organization\",\"name\":\"Job&Sense\",\"url\":\"https:\/\/jobandsense.be\/\",\"logo\":{\"@type\":\"ImageObject\",\"inLanguage\":\"en-GB\",\"@id\":\"https:\/\/jobandsense.be\/#\/schema\/logo\/image\/\",\"url\":\"\",\"contentUrl\":\"\",\"caption\":\"Job&Sense\"},\"image\":{\"@id\":\"https:\/\/jobandsense.be\/#\/schema\/logo\/image\/\"},\"sameAs\":[\"https:\/\/www.facebook.com\/JobandSense\",\"https:\/\/www.instagram.com\/jobandsense\/\",\"https:\/\/www.linkedin.com\/company\/52173671\/admin\/\"]}]}<\/script>\n<!-- \/ Yoast SEO plugin. -->","yoast_head_json":{"title":"Les outils pour sa recherche d'emploi &#8226; Job&amp;Sense","description":"Vous ne savez plus \u00e0 qui vous avez envoy\u00e9 une candidature, ni quand ?Est-ce que vous avez d\u00e9j\u00e0 relanc\u00e9 cette candidature et quand ?On peut vite \u00eatre perdu","robots":{"index":"index","follow":"follow","max-snippet":"max-snippet:-1","max-image-preview":"max-image-preview:large","max-video-preview":"max-video-preview:-1"},"canonical":"https:\/\/jobandsense.be\/en\/toolbox\/search-for-a-new-job\/tools-for-your-job-search\/","og_locale":"en_GB","og_type":"article","og_title":"Les outils pour sa recherche d'emploi &#8226; Job&amp;Sense","og_description":"Vous ne savez plus \u00e0 qui vous avez envoy\u00e9 une candidature, ni quand ?Est-ce que vous avez d\u00e9j\u00e0 relanc\u00e9 cette candidature et quand ?On peut vite \u00eatre perdu","og_url":"https:\/\/jobandsense.be\/en\/toolbox\/search-for-a-new-job\/tools-for-your-job-search\/","og_site_name":"Job&amp;Sense","article_publisher":"https:\/\/www.facebook.com\/JobandSense","article_modified_time":"2025-07-25T09:52:16+00:00","og_image":[{"width":1920,"height":1280,"url":"https:\/\/jobandsense.be\/wp-content\/uploads\/2021\/12\/tools-g02281bfea_1920.jpg","type":"image\/jpeg"}],"twitter_card":"summary_large_image","twitter_misc":{"Estimated reading time":"2 minutes"},"schema":{"@context":"https:\/\/schema.org","@graph":[{"@type":"WebPage","@id":"https:\/\/jobandsense.be\/boite-a-outils\/rechercher-un-nouvel-emploi\/les-outils-pour-sa-recherche-demploi\/","url":"https:\/\/jobandsense.be\/boite-a-outils\/rechercher-un-nouvel-emploi\/les-outils-pour-sa-recherche-demploi\/","name":"Les outils pour sa recherche d'emploi &#8226; Job&amp;Sense","isPartOf":{"@id":"https:\/\/jobandsense.be\/#website"},"primaryImageOfPage":{"@id":"https:\/\/jobandsense.be\/boite-a-outils\/rechercher-un-nouvel-emploi\/les-outils-pour-sa-recherche-demploi\/#primaryimage"},"image":{"@id":"https:\/\/jobandsense.be\/boite-a-outils\/rechercher-un-nouvel-emploi\/les-outils-pour-sa-recherche-demploi\/#primaryimage"},"thumbnailUrl":"https:\/\/jobandsense.be\/wp-content\/uploads\/2021\/12\/tools-g02281bfea_1920.jpg","datePublished":"2021-12-07T12:35:41+00:00","dateModified":"2025-07-25T09:52:16+00:00","description":"Vous ne savez plus \u00e0 qui vous avez envoy\u00e9 une candidature, ni quand ?Est-ce que vous avez d\u00e9j\u00e0 relanc\u00e9 cette candidature et quand ?On peut vite \u00eatre perdu","breadcrumb":{"@id":"https:\/\/jobandsense.be\/boite-a-outils\/rechercher-un-nouvel-emploi\/les-outils-pour-sa-recherche-demploi\/#breadcrumb"},"inLanguage":"en-GB","potentialAction":[{"@type":"ReadAction","target":["https:\/\/jobandsense.be\/boite-a-outils\/rechercher-un-nouvel-emploi\/les-outils-pour-sa-recherche-demploi\/"]}]},{"@type":"ImageObject","inLanguage":"en-GB","@id":"https:\/\/jobandsense.be\/boite-a-outils\/rechercher-un-nouvel-emploi\/les-outils-pour-sa-recherche-demploi\/#primaryimage","url":"https:\/\/jobandsense.be\/wp-content\/uploads\/2021\/12\/tools-g02281bfea_1920.jpg","contentUrl":"https:\/\/jobandsense.be\/wp-content\/uploads\/2021\/12\/tools-g02281bfea_1920.jpg","width":1920,"height":1280,"caption":"outils"},{"@type":"BreadcrumbList","@id":"https:\/\/jobandsense.be\/boite-a-outils\/rechercher-un-nouvel-emploi\/les-outils-pour-sa-recherche-demploi\/#breadcrumb","itemListElement":[{"@type":"ListItem","position":1,"name":"Accueil","item":"https:\/\/jobandsense.be\/"},{"@type":"ListItem","position":2,"name":"Bo\u00eete \u00e0 outils","item":"https:\/\/jobandsense.be\/boite-a-outils\/"},{"@type":"ListItem","position":3,"name":"Rechercher un nouvel emploi","item":"https:\/\/jobandsense.be\/boite-a-outils\/rechercher-un-nouvel-emploi\/"},{"@type":"ListItem","position":4,"name":"Les outils pour sa recherche d&#8217;emploi"}]},{"@type":"WebSite","@id":"https:\/\/jobandsense.be\/#website","url":"https:\/\/jobandsense.be\/","name":"Job&amp;Sense","description":"La plateforme qui vous donne toutes les informations pour trouver un job qui a du sens","publisher":{"@id":"https:\/\/jobandsense.be\/#organization"},"potentialAction":[{"@type":"SearchAction","target":{"@type":"EntryPoint","urlTemplate":"https:\/\/jobandsense.be\/?s={search_term_string}"},"query-input":{"@type":"PropertyValueSpecification","valueRequired":true,"valueName":"search_term_string"}}],"inLanguage":"en-GB"},{"@type":"Organization","@id":"https:\/\/jobandsense.be\/#organization","name":"Job&Sense","url":"https:\/\/jobandsense.be\/","logo":{"@type":"ImageObject","inLanguage":"en-GB","@id":"https:\/\/jobandsense.be\/#\/schema\/logo\/image\/","url":"","contentUrl":"","caption":"Job&Sense"},"image":{"@id":"https:\/\/jobandsense.be\/#\/schema\/logo\/image\/"},"sameAs":["https:\/\/www.facebook.com\/JobandSense","https:\/\/www.instagram.com\/jobandsense\/","https:\/\/www.linkedin.com\/company\/52173671\/admin\/"]}]}},"jetpack_sharing_enabled":true,"_links":{"self":[{"href":"https:\/\/jobandsense.be\/en\/wp-json\/wp\/v2\/pages\/9663","targetHints":{"allow":["GET"]}}],"collection":[{"href":"https:\/\/jobandsense.be\/en\/wp-json\/wp\/v2\/pages"}],"about":[{"href":"https:\/\/jobandsense.be\/en\/wp-json\/wp\/v2\/types\/page"}],"author":[{"embeddable":true,"href":"https:\/\/jobandsense.be\/en\/wp-json\/wp\/v2\/users\/1"}],"replies":[{"embeddable":true,"href":"https:\/\/jobandsense.be\/en\/wp-json\/wp\/v2\/comments?post=9663"}],"version-history":[{"count":26,"href":"https:\/\/jobandsense.be\/en\/wp-json\/wp\/v2\/pages\/9663\/revisions"}],"predecessor-version":[{"id":13714,"href":"https:\/\/jobandsense.be\/en\/wp-json\/wp\/v2\/pages\/9663\/revisions\/13714"}],"up":[{"embeddable":true,"href":"https:\/\/jobandsense.be\/en\/wp-json\/wp\/v2\/pages\/2768"}],"wp:featuredmedia":[{"embeddable":true,"href":"https:\/\/jobandsense.be\/en\/wp-json\/wp\/v2\/media\/9664"}],"wp:attachment":[{"href":"https:\/\/jobandsense.be\/en\/wp-json\/wp\/v2\/media?parent=9663"}],"curies":[{"name":"wp","href":"https:\/\/api.w.org\/{rel}","templated":true}]}}