{"id":4350,"date":"2021-01-21T13:39:00","date_gmt":"2021-01-21T13:39:00","guid":{"rendered":"https:\/\/jobandsense.be\/?page_id=4350"},"modified":"2021-01-21T13:53:13","modified_gmt":"2021-01-21T13:53:13","slug":"define-the-causes-you-would-like-to-support","status":"publish","type":"page","link":"https:\/\/jobandsense.be\/en\/toolbox\/get-to-know-yourself-better\/define-the-causes-you-would-like-to-support\/","title":{"rendered":"Defining the causes you would like to support"},"content":{"rendered":"<div data-elementor-type=\"wp-page\" data-elementor-id=\"4350\" class=\"elementor elementor-4350\" data-elementor-post-type=\"page\">\n\t\t\t\t\t\t<section class=\"elementor-section elementor-top-section elementor-element elementor-element-ec62702 elementor-section-boxed elementor-section-height-default elementor-section-height-default\" data-id=\"ec62702\" data-element_type=\"section\" data-e-type=\"section\">\n\t\t\t\t\t\t<div class=\"elementor-container elementor-column-gap-default\">\n\t\t\t\t\t<div class=\"elementor-column elementor-col-100 elementor-top-column elementor-element elementor-element-5d7b86d1\" data-id=\"5d7b86d1\" data-element_type=\"column\" data-e-type=\"column\">\n\t\t\t<div class=\"elementor-widget-wrap elementor-element-populated\">\n\t\t\t\t\t\t<div class=\"elementor-element elementor-element-718bbea9 elementor-widget elementor-widget-text-editor\" data-id=\"718bbea9\" data-element_type=\"widget\" data-e-type=\"widget\" data-widget_type=\"text-editor.default\">\n\t\t\t\t<div class=\"elementor-widget-container\">\n\t\t\t\t\t\t\t\t\t<p><\/p>\n<p>You would like your work to have a positive impact on society but you don't know which cause to choose.<\/p>\n<p><\/p>\n<p><\/p>\n<p>You are aware of the many social challenges (inequalities, poverty, social connection, ...) and environmental issues (warming, waste, biodiversity, agriculture...) but how do you know which field you should commit to?<\/p>\n<p><\/p>\n<p><\/p>\n<p>We suggest you ask yourself the following questions:<\/p>\n<p><\/p>\n<p><\/p>\n<ul class=\"wp-block-list\">\n<li>What outrages you, what revolts you when reading newspapers or listening to the news or in your daily life?<\/li>\n<li>Is there something that speaks to you to the point that you could mobilize yourself to hope to change something about it?<\/li>\n<\/ul>\n<p><\/p>\n<p><\/p>\n<p>You may have the impression of feeling powerless regarding what touches you most. Changing the world can start by looking at what's going wrong around you, at the scale of your neighborhood, your city or your work environment.<\/p>\n<p><\/p>\n<p><\/p>\n<p>You can also look at which of the 17 sustainable development challenges defined by the UN speak to you most.<\/p>\n<p><\/p>\t\t\t\t\t\t\t\t<\/div>\n\t\t\t\t<\/div>\n\t\t\t\t<div class=\"elementor-element elementor-element-37fcd5d elementor-widget elementor-widget-image\" data-id=\"37fcd5d\" data-element_type=\"widget\" data-e-type=\"widget\" data-widget_type=\"image.default\">\n\t\t\t\t<div class=\"elementor-widget-container\">\n\t\t\t\t\t\t\t\t\t\t\t\t\t\t\t<img fetchpriority=\"high\" decoding=\"async\" width=\"734\" height=\"430\" src=\"https:\/\/jobandsense.be\/wp-content\/uploads\/2025\/09\/Sustainable_Development_Goals.svg_.png\" class=\"attachment-large size-large wp-image-4361\" alt=\"objectifs du d\u00e9veloppement durable\" srcset=\"https:\/\/jobandsense.be\/wp-content\/uploads\/2025\/09\/Sustainable_Development_Goals.svg_.png 1024w, https:\/\/jobandsense.be\/wp-content\/uploads\/2025\/09\/Sustainable_Development_Goals.svg_-300x190.png 300w, https:\/\/jobandsense.be\/wp-content\/uploads\/2025\/09\/Sustainable_Development_Goals.svg_-768x487.png 768w, https:\/\/jobandsense.be\/wp-content\/uploads\/2025\/09\/Sustainable_Development_Goals.svg_-18x12.png 18w\" sizes=\"(max-width: 734px) 100vw, 734px\" \/>\t\t\t\t\t\t\t\t\t\t\t\t\t\t\t<\/div>\n\t\t\t\t<\/div>\n\t\t\t\t<div class=\"elementor-element elementor-element-c24e8fe elementor-widget elementor-widget-text-editor\" data-id=\"c24e8fe\" data-element_type=\"widget\" data-e-type=\"widget\" data-widget_type=\"text-editor.default\">\n\t\t\t\t<div class=\"elementor-widget-container\">\n\t\t\t\t\t\t\t\t\t<p>Also ask yourself the following questions:<\/p>\n<ul>\n<li>Which age category suits me best?<\/li>\n<li>In which sectors of activity would you have the most impact?<\/li>\n<li>Is it rather in my neighborhood, my city, in Belgium, internationally?\u00a0<\/li>\n<\/ul>\n<p>In conclusion, know that you could be useful everywhere. The most important question is to ask yourself where your talent and skills would be most useful. In which field would you have the greatest positive impact for the world?\u00a0<\/p>\t\t\t\t\t\t\t\t<\/div>\n\t\t\t\t<\/div>\n\t\t\t\t\t<\/div>\n\t\t<\/div>\n\t\t\t\t\t<\/div>\n\t\t<\/section>\n\t\t\t\t<\/div>","protected":false},"excerpt":{"rendered":"<p>Vous aimeriez que votre travail ait un impact positif sur la soci\u00e9t\u00e9 mais vous ne savez pas quelle cause choisir. Vous \u00eates conscient des nombreux enjeux sociaux (in\u00e9galit\u00e9s, pauvret\u00e9, lien social, \u2026) et environnementaux (r\u00e9chauffement, d\u00e9chets, biodiversit\u00e9, agriculture\u2026) mais comment savoir dans quel domaine vous devez-vous engager ? Nous vous proposons de vous poser les&#8230;<\/p>","protected":false},"author":1,"featured_media":4351,"parent":2211,"menu_order":8,"comment_status":"closed","ping_status":"closed","template":"","meta":{"_acf_changed":false,"episode_type":"","audio_file":"","cover_image":"","cover_image_id":"","duration":"","filesize":"","filesize_raw":"","date_recorded":"","explicit":"","block":"","footnotes":""},"class_list":["post-4350","page","type-page","status-publish","has-post-thumbnail","hentry","wpbf-post"],"acf":[],"yoast_head":"<!-- This site is optimized with the Yoast SEO plugin v26.8 - https:\/\/yoast.com\/product\/yoast-seo-wordpress\/ -->\n<title>D\u00e9finir les causes que vous aimeriez soutenir &#8226; Job&amp;Sense<\/title>\n<meta name=\"description\" content=\"Vous aimeriez que votre travail ait un impact positif sur la soci\u00e9t\u00e9 mais vous ne savez pas quelle cause choisir.\" \/>\n<meta name=\"robots\" content=\"index, follow, max-snippet:-1, max-image-preview:large, max-video-preview:-1\" \/>\n<link rel=\"canonical\" href=\"https:\/\/jobandsense.be\/en\/toolbox\/get-to-know-yourself-better\/define-the-causes-you-would-like-to-support\/\" \/>\n<meta property=\"og:locale\" content=\"en_GB\" \/>\n<meta property=\"og:type\" content=\"article\" \/>\n<meta property=\"og:title\" content=\"D\u00e9finir les causes que vous aimeriez soutenir\" \/>\n<meta property=\"og:description\" content=\"Vous aimeriez que votre travail ait un impact positif sur la soci\u00e9t\u00e9 mais vous ne savez pas quelle cause choisir.\" \/>\n<meta property=\"og:url\" content=\"https:\/\/jobandsense.be\/en\/toolbox\/get-to-know-yourself-better\/define-the-causes-you-would-like-to-support\/\" \/>\n<meta property=\"og:site_name\" content=\"Job&amp;Sense\" \/>\n<meta property=\"article:publisher\" content=\"https:\/\/www.facebook.com\/JobandSense\" \/>\n<meta property=\"article:modified_time\" content=\"2021-01-21T13:53:13+00:00\" \/>\n<meta property=\"og:image\" content=\"https:\/\/jobandsense.be\/wp-content\/uploads\/2021\/01\/causes-a\u0300-soutenir.jpg\" \/>\n\t<meta property=\"og:image:width\" content=\"1280\" \/>\n\t<meta property=\"og:image:height\" content=\"854\" \/>\n\t<meta property=\"og:image:type\" content=\"image\/jpeg\" \/>\n<meta name=\"twitter:card\" content=\"summary_large_image\" \/>\n<meta name=\"twitter:label1\" content=\"Estimated reading time\" \/>\n\t<meta name=\"twitter:data1\" content=\"2 minutes\" \/>\n<script type=\"application\/ld+json\" class=\"yoast-schema-graph\">{\"@context\":\"https:\/\/schema.org\",\"@graph\":[{\"@type\":\"WebPage\",\"@id\":\"https:\/\/jobandsense.be\/boite-a-outils\/mieux-se-connaitre\/definir-les-causes-que-vous-aimeriez-soutenir\/\",\"url\":\"https:\/\/jobandsense.be\/boite-a-outils\/mieux-se-connaitre\/definir-les-causes-que-vous-aimeriez-soutenir\/\",\"name\":\"D\u00e9finir les causes que vous aimeriez soutenir &#8226; Job&Sense\",\"isPartOf\":{\"@id\":\"https:\/\/jobandsense.be\/#website\"},\"primaryImageOfPage\":{\"@id\":\"https:\/\/jobandsense.be\/boite-a-outils\/mieux-se-connaitre\/definir-les-causes-que-vous-aimeriez-soutenir\/#primaryimage\"},\"image\":{\"@id\":\"https:\/\/jobandsense.be\/boite-a-outils\/mieux-se-connaitre\/definir-les-causes-que-vous-aimeriez-soutenir\/#primaryimage\"},\"thumbnailUrl\":\"https:\/\/jobandsense.be\/wp-content\/uploads\/2021\/01\/causes-a\u0300-soutenir.jpg\",\"datePublished\":\"2021-01-21T13:39:00+00:00\",\"dateModified\":\"2021-01-21T13:53:13+00:00\",\"description\":\"Vous aimeriez que votre travail ait un impact positif sur la soci\u00e9t\u00e9 mais vous ne savez pas quelle cause choisir.\",\"breadcrumb\":{\"@id\":\"https:\/\/jobandsense.be\/boite-a-outils\/mieux-se-connaitre\/definir-les-causes-que-vous-aimeriez-soutenir\/#breadcrumb\"},\"inLanguage\":\"en-GB\",\"potentialAction\":[{\"@type\":\"ReadAction\",\"target\":[\"https:\/\/jobandsense.be\/boite-a-outils\/mieux-se-connaitre\/definir-les-causes-que-vous-aimeriez-soutenir\/\"]}]},{\"@type\":\"ImageObject\",\"inLanguage\":\"en-GB\",\"@id\":\"https:\/\/jobandsense.be\/boite-a-outils\/mieux-se-connaitre\/definir-les-causes-que-vous-aimeriez-soutenir\/#primaryimage\",\"url\":\"https:\/\/jobandsense.be\/wp-content\/uploads\/2021\/01\/causes-a\u0300-soutenir.jpg\",\"contentUrl\":\"https:\/\/jobandsense.be\/wp-content\/uploads\/2021\/01\/causes-a\u0300-soutenir.jpg\",\"width\":1280,\"height\":854,\"caption\":\"Image par stokpic de Pixabay\"},{\"@type\":\"BreadcrumbList\",\"@id\":\"https:\/\/jobandsense.be\/boite-a-outils\/mieux-se-connaitre\/definir-les-causes-que-vous-aimeriez-soutenir\/#breadcrumb\",\"itemListElement\":[{\"@type\":\"ListItem\",\"position\":1,\"name\":\"Accueil\",\"item\":\"https:\/\/jobandsense.be\/\"},{\"@type\":\"ListItem\",\"position\":2,\"name\":\"Bo\u00eete \u00e0 outils\",\"item\":\"https:\/\/jobandsense.be\/boite-a-outils\/\"},{\"@type\":\"ListItem\",\"position\":3,\"name\":\"Mieux se conna\u00eetre\",\"item\":\"https:\/\/jobandsense.be\/boite-a-outils\/mieux-se-connaitre\/\"},{\"@type\":\"ListItem\",\"position\":4,\"name\":\"D\u00e9finir les causes que vous aimeriez soutenir\"}]},{\"@type\":\"WebSite\",\"@id\":\"https:\/\/jobandsense.be\/#website\",\"url\":\"https:\/\/jobandsense.be\/\",\"name\":\"Job&amp;Sense\",\"description\":\"La plateforme qui vous donne toutes les informations pour trouver un job qui a du sens\",\"publisher\":{\"@id\":\"https:\/\/jobandsense.be\/#organization\"},\"potentialAction\":[{\"@type\":\"SearchAction\",\"target\":{\"@type\":\"EntryPoint\",\"urlTemplate\":\"https:\/\/jobandsense.be\/?s={search_term_string}\"},\"query-input\":{\"@type\":\"PropertyValueSpecification\",\"valueRequired\":true,\"valueName\":\"search_term_string\"}}],\"inLanguage\":\"en-GB\"},{\"@type\":\"Organization\",\"@id\":\"https:\/\/jobandsense.be\/#organization\",\"name\":\"Job&Sense\",\"url\":\"https:\/\/jobandsense.be\/\",\"logo\":{\"@type\":\"ImageObject\",\"inLanguage\":\"en-GB\",\"@id\":\"https:\/\/jobandsense.be\/#\/schema\/logo\/image\/\",\"url\":\"\",\"contentUrl\":\"\",\"caption\":\"Job&Sense\"},\"image\":{\"@id\":\"https:\/\/jobandsense.be\/#\/schema\/logo\/image\/\"},\"sameAs\":[\"https:\/\/www.facebook.com\/JobandSense\",\"https:\/\/www.instagram.com\/jobandsense\/\",\"https:\/\/www.linkedin.com\/company\/52173671\/admin\/\"]}]}<\/script>\n<!-- \/ Yoast SEO plugin. -->","yoast_head_json":{"title":"D\u00e9finir les causes que vous aimeriez soutenir &#8226; Job&Sense","description":"You would like your work to have a positive impact on society but you don't know which cause to choose.","robots":{"index":"index","follow":"follow","max-snippet":"max-snippet:-1","max-image-preview":"max-image-preview:large","max-video-preview":"max-video-preview:-1"},"canonical":"https:\/\/jobandsense.be\/en\/toolbox\/get-to-know-yourself-better\/define-the-causes-you-would-like-to-support\/","og_locale":"en_GB","og_type":"article","og_title":"D\u00e9finir les causes que vous aimeriez soutenir","og_description":"Vous aimeriez que votre travail ait un impact positif sur la soci\u00e9t\u00e9 mais vous ne savez pas quelle cause choisir.","og_url":"https:\/\/jobandsense.be\/en\/toolbox\/get-to-know-yourself-better\/define-the-causes-you-would-like-to-support\/","og_site_name":"Job&amp;Sense","article_publisher":"https:\/\/www.facebook.com\/JobandSense","article_modified_time":"2021-01-21T13:53:13+00:00","og_image":[{"width":1280,"height":854,"url":"https:\/\/jobandsense.be\/wp-content\/uploads\/2021\/01\/causes-a\u0300-soutenir.jpg","type":"image\/jpeg"}],"twitter_card":"summary_large_image","twitter_misc":{"Estimated reading time":"2 minutes"},"schema":{"@context":"https:\/\/schema.org","@graph":[{"@type":"WebPage","@id":"https:\/\/jobandsense.be\/boite-a-outils\/mieux-se-connaitre\/definir-les-causes-que-vous-aimeriez-soutenir\/","url":"https:\/\/jobandsense.be\/boite-a-outils\/mieux-se-connaitre\/definir-les-causes-que-vous-aimeriez-soutenir\/","name":"D\u00e9finir les causes que vous aimeriez soutenir &#8226; Job&Sense","isPartOf":{"@id":"https:\/\/jobandsense.be\/#website"},"primaryImageOfPage":{"@id":"https:\/\/jobandsense.be\/boite-a-outils\/mieux-se-connaitre\/definir-les-causes-que-vous-aimeriez-soutenir\/#primaryimage"},"image":{"@id":"https:\/\/jobandsense.be\/boite-a-outils\/mieux-se-connaitre\/definir-les-causes-que-vous-aimeriez-soutenir\/#primaryimage"},"thumbnailUrl":"https:\/\/jobandsense.be\/wp-content\/uploads\/2021\/01\/causes-a\u0300-soutenir.jpg","datePublished":"2021-01-21T13:39:00+00:00","dateModified":"2021-01-21T13:53:13+00:00","description":"You would like your work to have a positive impact on society but you don't know which cause to choose.","breadcrumb":{"@id":"https:\/\/jobandsense.be\/boite-a-outils\/mieux-se-connaitre\/definir-les-causes-que-vous-aimeriez-soutenir\/#breadcrumb"},"inLanguage":"en-GB","potentialAction":[{"@type":"ReadAction","target":["https:\/\/jobandsense.be\/boite-a-outils\/mieux-se-connaitre\/definir-les-causes-que-vous-aimeriez-soutenir\/"]}]},{"@type":"ImageObject","inLanguage":"en-GB","@id":"https:\/\/jobandsense.be\/boite-a-outils\/mieux-se-connaitre\/definir-les-causes-que-vous-aimeriez-soutenir\/#primaryimage","url":"https:\/\/jobandsense.be\/wp-content\/uploads\/2021\/01\/causes-a\u0300-soutenir.jpg","contentUrl":"https:\/\/jobandsense.be\/wp-content\/uploads\/2021\/01\/causes-a\u0300-soutenir.jpg","width":1280,"height":854,"caption":"Image par stokpic de Pixabay"},{"@type":"BreadcrumbList","@id":"https:\/\/jobandsense.be\/boite-a-outils\/mieux-se-connaitre\/definir-les-causes-que-vous-aimeriez-soutenir\/#breadcrumb","itemListElement":[{"@type":"ListItem","position":1,"name":"Accueil","item":"https:\/\/jobandsense.be\/"},{"@type":"ListItem","position":2,"name":"Bo\u00eete \u00e0 outils","item":"https:\/\/jobandsense.be\/boite-a-outils\/"},{"@type":"ListItem","position":3,"name":"Mieux se conna\u00eetre","item":"https:\/\/jobandsense.be\/boite-a-outils\/mieux-se-connaitre\/"},{"@type":"ListItem","position":4,"name":"D\u00e9finir les causes que vous aimeriez soutenir"}]},{"@type":"WebSite","@id":"https:\/\/jobandsense.be\/#website","url":"https:\/\/jobandsense.be\/","name":"Job&amp;Sense","description":"La plateforme qui vous donne toutes les informations pour trouver un job qui a du sens","publisher":{"@id":"https:\/\/jobandsense.be\/#organization"},"potentialAction":[{"@type":"SearchAction","target":{"@type":"EntryPoint","urlTemplate":"https:\/\/jobandsense.be\/?s={search_term_string}"},"query-input":{"@type":"PropertyValueSpecification","valueRequired":true,"valueName":"search_term_string"}}],"inLanguage":"en-GB"},{"@type":"Organization","@id":"https:\/\/jobandsense.be\/#organization","name":"Job&Sense","url":"https:\/\/jobandsense.be\/","logo":{"@type":"ImageObject","inLanguage":"en-GB","@id":"https:\/\/jobandsense.be\/#\/schema\/logo\/image\/","url":"","contentUrl":"","caption":"Job&Sense"},"image":{"@id":"https:\/\/jobandsense.be\/#\/schema\/logo\/image\/"},"sameAs":["https:\/\/www.facebook.com\/JobandSense","https:\/\/www.instagram.com\/jobandsense\/","https:\/\/www.linkedin.com\/company\/52173671\/admin\/"]}]}},"jetpack_sharing_enabled":true,"_links":{"self":[{"href":"https:\/\/jobandsense.be\/en\/wp-json\/wp\/v2\/pages\/4350","targetHints":{"allow":["GET"]}}],"collection":[{"href":"https:\/\/jobandsense.be\/en\/wp-json\/wp\/v2\/pages"}],"about":[{"href":"https:\/\/jobandsense.be\/en\/wp-json\/wp\/v2\/types\/page"}],"author":[{"embeddable":true,"href":"https:\/\/jobandsense.be\/en\/wp-json\/wp\/v2\/users\/1"}],"replies":[{"embeddable":true,"href":"https:\/\/jobandsense.be\/en\/wp-json\/wp\/v2\/comments?post=4350"}],"version-history":[{"count":19,"href":"https:\/\/jobandsense.be\/en\/wp-json\/wp\/v2\/pages\/4350\/revisions"}],"predecessor-version":[{"id":4379,"href":"https:\/\/jobandsense.be\/en\/wp-json\/wp\/v2\/pages\/4350\/revisions\/4379"}],"up":[{"embeddable":true,"href":"https:\/\/jobandsense.be\/en\/wp-json\/wp\/v2\/pages\/2211"}],"wp:featuredmedia":[{"embeddable":true,"href":"https:\/\/jobandsense.be\/en\/wp-json\/wp\/v2\/media\/4351"}],"wp:attachment":[{"href":"https:\/\/jobandsense.be\/en\/wp-json\/wp\/v2\/media?parent=4350"}],"curies":[{"name":"wp","href":"https:\/\/api.w.org\/{rel}","templated":true}]}}