{"id":4333,"date":"2021-01-21T13:27:12","date_gmt":"2021-01-21T13:27:12","guid":{"rendered":"https:\/\/jobandsense.be\/?page_id=4333"},"modified":"2026-05-05T09:50:09","modified_gmt":"2026-05-05T07:50:09","slug":"find-your-interests","status":"publish","type":"page","link":"https:\/\/jobandsense.be\/en\/toolbox\/get-to-know-yourself-better\/find-your-interests\/","title":{"rendered":"Finding your areas of interest"},"content":{"rendered":"<div data-elementor-type=\"wp-page\" data-elementor-id=\"4333\" class=\"elementor elementor-4333\" data-elementor-post-type=\"page\">\n\t\t\t\t\t\t<section class=\"elementor-section elementor-top-section elementor-element elementor-element-2b489d39 elementor-section-boxed elementor-section-height-default elementor-section-height-default\" data-id=\"2b489d39\" data-element_type=\"section\" data-e-type=\"section\">\n\t\t\t\t\t\t<div class=\"elementor-container elementor-column-gap-default\">\n\t\t\t\t\t<div class=\"elementor-column elementor-col-100 elementor-top-column elementor-element elementor-element-3fc70755\" data-id=\"3fc70755\" data-element_type=\"column\" data-e-type=\"column\">\n\t\t\t<div class=\"elementor-widget-wrap elementor-element-populated\">\n\t\t\t\t\t\t<div class=\"elementor-element elementor-element-3bcf922a elementor-widget elementor-widget-text-editor\" data-id=\"3bcf922a\" data-element_type=\"widget\" data-e-type=\"widget\" data-widget_type=\"text-editor.default\">\n\t\t\t\t<div class=\"elementor-widget-container\">\n\t\t\t\t\t\t\t\t\t<p data-start=\"338\" data-end=\"459\">For some people, defining their areas of interest is very easy: a hobby, a passion, an obvious activity.<\/p>\n<p data-start=\"461\" data-end=\"520\">This often comes down to answering simple questions:<\/p>\n<ul data-start=\"521\" data-end=\"650\">\n<li data-start=\"521\" data-end=\"555\">\n<p data-start=\"523\" data-end=\"555\"><em data-start=\"523\" data-end=\"553\">What do I enjoy doing?<\/em><\/p>\n<\/li>\n<li data-start=\"556\" data-end=\"603\">\n<p data-start=\"558\" data-end=\"603\"><em data-start=\"558\" data-end=\"601\">What naturally interests me?<\/em><\/p>\n<\/li>\n<li data-start=\"604\" data-end=\"650\">\n<p data-start=\"606\" data-end=\"650\"><em data-start=\"606\" data-end=\"648\">What makes me lose track of time?<\/em><\/p>\n<\/li>\n<\/ul>\n<p data-start=\"652\" data-end=\"737\"><em data-start=\"655\" data-end=\"737\">If I had a completely free morning, what would I spontaneously do?<\/em><\/p>\n<p data-start=\"739\" data-end=\"968\">For others, however, this question can be much more difficult. You may have many interests without any standing out clearly, or feel that you don't like anything \"enough\" for it to matter.<\/p>\n<p data-start=\"970\" data-end=\"1111\">It's important to remember that an area of interest isn't limited to a hobby or a passion.<br data-start=\"1071\" data-end=\"1074\" \/>An area of interest can also be:<\/p>\n<ul data-start=\"1112\" data-end=\"1331\">\n<li data-start=\"1112\" data-end=\"1153\">\n<p data-start=\"1114\" data-end=\"1153\">a topic that sparks your curiosity,<\/p>\n<\/li>\n<li data-start=\"1154\" data-end=\"1215\">\n<p data-start=\"1156\" data-end=\"1215\">a type of activity in which you feel comfortable,<\/p>\n<\/li>\n<li data-start=\"1216\" data-end=\"1259\">\n<p data-start=\"1218\" data-end=\"1259\">a theme you enjoy exploring,<\/p>\n<\/li>\n<li data-start=\"1260\" data-end=\"1331\">\n<p data-start=\"1262\" data-end=\"1331\">a way of helping, creating, organizing, or understanding the world.<\/p>\n<\/li>\n<\/ul>\n<p data-start=\"1333\" data-end=\"1522\">To help you broaden your reflection, we offer different resources depending on the language you use. All have the same goal: to open up the field of possibilities.<\/p>\n<h3 data-start=\"1563\" data-end=\"1580\">French<\/h3>\n<p data-start=\"1581\" data-end=\"1835\">You can rely on the list provided by the Carrefour Jeunesse Emploi de Drummond (Quebec).<br data-start=\"1686\" data-end=\"1689\" \/>It offers a deliberately broad view of areas of interest and often helps bring out leads you wouldn't have thought of.<\/p>\n<p data-start=\"1837\" data-end=\"1873\">\ud83d\udc49 <em data-start=\"1840\" data-end=\"1873\">You'll find this list <strong><a href=\"https:\/\/www.oeq.org\/DATA\/CMSDOCUMENT\/964.pdf\" target=\"_blank\" rel=\"noopener\">here<\/a><\/strong>.<\/em><\/p>\n<h3 data-start=\"1880\" data-end=\"1896\">English<\/h3>\n<p data-start=\"1897\" data-end=\"1992\">For the English version, we recommend the My Next Move \u2013 Interests Explorer tool.<\/p>\n<p data-start=\"1994\" data-end=\"2314\">This tool classifies interests into major categories (realistic, investigative, artistic, social, enterprising, conventional) and offers numerous examples of activities and preferences.<br data-start=\"2183\" data-end=\"2186\" \/>It's particularly useful for putting words to what attracts you, even if you don't have a precise idea at the outset.<\/p>\n<p data-start=\"1837\" data-end=\"1873\">\ud83d\udc49\u00a0<em data-start=\"1840\" data-end=\"1873\">You'll find the tool <strong><a href=\"https:\/\/onetinterestprofiler.org\/\" target=\"_blank\" rel=\"noopener\">here<\/a><\/strong>.<\/em><\/p>\n<h3 data-start=\"2349\" data-end=\"2368\">Dutch<\/h3>\n<p data-start=\"2369\" data-end=\"2450\">For the Dutch version, you can use the Vragenlijst Interesses.<\/p>\n<p data-start=\"2452\" data-end=\"2705\">This is a questionnaire that helps identify what you like to do, the types of activities that suit you, and the themes that attract you.<br data-start=\"2610\" data-end=\"2613\" \/>It's an excellent starting point when areas of interest are difficult to formulate.<\/p>\n<p data-start=\"2707\" data-end=\"2741\">\ud83d\udc49 <em data-start=\"1840\" data-end=\"1873\">You'll find the questionnaire <strong><a href=\"https:\/\/www.loopbaancentrum.nl\/interesses\" target=\"_blank\" rel=\"noopener\">here<\/a><\/strong>.<\/em><\/p>\n<p data-start=\"4713\" data-end=\"4904\" class=\"translation-block\">\ud83d\udca1 <strong data-start=\"4716\" data-end=\"4729\">Remember<\/strong><br data-start=\"4729\" data-end=\"4732\"> An area of interest doesn't need to be a passion, nor does it need immediate usefulness.<br data-start=\"4820\" data-end=\"4823\">Above all, it's a valuable signal of what nourishes you and reflects who you are.<\/p>\n<p><!-- \/wp:embed --><\/p>\t\t\t\t\t\t\t\t<\/div>\n\t\t\t\t<\/div>\n\t\t\t\t\t<\/div>\n\t\t<\/div>\n\t\t\t\t\t<\/div>\n\t\t<\/section>\n\t\t\t\t<\/div>","protected":false},"excerpt":{"rendered":"<p>Pour certaines personnes d\u00e9finir des centres d\u2019int\u00e9r\u00eats est super facile\u00a0: hobby, passion&#8230; C\u2019est en fait r\u00e9pondre aux questions suivantes\u00a0: qu\u2019est-ce que j\u2019aime faire\u00a0? qu\u2019est ce qui m\u2019int\u00e9resse\u00a0? qu\u2019est-ce qui me fait oublier le temps\u00a0? Si j\u2019avais une matin\u00e9e devant moi qu\u2019est-ce que je ferais\u00a0? Pour d\u2019autres personnes, r\u00e9pondre \u00e0 cette question peut \u00eatre tr\u00e8s difficile.\u00a0&#8230;<\/p>","protected":false},"author":1,"featured_media":4335,"parent":2211,"menu_order":7,"comment_status":"closed","ping_status":"closed","template":"","meta":{"_acf_changed":false,"episode_type":"","audio_file":"","cover_image":"","cover_image_id":"","duration":"","filesize":"","filesize_raw":"","date_recorded":"","explicit":"","block":"","footnotes":""},"class_list":["post-4333","page","type-page","status-publish","has-post-thumbnail","hentry","wpbf-post"],"acf":[],"yoast_head":"<!-- This site is optimized with the Yoast SEO plugin v26.8 - https:\/\/yoast.com\/product\/yoast-seo-wordpress\/ -->\n<title>Trouver ses centres d&#039;int\u00e9r\u00eats &#8226; Job&amp;Sense<\/title>\n<meta name=\"description\" content=\"Trouver ses centres d&#039;int\u00e9r\u00eats c&#039;est r\u00e9pondre aux questions suivantes : qu\u2019est-ce que j\u2019aime faire ? qu\u2019est ce qui m\u2019int\u00e9resse ?\" \/>\n<meta name=\"robots\" content=\"index, follow, max-snippet:-1, max-image-preview:large, max-video-preview:-1\" \/>\n<link rel=\"canonical\" href=\"https:\/\/jobandsense.be\/en\/toolbox\/get-to-know-yourself-better\/find-your-interests\/\" \/>\n<meta property=\"og:locale\" content=\"en_GB\" \/>\n<meta property=\"og:type\" content=\"article\" \/>\n<meta property=\"og:title\" content=\"Trouver ses centres d&#039;int\u00e9r\u00eats\" \/>\n<meta property=\"og:description\" content=\"Trouver ses centres d&#039;int\u00e9r\u00eats c&#039;est r\u00e9pondre aux questions suivantes : qu\u2019est-ce que j\u2019aime faire ? qu\u2019est ce qui m\u2019int\u00e9resse ?\" \/>\n<meta property=\"og:url\" content=\"https:\/\/jobandsense.be\/en\/toolbox\/get-to-know-yourself-better\/find-your-interests\/\" \/>\n<meta property=\"og:site_name\" content=\"Job&amp;Sense\" \/>\n<meta property=\"article:publisher\" content=\"https:\/\/www.facebook.com\/JobandSense\" \/>\n<meta property=\"article:modified_time\" content=\"2026-05-05T07:50:09+00:00\" \/>\n<meta property=\"og:image\" content=\"https:\/\/jobandsense.be\/wp-content\/uploads\/2021\/01\/centres-dinte\u0301re\u0302ts.jpg\" \/>\n\t<meta property=\"og:image:width\" content=\"1280\" \/>\n\t<meta property=\"og:image:height\" content=\"854\" \/>\n\t<meta property=\"og:image:type\" content=\"image\/jpeg\" \/>\n<meta name=\"twitter:card\" content=\"summary_large_image\" \/>\n<meta name=\"twitter:label1\" content=\"Estimated reading time\" \/>\n\t<meta name=\"twitter:data1\" content=\"2 minutes\" \/>\n<script type=\"application\/ld+json\" class=\"yoast-schema-graph\">{\"@context\":\"https:\/\/schema.org\",\"@graph\":[{\"@type\":\"WebPage\",\"@id\":\"https:\/\/jobandsense.be\/boite-a-outils\/mieux-se-connaitre\/trouver-ses-centres-dinterets\/\",\"url\":\"https:\/\/jobandsense.be\/boite-a-outils\/mieux-se-connaitre\/trouver-ses-centres-dinterets\/\",\"name\":\"Trouver ses centres d'int\u00e9r\u00eats &#8226; Job&Sense\",\"isPartOf\":{\"@id\":\"https:\/\/jobandsense.be\/#website\"},\"primaryImageOfPage\":{\"@id\":\"https:\/\/jobandsense.be\/boite-a-outils\/mieux-se-connaitre\/trouver-ses-centres-dinterets\/#primaryimage\"},\"image\":{\"@id\":\"https:\/\/jobandsense.be\/boite-a-outils\/mieux-se-connaitre\/trouver-ses-centres-dinterets\/#primaryimage\"},\"thumbnailUrl\":\"https:\/\/jobandsense.be\/wp-content\/uploads\/2021\/01\/centres-dinte\u0301re\u0302ts.jpg\",\"datePublished\":\"2021-01-21T13:27:12+00:00\",\"dateModified\":\"2026-05-05T07:50:09+00:00\",\"description\":\"Trouver ses centres d'int\u00e9r\u00eats c'est r\u00e9pondre aux questions suivantes : qu\u2019est-ce que j\u2019aime faire ? qu\u2019est ce qui m\u2019int\u00e9resse ?\",\"breadcrumb\":{\"@id\":\"https:\/\/jobandsense.be\/boite-a-outils\/mieux-se-connaitre\/trouver-ses-centres-dinterets\/#breadcrumb\"},\"inLanguage\":\"en-GB\",\"potentialAction\":[{\"@type\":\"ReadAction\",\"target\":[\"https:\/\/jobandsense.be\/boite-a-outils\/mieux-se-connaitre\/trouver-ses-centres-dinterets\/\"]}]},{\"@type\":\"ImageObject\",\"inLanguage\":\"en-GB\",\"@id\":\"https:\/\/jobandsense.be\/boite-a-outils\/mieux-se-connaitre\/trouver-ses-centres-dinterets\/#primaryimage\",\"url\":\"https:\/\/jobandsense.be\/wp-content\/uploads\/2021\/01\/centres-dinte\u0301re\u0302ts.jpg\",\"contentUrl\":\"https:\/\/jobandsense.be\/wp-content\/uploads\/2021\/01\/centres-dinte\u0301re\u0302ts.jpg\",\"width\":1280,\"height\":854,\"caption\":\"Image par Rudy and Peter Skitterians de Pixabay\"},{\"@type\":\"BreadcrumbList\",\"@id\":\"https:\/\/jobandsense.be\/boite-a-outils\/mieux-se-connaitre\/trouver-ses-centres-dinterets\/#breadcrumb\",\"itemListElement\":[{\"@type\":\"ListItem\",\"position\":1,\"name\":\"Accueil\",\"item\":\"https:\/\/jobandsense.be\/\"},{\"@type\":\"ListItem\",\"position\":2,\"name\":\"Bo\u00eete \u00e0 outils\",\"item\":\"https:\/\/jobandsense.be\/boite-a-outils\/\"},{\"@type\":\"ListItem\",\"position\":3,\"name\":\"Mieux se conna\u00eetre\",\"item\":\"https:\/\/jobandsense.be\/boite-a-outils\/mieux-se-connaitre\/\"},{\"@type\":\"ListItem\",\"position\":4,\"name\":\"Trouver ses centres d&rsquo;int\u00e9r\u00eats\"}]},{\"@type\":\"WebSite\",\"@id\":\"https:\/\/jobandsense.be\/#website\",\"url\":\"https:\/\/jobandsense.be\/\",\"name\":\"Job&amp;Sense\",\"description\":\"La plateforme qui vous donne toutes les informations pour trouver un job qui a du sens\",\"publisher\":{\"@id\":\"https:\/\/jobandsense.be\/#organization\"},\"potentialAction\":[{\"@type\":\"SearchAction\",\"target\":{\"@type\":\"EntryPoint\",\"urlTemplate\":\"https:\/\/jobandsense.be\/?s={search_term_string}\"},\"query-input\":{\"@type\":\"PropertyValueSpecification\",\"valueRequired\":true,\"valueName\":\"search_term_string\"}}],\"inLanguage\":\"en-GB\"},{\"@type\":\"Organization\",\"@id\":\"https:\/\/jobandsense.be\/#organization\",\"name\":\"Job&Sense\",\"url\":\"https:\/\/jobandsense.be\/\",\"logo\":{\"@type\":\"ImageObject\",\"inLanguage\":\"en-GB\",\"@id\":\"https:\/\/jobandsense.be\/#\/schema\/logo\/image\/\",\"url\":\"\",\"contentUrl\":\"\",\"caption\":\"Job&Sense\"},\"image\":{\"@id\":\"https:\/\/jobandsense.be\/#\/schema\/logo\/image\/\"},\"sameAs\":[\"https:\/\/www.facebook.com\/JobandSense\",\"https:\/\/www.instagram.com\/jobandsense\/\",\"https:\/\/www.linkedin.com\/company\/52173671\/admin\/\"]}]}<\/script>\n<!-- \/ Yoast SEO plugin. -->","yoast_head_json":{"title":"Trouver ses centres d'int\u00e9r\u00eats &#8226; Job&Sense","description":"Trouver ses centres d'int\u00e9r\u00eats c'est r\u00e9pondre aux questions suivantes : qu\u2019est-ce que j\u2019aime faire ? qu\u2019est ce qui m\u2019int\u00e9resse ?","robots":{"index":"index","follow":"follow","max-snippet":"max-snippet:-1","max-image-preview":"max-image-preview:large","max-video-preview":"max-video-preview:-1"},"canonical":"https:\/\/jobandsense.be\/en\/toolbox\/get-to-know-yourself-better\/find-your-interests\/","og_locale":"en_GB","og_type":"article","og_title":"Trouver ses centres d'int\u00e9r\u00eats","og_description":"Trouver ses centres d'int\u00e9r\u00eats c'est r\u00e9pondre aux questions suivantes : qu\u2019est-ce que j\u2019aime faire ? qu\u2019est ce qui m\u2019int\u00e9resse ?","og_url":"https:\/\/jobandsense.be\/en\/toolbox\/get-to-know-yourself-better\/find-your-interests\/","og_site_name":"Job&amp;Sense","article_publisher":"https:\/\/www.facebook.com\/JobandSense","article_modified_time":"2026-05-05T07:50:09+00:00","og_image":[{"width":1280,"height":854,"url":"https:\/\/jobandsense.be\/wp-content\/uploads\/2021\/01\/centres-dinte\u0301re\u0302ts.jpg","type":"image\/jpeg"}],"twitter_card":"summary_large_image","twitter_misc":{"Estimated reading time":"2 minutes"},"schema":{"@context":"https:\/\/schema.org","@graph":[{"@type":"WebPage","@id":"https:\/\/jobandsense.be\/boite-a-outils\/mieux-se-connaitre\/trouver-ses-centres-dinterets\/","url":"https:\/\/jobandsense.be\/boite-a-outils\/mieux-se-connaitre\/trouver-ses-centres-dinterets\/","name":"Trouver ses centres d'int\u00e9r\u00eats &#8226; Job&Sense","isPartOf":{"@id":"https:\/\/jobandsense.be\/#website"},"primaryImageOfPage":{"@id":"https:\/\/jobandsense.be\/boite-a-outils\/mieux-se-connaitre\/trouver-ses-centres-dinterets\/#primaryimage"},"image":{"@id":"https:\/\/jobandsense.be\/boite-a-outils\/mieux-se-connaitre\/trouver-ses-centres-dinterets\/#primaryimage"},"thumbnailUrl":"https:\/\/jobandsense.be\/wp-content\/uploads\/2021\/01\/centres-dinte\u0301re\u0302ts.jpg","datePublished":"2021-01-21T13:27:12+00:00","dateModified":"2026-05-05T07:50:09+00:00","description":"Trouver ses centres d'int\u00e9r\u00eats c'est r\u00e9pondre aux questions suivantes : qu\u2019est-ce que j\u2019aime faire ? qu\u2019est ce qui m\u2019int\u00e9resse ?","breadcrumb":{"@id":"https:\/\/jobandsense.be\/boite-a-outils\/mieux-se-connaitre\/trouver-ses-centres-dinterets\/#breadcrumb"},"inLanguage":"en-GB","potentialAction":[{"@type":"ReadAction","target":["https:\/\/jobandsense.be\/boite-a-outils\/mieux-se-connaitre\/trouver-ses-centres-dinterets\/"]}]},{"@type":"ImageObject","inLanguage":"en-GB","@id":"https:\/\/jobandsense.be\/boite-a-outils\/mieux-se-connaitre\/trouver-ses-centres-dinterets\/#primaryimage","url":"https:\/\/jobandsense.be\/wp-content\/uploads\/2021\/01\/centres-dinte\u0301re\u0302ts.jpg","contentUrl":"https:\/\/jobandsense.be\/wp-content\/uploads\/2021\/01\/centres-dinte\u0301re\u0302ts.jpg","width":1280,"height":854,"caption":"Image par Rudy and Peter Skitterians de Pixabay"},{"@type":"BreadcrumbList","@id":"https:\/\/jobandsense.be\/boite-a-outils\/mieux-se-connaitre\/trouver-ses-centres-dinterets\/#breadcrumb","itemListElement":[{"@type":"ListItem","position":1,"name":"Accueil","item":"https:\/\/jobandsense.be\/"},{"@type":"ListItem","position":2,"name":"Bo\u00eete \u00e0 outils","item":"https:\/\/jobandsense.be\/boite-a-outils\/"},{"@type":"ListItem","position":3,"name":"Mieux se conna\u00eetre","item":"https:\/\/jobandsense.be\/boite-a-outils\/mieux-se-connaitre\/"},{"@type":"ListItem","position":4,"name":"Trouver ses centres d&rsquo;int\u00e9r\u00eats"}]},{"@type":"WebSite","@id":"https:\/\/jobandsense.be\/#website","url":"https:\/\/jobandsense.be\/","name":"Job&amp;Sense","description":"La plateforme qui vous donne toutes les informations pour trouver un job qui a du sens","publisher":{"@id":"https:\/\/jobandsense.be\/#organization"},"potentialAction":[{"@type":"SearchAction","target":{"@type":"EntryPoint","urlTemplate":"https:\/\/jobandsense.be\/?s={search_term_string}"},"query-input":{"@type":"PropertyValueSpecification","valueRequired":true,"valueName":"search_term_string"}}],"inLanguage":"en-GB"},{"@type":"Organization","@id":"https:\/\/jobandsense.be\/#organization","name":"Job&Sense","url":"https:\/\/jobandsense.be\/","logo":{"@type":"ImageObject","inLanguage":"en-GB","@id":"https:\/\/jobandsense.be\/#\/schema\/logo\/image\/","url":"","contentUrl":"","caption":"Job&Sense"},"image":{"@id":"https:\/\/jobandsense.be\/#\/schema\/logo\/image\/"},"sameAs":["https:\/\/www.facebook.com\/JobandSense","https:\/\/www.instagram.com\/jobandsense\/","https:\/\/www.linkedin.com\/company\/52173671\/admin\/"]}]}},"jetpack_sharing_enabled":true,"_links":{"self":[{"href":"https:\/\/jobandsense.be\/en\/wp-json\/wp\/v2\/pages\/4333","targetHints":{"allow":["GET"]}}],"collection":[{"href":"https:\/\/jobandsense.be\/en\/wp-json\/wp\/v2\/pages"}],"about":[{"href":"https:\/\/jobandsense.be\/en\/wp-json\/wp\/v2\/types\/page"}],"author":[{"embeddable":true,"href":"https:\/\/jobandsense.be\/en\/wp-json\/wp\/v2\/users\/1"}],"replies":[{"embeddable":true,"href":"https:\/\/jobandsense.be\/en\/wp-json\/wp\/v2\/comments?post=4333"}],"version-history":[{"count":20,"href":"https:\/\/jobandsense.be\/en\/wp-json\/wp\/v2\/pages\/4333\/revisions"}],"predecessor-version":[{"id":14728,"href":"https:\/\/jobandsense.be\/en\/wp-json\/wp\/v2\/pages\/4333\/revisions\/14728"}],"up":[{"embeddable":true,"href":"https:\/\/jobandsense.be\/en\/wp-json\/wp\/v2\/pages\/2211"}],"wp:featuredmedia":[{"embeddable":true,"href":"https:\/\/jobandsense.be\/en\/wp-json\/wp\/v2\/media\/4335"}],"wp:attachment":[{"href":"https:\/\/jobandsense.be\/en\/wp-json\/wp\/v2\/media?parent=4333"}],"curies":[{"name":"wp","href":"https:\/\/api.w.org\/{rel}","templated":true}]}}