{"id":4312,"date":"2021-01-21T13:10:10","date_gmt":"2021-01-21T13:10:10","guid":{"rendered":"https:\/\/jobandsense.be\/?page_id=4312"},"modified":"2026-01-05T13:03:22","modified_gmt":"2026-01-05T11:03:22","slug":"exercise-the-lifeline","status":"publish","type":"page","link":"https:\/\/jobandsense.be\/en\/toolbox\/get-to-know-yourself-better\/exercise-the-lifeline\/","title":{"rendered":"Exercise: The life line"},"content":{"rendered":"<div data-elementor-type=\"wp-page\" data-elementor-id=\"4312\" class=\"elementor elementor-4312\" data-elementor-post-type=\"page\">\n\t\t\t\t\t\t<section class=\"elementor-section elementor-top-section elementor-element elementor-element-58ac67cf elementor-section-boxed elementor-section-height-default elementor-section-height-default\" data-id=\"58ac67cf\" data-element_type=\"section\" data-e-type=\"section\">\n\t\t\t\t\t\t<div class=\"elementor-container elementor-column-gap-default\">\n\t\t\t\t\t<div class=\"elementor-column elementor-col-100 elementor-top-column elementor-element elementor-element-688d960b\" data-id=\"688d960b\" data-element_type=\"column\" data-e-type=\"column\">\n\t\t\t<div class=\"elementor-widget-wrap elementor-element-populated\">\n\t\t\t\t\t\t<div class=\"elementor-element elementor-element-3d893bb2 elementor-widget elementor-widget-text-editor\" data-id=\"3d893bb2\" data-element_type=\"widget\" data-e-type=\"widget\" data-widget_type=\"text-editor.default\">\n\t\t\t\t<div class=\"elementor-widget-container\">\n\t\t\t\t\t\t\t\t\t<div class=\"flex-1 flex flex-col px-4 max-w-3xl mx-auto w-full pt-1\">\n<div data-test-render-count=\"1\">\n<div class=\"group\">\n<div class=\"group relative pb-3\" data-is-streaming=\"false\">\n<div class=\"font-claude-response relative leading-[1.65rem] [&amp;_pre&gt;div]:bg-bg-000\/50 [&amp;_pre&gt;div]:border-0.5 [&amp;_pre&gt;div]:border-border-400 [&amp;_.ignore-pre-bg&gt;div]:bg-transparent [&amp;_.standard-markdown_:is(p,blockquote,h1,h2,h3,h4,h5,h6)]:pl-2 [&amp;_.standard-markdown_:is(p,blockquote,ul,ol,h1,h2,h3,h4,h5,h6)]:pr-8 [&amp;_.progressive-markdown_:is(p,blockquote,h1,h2,h3,h4,h5,h6)]:pl-2 [&amp;_.progressive-markdown_:is(p,blockquote,ul,ol,h1,h2,h3,h4,h5,h6)]:pr-8\">\n<div class=\"standard-markdown grid-cols-1 grid gap-4 [&amp;_&gt;_*]:min-w-0 standard-markdown\">\n<p class=\"font-claude-response-body break-words whitespace-normal leading-[1.7]\">Draw a timeline on a sheet of paper and write down all the significant events, the key moments of your life \u2013 both successes and hardships.<\/p>\n<p class=\"font-claude-response-body break-words whitespace-normal leading-[1.7]\">You can then ask yourself the following questions while looking at your life line:<\/p>\n<ol class=\"[li_&amp;]:mb-0 [li_&amp;]:mt-1.5 [li_&amp;]:gap-1.5 [&amp;:not(:last-child)_ul]:pb-1 [&amp;:not(:last-child)_ol]:pb-1 list-decimal flex flex-col gap-2 pl-8 mb-3\">\n<li class=\"whitespace-normal break-words pl-2\">What are my successes?<\/li>\n<li class=\"whitespace-normal break-words pl-2\">What have I accomplished?<\/li>\n<li class=\"whitespace-normal break-words pl-2\">What did I gain from an experience, whether positive or negative, from a key moment...?<\/li>\n<li class=\"whitespace-normal break-words pl-2\">What have I learned about myself?<\/li>\n<\/ol>\n<p class=\"font-claude-response-body break-words whitespace-normal leading-[1.7]\">Don't hesitate to write down all your successes, even the most mundane ones you remember (a project completed in primary school, volunteer work, helping someone in difficulty, a model you were proud of, a passed exam, a sporting achievement, a trip, a meeting that marked your life...).<\/p>\n<p class=\"font-claude-response-body break-words whitespace-normal leading-[1.7]\">But don't forget the difficult moments either: a sick leave that taught you to take care of yourself, a period as a stay-at-home parent that developed your organizational and management skills, a divorce that taught you resilience and independence. These experiences, although painful, shape us and give us valuable skills.<\/p>\n<p class=\"font-claude-response-body break-words whitespace-normal leading-[1.7]\">What made these moments \u2013 happy or difficult \u2013 formative for you? What qualities, emotional and technical skills did you use or develop?<\/p>\n<p class=\"font-claude-response-body break-words whitespace-normal leading-[1.7]\">This exercise allows you to rediscover your past actions from a new perspective, giving you better self-knowledge by recognizing that every stage of your life, even the most challenging ones, has contributed to making you who you are today.<\/p>\n<\/div>\n<\/div>\n<\/div>\n<\/div>\n<\/div>\n<\/div>\n<p><!-- \/wp:paragraph --><\/p>\t\t\t\t\t\t\t\t<\/div>\n\t\t\t\t<\/div>\n\t\t\t\t\t<\/div>\n\t\t<\/div>\n\t\t\t\t\t<\/div>\n\t\t<\/section>\n\t\t\t\t<section class=\"elementor-section elementor-top-section elementor-element elementor-element-52c605f elementor-section-boxed elementor-section-height-default elementor-section-height-default\" data-id=\"52c605f\" data-element_type=\"section\" data-e-type=\"section\">\n\t\t\t\t\t\t<div class=\"elementor-container elementor-column-gap-default\">\n\t\t\t\t\t<div class=\"elementor-column elementor-col-100 elementor-top-column elementor-element elementor-element-ad12343\" data-id=\"ad12343\" data-element_type=\"column\" data-e-type=\"column\">\n\t\t\t<div class=\"elementor-widget-wrap elementor-element-populated\">\n\t\t\t\t\t\t<div class=\"elementor-element elementor-element-8b09ef4 elementor-widget elementor-widget-image\" data-id=\"8b09ef4\" data-element_type=\"widget\" data-e-type=\"widget\" data-widget_type=\"image.default\">\n\t\t\t\t<div class=\"elementor-widget-container\">\n\t\t\t\t\t<style>.elementor-element-8b09ef4{display:none !important}<\/style>\t\t\t\t<\/div>\n\t\t\t\t<\/div>\n\t\t\t\t\t<\/div>\n\t\t<\/div>\n\t\t\t\t\t<\/div>\n\t\t<\/section>\n\t\t\t\t<\/div>","protected":false},"excerpt":{"rendered":"<p>Dessinez une ligne du temps sur un papier et \u00e9crivez tous les \u00e9v\u00e9nements marquants, les moments cl\u00e9s de votre vie \u2013 aussi bien les r\u00e9ussites que les \u00e9preuves. Vous pouvez ensuite vous poser les questions suivantes en regardant votre ligne de vie : Quelles sont mes r\u00e9ussites ? Qu&rsquo;est-ce que j&rsquo;ai r\u00e9alis\u00e9 ? Qu&rsquo;est-ce que&#8230;<\/p>","protected":false},"author":1,"featured_media":4313,"parent":2211,"menu_order":6,"comment_status":"closed","ping_status":"closed","template":"","meta":{"_acf_changed":false,"episode_type":"","audio_file":"","cover_image":"","cover_image_id":"","duration":"","filesize":"","filesize_raw":"","date_recorded":"","explicit":"","block":"","footnotes":""},"class_list":["post-4312","page","type-page","status-publish","has-post-thumbnail","hentry","wpbf-post"],"acf":[],"yoast_head":"<!-- This site is optimized with the Yoast SEO plugin v26.8 - https:\/\/yoast.com\/product\/yoast-seo-wordpress\/ -->\n<title>Exercice: La ligne de vie &#8226; Job&amp;Sense<\/title>\n<meta name=\"description\" content=\"Dessinez une ligne du temps sur un papier et \u00e9crivez tous les \u00e9v\u00e9nements marquants, les moments cl\u00e9s de votre vie.\" \/>\n<meta name=\"robots\" content=\"index, follow, max-snippet:-1, max-image-preview:large, max-video-preview:-1\" \/>\n<link rel=\"canonical\" href=\"https:\/\/jobandsense.be\/en\/toolbox\/get-to-know-yourself-better\/exercise-the-lifeline\/\" \/>\n<meta property=\"og:locale\" content=\"en_GB\" \/>\n<meta property=\"og:type\" content=\"article\" \/>\n<meta property=\"og:title\" content=\"Exercice: La ligne de vie\" \/>\n<meta property=\"og:description\" content=\"Dessinez une ligne du temps sur un papier et \u00e9crivez tous les \u00e9v\u00e9nements marquants, les moments cl\u00e9s de votre vie.\" \/>\n<meta property=\"og:url\" content=\"https:\/\/jobandsense.be\/en\/toolbox\/get-to-know-yourself-better\/exercise-the-lifeline\/\" \/>\n<meta property=\"og:site_name\" content=\"Job&amp;Sense\" \/>\n<meta property=\"article:publisher\" content=\"https:\/\/www.facebook.com\/JobandSense\" \/>\n<meta property=\"article:modified_time\" content=\"2026-01-05T11:03:22+00:00\" \/>\n<meta property=\"og:image\" content=\"https:\/\/jobandsense.be\/wp-content\/uploads\/2021\/01\/ligne-de-vie.jpg\" \/>\n\t<meta property=\"og:image:width\" content=\"1280\" \/>\n\t<meta property=\"og:image:height\" content=\"853\" \/>\n\t<meta property=\"og:image:type\" content=\"image\/jpeg\" \/>\n<meta name=\"twitter:card\" content=\"summary_large_image\" \/>\n<meta name=\"twitter:label1\" content=\"Estimated reading time\" \/>\n\t<meta name=\"twitter:data1\" content=\"2 minutes\" \/>\n<script type=\"application\/ld+json\" class=\"yoast-schema-graph\">{\"@context\":\"https:\/\/schema.org\",\"@graph\":[{\"@type\":\"WebPage\",\"@id\":\"https:\/\/jobandsense.be\/boite-a-outils\/mieux-se-connaitre\/exercice-la-ligne-de-vie\/\",\"url\":\"https:\/\/jobandsense.be\/boite-a-outils\/mieux-se-connaitre\/exercice-la-ligne-de-vie\/\",\"name\":\"Exercice: La ligne de vie &#8226; Job&Sense\",\"isPartOf\":{\"@id\":\"https:\/\/jobandsense.be\/#website\"},\"primaryImageOfPage\":{\"@id\":\"https:\/\/jobandsense.be\/boite-a-outils\/mieux-se-connaitre\/exercice-la-ligne-de-vie\/#primaryimage\"},\"image\":{\"@id\":\"https:\/\/jobandsense.be\/boite-a-outils\/mieux-se-connaitre\/exercice-la-ligne-de-vie\/#primaryimage\"},\"thumbnailUrl\":\"https:\/\/jobandsense.be\/wp-content\/uploads\/2021\/01\/ligne-de-vie.jpg\",\"datePublished\":\"2021-01-21T13:10:10+00:00\",\"dateModified\":\"2026-01-05T11:03:22+00:00\",\"description\":\"Dessinez une ligne du temps sur un papier et \u00e9crivez tous les \u00e9v\u00e9nements marquants, les moments cl\u00e9s de votre vie.\",\"breadcrumb\":{\"@id\":\"https:\/\/jobandsense.be\/boite-a-outils\/mieux-se-connaitre\/exercice-la-ligne-de-vie\/#breadcrumb\"},\"inLanguage\":\"en-GB\",\"potentialAction\":[{\"@type\":\"ReadAction\",\"target\":[\"https:\/\/jobandsense.be\/boite-a-outils\/mieux-se-connaitre\/exercice-la-ligne-de-vie\/\"]}]},{\"@type\":\"ImageObject\",\"inLanguage\":\"en-GB\",\"@id\":\"https:\/\/jobandsense.be\/boite-a-outils\/mieux-se-connaitre\/exercice-la-ligne-de-vie\/#primaryimage\",\"url\":\"https:\/\/jobandsense.be\/wp-content\/uploads\/2021\/01\/ligne-de-vie.jpg\",\"contentUrl\":\"https:\/\/jobandsense.be\/wp-content\/uploads\/2021\/01\/ligne-de-vie.jpg\",\"width\":1280,\"height\":853,\"caption\":\"Image par Markus Spiske de Pixabay\"},{\"@type\":\"BreadcrumbList\",\"@id\":\"https:\/\/jobandsense.be\/boite-a-outils\/mieux-se-connaitre\/exercice-la-ligne-de-vie\/#breadcrumb\",\"itemListElement\":[{\"@type\":\"ListItem\",\"position\":1,\"name\":\"Accueil\",\"item\":\"https:\/\/jobandsense.be\/\"},{\"@type\":\"ListItem\",\"position\":2,\"name\":\"Bo\u00eete \u00e0 outils\",\"item\":\"https:\/\/jobandsense.be\/boite-a-outils\/\"},{\"@type\":\"ListItem\",\"position\":3,\"name\":\"Mieux se conna\u00eetre\",\"item\":\"https:\/\/jobandsense.be\/boite-a-outils\/mieux-se-connaitre\/\"},{\"@type\":\"ListItem\",\"position\":4,\"name\":\"Exercice: La ligne de vie\"}]},{\"@type\":\"WebSite\",\"@id\":\"https:\/\/jobandsense.be\/#website\",\"url\":\"https:\/\/jobandsense.be\/\",\"name\":\"Job&amp;Sense\",\"description\":\"La plateforme qui vous donne toutes les informations pour trouver un job qui a du sens\",\"publisher\":{\"@id\":\"https:\/\/jobandsense.be\/#organization\"},\"potentialAction\":[{\"@type\":\"SearchAction\",\"target\":{\"@type\":\"EntryPoint\",\"urlTemplate\":\"https:\/\/jobandsense.be\/?s={search_term_string}\"},\"query-input\":{\"@type\":\"PropertyValueSpecification\",\"valueRequired\":true,\"valueName\":\"search_term_string\"}}],\"inLanguage\":\"en-GB\"},{\"@type\":\"Organization\",\"@id\":\"https:\/\/jobandsense.be\/#organization\",\"name\":\"Job&Sense\",\"url\":\"https:\/\/jobandsense.be\/\",\"logo\":{\"@type\":\"ImageObject\",\"inLanguage\":\"en-GB\",\"@id\":\"https:\/\/jobandsense.be\/#\/schema\/logo\/image\/\",\"url\":\"\",\"contentUrl\":\"\",\"caption\":\"Job&Sense\"},\"image\":{\"@id\":\"https:\/\/jobandsense.be\/#\/schema\/logo\/image\/\"},\"sameAs\":[\"https:\/\/www.facebook.com\/JobandSense\",\"https:\/\/www.instagram.com\/jobandsense\/\",\"https:\/\/www.linkedin.com\/company\/52173671\/admin\/\"]}]}<\/script>\n<!-- \/ Yoast SEO plugin. -->","yoast_head_json":{"title":"Exercice: La ligne de vie &#8226; Job&Sense","description":"Dessinez une ligne du temps sur un papier et \u00e9crivez tous les \u00e9v\u00e9nements marquants, les moments cl\u00e9s de votre vie.","robots":{"index":"index","follow":"follow","max-snippet":"max-snippet:-1","max-image-preview":"max-image-preview:large","max-video-preview":"max-video-preview:-1"},"canonical":"https:\/\/jobandsense.be\/en\/toolbox\/get-to-know-yourself-better\/exercise-the-lifeline\/","og_locale":"en_GB","og_type":"article","og_title":"Exercice: La ligne de vie","og_description":"Dessinez une ligne du temps sur un papier et \u00e9crivez tous les \u00e9v\u00e9nements marquants, les moments cl\u00e9s de votre vie.","og_url":"https:\/\/jobandsense.be\/en\/toolbox\/get-to-know-yourself-better\/exercise-the-lifeline\/","og_site_name":"Job&amp;Sense","article_publisher":"https:\/\/www.facebook.com\/JobandSense","article_modified_time":"2026-01-05T11:03:22+00:00","og_image":[{"width":1280,"height":853,"url":"https:\/\/jobandsense.be\/wp-content\/uploads\/2021\/01\/ligne-de-vie.jpg","type":"image\/jpeg"}],"twitter_card":"summary_large_image","twitter_misc":{"Estimated reading time":"2 minutes"},"schema":{"@context":"https:\/\/schema.org","@graph":[{"@type":"WebPage","@id":"https:\/\/jobandsense.be\/boite-a-outils\/mieux-se-connaitre\/exercice-la-ligne-de-vie\/","url":"https:\/\/jobandsense.be\/boite-a-outils\/mieux-se-connaitre\/exercice-la-ligne-de-vie\/","name":"Exercice: La ligne de vie &#8226; Job&Sense","isPartOf":{"@id":"https:\/\/jobandsense.be\/#website"},"primaryImageOfPage":{"@id":"https:\/\/jobandsense.be\/boite-a-outils\/mieux-se-connaitre\/exercice-la-ligne-de-vie\/#primaryimage"},"image":{"@id":"https:\/\/jobandsense.be\/boite-a-outils\/mieux-se-connaitre\/exercice-la-ligne-de-vie\/#primaryimage"},"thumbnailUrl":"https:\/\/jobandsense.be\/wp-content\/uploads\/2021\/01\/ligne-de-vie.jpg","datePublished":"2021-01-21T13:10:10+00:00","dateModified":"2026-01-05T11:03:22+00:00","description":"Dessinez une ligne du temps sur un papier et \u00e9crivez tous les \u00e9v\u00e9nements marquants, les moments cl\u00e9s de votre vie.","breadcrumb":{"@id":"https:\/\/jobandsense.be\/boite-a-outils\/mieux-se-connaitre\/exercice-la-ligne-de-vie\/#breadcrumb"},"inLanguage":"en-GB","potentialAction":[{"@type":"ReadAction","target":["https:\/\/jobandsense.be\/boite-a-outils\/mieux-se-connaitre\/exercice-la-ligne-de-vie\/"]}]},{"@type":"ImageObject","inLanguage":"en-GB","@id":"https:\/\/jobandsense.be\/boite-a-outils\/mieux-se-connaitre\/exercice-la-ligne-de-vie\/#primaryimage","url":"https:\/\/jobandsense.be\/wp-content\/uploads\/2021\/01\/ligne-de-vie.jpg","contentUrl":"https:\/\/jobandsense.be\/wp-content\/uploads\/2021\/01\/ligne-de-vie.jpg","width":1280,"height":853,"caption":"Image par Markus Spiske de Pixabay"},{"@type":"BreadcrumbList","@id":"https:\/\/jobandsense.be\/boite-a-outils\/mieux-se-connaitre\/exercice-la-ligne-de-vie\/#breadcrumb","itemListElement":[{"@type":"ListItem","position":1,"name":"Accueil","item":"https:\/\/jobandsense.be\/"},{"@type":"ListItem","position":2,"name":"Bo\u00eete \u00e0 outils","item":"https:\/\/jobandsense.be\/boite-a-outils\/"},{"@type":"ListItem","position":3,"name":"Mieux se conna\u00eetre","item":"https:\/\/jobandsense.be\/boite-a-outils\/mieux-se-connaitre\/"},{"@type":"ListItem","position":4,"name":"Exercice: La ligne de vie"}]},{"@type":"WebSite","@id":"https:\/\/jobandsense.be\/#website","url":"https:\/\/jobandsense.be\/","name":"Job&amp;Sense","description":"La plateforme qui vous donne toutes les informations pour trouver un job qui a du sens","publisher":{"@id":"https:\/\/jobandsense.be\/#organization"},"potentialAction":[{"@type":"SearchAction","target":{"@type":"EntryPoint","urlTemplate":"https:\/\/jobandsense.be\/?s={search_term_string}"},"query-input":{"@type":"PropertyValueSpecification","valueRequired":true,"valueName":"search_term_string"}}],"inLanguage":"en-GB"},{"@type":"Organization","@id":"https:\/\/jobandsense.be\/#organization","name":"Job&Sense","url":"https:\/\/jobandsense.be\/","logo":{"@type":"ImageObject","inLanguage":"en-GB","@id":"https:\/\/jobandsense.be\/#\/schema\/logo\/image\/","url":"","contentUrl":"","caption":"Job&Sense"},"image":{"@id":"https:\/\/jobandsense.be\/#\/schema\/logo\/image\/"},"sameAs":["https:\/\/www.facebook.com\/JobandSense","https:\/\/www.instagram.com\/jobandsense\/","https:\/\/www.linkedin.com\/company\/52173671\/admin\/"]}]}},"jetpack_sharing_enabled":true,"_links":{"self":[{"href":"https:\/\/jobandsense.be\/en\/wp-json\/wp\/v2\/pages\/4312","targetHints":{"allow":["GET"]}}],"collection":[{"href":"https:\/\/jobandsense.be\/en\/wp-json\/wp\/v2\/pages"}],"about":[{"href":"https:\/\/jobandsense.be\/en\/wp-json\/wp\/v2\/types\/page"}],"author":[{"embeddable":true,"href":"https:\/\/jobandsense.be\/en\/wp-json\/wp\/v2\/users\/1"}],"replies":[{"embeddable":true,"href":"https:\/\/jobandsense.be\/en\/wp-json\/wp\/v2\/comments?post=4312"}],"version-history":[{"count":37,"href":"https:\/\/jobandsense.be\/en\/wp-json\/wp\/v2\/pages\/4312\/revisions"}],"predecessor-version":[{"id":14124,"href":"https:\/\/jobandsense.be\/en\/wp-json\/wp\/v2\/pages\/4312\/revisions\/14124"}],"up":[{"embeddable":true,"href":"https:\/\/jobandsense.be\/en\/wp-json\/wp\/v2\/pages\/2211"}],"wp:featuredmedia":[{"embeddable":true,"href":"https:\/\/jobandsense.be\/en\/wp-json\/wp\/v2\/media\/4313"}],"wp:attachment":[{"href":"https:\/\/jobandsense.be\/en\/wp-json\/wp\/v2\/media?parent=4312"}],"curies":[{"name":"wp","href":"https:\/\/api.w.org\/{rel}","templated":true}]}}