{"id":4294,"date":"2021-01-21T13:02:25","date_gmt":"2021-01-21T13:02:25","guid":{"rendered":"https:\/\/jobandsense.be\/?page_id=4294"},"modified":"2025-10-20T14:03:34","modified_gmt":"2025-10-20T12:03:34","slug":"discover-your-qualities","status":"publish","type":"page","link":"https:\/\/jobandsense.be\/en\/toolbox\/get-to-know-yourself-better\/discover-your-qualities\/","title":{"rendered":"Discovering your qualities"},"content":{"rendered":"<div data-elementor-type=\"wp-page\" data-elementor-id=\"4294\" class=\"elementor elementor-4294\" data-elementor-post-type=\"page\">\n\t\t\t\t\t\t<section class=\"elementor-section elementor-top-section elementor-element elementor-element-2ff02eda elementor-section-boxed elementor-section-height-default elementor-section-height-default\" data-id=\"2ff02eda\" data-element_type=\"section\" data-e-type=\"section\">\n\t\t\t\t\t\t<div class=\"elementor-container elementor-column-gap-default\">\n\t\t\t\t\t<div class=\"elementor-column elementor-col-100 elementor-top-column elementor-element elementor-element-4e0dd84e\" data-id=\"4e0dd84e\" data-element_type=\"column\" data-e-type=\"column\">\n\t\t\t<div class=\"elementor-widget-wrap elementor-element-populated\">\n\t\t\t\t\t\t<div class=\"elementor-element elementor-element-759e5c4a elementor-widget elementor-widget-text-editor\" data-id=\"759e5c4a\" data-element_type=\"widget\" data-e-type=\"widget\" data-widget_type=\"text-editor.default\">\n\t\t\t\t<div class=\"elementor-widget-container\">\n\t\t\t\t\t\t\t\t\t<p>Daring to ask those around you what your qualities are might seem like a mundane and somewhat embarrassing exercise. Nevertheless, it has great value. We often struggle to acknowledge our own qualities because we weren't raised to sing our own praises.<\/p><div><div class=\"grid-cols-1 grid gap-2.5 [&amp;_&gt;_*]:min-w-0 !gap-3.5\"><p class=\"whitespace-normal break-words\">This difficulty in recognizing our own strengths also stems from the fact that we are our own harshest critics. We tend to minimize what seems natural or obvious to us, while these traits often represent our greatest qualities in the eyes of others.<\/p><h2 class=\"text-xl font-bold text-text-100 mt-1 -mb-0.5\">The Practical Exercise: 5 People, 5 Qualities<\/h2><p class=\"whitespace-normal break-words\">Do the exercise of asking 5 people in your circle (family, friends, colleagues...) what your 5 main qualities are. You'll find <a href=\"https:\/\/www.readwritethink.org\/sites\/default\/files\/resources\/lesson_images\/lesson807\/traits-list.pdf\" target=\"_blank\" rel=\"noopener\">here<\/a> a list of more than 100 personal qualities to send.<\/p><p class=\"whitespace-normal break-words\">During this exercise, vary the profiles of the people you question: a close person who knows you intimately, a colleague who sees you in professional action, a long-time friend, etc. Each perspective will bring different insights. Don't hesitate to ask them for concrete examples to better understand how these qualities manifest in your behavior.<\/p><h2 class=\"text-xl font-bold text-text-100 mt-1 -mb-0.5\">Surprising Revelations<\/h2><p class=\"whitespace-normal break-words\">You'll see that you have more qualities than you think and some you never even suspected. It often happens that personality traits we consider mundane are perceived by others as remarkable assets. Your listening ability, your organizational skills, or your natural optimism may be precious qualities you underestimate.<\/p><h2 class=\"text-xl font-bold text-text-100 mt-1 -mb-0.5\">Capitalizing on This Discovery<\/h2><p class=\"whitespace-normal break-words\">Once this list is established, keep it carefully. It will serve you not only for job interviews or personal development, but also in moments of doubt as a kind reminder of your worth. Also think about renewing this exercise periodically: we evolve, and so do our qualities.<\/p><p class=\"whitespace-normal break-words\">This approach, simple in appearance, constitutes a real investment in your self-confidence and self-knowledge. It allows you to build a more accurate and valuable image of who you really are.<\/p><\/div><\/div><div class=\"h-8\">\u00a0<\/div><p><!-- \/wp:embed --><\/p>\t\t\t\t\t\t\t\t<\/div>\n\t\t\t\t<\/div>\n\t\t\t\t\t<\/div>\n\t\t<\/div>\n\t\t\t\t\t<\/div>\n\t\t<\/section>\n\t\t\t\t<\/div>","protected":false},"excerpt":{"rendered":"<p>Oser demander \u00e0 votre entourage quelles sont vos qualit\u00e9s est un exercice qui peut sembler bateau et quelque peu g\u00eanant. N\u00e9anmoins, il a un grand int\u00e9r\u00eat. On a souvent du mal \u00e0 se donner des qualit\u00e9s car on n&rsquo;a pas \u00e9t\u00e9 \u00e9duqu\u00e9 \u00e0 se lancer des fleurs. Cette difficult\u00e9 \u00e0 reconna\u00eetre nos propres forces vient&#8230;<\/p>","protected":false},"author":1,"featured_media":4295,"parent":2211,"menu_order":5,"comment_status":"closed","ping_status":"closed","template":"","meta":{"_acf_changed":false,"episode_type":"","audio_file":"","cover_image":"","cover_image_id":"","duration":"","filesize":"","filesize_raw":"","date_recorded":"","explicit":"","block":"","footnotes":""},"class_list":["post-4294","page","type-page","status-publish","has-post-thumbnail","hentry","wpbf-post"],"acf":[],"yoast_head":"<!-- This site is optimized with the Yoast SEO plugin v26.8 - https:\/\/yoast.com\/product\/yoast-seo-wordpress\/ -->\n<title>D\u00e9couvrir ses qualit\u00e9s &#8226; Job&amp;Sense<\/title>\n<meta name=\"description\" content=\"Faites l\u2019exercice de demander \u00e0 5 personnes de votre entourage (famille, amis, coll\u00e8gues\u2026) quelles sont vos 5 principales qualit\u00e9s.\" \/>\n<meta name=\"robots\" content=\"index, follow, max-snippet:-1, max-image-preview:large, max-video-preview:-1\" \/>\n<link rel=\"canonical\" href=\"https:\/\/jobandsense.be\/en\/toolbox\/get-to-know-yourself-better\/discover-your-qualities\/\" \/>\n<meta property=\"og:locale\" content=\"en_GB\" \/>\n<meta property=\"og:type\" content=\"article\" \/>\n<meta property=\"og:title\" content=\"D\u00e9couvrir ses qualit\u00e9s\" \/>\n<meta property=\"og:description\" content=\"Faites l\u2019exercice de demander \u00e0 5 personnes de votre entourage (famille, amis, coll\u00e8gues\u2026) quelles sont vos 5 principales qualit\u00e9s.\" \/>\n<meta property=\"og:url\" content=\"https:\/\/jobandsense.be\/en\/toolbox\/get-to-know-yourself-better\/discover-your-qualities\/\" \/>\n<meta property=\"og:site_name\" content=\"Job&amp;Sense\" \/>\n<meta property=\"article:publisher\" content=\"https:\/\/www.facebook.com\/JobandSense\" \/>\n<meta property=\"article:modified_time\" content=\"2025-10-20T12:03:34+00:00\" \/>\n<meta property=\"og:image\" content=\"https:\/\/jobandsense.be\/wp-content\/uploads\/2021\/01\/qualite\u0301s.jpg\" \/>\n\t<meta property=\"og:image:width\" content=\"1280\" \/>\n\t<meta property=\"og:image:height\" content=\"850\" \/>\n\t<meta property=\"og:image:type\" content=\"image\/jpeg\" \/>\n<meta name=\"twitter:card\" content=\"summary_large_image\" \/>\n<meta name=\"twitter:label1\" content=\"Estimated reading time\" \/>\n\t<meta name=\"twitter:data1\" content=\"2 minutes\" \/>\n<script type=\"application\/ld+json\" class=\"yoast-schema-graph\">{\"@context\":\"https:\/\/schema.org\",\"@graph\":[{\"@type\":\"WebPage\",\"@id\":\"https:\/\/jobandsense.be\/boite-a-outils\/mieux-se-connaitre\/decouvrir-ses-qualites\/\",\"url\":\"https:\/\/jobandsense.be\/boite-a-outils\/mieux-se-connaitre\/decouvrir-ses-qualites\/\",\"name\":\"D\u00e9couvrir ses qualit\u00e9s &#8226; Job&Sense\",\"isPartOf\":{\"@id\":\"https:\/\/jobandsense.be\/#website\"},\"primaryImageOfPage\":{\"@id\":\"https:\/\/jobandsense.be\/boite-a-outils\/mieux-se-connaitre\/decouvrir-ses-qualites\/#primaryimage\"},\"image\":{\"@id\":\"https:\/\/jobandsense.be\/boite-a-outils\/mieux-se-connaitre\/decouvrir-ses-qualites\/#primaryimage\"},\"thumbnailUrl\":\"https:\/\/jobandsense.be\/wp-content\/uploads\/2021\/01\/qualite\u0301s.jpg\",\"datePublished\":\"2021-01-21T13:02:25+00:00\",\"dateModified\":\"2025-10-20T12:03:34+00:00\",\"description\":\"Faites l\u2019exercice de demander \u00e0 5 personnes de votre entourage (famille, amis, coll\u00e8gues\u2026) quelles sont vos 5 principales qualit\u00e9s.\",\"breadcrumb\":{\"@id\":\"https:\/\/jobandsense.be\/boite-a-outils\/mieux-se-connaitre\/decouvrir-ses-qualites\/#breadcrumb\"},\"inLanguage\":\"en-GB\",\"potentialAction\":[{\"@type\":\"ReadAction\",\"target\":[\"https:\/\/jobandsense.be\/boite-a-outils\/mieux-se-connaitre\/decouvrir-ses-qualites\/\"]}]},{\"@type\":\"ImageObject\",\"inLanguage\":\"en-GB\",\"@id\":\"https:\/\/jobandsense.be\/boite-a-outils\/mieux-se-connaitre\/decouvrir-ses-qualites\/#primaryimage\",\"url\":\"https:\/\/jobandsense.be\/wp-content\/uploads\/2021\/01\/qualite\u0301s.jpg\",\"contentUrl\":\"https:\/\/jobandsense.be\/wp-content\/uploads\/2021\/01\/qualite\u0301s.jpg\",\"width\":1280,\"height\":850,\"caption\":\"Image par PatternPictures de Pixabay\"},{\"@type\":\"BreadcrumbList\",\"@id\":\"https:\/\/jobandsense.be\/boite-a-outils\/mieux-se-connaitre\/decouvrir-ses-qualites\/#breadcrumb\",\"itemListElement\":[{\"@type\":\"ListItem\",\"position\":1,\"name\":\"Accueil\",\"item\":\"https:\/\/jobandsense.be\/\"},{\"@type\":\"ListItem\",\"position\":2,\"name\":\"Bo\u00eete \u00e0 outils\",\"item\":\"https:\/\/jobandsense.be\/boite-a-outils\/\"},{\"@type\":\"ListItem\",\"position\":3,\"name\":\"Mieux se conna\u00eetre\",\"item\":\"https:\/\/jobandsense.be\/boite-a-outils\/mieux-se-connaitre\/\"},{\"@type\":\"ListItem\",\"position\":4,\"name\":\"D\u00e9couvrir ses qualit\u00e9s\"}]},{\"@type\":\"WebSite\",\"@id\":\"https:\/\/jobandsense.be\/#website\",\"url\":\"https:\/\/jobandsense.be\/\",\"name\":\"Job&amp;Sense\",\"description\":\"La plateforme qui vous donne toutes les informations pour trouver un job qui a du sens\",\"publisher\":{\"@id\":\"https:\/\/jobandsense.be\/#organization\"},\"potentialAction\":[{\"@type\":\"SearchAction\",\"target\":{\"@type\":\"EntryPoint\",\"urlTemplate\":\"https:\/\/jobandsense.be\/?s={search_term_string}\"},\"query-input\":{\"@type\":\"PropertyValueSpecification\",\"valueRequired\":true,\"valueName\":\"search_term_string\"}}],\"inLanguage\":\"en-GB\"},{\"@type\":\"Organization\",\"@id\":\"https:\/\/jobandsense.be\/#organization\",\"name\":\"Job&Sense\",\"url\":\"https:\/\/jobandsense.be\/\",\"logo\":{\"@type\":\"ImageObject\",\"inLanguage\":\"en-GB\",\"@id\":\"https:\/\/jobandsense.be\/#\/schema\/logo\/image\/\",\"url\":\"\",\"contentUrl\":\"\",\"caption\":\"Job&Sense\"},\"image\":{\"@id\":\"https:\/\/jobandsense.be\/#\/schema\/logo\/image\/\"},\"sameAs\":[\"https:\/\/www.facebook.com\/JobandSense\",\"https:\/\/www.instagram.com\/jobandsense\/\",\"https:\/\/www.linkedin.com\/company\/52173671\/admin\/\"]}]}<\/script>\n<!-- \/ Yoast SEO plugin. -->","yoast_head_json":{"title":"D\u00e9couvrir ses qualit\u00e9s &#8226; Job&Sense","description":"Faites l\u2019exercice de demander \u00e0 5 personnes de votre entourage (famille, amis, coll\u00e8gues\u2026) quelles sont vos 5 principales qualit\u00e9s.","robots":{"index":"index","follow":"follow","max-snippet":"max-snippet:-1","max-image-preview":"max-image-preview:large","max-video-preview":"max-video-preview:-1"},"canonical":"https:\/\/jobandsense.be\/en\/toolbox\/get-to-know-yourself-better\/discover-your-qualities\/","og_locale":"en_GB","og_type":"article","og_title":"D\u00e9couvrir ses qualit\u00e9s","og_description":"Faites l\u2019exercice de demander \u00e0 5 personnes de votre entourage (famille, amis, coll\u00e8gues\u2026) quelles sont vos 5 principales qualit\u00e9s.","og_url":"https:\/\/jobandsense.be\/en\/toolbox\/get-to-know-yourself-better\/discover-your-qualities\/","og_site_name":"Job&amp;Sense","article_publisher":"https:\/\/www.facebook.com\/JobandSense","article_modified_time":"2025-10-20T12:03:34+00:00","og_image":[{"width":1280,"height":850,"url":"https:\/\/jobandsense.be\/wp-content\/uploads\/2021\/01\/qualite\u0301s.jpg","type":"image\/jpeg"}],"twitter_card":"summary_large_image","twitter_misc":{"Estimated reading time":"2 minutes"},"schema":{"@context":"https:\/\/schema.org","@graph":[{"@type":"WebPage","@id":"https:\/\/jobandsense.be\/boite-a-outils\/mieux-se-connaitre\/decouvrir-ses-qualites\/","url":"https:\/\/jobandsense.be\/boite-a-outils\/mieux-se-connaitre\/decouvrir-ses-qualites\/","name":"D\u00e9couvrir ses qualit\u00e9s &#8226; Job&Sense","isPartOf":{"@id":"https:\/\/jobandsense.be\/#website"},"primaryImageOfPage":{"@id":"https:\/\/jobandsense.be\/boite-a-outils\/mieux-se-connaitre\/decouvrir-ses-qualites\/#primaryimage"},"image":{"@id":"https:\/\/jobandsense.be\/boite-a-outils\/mieux-se-connaitre\/decouvrir-ses-qualites\/#primaryimage"},"thumbnailUrl":"https:\/\/jobandsense.be\/wp-content\/uploads\/2021\/01\/qualite\u0301s.jpg","datePublished":"2021-01-21T13:02:25+00:00","dateModified":"2025-10-20T12:03:34+00:00","description":"Faites l\u2019exercice de demander \u00e0 5 personnes de votre entourage (famille, amis, coll\u00e8gues\u2026) quelles sont vos 5 principales qualit\u00e9s.","breadcrumb":{"@id":"https:\/\/jobandsense.be\/boite-a-outils\/mieux-se-connaitre\/decouvrir-ses-qualites\/#breadcrumb"},"inLanguage":"en-GB","potentialAction":[{"@type":"ReadAction","target":["https:\/\/jobandsense.be\/boite-a-outils\/mieux-se-connaitre\/decouvrir-ses-qualites\/"]}]},{"@type":"ImageObject","inLanguage":"en-GB","@id":"https:\/\/jobandsense.be\/boite-a-outils\/mieux-se-connaitre\/decouvrir-ses-qualites\/#primaryimage","url":"https:\/\/jobandsense.be\/wp-content\/uploads\/2021\/01\/qualite\u0301s.jpg","contentUrl":"https:\/\/jobandsense.be\/wp-content\/uploads\/2021\/01\/qualite\u0301s.jpg","width":1280,"height":850,"caption":"Image par PatternPictures de Pixabay"},{"@type":"BreadcrumbList","@id":"https:\/\/jobandsense.be\/boite-a-outils\/mieux-se-connaitre\/decouvrir-ses-qualites\/#breadcrumb","itemListElement":[{"@type":"ListItem","position":1,"name":"Accueil","item":"https:\/\/jobandsense.be\/"},{"@type":"ListItem","position":2,"name":"Bo\u00eete \u00e0 outils","item":"https:\/\/jobandsense.be\/boite-a-outils\/"},{"@type":"ListItem","position":3,"name":"Mieux se conna\u00eetre","item":"https:\/\/jobandsense.be\/boite-a-outils\/mieux-se-connaitre\/"},{"@type":"ListItem","position":4,"name":"D\u00e9couvrir ses qualit\u00e9s"}]},{"@type":"WebSite","@id":"https:\/\/jobandsense.be\/#website","url":"https:\/\/jobandsense.be\/","name":"Job&amp;Sense","description":"La plateforme qui vous donne toutes les informations pour trouver un job qui a du sens","publisher":{"@id":"https:\/\/jobandsense.be\/#organization"},"potentialAction":[{"@type":"SearchAction","target":{"@type":"EntryPoint","urlTemplate":"https:\/\/jobandsense.be\/?s={search_term_string}"},"query-input":{"@type":"PropertyValueSpecification","valueRequired":true,"valueName":"search_term_string"}}],"inLanguage":"en-GB"},{"@type":"Organization","@id":"https:\/\/jobandsense.be\/#organization","name":"Job&Sense","url":"https:\/\/jobandsense.be\/","logo":{"@type":"ImageObject","inLanguage":"en-GB","@id":"https:\/\/jobandsense.be\/#\/schema\/logo\/image\/","url":"","contentUrl":"","caption":"Job&Sense"},"image":{"@id":"https:\/\/jobandsense.be\/#\/schema\/logo\/image\/"},"sameAs":["https:\/\/www.facebook.com\/JobandSense","https:\/\/www.instagram.com\/jobandsense\/","https:\/\/www.linkedin.com\/company\/52173671\/admin\/"]}]}},"jetpack_sharing_enabled":true,"_links":{"self":[{"href":"https:\/\/jobandsense.be\/en\/wp-json\/wp\/v2\/pages\/4294","targetHints":{"allow":["GET"]}}],"collection":[{"href":"https:\/\/jobandsense.be\/en\/wp-json\/wp\/v2\/pages"}],"about":[{"href":"https:\/\/jobandsense.be\/en\/wp-json\/wp\/v2\/types\/page"}],"author":[{"embeddable":true,"href":"https:\/\/jobandsense.be\/en\/wp-json\/wp\/v2\/users\/1"}],"replies":[{"embeddable":true,"href":"https:\/\/jobandsense.be\/en\/wp-json\/wp\/v2\/comments?post=4294"}],"version-history":[{"count":28,"href":"https:\/\/jobandsense.be\/en\/wp-json\/wp\/v2\/pages\/4294\/revisions"}],"predecessor-version":[{"id":13790,"href":"https:\/\/jobandsense.be\/en\/wp-json\/wp\/v2\/pages\/4294\/revisions\/13790"}],"up":[{"embeddable":true,"href":"https:\/\/jobandsense.be\/en\/wp-json\/wp\/v2\/pages\/2211"}],"wp:featuredmedia":[{"embeddable":true,"href":"https:\/\/jobandsense.be\/en\/wp-json\/wp\/v2\/media\/4295"}],"wp:attachment":[{"href":"https:\/\/jobandsense.be\/en\/wp-json\/wp\/v2\/media?parent=4294"}],"curies":[{"name":"wp","href":"https:\/\/api.w.org\/{rel}","templated":true}]}}