{"id":4259,"date":"2021-01-21T12:30:35","date_gmt":"2021-01-21T12:30:35","guid":{"rendered":"https:\/\/jobandsense.be\/?page_id=4259"},"modified":"2026-01-06T22:19:21","modified_gmt":"2026-01-06T20:19:21","slug":"define-your-why","status":"publish","type":"page","link":"https:\/\/jobandsense.be\/en\/toolbox\/get-to-know-yourself-better\/define-your-why\/","title":{"rendered":"Defining your Why"},"content":{"rendered":"<div data-elementor-type=\"wp-page\" data-elementor-id=\"4259\" class=\"elementor elementor-4259\" data-elementor-post-type=\"page\">\n\t\t\t\t\t\t<section class=\"elementor-section elementor-top-section elementor-element elementor-element-3bf7b483 elementor-section-boxed elementor-section-height-default elementor-section-height-default\" data-id=\"3bf7b483\" data-element_type=\"section\" data-e-type=\"section\">\n\t\t\t\t\t\t<div class=\"elementor-container elementor-column-gap-default\">\n\t\t\t\t\t<div class=\"elementor-column elementor-col-100 elementor-top-column elementor-element elementor-element-6c37d801\" data-id=\"6c37d801\" data-element_type=\"column\" data-e-type=\"column\">\n\t\t\t<div class=\"elementor-widget-wrap elementor-element-populated\">\n\t\t\t\t\t\t<div class=\"elementor-element elementor-element-17b3f840 elementor-widget elementor-widget-text-editor\" data-id=\"17b3f840\" data-element_type=\"widget\" data-e-type=\"widget\" data-widget_type=\"text-editor.default\">\n\t\t\t\t<div class=\"elementor-widget-container\">\n\t\t\t\t\t\t\t\t\t<p>This is a personal development practice that comes from the USA and was developed by Simon Sinek. His TED talk is one of the most viewed in the world with over 40 million views.<\/p>\n<p><div class=\"wpbf-responsive-embed\"><iframe title=\"Start with why -- how great leaders inspire action | Simon Sinek | TEDxPugetSound\" width=\"1200\" height=\"900\" src=\"https:\/\/www.youtube.com\/embed\/u4ZoJKF_VuA?start=1&feature=oembed\" frameborder=\"0\" allow=\"accelerometer; autoplay; clipboard-write; encrypted-media; gyroscope; picture-in-picture; web-share\" referrerpolicy=\"strict-origin-when-cross-origin\" allowfullscreen><\/iframe><\/div><\/p>\n<p><!-- \/wp:paragraph --><!-- wp:core-embed\/youtube {\"url\":\"https:\/\/www.youtube.com\/watch?v=u4ZoJKF_VuA\\u0026t=1s\\u0026ab_channel=TEDxTalks\",\"type\":\"video\",\"providerNameSlug\":\"youtube\",\"className\":\"wp-embed-aspect-4-3 wp-has-aspect-ratio\"} --><\/p>\n<figure class=\"wp-block-embed-youtube wp-block-embed is-type-video is-provider-youtube wp-embed-aspect-4-3 wp-has-aspect-ratio\">\n<div class=\"wp-block-embed__wrapper\">\u00a0<\/div>\n<div>\u00a0<\/div>\n<div class=\"wp-block-embed__wrapper\">Finding your WHY means knowing why you get up in the morning, what your deep purpose is, your talent, your cause.\u00a0<\/div>\n<p><img decoding=\"async\" src=\"https:\/\/jobandsense.be\/wp-content\/uploads\/2026\/01\/The-Golden-Circle-The-core-of-Simon-Sineks-Start-With-Why-is-his-discovery-of-The-Golden-Circle.-There-are-three-parts-of-The-Golden-Circle-Why-How-and-What.png\" alt=\"\" \/><\/p>\n<\/figure>\n<figure class=\"wp-block-embed-youtube wp-block-embed is-type-video is-provider-youtube wp-embed-aspect-4-3 wp-has-aspect-ratio\"><\/figure>\n<p><!-- \/wp:paragraph --><!-- wp:paragraph --><\/p>\n<p>In Belgium, Jean-Charles della Faille explains it to us in French.\u00a0<\/p>\n<p><div class=\"wpbf-responsive-embed\"><iframe title=\"Trouver son WHY et ce qui motive vraiment dans un job\" width=\"1200\" height=\"900\" src=\"https:\/\/www.youtube.com\/embed\/R1oYBx_6WNI?feature=oembed\" frameborder=\"0\" allow=\"accelerometer; autoplay; clipboard-write; encrypted-media; gyroscope; picture-in-picture; web-share\" referrerpolicy=\"strict-origin-when-cross-origin\" allowfullscreen><\/iframe><\/div><\/p>\n<p><!-- \/wp:paragraph --><!-- wp:paragraph --><\/p>\n<p>He has also written a book to explain how to find your WHY: <em>\u00ab\u00a0<span style=\"text-decoration: underline;\"><a href=\"https:\/\/jeancharlesdellafaille.com\/livres\/\" target=\"_blank\" rel=\"noopener\">Vous \u00eates fantastique\u00a0\u00bb<\/a><\/span><\/em>.\u00a0<\/p>\n<p><!-- \/wp:paragraph --><!-- wp:paragraph --><\/p>\n<p>In his book, he offers a non-exhaustive list of deep motivations. Do one or more of these values particularly resonate with you? Guide you in your life?<\/p>\n<p><!-- \/wp:paragraph --><!-- wp:paragraph --><\/p>\n<ol>\n<li>Self-affirmation<\/li>\n<li>Belonging<\/li>\n<li>Authenticity<\/li>\n<li>Kindness<\/li>\n<li>Trust<\/li>\n<li>Connection<\/li>\n<li>Discovery<\/li>\n<li>Self-transcendence<\/li>\n<li>Disruption<\/li>\n<li>Empathy<\/li>\n<li>Empowerment<\/li>\n<li>Commitment<\/li>\n<li>Hope<\/li>\n<li>Self-esteem<\/li>\n<li>Ethics<\/li>\n<li>Harmony<\/li>\n<li>Humility<\/li>\n<li>Humor<\/li>\n<li>Idealism<\/li>\n<li>Inspiration<\/li>\n<li>Integrity<\/li>\n<li>Justice<\/li>\n<li>Freedom<\/li>\n<li>Open-mindedness<\/li>\n<li>Forgiveness<\/li>\n<li>Rebellion<\/li>\n<li>Resilience<\/li>\n<li>Security<\/li>\n<li>Simplicity<\/li>\n<li>Solidarity<\/li>\n<li>Spirituality<\/li>\n<li>Transmission<\/li>\n<li>Universalism<\/li>\n<\/ol>\n<p><!-- \/wp:paragraph --><!-- wp:paragraph --><\/p>\n<p><strong>Yes,\u00a0<\/strong>you may have found your Why. The deep reason that guides your choices in life.\u00a0<\/p>\n<p><strong>Not yet. <\/strong>That's normal, it can take time and reflection.<\/p>\n<p>If it's not yet very clear to you, you can read this article on Medium written by Onur Karapinar in French:\u00a0<span style=\"text-decoration: underline;\"><em><a href=\"https:\/\/medium.com\/essentiels\/trouver-votre-pourquoi-un-guide-pratique-pour-d%C3%A9couvrir-sa-raison-d%C3%AAtre-87c20d326c80\" target=\"_blank\" rel=\"noopener\">Trouver votre Pourquoi: un guide pratique pour d\u00e9couvrir sa raison d&rsquo;\u00eatre<\/a><\/em><\/span>\" (Finding Your Why: a practical guide to discovering your reason for being). This article offers a step-by-step methodology to find your why.\u00a0<\/p>\n<figure class=\"wp-block-embed\">\n<div class=\"wp-block-embed__wrapper\">\u00a0<\/div>\n<\/figure>\n<p><!-- \/wp:embed --><\/p>\t\t\t\t\t\t\t\t<\/div>\n\t\t\t\t<\/div>\n\t\t\t\t\t<\/div>\n\t\t<\/div>\n\t\t\t\t\t<\/div>\n\t\t<\/section>\n\t\t\t\t<\/div>","protected":false},"excerpt":{"rendered":"<p>C\u2019est une pratique de d\u00e9veloppement personnel qui nous vient des USA et qui a \u00e9t\u00e9 d\u00e9velopp\u00e9e par Simon Sinek. Son TED talk est un des plus visionn\u00e9s dans le monde et compte plus de 40 millions de vues. \u00a0 \u00a0 Trouver son WHY, c&rsquo;est savoir pourquoi on se l\u00e8ve le matin, quel est notre but&#8230;<\/p>","protected":false},"author":1,"featured_media":4267,"parent":2211,"menu_order":4,"comment_status":"closed","ping_status":"closed","template":"","meta":{"_acf_changed":false,"episode_type":"","audio_file":"","cover_image":"","cover_image_id":"","duration":"","filesize":"","filesize_raw":"","date_recorded":"","explicit":"","block":"","footnotes":""},"class_list":["post-4259","page","type-page","status-publish","has-post-thumbnail","hentry","wpbf-post"],"acf":[],"yoast_head":"<!-- This site is optimized with the Yoast SEO plugin v26.8 - https:\/\/yoast.com\/product\/yoast-seo-wordpress\/ -->\n<title>D\u00e9finir son Why, ce qui nous guide dans la vie &#8226; Job&amp;Sense<\/title>\n<meta name=\"description\" content=\"Trouver son WHY c&#039;est savoir pourquoi on se l\u00e8ve le matin, quel est notre but profond, notre talent, notre cause.\" \/>\n<meta name=\"robots\" content=\"index, follow, max-snippet:-1, max-image-preview:large, max-video-preview:-1\" \/>\n<link rel=\"canonical\" href=\"https:\/\/jobandsense.be\/en\/toolbox\/get-to-know-yourself-better\/define-your-why\/\" \/>\n<meta property=\"og:locale\" content=\"en_GB\" \/>\n<meta property=\"og:type\" content=\"article\" \/>\n<meta property=\"og:title\" content=\"D\u00e9finir son Why\" \/>\n<meta property=\"og:description\" content=\"Trouver son WHY c&#039;est savoir pourquoi on se l\u00e8ve le matin, quel est notre but profond, notre talent, notre cause.\" \/>\n<meta property=\"og:url\" content=\"https:\/\/jobandsense.be\/en\/toolbox\/get-to-know-yourself-better\/define-your-why\/\" \/>\n<meta property=\"og:site_name\" content=\"Job&amp;Sense\" \/>\n<meta property=\"article:publisher\" content=\"https:\/\/www.facebook.com\/JobandSense\" \/>\n<meta property=\"article:modified_time\" content=\"2026-01-06T20:19:21+00:00\" \/>\n<meta property=\"og:image\" content=\"https:\/\/jobandsense.be\/wp-content\/uploads\/2021\/01\/son-why.jpg\" \/>\n\t<meta property=\"og:image:width\" content=\"1280\" \/>\n\t<meta property=\"og:image:height\" content=\"960\" \/>\n\t<meta property=\"og:image:type\" content=\"image\/jpeg\" \/>\n<meta name=\"twitter:card\" content=\"summary_large_image\" \/>\n<meta name=\"twitter:label1\" content=\"Estimated reading time\" \/>\n\t<meta name=\"twitter:data1\" content=\"2 minutes\" \/>\n<script type=\"application\/ld+json\" class=\"yoast-schema-graph\">{\"@context\":\"https:\/\/schema.org\",\"@graph\":[{\"@type\":\"WebPage\",\"@id\":\"https:\/\/jobandsense.be\/boite-a-outils\/mieux-se-connaitre\/definir-son-why\/\",\"url\":\"https:\/\/jobandsense.be\/boite-a-outils\/mieux-se-connaitre\/definir-son-why\/\",\"name\":\"D\u00e9finir son Why, ce qui nous guide dans la vie &#8226; Job&Sense\",\"isPartOf\":{\"@id\":\"https:\/\/jobandsense.be\/#website\"},\"primaryImageOfPage\":{\"@id\":\"https:\/\/jobandsense.be\/boite-a-outils\/mieux-se-connaitre\/definir-son-why\/#primaryimage\"},\"image\":{\"@id\":\"https:\/\/jobandsense.be\/boite-a-outils\/mieux-se-connaitre\/definir-son-why\/#primaryimage\"},\"thumbnailUrl\":\"https:\/\/jobandsense.be\/wp-content\/uploads\/2021\/01\/son-why.jpg\",\"datePublished\":\"2021-01-21T12:30:35+00:00\",\"dateModified\":\"2026-01-06T20:19:21+00:00\",\"description\":\"Trouver son WHY c'est savoir pourquoi on se l\u00e8ve le matin, quel est notre but profond, notre talent, notre cause.\",\"breadcrumb\":{\"@id\":\"https:\/\/jobandsense.be\/boite-a-outils\/mieux-se-connaitre\/definir-son-why\/#breadcrumb\"},\"inLanguage\":\"en-GB\",\"potentialAction\":[{\"@type\":\"ReadAction\",\"target\":[\"https:\/\/jobandsense.be\/boite-a-outils\/mieux-se-connaitre\/definir-son-why\/\"]}]},{\"@type\":\"ImageObject\",\"inLanguage\":\"en-GB\",\"@id\":\"https:\/\/jobandsense.be\/boite-a-outils\/mieux-se-connaitre\/definir-son-why\/#primaryimage\",\"url\":\"https:\/\/jobandsense.be\/wp-content\/uploads\/2021\/01\/son-why.jpg\",\"contentUrl\":\"https:\/\/jobandsense.be\/wp-content\/uploads\/2021\/01\/son-why.jpg\",\"width\":1280,\"height\":960,\"caption\":\"Image par Sophie Janotta de Pixabay\"},{\"@type\":\"BreadcrumbList\",\"@id\":\"https:\/\/jobandsense.be\/boite-a-outils\/mieux-se-connaitre\/definir-son-why\/#breadcrumb\",\"itemListElement\":[{\"@type\":\"ListItem\",\"position\":1,\"name\":\"Accueil\",\"item\":\"https:\/\/jobandsense.be\/\"},{\"@type\":\"ListItem\",\"position\":2,\"name\":\"Bo\u00eete \u00e0 outils\",\"item\":\"https:\/\/jobandsense.be\/boite-a-outils\/\"},{\"@type\":\"ListItem\",\"position\":3,\"name\":\"Mieux se conna\u00eetre\",\"item\":\"https:\/\/jobandsense.be\/boite-a-outils\/mieux-se-connaitre\/\"},{\"@type\":\"ListItem\",\"position\":4,\"name\":\"D\u00e9finir son Why\"}]},{\"@type\":\"WebSite\",\"@id\":\"https:\/\/jobandsense.be\/#website\",\"url\":\"https:\/\/jobandsense.be\/\",\"name\":\"Job&amp;Sense\",\"description\":\"La plateforme qui vous donne toutes les informations pour trouver un job qui a du sens\",\"publisher\":{\"@id\":\"https:\/\/jobandsense.be\/#organization\"},\"potentialAction\":[{\"@type\":\"SearchAction\",\"target\":{\"@type\":\"EntryPoint\",\"urlTemplate\":\"https:\/\/jobandsense.be\/?s={search_term_string}\"},\"query-input\":{\"@type\":\"PropertyValueSpecification\",\"valueRequired\":true,\"valueName\":\"search_term_string\"}}],\"inLanguage\":\"en-GB\"},{\"@type\":\"Organization\",\"@id\":\"https:\/\/jobandsense.be\/#organization\",\"name\":\"Job&Sense\",\"url\":\"https:\/\/jobandsense.be\/\",\"logo\":{\"@type\":\"ImageObject\",\"inLanguage\":\"en-GB\",\"@id\":\"https:\/\/jobandsense.be\/#\/schema\/logo\/image\/\",\"url\":\"\",\"contentUrl\":\"\",\"caption\":\"Job&Sense\"},\"image\":{\"@id\":\"https:\/\/jobandsense.be\/#\/schema\/logo\/image\/\"},\"sameAs\":[\"https:\/\/www.facebook.com\/JobandSense\",\"https:\/\/www.instagram.com\/jobandsense\/\",\"https:\/\/www.linkedin.com\/company\/52173671\/admin\/\"]}]}<\/script>\n<!-- \/ Yoast SEO plugin. -->","yoast_head_json":{"title":"D\u00e9finir son Why, ce qui nous guide dans la vie &#8226; Job&Sense","description":"Trouver son WHY c'est savoir pourquoi on se l\u00e8ve le matin, quel est notre but profond, notre talent, notre cause.","robots":{"index":"index","follow":"follow","max-snippet":"max-snippet:-1","max-image-preview":"max-image-preview:large","max-video-preview":"max-video-preview:-1"},"canonical":"https:\/\/jobandsense.be\/en\/toolbox\/get-to-know-yourself-better\/define-your-why\/","og_locale":"en_GB","og_type":"article","og_title":"D\u00e9finir son Why","og_description":"Trouver son WHY c'est savoir pourquoi on se l\u00e8ve le matin, quel est notre but profond, notre talent, notre cause.","og_url":"https:\/\/jobandsense.be\/en\/toolbox\/get-to-know-yourself-better\/define-your-why\/","og_site_name":"Job&amp;Sense","article_publisher":"https:\/\/www.facebook.com\/JobandSense","article_modified_time":"2026-01-06T20:19:21+00:00","og_image":[{"width":1280,"height":960,"url":"https:\/\/jobandsense.be\/wp-content\/uploads\/2021\/01\/son-why.jpg","type":"image\/jpeg"}],"twitter_card":"summary_large_image","twitter_misc":{"Estimated reading time":"2 minutes"},"schema":{"@context":"https:\/\/schema.org","@graph":[{"@type":"WebPage","@id":"https:\/\/jobandsense.be\/boite-a-outils\/mieux-se-connaitre\/definir-son-why\/","url":"https:\/\/jobandsense.be\/boite-a-outils\/mieux-se-connaitre\/definir-son-why\/","name":"D\u00e9finir son Why, ce qui nous guide dans la vie &#8226; Job&Sense","isPartOf":{"@id":"https:\/\/jobandsense.be\/#website"},"primaryImageOfPage":{"@id":"https:\/\/jobandsense.be\/boite-a-outils\/mieux-se-connaitre\/definir-son-why\/#primaryimage"},"image":{"@id":"https:\/\/jobandsense.be\/boite-a-outils\/mieux-se-connaitre\/definir-son-why\/#primaryimage"},"thumbnailUrl":"https:\/\/jobandsense.be\/wp-content\/uploads\/2021\/01\/son-why.jpg","datePublished":"2021-01-21T12:30:35+00:00","dateModified":"2026-01-06T20:19:21+00:00","description":"Trouver son WHY c'est savoir pourquoi on se l\u00e8ve le matin, quel est notre but profond, notre talent, notre cause.","breadcrumb":{"@id":"https:\/\/jobandsense.be\/boite-a-outils\/mieux-se-connaitre\/definir-son-why\/#breadcrumb"},"inLanguage":"en-GB","potentialAction":[{"@type":"ReadAction","target":["https:\/\/jobandsense.be\/boite-a-outils\/mieux-se-connaitre\/definir-son-why\/"]}]},{"@type":"ImageObject","inLanguage":"en-GB","@id":"https:\/\/jobandsense.be\/boite-a-outils\/mieux-se-connaitre\/definir-son-why\/#primaryimage","url":"https:\/\/jobandsense.be\/wp-content\/uploads\/2021\/01\/son-why.jpg","contentUrl":"https:\/\/jobandsense.be\/wp-content\/uploads\/2021\/01\/son-why.jpg","width":1280,"height":960,"caption":"Image par Sophie Janotta de Pixabay"},{"@type":"BreadcrumbList","@id":"https:\/\/jobandsense.be\/boite-a-outils\/mieux-se-connaitre\/definir-son-why\/#breadcrumb","itemListElement":[{"@type":"ListItem","position":1,"name":"Accueil","item":"https:\/\/jobandsense.be\/"},{"@type":"ListItem","position":2,"name":"Bo\u00eete \u00e0 outils","item":"https:\/\/jobandsense.be\/boite-a-outils\/"},{"@type":"ListItem","position":3,"name":"Mieux se conna\u00eetre","item":"https:\/\/jobandsense.be\/boite-a-outils\/mieux-se-connaitre\/"},{"@type":"ListItem","position":4,"name":"D\u00e9finir son Why"}]},{"@type":"WebSite","@id":"https:\/\/jobandsense.be\/#website","url":"https:\/\/jobandsense.be\/","name":"Job&amp;Sense","description":"La plateforme qui vous donne toutes les informations pour trouver un job qui a du sens","publisher":{"@id":"https:\/\/jobandsense.be\/#organization"},"potentialAction":[{"@type":"SearchAction","target":{"@type":"EntryPoint","urlTemplate":"https:\/\/jobandsense.be\/?s={search_term_string}"},"query-input":{"@type":"PropertyValueSpecification","valueRequired":true,"valueName":"search_term_string"}}],"inLanguage":"en-GB"},{"@type":"Organization","@id":"https:\/\/jobandsense.be\/#organization","name":"Job&Sense","url":"https:\/\/jobandsense.be\/","logo":{"@type":"ImageObject","inLanguage":"en-GB","@id":"https:\/\/jobandsense.be\/#\/schema\/logo\/image\/","url":"","contentUrl":"","caption":"Job&Sense"},"image":{"@id":"https:\/\/jobandsense.be\/#\/schema\/logo\/image\/"},"sameAs":["https:\/\/www.facebook.com\/JobandSense","https:\/\/www.instagram.com\/jobandsense\/","https:\/\/www.linkedin.com\/company\/52173671\/admin\/"]}]}},"jetpack_sharing_enabled":true,"_links":{"self":[{"href":"https:\/\/jobandsense.be\/en\/wp-json\/wp\/v2\/pages\/4259","targetHints":{"allow":["GET"]}}],"collection":[{"href":"https:\/\/jobandsense.be\/en\/wp-json\/wp\/v2\/pages"}],"about":[{"href":"https:\/\/jobandsense.be\/en\/wp-json\/wp\/v2\/types\/page"}],"author":[{"embeddable":true,"href":"https:\/\/jobandsense.be\/en\/wp-json\/wp\/v2\/users\/1"}],"replies":[{"embeddable":true,"href":"https:\/\/jobandsense.be\/en\/wp-json\/wp\/v2\/comments?post=4259"}],"version-history":[{"count":31,"href":"https:\/\/jobandsense.be\/en\/wp-json\/wp\/v2\/pages\/4259\/revisions"}],"predecessor-version":[{"id":14149,"href":"https:\/\/jobandsense.be\/en\/wp-json\/wp\/v2\/pages\/4259\/revisions\/14149"}],"up":[{"embeddable":true,"href":"https:\/\/jobandsense.be\/en\/wp-json\/wp\/v2\/pages\/2211"}],"wp:featuredmedia":[{"embeddable":true,"href":"https:\/\/jobandsense.be\/en\/wp-json\/wp\/v2\/media\/4267"}],"wp:attachment":[{"href":"https:\/\/jobandsense.be\/en\/wp-json\/wp\/v2\/media?parent=4259"}],"curies":[{"name":"wp","href":"https:\/\/api.w.org\/{rel}","templated":true}]}}