{"id":4179,"date":"2021-01-21T10:23:57","date_gmt":"2021-01-21T10:23:57","guid":{"rendered":"https:\/\/jobandsense.be\/?page_id=4179"},"modified":"2026-01-08T12:36:53","modified_gmt":"2026-01-08T10:36:53","slug":"personality-tests","status":"publish","type":"page","link":"https:\/\/jobandsense.be\/en\/toolbox\/get-to-know-yourself-better\/personality-tests\/","title":{"rendered":"Personality tests"},"content":{"rendered":"<div data-elementor-type=\"wp-page\" data-elementor-id=\"4179\" class=\"elementor elementor-4179\" data-elementor-post-type=\"page\">\n\t\t\t\t\t\t<section class=\"elementor-section elementor-top-section elementor-element elementor-element-6383741c elementor-section-boxed elementor-section-height-default elementor-section-height-default\" data-id=\"6383741c\" data-element_type=\"section\" data-e-type=\"section\">\n\t\t\t\t\t\t<div class=\"elementor-container elementor-column-gap-default\">\n\t\t\t\t\t<div class=\"elementor-column elementor-col-100 elementor-top-column elementor-element elementor-element-3308bcde\" data-id=\"3308bcde\" data-element_type=\"column\" data-e-type=\"column\">\n\t\t\t<div class=\"elementor-widget-wrap elementor-element-populated\">\n\t\t\t\t\t\t<div class=\"elementor-element elementor-element-246f7f13 elementor-widget elementor-widget-text-editor\" data-id=\"246f7f13\" data-element_type=\"widget\" data-e-type=\"widget\" data-widget_type=\"text-editor.default\">\n\t\t\t\t<div class=\"elementor-widget-container\">\n\t\t\t\t\t\t\t\t\t<p><\/p>\n<p>To start getting to know yourself better, you can use online personality tests. There are many tests available for free.<\/p>\n<p><\/p>\n<p>Job&amp;Sense's advice: don't rely solely on the results of a single personality test. Take several and look at what comes up most often. This will give you a better idea of your dominant traits.<\/p>\n<p><\/p>\t\t\t\t\t\t\t\t<\/div>\n\t\t\t\t<\/div>\n\t\t\t\t<div class=\"elementor-element elementor-element-07960b2 elementor-widget elementor-widget-heading\" data-id=\"07960b2\" data-element_type=\"widget\" data-e-type=\"widget\" data-widget_type=\"heading.default\">\n\t\t\t\t<div class=\"elementor-widget-container\">\n\t\t\t\t\t<h2 class=\"elementor-heading-title elementor-size-default\">Free tests<\/h2>\t\t\t\t<\/div>\n\t\t\t\t<\/div>\n\t\t\t\t<div class=\"elementor-element elementor-element-5272763 elementor-widget elementor-widget-text-editor\" data-id=\"5272763\" data-element_type=\"widget\" data-e-type=\"widget\" data-widget_type=\"text-editor.default\">\n\t\t\t\t<div class=\"elementor-widget-container\">\n\t\t\t\t\t\t\t\t\t<ul>\n<li>The <strong>MBTI <\/strong>test (FR, NL, EN) is one of the most widely used psychological tests in the world. It has been taken more than 19 million times. It identifies 16 major different personality types with 4 pillars: extrovert\/introvert, sensing\/intuition, decision-making, action mode. You can take the <span style=\"text-decoration: underline;\"><a href=\"https:\/\/www.16personalities.com\/fr\/test-de-personnalite\" target=\"_blank\" rel=\"noopener\">test here.\u00a0<\/a><\/span><\/li>\n<\/ul>\n<p><!-- \/wp:list --><!-- wp:list --><\/p>\n<p><!-- \/wp:list --><!-- wp:list --><\/p>\n<ul>\n<li>The <strong>VIA character<\/strong> test (FR, NL, EN) will help you discover your dominant character traits. It has already been taken by more than 7 million people. You need to register and indicate the language in which you wish to take the test. It appears to be only in English, but you can complete it in French or another language. You can take the <span style=\"text-decoration: underline;\"><a href=\"https:\/\/www.viacharacter.org\/Account\/Register\" target=\"_blank\" rel=\"noopener\">test here.<\/a><\/span>\u00a0<\/li>\n<\/ul>\n<p><!-- \/wp:list --><!-- wp:list --><\/p>\n<ul>\n<li>H<strong>olland <\/strong>'s typology (FR) defines 6 personality types that will be determined by your abilities, your personality traits and your interests. You can take the <span style=\"text-decoration: underline;\"><a href=\"https:\/\/www.monemploi.com\/riasec\" target=\"_blank\" rel=\"noopener\">test here<\/a><\/span>. You can also look at <span style=\"text-decoration: underline;\"><a href=\"https:\/\/data.over-blog-kiwi.com\/0\/87\/68\/23\/20181001\/ob_9f1bb0_liste-de-me-tiers-et-professions-selo.pdf\" target=\"_blank\" rel=\"noopener\">this document (in FR)<\/a><\/span> which gives job ideas by Holland personality type.\u00a0<\/li>\n<\/ul>\n<p><!-- \/wp:list --><!-- wp:paragraph --><!-- \/wp:paragraph --><!-- wp:list --><\/p>\n<ul>\n<li>The <strong>Bilan-analyse<\/strong> test (FR) will give you a view of your personality (values, qualities, attention to others\u2026). It has already been taken by more than 1 million people in 15 countries. You can take the <span style=\"text-decoration: underline;\"><a href=\"https:\/\/www.connais-toi.com\/\" target=\"_blank\" rel=\"noopener\">test here<\/a><\/span>.\u00a0<\/li>\n<\/ul>\n<p><!-- \/wp:list --><!-- wp:list --><\/p>\n<p><!-- \/wp:list --><!-- wp:list --><\/p>\n<p><!-- \/wp:list --><!-- wp:list --><\/p>\n<ul>\n<li>The <strong>Big Five<\/strong>\u00a0 (FR, NL, EN) is a classic personality test that defines 5 major factors that define personality. You can take the <span style=\"text-decoration: underline;\"><a href=\"https:\/\/bigfive-test.com\/fr\" target=\"_blank\" rel=\"noopener\">test here.<\/a><\/span><\/li>\n<\/ul>\n<p><!-- \/wp:list --><!-- wp:list --><\/p>\n<ul>\n<li>The <strong>HEXACO<\/strong> test (FR, EN) is a more recent test than the Big Five but along the same lines. It is longer than that one. You can take the <span style=\"text-decoration: underline;\"><a href=\"https:\/\/survey.ucalgary.ca\/jfe\/form\/SV_0DHbQPy5Vr0TAlE\" target=\"_blank\" rel=\"noopener\">test here.<\/a><\/span><\/li>\n<\/ul>\n<p><!-- \/wp:list --><!-- wp:list --><\/p>\n<ul>\n<li><strong>The Enneagram <\/strong>(FR, NL, EN) will help you get to know yourself better and enrich your personal development. It is based on 9 types of relational functioning. It is widely used nowadays. You can find the <span style=\"text-decoration: underline;\"><a href=\"https:\/\/enneagram.bz\/fr\" target=\"_blank\" rel=\"noopener\">test here.<\/a><\/span><\/li>\n<\/ul>\n<p><!-- \/wp:list --><!-- wp:list --><\/p>\n<ul>\n<li><strong>Test your selfie <\/strong>(FR, NL, EN) is a playful tool designed to assess your \"soft skills\" in the workplace. You can take the <span style=\"text-decoration: underline;\"><a href=\"https:\/\/www.testyourselfie.eu\/#\/splash\" target=\"_blank\" rel=\"noopener\">test here<\/a><\/span>.\u00a0<\/li>\n<\/ul>\n<p><!-- \/wp:list --><!-- wp:list --><\/p>\n<ul>\n<li>The <strong>DISC <\/strong>test (FR, EN) will help you better understand your way of communicating and interacting. The basic test is free and can be found <span style=\"text-decoration: underline;\"><a href=\"https:\/\/force4disc.com\/fr\/test-disc\/individual\" target=\"_blank\" rel=\"noopener\">here<\/a><\/span>.<\/li>\n<\/ul>\n<p><!-- \/wp:list --><!-- wp:list --><\/p>\n<ul>\n<li>The <strong>WhatsType <\/strong>test (FR, EN) allows you to discover your personality traits in 20 questions. You can take the <span style=\"text-decoration: underline;\"><a href=\"https:\/\/whatstype.org\/\" target=\"_blank\" rel=\"noopener\">test here<\/a><\/span>.<\/li>\n<\/ul>\n<p>There is also an English-language platform that brings together the major types of personality tests. This site is called <strong><a href=\"https:\/\/www.testmypersona.com\/tests\" target=\"_blank\" rel=\"noopener\">Test my Persona<\/a><\/strong>.\u00a0<\/p>\n<p><!-- \/wp:list --><!-- wp:paragraph --><!-- \/wp:paragraph --><\/p>\t\t\t\t\t\t\t\t<\/div>\n\t\t\t\t<\/div>\n\t\t\t\t<div class=\"elementor-element elementor-element-cac3c88 elementor-widget elementor-widget-heading\" data-id=\"cac3c88\" data-element_type=\"widget\" data-e-type=\"widget\" data-widget_type=\"heading.default\">\n\t\t\t\t<div class=\"elementor-widget-container\">\n\t\t\t\t\t<h2 class=\"elementor-heading-title elementor-size-default\">Paid test<\/h2>\t\t\t\t<\/div>\n\t\t\t\t<\/div>\n\t\t\t\t<div class=\"elementor-element elementor-element-dd01c16 elementor-widget elementor-widget-text-editor\" data-id=\"dd01c16\" data-element_type=\"widget\" data-e-type=\"widget\" data-widget_type=\"text-editor.default\">\n\t\t\t\t<div class=\"elementor-widget-container\">\n\t\t\t\t\t\t\t\t\t<p>The <strong>Clifton Strengths <\/strong>(FR, NL, EN) is a test that has been used more than 23 million times. It is quite powerful because it is very complete and exhaustive. Many coaches recommend this test. You can<span style=\"text-decoration: underline;\"><a href=\"https:\/\/store.gallup.com\/product\/cliftonstrengths-top-5\/01tPa00000QhS6yIAF\" target=\"_blank\" rel=\"noopener\">purchase it here<\/a><\/span>.<\/p>\n<p>Free online tests offer an interesting and accessible first reading of your personality. However, doing this work accompanied by professionals or certified coaches allows you to go much deeper, refine your understanding of the results and concretely connect them to your experience, your skills and your projects.<\/p>\n<p><!-- \/wp:paragraph --><\/p>\t\t\t\t\t\t\t\t<\/div>\n\t\t\t\t<\/div>\n\t\t\t\t\t<\/div>\n\t\t<\/div>\n\t\t\t\t\t<\/div>\n\t\t<\/section>\n\t\t\t\t<\/div>","protected":false},"excerpt":{"rendered":"<p>Pour commencer \u00e0 mieux vous conna\u00eetre vous pouvez utiliser des tests de personnalit\u00e9 en ligne. Il y a de nombreux tests qui sont disponibles gratuitement. Le conseil de Job&amp;Sense: ne vous basez pas uniquement sur les r\u00e9sultats d\u2019un seul test de personnalit\u00e9. Faites-en plusieurs et regardez ce qui revient le plus souvent. Cela vous donnera&#8230;<\/p>","protected":false},"author":1,"featured_media":4180,"parent":2211,"menu_order":1,"comment_status":"closed","ping_status":"closed","template":"","meta":{"_acf_changed":false,"episode_type":"","audio_file":"","cover_image":"","cover_image_id":"","duration":"","filesize":"","filesize_raw":"","date_recorded":"","explicit":"","block":"","footnotes":""},"class_list":["post-4179","page","type-page","status-publish","has-post-thumbnail","hentry","wpbf-post"],"acf":[],"yoast_head":"<!-- This site is optimized with the Yoast SEO plugin v26.8 - https:\/\/yoast.com\/product\/yoast-seo-wordpress\/ -->\n<title>Liste des tests de personnalit\u00e9 les plus connus &#8226; Job&amp;Sense<\/title>\n<meta name=\"description\" content=\"Pour commencer \u00e0 mieux vous conna\u00eetre vous pouvez utiliser des tests de personnalit\u00e9 en ligne. Il y a de nombreux tests qui sont disponibles gratuitement.\" \/>\n<meta name=\"robots\" content=\"index, follow, max-snippet:-1, max-image-preview:large, max-video-preview:-1\" \/>\n<link rel=\"canonical\" href=\"https:\/\/jobandsense.be\/en\/toolbox\/get-to-know-yourself-better\/personality-tests\/\" \/>\n<meta property=\"og:locale\" content=\"en_GB\" \/>\n<meta property=\"og:type\" content=\"article\" \/>\n<meta property=\"og:title\" content=\"Liste des tests de personnalit\u00e9 les plus connus\" \/>\n<meta property=\"og:description\" content=\"Pour commencer \u00e0 mieux vous conna\u00eetre vous pouvez utiliser des tests de personnalit\u00e9 en ligne. Il y a de nombreux tests qui sont disponibles gratuitement.\" \/>\n<meta property=\"og:url\" content=\"https:\/\/jobandsense.be\/en\/toolbox\/get-to-know-yourself-better\/personality-tests\/\" \/>\n<meta property=\"og:site_name\" content=\"Job&amp;Sense\" \/>\n<meta property=\"article:publisher\" content=\"https:\/\/www.facebook.com\/JobandSense\" \/>\n<meta property=\"article:modified_time\" content=\"2026-01-08T10:36:53+00:00\" \/>\n<meta property=\"og:image\" content=\"https:\/\/jobandsense.be\/wp-content\/uploads\/2021\/01\/test-de-personnalite\u0301.jpg\" \/>\n\t<meta property=\"og:image:width\" content=\"1280\" \/>\n\t<meta property=\"og:image:height\" content=\"775\" \/>\n\t<meta property=\"og:image:type\" content=\"image\/jpeg\" \/>\n<meta name=\"twitter:card\" content=\"summary_large_image\" \/>\n<meta name=\"twitter:label1\" content=\"Estimated reading time\" \/>\n\t<meta name=\"twitter:data1\" content=\"3 minutes\" \/>\n<script type=\"application\/ld+json\" class=\"yoast-schema-graph\">{\"@context\":\"https:\/\/schema.org\",\"@graph\":[{\"@type\":\"WebPage\",\"@id\":\"https:\/\/jobandsense.be\/boite-a-outils\/mieux-se-connaitre\/tests-de-personnalite\/\",\"url\":\"https:\/\/jobandsense.be\/boite-a-outils\/mieux-se-connaitre\/tests-de-personnalite\/\",\"name\":\"Liste des tests de personnalit\u00e9 les plus connus &#8226; Job&Sense\",\"isPartOf\":{\"@id\":\"https:\/\/jobandsense.be\/#website\"},\"primaryImageOfPage\":{\"@id\":\"https:\/\/jobandsense.be\/boite-a-outils\/mieux-se-connaitre\/tests-de-personnalite\/#primaryimage\"},\"image\":{\"@id\":\"https:\/\/jobandsense.be\/boite-a-outils\/mieux-se-connaitre\/tests-de-personnalite\/#primaryimage\"},\"thumbnailUrl\":\"https:\/\/jobandsense.be\/wp-content\/uploads\/2021\/01\/test-de-personnalite\u0301.jpg\",\"datePublished\":\"2021-01-21T10:23:57+00:00\",\"dateModified\":\"2026-01-08T10:36:53+00:00\",\"description\":\"Pour commencer \u00e0 mieux vous conna\u00eetre vous pouvez utiliser des tests de personnalit\u00e9 en ligne. Il y a de nombreux tests qui sont disponibles gratuitement.\",\"breadcrumb\":{\"@id\":\"https:\/\/jobandsense.be\/boite-a-outils\/mieux-se-connaitre\/tests-de-personnalite\/#breadcrumb\"},\"inLanguage\":\"en-GB\",\"potentialAction\":[{\"@type\":\"ReadAction\",\"target\":[\"https:\/\/jobandsense.be\/boite-a-outils\/mieux-se-connaitre\/tests-de-personnalite\/\"]}]},{\"@type\":\"ImageObject\",\"inLanguage\":\"en-GB\",\"@id\":\"https:\/\/jobandsense.be\/boite-a-outils\/mieux-se-connaitre\/tests-de-personnalite\/#primaryimage\",\"url\":\"https:\/\/jobandsense.be\/wp-content\/uploads\/2021\/01\/test-de-personnalite\u0301.jpg\",\"contentUrl\":\"https:\/\/jobandsense.be\/wp-content\/uploads\/2021\/01\/test-de-personnalite\u0301.jpg\",\"width\":1280,\"height\":775,\"caption\":\"Image par ElisaRiva de Pixabay\"},{\"@type\":\"BreadcrumbList\",\"@id\":\"https:\/\/jobandsense.be\/boite-a-outils\/mieux-se-connaitre\/tests-de-personnalite\/#breadcrumb\",\"itemListElement\":[{\"@type\":\"ListItem\",\"position\":1,\"name\":\"Accueil\",\"item\":\"https:\/\/jobandsense.be\/\"},{\"@type\":\"ListItem\",\"position\":2,\"name\":\"Bo\u00eete \u00e0 outils\",\"item\":\"https:\/\/jobandsense.be\/boite-a-outils\/\"},{\"@type\":\"ListItem\",\"position\":3,\"name\":\"Mieux se conna\u00eetre\",\"item\":\"https:\/\/jobandsense.be\/boite-a-outils\/mieux-se-connaitre\/\"},{\"@type\":\"ListItem\",\"position\":4,\"name\":\"Tests de personnalit\u00e9\"}]},{\"@type\":\"WebSite\",\"@id\":\"https:\/\/jobandsense.be\/#website\",\"url\":\"https:\/\/jobandsense.be\/\",\"name\":\"Job&amp;Sense\",\"description\":\"La plateforme qui vous donne toutes les informations pour trouver un job qui a du sens\",\"publisher\":{\"@id\":\"https:\/\/jobandsense.be\/#organization\"},\"potentialAction\":[{\"@type\":\"SearchAction\",\"target\":{\"@type\":\"EntryPoint\",\"urlTemplate\":\"https:\/\/jobandsense.be\/?s={search_term_string}\"},\"query-input\":{\"@type\":\"PropertyValueSpecification\",\"valueRequired\":true,\"valueName\":\"search_term_string\"}}],\"inLanguage\":\"en-GB\"},{\"@type\":\"Organization\",\"@id\":\"https:\/\/jobandsense.be\/#organization\",\"name\":\"Job&Sense\",\"url\":\"https:\/\/jobandsense.be\/\",\"logo\":{\"@type\":\"ImageObject\",\"inLanguage\":\"en-GB\",\"@id\":\"https:\/\/jobandsense.be\/#\/schema\/logo\/image\/\",\"url\":\"\",\"contentUrl\":\"\",\"caption\":\"Job&Sense\"},\"image\":{\"@id\":\"https:\/\/jobandsense.be\/#\/schema\/logo\/image\/\"},\"sameAs\":[\"https:\/\/www.facebook.com\/JobandSense\",\"https:\/\/www.instagram.com\/jobandsense\/\",\"https:\/\/www.linkedin.com\/company\/52173671\/admin\/\"]}]}<\/script>\n<!-- \/ Yoast SEO plugin. -->","yoast_head_json":{"title":"Liste des tests de personnalit\u00e9 les plus connus &#8226; Job&Sense","description":"To start getting to know yourself better, you can use online personality tests. There are many tests available for free.","robots":{"index":"index","follow":"follow","max-snippet":"max-snippet:-1","max-image-preview":"max-image-preview:large","max-video-preview":"max-video-preview:-1"},"canonical":"https:\/\/jobandsense.be\/en\/toolbox\/get-to-know-yourself-better\/personality-tests\/","og_locale":"en_GB","og_type":"article","og_title":"Liste des tests de personnalit\u00e9 les plus connus","og_description":"Pour commencer \u00e0 mieux vous conna\u00eetre vous pouvez utiliser des tests de personnalit\u00e9 en ligne. Il y a de nombreux tests qui sont disponibles gratuitement.","og_url":"https:\/\/jobandsense.be\/en\/toolbox\/get-to-know-yourself-better\/personality-tests\/","og_site_name":"Job&amp;Sense","article_publisher":"https:\/\/www.facebook.com\/JobandSense","article_modified_time":"2026-01-08T10:36:53+00:00","og_image":[{"width":1280,"height":775,"url":"https:\/\/jobandsense.be\/wp-content\/uploads\/2021\/01\/test-de-personnalite\u0301.jpg","type":"image\/jpeg"}],"twitter_card":"summary_large_image","twitter_misc":{"Estimated reading time":"3 minutes"},"schema":{"@context":"https:\/\/schema.org","@graph":[{"@type":"WebPage","@id":"https:\/\/jobandsense.be\/boite-a-outils\/mieux-se-connaitre\/tests-de-personnalite\/","url":"https:\/\/jobandsense.be\/boite-a-outils\/mieux-se-connaitre\/tests-de-personnalite\/","name":"Liste des tests de personnalit\u00e9 les plus connus &#8226; Job&Sense","isPartOf":{"@id":"https:\/\/jobandsense.be\/#website"},"primaryImageOfPage":{"@id":"https:\/\/jobandsense.be\/boite-a-outils\/mieux-se-connaitre\/tests-de-personnalite\/#primaryimage"},"image":{"@id":"https:\/\/jobandsense.be\/boite-a-outils\/mieux-se-connaitre\/tests-de-personnalite\/#primaryimage"},"thumbnailUrl":"https:\/\/jobandsense.be\/wp-content\/uploads\/2021\/01\/test-de-personnalite\u0301.jpg","datePublished":"2021-01-21T10:23:57+00:00","dateModified":"2026-01-08T10:36:53+00:00","description":"To start getting to know yourself better, you can use online personality tests. There are many tests available for free.","breadcrumb":{"@id":"https:\/\/jobandsense.be\/boite-a-outils\/mieux-se-connaitre\/tests-de-personnalite\/#breadcrumb"},"inLanguage":"en-GB","potentialAction":[{"@type":"ReadAction","target":["https:\/\/jobandsense.be\/boite-a-outils\/mieux-se-connaitre\/tests-de-personnalite\/"]}]},{"@type":"ImageObject","inLanguage":"en-GB","@id":"https:\/\/jobandsense.be\/boite-a-outils\/mieux-se-connaitre\/tests-de-personnalite\/#primaryimage","url":"https:\/\/jobandsense.be\/wp-content\/uploads\/2021\/01\/test-de-personnalite\u0301.jpg","contentUrl":"https:\/\/jobandsense.be\/wp-content\/uploads\/2021\/01\/test-de-personnalite\u0301.jpg","width":1280,"height":775,"caption":"Image par ElisaRiva de Pixabay"},{"@type":"BreadcrumbList","@id":"https:\/\/jobandsense.be\/boite-a-outils\/mieux-se-connaitre\/tests-de-personnalite\/#breadcrumb","itemListElement":[{"@type":"ListItem","position":1,"name":"Accueil","item":"https:\/\/jobandsense.be\/"},{"@type":"ListItem","position":2,"name":"Bo\u00eete \u00e0 outils","item":"https:\/\/jobandsense.be\/boite-a-outils\/"},{"@type":"ListItem","position":3,"name":"Mieux se conna\u00eetre","item":"https:\/\/jobandsense.be\/boite-a-outils\/mieux-se-connaitre\/"},{"@type":"ListItem","position":4,"name":"Tests de personnalit\u00e9"}]},{"@type":"WebSite","@id":"https:\/\/jobandsense.be\/#website","url":"https:\/\/jobandsense.be\/","name":"Job&amp;Sense","description":"La plateforme qui vous donne toutes les informations pour trouver un job qui a du sens","publisher":{"@id":"https:\/\/jobandsense.be\/#organization"},"potentialAction":[{"@type":"SearchAction","target":{"@type":"EntryPoint","urlTemplate":"https:\/\/jobandsense.be\/?s={search_term_string}"},"query-input":{"@type":"PropertyValueSpecification","valueRequired":true,"valueName":"search_term_string"}}],"inLanguage":"en-GB"},{"@type":"Organization","@id":"https:\/\/jobandsense.be\/#organization","name":"Job&Sense","url":"https:\/\/jobandsense.be\/","logo":{"@type":"ImageObject","inLanguage":"en-GB","@id":"https:\/\/jobandsense.be\/#\/schema\/logo\/image\/","url":"","contentUrl":"","caption":"Job&Sense"},"image":{"@id":"https:\/\/jobandsense.be\/#\/schema\/logo\/image\/"},"sameAs":["https:\/\/www.facebook.com\/JobandSense","https:\/\/www.instagram.com\/jobandsense\/","https:\/\/www.linkedin.com\/company\/52173671\/admin\/"]}]}},"jetpack_sharing_enabled":true,"_links":{"self":[{"href":"https:\/\/jobandsense.be\/en\/wp-json\/wp\/v2\/pages\/4179","targetHints":{"allow":["GET"]}}],"collection":[{"href":"https:\/\/jobandsense.be\/en\/wp-json\/wp\/v2\/pages"}],"about":[{"href":"https:\/\/jobandsense.be\/en\/wp-json\/wp\/v2\/types\/page"}],"author":[{"embeddable":true,"href":"https:\/\/jobandsense.be\/en\/wp-json\/wp\/v2\/users\/1"}],"replies":[{"embeddable":true,"href":"https:\/\/jobandsense.be\/en\/wp-json\/wp\/v2\/comments?post=4179"}],"version-history":[{"count":60,"href":"https:\/\/jobandsense.be\/en\/wp-json\/wp\/v2\/pages\/4179\/revisions"}],"predecessor-version":[{"id":14161,"href":"https:\/\/jobandsense.be\/en\/wp-json\/wp\/v2\/pages\/4179\/revisions\/14161"}],"up":[{"embeddable":true,"href":"https:\/\/jobandsense.be\/en\/wp-json\/wp\/v2\/pages\/2211"}],"wp:featuredmedia":[{"embeddable":true,"href":"https:\/\/jobandsense.be\/en\/wp-json\/wp\/v2\/media\/4180"}],"wp:attachment":[{"href":"https:\/\/jobandsense.be\/en\/wp-json\/wp\/v2\/media?parent=4179"}],"curies":[{"name":"wp","href":"https:\/\/api.w.org\/{rel}","templated":true}]}}