{"id":4034,"date":"2021-01-20T10:36:04","date_gmt":"2021-01-20T10:36:04","guid":{"rendered":"https:\/\/jobandsense.be\/?page_id=4034"},"modified":"2025-11-14T12:46:35","modified_gmt":"2025-11-14T10:46:35","slug":"validate-your-skills","status":"publish","type":"page","link":"https:\/\/jobandsense.be\/en\/toolbox\/to-train-oneself\/validate-your-skills\/","title":{"rendered":"Validating your unrecognized skills"},"content":{"rendered":"<div data-elementor-type=\"wp-page\" data-elementor-id=\"4034\" class=\"elementor elementor-4034\" data-elementor-post-type=\"page\">\n\t\t\t\t\t\t<section class=\"elementor-section elementor-top-section elementor-element elementor-element-5d376916 elementor-section-boxed elementor-section-height-default elementor-section-height-default\" data-id=\"5d376916\" data-element_type=\"section\" data-e-type=\"section\">\n\t\t\t\t\t\t<div class=\"elementor-container elementor-column-gap-default\">\n\t\t\t\t\t<div class=\"elementor-column elementor-col-100 elementor-top-column elementor-element elementor-element-158e1487\" data-id=\"158e1487\" data-element_type=\"column\" data-e-type=\"column\">\n\t\t\t<div class=\"elementor-widget-wrap elementor-element-populated\">\n\t\t\t\t\t\t<div class=\"elementor-element elementor-element-477c6e3d elementor-widget elementor-widget-text-editor\" data-id=\"477c6e3d\" data-element_type=\"widget\" data-e-type=\"widget\" data-widget_type=\"text-editor.default\">\n\t\t\t\t<div class=\"elementor-widget-container\">\n\t\t\t\t\t\t\t\t\t<p data-sourcepos=\"5:1-5:325\">Have you accumulated many years of professional experience and acquired unique expertise? It's possible that some of your skills are not yet officially recognized by a diploma. Know that you can have these skills validated to obtain an official certificate attesting to your expertise.<\/p>\n<p data-sourcepos=\"7:1-7:44\"><strong>Why have your skills validated?<\/strong><\/p>\n<ul data-sourcepos=\"9:1-12:0\">\n<li data-sourcepos=\"9:1-9:155\">Professional recognition: A skills certificate allows you to better position yourself on the job market or within your company.<\/li>\n<li data-sourcepos=\"10:1-10:142\">New opportunities: It can facilitate your access to certain training programs or to positions with greater responsibilities.<\/li>\n<li data-sourcepos=\"11:1-12:0\">Recognition of your career path: It's an official recognition of your professional achievements.<\/li>\n<\/ul>\n<p data-sourcepos=\"13:1-13:22\"><strong>How to proceed?<\/strong><\/p>\n<p data-sourcepos=\"13:1-13:22\"><span style=\"text-decoration: underline;\"><strong>In Brussels and Wallonia<\/strong><\/span><\/p>\n<p data-sourcepos=\"15:1-15:214\">The skills validation procedure is detailed on the <a href=\"https:\/\/www.cvdc.be\/citoyens\/en-pratique\" target=\"_blank\" rel=\"noopener\"><strong>Validation des Comp\u00e9tences<\/strong>.<\/a> You can also discuss it with your employment advisor at Actiris or Forem.<\/p>\n<p data-sourcepos=\"17:1-17:52\">Screening: a first step towards validation<\/p>\n<p data-sourcepos=\"19:1-19:12\">Are you hesitant about starting a validation process? <strong><a href=\"https:\/\/www.bruxellesformation.brussels\/valoriser-ses-competences\/identification-des-competences\/\" target=\"_blank\" rel=\"noopener\">The screening organized by the Cit\u00e9 des M\u00e9tiers<\/a><\/strong> can help you see things more clearly. The goal of this approach is to determine your level of technical mastery of the profession in order to consider appropriate guidance paths: enrollment in training, skills validation, job search\u2026<\/p>\n<p data-sourcepos=\"19:1-19:12\"><span style=\"text-decoration: underline;\"><strong>In Flanders<\/strong><\/span><\/p>\n<p class=\"font-claude-response-body whitespace-normal break-words\">VDAB offers several services related to skills validation:<\/p><p class=\"font-claude-response-body whitespace-normal break-words\"><a href=\"https:\/\/www.vlaanderen.be\/onderwijs-en-vorming\/diplomas-getuigschriften-certificaten-kwalificaties\/ervaring-bewijzen-via-evc\" target=\"_blank\" rel=\"noopener\" style=\"background-color: rgb(255, 255, 255);\"><strong>EVC (Erkenning van Verworven Competenties)<\/strong><\/a> This is the Flemish system for professional skills validation.<\/p>\n<p class=\"font-claude-response-body whitespace-normal break-words\">\n<\/p><p><!-- \/wp:paragraph --><\/p>\t\t\t\t\t\t\t\t<\/div>\n\t\t\t\t<\/div>\n\t\t\t\t\t<\/div>\n\t\t<\/div>\n\t\t\t\t\t<\/div>\n\t\t<\/section>\n\t\t\t\t<\/div>","protected":false},"excerpt":{"rendered":"<p>Vous avez accumul\u00e9 de nombreuses ann\u00e9es d&rsquo;exp\u00e9rience professionnelle et acquis un savoir-faire unique ? Il est possible que certaines de vos comp\u00e9tences ne soient pas encore officiellement reconnues par un dipl\u00f4me. Sachez que vous pouvez faire valider ces comp\u00e9tences pour obtenir un titre officiel attestant de votre expertise. Pourquoi faire valider ses comp\u00e9tences ? Valorisation&#8230;<\/p>","protected":false},"author":1,"featured_media":4035,"parent":2722,"menu_order":6,"comment_status":"closed","ping_status":"closed","template":"","meta":{"_acf_changed":false,"episode_type":"","audio_file":"","cover_image":"","cover_image_id":"","duration":"","filesize":"","filesize_raw":"","date_recorded":"","explicit":"","block":"","footnotes":""},"class_list":["post-4034","page","type-page","status-publish","has-post-thumbnail","hentry","wpbf-post"],"acf":[],"yoast_head":"<!-- This site is optimized with the Yoast SEO plugin v26.8 - https:\/\/yoast.com\/product\/yoast-seo-wordpress\/ -->\n<title>Valider ses comp\u00e9tences non reconnues &#8226; Job&amp;Sense<\/title>\n<meta name=\"description\" content=\"Vous pouvez essayer de faire valider vos comp\u00e9tences gagn\u00e9es lors de vos pr\u00e9c\u00e9dentes exp\u00e9riences professionnelles pour qu&#039;elles soient reconnues.\" \/>\n<meta name=\"robots\" content=\"index, follow, max-snippet:-1, max-image-preview:large, max-video-preview:-1\" \/>\n<link rel=\"canonical\" href=\"https:\/\/jobandsense.be\/en\/toolbox\/to-train-oneself\/validate-your-skills\/\" \/>\n<meta property=\"og:locale\" content=\"en_GB\" \/>\n<meta property=\"og:type\" content=\"article\" \/>\n<meta property=\"og:title\" content=\"Valider ses comp\u00e9tences\" \/>\n<meta property=\"og:description\" content=\"Vous pouvez essayer de faire valider vos comp\u00e9tences gagn\u00e9es lors de vos pr\u00e9c\u00e9dentes exp\u00e9riences professionnelles pour qu&#039;elles soient reconnues.\" \/>\n<meta property=\"og:url\" content=\"https:\/\/jobandsense.be\/en\/toolbox\/to-train-oneself\/validate-your-skills\/\" \/>\n<meta property=\"og:site_name\" content=\"Job&amp;Sense\" \/>\n<meta property=\"article:publisher\" content=\"https:\/\/www.facebook.com\/JobandSense\" \/>\n<meta property=\"article:modified_time\" content=\"2025-11-14T10:46:35+00:00\" \/>\n<meta property=\"og:image\" content=\"https:\/\/jobandsense.be\/wp-content\/uploads\/2021\/01\/valider-ses-compe\u0301tences.jpg\" \/>\n\t<meta property=\"og:image:width\" content=\"1280\" \/>\n\t<meta property=\"og:image:height\" content=\"920\" \/>\n\t<meta property=\"og:image:type\" content=\"image\/jpeg\" \/>\n<meta name=\"twitter:card\" content=\"summary_large_image\" \/>\n<meta name=\"twitter:label1\" content=\"Estimated reading time\" \/>\n\t<meta name=\"twitter:data1\" content=\"2 minutes\" \/>\n<script type=\"application\/ld+json\" class=\"yoast-schema-graph\">{\"@context\":\"https:\/\/schema.org\",\"@graph\":[{\"@type\":\"WebPage\",\"@id\":\"https:\/\/jobandsense.be\/boite-a-outils\/se-former\/valider-ses-competences\/\",\"url\":\"https:\/\/jobandsense.be\/boite-a-outils\/se-former\/valider-ses-competences\/\",\"name\":\"Valider ses comp\u00e9tences non reconnues &#8226; Job&Sense\",\"isPartOf\":{\"@id\":\"https:\/\/jobandsense.be\/#website\"},\"primaryImageOfPage\":{\"@id\":\"https:\/\/jobandsense.be\/boite-a-outils\/se-former\/valider-ses-competences\/#primaryimage\"},\"image\":{\"@id\":\"https:\/\/jobandsense.be\/boite-a-outils\/se-former\/valider-ses-competences\/#primaryimage\"},\"thumbnailUrl\":\"https:\/\/jobandsense.be\/wp-content\/uploads\/2021\/01\/valider-ses-compe\u0301tences.jpg\",\"datePublished\":\"2021-01-20T10:36:04+00:00\",\"dateModified\":\"2025-11-14T10:46:35+00:00\",\"description\":\"Vous pouvez essayer de faire valider vos comp\u00e9tences gagn\u00e9es lors de vos pr\u00e9c\u00e9dentes exp\u00e9riences professionnelles pour qu'elles soient reconnues.\",\"breadcrumb\":{\"@id\":\"https:\/\/jobandsense.be\/boite-a-outils\/se-former\/valider-ses-competences\/#breadcrumb\"},\"inLanguage\":\"en-GB\",\"potentialAction\":[{\"@type\":\"ReadAction\",\"target\":[\"https:\/\/jobandsense.be\/boite-a-outils\/se-former\/valider-ses-competences\/\"]}]},{\"@type\":\"ImageObject\",\"inLanguage\":\"en-GB\",\"@id\":\"https:\/\/jobandsense.be\/boite-a-outils\/se-former\/valider-ses-competences\/#primaryimage\",\"url\":\"https:\/\/jobandsense.be\/wp-content\/uploads\/2021\/01\/valider-ses-compe\u0301tences.jpg\",\"contentUrl\":\"https:\/\/jobandsense.be\/wp-content\/uploads\/2021\/01\/valider-ses-compe\u0301tences.jpg\",\"width\":1280,\"height\":920,\"caption\":\"Image par jacqueline macou de Pixabay\"},{\"@type\":\"BreadcrumbList\",\"@id\":\"https:\/\/jobandsense.be\/boite-a-outils\/se-former\/valider-ses-competences\/#breadcrumb\",\"itemListElement\":[{\"@type\":\"ListItem\",\"position\":1,\"name\":\"Accueil\",\"item\":\"https:\/\/jobandsense.be\/\"},{\"@type\":\"ListItem\",\"position\":2,\"name\":\"Bo\u00eete \u00e0 outils\",\"item\":\"https:\/\/jobandsense.be\/boite-a-outils\/\"},{\"@type\":\"ListItem\",\"position\":3,\"name\":\"Se former\",\"item\":\"https:\/\/jobandsense.be\/boite-a-outils\/se-former\/\"},{\"@type\":\"ListItem\",\"position\":4,\"name\":\"Valider ses comp\u00e9tences non reconnues\"}]},{\"@type\":\"WebSite\",\"@id\":\"https:\/\/jobandsense.be\/#website\",\"url\":\"https:\/\/jobandsense.be\/\",\"name\":\"Job&amp;Sense\",\"description\":\"La plateforme qui vous donne toutes les informations pour trouver un job qui a du sens\",\"publisher\":{\"@id\":\"https:\/\/jobandsense.be\/#organization\"},\"potentialAction\":[{\"@type\":\"SearchAction\",\"target\":{\"@type\":\"EntryPoint\",\"urlTemplate\":\"https:\/\/jobandsense.be\/?s={search_term_string}\"},\"query-input\":{\"@type\":\"PropertyValueSpecification\",\"valueRequired\":true,\"valueName\":\"search_term_string\"}}],\"inLanguage\":\"en-GB\"},{\"@type\":\"Organization\",\"@id\":\"https:\/\/jobandsense.be\/#organization\",\"name\":\"Job&Sense\",\"url\":\"https:\/\/jobandsense.be\/\",\"logo\":{\"@type\":\"ImageObject\",\"inLanguage\":\"en-GB\",\"@id\":\"https:\/\/jobandsense.be\/#\/schema\/logo\/image\/\",\"url\":\"\",\"contentUrl\":\"\",\"caption\":\"Job&Sense\"},\"image\":{\"@id\":\"https:\/\/jobandsense.be\/#\/schema\/logo\/image\/\"},\"sameAs\":[\"https:\/\/www.facebook.com\/JobandSense\",\"https:\/\/www.instagram.com\/jobandsense\/\",\"https:\/\/www.linkedin.com\/company\/52173671\/admin\/\"]}]}<\/script>\n<!-- \/ Yoast SEO plugin. -->","yoast_head_json":{"title":"Valider ses comp\u00e9tences non reconnues &#8226; Job&Sense","description":"Vous pouvez essayer de faire valider vos comp\u00e9tences gagn\u00e9es lors de vos pr\u00e9c\u00e9dentes exp\u00e9riences professionnelles pour qu'elles soient reconnues.","robots":{"index":"index","follow":"follow","max-snippet":"max-snippet:-1","max-image-preview":"max-image-preview:large","max-video-preview":"max-video-preview:-1"},"canonical":"https:\/\/jobandsense.be\/en\/toolbox\/to-train-oneself\/validate-your-skills\/","og_locale":"en_GB","og_type":"article","og_title":"Valider ses comp\u00e9tences","og_description":"Vous pouvez essayer de faire valider vos comp\u00e9tences gagn\u00e9es lors de vos pr\u00e9c\u00e9dentes exp\u00e9riences professionnelles pour qu'elles soient reconnues.","og_url":"https:\/\/jobandsense.be\/en\/toolbox\/to-train-oneself\/validate-your-skills\/","og_site_name":"Job&amp;Sense","article_publisher":"https:\/\/www.facebook.com\/JobandSense","article_modified_time":"2025-11-14T10:46:35+00:00","og_image":[{"width":1280,"height":920,"url":"https:\/\/jobandsense.be\/wp-content\/uploads\/2021\/01\/valider-ses-compe\u0301tences.jpg","type":"image\/jpeg"}],"twitter_card":"summary_large_image","twitter_misc":{"Estimated reading time":"2 minutes"},"schema":{"@context":"https:\/\/schema.org","@graph":[{"@type":"WebPage","@id":"https:\/\/jobandsense.be\/boite-a-outils\/se-former\/valider-ses-competences\/","url":"https:\/\/jobandsense.be\/boite-a-outils\/se-former\/valider-ses-competences\/","name":"Valider ses comp\u00e9tences non reconnues &#8226; Job&Sense","isPartOf":{"@id":"https:\/\/jobandsense.be\/#website"},"primaryImageOfPage":{"@id":"https:\/\/jobandsense.be\/boite-a-outils\/se-former\/valider-ses-competences\/#primaryimage"},"image":{"@id":"https:\/\/jobandsense.be\/boite-a-outils\/se-former\/valider-ses-competences\/#primaryimage"},"thumbnailUrl":"https:\/\/jobandsense.be\/wp-content\/uploads\/2021\/01\/valider-ses-compe\u0301tences.jpg","datePublished":"2021-01-20T10:36:04+00:00","dateModified":"2025-11-14T10:46:35+00:00","description":"Vous pouvez essayer de faire valider vos comp\u00e9tences gagn\u00e9es lors de vos pr\u00e9c\u00e9dentes exp\u00e9riences professionnelles pour qu'elles soient reconnues.","breadcrumb":{"@id":"https:\/\/jobandsense.be\/boite-a-outils\/se-former\/valider-ses-competences\/#breadcrumb"},"inLanguage":"en-GB","potentialAction":[{"@type":"ReadAction","target":["https:\/\/jobandsense.be\/boite-a-outils\/se-former\/valider-ses-competences\/"]}]},{"@type":"ImageObject","inLanguage":"en-GB","@id":"https:\/\/jobandsense.be\/boite-a-outils\/se-former\/valider-ses-competences\/#primaryimage","url":"https:\/\/jobandsense.be\/wp-content\/uploads\/2021\/01\/valider-ses-compe\u0301tences.jpg","contentUrl":"https:\/\/jobandsense.be\/wp-content\/uploads\/2021\/01\/valider-ses-compe\u0301tences.jpg","width":1280,"height":920,"caption":"Image par jacqueline macou de Pixabay"},{"@type":"BreadcrumbList","@id":"https:\/\/jobandsense.be\/boite-a-outils\/se-former\/valider-ses-competences\/#breadcrumb","itemListElement":[{"@type":"ListItem","position":1,"name":"Accueil","item":"https:\/\/jobandsense.be\/"},{"@type":"ListItem","position":2,"name":"Bo\u00eete \u00e0 outils","item":"https:\/\/jobandsense.be\/boite-a-outils\/"},{"@type":"ListItem","position":3,"name":"Se former","item":"https:\/\/jobandsense.be\/boite-a-outils\/se-former\/"},{"@type":"ListItem","position":4,"name":"Valider ses comp\u00e9tences non reconnues"}]},{"@type":"WebSite","@id":"https:\/\/jobandsense.be\/#website","url":"https:\/\/jobandsense.be\/","name":"Job&amp;Sense","description":"La plateforme qui vous donne toutes les informations pour trouver un job qui a du sens","publisher":{"@id":"https:\/\/jobandsense.be\/#organization"},"potentialAction":[{"@type":"SearchAction","target":{"@type":"EntryPoint","urlTemplate":"https:\/\/jobandsense.be\/?s={search_term_string}"},"query-input":{"@type":"PropertyValueSpecification","valueRequired":true,"valueName":"search_term_string"}}],"inLanguage":"en-GB"},{"@type":"Organization","@id":"https:\/\/jobandsense.be\/#organization","name":"Job&Sense","url":"https:\/\/jobandsense.be\/","logo":{"@type":"ImageObject","inLanguage":"en-GB","@id":"https:\/\/jobandsense.be\/#\/schema\/logo\/image\/","url":"","contentUrl":"","caption":"Job&Sense"},"image":{"@id":"https:\/\/jobandsense.be\/#\/schema\/logo\/image\/"},"sameAs":["https:\/\/www.facebook.com\/JobandSense","https:\/\/www.instagram.com\/jobandsense\/","https:\/\/www.linkedin.com\/company\/52173671\/admin\/"]}]}},"jetpack_sharing_enabled":true,"_links":{"self":[{"href":"https:\/\/jobandsense.be\/en\/wp-json\/wp\/v2\/pages\/4034","targetHints":{"allow":["GET"]}}],"collection":[{"href":"https:\/\/jobandsense.be\/en\/wp-json\/wp\/v2\/pages"}],"about":[{"href":"https:\/\/jobandsense.be\/en\/wp-json\/wp\/v2\/types\/page"}],"author":[{"embeddable":true,"href":"https:\/\/jobandsense.be\/en\/wp-json\/wp\/v2\/users\/1"}],"replies":[{"embeddable":true,"href":"https:\/\/jobandsense.be\/en\/wp-json\/wp\/v2\/comments?post=4034"}],"version-history":[{"count":21,"href":"https:\/\/jobandsense.be\/en\/wp-json\/wp\/v2\/pages\/4034\/revisions"}],"predecessor-version":[{"id":13821,"href":"https:\/\/jobandsense.be\/en\/wp-json\/wp\/v2\/pages\/4034\/revisions\/13821"}],"up":[{"embeddable":true,"href":"https:\/\/jobandsense.be\/en\/wp-json\/wp\/v2\/pages\/2722"}],"wp:featuredmedia":[{"embeddable":true,"href":"https:\/\/jobandsense.be\/en\/wp-json\/wp\/v2\/media\/4035"}],"wp:attachment":[{"href":"https:\/\/jobandsense.be\/en\/wp-json\/wp\/v2\/media?parent=4034"}],"curies":[{"name":"wp","href":"https:\/\/api.w.org\/{rel}","templated":true}]}}