{"id":3960,"date":"2021-01-20T09:52:17","date_gmt":"2021-01-20T09:52:17","guid":{"rendered":"https:\/\/jobandsense.be\/?page_id=3960"},"modified":"2026-02-12T15:56:21","modified_gmt":"2026-02-12T13:56:21","slug":"15-online-platforms-to-know-about","status":"publish","type":"page","link":"https:\/\/jobandsense.be\/en\/toolbox\/to-train-oneself\/15-online-platforms-to-know-about\/","title":{"rendered":"20 online course platforms to know"},"content":{"rendered":"<div data-elementor-type=\"wp-page\" data-elementor-id=\"3960\" class=\"elementor elementor-3960\" data-elementor-post-type=\"page\">\n\t\t\t\t\t\t<section class=\"elementor-section elementor-top-section elementor-element elementor-element-2e0051f elementor-section-boxed elementor-section-height-default elementor-section-height-default\" data-id=\"2e0051f\" data-element_type=\"section\" data-e-type=\"section\">\n\t\t\t\t\t\t<div class=\"elementor-container elementor-column-gap-default\">\n\t\t\t\t\t<div class=\"elementor-column elementor-col-100 elementor-top-column elementor-element elementor-element-71f44a3d\" data-id=\"71f44a3d\" data-element_type=\"column\" data-e-type=\"column\">\n\t\t\t<div class=\"elementor-widget-wrap elementor-element-populated\">\n\t\t\t\t\t\t<div class=\"elementor-element elementor-element-79d299f1 elementor-widget elementor-widget-text-editor\" data-id=\"79d299f1\" data-element_type=\"widget\" data-e-type=\"widget\" data-widget_type=\"text-editor.default\">\n\t\t\t\t<div class=\"elementor-widget-container\">\n\t\t\t\t\t\t\t\t\t<p><\/p>\n<p>Called MOOCs (for Massive Open Online Courses) or online courses, they allow you to train in multiple subjects regardless of the motivation, country of origin, or education level of those who take them. And that at your own pace, anytime and anywhere.<\/p>\n<p><\/p>\n<p>These courses are offered, among others, by the majority of universities including the most prestigious ones, but also by schools or companies.<\/p>\n<p><\/p>\n<p>Have you always dreamed of taking a course at Harvard?<\/p>\n<p><\/p>\n<p>Want to learn a new profession?<\/p>\n<p><\/p>\n<p>Don't know how to create an advertisement on social media?<\/p>\n<p><\/p>\n<p>Everything can be found online for free.<\/p>\n<p><\/p>\n<p>However, if you want to receive a certificate at the end of the course, you will have to pay for it.<\/p>\n<p><\/p>\n<p>Job&amp;Sense has found 20 online course platforms for you to discover.<\/p>\n<p><\/p>\n<p><\/p>\t\t\t\t\t\t\t\t<\/div>\n\t\t\t\t<\/div>\n\t\t\t\t<div class=\"elementor-element elementor-element-4e70b81 elementor-widget elementor-widget-heading\" data-id=\"4e70b81\" data-element_type=\"widget\" data-e-type=\"widget\" data-widget_type=\"heading.default\">\n\t\t\t\t<div class=\"elementor-widget-container\">\n\t\t\t\t\t<h2 class=\"elementor-heading-title elementor-size-default\">Free training<\/h2>\t\t\t\t<\/div>\n\t\t\t\t<\/div>\n\t\t\t\t<div class=\"elementor-element elementor-element-92e79c2 elementor-widget elementor-widget-text-editor\" data-id=\"92e79c2\" data-element_type=\"widget\" data-e-type=\"widget\" data-widget_type=\"text-editor.default\">\n\t\t\t\t<div class=\"elementor-widget-container\">\n\t\t\t\t\t\t\t\t\t<p>\u00a0<\/p>\n<p><!-- \/wp:paragraph --><!-- wp:list {\"ordered\":true,\"type\":\"1\"} --><\/p>\n<ol type=\"1\">\n<li><span style=\"text-decoration: underline;\"><a href=\"https:\/\/alison.com\/\" target=\"_blank\" rel=\"noopener\">Alison<\/a><\/span> : international platform for free courses.\u00a0<\/li>\n<li><span style=\"text-decoration: underline;\"><a href=\"https:\/\/www.classcentral.com\/\" target=\"_blank\" rel=\"noopener\"><em>Class central<\/em><\/a><\/span>\u00a0 (FR, EN): brings together 15,000 online courses from multiple platforms.\u00a0<\/li>\n<li><span style=\"text-decoration: underline;\"><a href=\"https:\/\/www.coursera.org\" target=\"_blank\" rel=\"noopener\"><em>Coursera <\/em><\/a><\/span>(FR, EN): Courses taught by the world's best universities and companies. More choice in English.\u00a0<\/li>\n<li><span style=\"text-decoration: underline;\"><a href=\"https:\/\/www.edx.org\/\" target=\"_blank\" rel=\"noopener\"><em>EdX <\/em><\/a><\/span>(FR, EN): Very vast universe. Many more courses in English than in French. For example, the Catholic University of Louvain publishes its courses on this platform.<\/li>\n<li><a href=\"https:\/\/platform.europeanmoocs.eu\/\" target=\"_blank\" rel=\"noopener\"><span style=\"text-decoration: underline;\">EMMA<\/span><\/a> (European Multiple MOOC Aggregator) (FR, EN, NL): European MOOCs aggregator<\/li>\n<li><span style=\"text-decoration: underline;\"><a href=\"https:\/\/www.facebook.com\/business\/learn\/courses\" target=\"_blank\" rel=\"noopener\"><em>Facebook Blueprint<\/em><\/a><\/span> (FR, EN, NL): Learn to use Facebook and Instagram to best advantage for your business.<\/li>\n<li><span style=\"text-decoration: underline;\"><a href=\"https:\/\/www.fun-mooc.fr\/\" target=\"_blank\" rel=\"noopener\"><em>Fun MOOC<\/em><\/a><\/span> (FR): Excellence in higher education for free.\u00a0<\/li>\n<li><span style=\"text-decoration: underline;\"><a href=\"https:\/\/www.futurelearn.com\/courses\/collections\/cours-en-ligne-en-francais\" target=\"_blank\" rel=\"noopener\"><em>Future learn<\/em><\/a><\/span> (FR, EN): A very wide panel but there is much more choice in English.\u00a0<\/li>\n<li><span style=\"text-decoration: underline;\"><a href=\"https:\/\/learndigital.withgoogle.com\/ateliersnumeriques\" target=\"_blank\" rel=\"noopener\"><em>Google atelier num\u00e9riques<\/em><\/a><\/span> (FR, EN, NL): learn digital marketing.<\/li>\n<li><span style=\"text-decoration: underline;\"><a href=\"https:\/\/fr.khanacademy.org\/\" target=\"_blank\" rel=\"noopener\"><em>Khan academy<\/em><\/a><\/span>\u00a0(FR, EN): more elementary and secondary level in mathematics, sciences.<\/li>\n<li><span style=\"text-decoration: underline;\"><a href=\"https:\/\/ocw.mit.edu\/\" target=\"_blank\" rel=\"noopener\">MIT OpenCourseWare<\/a><\/span> (EN): Free courses from MIT.\u00a0<\/li>\n<li><a href=\"https:\/\/mooc-francophone.com\/\" target=\"_blank\" rel=\"noopener\"><em><span style=\"text-decoration: underline;\">MOOC francophone<\/span><\/em><\/a> (FR): Site that indexes all French-language online courses. Very vast universe.<\/li>\n<li><span style=\"text-decoration: underline;\"><a href=\"https:\/\/www.my-mooc.com\/fr\/categorie\/\" target=\"_blank\" rel=\"noopener\">MyMOOC<\/a><\/span> (FR, EN): Directory of MOOCs from various platforms.<\/li>\n<li><a href=\"https:\/\/openclassrooms.com\/fr\/\" target=\"_blank\" rel=\"noopener\"><em><span style=\"text-decoration: underline;\">Open Classrooms<\/span><\/em><\/a> (FR, EN): Training in business, development, soft skills, \u2026\u00a0<\/li>\n<li><a href=\"https:\/\/www.openuped.eu\/\" target=\"_blank\" rel=\"noopener\">OpenUpEd (FR,EN, NL)<\/a>: European platform for free courses.<\/li>\n<li><span style=\"text-decoration: underline;\"><a href=\"https:\/\/www.ticketforchange.org\/mooc\" target=\"_blank\" rel=\"noopener\"><em>Ticket For change<\/em><\/a><\/span>(FR): Training in social innovation to move from desire to action.\u00a0<\/li>\n<li><span style=\"text-decoration: underline;\"><a href=\"https:\/\/fr.tuto.com\/\" target=\"_blank\" rel=\"noopener\"><em>Tuto <\/em><\/a><\/span>(FR): improve your digital skills. Free and paid training.\u00a0\n<p>\u00a0<\/p>\n<p><!-- \/wp:list --><!-- wp:list {\"ordered\":true,\"type\":\"1\",\"start\":15} --><\/p>\n<\/li>\n<\/ol>\n<p><!-- \/wp:list --><!-- wp:list {\"ordered\":true,\"type\":\"1\",\"start\":2} --><\/p>\n<p><!-- \/wp:list --><!-- wp:list {\"ordered\":true,\"type\":\"1\",\"start\":3} --><\/p>\n<p><!-- \/wp:list --><!-- wp:list {\"ordered\":true,\"type\":\"1\",\"start\":4} --><\/p>\n<p><!-- \/wp:list --><!-- wp:list {\"ordered\":true,\"type\":\"1\",\"start\":5} --><\/p>\n<p><!-- \/wp:list --><!-- wp:list {\"ordered\":true,\"type\":\"1\",\"start\":6} --><\/p>\n<p><!-- \/wp:list --><!-- wp:list {\"ordered\":true,\"type\":\"1\",\"start\":7} --><\/p>\n<p><!-- \/wp:list --><!-- wp:list {\"ordered\":true,\"type\":\"1\",\"start\":8} --><\/p>\n<p><!-- \/wp:list --><!-- wp:list --><!-- \/wp:list --><!-- wp:list {\"ordered\":true,\"type\":\"1\"} --><!-- \/wp:list --><!-- wp:list {\"ordered\":true,\"type\":\"1\",\"start\":11} --><\/p>\n<p><!-- \/wp:list --><!-- wp:list {\"ordered\":true,\"type\":\"1\",\"start\":12} --><\/p>\n<p><!-- \/wp:list --><!-- wp:list {\"ordered\":true,\"type\":\"1\",\"start\":13} --><\/p>\n<p><!-- \/wp:list --><!-- wp:paragraph --><\/p>\n<p><!-- \/wp:list --><\/p>\t\t\t\t\t\t\t\t<\/div>\n\t\t\t\t<\/div>\n\t\t\t\t<div class=\"elementor-element elementor-element-396ecb2 elementor-widget elementor-widget-heading\" data-id=\"396ecb2\" data-element_type=\"widget\" data-e-type=\"widget\" data-widget_type=\"heading.default\">\n\t\t\t\t<div class=\"elementor-widget-container\">\n\t\t\t\t\t<h2 class=\"elementor-heading-title elementor-size-default\">Paid training<\/h2>\t\t\t\t<\/div>\n\t\t\t\t<\/div>\n\t\t\t\t<div class=\"elementor-element elementor-element-37f9264 elementor-widget elementor-widget-text-editor\" data-id=\"37f9264\" data-element_type=\"widget\" data-e-type=\"widget\" data-widget_type=\"text-editor.default\">\n\t\t\t\t<div class=\"elementor-widget-container\">\n\t\t\t\t\t\t\t\t\t<p>\u00a0<\/p>\n<ol type=\"1\">\n<li><span style=\"text-decoration: underline;\"><a href=\"https:\/\/www.codecademy.com\/\" target=\"_blank\" rel=\"noopener\">Codecademy<\/a><\/span>(EN): To learn to code<\/li>\n<li>\n<p><span style=\"text-decoration: underline;\"><a href=\"https:\/\/www.linkedin.com\/learning\/me\" target=\"_blank\" rel=\"noopener\"><em>Linkedin learning<\/em><\/a><\/span> (FR, EN, NL): Very vast universe. Works on a monthly subscription basis.<\/p>\n<\/li>\n<li>\n<p><em><span style=\"text-decoration: underline;\"><a href=\"https:\/\/www.udemy.com\" target=\"_blank\" rel=\"noopener\">Udemy<\/a><\/span> (FR, EN, NL): Very vast universe and not very expensive training.\u00a0<\/em><\/p>\n<p><!-- \/wp:list --><!-- wp:list {\"ordered\":true,\"type\":\"1\",\"start\":15} --><\/p>\n<\/li>\n<\/ol>\n<p><!-- \/wp:list --><!-- wp:list {\"ordered\":true,\"type\":\"1\",\"start\":2} --><\/p>\n<p><!-- \/wp:list --><!-- wp:list {\"ordered\":true,\"type\":\"1\",\"start\":3} --><\/p>\n<p><!-- \/wp:list --><!-- wp:list {\"ordered\":true,\"type\":\"1\",\"start\":4} --><\/p>\n<p><!-- \/wp:list --><!-- wp:list {\"ordered\":true,\"type\":\"1\",\"start\":5} --><\/p>\n<p><!-- \/wp:list --><!-- wp:list {\"ordered\":true,\"type\":\"1\",\"start\":6} --><\/p>\n<p><!-- \/wp:list --><!-- wp:list {\"ordered\":true,\"type\":\"1\",\"start\":7} --><\/p>\n<p><!-- \/wp:list --><!-- wp:list {\"ordered\":true,\"type\":\"1\",\"start\":8} --><\/p>\n<p><!-- \/wp:list --><!-- wp:list --><!-- \/wp:list --><!-- wp:list {\"ordered\":true,\"type\":\"1\"} --><!-- \/wp:list --><!-- wp:list {\"ordered\":true,\"type\":\"1\",\"start\":11} --><\/p>\n<p><!-- \/wp:list --><!-- wp:list {\"ordered\":true,\"type\":\"1\",\"start\":12} --><\/p>\n<p><!-- \/wp:list --><!-- wp:list {\"ordered\":true,\"type\":\"1\",\"start\":13} --><\/p>\n<p><!-- \/wp:list --><!-- wp:paragraph --><\/p>\n<p><!-- \/wp:list --><\/p>\t\t\t\t\t\t\t\t<\/div>\n\t\t\t\t<\/div>\n\t\t\t\t\t<\/div>\n\t\t<\/div>\n\t\t\t\t\t<\/div>\n\t\t<\/section>\n\t\t\t\t<\/div>","protected":false},"excerpt":{"rendered":"<p>Appelez MOOC (pour Massive Open Online Courses) ou cours en ligne, ils permettent de se former dans de multiples mati\u00e8res quels que soient la motivation, le pays d\u2019origine ou le niveau d\u2019\u00e9tudes de ceux ou celles qui les suivent. Et cela, \u00e0 son propre rythme, n\u2019importe quand et n\u2019importe o\u00f9. Ces cours sont donn\u00e9s, entre&#8230;<\/p>","protected":false},"author":1,"featured_media":3961,"parent":2722,"menu_order":3,"comment_status":"closed","ping_status":"closed","template":"","meta":{"_acf_changed":false,"episode_type":"","audio_file":"","cover_image":"","cover_image_id":"","duration":"","filesize":"","filesize_raw":"","date_recorded":"","explicit":"","block":"","footnotes":""},"class_list":["post-3960","page","type-page","status-publish","has-post-thumbnail","hentry","wpbf-post"],"acf":[],"yoast_head":"<!-- This site is optimized with the Yoast SEO plugin v26.8 - https:\/\/yoast.com\/product\/yoast-seo-wordpress\/ -->\n<title>20 plateformes de cours en ligne \u00e0 conna\u00eetre &#8226; Job&amp;Sense<\/title>\n<meta name=\"description\" content=\"Les cours en ligne permettent de se former dans de multiples mati\u00e8res quels que soient la motivation ou le niveau d\u2019\u00e9tudes et cela souvent gratuitement.\" \/>\n<meta name=\"robots\" content=\"index, follow, max-snippet:-1, max-image-preview:large, max-video-preview:-1\" \/>\n<link rel=\"canonical\" href=\"https:\/\/jobandsense.be\/en\/toolbox\/to-train-oneself\/15-online-platforms-to-know-about\/\" \/>\n<meta property=\"og:locale\" content=\"en_GB\" \/>\n<meta property=\"og:type\" content=\"article\" \/>\n<meta property=\"og:title\" content=\"15 plateformes de cours en ligne \u00e0 conna\u00eetre\" \/>\n<meta property=\"og:description\" content=\"Les cours en ligne permettent de se former dans de multiples mati\u00e8res quels que soient la motivation ou le niveau d\u2019\u00e9tudes et cela souvent gratuitement.\" \/>\n<meta property=\"og:url\" content=\"https:\/\/jobandsense.be\/en\/toolbox\/to-train-oneself\/15-online-platforms-to-know-about\/\" \/>\n<meta property=\"og:site_name\" content=\"Job&amp;Sense\" \/>\n<meta property=\"article:publisher\" content=\"https:\/\/www.facebook.com\/JobandSense\" \/>\n<meta property=\"article:modified_time\" content=\"2026-02-12T13:56:21+00:00\" \/>\n<meta property=\"og:image\" content=\"https:\/\/jobandsense.be\/wp-content\/uploads\/2021\/01\/cours-en-ligne.jpg\" \/>\n\t<meta property=\"og:image:width\" content=\"1280\" \/>\n\t<meta property=\"og:image:height\" content=\"851\" \/>\n\t<meta property=\"og:image:type\" content=\"image\/jpeg\" \/>\n<meta name=\"twitter:card\" content=\"summary_large_image\" \/>\n<meta name=\"twitter:label1\" content=\"Estimated reading time\" \/>\n\t<meta name=\"twitter:data1\" content=\"2 minutes\" \/>\n<script type=\"application\/ld+json\" class=\"yoast-schema-graph\">{\"@context\":\"https:\/\/schema.org\",\"@graph\":[{\"@type\":\"WebPage\",\"@id\":\"https:\/\/jobandsense.be\/boite-a-outils\/se-former\/15-plateformes-de-cours-en-ligne-a-connaitre\/\",\"url\":\"https:\/\/jobandsense.be\/boite-a-outils\/se-former\/15-plateformes-de-cours-en-ligne-a-connaitre\/\",\"name\":\"20 plateformes de cours en ligne \u00e0 conna\u00eetre &#8226; Job&Sense\",\"isPartOf\":{\"@id\":\"https:\/\/jobandsense.be\/#website\"},\"primaryImageOfPage\":{\"@id\":\"https:\/\/jobandsense.be\/boite-a-outils\/se-former\/15-plateformes-de-cours-en-ligne-a-connaitre\/#primaryimage\"},\"image\":{\"@id\":\"https:\/\/jobandsense.be\/boite-a-outils\/se-former\/15-plateformes-de-cours-en-ligne-a-connaitre\/#primaryimage\"},\"thumbnailUrl\":\"https:\/\/jobandsense.be\/wp-content\/uploads\/2021\/01\/cours-en-ligne.jpg\",\"datePublished\":\"2021-01-20T09:52:17+00:00\",\"dateModified\":\"2026-02-12T13:56:21+00:00\",\"description\":\"Les cours en ligne permettent de se former dans de multiples mati\u00e8res quels que soient la motivation ou le niveau d\u2019\u00e9tudes et cela souvent gratuitement.\",\"breadcrumb\":{\"@id\":\"https:\/\/jobandsense.be\/boite-a-outils\/se-former\/15-plateformes-de-cours-en-ligne-a-connaitre\/#breadcrumb\"},\"inLanguage\":\"en-GB\",\"potentialAction\":[{\"@type\":\"ReadAction\",\"target\":[\"https:\/\/jobandsense.be\/boite-a-outils\/se-former\/15-plateformes-de-cours-en-ligne-a-connaitre\/\"]}]},{\"@type\":\"ImageObject\",\"inLanguage\":\"en-GB\",\"@id\":\"https:\/\/jobandsense.be\/boite-a-outils\/se-former\/15-plateformes-de-cours-en-ligne-a-connaitre\/#primaryimage\",\"url\":\"https:\/\/jobandsense.be\/wp-content\/uploads\/2021\/01\/cours-en-ligne.jpg\",\"contentUrl\":\"https:\/\/jobandsense.be\/wp-content\/uploads\/2021\/01\/cours-en-ligne.jpg\",\"width\":1280,\"height\":851,\"caption\":\"Image par mohamed Hassan de Pixabay\"},{\"@type\":\"BreadcrumbList\",\"@id\":\"https:\/\/jobandsense.be\/boite-a-outils\/se-former\/15-plateformes-de-cours-en-ligne-a-connaitre\/#breadcrumb\",\"itemListElement\":[{\"@type\":\"ListItem\",\"position\":1,\"name\":\"Accueil\",\"item\":\"https:\/\/jobandsense.be\/\"},{\"@type\":\"ListItem\",\"position\":2,\"name\":\"Bo\u00eete \u00e0 outils\",\"item\":\"https:\/\/jobandsense.be\/boite-a-outils\/\"},{\"@type\":\"ListItem\",\"position\":3,\"name\":\"Se former\",\"item\":\"https:\/\/jobandsense.be\/boite-a-outils\/se-former\/\"},{\"@type\":\"ListItem\",\"position\":4,\"name\":\"20 plateformes de cours en ligne \u00e0 conna\u00eetre\"}]},{\"@type\":\"WebSite\",\"@id\":\"https:\/\/jobandsense.be\/#website\",\"url\":\"https:\/\/jobandsense.be\/\",\"name\":\"Job&amp;Sense\",\"description\":\"La plateforme qui vous donne toutes les informations pour trouver un job qui a du sens\",\"publisher\":{\"@id\":\"https:\/\/jobandsense.be\/#organization\"},\"potentialAction\":[{\"@type\":\"SearchAction\",\"target\":{\"@type\":\"EntryPoint\",\"urlTemplate\":\"https:\/\/jobandsense.be\/?s={search_term_string}\"},\"query-input\":{\"@type\":\"PropertyValueSpecification\",\"valueRequired\":true,\"valueName\":\"search_term_string\"}}],\"inLanguage\":\"en-GB\"},{\"@type\":\"Organization\",\"@id\":\"https:\/\/jobandsense.be\/#organization\",\"name\":\"Job&Sense\",\"url\":\"https:\/\/jobandsense.be\/\",\"logo\":{\"@type\":\"ImageObject\",\"inLanguage\":\"en-GB\",\"@id\":\"https:\/\/jobandsense.be\/#\/schema\/logo\/image\/\",\"url\":\"\",\"contentUrl\":\"\",\"caption\":\"Job&Sense\"},\"image\":{\"@id\":\"https:\/\/jobandsense.be\/#\/schema\/logo\/image\/\"},\"sameAs\":[\"https:\/\/www.facebook.com\/JobandSense\",\"https:\/\/www.instagram.com\/jobandsense\/\",\"https:\/\/www.linkedin.com\/company\/52173671\/admin\/\"]}]}<\/script>\n<!-- \/ Yoast SEO plugin. -->","yoast_head_json":{"title":"20 plateformes de cours en ligne \u00e0 conna\u00eetre &#8226; Job&Sense","description":"Les cours en ligne permettent de se former dans de multiples mati\u00e8res quels que soient la motivation ou le niveau d\u2019\u00e9tudes et cela souvent gratuitement.","robots":{"index":"index","follow":"follow","max-snippet":"max-snippet:-1","max-image-preview":"max-image-preview:large","max-video-preview":"max-video-preview:-1"},"canonical":"https:\/\/jobandsense.be\/en\/toolbox\/to-train-oneself\/15-online-platforms-to-know-about\/","og_locale":"en_GB","og_type":"article","og_title":"15 plateformes de cours en ligne \u00e0 conna\u00eetre","og_description":"Les cours en ligne permettent de se former dans de multiples mati\u00e8res quels que soient la motivation ou le niveau d\u2019\u00e9tudes et cela souvent gratuitement.","og_url":"https:\/\/jobandsense.be\/en\/toolbox\/to-train-oneself\/15-online-platforms-to-know-about\/","og_site_name":"Job&amp;Sense","article_publisher":"https:\/\/www.facebook.com\/JobandSense","article_modified_time":"2026-02-12T13:56:21+00:00","og_image":[{"width":1280,"height":851,"url":"https:\/\/jobandsense.be\/wp-content\/uploads\/2021\/01\/cours-en-ligne.jpg","type":"image\/jpeg"}],"twitter_card":"summary_large_image","twitter_misc":{"Estimated reading time":"2 minutes"},"schema":{"@context":"https:\/\/schema.org","@graph":[{"@type":"WebPage","@id":"https:\/\/jobandsense.be\/boite-a-outils\/se-former\/15-plateformes-de-cours-en-ligne-a-connaitre\/","url":"https:\/\/jobandsense.be\/boite-a-outils\/se-former\/15-plateformes-de-cours-en-ligne-a-connaitre\/","name":"20 plateformes de cours en ligne \u00e0 conna\u00eetre &#8226; Job&Sense","isPartOf":{"@id":"https:\/\/jobandsense.be\/#website"},"primaryImageOfPage":{"@id":"https:\/\/jobandsense.be\/boite-a-outils\/se-former\/15-plateformes-de-cours-en-ligne-a-connaitre\/#primaryimage"},"image":{"@id":"https:\/\/jobandsense.be\/boite-a-outils\/se-former\/15-plateformes-de-cours-en-ligne-a-connaitre\/#primaryimage"},"thumbnailUrl":"https:\/\/jobandsense.be\/wp-content\/uploads\/2021\/01\/cours-en-ligne.jpg","datePublished":"2021-01-20T09:52:17+00:00","dateModified":"2026-02-12T13:56:21+00:00","description":"Les cours en ligne permettent de se former dans de multiples mati\u00e8res quels que soient la motivation ou le niveau d\u2019\u00e9tudes et cela souvent gratuitement.","breadcrumb":{"@id":"https:\/\/jobandsense.be\/boite-a-outils\/se-former\/15-plateformes-de-cours-en-ligne-a-connaitre\/#breadcrumb"},"inLanguage":"en-GB","potentialAction":[{"@type":"ReadAction","target":["https:\/\/jobandsense.be\/boite-a-outils\/se-former\/15-plateformes-de-cours-en-ligne-a-connaitre\/"]}]},{"@type":"ImageObject","inLanguage":"en-GB","@id":"https:\/\/jobandsense.be\/boite-a-outils\/se-former\/15-plateformes-de-cours-en-ligne-a-connaitre\/#primaryimage","url":"https:\/\/jobandsense.be\/wp-content\/uploads\/2021\/01\/cours-en-ligne.jpg","contentUrl":"https:\/\/jobandsense.be\/wp-content\/uploads\/2021\/01\/cours-en-ligne.jpg","width":1280,"height":851,"caption":"Image par mohamed Hassan de Pixabay"},{"@type":"BreadcrumbList","@id":"https:\/\/jobandsense.be\/boite-a-outils\/se-former\/15-plateformes-de-cours-en-ligne-a-connaitre\/#breadcrumb","itemListElement":[{"@type":"ListItem","position":1,"name":"Accueil","item":"https:\/\/jobandsense.be\/"},{"@type":"ListItem","position":2,"name":"Bo\u00eete \u00e0 outils","item":"https:\/\/jobandsense.be\/boite-a-outils\/"},{"@type":"ListItem","position":3,"name":"Se former","item":"https:\/\/jobandsense.be\/boite-a-outils\/se-former\/"},{"@type":"ListItem","position":4,"name":"20 plateformes de cours en ligne \u00e0 conna\u00eetre"}]},{"@type":"WebSite","@id":"https:\/\/jobandsense.be\/#website","url":"https:\/\/jobandsense.be\/","name":"Job&amp;Sense","description":"La plateforme qui vous donne toutes les informations pour trouver un job qui a du sens","publisher":{"@id":"https:\/\/jobandsense.be\/#organization"},"potentialAction":[{"@type":"SearchAction","target":{"@type":"EntryPoint","urlTemplate":"https:\/\/jobandsense.be\/?s={search_term_string}"},"query-input":{"@type":"PropertyValueSpecification","valueRequired":true,"valueName":"search_term_string"}}],"inLanguage":"en-GB"},{"@type":"Organization","@id":"https:\/\/jobandsense.be\/#organization","name":"Job&Sense","url":"https:\/\/jobandsense.be\/","logo":{"@type":"ImageObject","inLanguage":"en-GB","@id":"https:\/\/jobandsense.be\/#\/schema\/logo\/image\/","url":"","contentUrl":"","caption":"Job&Sense"},"image":{"@id":"https:\/\/jobandsense.be\/#\/schema\/logo\/image\/"},"sameAs":["https:\/\/www.facebook.com\/JobandSense","https:\/\/www.instagram.com\/jobandsense\/","https:\/\/www.linkedin.com\/company\/52173671\/admin\/"]}]}},"jetpack_sharing_enabled":true,"_links":{"self":[{"href":"https:\/\/jobandsense.be\/en\/wp-json\/wp\/v2\/pages\/3960","targetHints":{"allow":["GET"]}}],"collection":[{"href":"https:\/\/jobandsense.be\/en\/wp-json\/wp\/v2\/pages"}],"about":[{"href":"https:\/\/jobandsense.be\/en\/wp-json\/wp\/v2\/types\/page"}],"author":[{"embeddable":true,"href":"https:\/\/jobandsense.be\/en\/wp-json\/wp\/v2\/users\/1"}],"replies":[{"embeddable":true,"href":"https:\/\/jobandsense.be\/en\/wp-json\/wp\/v2\/comments?post=3960"}],"version-history":[{"count":39,"href":"https:\/\/jobandsense.be\/en\/wp-json\/wp\/v2\/pages\/3960\/revisions"}],"predecessor-version":[{"id":14308,"href":"https:\/\/jobandsense.be\/en\/wp-json\/wp\/v2\/pages\/3960\/revisions\/14308"}],"up":[{"embeddable":true,"href":"https:\/\/jobandsense.be\/en\/wp-json\/wp\/v2\/pages\/2722"}],"wp:featuredmedia":[{"embeddable":true,"href":"https:\/\/jobandsense.be\/en\/wp-json\/wp\/v2\/media\/3961"}],"wp:attachment":[{"href":"https:\/\/jobandsense.be\/en\/wp-json\/wp\/v2\/media?parent=3960"}],"curies":[{"name":"wp","href":"https:\/\/api.w.org\/{rel}","templated":true}]}}