{"id":3920,"date":"2021-01-20T09:18:59","date_gmt":"2021-01-20T09:18:59","guid":{"rendered":"https:\/\/jobandsense.be\/?page_id=3920"},"modified":"2021-01-28T10:29:52","modified_gmt":"2021-01-28T10:29:52","slug":"criteria-to-consider-when-choosing-a-training-course","status":"publish","type":"page","link":"https:\/\/jobandsense.be\/en\/toolbox\/to-train-oneself\/criteria-to-consider-when-choosing-a-training-course\/","title":{"rendered":"Criteria to consider when choosing training"},"content":{"rendered":"<div data-elementor-type=\"wp-page\" data-elementor-id=\"3920\" class=\"elementor elementor-3920\" data-elementor-post-type=\"page\">\n\t\t\t\t\t\t<section class=\"elementor-section elementor-top-section elementor-element elementor-element-2b178382 elementor-section-boxed elementor-section-height-default elementor-section-height-default\" data-id=\"2b178382\" data-element_type=\"section\" data-e-type=\"section\">\n\t\t\t\t\t\t<div class=\"elementor-container elementor-column-gap-default\">\n\t\t\t\t\t<div class=\"elementor-column elementor-col-100 elementor-top-column elementor-element elementor-element-23e775be\" data-id=\"23e775be\" data-element_type=\"column\" data-e-type=\"column\">\n\t\t\t<div class=\"elementor-widget-wrap elementor-element-populated\">\n\t\t\t\t\t\t<div class=\"elementor-element elementor-element-687346bd elementor-widget elementor-widget-text-editor\" data-id=\"687346bd\" data-element_type=\"widget\" data-e-type=\"widget\" data-widget_type=\"text-editor.default\">\n\t\t\t\t<div class=\"elementor-widget-container\">\n\t\t\t\t\t\t\t\t\t<p><\/p>\n<p>&nbsp;Before searching for training, it's important to first consider the criteria that are important to you in your selection.<\/p>\n<p><\/p>\n<p><\/p>\n<p>Here are the questions to consider:<\/p>\n<p><\/p>\n<p><\/p>\n<p><b>Teaching method<\/b><\/p>\n<p><\/p>\n<p><\/p>\n<p>Are you looking for in-person training, online training, or a mix of both (now called blended learning)?<\/p>\n<p><\/p>\n<p><\/p>\n<p><b>Degree\/Certificate awarded<\/b><\/p>\n<p><\/p>\n<p><\/p>\n<p>Is it important to you to receive a qualification at the end of the training or not?<\/p>\n<p><\/p>\n<p><\/p>\n<p>In the form of a certificate or a degree?<\/p>\n<p><\/p>\n<p><\/p>\n<p><b>Training organizations<\/b><\/p>\n<p><\/p>\n<p><\/p>\n<p>Would you like academic training (university, college), professional training, continuing education, or other (private institution)?<\/p>\n<p><\/p>\n<p><\/p>\n<p><b>Schedule<\/b><\/p>\n<p><\/p>\n<p><\/p>\n<p>What schedule suits you? Regular schedule, meaning weekdays, or off-peak hours, rather in the evening or on weekends?<\/p>\n<p><\/p>\n<p><\/p>\n<p><b>Duration<\/b><\/p>\n<p><\/p>\n<p><\/p>\n<p>Are you looking for short training (from a few hours to 1 month) or long training (several months or years)?<\/p>\n<p><\/p>\n<p><\/p>\n<p><b>Cost<\/b><\/p>\n<p><\/p>\n<p><\/p>\n<p>Are you willing to pay for the training? If yes, how much?<\/p>\n<p><\/p>\n<p><\/p>\n<p><b>Language<\/b><\/p>\n<p><\/p>\n<p><\/p>\n<p>In French or Dutch only, or would training in English suit you?<\/p>\n<p><\/p>\n<p><\/p>\n<p><b>Field<\/b><\/p>\n<p><\/p>\n<p><\/p>\n<p>Obviously, it's easier to find training when you know which field you're looking for. Nevertheless, you could also be inspired by looking at the full variety of existing training options.&nbsp;<\/p>\n<p><\/p>\n<p><\/p>\n<p>Once you have defined all the elements, you will progress much more quickly in your search for training.<\/p>\n<p>You can complete the table below to have a clear vision of what you're looking for.&nbsp;<\/p>\n<p><\/p>\t\t\t\t\t\t\t\t<\/div>\n\t\t\t\t<\/div>\n\t\t\t\t<div class=\"elementor-element elementor-element-8d1f0e5 elementor-widget elementor-widget-image\" data-id=\"8d1f0e5\" data-element_type=\"widget\" data-e-type=\"widget\" data-widget_type=\"image.default\">\n\t\t\t\t<div class=\"elementor-widget-container\">\n\t\t\t\t\t\t\t\t\t\t\t\t\t\t\t<img fetchpriority=\"high\" decoding=\"async\" width=\"904\" height=\"533\" src=\"https:\/\/jobandsense.be\/wp-content\/uploads\/2025\/11\/My-ideal-training.png\" class=\"attachment-large size-large wp-image-3929\" alt=\"My ideal training\" srcset=\"https:\/\/jobandsense.be\/wp-content\/uploads\/2025\/11\/My-ideal-training.png 868w, https:\/\/jobandsense.be\/wp-content\/uploads\/2025\/11\/My-ideal-training-300x177.png 300w, https:\/\/jobandsense.be\/wp-content\/uploads\/2025\/11\/My-ideal-training-768x453.png 768w, https:\/\/jobandsense.be\/wp-content\/uploads\/2025\/11\/My-ideal-training-18x12.png 18w\" sizes=\"(max-width: 904px) 100vw, 904px\" \/>\t\t\t\t\t\t\t\t\t\t\t\t\t\t\t<\/div>\n\t\t\t\t<\/div>\n\t\t\t\t\t<\/div>\n\t\t<\/div>\n\t\t\t\t\t<\/div>\n\t\t<\/section>\n\t\t\t\t<\/div>","protected":false},"excerpt":{"rendered":"<p>&nbsp;Avant toute recherche de formations, il importe de r\u00e9fl\u00e9chir pr\u00e9alablement aux crit\u00e8res qui sont importants pour vous dans la s\u00e9lection que vous ferez. Voici les questions \u00e0 prendre en compte&nbsp;: M\u00e9thode d\u2019enseignement Est-ce que vous cherchez une formation en pr\u00e9sentiel, en ligne ou un mixte des deux (que l\u2019on appelle maintenant du blended learning)&nbsp;? Titre&#8230;<\/p>","protected":false},"author":1,"featured_media":3921,"parent":2722,"menu_order":1,"comment_status":"closed","ping_status":"closed","template":"","meta":{"_acf_changed":false,"episode_type":"","audio_file":"","cover_image":"","cover_image_id":"","duration":"","filesize":"","filesize_raw":"","date_recorded":"","explicit":"","block":"","footnotes":""},"class_list":["post-3920","page","type-page","status-publish","has-post-thumbnail","hentry","wpbf-post"],"acf":[],"yoast_head":"<!-- This site is optimized with the Yoast SEO plugin v26.8 - https:\/\/yoast.com\/product\/yoast-seo-wordpress\/ -->\n<title>Crit\u00e8res importants pour choisir une formation &#8226; Job&amp;Sense<\/title>\n<meta name=\"description\" content=\"Avant de rechercher une formation; il est int\u00e9ressant de se demander quels sont les crit\u00e8res importants pour moi pour choisir.\" \/>\n<meta name=\"robots\" content=\"index, follow, max-snippet:-1, max-image-preview:large, max-video-preview:-1\" \/>\n<link rel=\"canonical\" href=\"https:\/\/jobandsense.be\/en\/toolbox\/to-train-oneself\/criteria-to-consider-when-choosing-a-training-course\/\" \/>\n<meta property=\"og:locale\" content=\"en_GB\" \/>\n<meta property=\"og:type\" content=\"article\" \/>\n<meta property=\"og:title\" content=\"Les crit\u00e8res pour choisir une formation\" \/>\n<meta property=\"og:description\" content=\"Avant de rechercher une formation; il est int\u00e9ressant de se demander quels sont les crit\u00e8res importants pour moi pour choisir.\" \/>\n<meta property=\"og:url\" content=\"https:\/\/jobandsense.be\/en\/toolbox\/to-train-oneself\/criteria-to-consider-when-choosing-a-training-course\/\" \/>\n<meta property=\"og:site_name\" content=\"Job&amp;Sense\" \/>\n<meta property=\"article:publisher\" content=\"https:\/\/www.facebook.com\/JobandSense\" \/>\n<meta property=\"article:modified_time\" content=\"2021-01-28T10:29:52+00:00\" \/>\n<meta property=\"og:image\" content=\"https:\/\/jobandsense.be\/wp-content\/uploads\/2021\/01\/crite\u0300res-formations.jpg\" \/>\n\t<meta property=\"og:image:width\" content=\"1280\" \/>\n\t<meta property=\"og:image:height\" content=\"853\" \/>\n\t<meta property=\"og:image:type\" content=\"image\/jpeg\" \/>\n<meta name=\"twitter:card\" content=\"summary_large_image\" \/>\n<meta name=\"twitter:label1\" content=\"Estimated reading time\" \/>\n\t<meta name=\"twitter:data1\" content=\"2 minutes\" \/>\n<script type=\"application\/ld+json\" class=\"yoast-schema-graph\">{\"@context\":\"https:\/\/schema.org\",\"@graph\":[{\"@type\":\"WebPage\",\"@id\":\"https:\/\/jobandsense.be\/boite-a-outils\/se-former\/les-criteres-a-prendre-en-compte-lorsquon-choisit-une-formation\/\",\"url\":\"https:\/\/jobandsense.be\/boite-a-outils\/se-former\/les-criteres-a-prendre-en-compte-lorsquon-choisit-une-formation\/\",\"name\":\"Crit\u00e8res importants pour choisir une formation &#8226; Job&Sense\",\"isPartOf\":{\"@id\":\"https:\/\/jobandsense.be\/#website\"},\"primaryImageOfPage\":{\"@id\":\"https:\/\/jobandsense.be\/boite-a-outils\/se-former\/les-criteres-a-prendre-en-compte-lorsquon-choisit-une-formation\/#primaryimage\"},\"image\":{\"@id\":\"https:\/\/jobandsense.be\/boite-a-outils\/se-former\/les-criteres-a-prendre-en-compte-lorsquon-choisit-une-formation\/#primaryimage\"},\"thumbnailUrl\":\"https:\/\/jobandsense.be\/wp-content\/uploads\/2021\/01\/crite\u0300res-formations.jpg\",\"datePublished\":\"2021-01-20T09:18:59+00:00\",\"dateModified\":\"2021-01-28T10:29:52+00:00\",\"description\":\"Avant de rechercher une formation; il est int\u00e9ressant de se demander quels sont les crit\u00e8res importants pour moi pour choisir.\",\"breadcrumb\":{\"@id\":\"https:\/\/jobandsense.be\/boite-a-outils\/se-former\/les-criteres-a-prendre-en-compte-lorsquon-choisit-une-formation\/#breadcrumb\"},\"inLanguage\":\"en-GB\",\"potentialAction\":[{\"@type\":\"ReadAction\",\"target\":[\"https:\/\/jobandsense.be\/boite-a-outils\/se-former\/les-criteres-a-prendre-en-compte-lorsquon-choisit-une-formation\/\"]}]},{\"@type\":\"ImageObject\",\"inLanguage\":\"en-GB\",\"@id\":\"https:\/\/jobandsense.be\/boite-a-outils\/se-former\/les-criteres-a-prendre-en-compte-lorsquon-choisit-une-formation\/#primaryimage\",\"url\":\"https:\/\/jobandsense.be\/wp-content\/uploads\/2021\/01\/crite\u0300res-formations.jpg\",\"contentUrl\":\"https:\/\/jobandsense.be\/wp-content\/uploads\/2021\/01\/crite\u0300res-formations.jpg\",\"width\":1280,\"height\":853,\"caption\":\"Image par PixxlTeufel de Pixabay\"},{\"@type\":\"BreadcrumbList\",\"@id\":\"https:\/\/jobandsense.be\/boite-a-outils\/se-former\/les-criteres-a-prendre-en-compte-lorsquon-choisit-une-formation\/#breadcrumb\",\"itemListElement\":[{\"@type\":\"ListItem\",\"position\":1,\"name\":\"Accueil\",\"item\":\"https:\/\/jobandsense.be\/\"},{\"@type\":\"ListItem\",\"position\":2,\"name\":\"Bo\u00eete \u00e0 outils\",\"item\":\"https:\/\/jobandsense.be\/boite-a-outils\/\"},{\"@type\":\"ListItem\",\"position\":3,\"name\":\"Se former\",\"item\":\"https:\/\/jobandsense.be\/boite-a-outils\/se-former\/\"},{\"@type\":\"ListItem\",\"position\":4,\"name\":\"Les crit\u00e8res \u00e0 prendre en compte lorsqu&#8217;on choisit une formation\"}]},{\"@type\":\"WebSite\",\"@id\":\"https:\/\/jobandsense.be\/#website\",\"url\":\"https:\/\/jobandsense.be\/\",\"name\":\"Job&amp;Sense\",\"description\":\"La plateforme qui vous donne toutes les informations pour trouver un job qui a du sens\",\"publisher\":{\"@id\":\"https:\/\/jobandsense.be\/#organization\"},\"potentialAction\":[{\"@type\":\"SearchAction\",\"target\":{\"@type\":\"EntryPoint\",\"urlTemplate\":\"https:\/\/jobandsense.be\/?s={search_term_string}\"},\"query-input\":{\"@type\":\"PropertyValueSpecification\",\"valueRequired\":true,\"valueName\":\"search_term_string\"}}],\"inLanguage\":\"en-GB\"},{\"@type\":\"Organization\",\"@id\":\"https:\/\/jobandsense.be\/#organization\",\"name\":\"Job&Sense\",\"url\":\"https:\/\/jobandsense.be\/\",\"logo\":{\"@type\":\"ImageObject\",\"inLanguage\":\"en-GB\",\"@id\":\"https:\/\/jobandsense.be\/#\/schema\/logo\/image\/\",\"url\":\"\",\"contentUrl\":\"\",\"caption\":\"Job&Sense\"},\"image\":{\"@id\":\"https:\/\/jobandsense.be\/#\/schema\/logo\/image\/\"},\"sameAs\":[\"https:\/\/www.facebook.com\/JobandSense\",\"https:\/\/www.instagram.com\/jobandsense\/\",\"https:\/\/www.linkedin.com\/company\/52173671\/admin\/\"]}]}<\/script>\n<!-- \/ Yoast SEO plugin. -->","yoast_head_json":{"title":"Crit\u00e8res importants pour choisir une formation &#8226; Job&Sense","description":"Avant de rechercher une formation; il est int\u00e9ressant de se demander quels sont les crit\u00e8res importants pour moi pour choisir.","robots":{"index":"index","follow":"follow","max-snippet":"max-snippet:-1","max-image-preview":"max-image-preview:large","max-video-preview":"max-video-preview:-1"},"canonical":"https:\/\/jobandsense.be\/en\/toolbox\/to-train-oneself\/criteria-to-consider-when-choosing-a-training-course\/","og_locale":"en_GB","og_type":"article","og_title":"Les crit\u00e8res pour choisir une formation","og_description":"Avant de rechercher une formation; il est int\u00e9ressant de se demander quels sont les crit\u00e8res importants pour moi pour choisir.","og_url":"https:\/\/jobandsense.be\/en\/toolbox\/to-train-oneself\/criteria-to-consider-when-choosing-a-training-course\/","og_site_name":"Job&amp;Sense","article_publisher":"https:\/\/www.facebook.com\/JobandSense","article_modified_time":"2021-01-28T10:29:52+00:00","og_image":[{"width":1280,"height":853,"url":"https:\/\/jobandsense.be\/wp-content\/uploads\/2021\/01\/crite\u0300res-formations.jpg","type":"image\/jpeg"}],"twitter_card":"summary_large_image","twitter_misc":{"Estimated reading time":"2 minutes"},"schema":{"@context":"https:\/\/schema.org","@graph":[{"@type":"WebPage","@id":"https:\/\/jobandsense.be\/boite-a-outils\/se-former\/les-criteres-a-prendre-en-compte-lorsquon-choisit-une-formation\/","url":"https:\/\/jobandsense.be\/boite-a-outils\/se-former\/les-criteres-a-prendre-en-compte-lorsquon-choisit-une-formation\/","name":"Crit\u00e8res importants pour choisir une formation &#8226; Job&Sense","isPartOf":{"@id":"https:\/\/jobandsense.be\/#website"},"primaryImageOfPage":{"@id":"https:\/\/jobandsense.be\/boite-a-outils\/se-former\/les-criteres-a-prendre-en-compte-lorsquon-choisit-une-formation\/#primaryimage"},"image":{"@id":"https:\/\/jobandsense.be\/boite-a-outils\/se-former\/les-criteres-a-prendre-en-compte-lorsquon-choisit-une-formation\/#primaryimage"},"thumbnailUrl":"https:\/\/jobandsense.be\/wp-content\/uploads\/2021\/01\/crite\u0300res-formations.jpg","datePublished":"2021-01-20T09:18:59+00:00","dateModified":"2021-01-28T10:29:52+00:00","description":"Avant de rechercher une formation; il est int\u00e9ressant de se demander quels sont les crit\u00e8res importants pour moi pour choisir.","breadcrumb":{"@id":"https:\/\/jobandsense.be\/boite-a-outils\/se-former\/les-criteres-a-prendre-en-compte-lorsquon-choisit-une-formation\/#breadcrumb"},"inLanguage":"en-GB","potentialAction":[{"@type":"ReadAction","target":["https:\/\/jobandsense.be\/boite-a-outils\/se-former\/les-criteres-a-prendre-en-compte-lorsquon-choisit-une-formation\/"]}]},{"@type":"ImageObject","inLanguage":"en-GB","@id":"https:\/\/jobandsense.be\/boite-a-outils\/se-former\/les-criteres-a-prendre-en-compte-lorsquon-choisit-une-formation\/#primaryimage","url":"https:\/\/jobandsense.be\/wp-content\/uploads\/2021\/01\/crite\u0300res-formations.jpg","contentUrl":"https:\/\/jobandsense.be\/wp-content\/uploads\/2021\/01\/crite\u0300res-formations.jpg","width":1280,"height":853,"caption":"Image par PixxlTeufel de Pixabay"},{"@type":"BreadcrumbList","@id":"https:\/\/jobandsense.be\/boite-a-outils\/se-former\/les-criteres-a-prendre-en-compte-lorsquon-choisit-une-formation\/#breadcrumb","itemListElement":[{"@type":"ListItem","position":1,"name":"Accueil","item":"https:\/\/jobandsense.be\/"},{"@type":"ListItem","position":2,"name":"Bo\u00eete \u00e0 outils","item":"https:\/\/jobandsense.be\/boite-a-outils\/"},{"@type":"ListItem","position":3,"name":"Se former","item":"https:\/\/jobandsense.be\/boite-a-outils\/se-former\/"},{"@type":"ListItem","position":4,"name":"Les crit\u00e8res \u00e0 prendre en compte lorsqu&#8217;on choisit une formation"}]},{"@type":"WebSite","@id":"https:\/\/jobandsense.be\/#website","url":"https:\/\/jobandsense.be\/","name":"Job&amp;Sense","description":"La plateforme qui vous donne toutes les informations pour trouver un job qui a du sens","publisher":{"@id":"https:\/\/jobandsense.be\/#organization"},"potentialAction":[{"@type":"SearchAction","target":{"@type":"EntryPoint","urlTemplate":"https:\/\/jobandsense.be\/?s={search_term_string}"},"query-input":{"@type":"PropertyValueSpecification","valueRequired":true,"valueName":"search_term_string"}}],"inLanguage":"en-GB"},{"@type":"Organization","@id":"https:\/\/jobandsense.be\/#organization","name":"Job&Sense","url":"https:\/\/jobandsense.be\/","logo":{"@type":"ImageObject","inLanguage":"en-GB","@id":"https:\/\/jobandsense.be\/#\/schema\/logo\/image\/","url":"","contentUrl":"","caption":"Job&Sense"},"image":{"@id":"https:\/\/jobandsense.be\/#\/schema\/logo\/image\/"},"sameAs":["https:\/\/www.facebook.com\/JobandSense","https:\/\/www.instagram.com\/jobandsense\/","https:\/\/www.linkedin.com\/company\/52173671\/admin\/"]}]}},"jetpack_sharing_enabled":true,"_links":{"self":[{"href":"https:\/\/jobandsense.be\/en\/wp-json\/wp\/v2\/pages\/3920","targetHints":{"allow":["GET"]}}],"collection":[{"href":"https:\/\/jobandsense.be\/en\/wp-json\/wp\/v2\/pages"}],"about":[{"href":"https:\/\/jobandsense.be\/en\/wp-json\/wp\/v2\/types\/page"}],"author":[{"embeddable":true,"href":"https:\/\/jobandsense.be\/en\/wp-json\/wp\/v2\/users\/1"}],"replies":[{"embeddable":true,"href":"https:\/\/jobandsense.be\/en\/wp-json\/wp\/v2\/comments?post=3920"}],"version-history":[{"count":13,"href":"https:\/\/jobandsense.be\/en\/wp-json\/wp\/v2\/pages\/3920\/revisions"}],"predecessor-version":[{"id":5270,"href":"https:\/\/jobandsense.be\/en\/wp-json\/wp\/v2\/pages\/3920\/revisions\/5270"}],"up":[{"embeddable":true,"href":"https:\/\/jobandsense.be\/en\/wp-json\/wp\/v2\/pages\/2722"}],"wp:featuredmedia":[{"embeddable":true,"href":"https:\/\/jobandsense.be\/en\/wp-json\/wp\/v2\/media\/3921"}],"wp:attachment":[{"href":"https:\/\/jobandsense.be\/en\/wp-json\/wp\/v2\/media?parent=3920"}],"curies":[{"name":"wp","href":"https:\/\/api.w.org\/{rel}","templated":true}]}}