{"id":3907,"date":"2021-01-20T09:02:47","date_gmt":"2021-01-20T09:02:47","guid":{"rendered":"https:\/\/jobandsense.be\/?page_id=3907"},"modified":"2025-12-12T13:46:25","modified_gmt":"2025-12-12T11:46:25","slug":"try-out-a-new-career-before-committing","status":"publish","type":"page","link":"https:\/\/jobandsense.be\/en\/toolbox\/discover-new-careers\/try-out-a-new-career-before-committing\/","title":{"rendered":"Testing a new profession before taking the leap"},"content":{"rendered":"<div data-elementor-type=\"wp-page\" data-elementor-id=\"3907\" class=\"elementor elementor-3907\" data-elementor-post-type=\"page\">\n\t\t\t\t\t\t<section class=\"elementor-section elementor-top-section elementor-element elementor-element-6397b982 elementor-section-boxed elementor-section-height-default elementor-section-height-default\" data-id=\"6397b982\" data-element_type=\"section\" data-e-type=\"section\">\n\t\t\t\t\t\t<div class=\"elementor-container elementor-column-gap-default\">\n\t\t\t\t\t<div class=\"elementor-column elementor-col-100 elementor-top-column elementor-element elementor-element-641c0402\" data-id=\"641c0402\" data-element_type=\"column\" data-e-type=\"column\">\n\t\t\t<div class=\"elementor-widget-wrap elementor-element-populated\">\n\t\t\t\t\t\t<div class=\"elementor-element elementor-element-5eed4e89 elementor-widget elementor-widget-text-editor\" data-id=\"5eed4e89\" data-element_type=\"widget\" data-e-type=\"widget\" data-widget_type=\"text-editor.default\">\n\t\t\t\t<div class=\"elementor-widget-container\">\n\t\t\t\t\t\t\t\t\t<p>When you have taken the time to broaden your horizons and discover new professions, how can you know whether this profession or these professions are truly right for you?<\/p>\n<p><!-- \/wp:paragraph --><!-- wp:paragraph --><\/p>\n<p>It is indeed quite common to idealise a dream job.<\/p>\n<p><!-- \/wp:paragraph --><!-- wp:paragraph --><\/p>\n<p>This is why it is important to inform yourself and even test the job you dream of before starting a long training programme or resigning from your current position.<\/p>\n<p><!-- \/wp:paragraph --><!-- wp:paragraph --><\/p>\n<p>Testing a job helps reassure you about your choice and ensures that the profession truly suits you.<\/p>\n<p><!-- \/wp:paragraph --><!-- wp:list {\"ordered\":true,\"type\":\"1\"} --><!-- \/wp:paragraph --><\/p>\t\t\t\t\t\t\t\t<\/div>\n\t\t\t\t<\/div>\n\t\t\t\t<div class=\"elementor-element elementor-element-cb477c7 elementor-widget elementor-widget-heading\" data-id=\"cb477c7\" data-element_type=\"widget\" data-e-type=\"widget\" data-widget_type=\"heading.default\">\n\t\t\t\t<div class=\"elementor-widget-container\">\n\t\t\t\t\t<h2 class=\"elementor-heading-title elementor-size-default\">Gathering information<\/h2>\t\t\t\t<\/div>\n\t\t\t\t<\/div>\n\t\t\t\t<div class=\"elementor-element elementor-element-bedb434 elementor-widget elementor-widget-text-editor\" data-id=\"bedb434\" data-element_type=\"widget\" data-e-type=\"widget\" data-widget_type=\"text-editor.default\">\n\t\t\t\t<div class=\"elementor-widget-container\">\n\t\t\t\t\t\t\t\t\t<p><!-- wp:paragraph --><!-- \/wp:list --><!-- wp:paragraph --><\/p>\n<p>There are several ways to do this:<\/p>\n<p><!-- \/wp:paragraph --><!-- wp:paragraph --><\/p>\n<p><strong><em>Testimonials from people who work in that profession<\/em>\u00a0<\/strong><\/p>\n<p><!-- \/wp:paragraph --><!-- wp:paragraph --><\/p>\n<p>One way to better understand a specific profession is to listen to testimonials from people who already work in it. This can help you sense whether the job might appeal to you.<\/p>\n<p><!-- \/wp:paragraph --><!-- wp:paragraph --><\/p>\n<p>You can find career-change testimonials in the article about\u00a0<span style=\"text-decoration: underline;\"><a href=\"https:\/\/jobandsense.be\/en\/toolbox\/be-inspired\/inspiring-podcasts\/\" target=\"_blank\" rel=\"noopener\">podcasts.<\/a><\/span><\/p>\n<p><!-- \/wp:paragraph --><!-- wp:paragraph --><\/p>\n<p><em><strong>Interviews with your network or personal contacts\u00a0<\/strong><\/em><\/p>\n<p><!-- \/wp:paragraph --><!-- wp:paragraph --><\/p>\n<p>Another possibility is to meet people who are already working in the profession you are dreaming about, so that you can ask them all your questions and request advice.<\/p>\n<p><!-- \/wp:paragraph --><!-- wp:paragraph --><\/p>\n<p>It may be that no one in your direct circle works in that field.<\/p>\n<p><!-- \/wp:paragraph --><!-- wp:paragraph --><\/p>\n<p>In that case, don\u2019t hesitate to talk about it as often as possible. Eventually, someone will know the right person who can inform you.<\/p>\n<p><!-- \/wp:paragraph --><!-- wp:paragraph --><\/p>\n<p>You can also use LinkedIn to search for connections.<\/p>\n<p><!-- \/wp:paragraph --><!-- wp:paragraph --><\/p>\n<p>You will receive more positive responses than you might expect. People generally enjoy helping others, and talking about their job is often rewarding for them.<\/p>\n<p><!-- \/wp:paragraph --><!-- wp:paragraph --><\/p>\n<p>Give it a try  you have nothing to lose.<\/p>\n<p><!-- \/wp:paragraph --><!-- wp:paragraph --><\/p>\n<p>We recommend meeting several people to get a well-rounded view of the profession you are considering.<\/p>\n<p><!-- \/wp:paragraph --><!-- wp:paragraph --><\/p>\n<p>Here are some aspects to ask about in the job you have in mind:<\/p>\n<p><!-- \/wp:paragraph --><!-- wp:list --><\/p>\n<ul>\n<li>Daily tasks<\/li>\n<li>Most enjoyable tasks and least enjoyable tasks<\/li>\n<li>Working conditions (hours, workload, flexibility\u2026)<\/li>\n<li>Work environment (setting, colleagues, \u2026)<\/li>\n<li>Stressniveau.<\/li>\n<\/ul>\n<p><!-- \/wp:list --><!-- wp:list --><!-- \/wp:paragraph --><\/p>\t\t\t\t\t\t\t\t<\/div>\n\t\t\t\t<\/div>\n\t\t\t\t<div class=\"elementor-element elementor-element-e1a4680 elementor-widget elementor-widget-heading\" data-id=\"e1a4680\" data-element_type=\"widget\" data-e-type=\"widget\" data-widget_type=\"heading.default\">\n\t\t\t\t<div class=\"elementor-widget-container\">\n\t\t\t\t\t<h2 class=\"elementor-heading-title elementor-size-default\">Testing a job<\/h2>\t\t\t\t<\/div>\n\t\t\t\t<\/div>\n\t\t\t\t<div class=\"elementor-element elementor-element-4fe962d elementor-widget elementor-widget-text-editor\" data-id=\"4fe962d\" data-element_type=\"widget\" data-e-type=\"widget\" data-widget_type=\"text-editor.default\">\n\t\t\t\t<div class=\"elementor-widget-container\">\n\t\t\t\t\t\t\t\t\t<p>There are not many organisations in Belgium that facilitate the testing of professions.<\/p>\n<p><!-- \/wp:paragraph --><!-- wp:paragraph --><\/p>\n<p>The Forem offers several options for job seekers in Wallonia to test a profession. Get <span style=\"text-decoration: underline;\"><a href=\"https:\/\/www.leforem.be\/citoyens\/tester-un-metier.html\" target=\"_blank\" rel=\"noopener\">in touch with them<\/a><\/span> to find out what is possible for the job you would like to try.<\/p>\n<p>In Flanders, VDAB also offers the BIS scheme (BeroepsInlevingsstage), a professional immersion that allows you to observe a job directly in the workplace for a short period.<\/p>\n<p><!-- \/wp:embed --><!-- wp:paragraph --><\/p>\n<p>Additionally, you can take advantage of the many open days and job-themed events organised throughout the year. The Cit\u00e9 des M\u00e9tiers, EFP, IFAPME and various training centres regularly offer opportunities to discover professions in real-life conditions, observe technical workshops and ask questions to trainers and professionals. Larger events, such as the competitions and demonstrations at <strong data-start=\"3325\" data-end=\"3340\">WorldSkills<\/strong>, also give a very concrete impression of different professions thanks to workshops, demonstrations and direct exchanges with participants.\u00a0<\/p>\n<p>Finally, we encourage you to turn once again to your network.<\/p>\n<p><!-- \/wp:paragraph --><!-- wp:paragraph --><\/p>\n<p>Don\u2019t hesitate to ask the people you interviewed whether you can join them for an observation period or short hands-on internship for one or several weeks. A helping hand is often welcome.<\/p>\n<p>\u00a0<\/p>\n<p><!-- \/wp:paragraph --><\/p>\t\t\t\t\t\t\t\t<\/div>\n\t\t\t\t<\/div>\n\t\t\t\t\t<\/div>\n\t\t<\/div>\n\t\t\t\t\t<\/div>\n\t\t<\/section>\n\t\t\t\t<\/div>","protected":false},"excerpt":{"rendered":"<p>Lorsque vous avez pris le temps d\u2019\u00e9largir vos horizons et de d\u00e9couvrir de nouveaux m\u00e9tiers, comment savoir si ce ou ces m\u00e9tier(s) sont fait(s) pour vous\u00a0? Il arrive \u00e9galement fr\u00e9quemment, en effet, que l\u2019on id\u00e9alise un m\u00e9tier r\u00eav\u00e9. Il est du coup important de vous renseigner et m\u00eame de tester le m\u00e9tier dont vous r\u00eavez&#8230;<\/p>","protected":false},"author":1,"featured_media":3908,"parent":2710,"menu_order":5,"comment_status":"closed","ping_status":"closed","template":"","meta":{"_acf_changed":false,"episode_type":"","audio_file":"","cover_image":"","cover_image_id":"","duration":"","filesize":"","filesize_raw":"","date_recorded":"","explicit":"","block":"","footnotes":""},"class_list":["post-3907","page","type-page","status-publish","has-post-thumbnail","hentry","wpbf-post"],"acf":[],"yoast_head":"<!-- This site is optimized with the Yoast SEO plugin v26.8 - https:\/\/yoast.com\/product\/yoast-seo-wordpress\/ -->\n<title>Tester un nouveau m\u00e9tier avant de se lancer &#8226; Job&amp;Sense<\/title>\n<meta name=\"description\" content=\"Il est important de tester un m\u00e9tier avant de se lancer pour \u00eatre s\u00fbr que la r\u00e9alit\u00e9 du m\u00e9tier au jour le jour nous conviendra.\" \/>\n<meta name=\"robots\" content=\"index, follow, max-snippet:-1, max-image-preview:large, max-video-preview:-1\" \/>\n<link rel=\"canonical\" href=\"https:\/\/jobandsense.be\/en\/toolbox\/discover-new-careers\/try-out-a-new-career-before-committing\/\" \/>\n<meta property=\"og:locale\" content=\"en_GB\" \/>\n<meta property=\"og:type\" content=\"article\" \/>\n<meta property=\"og:title\" content=\"Tester un m\u00e9tier avant de se lancer\" \/>\n<meta property=\"og:description\" content=\"Il est important de tester un m\u00e9tier avant de se lancer pour \u00eatre s\u00fbr que la r\u00e9alit\u00e9 du m\u00e9tier au jour le jour nous conviendra.\" \/>\n<meta property=\"og:url\" content=\"https:\/\/jobandsense.be\/en\/toolbox\/discover-new-careers\/try-out-a-new-career-before-committing\/\" \/>\n<meta property=\"og:site_name\" content=\"Job&amp;Sense\" \/>\n<meta property=\"article:publisher\" content=\"https:\/\/www.facebook.com\/JobandSense\" \/>\n<meta property=\"article:modified_time\" content=\"2025-12-12T11:46:25+00:00\" \/>\n<meta property=\"og:image\" content=\"https:\/\/jobandsense.be\/wp-content\/uploads\/2021\/01\/test-un-me\u0301tier.jpg\" \/>\n\t<meta property=\"og:image:width\" content=\"1280\" \/>\n\t<meta property=\"og:image:height\" content=\"856\" \/>\n\t<meta property=\"og:image:type\" content=\"image\/jpeg\" \/>\n<meta name=\"twitter:card\" content=\"summary_large_image\" \/>\n<meta name=\"twitter:label1\" content=\"Estimated reading time\" \/>\n\t<meta name=\"twitter:data1\" content=\"3 minutes\" \/>\n<script type=\"application\/ld+json\" class=\"yoast-schema-graph\">{\"@context\":\"https:\/\/schema.org\",\"@graph\":[{\"@type\":\"WebPage\",\"@id\":\"https:\/\/jobandsense.be\/boite-a-outils\/decouvrir-de-nouveaux-metiers\/tester-un-nouveau-metier-avant-de-se-lancer\/\",\"url\":\"https:\/\/jobandsense.be\/boite-a-outils\/decouvrir-de-nouveaux-metiers\/tester-un-nouveau-metier-avant-de-se-lancer\/\",\"name\":\"Tester un nouveau m\u00e9tier avant de se lancer &#8226; Job&Sense\",\"isPartOf\":{\"@id\":\"https:\/\/jobandsense.be\/#website\"},\"primaryImageOfPage\":{\"@id\":\"https:\/\/jobandsense.be\/boite-a-outils\/decouvrir-de-nouveaux-metiers\/tester-un-nouveau-metier-avant-de-se-lancer\/#primaryimage\"},\"image\":{\"@id\":\"https:\/\/jobandsense.be\/boite-a-outils\/decouvrir-de-nouveaux-metiers\/tester-un-nouveau-metier-avant-de-se-lancer\/#primaryimage\"},\"thumbnailUrl\":\"https:\/\/jobandsense.be\/wp-content\/uploads\/2021\/01\/test-un-me\u0301tier.jpg\",\"datePublished\":\"2021-01-20T09:02:47+00:00\",\"dateModified\":\"2025-12-12T11:46:25+00:00\",\"description\":\"Il est important de tester un m\u00e9tier avant de se lancer pour \u00eatre s\u00fbr que la r\u00e9alit\u00e9 du m\u00e9tier au jour le jour nous conviendra.\",\"breadcrumb\":{\"@id\":\"https:\/\/jobandsense.be\/boite-a-outils\/decouvrir-de-nouveaux-metiers\/tester-un-nouveau-metier-avant-de-se-lancer\/#breadcrumb\"},\"inLanguage\":\"en-GB\",\"potentialAction\":[{\"@type\":\"ReadAction\",\"target\":[\"https:\/\/jobandsense.be\/boite-a-outils\/decouvrir-de-nouveaux-metiers\/tester-un-nouveau-metier-avant-de-se-lancer\/\"]}]},{\"@type\":\"ImageObject\",\"inLanguage\":\"en-GB\",\"@id\":\"https:\/\/jobandsense.be\/boite-a-outils\/decouvrir-de-nouveaux-metiers\/tester-un-nouveau-metier-avant-de-se-lancer\/#primaryimage\",\"url\":\"https:\/\/jobandsense.be\/wp-content\/uploads\/2021\/01\/test-un-me\u0301tier.jpg\",\"contentUrl\":\"https:\/\/jobandsense.be\/wp-content\/uploads\/2021\/01\/test-un-me\u0301tier.jpg\",\"width\":1280,\"height\":856,\"caption\":\"Image par Michel Rohan de Pixabay\"},{\"@type\":\"BreadcrumbList\",\"@id\":\"https:\/\/jobandsense.be\/boite-a-outils\/decouvrir-de-nouveaux-metiers\/tester-un-nouveau-metier-avant-de-se-lancer\/#breadcrumb\",\"itemListElement\":[{\"@type\":\"ListItem\",\"position\":1,\"name\":\"Accueil\",\"item\":\"https:\/\/jobandsense.be\/\"},{\"@type\":\"ListItem\",\"position\":2,\"name\":\"Bo\u00eete \u00e0 outils\",\"item\":\"https:\/\/jobandsense.be\/boite-a-outils\/\"},{\"@type\":\"ListItem\",\"position\":3,\"name\":\"D\u00e9couvrir de nouveaux m\u00e9tiers\",\"item\":\"https:\/\/jobandsense.be\/boite-a-outils\/decouvrir-de-nouveaux-metiers\/\"},{\"@type\":\"ListItem\",\"position\":4,\"name\":\"Tester un nouveau m\u00e9tier avant de se lancer\"}]},{\"@type\":\"WebSite\",\"@id\":\"https:\/\/jobandsense.be\/#website\",\"url\":\"https:\/\/jobandsense.be\/\",\"name\":\"Job&amp;Sense\",\"description\":\"La plateforme qui vous donne toutes les informations pour trouver un job qui a du sens\",\"publisher\":{\"@id\":\"https:\/\/jobandsense.be\/#organization\"},\"potentialAction\":[{\"@type\":\"SearchAction\",\"target\":{\"@type\":\"EntryPoint\",\"urlTemplate\":\"https:\/\/jobandsense.be\/?s={search_term_string}\"},\"query-input\":{\"@type\":\"PropertyValueSpecification\",\"valueRequired\":true,\"valueName\":\"search_term_string\"}}],\"inLanguage\":\"en-GB\"},{\"@type\":\"Organization\",\"@id\":\"https:\/\/jobandsense.be\/#organization\",\"name\":\"Job&Sense\",\"url\":\"https:\/\/jobandsense.be\/\",\"logo\":{\"@type\":\"ImageObject\",\"inLanguage\":\"en-GB\",\"@id\":\"https:\/\/jobandsense.be\/#\/schema\/logo\/image\/\",\"url\":\"\",\"contentUrl\":\"\",\"caption\":\"Job&Sense\"},\"image\":{\"@id\":\"https:\/\/jobandsense.be\/#\/schema\/logo\/image\/\"},\"sameAs\":[\"https:\/\/www.facebook.com\/JobandSense\",\"https:\/\/www.instagram.com\/jobandsense\/\",\"https:\/\/www.linkedin.com\/company\/52173671\/admin\/\"]}]}<\/script>\n<!-- \/ Yoast SEO plugin. -->","yoast_head_json":{"title":"Tester un nouveau m\u00e9tier avant de se lancer &#8226; Job&Sense","description":"Il est important de tester un m\u00e9tier avant de se lancer pour \u00eatre s\u00fbr que la r\u00e9alit\u00e9 du m\u00e9tier au jour le jour nous conviendra.","robots":{"index":"index","follow":"follow","max-snippet":"max-snippet:-1","max-image-preview":"max-image-preview:large","max-video-preview":"max-video-preview:-1"},"canonical":"https:\/\/jobandsense.be\/en\/toolbox\/discover-new-careers\/try-out-a-new-career-before-committing\/","og_locale":"en_GB","og_type":"article","og_title":"Tester un m\u00e9tier avant de se lancer","og_description":"Il est important de tester un m\u00e9tier avant de se lancer pour \u00eatre s\u00fbr que la r\u00e9alit\u00e9 du m\u00e9tier au jour le jour nous conviendra.","og_url":"https:\/\/jobandsense.be\/en\/toolbox\/discover-new-careers\/try-out-a-new-career-before-committing\/","og_site_name":"Job&amp;Sense","article_publisher":"https:\/\/www.facebook.com\/JobandSense","article_modified_time":"2025-12-12T11:46:25+00:00","og_image":[{"width":1280,"height":856,"url":"https:\/\/jobandsense.be\/wp-content\/uploads\/2021\/01\/test-un-me\u0301tier.jpg","type":"image\/jpeg"}],"twitter_card":"summary_large_image","twitter_misc":{"Estimated reading time":"3 minutes"},"schema":{"@context":"https:\/\/schema.org","@graph":[{"@type":"WebPage","@id":"https:\/\/jobandsense.be\/boite-a-outils\/decouvrir-de-nouveaux-metiers\/tester-un-nouveau-metier-avant-de-se-lancer\/","url":"https:\/\/jobandsense.be\/boite-a-outils\/decouvrir-de-nouveaux-metiers\/tester-un-nouveau-metier-avant-de-se-lancer\/","name":"Tester un nouveau m\u00e9tier avant de se lancer &#8226; Job&Sense","isPartOf":{"@id":"https:\/\/jobandsense.be\/#website"},"primaryImageOfPage":{"@id":"https:\/\/jobandsense.be\/boite-a-outils\/decouvrir-de-nouveaux-metiers\/tester-un-nouveau-metier-avant-de-se-lancer\/#primaryimage"},"image":{"@id":"https:\/\/jobandsense.be\/boite-a-outils\/decouvrir-de-nouveaux-metiers\/tester-un-nouveau-metier-avant-de-se-lancer\/#primaryimage"},"thumbnailUrl":"https:\/\/jobandsense.be\/wp-content\/uploads\/2021\/01\/test-un-me\u0301tier.jpg","datePublished":"2021-01-20T09:02:47+00:00","dateModified":"2025-12-12T11:46:25+00:00","description":"Il est important de tester un m\u00e9tier avant de se lancer pour \u00eatre s\u00fbr que la r\u00e9alit\u00e9 du m\u00e9tier au jour le jour nous conviendra.","breadcrumb":{"@id":"https:\/\/jobandsense.be\/boite-a-outils\/decouvrir-de-nouveaux-metiers\/tester-un-nouveau-metier-avant-de-se-lancer\/#breadcrumb"},"inLanguage":"en-GB","potentialAction":[{"@type":"ReadAction","target":["https:\/\/jobandsense.be\/boite-a-outils\/decouvrir-de-nouveaux-metiers\/tester-un-nouveau-metier-avant-de-se-lancer\/"]}]},{"@type":"ImageObject","inLanguage":"en-GB","@id":"https:\/\/jobandsense.be\/boite-a-outils\/decouvrir-de-nouveaux-metiers\/tester-un-nouveau-metier-avant-de-se-lancer\/#primaryimage","url":"https:\/\/jobandsense.be\/wp-content\/uploads\/2021\/01\/test-un-me\u0301tier.jpg","contentUrl":"https:\/\/jobandsense.be\/wp-content\/uploads\/2021\/01\/test-un-me\u0301tier.jpg","width":1280,"height":856,"caption":"Image par Michel Rohan de Pixabay"},{"@type":"BreadcrumbList","@id":"https:\/\/jobandsense.be\/boite-a-outils\/decouvrir-de-nouveaux-metiers\/tester-un-nouveau-metier-avant-de-se-lancer\/#breadcrumb","itemListElement":[{"@type":"ListItem","position":1,"name":"Accueil","item":"https:\/\/jobandsense.be\/"},{"@type":"ListItem","position":2,"name":"Bo\u00eete \u00e0 outils","item":"https:\/\/jobandsense.be\/boite-a-outils\/"},{"@type":"ListItem","position":3,"name":"D\u00e9couvrir de nouveaux m\u00e9tiers","item":"https:\/\/jobandsense.be\/boite-a-outils\/decouvrir-de-nouveaux-metiers\/"},{"@type":"ListItem","position":4,"name":"Tester un nouveau m\u00e9tier avant de se lancer"}]},{"@type":"WebSite","@id":"https:\/\/jobandsense.be\/#website","url":"https:\/\/jobandsense.be\/","name":"Job&amp;Sense","description":"La plateforme qui vous donne toutes les informations pour trouver un job qui a du sens","publisher":{"@id":"https:\/\/jobandsense.be\/#organization"},"potentialAction":[{"@type":"SearchAction","target":{"@type":"EntryPoint","urlTemplate":"https:\/\/jobandsense.be\/?s={search_term_string}"},"query-input":{"@type":"PropertyValueSpecification","valueRequired":true,"valueName":"search_term_string"}}],"inLanguage":"en-GB"},{"@type":"Organization","@id":"https:\/\/jobandsense.be\/#organization","name":"Job&Sense","url":"https:\/\/jobandsense.be\/","logo":{"@type":"ImageObject","inLanguage":"en-GB","@id":"https:\/\/jobandsense.be\/#\/schema\/logo\/image\/","url":"","contentUrl":"","caption":"Job&Sense"},"image":{"@id":"https:\/\/jobandsense.be\/#\/schema\/logo\/image\/"},"sameAs":["https:\/\/www.facebook.com\/JobandSense","https:\/\/www.instagram.com\/jobandsense\/","https:\/\/www.linkedin.com\/company\/52173671\/admin\/"]}]}},"jetpack_sharing_enabled":true,"_links":{"self":[{"href":"https:\/\/jobandsense.be\/en\/wp-json\/wp\/v2\/pages\/3907","targetHints":{"allow":["GET"]}}],"collection":[{"href":"https:\/\/jobandsense.be\/en\/wp-json\/wp\/v2\/pages"}],"about":[{"href":"https:\/\/jobandsense.be\/en\/wp-json\/wp\/v2\/types\/page"}],"author":[{"embeddable":true,"href":"https:\/\/jobandsense.be\/en\/wp-json\/wp\/v2\/users\/1"}],"replies":[{"embeddable":true,"href":"https:\/\/jobandsense.be\/en\/wp-json\/wp\/v2\/comments?post=3907"}],"version-history":[{"count":30,"href":"https:\/\/jobandsense.be\/en\/wp-json\/wp\/v2\/pages\/3907\/revisions"}],"predecessor-version":[{"id":14044,"href":"https:\/\/jobandsense.be\/en\/wp-json\/wp\/v2\/pages\/3907\/revisions\/14044"}],"up":[{"embeddable":true,"href":"https:\/\/jobandsense.be\/en\/wp-json\/wp\/v2\/pages\/2710"}],"wp:featuredmedia":[{"embeddable":true,"href":"https:\/\/jobandsense.be\/en\/wp-json\/wp\/v2\/media\/3908"}],"wp:attachment":[{"href":"https:\/\/jobandsense.be\/en\/wp-json\/wp\/v2\/media?parent=3907"}],"curies":[{"name":"wp","href":"https:\/\/api.w.org\/{rel}","templated":true}]}}