{"id":3813,"date":"2021-01-19T19:46:05","date_gmt":"2021-01-19T19:46:05","guid":{"rendered":"https:\/\/jobandsense.be\/?page_id=3813"},"modified":"2025-12-12T14:20:37","modified_gmt":"2025-12-12T12:20:37","slug":"index-of-professions","status":"publish","type":"page","link":"https:\/\/jobandsense.be\/en\/toolbox\/discover-new-careers\/index-of-professions\/","title":{"rendered":"Profession index"},"content":{"rendered":"<div data-elementor-type=\"wp-page\" data-elementor-id=\"3813\" class=\"elementor elementor-3813\" data-elementor-post-type=\"page\">\n\t\t\t\t\t\t<section class=\"elementor-section elementor-top-section elementor-element elementor-element-7119473e elementor-section-boxed elementor-section-height-default elementor-section-height-default\" data-id=\"7119473e\" data-element_type=\"section\" data-e-type=\"section\">\n\t\t\t\t\t\t<div class=\"elementor-container elementor-column-gap-default\">\n\t\t\t\t\t<div class=\"elementor-column elementor-col-100 elementor-top-column elementor-element elementor-element-722cd232\" data-id=\"722cd232\" data-element_type=\"column\" data-e-type=\"column\">\n\t\t\t<div class=\"elementor-widget-wrap elementor-element-populated\">\n\t\t\t\t\t\t<div class=\"elementor-element elementor-element-7be52faf elementor-widget elementor-widget-text-editor\" data-id=\"7be52faf\" data-element_type=\"widget\" data-e-type=\"widget\" data-widget_type=\"text-editor.default\">\n\t\t\t\t<div class=\"elementor-widget-container\">\n\t\t\t\t\t\t\t\t\t<p>Do you have questions about a particular profession?<\/p>\n<p><!-- \/wp:paragraph --><!-- wp:paragraph --><\/p>\n<p>Or perhaps you have several career ideas and don't know which one to choose?<\/p>\n<p><!-- \/wp:paragraph --><!-- wp:paragraph --><\/p>\n<p>It's also possible that you have no idea where to go and want to discover new professions to broaden your horizons?<\/p>\n<p><!-- \/wp:paragraph --><!-- wp:paragraph --><\/p>\n<p>In that case, it may be useful to know about the websites that list and detail professions one by one.<\/p>\n<p><!-- \/wp:paragraph --><!-- wp:paragraph --><\/p>\n<p><!-- \/wp:embed --><\/p>\t\t\t\t\t\t\t\t<\/div>\n\t\t\t\t<\/div>\n\t\t\t\t<div class=\"elementor-element elementor-element-dd8cc3a elementor-widget elementor-widget-heading\" data-id=\"dd8cc3a\" data-element_type=\"widget\" data-e-type=\"widget\" data-widget_type=\"heading.default\">\n\t\t\t\t<div class=\"elementor-widget-container\">\n\t\t\t\t\t<h2 class=\"elementor-heading-title elementor-size-default\">French<\/h2>\t\t\t\t<\/div>\n\t\t\t\t<\/div>\n\t\t\t\t<div class=\"elementor-element elementor-element-c287cca elementor-widget elementor-widget-text-editor\" data-id=\"c287cca\" data-element_type=\"widget\" data-e-type=\"widget\" data-widget_type=\"text-editor.default\">\n\t\t\t\t<div class=\"elementor-widget-container\">\n\t\t\t\t\t\t\t\t\t<p><span style=\"text-decoration: underline;\"><a href=\"http:\/\/metiers.siep.be\/\" target=\"_blank\" rel=\"noopener\">SIEP<\/a><\/span><\/p>\n<p><!-- \/wp:paragraph --><!-- wp:paragraph --><\/p>\n<p>SIEP, a Belgian organization, has described more than 1,300 different professions on its website.<\/p>\n<p><!-- \/wp:paragraph --><!-- wp:paragraph --><\/p>\n<p>Each profession is detailed and indicates the skills and qualities needed to practice it. It also describes professions in shortage.<\/p>\n<p><span style=\"text-decoration: underline;\"><a href=\"https:\/\/panorama.actiris.brussels\/fr\/accueil\/\" target=\"_blank\" rel=\"noopener\">ACTIRIS<\/a><\/span><\/p>\n<p>With its Panorama m\u00e9tiers site, Actiris details more than 600 different professions. Each profession is detailed and indicates the skills and soft skills needed to practice it. You can also find job offers, existing training programs, and certain statistics.\u00a0<\/p>\n<p><!-- \/wp:embed --><!-- wp:paragraph --><\/p>\n<p><span style=\"text-decoration: underline;\"><a href=\"https:\/\/www.onisep.fr\/recherche?context=metier\" target=\"_blank\" rel=\"noopener\">ONISEP<\/a><\/span><\/p>\n<p><!-- \/wp:paragraph --><!-- wp:paragraph --><\/p>\n<p>This is the French organization on professions and education.<\/p>\n<p><!-- \/wp:paragraph --><!-- wp:paragraph --><\/p>\n<p>You can discover professions by activity sector but also by areas of interest.<\/p>\n<p><!-- \/wp:paragraph --><!-- wp:paragraph --><\/p>\n<p>Each profession is detailed, an indicative salary is shown, and you will also usually find a video testimonial. Finally, 5 or 6 similar or related professions will be suggested to help you continue your research.<\/p>\n<p><!-- \/wp:paragraph --><!-- wp:paragraph --><\/p>\n<p>ONISEP also publishes numerous interesting reports by activity sector. These are generally paid content.<\/p>\n<p><!-- \/wp:embed --><\/p>\t\t\t\t\t\t\t\t<\/div>\n\t\t\t\t<\/div>\n\t\t\t\t<div class=\"elementor-element elementor-element-b95f52a elementor-widget elementor-widget-heading\" data-id=\"b95f52a\" data-element_type=\"widget\" data-e-type=\"widget\" data-widget_type=\"heading.default\">\n\t\t\t\t<div class=\"elementor-widget-container\">\n\t\t\t\t\t<h2 class=\"elementor-heading-title elementor-size-default\">Dutch<\/h2>\t\t\t\t<\/div>\n\t\t\t\t<\/div>\n\t\t\t\t<div class=\"elementor-element elementor-element-576fa28 elementor-widget elementor-widget-text-editor\" data-id=\"576fa28\" data-element_type=\"widget\" data-e-type=\"widget\" data-widget_type=\"text-editor.default\">\n\t\t\t\t<div class=\"elementor-widget-container\">\n\t\t\t\t\t\t\t\t\t<p><a href=\"https:\/\/www.vdab.be\/orienteren\/beroepen\" target=\"_blank\" rel=\"noopener\"><u>VDAB<\/u><\/a><\/p>\n<p><!-- \/wp:paragraph --><!-- wp:paragraph --><\/p>\n<p>The VDAB website offers very comprehensive career information sheets.<\/p>\n<p><!-- \/wp:embed --><\/p>\t\t\t\t\t\t\t\t<\/div>\n\t\t\t\t<\/div>\n\t\t\t\t<div class=\"elementor-element elementor-element-da147c3 elementor-widget elementor-widget-heading\" data-id=\"da147c3\" data-element_type=\"widget\" data-e-type=\"widget\" data-widget_type=\"heading.default\">\n\t\t\t\t<div class=\"elementor-widget-container\">\n\t\t\t\t\t<h2 class=\"elementor-heading-title elementor-size-default\">English<\/h2>\t\t\t\t<\/div>\n\t\t\t\t<\/div>\n\t\t\t\t<div class=\"elementor-element elementor-element-f5736b8 elementor-widget elementor-widget-text-editor\" data-id=\"f5736b8\" data-element_type=\"widget\" data-e-type=\"widget\" data-widget_type=\"text-editor.default\">\n\t\t\t\t<div class=\"elementor-widget-container\">\n\t\t\t\t\t\t\t\t\t<p><a href=\"https:\/\/www.onetonline.org\/\" target=\"_blank\" rel=\"noopener\"><u>O*NET Online<\/u><\/a><\/p>\n<p><!-- \/wp:paragraph --><!-- wp:paragraph --><\/p>\n<p data-start=\"1168\" data-end=\"1237\">American site. Probably the most comprehensive career database in the world.<\/p>\n<p data-start=\"1168\" data-end=\"1237\"><span style=\"text-decoration: underline;\"><a href=\"https:\/\/nationalcareers.service.gov.uk\/explore-careers\" target=\"_blank\" rel=\"noopener\">National Careers Service<\/a><\/span><\/p>\n<p data-start=\"1168\" data-end=\"1237\">Very clear British site, written in accessible language and regularly updated.<\/p>\n<p data-start=\"1601\" data-end=\"1623\">\u00a0<\/p>\n<p><!-- \/wp:embed --><\/p>\t\t\t\t\t\t\t\t<\/div>\n\t\t\t\t<\/div>\n\t\t\t\t\t<\/div>\n\t\t<\/div>\n\t\t\t\t\t<\/div>\n\t\t<\/section>\n\t\t\t\t<\/div>","protected":false},"excerpt":{"rendered":"<p>Vous vous posez des questions sur un m\u00e9tier en particulier\u00a0? Ou peut-\u00eatre que vous avez plusieurs id\u00e9es de m\u00e9tiers et vous ne savez pas lequel choisir\u00a0? Il est aussi possible que vous n&rsquo;ayez aucune id\u00e9e vers o\u00f9 aller et vous voulez d\u00e9couvrir de nouveaux m\u00e9tiers pour \u00e9largir vos horizons ? Alors, il peut \u00eatre int\u00e9ressant&#8230;<\/p>","protected":false},"author":1,"featured_media":3816,"parent":2710,"menu_order":1,"comment_status":"closed","ping_status":"closed","template":"","meta":{"_acf_changed":false,"episode_type":"","audio_file":"","cover_image":"","cover_image_id":"","duration":"","filesize":"","filesize_raw":"","date_recorded":"","explicit":"","block":"","footnotes":""},"class_list":["post-3813","page","type-page","status-publish","has-post-thumbnail","hentry","wpbf-post"],"acf":[],"yoast_head":"<!-- This site is optimized with the Yoast SEO plugin v26.8 - https:\/\/yoast.com\/product\/yoast-seo-wordpress\/ -->\n<title>Organismes qui d\u00e9taillent tous les m\u00e9tiers &#8226; Job&amp;Sense<\/title>\n<meta name=\"description\" content=\"Organismes qui expliquent chaque m\u00e9tier un \u00e0 un. Ils expliquent les comp\u00e9tences n\u00e9cessaires pour exercer le m\u00e9tier et les principales qualit\u00e9s.\" \/>\n<meta name=\"robots\" content=\"index, follow, max-snippet:-1, max-image-preview:large, max-video-preview:-1\" \/>\n<link rel=\"canonical\" href=\"https:\/\/jobandsense.be\/en\/toolbox\/discover-new-careers\/index-of-professions\/\" \/>\n<meta property=\"og:locale\" content=\"en_GB\" \/>\n<meta property=\"og:type\" content=\"article\" \/>\n<meta property=\"og:title\" content=\"Index des m\u00e9tiers en Belgique\" \/>\n<meta property=\"og:description\" content=\"Organismes qui expliquent chaque m\u00e9tier un \u00e0 un. Ils expliquent les comp\u00e9tences n\u00e9cessaires pour exercer le m\u00e9tier et les principales qualit\u00e9s.\" \/>\n<meta property=\"og:url\" content=\"https:\/\/jobandsense.be\/en\/toolbox\/discover-new-careers\/index-of-professions\/\" \/>\n<meta property=\"og:site_name\" content=\"Job&amp;Sense\" \/>\n<meta property=\"article:publisher\" content=\"https:\/\/www.facebook.com\/JobandSense\" \/>\n<meta property=\"article:modified_time\" content=\"2025-12-12T12:20:37+00:00\" \/>\n<meta property=\"og:image\" content=\"https:\/\/jobandsense.be\/wp-content\/uploads\/2021\/01\/diffe\u0301rents-me\u0301tiers.jpg\" \/>\n\t<meta property=\"og:image:width\" content=\"1280\" \/>\n\t<meta property=\"og:image:height\" content=\"322\" \/>\n\t<meta property=\"og:image:type\" content=\"image\/jpeg\" \/>\n<meta name=\"twitter:card\" content=\"summary_large_image\" \/>\n<meta name=\"twitter:label1\" content=\"Estimated reading time\" \/>\n\t<meta name=\"twitter:data1\" content=\"2 minutes\" \/>\n<script type=\"application\/ld+json\" class=\"yoast-schema-graph\">{\"@context\":\"https:\/\/schema.org\",\"@graph\":[{\"@type\":\"WebPage\",\"@id\":\"https:\/\/jobandsense.be\/boite-a-outils\/decouvrir-de-nouveaux-metiers\/index-des-metiers\/\",\"url\":\"https:\/\/jobandsense.be\/boite-a-outils\/decouvrir-de-nouveaux-metiers\/index-des-metiers\/\",\"name\":\"Organismes qui d\u00e9taillent tous les m\u00e9tiers &#8226; Job&Sense\",\"isPartOf\":{\"@id\":\"https:\/\/jobandsense.be\/#website\"},\"primaryImageOfPage\":{\"@id\":\"https:\/\/jobandsense.be\/boite-a-outils\/decouvrir-de-nouveaux-metiers\/index-des-metiers\/#primaryimage\"},\"image\":{\"@id\":\"https:\/\/jobandsense.be\/boite-a-outils\/decouvrir-de-nouveaux-metiers\/index-des-metiers\/#primaryimage\"},\"thumbnailUrl\":\"https:\/\/jobandsense.be\/wp-content\/uploads\/2021\/01\/diffe\u0301rents-me\u0301tiers.jpg\",\"datePublished\":\"2021-01-19T19:46:05+00:00\",\"dateModified\":\"2025-12-12T12:20:37+00:00\",\"description\":\"Organismes qui expliquent chaque m\u00e9tier un \u00e0 un. Ils expliquent les comp\u00e9tences n\u00e9cessaires pour exercer le m\u00e9tier et les principales qualit\u00e9s.\",\"breadcrumb\":{\"@id\":\"https:\/\/jobandsense.be\/boite-a-outils\/decouvrir-de-nouveaux-metiers\/index-des-metiers\/#breadcrumb\"},\"inLanguage\":\"en-GB\",\"potentialAction\":[{\"@type\":\"ReadAction\",\"target\":[\"https:\/\/jobandsense.be\/boite-a-outils\/decouvrir-de-nouveaux-metiers\/index-des-metiers\/\"]}]},{\"@type\":\"ImageObject\",\"inLanguage\":\"en-GB\",\"@id\":\"https:\/\/jobandsense.be\/boite-a-outils\/decouvrir-de-nouveaux-metiers\/index-des-metiers\/#primaryimage\",\"url\":\"https:\/\/jobandsense.be\/wp-content\/uploads\/2021\/01\/diffe\u0301rents-me\u0301tiers.jpg\",\"contentUrl\":\"https:\/\/jobandsense.be\/wp-content\/uploads\/2021\/01\/diffe\u0301rents-me\u0301tiers.jpg\",\"width\":1280,\"height\":322,\"caption\":\"Image par bernswaelz de Pixabay\"},{\"@type\":\"BreadcrumbList\",\"@id\":\"https:\/\/jobandsense.be\/boite-a-outils\/decouvrir-de-nouveaux-metiers\/index-des-metiers\/#breadcrumb\",\"itemListElement\":[{\"@type\":\"ListItem\",\"position\":1,\"name\":\"Accueil\",\"item\":\"https:\/\/jobandsense.be\/\"},{\"@type\":\"ListItem\",\"position\":2,\"name\":\"Bo\u00eete \u00e0 outils\",\"item\":\"https:\/\/jobandsense.be\/boite-a-outils\/\"},{\"@type\":\"ListItem\",\"position\":3,\"name\":\"D\u00e9couvrir de nouveaux m\u00e9tiers\",\"item\":\"https:\/\/jobandsense.be\/boite-a-outils\/decouvrir-de-nouveaux-metiers\/\"},{\"@type\":\"ListItem\",\"position\":4,\"name\":\"Index des m\u00e9tiers\"}]},{\"@type\":\"WebSite\",\"@id\":\"https:\/\/jobandsense.be\/#website\",\"url\":\"https:\/\/jobandsense.be\/\",\"name\":\"Job&amp;Sense\",\"description\":\"La plateforme qui vous donne toutes les informations pour trouver un job qui a du sens\",\"publisher\":{\"@id\":\"https:\/\/jobandsense.be\/#organization\"},\"potentialAction\":[{\"@type\":\"SearchAction\",\"target\":{\"@type\":\"EntryPoint\",\"urlTemplate\":\"https:\/\/jobandsense.be\/?s={search_term_string}\"},\"query-input\":{\"@type\":\"PropertyValueSpecification\",\"valueRequired\":true,\"valueName\":\"search_term_string\"}}],\"inLanguage\":\"en-GB\"},{\"@type\":\"Organization\",\"@id\":\"https:\/\/jobandsense.be\/#organization\",\"name\":\"Job&Sense\",\"url\":\"https:\/\/jobandsense.be\/\",\"logo\":{\"@type\":\"ImageObject\",\"inLanguage\":\"en-GB\",\"@id\":\"https:\/\/jobandsense.be\/#\/schema\/logo\/image\/\",\"url\":\"\",\"contentUrl\":\"\",\"caption\":\"Job&Sense\"},\"image\":{\"@id\":\"https:\/\/jobandsense.be\/#\/schema\/logo\/image\/\"},\"sameAs\":[\"https:\/\/www.facebook.com\/JobandSense\",\"https:\/\/www.instagram.com\/jobandsense\/\",\"https:\/\/www.linkedin.com\/company\/52173671\/admin\/\"]}]}<\/script>\n<!-- \/ Yoast SEO plugin. -->","yoast_head_json":{"title":"Organismes qui d\u00e9taillent tous les m\u00e9tiers &#8226; Job&Sense","description":"Organismes qui expliquent chaque m\u00e9tier un \u00e0 un. Ils expliquent les comp\u00e9tences n\u00e9cessaires pour exercer le m\u00e9tier et les principales qualit\u00e9s.","robots":{"index":"index","follow":"follow","max-snippet":"max-snippet:-1","max-image-preview":"max-image-preview:large","max-video-preview":"max-video-preview:-1"},"canonical":"https:\/\/jobandsense.be\/en\/toolbox\/discover-new-careers\/index-of-professions\/","og_locale":"en_GB","og_type":"article","og_title":"Index des m\u00e9tiers en Belgique","og_description":"Organismes qui expliquent chaque m\u00e9tier un \u00e0 un. Ils expliquent les comp\u00e9tences n\u00e9cessaires pour exercer le m\u00e9tier et les principales qualit\u00e9s.","og_url":"https:\/\/jobandsense.be\/en\/toolbox\/discover-new-careers\/index-of-professions\/","og_site_name":"Job&amp;Sense","article_publisher":"https:\/\/www.facebook.com\/JobandSense","article_modified_time":"2025-12-12T12:20:37+00:00","og_image":[{"width":1280,"height":322,"url":"https:\/\/jobandsense.be\/wp-content\/uploads\/2021\/01\/diffe\u0301rents-me\u0301tiers.jpg","type":"image\/jpeg"}],"twitter_card":"summary_large_image","twitter_misc":{"Estimated reading time":"2 minutes"},"schema":{"@context":"https:\/\/schema.org","@graph":[{"@type":"WebPage","@id":"https:\/\/jobandsense.be\/boite-a-outils\/decouvrir-de-nouveaux-metiers\/index-des-metiers\/","url":"https:\/\/jobandsense.be\/boite-a-outils\/decouvrir-de-nouveaux-metiers\/index-des-metiers\/","name":"Organismes qui d\u00e9taillent tous les m\u00e9tiers &#8226; Job&Sense","isPartOf":{"@id":"https:\/\/jobandsense.be\/#website"},"primaryImageOfPage":{"@id":"https:\/\/jobandsense.be\/boite-a-outils\/decouvrir-de-nouveaux-metiers\/index-des-metiers\/#primaryimage"},"image":{"@id":"https:\/\/jobandsense.be\/boite-a-outils\/decouvrir-de-nouveaux-metiers\/index-des-metiers\/#primaryimage"},"thumbnailUrl":"https:\/\/jobandsense.be\/wp-content\/uploads\/2021\/01\/diffe\u0301rents-me\u0301tiers.jpg","datePublished":"2021-01-19T19:46:05+00:00","dateModified":"2025-12-12T12:20:37+00:00","description":"Organismes qui expliquent chaque m\u00e9tier un \u00e0 un. Ils expliquent les comp\u00e9tences n\u00e9cessaires pour exercer le m\u00e9tier et les principales qualit\u00e9s.","breadcrumb":{"@id":"https:\/\/jobandsense.be\/boite-a-outils\/decouvrir-de-nouveaux-metiers\/index-des-metiers\/#breadcrumb"},"inLanguage":"en-GB","potentialAction":[{"@type":"ReadAction","target":["https:\/\/jobandsense.be\/boite-a-outils\/decouvrir-de-nouveaux-metiers\/index-des-metiers\/"]}]},{"@type":"ImageObject","inLanguage":"en-GB","@id":"https:\/\/jobandsense.be\/boite-a-outils\/decouvrir-de-nouveaux-metiers\/index-des-metiers\/#primaryimage","url":"https:\/\/jobandsense.be\/wp-content\/uploads\/2021\/01\/diffe\u0301rents-me\u0301tiers.jpg","contentUrl":"https:\/\/jobandsense.be\/wp-content\/uploads\/2021\/01\/diffe\u0301rents-me\u0301tiers.jpg","width":1280,"height":322,"caption":"Image par bernswaelz de Pixabay"},{"@type":"BreadcrumbList","@id":"https:\/\/jobandsense.be\/boite-a-outils\/decouvrir-de-nouveaux-metiers\/index-des-metiers\/#breadcrumb","itemListElement":[{"@type":"ListItem","position":1,"name":"Accueil","item":"https:\/\/jobandsense.be\/"},{"@type":"ListItem","position":2,"name":"Bo\u00eete \u00e0 outils","item":"https:\/\/jobandsense.be\/boite-a-outils\/"},{"@type":"ListItem","position":3,"name":"D\u00e9couvrir de nouveaux m\u00e9tiers","item":"https:\/\/jobandsense.be\/boite-a-outils\/decouvrir-de-nouveaux-metiers\/"},{"@type":"ListItem","position":4,"name":"Index des m\u00e9tiers"}]},{"@type":"WebSite","@id":"https:\/\/jobandsense.be\/#website","url":"https:\/\/jobandsense.be\/","name":"Job&amp;Sense","description":"La plateforme qui vous donne toutes les informations pour trouver un job qui a du sens","publisher":{"@id":"https:\/\/jobandsense.be\/#organization"},"potentialAction":[{"@type":"SearchAction","target":{"@type":"EntryPoint","urlTemplate":"https:\/\/jobandsense.be\/?s={search_term_string}"},"query-input":{"@type":"PropertyValueSpecification","valueRequired":true,"valueName":"search_term_string"}}],"inLanguage":"en-GB"},{"@type":"Organization","@id":"https:\/\/jobandsense.be\/#organization","name":"Job&Sense","url":"https:\/\/jobandsense.be\/","logo":{"@type":"ImageObject","inLanguage":"en-GB","@id":"https:\/\/jobandsense.be\/#\/schema\/logo\/image\/","url":"","contentUrl":"","caption":"Job&Sense"},"image":{"@id":"https:\/\/jobandsense.be\/#\/schema\/logo\/image\/"},"sameAs":["https:\/\/www.facebook.com\/JobandSense","https:\/\/www.instagram.com\/jobandsense\/","https:\/\/www.linkedin.com\/company\/52173671\/admin\/"]}]}},"jetpack_sharing_enabled":true,"_links":{"self":[{"href":"https:\/\/jobandsense.be\/en\/wp-json\/wp\/v2\/pages\/3813","targetHints":{"allow":["GET"]}}],"collection":[{"href":"https:\/\/jobandsense.be\/en\/wp-json\/wp\/v2\/pages"}],"about":[{"href":"https:\/\/jobandsense.be\/en\/wp-json\/wp\/v2\/types\/page"}],"author":[{"embeddable":true,"href":"https:\/\/jobandsense.be\/en\/wp-json\/wp\/v2\/users\/1"}],"replies":[{"embeddable":true,"href":"https:\/\/jobandsense.be\/en\/wp-json\/wp\/v2\/comments?post=3813"}],"version-history":[{"count":29,"href":"https:\/\/jobandsense.be\/en\/wp-json\/wp\/v2\/pages\/3813\/revisions"}],"predecessor-version":[{"id":14048,"href":"https:\/\/jobandsense.be\/en\/wp-json\/wp\/v2\/pages\/3813\/revisions\/14048"}],"up":[{"embeddable":true,"href":"https:\/\/jobandsense.be\/en\/wp-json\/wp\/v2\/pages\/2710"}],"wp:featuredmedia":[{"embeddable":true,"href":"https:\/\/jobandsense.be\/en\/wp-json\/wp\/v2\/media\/3816"}],"wp:attachment":[{"href":"https:\/\/jobandsense.be\/en\/wp-json\/wp\/v2\/media?parent=3813"}],"curies":[{"name":"wp","href":"https:\/\/api.w.org\/{rel}","templated":true}]}}