{"id":3672,"date":"2021-01-19T12:38:50","date_gmt":"2021-01-19T12:38:50","guid":{"rendered":"https:\/\/jobandsense.be\/?page_id=3672"},"modified":"2025-07-23T11:14:20","modified_gmt":"2025-07-23T09:14:20","slug":"temporary-work-as-a-solution-for-testing-a-profession","status":"publish","type":"page","link":"https:\/\/jobandsense.be\/en\/toolbox\/search-for-a-new-job\/temporary-work-as-a-solution-for-testing-a-profession\/","title":{"rendered":"Temporary work as a solution to test a profession"},"content":{"rendered":"<div data-elementor-type=\"wp-page\" data-elementor-id=\"3672\" class=\"elementor elementor-3672\" data-elementor-post-type=\"page\">\n\t\t\t\t\t\t<section class=\"elementor-section elementor-top-section elementor-element elementor-element-2f3d0e58 elementor-section-boxed elementor-section-height-default elementor-section-height-default\" data-id=\"2f3d0e58\" data-element_type=\"section\" data-e-type=\"section\">\n\t\t\t\t\t\t<div class=\"elementor-container elementor-column-gap-default\">\n\t\t\t\t\t<div class=\"elementor-column elementor-col-100 elementor-top-column elementor-element elementor-element-1a553e7d\" data-id=\"1a553e7d\" data-element_type=\"column\" data-e-type=\"column\">\n\t\t\t<div class=\"elementor-widget-wrap elementor-element-populated\">\n\t\t\t\t\t\t<div class=\"elementor-element elementor-element-6ae50970 elementor-widget elementor-widget-text-editor\" data-id=\"6ae50970\" data-element_type=\"widget\" data-e-type=\"widget\" data-widget_type=\"text-editor.default\">\n\t\t\t\t<div class=\"elementor-widget-container\">\n\t\t\t\t\t\t\t\t\t<p>Temporary work can be an interesting solution during a career change or when you have been out of the job market for some time.<\/p>\n<p><!-- \/wp:paragraph --><!-- wp:paragraph --><\/p>\n<p>Temporary work offers the following advantages:<\/p>\n<p><!-- \/wp:paragraph --><!-- wp:list --><\/p>\n<ul>\n<li>Gaining experience in a new sector or role.<\/li>\n<li>Developing new skills in real situations that can be valued when searching for permanent employment.<\/li>\n<li>Demonstrating your curiosity and adaptability.<\/li>\n<li>Working in diverse companies and environments.<\/li>\n<\/ul>\n<p><!-- \/wp:list --><!-- wp:paragraph --><\/p>\n<p>Temporary work has some disadvantages as it remains precarious, unstable and short-term employment. However, it may be an option, for example, to gain initial work experience during a career change. It can also help you get back to work after a long period of inactivity.<\/p>\n<p><!-- \/wp:paragraph --><!-- wp:paragraph --><\/p>\n<p><b>Brussels<\/b><\/p>\n<p><!-- \/wp:paragraph --><!-- wp:paragraph --><\/p>\n<p>The website below brings together a <span style=\"text-decoration: underline;\"><a href=\"http:\/\/www.agence-interim-bruxelles.be\/\" target=\"_blank\" rel=\"noopener\">list of temporary employment agencies<\/a><\/span> by district in Brussels.\u00a0<\/p>\n<p><!-- \/wp:paragraph --><!-- wp:paragraph --><\/p>\n<p><b>Wallonia<\/b><\/p>\n<p><!-- \/wp:paragraph --><!-- wp:paragraph --><\/p>\n<p>You will find on this site <span style=\"text-decoration: underline;\"><a href=\"https:\/\/www.leforem.be\/citoyens\/consulter-sites-agences-interim.html\" target=\"_blank\" rel=\"noopener\">list of temporary employment agencies<\/a><\/span> approved by Wallonia.\u00a0<\/p>\n<p><strong>Flanders<\/strong><\/p>\n<p>You will find on this site <span style=\"text-decoration: underline;\"><a href=\"https:\/\/www.vlaanderen.be\/fr\/travailler\/agrement-des-agences-de-travail-interimaire\/agences-de-travail-interimaire-agreees\" target=\"_blank\" rel=\"noopener\">the list of temporary work agencies<\/a><\/span> for Flanders\u00a0<\/p>\n<p><!-- \/wp:paragraph --><\/p>\t\t\t\t\t\t\t\t<\/div>\n\t\t\t\t<\/div>\n\t\t\t\t\t<\/div>\n\t\t<\/div>\n\t\t\t\t\t<\/div>\n\t\t<\/section>\n\t\t\t\t<\/div>","protected":false},"excerpt":{"rendered":"<p>L\u2019int\u00e9rim peut \u00eatre une solution int\u00e9ressante lors d\u2019une reconversion professionnelle ou lorsque vous avez \u00e9t\u00e9 hors du march\u00e9 de l\u2019emploi pendant quelques temps. L\u2019int\u00e9rim permet les avantages suivants\u00a0: Engranger des exp\u00e9riences dans un nouveau secteur ou une nouvelle fonction. D\u00e9velopper de nouvelles comp\u00e9tences en situation r\u00e9elle qui pourront \u00eatre valoris\u00e9es dans la recherche d\u2019un emploi&#8230;<\/p>","protected":false},"author":1,"featured_media":4565,"parent":2768,"menu_order":6,"comment_status":"closed","ping_status":"closed","template":"","meta":{"_acf_changed":false,"episode_type":"","audio_file":"","cover_image":"","cover_image_id":"","duration":"","filesize":"","filesize_raw":"","date_recorded":"","explicit":"","block":"","footnotes":""},"class_list":["post-3672","page","type-page","status-publish","has-post-thumbnail","hentry","wpbf-post"],"acf":[],"yoast_head":"<!-- This site is optimized with the Yoast SEO plugin v26.8 - https:\/\/yoast.com\/product\/yoast-seo-wordpress\/ -->\n<title>L&#039;int\u00e9rim comme solution pour tester un m\u00e9tier &#8226; Job&amp;Sense<\/title>\n<meta name=\"description\" content=\"L\u2019int\u00e9rim peut \u00eatre une solution int\u00e9ressante lors d\u2019une reconversion professionnelle ou apr\u00e8s quelques ann\u00e9es en dehors du march\u00e9 du travail.\" \/>\n<meta name=\"robots\" content=\"index, follow, max-snippet:-1, max-image-preview:large, max-video-preview:-1\" \/>\n<link rel=\"canonical\" href=\"https:\/\/jobandsense.be\/en\/toolbox\/search-for-a-new-job\/temporary-work-as-a-solution-for-testing-a-profession\/\" \/>\n<meta property=\"og:locale\" content=\"en_GB\" \/>\n<meta property=\"og:type\" content=\"article\" \/>\n<meta property=\"og:title\" content=\"L&#039;int\u00e9rim comme solution pour tester un nouveau m\u00e9tier\" \/>\n<meta property=\"og:description\" content=\"L\u2019int\u00e9rim peut \u00eatre une solution int\u00e9ressante lors d\u2019une reconversion professionnelle ou apr\u00e8s quelques ann\u00e9es en dehors du march\u00e9 du travail.\" \/>\n<meta property=\"og:url\" content=\"https:\/\/jobandsense.be\/en\/toolbox\/search-for-a-new-job\/temporary-work-as-a-solution-for-testing-a-profession\/\" \/>\n<meta property=\"og:site_name\" content=\"Job&amp;Sense\" \/>\n<meta property=\"article:publisher\" content=\"https:\/\/www.facebook.com\/JobandSense\" \/>\n<meta property=\"article:modified_time\" content=\"2025-07-23T09:14:20+00:00\" \/>\n<meta property=\"og:image\" content=\"https:\/\/jobandsense.be\/wp-content\/uploads\/2021\/01\/travail-inte\u0301rim.jpg\" \/>\n\t<meta property=\"og:image:width\" content=\"1280\" \/>\n\t<meta property=\"og:image:height\" content=\"853\" \/>\n\t<meta property=\"og:image:type\" content=\"image\/jpeg\" \/>\n<meta name=\"twitter:card\" content=\"summary_large_image\" \/>\n<meta name=\"twitter:label1\" content=\"Estimated reading time\" \/>\n\t<meta name=\"twitter:data1\" content=\"1 minute\" \/>\n<script type=\"application\/ld+json\" class=\"yoast-schema-graph\">{\"@context\":\"https:\/\/schema.org\",\"@graph\":[{\"@type\":\"WebPage\",\"@id\":\"https:\/\/jobandsense.be\/boite-a-outils\/rechercher-un-nouvel-emploi\/linterim-comme-solution-pour-tester-un-metier\/\",\"url\":\"https:\/\/jobandsense.be\/boite-a-outils\/rechercher-un-nouvel-emploi\/linterim-comme-solution-pour-tester-un-metier\/\",\"name\":\"L'int\u00e9rim comme solution pour tester un m\u00e9tier &#8226; Job&Sense\",\"isPartOf\":{\"@id\":\"https:\/\/jobandsense.be\/#website\"},\"primaryImageOfPage\":{\"@id\":\"https:\/\/jobandsense.be\/boite-a-outils\/rechercher-un-nouvel-emploi\/linterim-comme-solution-pour-tester-un-metier\/#primaryimage\"},\"image\":{\"@id\":\"https:\/\/jobandsense.be\/boite-a-outils\/rechercher-un-nouvel-emploi\/linterim-comme-solution-pour-tester-un-metier\/#primaryimage\"},\"thumbnailUrl\":\"https:\/\/jobandsense.be\/wp-content\/uploads\/2021\/01\/travail-inte\u0301rim.jpg\",\"datePublished\":\"2021-01-19T12:38:50+00:00\",\"dateModified\":\"2025-07-23T09:14:20+00:00\",\"description\":\"L\u2019int\u00e9rim peut \u00eatre une solution int\u00e9ressante lors d\u2019une reconversion professionnelle ou apr\u00e8s quelques ann\u00e9es en dehors du march\u00e9 du travail.\",\"breadcrumb\":{\"@id\":\"https:\/\/jobandsense.be\/boite-a-outils\/rechercher-un-nouvel-emploi\/linterim-comme-solution-pour-tester-un-metier\/#breadcrumb\"},\"inLanguage\":\"en-GB\",\"potentialAction\":[{\"@type\":\"ReadAction\",\"target\":[\"https:\/\/jobandsense.be\/boite-a-outils\/rechercher-un-nouvel-emploi\/linterim-comme-solution-pour-tester-un-metier\/\"]}]},{\"@type\":\"ImageObject\",\"inLanguage\":\"en-GB\",\"@id\":\"https:\/\/jobandsense.be\/boite-a-outils\/rechercher-un-nouvel-emploi\/linterim-comme-solution-pour-tester-un-metier\/#primaryimage\",\"url\":\"https:\/\/jobandsense.be\/wp-content\/uploads\/2021\/01\/travail-inte\u0301rim.jpg\",\"contentUrl\":\"https:\/\/jobandsense.be\/wp-content\/uploads\/2021\/01\/travail-inte\u0301rim.jpg\",\"width\":1280,\"height\":853,\"caption\":\"Image par Jan Va\u0161ek de Pixabay\"},{\"@type\":\"BreadcrumbList\",\"@id\":\"https:\/\/jobandsense.be\/boite-a-outils\/rechercher-un-nouvel-emploi\/linterim-comme-solution-pour-tester-un-metier\/#breadcrumb\",\"itemListElement\":[{\"@type\":\"ListItem\",\"position\":1,\"name\":\"Accueil\",\"item\":\"https:\/\/jobandsense.be\/\"},{\"@type\":\"ListItem\",\"position\":2,\"name\":\"Bo\u00eete \u00e0 outils\",\"item\":\"https:\/\/jobandsense.be\/boite-a-outils\/\"},{\"@type\":\"ListItem\",\"position\":3,\"name\":\"Rechercher un nouvel emploi\",\"item\":\"https:\/\/jobandsense.be\/boite-a-outils\/rechercher-un-nouvel-emploi\/\"},{\"@type\":\"ListItem\",\"position\":4,\"name\":\"L&#8217;int\u00e9rim comme solution pour tester un m\u00e9tier\"}]},{\"@type\":\"WebSite\",\"@id\":\"https:\/\/jobandsense.be\/#website\",\"url\":\"https:\/\/jobandsense.be\/\",\"name\":\"Job&amp;Sense\",\"description\":\"La plateforme qui vous donne toutes les informations pour trouver un job qui a du sens\",\"publisher\":{\"@id\":\"https:\/\/jobandsense.be\/#organization\"},\"potentialAction\":[{\"@type\":\"SearchAction\",\"target\":{\"@type\":\"EntryPoint\",\"urlTemplate\":\"https:\/\/jobandsense.be\/?s={search_term_string}\"},\"query-input\":{\"@type\":\"PropertyValueSpecification\",\"valueRequired\":true,\"valueName\":\"search_term_string\"}}],\"inLanguage\":\"en-GB\"},{\"@type\":\"Organization\",\"@id\":\"https:\/\/jobandsense.be\/#organization\",\"name\":\"Job&Sense\",\"url\":\"https:\/\/jobandsense.be\/\",\"logo\":{\"@type\":\"ImageObject\",\"inLanguage\":\"en-GB\",\"@id\":\"https:\/\/jobandsense.be\/#\/schema\/logo\/image\/\",\"url\":\"\",\"contentUrl\":\"\",\"caption\":\"Job&Sense\"},\"image\":{\"@id\":\"https:\/\/jobandsense.be\/#\/schema\/logo\/image\/\"},\"sameAs\":[\"https:\/\/www.facebook.com\/JobandSense\",\"https:\/\/www.instagram.com\/jobandsense\/\",\"https:\/\/www.linkedin.com\/company\/52173671\/admin\/\"]}]}<\/script>\n<!-- \/ Yoast SEO plugin. -->","yoast_head_json":{"title":"L'int\u00e9rim comme solution pour tester un m\u00e9tier &#8226; Job&Sense","description":"L\u2019int\u00e9rim peut \u00eatre une solution int\u00e9ressante lors d\u2019une reconversion professionnelle ou apr\u00e8s quelques ann\u00e9es en dehors du march\u00e9 du travail.","robots":{"index":"index","follow":"follow","max-snippet":"max-snippet:-1","max-image-preview":"max-image-preview:large","max-video-preview":"max-video-preview:-1"},"canonical":"https:\/\/jobandsense.be\/en\/toolbox\/search-for-a-new-job\/temporary-work-as-a-solution-for-testing-a-profession\/","og_locale":"en_GB","og_type":"article","og_title":"L'int\u00e9rim comme solution pour tester un nouveau m\u00e9tier","og_description":"L\u2019int\u00e9rim peut \u00eatre une solution int\u00e9ressante lors d\u2019une reconversion professionnelle ou apr\u00e8s quelques ann\u00e9es en dehors du march\u00e9 du travail.","og_url":"https:\/\/jobandsense.be\/en\/toolbox\/search-for-a-new-job\/temporary-work-as-a-solution-for-testing-a-profession\/","og_site_name":"Job&amp;Sense","article_publisher":"https:\/\/www.facebook.com\/JobandSense","article_modified_time":"2025-07-23T09:14:20+00:00","og_image":[{"width":1280,"height":853,"url":"https:\/\/jobandsense.be\/wp-content\/uploads\/2021\/01\/travail-inte\u0301rim.jpg","type":"image\/jpeg"}],"twitter_card":"summary_large_image","twitter_misc":{"Estimated reading time":"1 minute"},"schema":{"@context":"https:\/\/schema.org","@graph":[{"@type":"WebPage","@id":"https:\/\/jobandsense.be\/boite-a-outils\/rechercher-un-nouvel-emploi\/linterim-comme-solution-pour-tester-un-metier\/","url":"https:\/\/jobandsense.be\/boite-a-outils\/rechercher-un-nouvel-emploi\/linterim-comme-solution-pour-tester-un-metier\/","name":"L'int\u00e9rim comme solution pour tester un m\u00e9tier &#8226; Job&Sense","isPartOf":{"@id":"https:\/\/jobandsense.be\/#website"},"primaryImageOfPage":{"@id":"https:\/\/jobandsense.be\/boite-a-outils\/rechercher-un-nouvel-emploi\/linterim-comme-solution-pour-tester-un-metier\/#primaryimage"},"image":{"@id":"https:\/\/jobandsense.be\/boite-a-outils\/rechercher-un-nouvel-emploi\/linterim-comme-solution-pour-tester-un-metier\/#primaryimage"},"thumbnailUrl":"https:\/\/jobandsense.be\/wp-content\/uploads\/2021\/01\/travail-inte\u0301rim.jpg","datePublished":"2021-01-19T12:38:50+00:00","dateModified":"2025-07-23T09:14:20+00:00","description":"L\u2019int\u00e9rim peut \u00eatre une solution int\u00e9ressante lors d\u2019une reconversion professionnelle ou apr\u00e8s quelques ann\u00e9es en dehors du march\u00e9 du travail.","breadcrumb":{"@id":"https:\/\/jobandsense.be\/boite-a-outils\/rechercher-un-nouvel-emploi\/linterim-comme-solution-pour-tester-un-metier\/#breadcrumb"},"inLanguage":"en-GB","potentialAction":[{"@type":"ReadAction","target":["https:\/\/jobandsense.be\/boite-a-outils\/rechercher-un-nouvel-emploi\/linterim-comme-solution-pour-tester-un-metier\/"]}]},{"@type":"ImageObject","inLanguage":"en-GB","@id":"https:\/\/jobandsense.be\/boite-a-outils\/rechercher-un-nouvel-emploi\/linterim-comme-solution-pour-tester-un-metier\/#primaryimage","url":"https:\/\/jobandsense.be\/wp-content\/uploads\/2021\/01\/travail-inte\u0301rim.jpg","contentUrl":"https:\/\/jobandsense.be\/wp-content\/uploads\/2021\/01\/travail-inte\u0301rim.jpg","width":1280,"height":853,"caption":"Image par Jan Va\u0161ek de Pixabay"},{"@type":"BreadcrumbList","@id":"https:\/\/jobandsense.be\/boite-a-outils\/rechercher-un-nouvel-emploi\/linterim-comme-solution-pour-tester-un-metier\/#breadcrumb","itemListElement":[{"@type":"ListItem","position":1,"name":"Accueil","item":"https:\/\/jobandsense.be\/"},{"@type":"ListItem","position":2,"name":"Bo\u00eete \u00e0 outils","item":"https:\/\/jobandsense.be\/boite-a-outils\/"},{"@type":"ListItem","position":3,"name":"Rechercher un nouvel emploi","item":"https:\/\/jobandsense.be\/boite-a-outils\/rechercher-un-nouvel-emploi\/"},{"@type":"ListItem","position":4,"name":"L&#8217;int\u00e9rim comme solution pour tester un m\u00e9tier"}]},{"@type":"WebSite","@id":"https:\/\/jobandsense.be\/#website","url":"https:\/\/jobandsense.be\/","name":"Job&amp;Sense","description":"La plateforme qui vous donne toutes les informations pour trouver un job qui a du sens","publisher":{"@id":"https:\/\/jobandsense.be\/#organization"},"potentialAction":[{"@type":"SearchAction","target":{"@type":"EntryPoint","urlTemplate":"https:\/\/jobandsense.be\/?s={search_term_string}"},"query-input":{"@type":"PropertyValueSpecification","valueRequired":true,"valueName":"search_term_string"}}],"inLanguage":"en-GB"},{"@type":"Organization","@id":"https:\/\/jobandsense.be\/#organization","name":"Job&Sense","url":"https:\/\/jobandsense.be\/","logo":{"@type":"ImageObject","inLanguage":"en-GB","@id":"https:\/\/jobandsense.be\/#\/schema\/logo\/image\/","url":"","contentUrl":"","caption":"Job&Sense"},"image":{"@id":"https:\/\/jobandsense.be\/#\/schema\/logo\/image\/"},"sameAs":["https:\/\/www.facebook.com\/JobandSense","https:\/\/www.instagram.com\/jobandsense\/","https:\/\/www.linkedin.com\/company\/52173671\/admin\/"]}]}},"jetpack_sharing_enabled":true,"_links":{"self":[{"href":"https:\/\/jobandsense.be\/en\/wp-json\/wp\/v2\/pages\/3672","targetHints":{"allow":["GET"]}}],"collection":[{"href":"https:\/\/jobandsense.be\/en\/wp-json\/wp\/v2\/pages"}],"about":[{"href":"https:\/\/jobandsense.be\/en\/wp-json\/wp\/v2\/types\/page"}],"author":[{"embeddable":true,"href":"https:\/\/jobandsense.be\/en\/wp-json\/wp\/v2\/users\/1"}],"replies":[{"embeddable":true,"href":"https:\/\/jobandsense.be\/en\/wp-json\/wp\/v2\/comments?post=3672"}],"version-history":[{"count":24,"href":"https:\/\/jobandsense.be\/en\/wp-json\/wp\/v2\/pages\/3672\/revisions"}],"predecessor-version":[{"id":13687,"href":"https:\/\/jobandsense.be\/en\/wp-json\/wp\/v2\/pages\/3672\/revisions\/13687"}],"up":[{"embeddable":true,"href":"https:\/\/jobandsense.be\/en\/wp-json\/wp\/v2\/pages\/2768"}],"wp:featuredmedia":[{"embeddable":true,"href":"https:\/\/jobandsense.be\/en\/wp-json\/wp\/v2\/media\/4565"}],"wp:attachment":[{"href":"https:\/\/jobandsense.be\/en\/wp-json\/wp\/v2\/media?parent=3672"}],"curies":[{"name":"wp","href":"https:\/\/api.w.org\/{rel}","templated":true}]}}