{"id":3595,"date":"2021-01-19T11:04:35","date_gmt":"2021-01-19T11:04:35","guid":{"rendered":"https:\/\/jobandsense.be\/?page_id=3595"},"modified":"2025-07-25T10:49:37","modified_gmt":"2025-07-25T08:49:37","slug":"searching-for-a-new-job-through-social-networks-linkedin-facebook","status":"publish","type":"page","link":"https:\/\/jobandsense.be\/en\/toolbox\/search-for-a-new-job\/searching-for-a-new-job-through-social-networks-linkedin-facebook\/","title":{"rendered":"Finding a new job through social networks (LinkedIn, Facebook)"},"content":{"rendered":"<div data-elementor-type=\"wp-page\" data-elementor-id=\"3595\" class=\"elementor elementor-3595\" data-elementor-post-type=\"page\">\n\t\t\t\t\t\t<section class=\"elementor-section elementor-top-section elementor-element elementor-element-72fa3e1f elementor-section-boxed elementor-section-height-default elementor-section-height-default\" data-id=\"72fa3e1f\" data-element_type=\"section\" data-e-type=\"section\">\n\t\t\t\t\t\t<div class=\"elementor-container elementor-column-gap-default\">\n\t\t\t\t\t<div class=\"elementor-column elementor-col-100 elementor-top-column elementor-element elementor-element-5c27d0ea\" data-id=\"5c27d0ea\" data-element_type=\"column\" data-e-type=\"column\">\n\t\t\t<div class=\"elementor-widget-wrap elementor-element-populated\">\n\t\t\t\t\t\t<div class=\"elementor-element elementor-element-5404ee5b elementor-widget elementor-widget-text-editor\" data-id=\"5404ee5b\" data-element_type=\"widget\" data-e-type=\"widget\" data-widget_type=\"text-editor.default\">\n\t\t\t\t<div class=\"elementor-widget-container\">\n\t\t\t\t\t\t\t\t\t\n<p data-start=\"315\" data-end=\"454\">Social networks are part of our daily lives, but they can also be very useful for looking for a new job.<\/p>\n\t\t\t\t\t\t\t\t<\/div>\n\t\t\t\t<\/div>\n\t\t\t\t<div class=\"elementor-element elementor-element-fba644c elementor-widget elementor-widget-heading\" data-id=\"fba644c\" data-element_type=\"widget\" data-e-type=\"widget\" data-widget_type=\"heading.default\">\n\t\t\t\t<div class=\"elementor-widget-container\">\n\t\t\t\t\t<h2 class=\"elementor-heading-title elementor-size-default\">LinkedIn<\/h2>\t\t\t\t<\/div>\n\t\t\t\t<\/div>\n\t\t\t\t<div class=\"elementor-element elementor-element-d86a212 elementor-widget elementor-widget-text-editor\" data-id=\"d86a212\" data-element_type=\"widget\" data-e-type=\"widget\" data-widget_type=\"text-editor.default\">\n\t\t\t\t<div class=\"elementor-widget-container\">\n\t\t\t\t\t\t\t\t\t<p data-start=\"470\" data-end=\"595\" class=\"translation-block\">The most important professional social network in the world, with more than one billion users, is LinkedIn.<\/p>\n<p data-start=\"597\" data-end=\"712\">When you are looking for a job, Job&amp;Sense advises you to create or \"update\" your LinkedIn profile.<\/p>\n<p data-start=\"714\" data-end=\"757\">LinkedIn is useful for several reasons:<\/p>\n<ul data-start=\"759\" data-end=\"1241\">\n<li data-start=\"759\" data-end=\"803\">\n<p data-start=\"761\" data-end=\"803\">Finding interesting job offers.<\/p>\n<\/li>\n<li data-start=\"804\" data-end=\"919\">\n<p data-start=\"806\" data-end=\"919\">Letting recruiters know that you are available on the market and being contacted directly for job offers.<\/p>\n<\/li>\n<li data-start=\"920\" data-end=\"1241\">\n<p data-start=\"922\" data-end=\"957\">Making your network work to:<\/p>\n<ul data-start=\"960\" data-end=\"1241\">\n<li data-start=\"960\" data-end=\"1079\">\n<p data-start=\"962\" data-end=\"1079\">Talk with employees of the company you are applying to in order to know what the work atmosphere is like.<\/p>\n<\/li>\n<li data-start=\"1082\" data-end=\"1174\">\n<p data-start=\"1084\" data-end=\"1174\">Send your application to a friend of a friend who works at the company that interests you.<\/p>\n<\/li>\n<li data-start=\"1177\" data-end=\"1241\">\n<p data-start=\"1179\" data-end=\"1241\">Meet people who will broaden your horizons.<\/p>\n<\/li>\n<\/ul>\n<\/li>\n<\/ul>\n<p><!-- \/wp:list --><!-- wp:paragraph --><\/p>\n<p><!-- \/wp:paragraph --><!-- wp:paragraph --><!-- \/wp:paragraph --><\/p>\t\t\t\t\t\t\t\t<\/div>\n\t\t\t\t<\/div>\n\t\t\t\t<div class=\"elementor-element elementor-element-958404f elementor-widget elementor-widget-heading\" data-id=\"958404f\" data-element_type=\"widget\" data-e-type=\"widget\" data-widget_type=\"heading.default\">\n\t\t\t\t<div class=\"elementor-widget-container\">\n\t\t\t\t\t<h2 class=\"elementor-heading-title elementor-size-default\">Some tips for job searching via LinkedIn<\/h2>\t\t\t\t<\/div>\n\t\t\t\t<\/div>\n\t\t\t\t<div class=\"elementor-element elementor-element-84900de elementor-widget elementor-widget-text-editor\" data-id=\"84900de\" data-element_type=\"widget\" data-e-type=\"widget\" data-widget_type=\"text-editor.default\">\n\t\t\t\t<div class=\"elementor-widget-container\">\n\t\t\t\t\t\t\t\t\t<ul>\n<li><b>Let recruiters know you are available<\/b><\/li>\n<\/ul>\n<p><!-- \/wp:list --><!-- wp:paragraph --><\/p>\n<p data-start=\"1303\" data-end=\"1716\">To let recruiters know you are available, go to your profile and activate the option \"show recruiters you're open to opportunities\". You can fill in some criteria (type of position, location, etc.). You can also choose to make it visible only to recruiters, without it being displayed on your profile picture (to be adjusted in settings).<\/p>\n<ul>\n<li><strong data-start=\"1718\" data-end=\"1770\">Take care of your title, your summary and your photo<\/strong><\/li>\n<\/ul>\n<p data-start=\"1718\" data-end=\"2025\">The title under your name is very important: it must contain the keywords that define you and clearly reflect what you do or are looking for. A professional, smiling and recent profile photo reinforces the credibility of your profile.<\/p>\n<ul>\n<li data-start=\"2027\" data-end=\"2312\"><strong data-start=\"2027\" data-end=\"2069\">Put keywords in your profile<\/strong><\/li>\n<\/ul>\n<p>Recruiters often search based on keywords. It is therefore important to include them in your title, in the summary and in the descriptions of your experiences. Think about the skills you want to highlight.<\/p>\n<p><!-- \/wp:paragraph --><!-- wp:list --><\/p>\n<ul>\n<li><b>Follow the pages of companies that interest you<\/b><\/li>\n<\/ul>\n<p><!-- \/wp:list --><!-- wp:paragraph --><\/p>\n<p data-start=\"2314\" data-end=\"2565\">This shows your interest in these companies. In addition, this allows you to stay informed about their news and their possible job offers \u2014 useful information in interviews.<\/p>\n<p><!-- \/wp:paragraph --><!-- wp:list --><\/p>\n<ul>\n<li><b>Always respond to recruiters who contact you<\/b><\/li>\n<\/ul>\n<p><!-- \/wp:list --><!-- wp:paragraph --><\/p>\n<p>It is important to always respond to recruiters who contact you even if what they offer does not interest you. Indeed, if recruiters know what you are looking for, they could come back to you later with an offer that could perfectly suit you.<\/p>\n<p><!-- \/wp:paragraph --><!-- wp:list --><\/p>\n<ul>\n<li><b>Don't only send your LinkedIn profile when applying<\/b><\/li>\n<\/ul>\n<p><!-- \/wp:list --><!-- wp:paragraph --><\/p>\n<p>When you apply for a job offer on LinkedIn, it is important not to only send your LinkedIn profile but also to send a cover letter.<\/p>\n<p><!-- \/wp:paragraph --><!-- wp:paragraph --><\/p>\n<p>Your LinkedIn profile is not as complete as your CV, so it is also important to send it.<\/p>\n<p><!-- \/wp:paragraph --><!-- wp:paragraph --><\/p>\n<p>Recruiters need to feel that you really want to work for them and that you have taken the time to customize your cover letter and CV according to the job offer proposed.<\/p>\n<p><!-- \/wp:paragraph --><!-- wp:list --><\/p>\n<ul>\n<li><b>Be active<\/b><\/li>\n<\/ul>\n<p><!-- \/wp:list --><!-- wp:paragraph --><\/p>\n<p>To be visible on LinkedIn, don't hesitate to be active by:<\/p>\n<p><!-- \/wp:paragraph --><!-- wp:list --><\/p>\n<ul>\n<li style=\"list-style-type: none;\">\n<ul>\n<li data-start=\"3371\" data-end=\"3472\">\n<p data-start=\"3373\" data-end=\"3472\">Congratulating your network for their promotions, job changes or professional anniversaries.<\/p>\n<\/li>\n<li data-start=\"3473\" data-end=\"3533\">\n<p data-start=\"3475\" data-end=\"3533\">Participating in discussion groups in your field.<\/p>\n<\/li>\n<li data-start=\"3534\" data-end=\"3626\">\n<p data-start=\"3536\" data-end=\"3626\">Sharing relevant content related to your sector or your professional interests.<\/p>\n<\/li>\n<li data-start=\"3627\" data-end=\"3687\">\n<p data-start=\"3629\" data-end=\"3687\">Searching for and saving interesting job offers.<\/p>\n<\/li>\n<li data-start=\"3688\" data-end=\"3971\">\n<p data-start=\"3690\" data-end=\"3971\">Asking for recommendations on your past experiences. Even if this may seem intimidating, it's a real plus when you are job searching. Don't hesitate to ask former colleagues or supervisors \u2014 you can also write one for them in return if necessary.<\/p>\n<\/li>\n<\/ul>\n<\/li>\n<\/ul>\n<p><!-- \/wp:paragraph --><!-- wp:paragraph --><!-- \/wp:paragraph --><\/p>\t\t\t\t\t\t\t\t<\/div>\n\t\t\t\t<\/div>\n\t\t\t\t<div class=\"elementor-element elementor-element-c087a1f elementor-widget elementor-widget-heading\" data-id=\"c087a1f\" data-element_type=\"widget\" data-e-type=\"widget\" data-widget_type=\"heading.default\">\n\t\t\t\t<div class=\"elementor-widget-container\">\n\t\t\t\t\t<h2 class=\"elementor-heading-title elementor-size-default\">Facebook<\/h2>\t\t\t\t<\/div>\n\t\t\t\t<\/div>\n\t\t\t\t<div class=\"elementor-element elementor-element-d456cc8 elementor-widget elementor-widget-text-editor\" data-id=\"d456cc8\" data-element_type=\"widget\" data-e-type=\"widget\" data-widget_type=\"text-editor.default\">\n\t\t\t\t<div class=\"elementor-widget-container\">\n\t\t\t\t\t\t\t\t\t<p><!-- wp:paragraph --><!-- \/wp:paragraph --><!-- wp:paragraph --><\/p>\n<p>Facebook has a job search functionality. You will see on the left a \"Job Offers\" button where you can indicate your criteria (distance, sector, working time...).<\/p>\n<p><!-- \/wp:paragraph --><!-- wp:paragraph --><\/p>\n<p>You can also join specific job offer groups on Facebook; there are many of them whether by region, for Belgium...<\/p>\n<p><!-- \/wp:paragraph --><!-- wp:paragraph --><\/p>\n<p>Don't hesitate either to make an announcement to your friends on Facebook to let them know that you are looking for a new job. This will allow them to think of you when they hear about available job positions.<\/p>\n<p><!-- \/wp:paragraph --><\/p>\t\t\t\t\t\t\t\t<\/div>\n\t\t\t\t<\/div>\n\t\t\t\t\t<\/div>\n\t\t<\/div>\n\t\t\t\t\t<\/div>\n\t\t<\/section>\n\t\t\t\t<\/div>","protected":false},"excerpt":{"rendered":"<p>Les r\u00e9seaux sociaux font partie de notre vie de tous les jours, mais ils peuvent \u00e9galement \u00eatre tr\u00e8s utiles pour chercher un nouvel emploi. LinkedIn Le r\u00e9seau social professionnel le plus important dans le monde, comptant plus d\u2019un milliard d\u2019utilisateurs, est LinkedIn. Lorsque vous recherchez un emploi, Job&amp;Sense vous conseille de cr\u00e9er ou de \u00ab&#8230;<\/p>","protected":false},"author":1,"featured_media":3596,"parent":2768,"menu_order":4,"comment_status":"closed","ping_status":"closed","template":"","meta":{"_acf_changed":false,"episode_type":"","audio_file":"","cover_image":"","cover_image_id":"","duration":"","filesize":"","filesize_raw":"","date_recorded":"","explicit":"","block":"","footnotes":""},"class_list":["post-3595","page","type-page","status-publish","has-post-thumbnail","hentry","wpbf-post"],"acf":[],"yoast_head":"<!-- This site is optimized with the Yoast SEO plugin v26.8 - https:\/\/yoast.com\/product\/yoast-seo-wordpress\/ -->\n<title>Chercher un nouvel emploi gr\u00e2ce aux r\u00e9seaux sociaux &#8226; Job&amp;Sense<\/title>\n<meta name=\"description\" content=\"Les r\u00e9seaux sociaux font partie de notre vie de tous les jours mais ils peuvent \u00e9galement \u00eatre tr\u00e8s utiles pour chercher un nouvel emploi.\" \/>\n<meta name=\"robots\" content=\"index, follow, max-snippet:-1, max-image-preview:large, max-video-preview:-1\" \/>\n<link rel=\"canonical\" href=\"https:\/\/jobandsense.be\/en\/toolbox\/search-for-a-new-job\/searching-for-a-new-job-through-social-networks-linkedin-facebook\/\" \/>\n<meta property=\"og:locale\" content=\"en_GB\" \/>\n<meta property=\"og:type\" content=\"article\" \/>\n<meta property=\"og:title\" content=\"Chercher un emploi gr\u00e2ce aux r\u00e9seaux sociaux\" \/>\n<meta property=\"og:description\" content=\"Les r\u00e9seaux sociaux font partie de notre vie de tous les jours mais ils peuvent \u00e9galement \u00eatre tr\u00e8s utiles pour chercher un nouvel emploi.\" \/>\n<meta property=\"og:url\" content=\"https:\/\/jobandsense.be\/en\/toolbox\/search-for-a-new-job\/searching-for-a-new-job-through-social-networks-linkedin-facebook\/\" \/>\n<meta property=\"og:site_name\" content=\"Job&amp;Sense\" \/>\n<meta property=\"article:publisher\" content=\"https:\/\/www.facebook.com\/JobandSense\" \/>\n<meta property=\"article:modified_time\" content=\"2025-07-25T08:49:37+00:00\" \/>\n<meta property=\"og:image\" content=\"https:\/\/jobandsense.be\/wp-content\/uploads\/2021\/01\/re\u0301seaux-sociaux.jpg\" \/>\n\t<meta property=\"og:image:width\" content=\"1280\" \/>\n\t<meta property=\"og:image:height\" content=\"853\" \/>\n\t<meta property=\"og:image:type\" content=\"image\/jpeg\" \/>\n<meta name=\"twitter:card\" content=\"summary_large_image\" \/>\n<meta name=\"twitter:label1\" content=\"Estimated reading time\" \/>\n\t<meta name=\"twitter:data1\" content=\"4 minutes\" \/>\n<script type=\"application\/ld+json\" class=\"yoast-schema-graph\">{\"@context\":\"https:\/\/schema.org\",\"@graph\":[{\"@type\":\"WebPage\",\"@id\":\"https:\/\/jobandsense.be\/boite-a-outils\/rechercher-un-nouvel-emploi\/chercher-un-nouvel-emploi-grace-aux-reseaux-sociaux-linkedin-facebook\/\",\"url\":\"https:\/\/jobandsense.be\/boite-a-outils\/rechercher-un-nouvel-emploi\/chercher-un-nouvel-emploi-grace-aux-reseaux-sociaux-linkedin-facebook\/\",\"name\":\"Chercher un nouvel emploi gr\u00e2ce aux r\u00e9seaux sociaux &#8226; Job&Sense\",\"isPartOf\":{\"@id\":\"https:\/\/jobandsense.be\/#website\"},\"primaryImageOfPage\":{\"@id\":\"https:\/\/jobandsense.be\/boite-a-outils\/rechercher-un-nouvel-emploi\/chercher-un-nouvel-emploi-grace-aux-reseaux-sociaux-linkedin-facebook\/#primaryimage\"},\"image\":{\"@id\":\"https:\/\/jobandsense.be\/boite-a-outils\/rechercher-un-nouvel-emploi\/chercher-un-nouvel-emploi-grace-aux-reseaux-sociaux-linkedin-facebook\/#primaryimage\"},\"thumbnailUrl\":\"https:\/\/jobandsense.be\/wp-content\/uploads\/2021\/01\/re\u0301seaux-sociaux.jpg\",\"datePublished\":\"2021-01-19T11:04:35+00:00\",\"dateModified\":\"2025-07-25T08:49:37+00:00\",\"description\":\"Les r\u00e9seaux sociaux font partie de notre vie de tous les jours mais ils peuvent \u00e9galement \u00eatre tr\u00e8s utiles pour chercher un nouvel emploi.\",\"breadcrumb\":{\"@id\":\"https:\/\/jobandsense.be\/boite-a-outils\/rechercher-un-nouvel-emploi\/chercher-un-nouvel-emploi-grace-aux-reseaux-sociaux-linkedin-facebook\/#breadcrumb\"},\"inLanguage\":\"en-GB\",\"potentialAction\":[{\"@type\":\"ReadAction\",\"target\":[\"https:\/\/jobandsense.be\/boite-a-outils\/rechercher-un-nouvel-emploi\/chercher-un-nouvel-emploi-grace-aux-reseaux-sociaux-linkedin-facebook\/\"]}]},{\"@type\":\"ImageObject\",\"inLanguage\":\"en-GB\",\"@id\":\"https:\/\/jobandsense.be\/boite-a-outils\/rechercher-un-nouvel-emploi\/chercher-un-nouvel-emploi-grace-aux-reseaux-sociaux-linkedin-facebook\/#primaryimage\",\"url\":\"https:\/\/jobandsense.be\/wp-content\/uploads\/2021\/01\/re\u0301seaux-sociaux.jpg\",\"contentUrl\":\"https:\/\/jobandsense.be\/wp-content\/uploads\/2021\/01\/re\u0301seaux-sociaux.jpg\",\"width\":1280,\"height\":853,\"caption\":\"Image par Photo Mix de Pixabay\"},{\"@type\":\"BreadcrumbList\",\"@id\":\"https:\/\/jobandsense.be\/boite-a-outils\/rechercher-un-nouvel-emploi\/chercher-un-nouvel-emploi-grace-aux-reseaux-sociaux-linkedin-facebook\/#breadcrumb\",\"itemListElement\":[{\"@type\":\"ListItem\",\"position\":1,\"name\":\"Accueil\",\"item\":\"https:\/\/jobandsense.be\/\"},{\"@type\":\"ListItem\",\"position\":2,\"name\":\"Bo\u00eete \u00e0 outils\",\"item\":\"https:\/\/jobandsense.be\/boite-a-outils\/\"},{\"@type\":\"ListItem\",\"position\":3,\"name\":\"Rechercher un nouvel emploi\",\"item\":\"https:\/\/jobandsense.be\/boite-a-outils\/rechercher-un-nouvel-emploi\/\"},{\"@type\":\"ListItem\",\"position\":4,\"name\":\"Chercher un nouvel emploi gr\u00e2ce aux r\u00e9seaux sociaux (LinkedIn, Facebook)\"}]},{\"@type\":\"WebSite\",\"@id\":\"https:\/\/jobandsense.be\/#website\",\"url\":\"https:\/\/jobandsense.be\/\",\"name\":\"Job&amp;Sense\",\"description\":\"La plateforme qui vous donne toutes les informations pour trouver un job qui a du sens\",\"publisher\":{\"@id\":\"https:\/\/jobandsense.be\/#organization\"},\"potentialAction\":[{\"@type\":\"SearchAction\",\"target\":{\"@type\":\"EntryPoint\",\"urlTemplate\":\"https:\/\/jobandsense.be\/?s={search_term_string}\"},\"query-input\":{\"@type\":\"PropertyValueSpecification\",\"valueRequired\":true,\"valueName\":\"search_term_string\"}}],\"inLanguage\":\"en-GB\"},{\"@type\":\"Organization\",\"@id\":\"https:\/\/jobandsense.be\/#organization\",\"name\":\"Job&Sense\",\"url\":\"https:\/\/jobandsense.be\/\",\"logo\":{\"@type\":\"ImageObject\",\"inLanguage\":\"en-GB\",\"@id\":\"https:\/\/jobandsense.be\/#\/schema\/logo\/image\/\",\"url\":\"\",\"contentUrl\":\"\",\"caption\":\"Job&Sense\"},\"image\":{\"@id\":\"https:\/\/jobandsense.be\/#\/schema\/logo\/image\/\"},\"sameAs\":[\"https:\/\/www.facebook.com\/JobandSense\",\"https:\/\/www.instagram.com\/jobandsense\/\",\"https:\/\/www.linkedin.com\/company\/52173671\/admin\/\"]}]}<\/script>\n<!-- \/ Yoast SEO plugin. -->","yoast_head_json":{"title":"Chercher un nouvel emploi gr\u00e2ce aux r\u00e9seaux sociaux &#8226; Job&Sense","description":"Les r\u00e9seaux sociaux font partie de notre vie de tous les jours mais ils peuvent \u00e9galement \u00eatre tr\u00e8s utiles pour chercher un nouvel emploi.","robots":{"index":"index","follow":"follow","max-snippet":"max-snippet:-1","max-image-preview":"max-image-preview:large","max-video-preview":"max-video-preview:-1"},"canonical":"https:\/\/jobandsense.be\/en\/toolbox\/search-for-a-new-job\/searching-for-a-new-job-through-social-networks-linkedin-facebook\/","og_locale":"en_GB","og_type":"article","og_title":"Chercher un emploi gr\u00e2ce aux r\u00e9seaux sociaux","og_description":"Les r\u00e9seaux sociaux font partie de notre vie de tous les jours mais ils peuvent \u00e9galement \u00eatre tr\u00e8s utiles pour chercher un nouvel emploi.","og_url":"https:\/\/jobandsense.be\/en\/toolbox\/search-for-a-new-job\/searching-for-a-new-job-through-social-networks-linkedin-facebook\/","og_site_name":"Job&amp;Sense","article_publisher":"https:\/\/www.facebook.com\/JobandSense","article_modified_time":"2025-07-25T08:49:37+00:00","og_image":[{"width":1280,"height":853,"url":"https:\/\/jobandsense.be\/wp-content\/uploads\/2021\/01\/re\u0301seaux-sociaux.jpg","type":"image\/jpeg"}],"twitter_card":"summary_large_image","twitter_misc":{"Estimated reading time":"4 minutes"},"schema":{"@context":"https:\/\/schema.org","@graph":[{"@type":"WebPage","@id":"https:\/\/jobandsense.be\/boite-a-outils\/rechercher-un-nouvel-emploi\/chercher-un-nouvel-emploi-grace-aux-reseaux-sociaux-linkedin-facebook\/","url":"https:\/\/jobandsense.be\/boite-a-outils\/rechercher-un-nouvel-emploi\/chercher-un-nouvel-emploi-grace-aux-reseaux-sociaux-linkedin-facebook\/","name":"Chercher un nouvel emploi gr\u00e2ce aux r\u00e9seaux sociaux &#8226; Job&Sense","isPartOf":{"@id":"https:\/\/jobandsense.be\/#website"},"primaryImageOfPage":{"@id":"https:\/\/jobandsense.be\/boite-a-outils\/rechercher-un-nouvel-emploi\/chercher-un-nouvel-emploi-grace-aux-reseaux-sociaux-linkedin-facebook\/#primaryimage"},"image":{"@id":"https:\/\/jobandsense.be\/boite-a-outils\/rechercher-un-nouvel-emploi\/chercher-un-nouvel-emploi-grace-aux-reseaux-sociaux-linkedin-facebook\/#primaryimage"},"thumbnailUrl":"https:\/\/jobandsense.be\/wp-content\/uploads\/2021\/01\/re\u0301seaux-sociaux.jpg","datePublished":"2021-01-19T11:04:35+00:00","dateModified":"2025-07-25T08:49:37+00:00","description":"Les r\u00e9seaux sociaux font partie de notre vie de tous les jours mais ils peuvent \u00e9galement \u00eatre tr\u00e8s utiles pour chercher un nouvel emploi.","breadcrumb":{"@id":"https:\/\/jobandsense.be\/boite-a-outils\/rechercher-un-nouvel-emploi\/chercher-un-nouvel-emploi-grace-aux-reseaux-sociaux-linkedin-facebook\/#breadcrumb"},"inLanguage":"en-GB","potentialAction":[{"@type":"ReadAction","target":["https:\/\/jobandsense.be\/boite-a-outils\/rechercher-un-nouvel-emploi\/chercher-un-nouvel-emploi-grace-aux-reseaux-sociaux-linkedin-facebook\/"]}]},{"@type":"ImageObject","inLanguage":"en-GB","@id":"https:\/\/jobandsense.be\/boite-a-outils\/rechercher-un-nouvel-emploi\/chercher-un-nouvel-emploi-grace-aux-reseaux-sociaux-linkedin-facebook\/#primaryimage","url":"https:\/\/jobandsense.be\/wp-content\/uploads\/2021\/01\/re\u0301seaux-sociaux.jpg","contentUrl":"https:\/\/jobandsense.be\/wp-content\/uploads\/2021\/01\/re\u0301seaux-sociaux.jpg","width":1280,"height":853,"caption":"Image par Photo Mix de Pixabay"},{"@type":"BreadcrumbList","@id":"https:\/\/jobandsense.be\/boite-a-outils\/rechercher-un-nouvel-emploi\/chercher-un-nouvel-emploi-grace-aux-reseaux-sociaux-linkedin-facebook\/#breadcrumb","itemListElement":[{"@type":"ListItem","position":1,"name":"Accueil","item":"https:\/\/jobandsense.be\/"},{"@type":"ListItem","position":2,"name":"Bo\u00eete \u00e0 outils","item":"https:\/\/jobandsense.be\/boite-a-outils\/"},{"@type":"ListItem","position":3,"name":"Rechercher un nouvel emploi","item":"https:\/\/jobandsense.be\/boite-a-outils\/rechercher-un-nouvel-emploi\/"},{"@type":"ListItem","position":4,"name":"Chercher un nouvel emploi gr\u00e2ce aux r\u00e9seaux sociaux (LinkedIn, Facebook)"}]},{"@type":"WebSite","@id":"https:\/\/jobandsense.be\/#website","url":"https:\/\/jobandsense.be\/","name":"Job&amp;Sense","description":"La plateforme qui vous donne toutes les informations pour trouver un job qui a du sens","publisher":{"@id":"https:\/\/jobandsense.be\/#organization"},"potentialAction":[{"@type":"SearchAction","target":{"@type":"EntryPoint","urlTemplate":"https:\/\/jobandsense.be\/?s={search_term_string}"},"query-input":{"@type":"PropertyValueSpecification","valueRequired":true,"valueName":"search_term_string"}}],"inLanguage":"en-GB"},{"@type":"Organization","@id":"https:\/\/jobandsense.be\/#organization","name":"Job&Sense","url":"https:\/\/jobandsense.be\/","logo":{"@type":"ImageObject","inLanguage":"en-GB","@id":"https:\/\/jobandsense.be\/#\/schema\/logo\/image\/","url":"","contentUrl":"","caption":"Job&Sense"},"image":{"@id":"https:\/\/jobandsense.be\/#\/schema\/logo\/image\/"},"sameAs":["https:\/\/www.facebook.com\/JobandSense","https:\/\/www.instagram.com\/jobandsense\/","https:\/\/www.linkedin.com\/company\/52173671\/admin\/"]}]}},"jetpack_sharing_enabled":true,"_links":{"self":[{"href":"https:\/\/jobandsense.be\/en\/wp-json\/wp\/v2\/pages\/3595","targetHints":{"allow":["GET"]}}],"collection":[{"href":"https:\/\/jobandsense.be\/en\/wp-json\/wp\/v2\/pages"}],"about":[{"href":"https:\/\/jobandsense.be\/en\/wp-json\/wp\/v2\/types\/page"}],"author":[{"embeddable":true,"href":"https:\/\/jobandsense.be\/en\/wp-json\/wp\/v2\/users\/1"}],"replies":[{"embeddable":true,"href":"https:\/\/jobandsense.be\/en\/wp-json\/wp\/v2\/comments?post=3595"}],"version-history":[{"count":46,"href":"https:\/\/jobandsense.be\/en\/wp-json\/wp\/v2\/pages\/3595\/revisions"}],"predecessor-version":[{"id":13704,"href":"https:\/\/jobandsense.be\/en\/wp-json\/wp\/v2\/pages\/3595\/revisions\/13704"}],"up":[{"embeddable":true,"href":"https:\/\/jobandsense.be\/en\/wp-json\/wp\/v2\/pages\/2768"}],"wp:featuredmedia":[{"embeddable":true,"href":"https:\/\/jobandsense.be\/en\/wp-json\/wp\/v2\/media\/3596"}],"wp:attachment":[{"href":"https:\/\/jobandsense.be\/en\/wp-json\/wp\/v2\/media?parent=3595"}],"curies":[{"name":"wp","href":"https:\/\/api.w.org\/{rel}","templated":true}]}}