{"id":3358,"date":"2021-01-18T11:02:41","date_gmt":"2021-01-18T11:02:41","guid":{"rendered":"https:\/\/jobandsense.be\/?page_id=3358"},"modified":"2026-04-02T15:11:40","modified_gmt":"2026-04-02T13:11:40","slug":"inspiring-podcasts","status":"publish","type":"page","link":"https:\/\/jobandsense.be\/en\/toolbox\/be-inspired\/inspiring-podcasts\/","title":{"rendered":"Inspiring podcasts"},"content":{"rendered":"<div data-elementor-type=\"wp-page\" data-elementor-id=\"3358\" class=\"elementor elementor-3358\" data-elementor-post-type=\"page\">\n\t\t\t\t\t\t<section class=\"elementor-section elementor-top-section elementor-element elementor-element-3de0e132 elementor-section-boxed elementor-section-height-default elementor-section-height-default\" data-id=\"3de0e132\" data-element_type=\"section\" data-e-type=\"section\">\n\t\t\t\t\t\t<div class=\"elementor-container elementor-column-gap-default\">\n\t\t\t\t\t<div class=\"elementor-column elementor-col-100 elementor-top-column elementor-element elementor-element-2f4b2a50\" data-id=\"2f4b2a50\" data-element_type=\"column\" data-e-type=\"column\">\n\t\t\t<div class=\"elementor-widget-wrap elementor-element-populated\">\n\t\t\t\t\t\t<div class=\"elementor-element elementor-element-6bb2c83c elementor-widget elementor-widget-text-editor\" data-id=\"6bb2c83c\" data-element_type=\"widget\" data-e-type=\"widget\" data-widget_type=\"text-editor.default\">\n\t\t\t\t<div class=\"elementor-widget-container\">\n\t\t\t\t\t\t\t\t\t<p>A podcast is audio content that you can listen to anywhere and anytime. Plus, there are podcasts on every topic.<\/p>\n<p>You can therefore be inspired while doing your shopping, during your commute, while ironing, or preparing dinner. You can listen for a few minutes and pick up where you left off whenever you feel like it.\u00a0<\/p>\n<p><!-- \/wp:paragraph --><!-- wp:paragraph --><!-- \/wp:paragraph --><!-- wp:paragraph --><\/p>\n<p><b>How to listen to a podcast?<\/b><\/p>\n<p><!-- \/wp:paragraph --><!-- wp:paragraph --><\/p>\n<p>You can listen to podcasts on Apple Podcast, Google Podcast, Spotify, Deezer, and on all public television and radio media.\u00a0<\/p>\n<p><b>Duration<\/b><\/p>\n<p><!-- \/wp:paragraph --><!-- wp:paragraph --><\/p>\n<p>Each podcaster chooses the duration of their podcast, which can vary from a few minutes to over 2 hours (at once).<\/p>\n<p><!-- \/wp:paragraph --><!-- wp:paragraph --><\/p>\n<p>You will find below some links to podcasts covering topics such as career change, personal development, work, and entrepreneurship. This is a non-exhaustive list but it already gives a good overview.<\/p>\n<p>IN FRENCH<\/p>\n<p><!-- \/wp:paragraph --><!-- wp:paragraph --><\/p>\n<p><em>Testimonials of career change or life journeys<\/em><\/p>\n<p><!-- \/wp:paragraph --><!-- wp:list --><\/p>\n<ul>\n<li><span style=\"text-decoration: underline;\"><strong><a href=\"https:\/\/open.spotify.com\/show\/4mzBYRVrUCQop7tqk0KaWX\" target=\"_blank\" rel=\"noopener\">Entreprendre apr\u00e8s un burn out<\/a><\/strong><\/span> (duration between 20 and 40 minutes): the podcast aimed at women affected by burnout, who want to regain confidence and inspiration that they too can one day find joy and pleasure at work again.<\/li>\n<li><span style=\"text-decoration: underline;\"><strong><a href=\"https:\/\/shows.acast.com\/les-deviations\" target=\"_blank\" rel=\"noopener\">Les d\u00e9viations<\/a><\/strong><\/span> (duration 40 minutes): Testimonials of career change.\u00a0<\/li>\n<li><strong><span style=\"text-decoration: underline;\"><a href=\"https:\/\/open.spotify.com\/show\/0YArAjOcplcyAUKZOMoFhr\" target=\"_blank\" rel=\"noopener\">Objectif Reconversion<\/a><\/span><\/strong> (duration 45 minutes): Inspiring journeys of career change or career evolution.<\/li>\n<li><strong><span style=\"text-decoration: underline;\"><a href=\"https:\/\/open.spotify.com\/show\/2DeGUXYbldVtjRPDdiZXGr\" target=\"_blank\" rel=\"noopener\">Oser la reconversion<\/a><\/span><\/strong> (duration 1h): Every Monday, guests who share their success stories to dare to change careers.<\/li>\n<li><span style=\"text-decoration: underline;\"><strong><a href=\"https:\/\/podcast.ausha.co\/pop-corn-podcast\" target=\"_blank\" rel=\"noopener\">Pop Corn podcast<\/a><\/strong><\/span> (dur\u00e9e moins d&rsquo;1h): \u00a0le podcast inspirant qui explore les parcours de reconversion professionnelle.\u00a0<\/li>\n<li><span style=\"font-weight: bold;\"><span style=\"text-decoration-line: underline;\"><a href=\"http:\/\/pourquoipasmoi.co\/\" target=\"_blank\" rel=\"noopener\">Pourquoi pas moi<\/a><\/span><\/span>: A podcast to listen to your inner voice and take action. Testimonials from people who took action.\u00a0<\/li>\n<\/ul>\n<p><!-- \/wp:list --><!-- wp:paragraph --><\/p>\n<p><em>Coaching and personal development<\/em><\/p>\n<p><!-- \/wp:paragraph --><!-- wp:list --><\/p>\n<ul>\n<li><span style=\"text-decoration: underline;\"><a href=\"https:\/\/changemavie.com\/episodes\" target=\"_blank\" rel=\"noopener\"><strong>Change ma vie<\/strong><\/a><\/span> (duration 30 minutes): Change ma vie is a personal development podcast that gives you concrete tools to better understand your mind, resolve your difficulties, and feel better.\u00a0\u00a0<\/li>\n<li><span style=\"font-weight: bold;\"><span style=\"text-decoration-line: underline;\"><a href=\"https:\/\/louiemedia.com\/emotions\" target=\"_blank\" rel=\"noopener\">Emotions<\/a><\/span><\/span>: To understand what you feel and where the emotions you experience come from.\u00a0<\/li>\n<li><span style=\"text-decoration-line: underline;\"><span style=\"font-weight: bold;\"><a href=\"https:\/\/podtail.com\/fr\/podcast\/inpower-motivation-ambition-inspiration\/\" target=\"_blank\" rel=\"noopener\">In power\u00a0<\/a><\/span><\/span>(duration 1h): Interviews with inspiring and passionate people.\u00a0<\/li>\n<li><span style=\"text-decoration: underline;\"><strong><a href=\"https:\/\/podcasts.apple.com\/fr\/podcast\/jai-peur-donc-jy-vais\/id1513303183\" target=\"_blank\" rel=\"noopener\">J&rsquo;ai peur donc j&rsquo;y vais<\/a><\/strong><\/span> (30 minutes): A coach who gives you advice and tools to give you new momentum in your life.\u00a0<\/li>\n<li><span style=\"text-decoration: underline;\"><strong><a href=\"https:\/\/smartlink.ausha.co\/j-peux-pas-j-ai-burn-out\" target=\"_blank\" rel=\"noopener\">Je peux pas j&rsquo;ai burn out<\/a><\/strong><\/span> (duration 20 min): a podcast that will highlight this little-known, very taboo fatigue but also unveil what happens before and after burnout.\u00a0<\/li>\n<li><span style=\"text-decoration: underline;\"><strong><a href=\"https:\/\/jobandsense.be\/en\/podcast-2\/\" target=\"_blank\" rel=\"noopener\">Job&amp;Sense<\/a><\/strong><\/span> (12 minutes): Collaborative podcast that offers you one action per week to live a more aligned life.\u00a0<\/li>\n<li><span style=\"text-decoration-line: underline;\"><span style=\"font-weight: bold;\"><a href=\"https:\/\/www.metamorphosepodcast.com\/les-podcasts-episodes-metamorphose\" target=\"_blank\" rel=\"noopener\">M\u00e9tamorphoses<\/a>\u00a0<\/span><\/span>(duration between 30 minutes and 1 hour): The podcast on personal development, healthy eating, well-being, natural health, psychology, and spirituality.<\/li>\n<li><span style=\"text-decoration: underline;\"><strong><a href=\"https:\/\/open.spotify.com\/show\/4bv5ZtWZiKBk6N4FB7aPRc\" target=\"_blank\" rel=\"noopener\">Virages<\/a><\/strong><\/span> (duration 15 minutes): paths to move forward differently.\u00a0<b><\/b>\u00a0<\/li>\n<\/ul>\n<p><!-- \/wp:list --><!-- wp:embed {\"url\":\"https:\/\/www.eeko-podcast.fr\/podcasts\/la-lecon-le-podcast-sur-lart-dechouer\/306\/\"} --><\/p>\n<p><!-- \/wp:embed --><!-- wp:list --><\/p>\n<p><!-- \/wp:list --><!-- wp:paragraph --><\/p>\n<p><em>Entrepreneurship in French<\/em><\/p>\n<p><!-- \/wp:paragraph --><!-- wp:list --><\/p>\n<ul>\n<li><span style=\"text-decoration-line: underline;\"><a href=\"https:\/\/podcasts.apple.com\/be\/podcast\/change\/id1507022482\" target=\"_blank\" rel=\"noopener\"><span style=\"font-weight: bold;\">Change<\/span><\/a><\/span>\u00a0(duration 1h): Belgian podcast that interviews inspiring people, often entrepreneurs but not only.\u00a0\u00a0<\/li>\n<li><span style=\"text-decoration: underline;\"><strong><a href=\"https:\/\/podcast.ausha.co\/donne-le-rythme\" target=\"_blank\" rel=\"noopener\" data-wplink-url-error=\"true\">Donne le Rythme<\/a><\/strong><\/span> (dur\u00e9e 2h): un podcast sur\u00a0l\u2019entrepreneuriat belge.<\/li>\n<li><span style=\"text-decoration: underline;\"><strong><a href=\"https:\/\/entrepreneurs-inspirants.be\/podcast\/\" target=\"_blank\" rel=\"noopener\">Entrepreneurs inspirants<\/a><\/strong><\/span> (duration 1h): the podcast that goes behind the scenes of entrepreneurial successes in Belgium.<\/li>\n<li><span style=\"text-decoration: underline;\"><strong><a href=\"https:\/\/www.gdiy.fr\/\" target=\"_blank\" rel=\"noopener\">Generation do it yourself<\/a><\/strong><\/span> (duration over 2h): Interviews with people who took the leap: entrepreneurs, artists, athletes. It's about understanding their mindset, their story, their tools.\u00a0<\/li>\n<li><span style=\"text-decoration: underline;\"><strong>J<a href=\"https:\/\/podcast.ausha.co\/jpeux-pas-jai-business\" target=\"_blank\" rel=\"noopener\"><strong>&lsquo;<\/strong>peux Pas J&rsquo;ai Business<\/a><\/strong><\/span> : the best business strategies, explained step-by-step.<\/li>\n<li><span style=\"text-decoration: underline;\"><strong><a href=\"https:\/\/lepanier.io\/\" target=\"_blank\" rel=\"noopener\">Le Panier<\/a><\/strong><\/span> (duration 1h): The e-commerce podcast in France in which he talks with merchants and e-merchants to collect their best practices.<\/li>\n<\/ul>\n<p><!-- \/wp:list --><!-- wp:paragraph --><\/p>\n<p><!-- \/wp:list --><!-- wp:heading --><\/p>\n<p><em>Social entrepreneurship<\/em><\/p>\n<p><!-- \/wp:paragraph --><!-- wp:list --><\/p>\n<ul>\n<li><strong><span style=\"text-decoration: underline;\"><a href=\"https:\/\/basilicpodcast.com\/\" target=\"_blank\" rel=\"noopener\">Basilic<\/a><\/span><\/strong> (duration 40 minutes): The podcast dedicated to the environment and positive initiatives.\u00a0<\/li>\n<li><span style=\"text-decoration: underline;\"><strong><a href=\"https:\/\/shows.acast.com\/bonjour-demain\/about\" target=\"_blank\" rel=\"noopener\">Bonjour Demain<\/a><\/strong><\/span> (duration 50 minutes): Interviews. The podcast that shares the idea that ecological transition is an economic and cultural transition.<\/li>\n<li><a href=\"https:\/\/smartlink.ausha.co\/business-impact\" target=\"_blank\" rel=\"noopener\"><strong><span style=\"text-decoration: underline;\">Business Impact<\/span><\/strong><\/a>(duration over 1 hour): Interview podcast with inspiring people who are changing the world through their business on their own scale.\u00a0<\/li>\n<li><span style=\"text-decoration-line: underline;\"><a href=\"http:\/\/www.radio-belgie.be\/podcasts\/impact-positif-les-solutions-existent\" target=\"_blank\" rel=\"noopener\"><span style=\"font-weight: bold;\">Impact positif<\/span><\/a><\/span>\u00a0(duration 30 to 40 minutes): Podcast about those who have a positive impact on society.\u00a0<\/li>\n<li><span style=\"text-decoration: underline;\"><strong><a href=\"https:\/\/anchor.fm\/positivechangemakers\" target=\"_blank\" rel=\"noopener\">Positive changemakers<\/a><\/strong><\/span> (duration 1h): be inspired by their stories, their journeys, and especially their hopes.\u00a0<\/li>\n<li><span style=\"text-decoration: underline;\"><strong><a href=\"https:\/\/soifdesens.fr\/\" target=\"_blank\" rel=\"noopener\">Soif de sens<\/a><\/strong><\/span> (duration 40 minutes): Every Sunday, a guest who is changing the world to help you find meaning.<\/li>\n<li><span style=\"text-decoration: underline;\"><strong><a href=\"https:\/\/open.spotify.com\/show\/2T20zNiLkniwlb2ejL9COt?si=46dd8a71311f40bc&amp;nd=1&amp;dlsi=1ced956bbd5b4ee8\" target=\"_blank\" rel=\"noopener\">Switch&rsquo;ES<\/a><\/strong><\/span> (duration 30 minutes): Journeys of Belgian entrepreneurs who switched from conventional businesses to social economy.\u00a0<\/li>\n<li><span style=\"text-decoration: underline;\"><a href=\"https:\/\/www.ticketforchange.org\/vecus\" target=\"_blank\" rel=\"noopener\"><strong>V\u00e9cus<\/strong> <\/a><\/span>(duration 15 minutes): Podcast to build an impactful career: they give their best advice following the successes and struggles they experienced.\u00a0<\/li>\n<\/ul>\n<p><!-- \/wp:list --><!-- wp:paragraph --><\/p>\n<p><em>Discovering professions<\/em><\/p>\n<p><!-- \/wp:paragraph --><!-- wp:list --><\/p>\n<ul>\n<li><span style=\"text-decoration: underline;\"><a href=\"https:\/\/podcast.ausha.co\/into-the-job\" target=\"_blank\" rel=\"noopener\"><strong>Into the job<\/strong> <\/a><\/span>(duration 30 minutes): He gives voice to those who have stereotyped jobs, atypical jobs, 21st-century jobs.\u00a0<\/li>\n<li><span style=\"text-decoration: underline;\"><strong><a href=\"https:\/\/www.jaimemonmetier.be\/index.php\/podcast\/\" target=\"_blank\" rel=\"noopener\">J&rsquo;aime mon m\u00e9tier<\/a><\/strong><\/span>: Belgian podcast that highlights social and health professions.\u00a0<\/li>\n<li><span style=\"text-decoration: underline;\"><a href=\"https:\/\/podtail.com\/fr\/podcast\/the-craft-project\/\" target=\"_blank\" rel=\"noopener\"><strong>The craft project<\/strong><\/a><\/span> (duration 40 minutes): Podcast that seeks to understand what it's like to live as a craftsperson.\u00a0<\/li>\n<li><span style=\"text-decoration: underline;\"><a href=\"https:\/\/open.spotify.com\/show\/2SaahJnHtxlxTfWFDvHdXu\" target=\"_blank\" rel=\"noopener\"><strong>Vocation <\/strong><\/a><\/span>(duration between 40 minutes and 1h): Career inspiration podcast to find your path.\u00a0\u00a0<\/li>\n<\/ul>\n<p>Work<\/p>\n<ul>\n<li><span style=\"text-decoration: underline;\"><strong><a href=\"https:\/\/smartlink.ausha.co\/eclo-une-enquete-sur-l-orientation-et-ma-generation\" target=\"_blank\" rel=\"noopener\">Eclo<\/a><\/strong><\/span> (duration: 1h) Chlo\u00e9 explores, through a podcast, the challenges of orientation for Gen Z by combining expert insights with practical tools to better understand oneself and find one\u2019s path.<\/li>\n<li><span style=\"text-decoration: underline;\"><strong><a href=\"https:\/\/open.spotify.com\/show\/2bo6aCAMvslQIWShz5G7ht\" target=\"_blank\" rel=\"noopener\">Le Tilt<\/a><\/strong><\/span> (duration 30 min): The podcast that explores work, careers, and HR transformations.<\/li>\n<li><strong><span style=\"text-decoration: underline;\"><a href=\"https:\/\/podcast.ausha.co\/metro-boulot-finito\" target=\"_blank\" rel=\"noopener\">M\u00e9tro, boulot, finito<\/a><\/span><\/strong> (duration 30 min): How to boost your work efficiency? Preserve your health? Improve your environment or get out of autopilot mode?<\/li>\n<\/ul>\n<p><!-- \/wp:list --><!-- wp:paragraph --><\/p>\n<p><!-- \/wp:list --><\/p>\t\t\t\t\t\t\t\t<\/div>\n\t\t\t\t<\/div>\n\t\t\t\t\t<\/div>\n\t\t<\/div>\n\t\t\t\t\t<\/div>\n\t\t<\/section>\n\t\t\t\t<\/div>","protected":false},"excerpt":{"rendered":"<p>Un podcast c\u2019est un contenu audio que l\u2019on peut \u00e9couter n\u2019importe o\u00f9 et n\u2019importe quand. De plus, il en existe sur tous les sujets. Vous pouvez donc \u00eatre inspir\u00e9 en allant faire vos courses, durant vos trajets, en repassant, en pr\u00e9parant le d\u00eener. Vous pouvez \u00e9couter quelques minutes et reprendre l\u00e0 o\u00f9 vous en \u00e9tiez&#8230;<\/p>","protected":false},"author":1,"featured_media":3359,"parent":2218,"menu_order":2,"comment_status":"closed","ping_status":"closed","template":"","meta":{"_acf_changed":false,"episode_type":"","audio_file":"","cover_image":"","cover_image_id":"","duration":"","filesize":"","filesize_raw":"","date_recorded":"","explicit":"","block":"","footnotes":""},"class_list":["post-3358","page","type-page","status-publish","has-post-thumbnail","hentry","wpbf-post"],"acf":[],"yoast_head":"<!-- This site is optimized with the Yoast SEO plugin v26.8 - https:\/\/yoast.com\/product\/yoast-seo-wordpress\/ -->\n<title>Liste de podcasts inspirants &#8226; Job&amp;Sense<\/title>\n<meta name=\"description\" content=\"La facilit\u00e9 du podcast pour \u00e9couter \u00e0 tout moment de la journ\u00e9e des t\u00e9moignages inspirants, des conseils et des astuces.\" \/>\n<meta name=\"robots\" content=\"index, follow, max-snippet:-1, max-image-preview:large, max-video-preview:-1\" \/>\n<link rel=\"canonical\" href=\"https:\/\/jobandsense.be\/en\/toolbox\/be-inspired\/inspiring-podcasts\/\" \/>\n<meta property=\"og:locale\" content=\"en_GB\" \/>\n<meta property=\"og:type\" content=\"article\" \/>\n<meta property=\"og:title\" content=\"Liste de podcasts inspirants\" \/>\n<meta property=\"og:description\" content=\"La facilit\u00e9 du podcast pour \u00e9couter \u00e0 tout moment de la journ\u00e9e des t\u00e9moignages inspirants, des conseils et des astuces.\" \/>\n<meta property=\"og:url\" content=\"https:\/\/jobandsense.be\/en\/toolbox\/be-inspired\/inspiring-podcasts\/\" \/>\n<meta property=\"og:site_name\" content=\"Job&amp;Sense\" \/>\n<meta property=\"article:publisher\" content=\"https:\/\/www.facebook.com\/JobandSense\" \/>\n<meta property=\"article:modified_time\" content=\"2026-04-02T13:11:40+00:00\" \/>\n<meta property=\"og:image\" content=\"https:\/\/jobandsense.be\/wp-content\/uploads\/2021\/01\/e\u0301couter-des-podcasts.jpg\" \/>\n\t<meta property=\"og:image:width\" content=\"1280\" \/>\n\t<meta property=\"og:image:height\" content=\"853\" \/>\n\t<meta property=\"og:image:type\" content=\"image\/jpeg\" \/>\n<meta name=\"twitter:card\" content=\"summary_large_image\" \/>\n<meta name=\"twitter:label1\" content=\"Estimated reading time\" \/>\n\t<meta name=\"twitter:data1\" content=\"5 minutes\" \/>\n<script type=\"application\/ld+json\" class=\"yoast-schema-graph\">{\"@context\":\"https:\/\/schema.org\",\"@graph\":[{\"@type\":\"WebPage\",\"@id\":\"https:\/\/jobandsense.be\/boite-a-outils\/sinspirer\/podcasts-inspirants\/\",\"url\":\"https:\/\/jobandsense.be\/boite-a-outils\/sinspirer\/podcasts-inspirants\/\",\"name\":\"Liste de podcasts inspirants &#8226; Job&Sense\",\"isPartOf\":{\"@id\":\"https:\/\/jobandsense.be\/#website\"},\"primaryImageOfPage\":{\"@id\":\"https:\/\/jobandsense.be\/boite-a-outils\/sinspirer\/podcasts-inspirants\/#primaryimage\"},\"image\":{\"@id\":\"https:\/\/jobandsense.be\/boite-a-outils\/sinspirer\/podcasts-inspirants\/#primaryimage\"},\"thumbnailUrl\":\"https:\/\/jobandsense.be\/wp-content\/uploads\/2021\/01\/e\u0301couter-des-podcasts.jpg\",\"datePublished\":\"2021-01-18T11:02:41+00:00\",\"dateModified\":\"2026-04-02T13:11:40+00:00\",\"description\":\"La facilit\u00e9 du podcast pour \u00e9couter \u00e0 tout moment de la journ\u00e9e des t\u00e9moignages inspirants, des conseils et des astuces.\",\"breadcrumb\":{\"@id\":\"https:\/\/jobandsense.be\/boite-a-outils\/sinspirer\/podcasts-inspirants\/#breadcrumb\"},\"inLanguage\":\"en-GB\",\"potentialAction\":[{\"@type\":\"ReadAction\",\"target\":[\"https:\/\/jobandsense.be\/boite-a-outils\/sinspirer\/podcasts-inspirants\/\"]}]},{\"@type\":\"ImageObject\",\"inLanguage\":\"en-GB\",\"@id\":\"https:\/\/jobandsense.be\/boite-a-outils\/sinspirer\/podcasts-inspirants\/#primaryimage\",\"url\":\"https:\/\/jobandsense.be\/wp-content\/uploads\/2021\/01\/e\u0301couter-des-podcasts.jpg\",\"contentUrl\":\"https:\/\/jobandsense.be\/wp-content\/uploads\/2021\/01\/e\u0301couter-des-podcasts.jpg\",\"width\":1280,\"height\":853,\"caption\":\"Image par StockSnap de Pixabay\"},{\"@type\":\"BreadcrumbList\",\"@id\":\"https:\/\/jobandsense.be\/boite-a-outils\/sinspirer\/podcasts-inspirants\/#breadcrumb\",\"itemListElement\":[{\"@type\":\"ListItem\",\"position\":1,\"name\":\"Accueil\",\"item\":\"https:\/\/jobandsense.be\/\"},{\"@type\":\"ListItem\",\"position\":2,\"name\":\"Bo\u00eete \u00e0 outils\",\"item\":\"https:\/\/jobandsense.be\/boite-a-outils\/\"},{\"@type\":\"ListItem\",\"position\":3,\"name\":\"S&rsquo;inspirer\",\"item\":\"https:\/\/jobandsense.be\/boite-a-outils\/sinspirer\/\"},{\"@type\":\"ListItem\",\"position\":4,\"name\":\"Podcasts inspirants\"}]},{\"@type\":\"WebSite\",\"@id\":\"https:\/\/jobandsense.be\/#website\",\"url\":\"https:\/\/jobandsense.be\/\",\"name\":\"Job&amp;Sense\",\"description\":\"La plateforme qui vous donne toutes les informations pour trouver un job qui a du sens\",\"publisher\":{\"@id\":\"https:\/\/jobandsense.be\/#organization\"},\"potentialAction\":[{\"@type\":\"SearchAction\",\"target\":{\"@type\":\"EntryPoint\",\"urlTemplate\":\"https:\/\/jobandsense.be\/?s={search_term_string}\"},\"query-input\":{\"@type\":\"PropertyValueSpecification\",\"valueRequired\":true,\"valueName\":\"search_term_string\"}}],\"inLanguage\":\"en-GB\"},{\"@type\":\"Organization\",\"@id\":\"https:\/\/jobandsense.be\/#organization\",\"name\":\"Job&Sense\",\"url\":\"https:\/\/jobandsense.be\/\",\"logo\":{\"@type\":\"ImageObject\",\"inLanguage\":\"en-GB\",\"@id\":\"https:\/\/jobandsense.be\/#\/schema\/logo\/image\/\",\"url\":\"\",\"contentUrl\":\"\",\"caption\":\"Job&Sense\"},\"image\":{\"@id\":\"https:\/\/jobandsense.be\/#\/schema\/logo\/image\/\"},\"sameAs\":[\"https:\/\/www.facebook.com\/JobandSense\",\"https:\/\/www.instagram.com\/jobandsense\/\",\"https:\/\/www.linkedin.com\/company\/52173671\/admin\/\"]}]}<\/script>\n<!-- \/ Yoast SEO plugin. -->","yoast_head_json":{"title":"Liste de podcasts inspirants &#8226; Job&Sense","description":"La facilit\u00e9 du podcast pour \u00e9couter \u00e0 tout moment de la journ\u00e9e des t\u00e9moignages inspirants, des conseils et des astuces.","robots":{"index":"index","follow":"follow","max-snippet":"max-snippet:-1","max-image-preview":"max-image-preview:large","max-video-preview":"max-video-preview:-1"},"canonical":"https:\/\/jobandsense.be\/en\/toolbox\/be-inspired\/inspiring-podcasts\/","og_locale":"en_GB","og_type":"article","og_title":"Liste de podcasts inspirants","og_description":"La facilit\u00e9 du podcast pour \u00e9couter \u00e0 tout moment de la journ\u00e9e des t\u00e9moignages inspirants, des conseils et des astuces.","og_url":"https:\/\/jobandsense.be\/en\/toolbox\/be-inspired\/inspiring-podcasts\/","og_site_name":"Job&amp;Sense","article_publisher":"https:\/\/www.facebook.com\/JobandSense","article_modified_time":"2026-04-02T13:11:40+00:00","og_image":[{"width":1280,"height":853,"url":"https:\/\/jobandsense.be\/wp-content\/uploads\/2021\/01\/e\u0301couter-des-podcasts.jpg","type":"image\/jpeg"}],"twitter_card":"summary_large_image","twitter_misc":{"Estimated reading time":"5 minutes"},"schema":{"@context":"https:\/\/schema.org","@graph":[{"@type":"WebPage","@id":"https:\/\/jobandsense.be\/boite-a-outils\/sinspirer\/podcasts-inspirants\/","url":"https:\/\/jobandsense.be\/boite-a-outils\/sinspirer\/podcasts-inspirants\/","name":"Liste de podcasts inspirants &#8226; Job&Sense","isPartOf":{"@id":"https:\/\/jobandsense.be\/#website"},"primaryImageOfPage":{"@id":"https:\/\/jobandsense.be\/boite-a-outils\/sinspirer\/podcasts-inspirants\/#primaryimage"},"image":{"@id":"https:\/\/jobandsense.be\/boite-a-outils\/sinspirer\/podcasts-inspirants\/#primaryimage"},"thumbnailUrl":"https:\/\/jobandsense.be\/wp-content\/uploads\/2021\/01\/e\u0301couter-des-podcasts.jpg","datePublished":"2021-01-18T11:02:41+00:00","dateModified":"2026-04-02T13:11:40+00:00","description":"La facilit\u00e9 du podcast pour \u00e9couter \u00e0 tout moment de la journ\u00e9e des t\u00e9moignages inspirants, des conseils et des astuces.","breadcrumb":{"@id":"https:\/\/jobandsense.be\/boite-a-outils\/sinspirer\/podcasts-inspirants\/#breadcrumb"},"inLanguage":"en-GB","potentialAction":[{"@type":"ReadAction","target":["https:\/\/jobandsense.be\/boite-a-outils\/sinspirer\/podcasts-inspirants\/"]}]},{"@type":"ImageObject","inLanguage":"en-GB","@id":"https:\/\/jobandsense.be\/boite-a-outils\/sinspirer\/podcasts-inspirants\/#primaryimage","url":"https:\/\/jobandsense.be\/wp-content\/uploads\/2021\/01\/e\u0301couter-des-podcasts.jpg","contentUrl":"https:\/\/jobandsense.be\/wp-content\/uploads\/2021\/01\/e\u0301couter-des-podcasts.jpg","width":1280,"height":853,"caption":"Image par StockSnap de Pixabay"},{"@type":"BreadcrumbList","@id":"https:\/\/jobandsense.be\/boite-a-outils\/sinspirer\/podcasts-inspirants\/#breadcrumb","itemListElement":[{"@type":"ListItem","position":1,"name":"Accueil","item":"https:\/\/jobandsense.be\/"},{"@type":"ListItem","position":2,"name":"Bo\u00eete \u00e0 outils","item":"https:\/\/jobandsense.be\/boite-a-outils\/"},{"@type":"ListItem","position":3,"name":"S&rsquo;inspirer","item":"https:\/\/jobandsense.be\/boite-a-outils\/sinspirer\/"},{"@type":"ListItem","position":4,"name":"Podcasts inspirants"}]},{"@type":"WebSite","@id":"https:\/\/jobandsense.be\/#website","url":"https:\/\/jobandsense.be\/","name":"Job&amp;Sense","description":"La plateforme qui vous donne toutes les informations pour trouver un job qui a du sens","publisher":{"@id":"https:\/\/jobandsense.be\/#organization"},"potentialAction":[{"@type":"SearchAction","target":{"@type":"EntryPoint","urlTemplate":"https:\/\/jobandsense.be\/?s={search_term_string}"},"query-input":{"@type":"PropertyValueSpecification","valueRequired":true,"valueName":"search_term_string"}}],"inLanguage":"en-GB"},{"@type":"Organization","@id":"https:\/\/jobandsense.be\/#organization","name":"Job&Sense","url":"https:\/\/jobandsense.be\/","logo":{"@type":"ImageObject","inLanguage":"en-GB","@id":"https:\/\/jobandsense.be\/#\/schema\/logo\/image\/","url":"","contentUrl":"","caption":"Job&Sense"},"image":{"@id":"https:\/\/jobandsense.be\/#\/schema\/logo\/image\/"},"sameAs":["https:\/\/www.facebook.com\/JobandSense","https:\/\/www.instagram.com\/jobandsense\/","https:\/\/www.linkedin.com\/company\/52173671\/admin\/"]}]}},"jetpack_sharing_enabled":true,"_links":{"self":[{"href":"https:\/\/jobandsense.be\/en\/wp-json\/wp\/v2\/pages\/3358","targetHints":{"allow":["GET"]}}],"collection":[{"href":"https:\/\/jobandsense.be\/en\/wp-json\/wp\/v2\/pages"}],"about":[{"href":"https:\/\/jobandsense.be\/en\/wp-json\/wp\/v2\/types\/page"}],"author":[{"embeddable":true,"href":"https:\/\/jobandsense.be\/en\/wp-json\/wp\/v2\/users\/1"}],"replies":[{"embeddable":true,"href":"https:\/\/jobandsense.be\/en\/wp-json\/wp\/v2\/comments?post=3358"}],"version-history":[{"count":192,"href":"https:\/\/jobandsense.be\/en\/wp-json\/wp\/v2\/pages\/3358\/revisions"}],"predecessor-version":[{"id":14658,"href":"https:\/\/jobandsense.be\/en\/wp-json\/wp\/v2\/pages\/3358\/revisions\/14658"}],"up":[{"embeddable":true,"href":"https:\/\/jobandsense.be\/en\/wp-json\/wp\/v2\/pages\/2218"}],"wp:featuredmedia":[{"embeddable":true,"href":"https:\/\/jobandsense.be\/en\/wp-json\/wp\/v2\/media\/3359"}],"wp:attachment":[{"href":"https:\/\/jobandsense.be\/en\/wp-json\/wp\/v2\/media?parent=3358"}],"curies":[{"name":"wp","href":"https:\/\/api.w.org\/{rel}","templated":true}]}}