{"id":3212,"date":"2021-01-18T08:59:19","date_gmt":"2021-01-18T08:59:19","guid":{"rendered":"https:\/\/jobandsense.be\/?page_id=3212"},"modified":"2021-01-29T08:39:46","modified_gmt":"2021-01-29T08:39:46","slug":"intrapreneur-agent-of-change-within-their-company","status":"publish","type":"page","link":"https:\/\/jobandsense.be\/en\/toolbox\/finding-meaning-in-your-current-job\/intrapreneur-agent-of-change-within-their-company\/","title":{"rendered":"Intrapreneur: Agent of change in your company"},"content":{"rendered":"<div data-elementor-type=\"wp-page\" data-elementor-id=\"3212\" class=\"elementor elementor-3212\" data-elementor-post-type=\"page\">\n\t\t\t\t\t\t<section class=\"elementor-section elementor-top-section elementor-element elementor-element-3c274d5a elementor-section-boxed elementor-section-height-default elementor-section-height-default\" data-id=\"3c274d5a\" data-element_type=\"section\" data-e-type=\"section\">\n\t\t\t\t\t\t<div class=\"elementor-container elementor-column-gap-default\">\n\t\t\t\t\t<div class=\"elementor-column elementor-col-100 elementor-top-column elementor-element elementor-element-5ef72a6a\" data-id=\"5ef72a6a\" data-element_type=\"column\" data-e-type=\"column\">\n\t\t\t<div class=\"elementor-widget-wrap elementor-element-populated\">\n\t\t\t\t\t\t<div class=\"elementor-element elementor-element-7d824728 elementor-widget elementor-widget-text-editor\" data-id=\"7d824728\" data-element_type=\"widget\" data-e-type=\"widget\" data-widget_type=\"text-editor.default\">\n\t\t\t\t<div class=\"elementor-widget-container\">\n\t\t\t\t\t\t\t\t\t<p><\/p>\n<p>The intrapreneur is someone who undertakes within the company where they work. They benefit from low risk for undertaking and more accessible resources (human, financial...). However, they are not as free as an entrepreneur.<\/p>\n<p><\/p>\n<p><\/p>\n<p>Being an Intrapreneur might make you think only of creating a new product or service within your company. That's correct but it's not limited to that; It can also be about <strong>taking initiatives for better well-being in the company.<\/strong>You can thus bring some of your values, hobbies, passions into your current job, which will contribute to giving it meaning.<\/p>\n<p><\/p>\n<p>For example:<\/p>\n<p><\/p>\n<ul class=\"wp-block-list\">\n<li>The person for whom zero waste is very important who tries to change things little by little.<\/li>\n<li>The person who would like to launch as a yoga teacher and who gives classes to their colleagues during lunch time.<\/li>\n<li>The one who likes organizing events and who organizes various activities for their colleagues.<\/li>\n<\/ul>\n<p><\/p>\n<p>One can also be an <strong>intrapreneur and agent of positive change for the world.<\/strong>You can help your company become more sustainable and\/or more social. It's interesting to make things change within a system because it can create leverage effects. And consequently, solve a problem on a larger scale.<\/p>\n<p><\/p>\n<p>According to Mathieu Dardaillon in his book \"activez vos talents\", there are two types of intrapreneurs, actors of change in organizations:<\/p>\n<p><\/p>\n<ul class=\"wp-block-list\">\n<li>The impact intrapreneur who initiates projects, products, services that are linked to the company's strategy. These could potentially become new \"business units\" of the company.<\/li>\n<li>The transformation agent: who helps the company to be more favorable to change.<\/li>\n<\/ul>\n<p><\/p>\t\t\t\t\t\t\t\t<\/div>\n\t\t\t\t<\/div>\n\t\t\t\t\t<\/div>\n\t\t<\/div>\n\t\t\t\t\t<\/div>\n\t\t<\/section>\n\t\t\t\t<\/div>","protected":false},"excerpt":{"rendered":"<p>L\u2019intrapreneur est celui qui entreprend \u00e0 l\u2019int\u00e9rieur de la soci\u00e9t\u00e9 dans laquelle il travaille. Il b\u00e9n\u00e9ficie d\u2019un risque faible pour entreprendre et de ressources plus accessibles (humaines, financi\u00e8res\u2026). Il est n\u00e9anmoins pas aussi libre qu\u2019un entrepreneur. \u00catre Intrapreneur, cela pourrait vous faire penser uniquement \u00e0 la cr\u00e9ation d\u2019un nouveau produit ou d\u2019un nouveau service au&#8230;<\/p>","protected":false},"author":1,"featured_media":3216,"parent":2753,"menu_order":2,"comment_status":"closed","ping_status":"closed","template":"","meta":{"_acf_changed":false,"episode_type":"","audio_file":"","cover_image":"","cover_image_id":"","duration":"","filesize":"","filesize_raw":"","date_recorded":"","explicit":"","block":"","footnotes":""},"class_list":["post-3212","page","type-page","status-publish","has-post-thumbnail","hentry","wpbf-post"],"acf":[],"yoast_head":"<!-- This site is optimized with the Yoast SEO plugin v26.8 - https:\/\/yoast.com\/product\/yoast-seo-wordpress\/ -->\n<title>Intrapreneur: Acteur du changement dans son entreprise &#8226; Job&amp;Sense<\/title>\n<meta name=\"description\" content=\"L\u2019intrapreneur est celui qui entreprend \u00e0 l\u2019int\u00e9rieur de la soci\u00e9t\u00e9 dans laquelle il travaille ce qui comporte certains avantages.\" \/>\n<meta name=\"robots\" content=\"index, follow, max-snippet:-1, max-image-preview:large, max-video-preview:-1\" \/>\n<link rel=\"canonical\" href=\"https:\/\/jobandsense.be\/en\/toolbox\/finding-meaning-in-your-current-job\/intrapreneur-agent-of-change-within-their-company\/\" \/>\n<meta property=\"og:locale\" content=\"en_GB\" \/>\n<meta property=\"og:type\" content=\"article\" \/>\n<meta property=\"og:title\" content=\"Intrapreneur: acteur du changement dans son entreprise\" \/>\n<meta property=\"og:description\" content=\"L\u2019intrapreneur est celui qui entreprend \u00e0 l\u2019int\u00e9rieur de la soci\u00e9t\u00e9 dans laquelle il travaille ce qui comporte certains avantages.\" \/>\n<meta property=\"og:url\" content=\"https:\/\/jobandsense.be\/en\/toolbox\/finding-meaning-in-your-current-job\/intrapreneur-agent-of-change-within-their-company\/\" \/>\n<meta property=\"og:site_name\" content=\"Job&amp;Sense\" \/>\n<meta property=\"article:publisher\" content=\"https:\/\/www.facebook.com\/JobandSense\" \/>\n<meta property=\"article:modified_time\" content=\"2021-01-29T08:39:46+00:00\" \/>\n<meta property=\"og:image\" content=\"https:\/\/jobandsense.be\/wp-content\/uploads\/2021\/01\/intrapreneur.jpg\" \/>\n\t<meta property=\"og:image:width\" content=\"1920\" \/>\n\t<meta property=\"og:image:height\" content=\"1280\" \/>\n\t<meta property=\"og:image:type\" content=\"image\/jpeg\" \/>\n<meta name=\"twitter:card\" content=\"summary_large_image\" \/>\n<meta name=\"twitter:label1\" content=\"Estimated reading time\" \/>\n\t<meta name=\"twitter:data1\" content=\"2 minutes\" \/>\n<script type=\"application\/ld+json\" class=\"yoast-schema-graph\">{\"@context\":\"https:\/\/schema.org\",\"@graph\":[{\"@type\":\"WebPage\",\"@id\":\"https:\/\/jobandsense.be\/boite-a-outils\/retrouver-du-sens-dans-son-job-actuel\/intrapreneur-acteur-du-changement-dans-son-entreprise\/\",\"url\":\"https:\/\/jobandsense.be\/boite-a-outils\/retrouver-du-sens-dans-son-job-actuel\/intrapreneur-acteur-du-changement-dans-son-entreprise\/\",\"name\":\"Intrapreneur: Acteur du changement dans son entreprise &#8226; Job&Sense\",\"isPartOf\":{\"@id\":\"https:\/\/jobandsense.be\/#website\"},\"primaryImageOfPage\":{\"@id\":\"https:\/\/jobandsense.be\/boite-a-outils\/retrouver-du-sens-dans-son-job-actuel\/intrapreneur-acteur-du-changement-dans-son-entreprise\/#primaryimage\"},\"image\":{\"@id\":\"https:\/\/jobandsense.be\/boite-a-outils\/retrouver-du-sens-dans-son-job-actuel\/intrapreneur-acteur-du-changement-dans-son-entreprise\/#primaryimage\"},\"thumbnailUrl\":\"https:\/\/jobandsense.be\/wp-content\/uploads\/2021\/01\/intrapreneur.jpg\",\"datePublished\":\"2021-01-18T08:59:19+00:00\",\"dateModified\":\"2021-01-29T08:39:46+00:00\",\"description\":\"L\u2019intrapreneur est celui qui entreprend \u00e0 l\u2019int\u00e9rieur de la soci\u00e9t\u00e9 dans laquelle il travaille ce qui comporte certains avantages.\",\"breadcrumb\":{\"@id\":\"https:\/\/jobandsense.be\/boite-a-outils\/retrouver-du-sens-dans-son-job-actuel\/intrapreneur-acteur-du-changement-dans-son-entreprise\/#breadcrumb\"},\"inLanguage\":\"en-GB\",\"potentialAction\":[{\"@type\":\"ReadAction\",\"target\":[\"https:\/\/jobandsense.be\/boite-a-outils\/retrouver-du-sens-dans-son-job-actuel\/intrapreneur-acteur-du-changement-dans-son-entreprise\/\"]}]},{\"@type\":\"ImageObject\",\"inLanguage\":\"en-GB\",\"@id\":\"https:\/\/jobandsense.be\/boite-a-outils\/retrouver-du-sens-dans-son-job-actuel\/intrapreneur-acteur-du-changement-dans-son-entreprise\/#primaryimage\",\"url\":\"https:\/\/jobandsense.be\/wp-content\/uploads\/2021\/01\/intrapreneur.jpg\",\"contentUrl\":\"https:\/\/jobandsense.be\/wp-content\/uploads\/2021\/01\/intrapreneur.jpg\",\"width\":1920,\"height\":1280,\"caption\":\"Image par johnyksslr de Pixabay\"},{\"@type\":\"BreadcrumbList\",\"@id\":\"https:\/\/jobandsense.be\/boite-a-outils\/retrouver-du-sens-dans-son-job-actuel\/intrapreneur-acteur-du-changement-dans-son-entreprise\/#breadcrumb\",\"itemListElement\":[{\"@type\":\"ListItem\",\"position\":1,\"name\":\"Accueil\",\"item\":\"https:\/\/jobandsense.be\/\"},{\"@type\":\"ListItem\",\"position\":2,\"name\":\"Bo\u00eete \u00e0 outils\",\"item\":\"https:\/\/jobandsense.be\/boite-a-outils\/\"},{\"@type\":\"ListItem\",\"position\":3,\"name\":\"Retrouver du sens dans son job actuel\",\"item\":\"https:\/\/jobandsense.be\/boite-a-outils\/retrouver-du-sens-dans-son-job-actuel\/\"},{\"@type\":\"ListItem\",\"position\":4,\"name\":\"Intrapreneur: Acteur du changement dans son entreprise\"}]},{\"@type\":\"WebSite\",\"@id\":\"https:\/\/jobandsense.be\/#website\",\"url\":\"https:\/\/jobandsense.be\/\",\"name\":\"Job&amp;Sense\",\"description\":\"La plateforme qui vous donne toutes les informations pour trouver un job qui a du sens\",\"publisher\":{\"@id\":\"https:\/\/jobandsense.be\/#organization\"},\"potentialAction\":[{\"@type\":\"SearchAction\",\"target\":{\"@type\":\"EntryPoint\",\"urlTemplate\":\"https:\/\/jobandsense.be\/?s={search_term_string}\"},\"query-input\":{\"@type\":\"PropertyValueSpecification\",\"valueRequired\":true,\"valueName\":\"search_term_string\"}}],\"inLanguage\":\"en-GB\"},{\"@type\":\"Organization\",\"@id\":\"https:\/\/jobandsense.be\/#organization\",\"name\":\"Job&Sense\",\"url\":\"https:\/\/jobandsense.be\/\",\"logo\":{\"@type\":\"ImageObject\",\"inLanguage\":\"en-GB\",\"@id\":\"https:\/\/jobandsense.be\/#\/schema\/logo\/image\/\",\"url\":\"\",\"contentUrl\":\"\",\"caption\":\"Job&Sense\"},\"image\":{\"@id\":\"https:\/\/jobandsense.be\/#\/schema\/logo\/image\/\"},\"sameAs\":[\"https:\/\/www.facebook.com\/JobandSense\",\"https:\/\/www.instagram.com\/jobandsense\/\",\"https:\/\/www.linkedin.com\/company\/52173671\/admin\/\"]}]}<\/script>\n<!-- \/ Yoast SEO plugin. -->","yoast_head_json":{"title":"Intrapreneur: Acteur du changement dans son entreprise &#8226; Job&Sense","description":"L\u2019intrapreneur est celui qui entreprend \u00e0 l\u2019int\u00e9rieur de la soci\u00e9t\u00e9 dans laquelle il travaille ce qui comporte certains avantages.","robots":{"index":"index","follow":"follow","max-snippet":"max-snippet:-1","max-image-preview":"max-image-preview:large","max-video-preview":"max-video-preview:-1"},"canonical":"https:\/\/jobandsense.be\/en\/toolbox\/finding-meaning-in-your-current-job\/intrapreneur-agent-of-change-within-their-company\/","og_locale":"en_GB","og_type":"article","og_title":"Intrapreneur: acteur du changement dans son entreprise","og_description":"L\u2019intrapreneur est celui qui entreprend \u00e0 l\u2019int\u00e9rieur de la soci\u00e9t\u00e9 dans laquelle il travaille ce qui comporte certains avantages.","og_url":"https:\/\/jobandsense.be\/en\/toolbox\/finding-meaning-in-your-current-job\/intrapreneur-agent-of-change-within-their-company\/","og_site_name":"Job&amp;Sense","article_publisher":"https:\/\/www.facebook.com\/JobandSense","article_modified_time":"2021-01-29T08:39:46+00:00","og_image":[{"width":1920,"height":1280,"url":"https:\/\/jobandsense.be\/wp-content\/uploads\/2021\/01\/intrapreneur.jpg","type":"image\/jpeg"}],"twitter_card":"summary_large_image","twitter_misc":{"Estimated reading time":"2 minutes"},"schema":{"@context":"https:\/\/schema.org","@graph":[{"@type":"WebPage","@id":"https:\/\/jobandsense.be\/boite-a-outils\/retrouver-du-sens-dans-son-job-actuel\/intrapreneur-acteur-du-changement-dans-son-entreprise\/","url":"https:\/\/jobandsense.be\/boite-a-outils\/retrouver-du-sens-dans-son-job-actuel\/intrapreneur-acteur-du-changement-dans-son-entreprise\/","name":"Intrapreneur: Acteur du changement dans son entreprise &#8226; Job&Sense","isPartOf":{"@id":"https:\/\/jobandsense.be\/#website"},"primaryImageOfPage":{"@id":"https:\/\/jobandsense.be\/boite-a-outils\/retrouver-du-sens-dans-son-job-actuel\/intrapreneur-acteur-du-changement-dans-son-entreprise\/#primaryimage"},"image":{"@id":"https:\/\/jobandsense.be\/boite-a-outils\/retrouver-du-sens-dans-son-job-actuel\/intrapreneur-acteur-du-changement-dans-son-entreprise\/#primaryimage"},"thumbnailUrl":"https:\/\/jobandsense.be\/wp-content\/uploads\/2021\/01\/intrapreneur.jpg","datePublished":"2021-01-18T08:59:19+00:00","dateModified":"2021-01-29T08:39:46+00:00","description":"L\u2019intrapreneur est celui qui entreprend \u00e0 l\u2019int\u00e9rieur de la soci\u00e9t\u00e9 dans laquelle il travaille ce qui comporte certains avantages.","breadcrumb":{"@id":"https:\/\/jobandsense.be\/boite-a-outils\/retrouver-du-sens-dans-son-job-actuel\/intrapreneur-acteur-du-changement-dans-son-entreprise\/#breadcrumb"},"inLanguage":"en-GB","potentialAction":[{"@type":"ReadAction","target":["https:\/\/jobandsense.be\/boite-a-outils\/retrouver-du-sens-dans-son-job-actuel\/intrapreneur-acteur-du-changement-dans-son-entreprise\/"]}]},{"@type":"ImageObject","inLanguage":"en-GB","@id":"https:\/\/jobandsense.be\/boite-a-outils\/retrouver-du-sens-dans-son-job-actuel\/intrapreneur-acteur-du-changement-dans-son-entreprise\/#primaryimage","url":"https:\/\/jobandsense.be\/wp-content\/uploads\/2021\/01\/intrapreneur.jpg","contentUrl":"https:\/\/jobandsense.be\/wp-content\/uploads\/2021\/01\/intrapreneur.jpg","width":1920,"height":1280,"caption":"Image par johnyksslr de Pixabay"},{"@type":"BreadcrumbList","@id":"https:\/\/jobandsense.be\/boite-a-outils\/retrouver-du-sens-dans-son-job-actuel\/intrapreneur-acteur-du-changement-dans-son-entreprise\/#breadcrumb","itemListElement":[{"@type":"ListItem","position":1,"name":"Accueil","item":"https:\/\/jobandsense.be\/"},{"@type":"ListItem","position":2,"name":"Bo\u00eete \u00e0 outils","item":"https:\/\/jobandsense.be\/boite-a-outils\/"},{"@type":"ListItem","position":3,"name":"Retrouver du sens dans son job actuel","item":"https:\/\/jobandsense.be\/boite-a-outils\/retrouver-du-sens-dans-son-job-actuel\/"},{"@type":"ListItem","position":4,"name":"Intrapreneur: Acteur du changement dans son entreprise"}]},{"@type":"WebSite","@id":"https:\/\/jobandsense.be\/#website","url":"https:\/\/jobandsense.be\/","name":"Job&amp;Sense","description":"La plateforme qui vous donne toutes les informations pour trouver un job qui a du sens","publisher":{"@id":"https:\/\/jobandsense.be\/#organization"},"potentialAction":[{"@type":"SearchAction","target":{"@type":"EntryPoint","urlTemplate":"https:\/\/jobandsense.be\/?s={search_term_string}"},"query-input":{"@type":"PropertyValueSpecification","valueRequired":true,"valueName":"search_term_string"}}],"inLanguage":"en-GB"},{"@type":"Organization","@id":"https:\/\/jobandsense.be\/#organization","name":"Job&Sense","url":"https:\/\/jobandsense.be\/","logo":{"@type":"ImageObject","inLanguage":"en-GB","@id":"https:\/\/jobandsense.be\/#\/schema\/logo\/image\/","url":"","contentUrl":"","caption":"Job&Sense"},"image":{"@id":"https:\/\/jobandsense.be\/#\/schema\/logo\/image\/"},"sameAs":["https:\/\/www.facebook.com\/JobandSense","https:\/\/www.instagram.com\/jobandsense\/","https:\/\/www.linkedin.com\/company\/52173671\/admin\/"]}]}},"jetpack_sharing_enabled":true,"_links":{"self":[{"href":"https:\/\/jobandsense.be\/en\/wp-json\/wp\/v2\/pages\/3212","targetHints":{"allow":["GET"]}}],"collection":[{"href":"https:\/\/jobandsense.be\/en\/wp-json\/wp\/v2\/pages"}],"about":[{"href":"https:\/\/jobandsense.be\/en\/wp-json\/wp\/v2\/types\/page"}],"author":[{"embeddable":true,"href":"https:\/\/jobandsense.be\/en\/wp-json\/wp\/v2\/users\/1"}],"replies":[{"embeddable":true,"href":"https:\/\/jobandsense.be\/en\/wp-json\/wp\/v2\/comments?post=3212"}],"version-history":[{"count":13,"href":"https:\/\/jobandsense.be\/en\/wp-json\/wp\/v2\/pages\/3212\/revisions"}],"predecessor-version":[{"id":5407,"href":"https:\/\/jobandsense.be\/en\/wp-json\/wp\/v2\/pages\/3212\/revisions\/5407"}],"up":[{"embeddable":true,"href":"https:\/\/jobandsense.be\/en\/wp-json\/wp\/v2\/pages\/2753"}],"wp:featuredmedia":[{"embeddable":true,"href":"https:\/\/jobandsense.be\/en\/wp-json\/wp\/v2\/media\/3216"}],"wp:attachment":[{"href":"https:\/\/jobandsense.be\/en\/wp-json\/wp\/v2\/media?parent=3212"}],"curies":[{"name":"wp","href":"https:\/\/api.w.org\/{rel}","templated":true}]}}