{"id":3184,"date":"2021-01-18T08:20:07","date_gmt":"2021-01-18T08:20:07","guid":{"rendered":"https:\/\/jobandsense.be\/?page_id=3184"},"modified":"2023-08-28T11:21:56","modified_gmt":"2023-08-28T09:21:56","slug":"job-crafting-design-your-own-job","status":"publish","type":"page","link":"https:\/\/jobandsense.be\/en\/toolbox\/finding-meaning-in-your-current-job\/job-crafting-design-your-own-job\/","title":{"rendered":"Job crafting: \"shaping your own job\""},"content":{"rendered":"<div data-elementor-type=\"wp-page\" data-elementor-id=\"3184\" class=\"elementor elementor-3184\" data-elementor-post-type=\"page\">\n\t\t\t\t\t\t<section class=\"elementor-section elementor-top-section elementor-element elementor-element-61e5a9bc elementor-section-boxed elementor-section-height-default elementor-section-height-default\" data-id=\"61e5a9bc\" data-element_type=\"section\" data-e-type=\"section\">\n\t\t\t\t\t\t<div class=\"elementor-container elementor-column-gap-default\">\n\t\t\t\t\t<div class=\"elementor-column elementor-col-100 elementor-top-column elementor-element elementor-element-79ba2bb9\" data-id=\"79ba2bb9\" data-element_type=\"column\" data-e-type=\"column\">\n\t\t\t<div class=\"elementor-widget-wrap elementor-element-populated\">\n\t\t\t\t\t\t<div class=\"elementor-element elementor-element-701b8a9c elementor-widget elementor-widget-text-editor\" data-id=\"701b8a9c\" data-element_type=\"widget\" data-e-type=\"widget\" data-widget_type=\"text-editor.default\">\n\t\t\t\t<div class=\"elementor-widget-container\">\n\t\t\t\t\t\t\t\t\t<p><\/p>\n<p>Job crafting consists of shaping one's work to derive more satisfaction from it, increase motivation, combat boredom, and increase one's level of involvement in professional life. In other words, it means gradually adapting your work and the conditions in which you perform it so that it best fits your qualities, skills, and interests.<\/p>\n<p><\/p>\n<p>Therefore, and above all, Job &amp; Sense advises you, if you haven't already done so, to follow the first two steps of the journey: <span style=\"text-decoration: underline;\"><a href=\"https:\/\/jobandsense.be\/en\/toolbox\/take-stock-of-his-current-situation\/\">taking stock of your current situation<\/a><\/span>\u00a0and <span style=\"text-decoration: underline;\"><a href=\"https:\/\/jobandsense.be\/en\/toolbox\/get-to-know-yourself-better\/\">getting to know yourself better.<\/a><\/span>This way, you'll have a very detailed view of your current job and deeper self-knowledge.<\/p>\n<p><\/p>\n<p>Then, you need to adopt the right mindset. No, everything isn't set in stone; you can change certain things.<\/p>\n<p><\/p>\n<p>Try to define which aspects you could adapt on your own initiative and which ones require a discussion with your management or with someone from human resources.<\/p>\n<p><\/p>\n<p>Know that if your requests are realistic and positive, your management will certainly be open to listening to you. A happier worker will be a more engaged worker for their company and more productive. So go for it, don't hesitate, and take matters into your own hands.<\/p>\n<p><\/p>\n<p>This practice of \"job crafting\" was developed in the United States in the 2000s and has become widespread. However, it has always existed, with many people shaping their jobs without knowing it.<\/p>\n<p><\/p>\n<p>The University of Michigan, in its 2008 study \"What is Job Crafting and Why does it matter?\" concludes that there are four ways to shape your work by questioning:<\/p>\n<p><\/p>\t\t\t\t\t\t\t\t<\/div>\n\t\t\t\t<\/div>\n\t\t\t\t<div class=\"elementor-element elementor-element-33a9bd6 elementor-widget elementor-widget-image\" data-id=\"33a9bd6\" data-element_type=\"widget\" data-e-type=\"widget\" data-widget_type=\"image.default\">\n\t\t\t\t<div class=\"elementor-widget-container\">\n\t\t\t\t\t\t\t\t\t\t\t\t\t\t\t<img fetchpriority=\"high\" decoding=\"async\" width=\"1024\" height=\"436\" src=\"https:\/\/jobandsense.be\/wp-content\/uploads\/2025\/09\/job-craft-en.png\" class=\"attachment-large size-large wp-image-5417\" alt=\"job crafting\" srcset=\"https:\/\/jobandsense.be\/wp-content\/uploads\/2025\/09\/job-craft-en.png 2560w, https:\/\/jobandsense.be\/wp-content\/uploads\/2025\/09\/job-craft-en-300x135.png 300w, https:\/\/jobandsense.be\/wp-content\/uploads\/2025\/09\/job-craft-en-1024x462.png 1024w, https:\/\/jobandsense.be\/wp-content\/uploads\/2025\/09\/job-craft-en-768x347.png 768w, https:\/\/jobandsense.be\/wp-content\/uploads\/2025\/09\/job-craft-en-1536x693.png 1536w, https:\/\/jobandsense.be\/wp-content\/uploads\/2025\/09\/job-craft-en-2048x924.png 2048w, https:\/\/jobandsense.be\/wp-content\/uploads\/2025\/09\/job-craft-en-18x8.png 18w, https:\/\/jobandsense.be\/wp-content\/uploads\/2025\/09\/job-craft-en-1320x596.png 1320w\" sizes=\"(max-width: 1024px) 100vw, 1024px\" \/>\t\t\t\t\t\t\t\t\t\t\t\t\t\t\t<\/div>\n\t\t\t\t<\/div>\n\t\t\t\t<div class=\"elementor-element elementor-element-4acd326 elementor-widget elementor-widget-heading\" data-id=\"4acd326\" data-element_type=\"widget\" data-e-type=\"widget\" data-widget_type=\"heading.default\">\n\t\t\t\t<div class=\"elementor-widget-container\">\n\t\t\t\t\t<h2 class=\"elementor-heading-title elementor-size-default\"><b>The tasks you perform<\/b><\/h2>\t\t\t\t<\/div>\n\t\t\t\t<\/div>\n\t\t\t\t<div class=\"elementor-element elementor-element-b01e43e elementor-widget elementor-widget-text-editor\" data-id=\"b01e43e\" data-element_type=\"widget\" data-e-type=\"widget\" data-widget_type=\"text-editor.default\">\n\t\t\t\t<div class=\"elementor-widget-container\">\n\t\t\t\t\t\t\t\t\t<p><\/p>\n<p>You can try to change the number, type, nature of the tasks you perform, or the methodology you use to do them.<\/p>\n<p><\/p>\n<p>For example by:\u00a0\u00a0\u00a0\u00a0\u00a0\u00a0\u00a0\u00a0<\/p>\n<p><\/p>\n<ul class=\"wp-block-list\">\n<li>Emphasizing the task or tasks you like to do.<\/li>\n<li>Adding a task you would like to do but aren't currently doing.<\/li>\n<li>Removing tasks that weigh you down.<\/li>\n<\/ul>\n<p><\/p>\t\t\t\t\t\t\t\t<\/div>\n\t\t\t\t<\/div>\n\t\t\t\t<div class=\"elementor-element elementor-element-338fd1b elementor-widget elementor-widget-heading\" data-id=\"338fd1b\" data-element_type=\"widget\" data-e-type=\"widget\" data-widget_type=\"heading.default\">\n\t\t\t\t<div class=\"elementor-widget-container\">\n\t\t\t\t\t<h2 class=\"elementor-heading-title elementor-size-default\"><b>The perception of your work<\/b><\/h2>\t\t\t\t<\/div>\n\t\t\t\t<\/div>\n\t\t\t\t<div class=\"elementor-element elementor-element-e2b784f elementor-widget elementor-widget-text-editor\" data-id=\"e2b784f\" data-element_type=\"widget\" data-e-type=\"widget\" data-widget_type=\"text-editor.default\">\n\t\t\t\t<div class=\"elementor-widget-container\">\n\t\t\t\t\t\t\t\t\t<p><\/p>\n<p>The way you perceive your work can change many things. This could indeed add meaning to it and allow you, for example, to question the usefulness of the tasks you perform.<\/p>\n<p><\/p>\n<p>Every job, indeed, involves more or less tedious tasks or drawbacks, and the way you perceive them and give them meaning can make them more bearable.<\/p>\n<p><\/p>\n<p>Try to answer the question: \"I help XXX to XXX by doing XXX\"<\/p>\n<p><\/p>\n<p>For example: I help the company save money and entrepreneurs save time by doing their accounting, or: I help people emerge stronger from their burnout by coaching them and helping them know themselves better.<\/p>\n<p><\/p>\t\t\t\t\t\t\t\t<\/div>\n\t\t\t\t<\/div>\n\t\t\t\t<div class=\"elementor-element elementor-element-30cd0c1 elementor-widget elementor-widget-heading\" data-id=\"30cd0c1\" data-element_type=\"widget\" data-e-type=\"widget\" data-widget_type=\"heading.default\">\n\t\t\t\t<div class=\"elementor-widget-container\">\n\t\t\t\t\t<h2 class=\"elementor-heading-title elementor-size-default\"><b>The quality of interpersonal relationships you have in the context of your work\n<\/b>\n<\/h2>\t\t\t\t<\/div>\n\t\t\t\t<\/div>\n\t\t\t\t<div class=\"elementor-element elementor-element-082cb10 elementor-widget elementor-widget-text-editor\" data-id=\"082cb10\" data-element_type=\"widget\" data-e-type=\"widget\" data-widget_type=\"text-editor.default\">\n\t\t\t\t<div class=\"elementor-widget-container\">\n\t\t\t\t\t\t\t\t\t<p><\/p>\n<p>You can change your daily work by changing the nature of your interpersonal relationships.<\/p>\n<p><\/p>\n<p>For example by:<\/p>\n<p><\/p>\n<ul class=\"wp-block-list\">\n<li>Trying to reduce your contacts with those who harm you.<\/li>\n<li>Making contact with other people, people in other departments, other functions for example.<\/li>\n<li>Creating closer relationships with your colleagues by helping and supporting them.<\/li>\n<li>Creating better relationships with your clients and\/or beneficiaries.<\/li>\n<\/ul>\n<p><\/p>\t\t\t\t\t\t\t\t<\/div>\n\t\t\t\t<\/div>\n\t\t\t\t<div class=\"elementor-element elementor-element-83c1233 elementor-widget elementor-widget-heading\" data-id=\"83c1233\" data-element_type=\"widget\" data-e-type=\"widget\" data-widget_type=\"heading.default\">\n\t\t\t\t<div class=\"elementor-widget-container\">\n\t\t\t\t\t<h2 class=\"elementor-heading-title elementor-size-default\"><b>The context in which you perform your work<\/b><\/h2>\t\t\t\t<\/div>\n\t\t\t\t<\/div>\n\t\t\t\t<div class=\"elementor-element elementor-element-db1b6c0 elementor-widget elementor-widget-text-editor\" data-id=\"db1b6c0\" data-element_type=\"widget\" data-e-type=\"widget\" data-widget_type=\"text-editor.default\">\n\t\t\t\t<div class=\"elementor-widget-container\">\n\t\t\t\t\t\t\t\t\t<p><\/p>\n<p>Finally, context can affect your well-being at work.<\/p>\n<p><\/p>\n<p>There are things you can modify to feel better, such as asking to change offices in your company, if possible, working from home some days, increasing or decreasing your working hours, ...<\/p>\n<p><\/p>\n<p>Don't hesitate to reread the priorities you set for yourself in the&nbsp;<span style=\"text-decoration: underline;\"><a href=\"https:\/\/jobandsense.be\/en\/toolbox\/take-stock-of-his-current-situation\/\">taking stock of your current situation<\/a><\/span>&nbsp;section to know what context will help you feel better.<\/p>\n<p><\/p>\t\t\t\t\t\t\t\t<\/div>\n\t\t\t\t<\/div>\n\t\t\t\t\t<\/div>\n\t\t<\/div>\n\t\t\t\t\t<\/div>\n\t\t<\/section>\n\t\t\t\t<\/div>","protected":false},"excerpt":{"rendered":"<p>Le\u00a0\u00ab job crafting\u00a0\u00bb consiste \u00e0 modeler son travail pour en retirer plus de satisfaction, augmenter sa motivation, combattre l\u2019ennui et augmenter son niveau d\u2019implication dans sa vie professionnelle. Autrement dit, c\u2019est adapter petit \u00e0 petit son travail et les conditions dans lesquelles on l\u2019exerce pour qu\u2019il s\u2019ajuste au mieux \u00e0 vos qualit\u00e9s, comp\u00e9tences et int\u00e9r\u00eats&#8230;.<\/p>","protected":false},"author":1,"featured_media":3185,"parent":2753,"menu_order":1,"comment_status":"closed","ping_status":"closed","template":"","meta":{"_acf_changed":false,"episode_type":"","audio_file":"","cover_image":"","cover_image_id":"","duration":"","filesize":"","filesize_raw":"","date_recorded":"","explicit":"","block":"","footnotes":""},"class_list":["post-3184","page","type-page","status-publish","has-post-thumbnail","hentry","wpbf-post"],"acf":[],"yoast_head":"<!-- This site is optimized with the Yoast SEO plugin v26.8 - https:\/\/yoast.com\/product\/yoast-seo-wordpress\/ -->\n<title>Job crafting: &quot;modeler son propre emploi&quot; &#8226; Job&amp;Sense<\/title>\n<meta name=\"description\" content=\"Le \u00ab job crafting \u00bb consiste \u00e0 modeler son travail pour en retirer plus de satisfaction, augmenter sa motivation, son implication et combattre l\u2019ennui.\" \/>\n<meta name=\"robots\" content=\"index, follow, max-snippet:-1, max-image-preview:large, max-video-preview:-1\" \/>\n<link rel=\"canonical\" href=\"https:\/\/jobandsense.be\/en\/toolbox\/finding-meaning-in-your-current-job\/job-crafting-design-your-own-job\/\" \/>\n<meta property=\"og:locale\" content=\"en_GB\" \/>\n<meta property=\"og:type\" content=\"article\" \/>\n<meta property=\"og:title\" content=\"Job crafting: &quot;modeler son propre emploi&quot;\" \/>\n<meta property=\"og:description\" content=\"Le \u00ab job crafting \u00bb consiste \u00e0 modeler son travail pour en retirer plus de satisfaction, augmenter sa motivation, combattre l\u2019ennui et augmenter son niveau d\u2019implication dans sa vie professionnelle.\" \/>\n<meta property=\"og:url\" content=\"https:\/\/jobandsense.be\/en\/toolbox\/finding-meaning-in-your-current-job\/job-crafting-design-your-own-job\/\" \/>\n<meta property=\"og:site_name\" content=\"Job&amp;Sense\" \/>\n<meta property=\"article:publisher\" content=\"https:\/\/www.facebook.com\/JobandSense\" \/>\n<meta property=\"article:modified_time\" content=\"2023-08-28T09:21:56+00:00\" \/>\n<meta property=\"og:image\" content=\"https:\/\/jobandsense.be\/wp-content\/uploads\/2021\/01\/job-crafting.jpg\" \/>\n\t<meta property=\"og:image:width\" content=\"1920\" \/>\n\t<meta property=\"og:image:height\" content=\"1280\" \/>\n\t<meta property=\"og:image:type\" content=\"image\/jpeg\" \/>\n<meta name=\"twitter:card\" content=\"summary_large_image\" \/>\n<meta name=\"twitter:label1\" content=\"Estimated reading time\" \/>\n\t<meta name=\"twitter:data1\" content=\"4 minutes\" \/>\n<script type=\"application\/ld+json\" class=\"yoast-schema-graph\">{\"@context\":\"https:\/\/schema.org\",\"@graph\":[{\"@type\":\"WebPage\",\"@id\":\"https:\/\/jobandsense.be\/boite-a-outils\/retrouver-du-sens-dans-son-job-actuel\/job-crafting-modeler-son-propre-emploi\/\",\"url\":\"https:\/\/jobandsense.be\/boite-a-outils\/retrouver-du-sens-dans-son-job-actuel\/job-crafting-modeler-son-propre-emploi\/\",\"name\":\"Job crafting: \\\"modeler son propre emploi\\\" &#8226; Job&Sense\",\"isPartOf\":{\"@id\":\"https:\/\/jobandsense.be\/#website\"},\"primaryImageOfPage\":{\"@id\":\"https:\/\/jobandsense.be\/boite-a-outils\/retrouver-du-sens-dans-son-job-actuel\/job-crafting-modeler-son-propre-emploi\/#primaryimage\"},\"image\":{\"@id\":\"https:\/\/jobandsense.be\/boite-a-outils\/retrouver-du-sens-dans-son-job-actuel\/job-crafting-modeler-son-propre-emploi\/#primaryimage\"},\"thumbnailUrl\":\"https:\/\/jobandsense.be\/wp-content\/uploads\/2021\/01\/job-crafting.jpg\",\"datePublished\":\"2021-01-18T08:20:07+00:00\",\"dateModified\":\"2023-08-28T09:21:56+00:00\",\"description\":\"Le \u00ab job crafting \u00bb consiste \u00e0 modeler son travail pour en retirer plus de satisfaction, augmenter sa motivation, son implication et combattre l\u2019ennui.\",\"breadcrumb\":{\"@id\":\"https:\/\/jobandsense.be\/boite-a-outils\/retrouver-du-sens-dans-son-job-actuel\/job-crafting-modeler-son-propre-emploi\/#breadcrumb\"},\"inLanguage\":\"en-GB\",\"potentialAction\":[{\"@type\":\"ReadAction\",\"target\":[\"https:\/\/jobandsense.be\/boite-a-outils\/retrouver-du-sens-dans-son-job-actuel\/job-crafting-modeler-son-propre-emploi\/\"]}]},{\"@type\":\"ImageObject\",\"inLanguage\":\"en-GB\",\"@id\":\"https:\/\/jobandsense.be\/boite-a-outils\/retrouver-du-sens-dans-son-job-actuel\/job-crafting-modeler-son-propre-emploi\/#primaryimage\",\"url\":\"https:\/\/jobandsense.be\/wp-content\/uploads\/2021\/01\/job-crafting.jpg\",\"contentUrl\":\"https:\/\/jobandsense.be\/wp-content\/uploads\/2021\/01\/job-crafting.jpg\",\"width\":1920,\"height\":1280,\"caption\":\"Image par Pexels de Pixabay\"},{\"@type\":\"BreadcrumbList\",\"@id\":\"https:\/\/jobandsense.be\/boite-a-outils\/retrouver-du-sens-dans-son-job-actuel\/job-crafting-modeler-son-propre-emploi\/#breadcrumb\",\"itemListElement\":[{\"@type\":\"ListItem\",\"position\":1,\"name\":\"Accueil\",\"item\":\"https:\/\/jobandsense.be\/\"},{\"@type\":\"ListItem\",\"position\":2,\"name\":\"Bo\u00eete \u00e0 outils\",\"item\":\"https:\/\/jobandsense.be\/boite-a-outils\/\"},{\"@type\":\"ListItem\",\"position\":3,\"name\":\"Retrouver du sens dans son job actuel\",\"item\":\"https:\/\/jobandsense.be\/boite-a-outils\/retrouver-du-sens-dans-son-job-actuel\/\"},{\"@type\":\"ListItem\",\"position\":4,\"name\":\"Job crafting: &#8220;modeler son propre emploi&#8221;\"}]},{\"@type\":\"WebSite\",\"@id\":\"https:\/\/jobandsense.be\/#website\",\"url\":\"https:\/\/jobandsense.be\/\",\"name\":\"Job&amp;Sense\",\"description\":\"La plateforme qui vous donne toutes les informations pour trouver un job qui a du sens\",\"publisher\":{\"@id\":\"https:\/\/jobandsense.be\/#organization\"},\"potentialAction\":[{\"@type\":\"SearchAction\",\"target\":{\"@type\":\"EntryPoint\",\"urlTemplate\":\"https:\/\/jobandsense.be\/?s={search_term_string}\"},\"query-input\":{\"@type\":\"PropertyValueSpecification\",\"valueRequired\":true,\"valueName\":\"search_term_string\"}}],\"inLanguage\":\"en-GB\"},{\"@type\":\"Organization\",\"@id\":\"https:\/\/jobandsense.be\/#organization\",\"name\":\"Job&Sense\",\"url\":\"https:\/\/jobandsense.be\/\",\"logo\":{\"@type\":\"ImageObject\",\"inLanguage\":\"en-GB\",\"@id\":\"https:\/\/jobandsense.be\/#\/schema\/logo\/image\/\",\"url\":\"\",\"contentUrl\":\"\",\"caption\":\"Job&Sense\"},\"image\":{\"@id\":\"https:\/\/jobandsense.be\/#\/schema\/logo\/image\/\"},\"sameAs\":[\"https:\/\/www.facebook.com\/JobandSense\",\"https:\/\/www.instagram.com\/jobandsense\/\",\"https:\/\/www.linkedin.com\/company\/52173671\/admin\/\"]}]}<\/script>\n<!-- \/ Yoast SEO plugin. -->","yoast_head_json":{"title":"Job crafting: \"modeler son propre emploi\" &#8226; Job&Sense","description":"Le \u00ab job crafting \u00bb consiste \u00e0 modeler son travail pour en retirer plus de satisfaction, augmenter sa motivation, son implication et combattre l\u2019ennui.","robots":{"index":"index","follow":"follow","max-snippet":"max-snippet:-1","max-image-preview":"max-image-preview:large","max-video-preview":"max-video-preview:-1"},"canonical":"https:\/\/jobandsense.be\/en\/toolbox\/finding-meaning-in-your-current-job\/job-crafting-design-your-own-job\/","og_locale":"en_GB","og_type":"article","og_title":"Job crafting: \"modeler son propre emploi\"","og_description":"Le \u00ab job crafting \u00bb consiste \u00e0 modeler son travail pour en retirer plus de satisfaction, augmenter sa motivation, combattre l\u2019ennui et augmenter son niveau d\u2019implication dans sa vie professionnelle.","og_url":"https:\/\/jobandsense.be\/en\/toolbox\/finding-meaning-in-your-current-job\/job-crafting-design-your-own-job\/","og_site_name":"Job&amp;Sense","article_publisher":"https:\/\/www.facebook.com\/JobandSense","article_modified_time":"2023-08-28T09:21:56+00:00","og_image":[{"width":1920,"height":1280,"url":"https:\/\/jobandsense.be\/wp-content\/uploads\/2021\/01\/job-crafting.jpg","type":"image\/jpeg"}],"twitter_card":"summary_large_image","twitter_misc":{"Estimated reading time":"4 minutes"},"schema":{"@context":"https:\/\/schema.org","@graph":[{"@type":"WebPage","@id":"https:\/\/jobandsense.be\/boite-a-outils\/retrouver-du-sens-dans-son-job-actuel\/job-crafting-modeler-son-propre-emploi\/","url":"https:\/\/jobandsense.be\/boite-a-outils\/retrouver-du-sens-dans-son-job-actuel\/job-crafting-modeler-son-propre-emploi\/","name":"Job crafting: \"modeler son propre emploi\" &#8226; Job&Sense","isPartOf":{"@id":"https:\/\/jobandsense.be\/#website"},"primaryImageOfPage":{"@id":"https:\/\/jobandsense.be\/boite-a-outils\/retrouver-du-sens-dans-son-job-actuel\/job-crafting-modeler-son-propre-emploi\/#primaryimage"},"image":{"@id":"https:\/\/jobandsense.be\/boite-a-outils\/retrouver-du-sens-dans-son-job-actuel\/job-crafting-modeler-son-propre-emploi\/#primaryimage"},"thumbnailUrl":"https:\/\/jobandsense.be\/wp-content\/uploads\/2021\/01\/job-crafting.jpg","datePublished":"2021-01-18T08:20:07+00:00","dateModified":"2023-08-28T09:21:56+00:00","description":"Le \u00ab job crafting \u00bb consiste \u00e0 modeler son travail pour en retirer plus de satisfaction, augmenter sa motivation, son implication et combattre l\u2019ennui.","breadcrumb":{"@id":"https:\/\/jobandsense.be\/boite-a-outils\/retrouver-du-sens-dans-son-job-actuel\/job-crafting-modeler-son-propre-emploi\/#breadcrumb"},"inLanguage":"en-GB","potentialAction":[{"@type":"ReadAction","target":["https:\/\/jobandsense.be\/boite-a-outils\/retrouver-du-sens-dans-son-job-actuel\/job-crafting-modeler-son-propre-emploi\/"]}]},{"@type":"ImageObject","inLanguage":"en-GB","@id":"https:\/\/jobandsense.be\/boite-a-outils\/retrouver-du-sens-dans-son-job-actuel\/job-crafting-modeler-son-propre-emploi\/#primaryimage","url":"https:\/\/jobandsense.be\/wp-content\/uploads\/2021\/01\/job-crafting.jpg","contentUrl":"https:\/\/jobandsense.be\/wp-content\/uploads\/2021\/01\/job-crafting.jpg","width":1920,"height":1280,"caption":"Image par Pexels de Pixabay"},{"@type":"BreadcrumbList","@id":"https:\/\/jobandsense.be\/boite-a-outils\/retrouver-du-sens-dans-son-job-actuel\/job-crafting-modeler-son-propre-emploi\/#breadcrumb","itemListElement":[{"@type":"ListItem","position":1,"name":"Accueil","item":"https:\/\/jobandsense.be\/"},{"@type":"ListItem","position":2,"name":"Bo\u00eete \u00e0 outils","item":"https:\/\/jobandsense.be\/boite-a-outils\/"},{"@type":"ListItem","position":3,"name":"Retrouver du sens dans son job actuel","item":"https:\/\/jobandsense.be\/boite-a-outils\/retrouver-du-sens-dans-son-job-actuel\/"},{"@type":"ListItem","position":4,"name":"Job crafting: &#8220;modeler son propre emploi&#8221;"}]},{"@type":"WebSite","@id":"https:\/\/jobandsense.be\/#website","url":"https:\/\/jobandsense.be\/","name":"Job&amp;Sense","description":"La plateforme qui vous donne toutes les informations pour trouver un job qui a du sens","publisher":{"@id":"https:\/\/jobandsense.be\/#organization"},"potentialAction":[{"@type":"SearchAction","target":{"@type":"EntryPoint","urlTemplate":"https:\/\/jobandsense.be\/?s={search_term_string}"},"query-input":{"@type":"PropertyValueSpecification","valueRequired":true,"valueName":"search_term_string"}}],"inLanguage":"en-GB"},{"@type":"Organization","@id":"https:\/\/jobandsense.be\/#organization","name":"Job&Sense","url":"https:\/\/jobandsense.be\/","logo":{"@type":"ImageObject","inLanguage":"en-GB","@id":"https:\/\/jobandsense.be\/#\/schema\/logo\/image\/","url":"","contentUrl":"","caption":"Job&Sense"},"image":{"@id":"https:\/\/jobandsense.be\/#\/schema\/logo\/image\/"},"sameAs":["https:\/\/www.facebook.com\/JobandSense","https:\/\/www.instagram.com\/jobandsense\/","https:\/\/www.linkedin.com\/company\/52173671\/admin\/"]}]}},"jetpack_sharing_enabled":true,"_links":{"self":[{"href":"https:\/\/jobandsense.be\/en\/wp-json\/wp\/v2\/pages\/3184","targetHints":{"allow":["GET"]}}],"collection":[{"href":"https:\/\/jobandsense.be\/en\/wp-json\/wp\/v2\/pages"}],"about":[{"href":"https:\/\/jobandsense.be\/en\/wp-json\/wp\/v2\/types\/page"}],"author":[{"embeddable":true,"href":"https:\/\/jobandsense.be\/en\/wp-json\/wp\/v2\/users\/1"}],"replies":[{"embeddable":true,"href":"https:\/\/jobandsense.be\/en\/wp-json\/wp\/v2\/comments?post=3184"}],"version-history":[{"count":44,"href":"https:\/\/jobandsense.be\/en\/wp-json\/wp\/v2\/pages\/3184\/revisions"}],"predecessor-version":[{"id":12613,"href":"https:\/\/jobandsense.be\/en\/wp-json\/wp\/v2\/pages\/3184\/revisions\/12613"}],"up":[{"embeddable":true,"href":"https:\/\/jobandsense.be\/en\/wp-json\/wp\/v2\/pages\/2753"}],"wp:featuredmedia":[{"embeddable":true,"href":"https:\/\/jobandsense.be\/en\/wp-json\/wp\/v2\/media\/3185"}],"wp:attachment":[{"href":"https:\/\/jobandsense.be\/en\/wp-json\/wp\/v2\/media?parent=3184"}],"curies":[{"name":"wp","href":"https:\/\/api.w.org\/{rel}","templated":true}]}}