{"id":13287,"date":"2025-03-10T14:51:52","date_gmt":"2025-03-10T12:51:52","guid":{"rendered":"https:\/\/jobandsense.be\/?page_id=13287"},"modified":"2025-12-16T13:36:28","modified_gmt":"2025-12-16T11:36:28","slug":"the-slashing","status":"publish","type":"page","link":"https:\/\/jobandsense.be\/en\/toolbox\/be-inspired\/the-slashing\/","title":{"rendered":"The Slashing"},"content":{"rendered":"<div data-elementor-type=\"wp-page\" data-elementor-id=\"13287\" class=\"elementor elementor-13287\" data-elementor-post-type=\"page\">\n\t\t\t\t\t\t<section class=\"elementor-section elementor-top-section elementor-element elementor-element-3de0e132 elementor-section-boxed elementor-section-height-default elementor-section-height-default\" data-id=\"3de0e132\" data-element_type=\"section\" data-e-type=\"section\">\n\t\t\t\t\t\t<div class=\"elementor-container elementor-column-gap-default\">\n\t\t\t\t\t<div class=\"elementor-column elementor-col-100 elementor-top-column elementor-element elementor-element-2f4b2a50\" data-id=\"2f4b2a50\" data-element_type=\"column\" data-e-type=\"column\">\n\t\t\t<div class=\"elementor-widget-wrap elementor-element-populated\">\n\t\t\t\t\t\t<div class=\"elementor-element elementor-element-6bb2c83c elementor-widget elementor-widget-text-editor\" data-id=\"6bb2c83c\" data-element_type=\"widget\" data-e-type=\"widget\" data-widget_type=\"text-editor.default\">\n\t\t\t\t<div class=\"elementor-widget-container\">\n\t\t\t\t\t\t\t\t\t<p data-pm-slice=\"1 1 []\">Struggling to choose between multiple passions? Feeling confined in a single career? What if you could embrace several activities at the same time? Slashing, or the art of pursuing multiple careers simultaneously, is a trend that increasingly appeals to people seeking meaning and flexibility.<\/p><p data-pm-slice=\"1 1 []\">The term \"slasher\" comes from the famous \"\/\" (slash) that separates the different professional activities of the same person. Thus, you can meet marketers\/therapists, teachers\/authors, accountants\/yogis... This model allows you to diversify your income sources, explore your talents, and flourish without having to limit yourself to a single professional identity.<\/p><h2 data-pm-slice=\"1 3 []\">Why become a slasher?<\/h2><p>Here are some reasons that motivate people to adopt this approach:<\/p><ul><li style=\"list-style-type: none;\"><ul data-spread=\"false\"><li><p><strong>A quest for meaning<\/strong> : slashing allows you to combine multiple passions and pursue activities aligned with your values.<\/p><\/li><li><p><strong>Increased financial security<\/strong> : diversifying your income sources reduces the risks associated with job loss.<\/p><\/li><li><p><strong>Personal and professional fulfillment<\/strong> : no more boredom! Each day is an opportunity to learn and explore.\u00a0<\/p><\/li><li><b>Freedom to express the different facets of your personality.<\/b> des diff\u00e9rentes facettes de sa personnalit\u00e9.<\/li><\/ul><\/li><\/ul><ul><li style=\"list-style-type: none;\"><ul data-spread=\"false\"><li><strong>Greater flexibility<\/strong> : by organizing your schedule, you gain autonomy and work-life balance.<\/li><\/ul><\/li><\/ul><div><h2 data-pm-slice=\"1 3 []\">How to become a slasher in Belgium?<\/h2><p>If the slashing adventure appeals to you, here are some steps to get started:<\/p><ol start=\"1\" data-spread=\"false\"><li><p><strong>Identify your skills and passions<\/strong> : What are your strengths? Which fields make you thrive?<\/p><\/li><li><p><strong>Test gently<\/strong> : You don't need to quit everything; start with a complementary part-time activity, for example.<\/p><\/li><li><p><strong>Choose the right legal status<\/strong> Employee, self-employed as a side activity, self-employed... Belgium offers several options to combine activities legally. You can start by using a system like <span style=\"text-decoration: underline;\"><a href=\"https:\/\/smartbe.be\/fr\/\" target=\"_blank\" rel=\"noopener\">SMART<\/a><\/span> to test your activity and invoice without having to change your professional status.\u00a0<\/p><\/li><li><p><strong>Organize your time intelligently<\/strong> : The key tool for slashers is good time management!<\/p><\/li><\/ol><h2 data-pm-slice=\"1 3 []\">The challenges of slashing<span style=\"color: #292929; font-size: 20px;\">\u00a0<\/span><\/h2><div>Time management between different activities, administrative and tax aspects, and the risk of spreading yourself too thin across too many projects at once are the main challenges to overcome.<\/div><div>\u00a0<\/div><div><h2 data-pm-slice=\"1 3 []\">Inspiring reading (in French)<\/h2><p>The book \"Profession Slasheur\" by Murielle Barbe is a toolbox filled with advice and keys to getting started with slashing.\u00a0<\/p><h2 data-pm-slice=\"1 3 []\">Conclusion<\/h2><\/div><div>Choosing slashing means progressively adding new skills and activities without making a 180-degree turn. It's about finding meaning in your work without necessarily having to choose.\u00a0<\/div><div>\u00a0<\/div><div>\u00a0<\/div><\/div>\t\t\t\t\t\t\t\t<\/div>\n\t\t\t\t<\/div>\n\t\t\t\t\t<\/div>\n\t\t<\/div>\n\t\t\t\t\t<\/div>\n\t\t<\/section>\n\t\t\t\t<\/div>","protected":false},"excerpt":{"rendered":"<p>Vous avez du mal \u00e0 choisir entre plusieurs passions ? Vous vous sentez \u00e0 l\u2019\u00e9troit dans un m\u00e9tier unique ? Et si vous pouviez embrasser plusieurs activit\u00e9s en m\u00eame temps ? Le slashing, ou l\u2019art d\u2019exercer plusieurs m\u00e9tiers simultan\u00e9ment, est une tendance qui s\u00e9duit de plus en plus de personnes en qu\u00eate de sens et&#8230;<\/p>","protected":false},"author":1,"featured_media":13292,"parent":2218,"menu_order":6,"comment_status":"closed","ping_status":"closed","template":"","meta":{"_acf_changed":false,"episode_type":"","audio_file":"","cover_image":"","cover_image_id":"","duration":"","filesize":"","filesize_raw":"","date_recorded":"","explicit":"","block":"","footnotes":""},"class_list":["post-13287","page","type-page","status-publish","has-post-thumbnail","hentry","wpbf-post"],"acf":[],"yoast_head":"<!-- This site is optimized with the Yoast SEO plugin v26.8 - https:\/\/yoast.com\/product\/yoast-seo-wordpress\/ -->\n<title>Liste de podcasts inspirants &#8226; Job&amp;Sense<\/title>\n<meta name=\"description\" content=\"La facilit\u00e9 du podcast pour \u00e9couter \u00e0 tout moment de la journ\u00e9e des t\u00e9moignages inspirants, des conseils et des astuces.\" \/>\n<meta name=\"robots\" content=\"index, follow, max-snippet:-1, max-image-preview:large, max-video-preview:-1\" \/>\n<link rel=\"canonical\" href=\"https:\/\/jobandsense.be\/en\/toolbox\/be-inspired\/the-slashing\/\" \/>\n<meta property=\"og:locale\" content=\"en_GB\" \/>\n<meta property=\"og:type\" content=\"article\" \/>\n<meta property=\"og:title\" content=\"Liste de podcasts inspirants\" \/>\n<meta property=\"og:description\" content=\"La facilit\u00e9 du podcast pour \u00e9couter \u00e0 tout moment de la journ\u00e9e des t\u00e9moignages inspirants, des conseils et des astuces.\" \/>\n<meta property=\"og:url\" content=\"https:\/\/jobandsense.be\/en\/toolbox\/be-inspired\/the-slashing\/\" \/>\n<meta property=\"og:site_name\" content=\"Job&amp;Sense\" \/>\n<meta property=\"article:publisher\" content=\"https:\/\/www.facebook.com\/JobandSense\" \/>\n<meta property=\"article:modified_time\" content=\"2025-12-16T11:36:28+00:00\" \/>\n<meta property=\"og:image\" content=\"https:\/\/jobandsense.be\/wp-content\/uploads\/2021\/01\/e\u0301couter-des-podcasts.jpg\" \/>\n\t<meta property=\"og:image:width\" content=\"1280\" \/>\n\t<meta property=\"og:image:height\" content=\"853\" \/>\n\t<meta property=\"og:image:type\" content=\"image\/jpeg\" \/>\n<meta name=\"twitter:card\" content=\"summary_large_image\" \/>\n<meta name=\"twitter:label1\" content=\"Estimated reading time\" \/>\n\t<meta name=\"twitter:data1\" content=\"3 minutes\" \/>\n<script type=\"application\/ld+json\" class=\"yoast-schema-graph\">{\"@context\":\"https:\/\/schema.org\",\"@graph\":[{\"@type\":\"WebPage\",\"@id\":\"https:\/\/jobandsense.be\/boite-a-outils\/sinspirer\/le-slashing\/\",\"url\":\"https:\/\/jobandsense.be\/boite-a-outils\/sinspirer\/le-slashing\/\",\"name\":\"Liste de podcasts inspirants &#8226; Job&Sense\",\"isPartOf\":{\"@id\":\"https:\/\/jobandsense.be\/#website\"},\"primaryImageOfPage\":{\"@id\":\"https:\/\/jobandsense.be\/boite-a-outils\/sinspirer\/le-slashing\/#primaryimage\"},\"image\":{\"@id\":\"https:\/\/jobandsense.be\/boite-a-outils\/sinspirer\/le-slashing\/#primaryimage\"},\"thumbnailUrl\":\"https:\/\/jobandsense.be\/wp-content\/uploads\/2025\/03\/concept-du-slashing-avec-une-personne-jonglant-entre-plusieurs-professions.-Elle-evoque-lenergie-et-la-diversite-des-parcours-professionnels-possibles.jpg\",\"datePublished\":\"2025-03-10T12:51:52+00:00\",\"dateModified\":\"2025-12-16T11:36:28+00:00\",\"description\":\"La facilit\u00e9 du podcast pour \u00e9couter \u00e0 tout moment de la journ\u00e9e des t\u00e9moignages inspirants, des conseils et des astuces.\",\"breadcrumb\":{\"@id\":\"https:\/\/jobandsense.be\/boite-a-outils\/sinspirer\/le-slashing\/#breadcrumb\"},\"inLanguage\":\"en-GB\",\"potentialAction\":[{\"@type\":\"ReadAction\",\"target\":[\"https:\/\/jobandsense.be\/boite-a-outils\/sinspirer\/le-slashing\/\"]}]},{\"@type\":\"ImageObject\",\"inLanguage\":\"en-GB\",\"@id\":\"https:\/\/jobandsense.be\/boite-a-outils\/sinspirer\/le-slashing\/#primaryimage\",\"url\":\"https:\/\/jobandsense.be\/wp-content\/uploads\/2025\/03\/concept-du-slashing-avec-une-personne-jonglant-entre-plusieurs-professions.-Elle-evoque-lenergie-et-la-diversite-des-parcours-professionnels-possibles.jpg\",\"contentUrl\":\"https:\/\/jobandsense.be\/wp-content\/uploads\/2025\/03\/concept-du-slashing-avec-une-personne-jonglant-entre-plusieurs-professions.-Elle-evoque-lenergie-et-la-diversite-des-parcours-professionnels-possibles.jpg\",\"width\":1472,\"height\":832},{\"@type\":\"BreadcrumbList\",\"@id\":\"https:\/\/jobandsense.be\/boite-a-outils\/sinspirer\/le-slashing\/#breadcrumb\",\"itemListElement\":[{\"@type\":\"ListItem\",\"position\":1,\"name\":\"Accueil\",\"item\":\"https:\/\/jobandsense.be\/\"},{\"@type\":\"ListItem\",\"position\":2,\"name\":\"Bo\u00eete \u00e0 outils\",\"item\":\"https:\/\/jobandsense.be\/boite-a-outils\/\"},{\"@type\":\"ListItem\",\"position\":3,\"name\":\"S&rsquo;inspirer\",\"item\":\"https:\/\/jobandsense.be\/boite-a-outils\/sinspirer\/\"},{\"@type\":\"ListItem\",\"position\":4,\"name\":\"le Slashing\"}]},{\"@type\":\"WebSite\",\"@id\":\"https:\/\/jobandsense.be\/#website\",\"url\":\"https:\/\/jobandsense.be\/\",\"name\":\"Job&amp;Sense\",\"description\":\"La plateforme qui vous donne toutes les informations pour trouver un job qui a du sens\",\"publisher\":{\"@id\":\"https:\/\/jobandsense.be\/#organization\"},\"potentialAction\":[{\"@type\":\"SearchAction\",\"target\":{\"@type\":\"EntryPoint\",\"urlTemplate\":\"https:\/\/jobandsense.be\/?s={search_term_string}\"},\"query-input\":{\"@type\":\"PropertyValueSpecification\",\"valueRequired\":true,\"valueName\":\"search_term_string\"}}],\"inLanguage\":\"en-GB\"},{\"@type\":\"Organization\",\"@id\":\"https:\/\/jobandsense.be\/#organization\",\"name\":\"Job&Sense\",\"url\":\"https:\/\/jobandsense.be\/\",\"logo\":{\"@type\":\"ImageObject\",\"inLanguage\":\"en-GB\",\"@id\":\"https:\/\/jobandsense.be\/#\/schema\/logo\/image\/\",\"url\":\"\",\"contentUrl\":\"\",\"caption\":\"Job&Sense\"},\"image\":{\"@id\":\"https:\/\/jobandsense.be\/#\/schema\/logo\/image\/\"},\"sameAs\":[\"https:\/\/www.facebook.com\/JobandSense\",\"https:\/\/www.instagram.com\/jobandsense\/\",\"https:\/\/www.linkedin.com\/company\/52173671\/admin\/\"]}]}<\/script>\n<!-- \/ Yoast SEO plugin. -->","yoast_head_json":{"title":"Liste de podcasts inspirants &#8226; Job&Sense","description":"La facilit\u00e9 du podcast pour \u00e9couter \u00e0 tout moment de la journ\u00e9e des t\u00e9moignages inspirants, des conseils et des astuces.","robots":{"index":"index","follow":"follow","max-snippet":"max-snippet:-1","max-image-preview":"max-image-preview:large","max-video-preview":"max-video-preview:-1"},"canonical":"https:\/\/jobandsense.be\/en\/toolbox\/be-inspired\/the-slashing\/","og_locale":"en_GB","og_type":"article","og_title":"Liste de podcasts inspirants","og_description":"La facilit\u00e9 du podcast pour \u00e9couter \u00e0 tout moment de la journ\u00e9e des t\u00e9moignages inspirants, des conseils et des astuces.","og_url":"https:\/\/jobandsense.be\/en\/toolbox\/be-inspired\/the-slashing\/","og_site_name":"Job&amp;Sense","article_publisher":"https:\/\/www.facebook.com\/JobandSense","article_modified_time":"2025-12-16T11:36:28+00:00","og_image":[{"width":1280,"height":853,"url":"https:\/\/jobandsense.be\/wp-content\/uploads\/2021\/01\/e\u0301couter-des-podcasts.jpg","type":"image\/jpeg"}],"twitter_card":"summary_large_image","twitter_misc":{"Estimated reading time":"3 minutes"},"schema":{"@context":"https:\/\/schema.org","@graph":[{"@type":"WebPage","@id":"https:\/\/jobandsense.be\/boite-a-outils\/sinspirer\/le-slashing\/","url":"https:\/\/jobandsense.be\/boite-a-outils\/sinspirer\/le-slashing\/","name":"Liste de podcasts inspirants &#8226; Job&Sense","isPartOf":{"@id":"https:\/\/jobandsense.be\/#website"},"primaryImageOfPage":{"@id":"https:\/\/jobandsense.be\/boite-a-outils\/sinspirer\/le-slashing\/#primaryimage"},"image":{"@id":"https:\/\/jobandsense.be\/boite-a-outils\/sinspirer\/le-slashing\/#primaryimage"},"thumbnailUrl":"https:\/\/jobandsense.be\/wp-content\/uploads\/2025\/03\/concept-du-slashing-avec-une-personne-jonglant-entre-plusieurs-professions.-Elle-evoque-lenergie-et-la-diversite-des-parcours-professionnels-possibles.jpg","datePublished":"2025-03-10T12:51:52+00:00","dateModified":"2025-12-16T11:36:28+00:00","description":"La facilit\u00e9 du podcast pour \u00e9couter \u00e0 tout moment de la journ\u00e9e des t\u00e9moignages inspirants, des conseils et des astuces.","breadcrumb":{"@id":"https:\/\/jobandsense.be\/boite-a-outils\/sinspirer\/le-slashing\/#breadcrumb"},"inLanguage":"en-GB","potentialAction":[{"@type":"ReadAction","target":["https:\/\/jobandsense.be\/boite-a-outils\/sinspirer\/le-slashing\/"]}]},{"@type":"ImageObject","inLanguage":"en-GB","@id":"https:\/\/jobandsense.be\/boite-a-outils\/sinspirer\/le-slashing\/#primaryimage","url":"https:\/\/jobandsense.be\/wp-content\/uploads\/2025\/03\/concept-du-slashing-avec-une-personne-jonglant-entre-plusieurs-professions.-Elle-evoque-lenergie-et-la-diversite-des-parcours-professionnels-possibles.jpg","contentUrl":"https:\/\/jobandsense.be\/wp-content\/uploads\/2025\/03\/concept-du-slashing-avec-une-personne-jonglant-entre-plusieurs-professions.-Elle-evoque-lenergie-et-la-diversite-des-parcours-professionnels-possibles.jpg","width":1472,"height":832},{"@type":"BreadcrumbList","@id":"https:\/\/jobandsense.be\/boite-a-outils\/sinspirer\/le-slashing\/#breadcrumb","itemListElement":[{"@type":"ListItem","position":1,"name":"Accueil","item":"https:\/\/jobandsense.be\/"},{"@type":"ListItem","position":2,"name":"Bo\u00eete \u00e0 outils","item":"https:\/\/jobandsense.be\/boite-a-outils\/"},{"@type":"ListItem","position":3,"name":"S&rsquo;inspirer","item":"https:\/\/jobandsense.be\/boite-a-outils\/sinspirer\/"},{"@type":"ListItem","position":4,"name":"le Slashing"}]},{"@type":"WebSite","@id":"https:\/\/jobandsense.be\/#website","url":"https:\/\/jobandsense.be\/","name":"Job&amp;Sense","description":"La plateforme qui vous donne toutes les informations pour trouver un job qui a du sens","publisher":{"@id":"https:\/\/jobandsense.be\/#organization"},"potentialAction":[{"@type":"SearchAction","target":{"@type":"EntryPoint","urlTemplate":"https:\/\/jobandsense.be\/?s={search_term_string}"},"query-input":{"@type":"PropertyValueSpecification","valueRequired":true,"valueName":"search_term_string"}}],"inLanguage":"en-GB"},{"@type":"Organization","@id":"https:\/\/jobandsense.be\/#organization","name":"Job&Sense","url":"https:\/\/jobandsense.be\/","logo":{"@type":"ImageObject","inLanguage":"en-GB","@id":"https:\/\/jobandsense.be\/#\/schema\/logo\/image\/","url":"","contentUrl":"","caption":"Job&Sense"},"image":{"@id":"https:\/\/jobandsense.be\/#\/schema\/logo\/image\/"},"sameAs":["https:\/\/www.facebook.com\/JobandSense","https:\/\/www.instagram.com\/jobandsense\/","https:\/\/www.linkedin.com\/company\/52173671\/admin\/"]}]}},"jetpack_sharing_enabled":true,"_links":{"self":[{"href":"https:\/\/jobandsense.be\/en\/wp-json\/wp\/v2\/pages\/13287","targetHints":{"allow":["GET"]}}],"collection":[{"href":"https:\/\/jobandsense.be\/en\/wp-json\/wp\/v2\/pages"}],"about":[{"href":"https:\/\/jobandsense.be\/en\/wp-json\/wp\/v2\/types\/page"}],"author":[{"embeddable":true,"href":"https:\/\/jobandsense.be\/en\/wp-json\/wp\/v2\/users\/1"}],"replies":[{"embeddable":true,"href":"https:\/\/jobandsense.be\/en\/wp-json\/wp\/v2\/comments?post=13287"}],"version-history":[{"count":15,"href":"https:\/\/jobandsense.be\/en\/wp-json\/wp\/v2\/pages\/13287\/revisions"}],"predecessor-version":[{"id":14078,"href":"https:\/\/jobandsense.be\/en\/wp-json\/wp\/v2\/pages\/13287\/revisions\/14078"}],"up":[{"embeddable":true,"href":"https:\/\/jobandsense.be\/en\/wp-json\/wp\/v2\/pages\/2218"}],"wp:featuredmedia":[{"embeddable":true,"href":"https:\/\/jobandsense.be\/en\/wp-json\/wp\/v2\/media\/13292"}],"wp:attachment":[{"href":"https:\/\/jobandsense.be\/en\/wp-json\/wp\/v2\/media?parent=13287"}],"curies":[{"name":"wp","href":"https:\/\/api.w.org\/{rel}","templated":true}]}}