{"id":12941,"date":"2024-09-19T13:30:37","date_gmt":"2024-09-19T11:30:37","guid":{"rendered":"https:\/\/jobandsense.be\/?page_id=12941"},"modified":"2024-09-19T13:40:43","modified_gmt":"2024-09-19T11:40:43","slug":"my-career","status":"publish","type":"page","link":"https:\/\/jobandsense.be\/en\/toolbox\/search-for-a-new-job\/my-career\/","title":{"rendered":"My Career.be - A site that brings together all the information"},"content":{"rendered":"<div data-elementor-type=\"wp-page\" data-elementor-id=\"12941\" class=\"elementor elementor-12941\" data-elementor-post-type=\"page\">\n\t\t\t\t\t\t<section class=\"elementor-section elementor-top-section elementor-element elementor-element-2ff02eda elementor-section-boxed elementor-section-height-default elementor-section-height-default\" data-id=\"2ff02eda\" data-element_type=\"section\" data-e-type=\"section\">\n\t\t\t\t\t\t<div class=\"elementor-container elementor-column-gap-default\">\n\t\t\t\t\t<div class=\"elementor-column elementor-col-100 elementor-top-column elementor-element elementor-element-4e0dd84e\" data-id=\"4e0dd84e\" data-element_type=\"column\" data-e-type=\"column\">\n\t\t\t<div class=\"elementor-widget-wrap elementor-element-populated\">\n\t\t\t\t\t\t<div class=\"elementor-element elementor-element-759e5c4a elementor-widget elementor-widget-text-editor\" data-id=\"759e5c4a\" data-element_type=\"widget\" data-e-type=\"widget\" data-widget_type=\"text-editor.default\">\n\t\t\t\t<div class=\"elementor-widget-container\">\n\t\t\t\t\t\t\t\t\t<p><\/p>\n<p data-sourcepos=\"5:1-5:125\"><a href=\"https:\/\/www.mycareer.be\/fr\/\" target=\"_blank\" rel=\"noopener\"><strong>My career.be<\/strong><\/a> is a free platform that offers you a clear and personalized overview of your career in Belgium.<\/p>\n<p data-sourcepos=\"5:1-5:125\">You can find on this platform:<\/p>\n<ul>\n<li data-sourcepos=\"5:1-5:125\">A visualization of your professional history in chronological order, from your first job to today.<\/li>\n<li data-sourcepos=\"5:1-5:125\">Access to key information about your rights to unemployment benefits, parental leave, and time credit.\u00a0<\/li>\n<li data-sourcepos=\"5:1-5:125\">A place to check your eligibility for flexi-jobs and student jobs<\/li>\n<\/ul>\n<p>The <strong>flexi jobs<\/strong> are a form of supplementary employment that allows a person already employed full-time or 4\/5th time to take on additional work under advantageous tax conditions. You can find more details about this <span style=\"text-decoration: underline;\"><a href=\"https:\/\/emploi.belgique.be\/fr\/themes\/contrats-de-travail\/contrats-de-travail-particuliers\/contrat-de-travail-flexi-job\" target=\"_blank\" rel=\"noopener\">here.\u00a0<\/a><\/span><\/p>\n<p>What is also good to know is that a <strong>student job<\/strong> can be performed by any person whose main occupation is studying. Therefore, one can perform a student job at any age.<\/p>\n<p><\/p>\t\t\t\t\t\t\t\t<\/div>\n\t\t\t\t<\/div>\n\t\t\t\t\t<\/div>\n\t\t<\/div>\n\t\t\t\t\t<\/div>\n\t\t<\/section>\n\t\t\t\t<\/div>","protected":false},"excerpt":{"rendered":"<p>My career.be est une plateforme gratuite qui vous offre une vue d&rsquo;ensemble claire et personnalis\u00e9e de votre carri\u00e8re en Belgique. Vous pourrez retrouver sur cette plateforme : Une visualisation de votre\u00a0historique professionnel de mani\u00e8re chronologique, du premier emploi \u00e0 aujourd&rsquo;hui. Un acc\u00e8s \u00e0 des informations cl\u00e9s sur votre droit au ch\u00f4mage, cong\u00e9-parental, cr\u00e9dit-temps.\u00a0 Un endroit&#8230;<\/p>","protected":false},"author":1,"featured_media":12758,"parent":2768,"menu_order":6,"comment_status":"closed","ping_status":"closed","template":"","meta":{"_acf_changed":false,"episode_type":"","audio_file":"","cover_image":"","cover_image_id":"","duration":"","filesize":"","filesize_raw":"","date_recorded":"","explicit":"","block":"","footnotes":""},"class_list":["post-12941","page","type-page","status-publish","has-post-thumbnail","hentry","wpbf-post"],"acf":[],"yoast_head":"<!-- This site is optimized with the Yoast SEO plugin v26.8 - https:\/\/yoast.com\/product\/yoast-seo-wordpress\/ -->\n<title>My Career.be - Un site qui reprend toutes les informations Job&amp;Sense<\/title>\n<meta name=\"description\" content=\"Une plateforme gratuite vous offre une vue d&#039;ensemble claire et personnalis\u00e9e de votre carri\u00e8re en Belgique.\" \/>\n<meta name=\"robots\" content=\"index, follow, max-snippet:-1, max-image-preview:large, max-video-preview:-1\" \/>\n<link rel=\"canonical\" href=\"https:\/\/jobandsense.be\/en\/toolbox\/search-for-a-new-job\/my-career\/\" \/>\n<meta property=\"og:locale\" content=\"en_GB\" \/>\n<meta property=\"og:type\" content=\"article\" \/>\n<meta property=\"og:title\" content=\"My career.be un site qui reprend toutes les informations sur votre carri\u00e8re\" \/>\n<meta property=\"og:description\" content=\"Une plateforme gratuite vous offre une vue d&#039;ensemble claire et personnalis\u00e9e de votre carri\u00e8re en Belgique.\" \/>\n<meta property=\"og:url\" content=\"https:\/\/jobandsense.be\/en\/toolbox\/search-for-a-new-job\/my-career\/\" \/>\n<meta property=\"og:site_name\" content=\"Job&amp;Sense\" \/>\n<meta property=\"article:publisher\" content=\"https:\/\/www.facebook.com\/JobandSense\" \/>\n<meta property=\"article:modified_time\" content=\"2024-09-19T11:40:43+00:00\" \/>\n<meta property=\"og:image\" content=\"https:\/\/jobandsense.be\/wp-content\/uploads\/2023\/10\/rocket-3122690_1280.png\" \/>\n\t<meta property=\"og:image:width\" content=\"1280\" \/>\n\t<meta property=\"og:image:height\" content=\"846\" \/>\n\t<meta property=\"og:image:type\" content=\"image\/png\" \/>\n<meta name=\"twitter:card\" content=\"summary_large_image\" \/>\n<meta name=\"twitter:label1\" content=\"Estimated reading time\" \/>\n\t<meta name=\"twitter:data1\" content=\"1 minute\" \/>\n<script type=\"application\/ld+json\" class=\"yoast-schema-graph\">{\"@context\":\"https:\/\/schema.org\",\"@graph\":[{\"@type\":\"WebPage\",\"@id\":\"https:\/\/jobandsense.be\/boite-a-outils\/rechercher-un-nouvel-emploi\/my-career\/\",\"url\":\"https:\/\/jobandsense.be\/boite-a-outils\/rechercher-un-nouvel-emploi\/my-career\/\",\"name\":\"My Career.be - Un site qui reprend toutes les informations Job&Sense\",\"isPartOf\":{\"@id\":\"https:\/\/jobandsense.be\/#website\"},\"primaryImageOfPage\":{\"@id\":\"https:\/\/jobandsense.be\/boite-a-outils\/rechercher-un-nouvel-emploi\/my-career\/#primaryimage\"},\"image\":{\"@id\":\"https:\/\/jobandsense.be\/boite-a-outils\/rechercher-un-nouvel-emploi\/my-career\/#primaryimage\"},\"thumbnailUrl\":\"https:\/\/jobandsense.be\/wp-content\/uploads\/2023\/10\/rocket-3122690_1280.png\",\"datePublished\":\"2024-09-19T11:30:37+00:00\",\"dateModified\":\"2024-09-19T11:40:43+00:00\",\"description\":\"Une plateforme gratuite vous offre une vue d'ensemble claire et personnalis\u00e9e de votre carri\u00e8re en Belgique.\",\"breadcrumb\":{\"@id\":\"https:\/\/jobandsense.be\/boite-a-outils\/rechercher-un-nouvel-emploi\/my-career\/#breadcrumb\"},\"inLanguage\":\"en-GB\",\"potentialAction\":[{\"@type\":\"ReadAction\",\"target\":[\"https:\/\/jobandsense.be\/boite-a-outils\/rechercher-un-nouvel-emploi\/my-career\/\"]}]},{\"@type\":\"ImageObject\",\"inLanguage\":\"en-GB\",\"@id\":\"https:\/\/jobandsense.be\/boite-a-outils\/rechercher-un-nouvel-emploi\/my-career\/#primaryimage\",\"url\":\"https:\/\/jobandsense.be\/wp-content\/uploads\/2023\/10\/rocket-3122690_1280.png\",\"contentUrl\":\"https:\/\/jobandsense.be\/wp-content\/uploads\/2023\/10\/rocket-3122690_1280.png\",\"width\":1280,\"height\":846},{\"@type\":\"BreadcrumbList\",\"@id\":\"https:\/\/jobandsense.be\/boite-a-outils\/rechercher-un-nouvel-emploi\/my-career\/#breadcrumb\",\"itemListElement\":[{\"@type\":\"ListItem\",\"position\":1,\"name\":\"Accueil\",\"item\":\"https:\/\/jobandsense.be\/\"},{\"@type\":\"ListItem\",\"position\":2,\"name\":\"Bo\u00eete \u00e0 outils\",\"item\":\"https:\/\/jobandsense.be\/boite-a-outils\/\"},{\"@type\":\"ListItem\",\"position\":3,\"name\":\"Rechercher un nouvel emploi\",\"item\":\"https:\/\/jobandsense.be\/boite-a-outils\/rechercher-un-nouvel-emploi\/\"},{\"@type\":\"ListItem\",\"position\":4,\"name\":\"My Career.be &#8211; Un site qui reprend toutes les informations\"}]},{\"@type\":\"WebSite\",\"@id\":\"https:\/\/jobandsense.be\/#website\",\"url\":\"https:\/\/jobandsense.be\/\",\"name\":\"Job&amp;Sense\",\"description\":\"La plateforme qui vous donne toutes les informations pour trouver un job qui a du sens\",\"publisher\":{\"@id\":\"https:\/\/jobandsense.be\/#organization\"},\"potentialAction\":[{\"@type\":\"SearchAction\",\"target\":{\"@type\":\"EntryPoint\",\"urlTemplate\":\"https:\/\/jobandsense.be\/?s={search_term_string}\"},\"query-input\":{\"@type\":\"PropertyValueSpecification\",\"valueRequired\":true,\"valueName\":\"search_term_string\"}}],\"inLanguage\":\"en-GB\"},{\"@type\":\"Organization\",\"@id\":\"https:\/\/jobandsense.be\/#organization\",\"name\":\"Job&Sense\",\"url\":\"https:\/\/jobandsense.be\/\",\"logo\":{\"@type\":\"ImageObject\",\"inLanguage\":\"en-GB\",\"@id\":\"https:\/\/jobandsense.be\/#\/schema\/logo\/image\/\",\"url\":\"\",\"contentUrl\":\"\",\"caption\":\"Job&Sense\"},\"image\":{\"@id\":\"https:\/\/jobandsense.be\/#\/schema\/logo\/image\/\"},\"sameAs\":[\"https:\/\/www.facebook.com\/JobandSense\",\"https:\/\/www.instagram.com\/jobandsense\/\",\"https:\/\/www.linkedin.com\/company\/52173671\/admin\/\"]}]}<\/script>\n<!-- \/ Yoast SEO plugin. -->","yoast_head_json":{"title":"My Career.be - Un site qui reprend toutes les informations Job&Sense","description":"Une plateforme gratuite vous offre une vue d'ensemble claire et personnalis\u00e9e de votre carri\u00e8re en Belgique.","robots":{"index":"index","follow":"follow","max-snippet":"max-snippet:-1","max-image-preview":"max-image-preview:large","max-video-preview":"max-video-preview:-1"},"canonical":"https:\/\/jobandsense.be\/en\/toolbox\/search-for-a-new-job\/my-career\/","og_locale":"en_GB","og_type":"article","og_title":"My career.be un site qui reprend toutes les informations sur votre carri\u00e8re","og_description":"Une plateforme gratuite vous offre une vue d'ensemble claire et personnalis\u00e9e de votre carri\u00e8re en Belgique.","og_url":"https:\/\/jobandsense.be\/en\/toolbox\/search-for-a-new-job\/my-career\/","og_site_name":"Job&amp;Sense","article_publisher":"https:\/\/www.facebook.com\/JobandSense","article_modified_time":"2024-09-19T11:40:43+00:00","og_image":[{"width":1280,"height":846,"url":"https:\/\/jobandsense.be\/wp-content\/uploads\/2023\/10\/rocket-3122690_1280.png","type":"image\/png"}],"twitter_card":"summary_large_image","twitter_misc":{"Estimated reading time":"1 minute"},"schema":{"@context":"https:\/\/schema.org","@graph":[{"@type":"WebPage","@id":"https:\/\/jobandsense.be\/boite-a-outils\/rechercher-un-nouvel-emploi\/my-career\/","url":"https:\/\/jobandsense.be\/boite-a-outils\/rechercher-un-nouvel-emploi\/my-career\/","name":"My Career.be - Un site qui reprend toutes les informations Job&Sense","isPartOf":{"@id":"https:\/\/jobandsense.be\/#website"},"primaryImageOfPage":{"@id":"https:\/\/jobandsense.be\/boite-a-outils\/rechercher-un-nouvel-emploi\/my-career\/#primaryimage"},"image":{"@id":"https:\/\/jobandsense.be\/boite-a-outils\/rechercher-un-nouvel-emploi\/my-career\/#primaryimage"},"thumbnailUrl":"https:\/\/jobandsense.be\/wp-content\/uploads\/2023\/10\/rocket-3122690_1280.png","datePublished":"2024-09-19T11:30:37+00:00","dateModified":"2024-09-19T11:40:43+00:00","description":"Une plateforme gratuite vous offre une vue d'ensemble claire et personnalis\u00e9e de votre carri\u00e8re en Belgique.","breadcrumb":{"@id":"https:\/\/jobandsense.be\/boite-a-outils\/rechercher-un-nouvel-emploi\/my-career\/#breadcrumb"},"inLanguage":"en-GB","potentialAction":[{"@type":"ReadAction","target":["https:\/\/jobandsense.be\/boite-a-outils\/rechercher-un-nouvel-emploi\/my-career\/"]}]},{"@type":"ImageObject","inLanguage":"en-GB","@id":"https:\/\/jobandsense.be\/boite-a-outils\/rechercher-un-nouvel-emploi\/my-career\/#primaryimage","url":"https:\/\/jobandsense.be\/wp-content\/uploads\/2023\/10\/rocket-3122690_1280.png","contentUrl":"https:\/\/jobandsense.be\/wp-content\/uploads\/2023\/10\/rocket-3122690_1280.png","width":1280,"height":846},{"@type":"BreadcrumbList","@id":"https:\/\/jobandsense.be\/boite-a-outils\/rechercher-un-nouvel-emploi\/my-career\/#breadcrumb","itemListElement":[{"@type":"ListItem","position":1,"name":"Accueil","item":"https:\/\/jobandsense.be\/"},{"@type":"ListItem","position":2,"name":"Bo\u00eete \u00e0 outils","item":"https:\/\/jobandsense.be\/boite-a-outils\/"},{"@type":"ListItem","position":3,"name":"Rechercher un nouvel emploi","item":"https:\/\/jobandsense.be\/boite-a-outils\/rechercher-un-nouvel-emploi\/"},{"@type":"ListItem","position":4,"name":"My Career.be &#8211; Un site qui reprend toutes les informations"}]},{"@type":"WebSite","@id":"https:\/\/jobandsense.be\/#website","url":"https:\/\/jobandsense.be\/","name":"Job&amp;Sense","description":"La plateforme qui vous donne toutes les informations pour trouver un job qui a du sens","publisher":{"@id":"https:\/\/jobandsense.be\/#organization"},"potentialAction":[{"@type":"SearchAction","target":{"@type":"EntryPoint","urlTemplate":"https:\/\/jobandsense.be\/?s={search_term_string}"},"query-input":{"@type":"PropertyValueSpecification","valueRequired":true,"valueName":"search_term_string"}}],"inLanguage":"en-GB"},{"@type":"Organization","@id":"https:\/\/jobandsense.be\/#organization","name":"Job&Sense","url":"https:\/\/jobandsense.be\/","logo":{"@type":"ImageObject","inLanguage":"en-GB","@id":"https:\/\/jobandsense.be\/#\/schema\/logo\/image\/","url":"","contentUrl":"","caption":"Job&Sense"},"image":{"@id":"https:\/\/jobandsense.be\/#\/schema\/logo\/image\/"},"sameAs":["https:\/\/www.facebook.com\/JobandSense","https:\/\/www.instagram.com\/jobandsense\/","https:\/\/www.linkedin.com\/company\/52173671\/admin\/"]}]}},"jetpack_sharing_enabled":true,"_links":{"self":[{"href":"https:\/\/jobandsense.be\/en\/wp-json\/wp\/v2\/pages\/12941","targetHints":{"allow":["GET"]}}],"collection":[{"href":"https:\/\/jobandsense.be\/en\/wp-json\/wp\/v2\/pages"}],"about":[{"href":"https:\/\/jobandsense.be\/en\/wp-json\/wp\/v2\/types\/page"}],"author":[{"embeddable":true,"href":"https:\/\/jobandsense.be\/en\/wp-json\/wp\/v2\/users\/1"}],"replies":[{"embeddable":true,"href":"https:\/\/jobandsense.be\/en\/wp-json\/wp\/v2\/comments?post=12941"}],"version-history":[{"count":4,"href":"https:\/\/jobandsense.be\/en\/wp-json\/wp\/v2\/pages\/12941\/revisions"}],"predecessor-version":[{"id":12951,"href":"https:\/\/jobandsense.be\/en\/wp-json\/wp\/v2\/pages\/12941\/revisions\/12951"}],"up":[{"embeddable":true,"href":"https:\/\/jobandsense.be\/en\/wp-json\/wp\/v2\/pages\/2768"}],"wp:featuredmedia":[{"embeddable":true,"href":"https:\/\/jobandsense.be\/en\/wp-json\/wp\/v2\/media\/12758"}],"wp:attachment":[{"href":"https:\/\/jobandsense.be\/en\/wp-json\/wp\/v2\/media?parent=12941"}],"curies":[{"name":"wp","href":"https:\/\/api.w.org\/{rel}","templated":true}]}}